{"id":24819,"date":"2026-02-26T07:51:21","date_gmt":"2026-02-26T05:51:21","guid":{"rendered":"https:\/\/mekulo.com\/no\/produkt\/klebrig-gnagerfelle\/"},"modified":"2026-03-24T15:16:15","modified_gmt":"2026-03-24T13:16:15","slug":"klebrig-gnagerfelle","status":"publish","type":"product","link":"https:\/\/mekulo.com\/no\/produkt\/klebrig-gnagerfelle\/","title":{"rendered":"Klebrig gnagerfelle"},"content":{"rendered":"<h2 style=\"text-align: center;\" data-start=\"259\" data-end=\"275\">\u2728 L\u00f8ftet<\/h2>\n<p style=\"text-align: center;\" data-start=\"277\" data-end=\"328\">Plasser fellen.<br data-start=\"292\" data-end=\"295\" \/>La den virke.<br data-start=\"307\" data-end=\"310\" \/>Kasser den enkelt.<\/p>\n<p data-start=\"277\" data-end=\"328\"><img fetchpriority=\"high\" decoding=\"async\" class=\" wp-image-26211 aligncenter\" src=\"https:\/\/mekulo.com\/template\/wp-content\/uploads\/sites\/6\/2026\/02\/122127-ezgif.com-video-to-webp-converter.webp\" alt=\"\" width=\"551\" height=\"551\" \/><\/p>\n<h2 style=\"text-align: center;\" data-start=\"335\" data-end=\"353\">\u2705 Hovedfordeler<\/h2>\n<p data-start=\"357\" data-end=\"431\">\ud83d\uded1 Sterkt klebende grep &#8211; Bidrar til \u00e5 forhindre at fellen r\u00f8mmer n\u00e5r den f\u00f8rst har f\u00e5tt kontakt.<\/p>\n<p data-start=\"435\" data-end=\"496\">\ud83d\udccf Stort dekningsomr\u00e5de &#8211; Maksimerer fangsteffektiviteten.<\/p>\n<p data-start=\"500\" data-end=\"579\">\ud83d\udd04 Fleksibel, sammenleggbar design &#8211; Tilpasses enkelt til hj\u00f8rner og trange rom.<\/p>\n<p data-start=\"583\" data-end=\"647\">\ud83e\uddfc Ber\u00f8ringsfri avhending &#8211; Kast fellen og innholdet sammen.<\/p>\n<p data-start=\"651\" data-end=\"722\">\ud83c\udf3f Luktfri og kjemikaliefri &#8211; Ingen giftige forbindelser eller sterke lukter.<\/p>\n<p data-start=\"726\" data-end=\"811\">\ud83c\udfe0 Trygt for hjemmemilj\u00f8er &#8211; Egnet for husholdninger med barn og kj\u00e6ledyr.<\/p>\n<p data-start=\"815\" data-end=\"880\">\u26a1 Enkel \u00e5 ta i bruk &#8211; Ingen oppsett- eller lastemekanismer.<\/p>\n<p data-start=\"815\" data-end=\"880\"><img decoding=\"async\" class=\" wp-image-26212 aligncenter\" src=\"https:\/\/mekulo.com\/template\/wp-content\/uploads\/sites\/6\/2026\/02\/122126-ezgif.com-video-to-webp-converter.webp\" alt=\"\" width=\"550\" height=\"550\" \/><\/p>\n<h2 style=\"text-align: center;\" data-start=\"887\" data-end=\"910\">\u2757 Problem \u2192 L\u00f8sning<\/h2>\n<p data-start=\"912\" data-end=\"1017\"><strong data-start=\"912\" data-end=\"924\">Problem:<\/strong><br data-start=\"924\" data-end=\"927\" \/>Tradisjonelle feller kan v\u00e6re rotete, skremmende \u00e5 h\u00e5ndtere eller ineffektive for forsiktige skadedyr.<\/p>\n<p data-start=\"1019\" data-end=\"1127\"><strong data-start=\"1019\" data-end=\"1032\">L\u00f8sning:<\/strong><br data-start=\"1032\" data-end=\"1035\" \/>Denne klebrige gnagerfellen er et lydl\u00f8st, lite vedlikeholdskrevende alternativ for ren skadedyrbekjempelse.<\/p>\n<h2 style=\"text-align: center;\" data-start=\"1134\" data-end=\"1151\">\ud83c\udf3f Perfekt for<\/h2>\n<ul data-start=\"1153\" data-end=\"1309\">\n<li data-start=\"1153\" data-end=\"1176\">\n<p data-start=\"1155\" data-end=\"1176\">Kj\u00f8kken og spiskammers<\/p>\n<\/li>\n<li data-start=\"1177\" data-end=\"1205\">\n<p data-start=\"1179\" data-end=\"1205\">Soverom og oppholdsrom<\/p>\n<\/li>\n<li data-start=\"1206\" data-end=\"1233\">\n<p data-start=\"1208\" data-end=\"1233\">Kontorer og boder<\/p>\n<\/li>\n<li data-start=\"1234\" data-end=\"1255\">\n<p data-start=\"1236\" data-end=\"1255\">Hager og garasjer<\/p>\n<\/li>\n<li data-start=\"1256\" data-end=\"1284\">\n<p data-start=\"1258\" data-end=\"1284\">Restauranter og arbeidsomr\u00e5der<\/p>\n<\/li>\n<li data-start=\"1285\" data-end=\"1309\">\n<p data-start=\"1287\" data-end=\"1309\">Innend\u00f8rs og utend\u00f8rs bruk<\/p>\n<\/li>\n<\/ul>\n<p data-start=\"1311\" data-end=\"1363\">Ideal der det ikke er \u00f8nskelig med smekkfeller eller kjemikalier.<\/p>\n<h2 style=\"text-align: center;\" data-start=\"1370\" data-end=\"1386\">\u2699\ufe0f Slik bruker du den<\/h2>\n<ol data-start=\"1388\" data-end=\"1526\">\n<li data-start=\"1388\" data-end=\"1417\">\n<p data-start=\"1391\" data-end=\"1417\">Plasser agnet i midten.<\/p>\n<\/li>\n<li data-start=\"1418\" data-end=\"1464\">\n<p data-start=\"1421\" data-end=\"1464\">Plasser fellen langs vegger eller gangveier.<\/p>\n<\/li>\n<li data-start=\"1465\" data-end=\"1488\">\n<p data-start=\"1468\" data-end=\"1488\">La fellen virke.<\/p>\n<\/li>\n<li data-start=\"1489\" data-end=\"1526\">\n<p data-start=\"1492\" data-end=\"1526\">Kast den p\u00e5 en hygienisk m\u00e5te n\u00e5r det er n\u00f8dvendig.<\/p>\n<\/li>\n<\/ol>\n<h2 style=\"text-align: center;\" data-start=\"1556\" data-end=\"1577\">\ud83d\udcd0 Produktdetaljer<\/h2>\n<ul data-start=\"1579\" data-end=\"1812\">\n<li data-start=\"1609\" data-end=\"1650\">\n<p data-start=\"1611\" data-end=\"1650\">Materiale: Tykkere slitesterk plate<\/p>\n<\/li>\n<li data-start=\"1651\" data-end=\"1688\">\n<p data-start=\"1653\" data-end=\"1688\">Lim: Lim med h\u00f8y viskositet<\/p>\n<\/li>\n<li data-start=\"1689\" data-end=\"1709\">\n<p data-start=\"1691\" data-end=\"1709\">Farge: Svart<\/p>\n<\/li>\n<li data-start=\"1710\" data-end=\"1764\">\n<p data-start=\"1712\" data-end=\"1764\">Dimensjoner: 60 x 27,5 cm, 120 x 27,5 cm<\/p>\n<\/li>\n<li data-start=\"1765\" data-end=\"1812\">\n<p data-start=\"1767\" data-end=\"1812\">Design: Sammenleggbar \/ Justerbar plassering<\/p>\n<\/li>\n<\/ul>\n<h2 style=\"text-align: center;\" data-start=\"1858\" data-end=\"1880\">\ud83d\udce6 Pakken inneholder<\/h2>\n<ul data-start=\"1882\" data-end=\"1906\">\n<li data-start=\"1882\" data-end=\"1906\">\n<p data-start=\"1884\" data-end=\"1906\">1, 3x klebrig gnagerfeller.<\/p>\n<\/li>\n<\/ul>\n","protected":false},"excerpt":{"rendered":"<p>\ud83e\uddfcKraftig grep. Ren, enkel kontroll.<br \/>\n\ud83e\udeb3En diskret l\u00f8sning for u\u00f8nskede bes\u00f8kende.<br \/>\n\ud83d\udc2dDenne klebrige gnagerfellen er designet for \u00e5 hjelpe deg med \u00e5 h\u00e5ndtere skadedyr raskt og hygienisk \u2014 uten kompliserte mekanismer eller rotete opprydding.<\/p>\n","protected":false},"featured_media":24815,"comment_status":"open","ping_status":"closed","template":"","meta":{"site-sidebar-layout":"default","site-content-layout":"","ast-site-content-layout":"default","site-content-style":"default","site-sidebar-style":"default","ast-global-header-display":"","ast-banner-title-visibility":"","ast-main-header-display":"","ast-hfb-above-header-display":"","ast-hfb-below-header-display":"","ast-hfb-mobile-header-display":"","site-post-title":"","ast-breadcrumbs-content":"","ast-featured-img":"","footer-sml-layout":"","theme-transparent-header-meta":"default","adv-header-id-meta":"","stick-header-meta":"","header-above-stick-meta":"","header-main-stick-meta":"","header-below-stick-meta":"","astra-migrate-meta-layouts":"set","ast-page-background-enabled":"default","ast-page-background-meta":{"desktop":{"background-color":"var(--ast-global-color-5)","background-image":"","background-repeat":"repeat","background-position":"center center","background-size":"auto","background-attachment":"scroll","background-type":"","background-media":"","overlay-type":"","overlay-color":"","overlay-opacity":"","overlay-gradient":""},"tablet":{"background-color":"","background-image":"","background-repeat":"repeat","background-position":"center center","background-size":"auto","background-attachment":"scroll","background-type":"","background-media":"","overlay-type":"","overlay-color":"","overlay-opacity":"","overlay-gradient":""},"mobile":{"background-color":"","background-image":"","background-repeat":"repeat","background-position":"center center","background-size":"auto","background-attachment":"scroll","background-type":"","background-media":"","overlay-type":"","overlay-color":"","overlay-opacity":"","overlay-gradient":""}},"ast-content-background-meta":{"desktop":{"background-color":"var(--ast-global-color-4)","background-image":"","background-repeat":"repeat","background-position":"center center","background-size":"auto","background-attachment":"scroll","background-type":"","background-media":"","overlay-type":"","overlay-color":"","overlay-opacity":"","overlay-gradient":""},"tablet":{"background-color":"var(--ast-global-color-4)","background-image":"","background-repeat":"repeat","background-position":"center center","background-size":"auto","background-attachment":"scroll","background-type":"","background-media":"","overlay-type":"","overlay-color":"","overlay-opacity":"","overlay-gradient":""},"mobile":{"background-color":"var(--ast-global-color-4)","background-image":"","background-repeat":"repeat","background-position":"center center","background-size":"auto","background-attachment":"scroll","background-type":"","background-media":"","overlay-type":"","overlay-color":"","overlay-opacity":"","overlay-gradient":""}}},"product_brand":[],"product_cat":[168],"product_tag":[],"class_list":{"0":"post-24819","1":"product","2":"type-product","3":"status-publish","4":"has-post-thumbnail","6":"product_cat-husholdningsartikler","7":"pa_62406_6g476kbv-1-stk","8":"pa_62406_6g476kbv-3-stk","9":"pa_62406_ufwqsm6b-120-x-275-cm","10":"pa_62406_ufwqsm6b-60-x-275-cm","11":"desktop-align-left","12":"tablet-align-left","13":"mobile-align-left","15":"first","16":"instock","17":"shipping-taxable","18":"purchasable","19":"product-type-variable","20":"has-default-attributes"},"yoast_head":"<!-- This site is optimized with the Yoast SEO plugin v26.6 - https:\/\/yoast.com\/wordpress\/plugins\/seo\/ -->\n<title>Klebrig gnagerfelle - Mekulo NO<\/title>\n<meta name=\"robots\" content=\"index, follow, max-snippet:-1, max-image-preview:large, max-video-preview:-1\" \/>\n<link rel=\"canonical\" href=\"https:\/\/mekulo.com\/no\/produkt\/klebrig-gnagerfelle\/\" \/>\n<meta property=\"og:locale\" content=\"nb_NO\" \/>\n<meta property=\"og:type\" content=\"article\" \/>\n<meta property=\"og:title\" content=\"Klebrig gnagerfelle - Mekulo NO\" \/>\n<meta property=\"og:description\" content=\"\ud83e\uddfcKraftig grep. Ren, enkel kontroll. \ud83e\udeb3En diskret l\u00f8sning for u\u00f8nskede bes\u00f8kende. \ud83d\udc2dDenne klebrige gnagerfellen er designet for \u00e5 hjelpe deg med \u00e5 h\u00e5ndtere skadedyr raskt og hygienisk \u2014 uten kompliserte mekanismer eller rotete opprydding.\" \/>\n<meta property=\"og:url\" content=\"https:\/\/mekulo.com\/no\/produkt\/klebrig-gnagerfelle\/\" \/>\n<meta property=\"og:site_name\" content=\"Mekulo NO\" \/>\n<meta property=\"article:modified_time\" content=\"2026-03-24T13:16:15+00:00\" \/>\n<meta property=\"og:image\" content=\"https:\/\/mekulo.com\/no\/wp-content\/uploads\/sites\/10\/2026\/02\/1vnh1zk-1.webp\" \/>\n\t<meta property=\"og:image:width\" content=\"600\" \/>\n\t<meta property=\"og:image:height\" content=\"600\" \/>\n\t<meta property=\"og:image:type\" content=\"image\/webp\" \/>\n<meta name=\"twitter:card\" content=\"summary_large_image\" \/>\n<meta name=\"twitter:label1\" content=\"Ansl. lesetid\" \/>\n\t<meta name=\"twitter:data1\" content=\"2 minutter\" \/>\n<script type=\"application\/ld+json\" class=\"yoast-schema-graph\">{\"@context\":\"https:\/\/schema.org\",\"@graph\":[{\"@type\":\"WebPage\",\"@id\":\"https:\/\/mekulo.com\/no\/produkt\/klebrig-gnagerfelle\/\",\"url\":\"https:\/\/mekulo.com\/no\/produkt\/klebrig-gnagerfelle\/\",\"name\":\"Klebrig gnagerfelle - Mekulo NO\",\"isPartOf\":{\"@id\":\"https:\/\/mekulo.com\/no\/#website\"},\"primaryImageOfPage\":{\"@id\":\"https:\/\/mekulo.com\/no\/produkt\/klebrig-gnagerfelle\/#primaryimage\"},\"image\":{\"@id\":\"https:\/\/mekulo.com\/no\/produkt\/klebrig-gnagerfelle\/#primaryimage\"},\"thumbnailUrl\":\"https:\/\/mekulo.com\/no\/wp-content\/uploads\/sites\/10\/2026\/02\/1vnh1zk-1.webp\",\"datePublished\":\"2026-02-26T05:51:21+00:00\",\"dateModified\":\"2026-03-24T13:16:15+00:00\",\"breadcrumb\":{\"@id\":\"https:\/\/mekulo.com\/no\/produkt\/klebrig-gnagerfelle\/#breadcrumb\"},\"inLanguage\":\"nb-NO\",\"potentialAction\":[{\"@type\":\"ReadAction\",\"target\":[\"https:\/\/mekulo.com\/no\/produkt\/klebrig-gnagerfelle\/\"]}]},{\"@type\":\"ImageObject\",\"inLanguage\":\"nb-NO\",\"@id\":\"https:\/\/mekulo.com\/no\/produkt\/klebrig-gnagerfelle\/#primaryimage\",\"url\":\"https:\/\/mekulo.com\/no\/wp-content\/uploads\/sites\/10\/2026\/02\/1vnh1zk-1.webp\",\"contentUrl\":\"https:\/\/mekulo.com\/no\/wp-content\/uploads\/sites\/10\/2026\/02\/1vnh1zk-1.webp\",\"width\":600,\"height\":600},{\"@type\":\"BreadcrumbList\",\"@id\":\"https:\/\/mekulo.com\/no\/produkt\/klebrig-gnagerfelle\/#breadcrumb\",\"itemListElement\":[{\"@type\":\"ListItem\",\"position\":1,\"name\":\"Home\",\"item\":\"https:\/\/mekulo.com\/no\/\"},{\"@type\":\"ListItem\",\"position\":2,\"name\":\"Butikk\",\"item\":\"https:\/\/mekulo.com\/no\/butikk\/\"},{\"@type\":\"ListItem\",\"position\":3,\"name\":\"Klebrig gnagerfelle\"}]},{\"@type\":\"WebSite\",\"@id\":\"https:\/\/mekulo.com\/no\/#website\",\"url\":\"https:\/\/mekulo.com\/no\/\",\"name\":\"Mekulo NO\",\"description\":\"\",\"publisher\":{\"@id\":\"https:\/\/mekulo.com\/no\/#organization\"},\"potentialAction\":[{\"@type\":\"SearchAction\",\"target\":{\"@type\":\"EntryPoint\",\"urlTemplate\":\"https:\/\/mekulo.com\/no\/?s={search_term_string}\"},\"query-input\":{\"@type\":\"PropertyValueSpecification\",\"valueRequired\":true,\"valueName\":\"search_term_string\"}}],\"inLanguage\":\"nb-NO\"},{\"@type\":\"Organization\",\"@id\":\"https:\/\/mekulo.com\/no\/#organization\",\"name\":\"Mekulo\",\"url\":\"https:\/\/mekulo.com\/no\/\",\"logo\":{\"@type\":\"ImageObject\",\"inLanguage\":\"nb-NO\",\"@id\":\"https:\/\/mekulo.com\/no\/#\/schema\/logo\/image\/\",\"url\":\"https:\/\/mekulo.com\/no\/wp-content\/uploads\/sites\/10\/2025\/12\/favicon_mekulo.png\",\"contentUrl\":\"https:\/\/mekulo.com\/no\/wp-content\/uploads\/sites\/10\/2025\/12\/favicon_mekulo.png\",\"width\":50,\"height\":50,\"caption\":\"Mekulo\"},\"image\":{\"@id\":\"https:\/\/mekulo.com\/no\/#\/schema\/logo\/image\/\"}}]}<\/script>\n<!-- \/ Yoast SEO plugin. -->","yoast_head_json":{"title":"Klebrig gnagerfelle - Mekulo NO","robots":{"index":"index","follow":"follow","max-snippet":"max-snippet:-1","max-image-preview":"max-image-preview:large","max-video-preview":"max-video-preview:-1"},"canonical":"https:\/\/mekulo.com\/no\/produkt\/klebrig-gnagerfelle\/","og_locale":"nb_NO","og_type":"article","og_title":"Klebrig gnagerfelle - Mekulo NO","og_description":"\ud83e\uddfcKraftig grep. Ren, enkel kontroll. \ud83e\udeb3En diskret l\u00f8sning for u\u00f8nskede bes\u00f8kende. \ud83d\udc2dDenne klebrige gnagerfellen er designet for \u00e5 hjelpe deg med \u00e5 h\u00e5ndtere skadedyr raskt og hygienisk \u2014 uten kompliserte mekanismer eller rotete opprydding.","og_url":"https:\/\/mekulo.com\/no\/produkt\/klebrig-gnagerfelle\/","og_site_name":"Mekulo NO","article_modified_time":"2026-03-24T13:16:15+00:00","og_image":[{"width":600,"height":600,"url":"https:\/\/mekulo.com\/no\/wp-content\/uploads\/sites\/10\/2026\/02\/1vnh1zk-1.webp","type":"image\/webp"}],"twitter_card":"summary_large_image","twitter_misc":{"Ansl. lesetid":"2 minutter"},"schema":{"@context":"https:\/\/schema.org","@graph":[{"@type":"WebPage","@id":"https:\/\/mekulo.com\/no\/produkt\/klebrig-gnagerfelle\/","url":"https:\/\/mekulo.com\/no\/produkt\/klebrig-gnagerfelle\/","name":"Klebrig gnagerfelle - Mekulo NO","isPartOf":{"@id":"https:\/\/mekulo.com\/no\/#website"},"primaryImageOfPage":{"@id":"https:\/\/mekulo.com\/no\/produkt\/klebrig-gnagerfelle\/#primaryimage"},"image":{"@id":"https:\/\/mekulo.com\/no\/produkt\/klebrig-gnagerfelle\/#primaryimage"},"thumbnailUrl":"https:\/\/mekulo.com\/no\/wp-content\/uploads\/sites\/10\/2026\/02\/1vnh1zk-1.webp","datePublished":"2026-02-26T05:51:21+00:00","dateModified":"2026-03-24T13:16:15+00:00","breadcrumb":{"@id":"https:\/\/mekulo.com\/no\/produkt\/klebrig-gnagerfelle\/#breadcrumb"},"inLanguage":"nb-NO","potentialAction":[{"@type":"ReadAction","target":["https:\/\/mekulo.com\/no\/produkt\/klebrig-gnagerfelle\/"]}]},{"@type":"ImageObject","inLanguage":"nb-NO","@id":"https:\/\/mekulo.com\/no\/produkt\/klebrig-gnagerfelle\/#primaryimage","url":"https:\/\/mekulo.com\/no\/wp-content\/uploads\/sites\/10\/2026\/02\/1vnh1zk-1.webp","contentUrl":"https:\/\/mekulo.com\/no\/wp-content\/uploads\/sites\/10\/2026\/02\/1vnh1zk-1.webp","width":600,"height":600},{"@type":"BreadcrumbList","@id":"https:\/\/mekulo.com\/no\/produkt\/klebrig-gnagerfelle\/#breadcrumb","itemListElement":[{"@type":"ListItem","position":1,"name":"Home","item":"https:\/\/mekulo.com\/no\/"},{"@type":"ListItem","position":2,"name":"Butikk","item":"https:\/\/mekulo.com\/no\/butikk\/"},{"@type":"ListItem","position":3,"name":"Klebrig gnagerfelle"}]},{"@type":"WebSite","@id":"https:\/\/mekulo.com\/no\/#website","url":"https:\/\/mekulo.com\/no\/","name":"Mekulo NO","description":"","publisher":{"@id":"https:\/\/mekulo.com\/no\/#organization"},"potentialAction":[{"@type":"SearchAction","target":{"@type":"EntryPoint","urlTemplate":"https:\/\/mekulo.com\/no\/?s={search_term_string}"},"query-input":{"@type":"PropertyValueSpecification","valueRequired":true,"valueName":"search_term_string"}}],"inLanguage":"nb-NO"},{"@type":"Organization","@id":"https:\/\/mekulo.com\/no\/#organization","name":"Mekulo","url":"https:\/\/mekulo.com\/no\/","logo":{"@type":"ImageObject","inLanguage":"nb-NO","@id":"https:\/\/mekulo.com\/no\/#\/schema\/logo\/image\/","url":"https:\/\/mekulo.com\/no\/wp-content\/uploads\/sites\/10\/2025\/12\/favicon_mekulo.png","contentUrl":"https:\/\/mekulo.com\/no\/wp-content\/uploads\/sites\/10\/2025\/12\/favicon_mekulo.png","width":50,"height":50,"caption":"Mekulo"},"image":{"@id":"https:\/\/mekulo.com\/no\/#\/schema\/logo\/image\/"}}]}},"_links":{"self":[{"href":"https:\/\/mekulo.com\/no\/wp-json\/wp\/v2\/product\/24819","targetHints":{"allow":["GET"]}}],"collection":[{"href":"https:\/\/mekulo.com\/no\/wp-json\/wp\/v2\/product"}],"about":[{"href":"https:\/\/mekulo.com\/no\/wp-json\/wp\/v2\/types\/product"}],"replies":[{"embeddable":true,"href":"https:\/\/mekulo.com\/no\/wp-json\/wp\/v2\/comments?post=24819"}],"wp:featuredmedia":[{"embeddable":true,"href":"https:\/\/mekulo.com\/no\/wp-json\/wp\/v2\/media\/24815"}],"wp:attachment":[{"href":"https:\/\/mekulo.com\/no\/wp-json\/wp\/v2\/media?parent=24819"}],"wp:term":[{"taxonomy":"product_brand","embeddable":true,"href":"https:\/\/mekulo.com\/no\/wp-json\/wp\/v2\/product_brand?post=24819"},{"taxonomy":"product_cat","embeddable":true,"href":"https:\/\/mekulo.com\/no\/wp-json\/wp\/v2\/product_cat?post=24819"},{"taxonomy":"product_tag","embeddable":true,"href":"https:\/\/mekulo.com\/no\/wp-json\/wp\/v2\/product_tag?post=24819"}],"curies":[{"name":"wp","href":"https:\/\/api.w.org\/{rel}","templated":true}]}}