{"id":24794,"date":"2026-02-25T19:50:55","date_gmt":"2026-02-25T17:50:55","guid":{"rendered":"https:\/\/mekulo.com\/no\/produkt\/rengjoringsmiddel-for-flere-overflater\/"},"modified":"2026-04-06T16:18:28","modified_gmt":"2026-04-06T13:18:28","slug":"rengjoringsmiddel-for-flere-overflater","status":"publish","type":"product","link":"https:\/\/mekulo.com\/no\/produkt\/rengjoringsmiddel-for-flere-overflater\/","title":{"rendered":"Rengj\u00f8ringsmiddel for flere overflater"},"content":{"rendered":"<h2 style=\"text-align: center;\" data-start=\"249\" data-end=\"265\">\u2728 L\u00f8ftet<\/h2>\n<p style=\"text-align: center;\" data-start=\"267\" data-end=\"331\">Spray.<br data-start=\"280\" data-end=\"283\" \/>T\u00f8rk forsiktig.<br data-start=\"295\" data-end=\"298\" \/>Vis en renere, jevnere glans.<\/p>\n<p data-start=\"267\" data-end=\"331\"><img fetchpriority=\"high\" decoding=\"async\" class=\" wp-image-26161 aligncenter\" src=\"https:\/\/mekulo.com\/template\/wp-content\/uploads\/sites\/6\/2026\/02\/122120-ezgif.com-video-to-webp-converter-1.webp\" alt=\"\" width=\"550\" height=\"550\" \/><\/p>\n<h2 style=\"text-align: center;\" data-start=\"338\" data-end=\"356\">\u2705 Hovedfordeler<\/h2>\n<p data-start=\"360\" data-end=\"437\">\ud83e\uddfc Fjerner flekker &amp; rester &#8211; Hjelper med \u00e5 l\u00f8fte fett, st\u00f8v og daglige merker.<\/p>\n<p data-start=\"441\" data-end=\"518\">\u2728 Gjenoppretter naturlig glans &#8211; Gjenoppliver utseendet p\u00e5 innvendige overflater.<\/p>\n<p data-start=\"522\" data-end=\"593\">\ud83d\udee1\ufe0f Beskyttende filmdannelse &#8211; Hjelper med \u00e5 redusere fremtidig st\u00f8voppbygging.<\/p>\n<p data-start=\"597\" data-end=\"681\">\ud83d\ude97 Utviklet for bilinteri\u00f8r &#8211; Egnet for rutinemessig rengj\u00f8ring og vedlikehold.<\/p>\n<p data-start=\"685\" data-end=\"748\">\ud83c\udf3f Sk\u00e5nsom, ikke-irriterende formel &#8211; Trygg for regelmessig bruk.<\/p>\n<p data-start=\"752\" data-end=\"834\">\u270b Rask og uanstrengt p\u00e5f\u00f8ring &#8211; Ingen kompliserte prosesser eller verkt\u00f8y kreves.<\/p>\n<p data-start=\"838\" data-end=\"914\">\ud83d\udd4a\ufe0f Kompakt flaske som er enkel \u00e5 oppbevare &#8211; Praktisk for bruk hjemme eller p\u00e5 reise.<\/p>\n<h2 style=\"text-align: center;\" data-start=\"921\" data-end=\"944\">\u2757 Problem \u2192 L\u00f8sning<\/h2>\n<p data-start=\"946\" data-end=\"1049\"><strong data-start=\"946\" data-end=\"958\">Problem:<\/strong><br data-start=\"958\" data-end=\"961\" \/>Innvendige overflater mister gradvis sin rene finish p\u00e5 grunn av st\u00f8v, oljer og daglig bruk.<\/p>\n<p data-start=\"1051\" data-end=\"1167\"><strong data-start=\"1051\" data-end=\"1064\">L\u00f8sning:<\/strong><br data-start=\"1064\" data-end=\"1067\" \/>Dette rengj\u00f8ringsmiddelet frisker opp overflatene samtidig som det legger til et subtilt beskyttende lag for \u00e5 opprettholde et velholdt utseende.<\/p>\n<p data-start=\"1051\" data-end=\"1167\"><img decoding=\"async\" class=\" wp-image-26160 aligncenter\" src=\"https:\/\/mekulo.com\/template\/wp-content\/uploads\/sites\/6\/2026\/02\/122121-ezgif.com-video-to-webp-converter-1.webp\" alt=\"\" width=\"550\" height=\"550\" \/><\/p>\n<h2 style=\"text-align: center;\" data-start=\"1174\" data-end=\"1191\">\ud83c\udf1f Perfekt for<\/h2>\n<ul data-start=\"1193\" data-end=\"1316\">\n<li data-start=\"1193\" data-end=\"1215\">\n<p data-start=\"1195\" data-end=\"1215\">Rengj\u00f8ring av dashbord<\/p>\n<\/li>\n<li data-start=\"1216\" data-end=\"1231\">\n<p data-start=\"1218\" data-end=\"1231\">D\u00f8rpaneler<\/p>\n<\/li>\n<li data-start=\"1232\" data-end=\"1259\">\n<p data-start=\"1234\" data-end=\"1259\">Dekseler og plastoverflater<\/p>\n<\/li>\n<li data-start=\"1260\" data-end=\"1285\">\n<p data-start=\"1262\" data-end=\"1285\">Rutinemessig interi\u00f8rpleie<\/p>\n<\/li>\n<li data-start=\"1286\" data-end=\"1316\">\n<p data-start=\"1288\" data-end=\"1316\">Hurtig oppfriskning f\u00f8r turer<\/p>\n<\/li>\n<\/ul>\n<p data-start=\"1318\" data-end=\"1365\">Holder bilen ren og velstelt.<\/p>\n<h2 style=\"text-align: center;\" data-start=\"1372\" data-end=\"1388\">\u2699\ufe0f Slik bruker du det<\/h2>\n<ol data-start=\"1390\" data-end=\"1506\">\n<li data-start=\"1390\" data-end=\"1416\">\n<p data-start=\"1393\" data-end=\"1416\">S\u00f8rg for at overflaten er t\u00f8rr.<\/p>\n<\/li>\n<li data-start=\"1417\" data-end=\"1445\">\n<p data-start=\"1420\" data-end=\"1445\">Spray lett p\u00e5 omr\u00e5det.<\/p>\n<\/li>\n<li data-start=\"1446\" data-end=\"1479\">\n<p data-start=\"1449\" data-end=\"1479\">T\u00f8rk av med en mikrofiberklut.<\/p>\n<\/li>\n<li data-start=\"1480\" data-end=\"1506\">\n<p data-start=\"1483\" data-end=\"1506\">Poler forsiktig om n\u00f8dvendig.<\/p>\n<\/li>\n<\/ol>\n<h2 style=\"text-align: center;\" data-start=\"1536\" data-end=\"1557\">\ud83d\udcd0 Produktdetaljer<\/h2>\n<ul data-start=\"1559\" data-end=\"1794\">\n<li data-start=\"1627\" data-end=\"1649\">\n<p data-start=\"1629\" data-end=\"1649\">Volum: 100 ml, 200 ml, 300 ml<\/p>\n<\/li>\n<li data-start=\"1650\" data-end=\"1700\">\n<p data-start=\"1652\" data-end=\"1700\">Bruk: Rengj\u00f8ring og vedlikehold av bilinteri\u00f8r<\/p>\n<\/li>\n<li data-start=\"1701\" data-end=\"1760\">\n<p data-start=\"1703\" data-end=\"1760\">Formeleffekt: Glansforbedring og beskyttende film<\/p>\n<\/li>\n<li data-start=\"1761\" data-end=\"1794\">\n<p data-start=\"1763\" data-end=\"1794\">Egnet for: Menn og kvinner<\/p>\n<\/li>\n<li data-start=\"1761\" data-end=\"1794\">St\u00f8rrelse: 13,6 x 4 cm<\/li>\n<\/ul>\n<h2 style=\"text-align: center;\" data-start=\"1848\" data-end=\"1870\">\ud83d\udce6 Pakken inkluderer<\/h2>\n<ul data-start=\"1872\" data-end=\"1908\">\n<li data-start=\"1872\" data-end=\"1908\">\n<p data-start=\"1874\" data-end=\"1908\">1, 2, 3x rengj\u00f8ringsmiddel \/ er for flere overflater.<\/p>\n<\/li>\n<\/ul>\n","protected":false},"excerpt":{"rendered":"<p>\ud83e\uddfcRengj\u00f8r dypere. Gjenopprett finishen.<br \/>\n\ud83c\udf3fEn l\u00f8sning for et oppfrisket, polert interi\u00f8r.<br \/>\n<span style=\"font-size: 16px; font-style: normal; font-weight: 400;\">\ud83d\ude97<\/span>Dette rengj\u00f8ringsmiddelet for flere overflater hjelper deg med \u00e5 fjerne hverdagslig avleiring samtidig som det forbedrer det naturlige utseendet p\u00e5 bilens innvendige overflater.<\/p>\n","protected":false},"featured_media":24790,"comment_status":"open","ping_status":"closed","template":"","meta":{"site-sidebar-layout":"default","site-content-layout":"","ast-site-content-layout":"default","site-content-style":"default","site-sidebar-style":"default","ast-global-header-display":"","ast-banner-title-visibility":"","ast-main-header-display":"","ast-hfb-above-header-display":"","ast-hfb-below-header-display":"","ast-hfb-mobile-header-display":"","site-post-title":"","ast-breadcrumbs-content":"","ast-featured-img":"","footer-sml-layout":"","theme-transparent-header-meta":"default","adv-header-id-meta":"","stick-header-meta":"","header-above-stick-meta":"","header-main-stick-meta":"","header-below-stick-meta":"","astra-migrate-meta-layouts":"set","ast-page-background-enabled":"default","ast-page-background-meta":{"desktop":{"background-color":"var(--ast-global-color-5)","background-image":"","background-repeat":"repeat","background-position":"center center","background-size":"auto","background-attachment":"scroll","background-type":"","background-media":"","overlay-type":"","overlay-color":"","overlay-opacity":"","overlay-gradient":""},"tablet":{"background-color":"","background-image":"","background-repeat":"repeat","background-position":"center center","background-size":"auto","background-attachment":"scroll","background-type":"","background-media":"","overlay-type":"","overlay-color":"","overlay-opacity":"","overlay-gradient":""},"mobile":{"background-color":"","background-image":"","background-repeat":"repeat","background-position":"center center","background-size":"auto","background-attachment":"scroll","background-type":"","background-media":"","overlay-type":"","overlay-color":"","overlay-opacity":"","overlay-gradient":""}},"ast-content-background-meta":{"desktop":{"background-color":"var(--ast-global-color-4)","background-image":"","background-repeat":"repeat","background-position":"center center","background-size":"auto","background-attachment":"scroll","background-type":"","background-media":"","overlay-type":"","overlay-color":"","overlay-opacity":"","overlay-gradient":""},"tablet":{"background-color":"var(--ast-global-color-4)","background-image":"","background-repeat":"repeat","background-position":"center center","background-size":"auto","background-attachment":"scroll","background-type":"","background-media":"","overlay-type":"","overlay-color":"","overlay-opacity":"","overlay-gradient":""},"mobile":{"background-color":"var(--ast-global-color-4)","background-image":"","background-repeat":"repeat","background-position":"center center","background-size":"auto","background-attachment":"scroll","background-type":"","background-media":"","overlay-type":"","overlay-color":"","overlay-opacity":"","overlay-gradient":""}}},"product_brand":[],"product_cat":[161],"product_tag":[],"class_list":{"0":"post-24794","1":"product","2":"type-product","3":"status-publish","4":"has-post-thumbnail","6":"product_cat-bilprodukter","7":"pa_62361_1mk6nzlj-1-stk","8":"pa_62361_1mk6nzlj-2-stk","9":"pa_62361_1mk6nzlj-3-stk","10":"desktop-align-left","11":"tablet-align-left","12":"mobile-align-left","14":"first","15":"instock","16":"shipping-taxable","17":"purchasable","18":"product-type-variable"},"yoast_head":"<!-- This site is optimized with the Yoast SEO plugin v26.6 - https:\/\/yoast.com\/wordpress\/plugins\/seo\/ -->\n<title>Rengj\u00f8ringsmiddel for flere overflater - Mekulo NO<\/title>\n<meta name=\"robots\" content=\"index, follow, max-snippet:-1, max-image-preview:large, max-video-preview:-1\" \/>\n<link rel=\"canonical\" href=\"https:\/\/mekulo.com\/no\/produkt\/rengjoringsmiddel-for-flere-overflater\/\" \/>\n<meta property=\"og:locale\" content=\"nb_NO\" \/>\n<meta property=\"og:type\" content=\"article\" \/>\n<meta property=\"og:title\" content=\"Rengj\u00f8ringsmiddel for flere overflater - Mekulo NO\" \/>\n<meta property=\"og:description\" content=\"\ud83e\uddfcRengj\u00f8r dypere. Gjenopprett finishen. \ud83c\udf3fEn l\u00f8sning for et oppfrisket, polert interi\u00f8r. \ud83d\ude97Dette rengj\u00f8ringsmiddelet for flere overflater hjelper deg med \u00e5 fjerne hverdagslig avleiring samtidig som det forbedrer det naturlige utseendet p\u00e5 bilens innvendige overflater.\" \/>\n<meta property=\"og:url\" content=\"https:\/\/mekulo.com\/no\/produkt\/rengjoringsmiddel-for-flere-overflater\/\" \/>\n<meta property=\"og:site_name\" content=\"Mekulo NO\" \/>\n<meta property=\"article:modified_time\" content=\"2026-04-06T13:18:28+00:00\" \/>\n<meta property=\"og:image\" content=\"https:\/\/mekulo.com\/no\/wp-content\/uploads\/sites\/10\/2026\/02\/3vrf73c-1.webp\" \/>\n\t<meta property=\"og:image:width\" content=\"1000\" \/>\n\t<meta property=\"og:image:height\" content=\"1000\" \/>\n\t<meta property=\"og:image:type\" content=\"image\/webp\" \/>\n<meta name=\"twitter:card\" content=\"summary_large_image\" \/>\n<meta name=\"twitter:label1\" content=\"Ansl. lesetid\" \/>\n\t<meta name=\"twitter:data1\" content=\"2 minutter\" \/>\n<script type=\"application\/ld+json\" class=\"yoast-schema-graph\">{\"@context\":\"https:\/\/schema.org\",\"@graph\":[{\"@type\":\"WebPage\",\"@id\":\"https:\/\/mekulo.com\/no\/produkt\/rengjoringsmiddel-for-flere-overflater\/\",\"url\":\"https:\/\/mekulo.com\/no\/produkt\/rengjoringsmiddel-for-flere-overflater\/\",\"name\":\"Rengj\u00f8ringsmiddel for flere overflater - Mekulo NO\",\"isPartOf\":{\"@id\":\"https:\/\/mekulo.com\/no\/#website\"},\"primaryImageOfPage\":{\"@id\":\"https:\/\/mekulo.com\/no\/produkt\/rengjoringsmiddel-for-flere-overflater\/#primaryimage\"},\"image\":{\"@id\":\"https:\/\/mekulo.com\/no\/produkt\/rengjoringsmiddel-for-flere-overflater\/#primaryimage\"},\"thumbnailUrl\":\"https:\/\/mekulo.com\/no\/wp-content\/uploads\/sites\/10\/2026\/02\/3vrf73c-1.webp\",\"datePublished\":\"2026-02-25T17:50:55+00:00\",\"dateModified\":\"2026-04-06T13:18:28+00:00\",\"breadcrumb\":{\"@id\":\"https:\/\/mekulo.com\/no\/produkt\/rengjoringsmiddel-for-flere-overflater\/#breadcrumb\"},\"inLanguage\":\"nb-NO\",\"potentialAction\":[{\"@type\":\"ReadAction\",\"target\":[\"https:\/\/mekulo.com\/no\/produkt\/rengjoringsmiddel-for-flere-overflater\/\"]}]},{\"@type\":\"ImageObject\",\"inLanguage\":\"nb-NO\",\"@id\":\"https:\/\/mekulo.com\/no\/produkt\/rengjoringsmiddel-for-flere-overflater\/#primaryimage\",\"url\":\"https:\/\/mekulo.com\/no\/wp-content\/uploads\/sites\/10\/2026\/02\/3vrf73c-1.webp\",\"contentUrl\":\"https:\/\/mekulo.com\/no\/wp-content\/uploads\/sites\/10\/2026\/02\/3vrf73c-1.webp\",\"width\":1000,\"height\":1000},{\"@type\":\"BreadcrumbList\",\"@id\":\"https:\/\/mekulo.com\/no\/produkt\/rengjoringsmiddel-for-flere-overflater\/#breadcrumb\",\"itemListElement\":[{\"@type\":\"ListItem\",\"position\":1,\"name\":\"Home\",\"item\":\"https:\/\/mekulo.com\/no\/\"},{\"@type\":\"ListItem\",\"position\":2,\"name\":\"Butikk\",\"item\":\"https:\/\/mekulo.com\/no\/butikk\/\"},{\"@type\":\"ListItem\",\"position\":3,\"name\":\"Rengj\u00f8ringsmiddel for flere overflater\"}]},{\"@type\":\"WebSite\",\"@id\":\"https:\/\/mekulo.com\/no\/#website\",\"url\":\"https:\/\/mekulo.com\/no\/\",\"name\":\"Mekulo NO\",\"description\":\"\",\"publisher\":{\"@id\":\"https:\/\/mekulo.com\/no\/#organization\"},\"potentialAction\":[{\"@type\":\"SearchAction\",\"target\":{\"@type\":\"EntryPoint\",\"urlTemplate\":\"https:\/\/mekulo.com\/no\/?s={search_term_string}\"},\"query-input\":{\"@type\":\"PropertyValueSpecification\",\"valueRequired\":true,\"valueName\":\"search_term_string\"}}],\"inLanguage\":\"nb-NO\"},{\"@type\":\"Organization\",\"@id\":\"https:\/\/mekulo.com\/no\/#organization\",\"name\":\"Mekulo\",\"url\":\"https:\/\/mekulo.com\/no\/\",\"logo\":{\"@type\":\"ImageObject\",\"inLanguage\":\"nb-NO\",\"@id\":\"https:\/\/mekulo.com\/no\/#\/schema\/logo\/image\/\",\"url\":\"https:\/\/mekulo.com\/no\/wp-content\/uploads\/sites\/10\/2025\/12\/favicon_mekulo.png\",\"contentUrl\":\"https:\/\/mekulo.com\/no\/wp-content\/uploads\/sites\/10\/2025\/12\/favicon_mekulo.png\",\"width\":50,\"height\":50,\"caption\":\"Mekulo\"},\"image\":{\"@id\":\"https:\/\/mekulo.com\/no\/#\/schema\/logo\/image\/\"}}]}<\/script>\n<!-- \/ Yoast SEO plugin. -->","yoast_head_json":{"title":"Rengj\u00f8ringsmiddel for flere overflater - Mekulo NO","robots":{"index":"index","follow":"follow","max-snippet":"max-snippet:-1","max-image-preview":"max-image-preview:large","max-video-preview":"max-video-preview:-1"},"canonical":"https:\/\/mekulo.com\/no\/produkt\/rengjoringsmiddel-for-flere-overflater\/","og_locale":"nb_NO","og_type":"article","og_title":"Rengj\u00f8ringsmiddel for flere overflater - Mekulo NO","og_description":"\ud83e\uddfcRengj\u00f8r dypere. Gjenopprett finishen. \ud83c\udf3fEn l\u00f8sning for et oppfrisket, polert interi\u00f8r. \ud83d\ude97Dette rengj\u00f8ringsmiddelet for flere overflater hjelper deg med \u00e5 fjerne hverdagslig avleiring samtidig som det forbedrer det naturlige utseendet p\u00e5 bilens innvendige overflater.","og_url":"https:\/\/mekulo.com\/no\/produkt\/rengjoringsmiddel-for-flere-overflater\/","og_site_name":"Mekulo NO","article_modified_time":"2026-04-06T13:18:28+00:00","og_image":[{"width":1000,"height":1000,"url":"https:\/\/mekulo.com\/no\/wp-content\/uploads\/sites\/10\/2026\/02\/3vrf73c-1.webp","type":"image\/webp"}],"twitter_card":"summary_large_image","twitter_misc":{"Ansl. lesetid":"2 minutter"},"schema":{"@context":"https:\/\/schema.org","@graph":[{"@type":"WebPage","@id":"https:\/\/mekulo.com\/no\/produkt\/rengjoringsmiddel-for-flere-overflater\/","url":"https:\/\/mekulo.com\/no\/produkt\/rengjoringsmiddel-for-flere-overflater\/","name":"Rengj\u00f8ringsmiddel for flere overflater - Mekulo NO","isPartOf":{"@id":"https:\/\/mekulo.com\/no\/#website"},"primaryImageOfPage":{"@id":"https:\/\/mekulo.com\/no\/produkt\/rengjoringsmiddel-for-flere-overflater\/#primaryimage"},"image":{"@id":"https:\/\/mekulo.com\/no\/produkt\/rengjoringsmiddel-for-flere-overflater\/#primaryimage"},"thumbnailUrl":"https:\/\/mekulo.com\/no\/wp-content\/uploads\/sites\/10\/2026\/02\/3vrf73c-1.webp","datePublished":"2026-02-25T17:50:55+00:00","dateModified":"2026-04-06T13:18:28+00:00","breadcrumb":{"@id":"https:\/\/mekulo.com\/no\/produkt\/rengjoringsmiddel-for-flere-overflater\/#breadcrumb"},"inLanguage":"nb-NO","potentialAction":[{"@type":"ReadAction","target":["https:\/\/mekulo.com\/no\/produkt\/rengjoringsmiddel-for-flere-overflater\/"]}]},{"@type":"ImageObject","inLanguage":"nb-NO","@id":"https:\/\/mekulo.com\/no\/produkt\/rengjoringsmiddel-for-flere-overflater\/#primaryimage","url":"https:\/\/mekulo.com\/no\/wp-content\/uploads\/sites\/10\/2026\/02\/3vrf73c-1.webp","contentUrl":"https:\/\/mekulo.com\/no\/wp-content\/uploads\/sites\/10\/2026\/02\/3vrf73c-1.webp","width":1000,"height":1000},{"@type":"BreadcrumbList","@id":"https:\/\/mekulo.com\/no\/produkt\/rengjoringsmiddel-for-flere-overflater\/#breadcrumb","itemListElement":[{"@type":"ListItem","position":1,"name":"Home","item":"https:\/\/mekulo.com\/no\/"},{"@type":"ListItem","position":2,"name":"Butikk","item":"https:\/\/mekulo.com\/no\/butikk\/"},{"@type":"ListItem","position":3,"name":"Rengj\u00f8ringsmiddel for flere overflater"}]},{"@type":"WebSite","@id":"https:\/\/mekulo.com\/no\/#website","url":"https:\/\/mekulo.com\/no\/","name":"Mekulo NO","description":"","publisher":{"@id":"https:\/\/mekulo.com\/no\/#organization"},"potentialAction":[{"@type":"SearchAction","target":{"@type":"EntryPoint","urlTemplate":"https:\/\/mekulo.com\/no\/?s={search_term_string}"},"query-input":{"@type":"PropertyValueSpecification","valueRequired":true,"valueName":"search_term_string"}}],"inLanguage":"nb-NO"},{"@type":"Organization","@id":"https:\/\/mekulo.com\/no\/#organization","name":"Mekulo","url":"https:\/\/mekulo.com\/no\/","logo":{"@type":"ImageObject","inLanguage":"nb-NO","@id":"https:\/\/mekulo.com\/no\/#\/schema\/logo\/image\/","url":"https:\/\/mekulo.com\/no\/wp-content\/uploads\/sites\/10\/2025\/12\/favicon_mekulo.png","contentUrl":"https:\/\/mekulo.com\/no\/wp-content\/uploads\/sites\/10\/2025\/12\/favicon_mekulo.png","width":50,"height":50,"caption":"Mekulo"},"image":{"@id":"https:\/\/mekulo.com\/no\/#\/schema\/logo\/image\/"}}]}},"_links":{"self":[{"href":"https:\/\/mekulo.com\/no\/wp-json\/wp\/v2\/product\/24794","targetHints":{"allow":["GET"]}}],"collection":[{"href":"https:\/\/mekulo.com\/no\/wp-json\/wp\/v2\/product"}],"about":[{"href":"https:\/\/mekulo.com\/no\/wp-json\/wp\/v2\/types\/product"}],"replies":[{"embeddable":true,"href":"https:\/\/mekulo.com\/no\/wp-json\/wp\/v2\/comments?post=24794"}],"wp:featuredmedia":[{"embeddable":true,"href":"https:\/\/mekulo.com\/no\/wp-json\/wp\/v2\/media\/24790"}],"wp:attachment":[{"href":"https:\/\/mekulo.com\/no\/wp-json\/wp\/v2\/media?parent=24794"}],"wp:term":[{"taxonomy":"product_brand","embeddable":true,"href":"https:\/\/mekulo.com\/no\/wp-json\/wp\/v2\/product_brand?post=24794"},{"taxonomy":"product_cat","embeddable":true,"href":"https:\/\/mekulo.com\/no\/wp-json\/wp\/v2\/product_cat?post=24794"},{"taxonomy":"product_tag","embeddable":true,"href":"https:\/\/mekulo.com\/no\/wp-json\/wp\/v2\/product_tag?post=24794"}],"curies":[{"name":"wp","href":"https:\/\/api.w.org\/{rel}","templated":true}]}}