{"id":24723,"date":"2026-02-25T18:22:55","date_gmt":"2026-02-25T16:22:55","guid":{"rendered":"https:\/\/mekulo.com\/no\/produkt\/usynlige-matteklistremerker\/"},"modified":"2026-04-06T16:17:44","modified_gmt":"2026-04-06T13:17:44","slug":"usynlige-matteklistremerker","status":"publish","type":"product","link":"https:\/\/mekulo.com\/no\/produkt\/usynlige-matteklistremerker\/","title":{"rendered":"Usynlige matteklistremerker"},"content":{"rendered":"<h2 style=\"text-align: center;\" data-start=\"268\" data-end=\"284\">\u2728 L\u00f8ftet<\/h2>\n<p style=\"text-align: center;\" data-start=\"286\" data-end=\"332\">Broderi-klistremerker.<br data-start=\"299\" data-end=\"302\" \/>Hold fast.<br data-start=\"314\" data-end=\"317\" \/>Fjern rent.<\/p>\n<p data-start=\"286\" data-end=\"332\"><img fetchpriority=\"high\" decoding=\"async\" class=\" wp-image-26179 aligncenter\" src=\"https:\/\/mekulo.com\/template\/wp-content\/uploads\/sites\/6\/2026\/02\/122122-ezgif.com-video-to-webp-converter-1.webp\" alt=\"\" width=\"550\" height=\"550\" \/><\/p>\n<h2 style=\"text-align: center;\" data-start=\"339\" data-end=\"357\">\u2705 Hovedfordeler<\/h2>\n<p data-start=\"361\" data-end=\"447\">\ud83d\udee1\ufe0f Forhindrer glidning og forskyvning &#8211; Hjelper med \u00e5 holde matter og deksler sikkert p\u00e5 plass.<\/p>\n<p data-start=\"451\" data-end=\"528\">\u2728 Usynlig, sporl\u00f8s design &#8211; Opprettholder det rene utseendet p\u00e5 rommet ditt.<\/p>\n<p data-start=\"532\" data-end=\"608\">\ud83d\udcaa Sterk, p\u00e5litelig vedheft &#8211; Designet for stabilt, langvarig hold.<\/p>\n<p data-start=\"612\" data-end=\"674\">\ud83d\udd04 Gjenbrukbar &#8211; Lett \u00e5 ta av og sette p\u00e5 plass igjen.<\/p>\n<p data-start=\"678\" data-end=\"754\">\ud83d\udd25 Temperaturbestandig &#8211; Stabil selv under varme forhold.<\/p>\n<p data-start=\"758\" data-end=\"820\">\ud83e\uddfc Trekkes av uten rester &#8211; Ingen merker, ikke noe klissete s\u00f8l.<\/p>\n<p data-start=\"824\" data-end=\"902\">\ud83c\udfe0 Allsidig bruk p\u00e5 flere overflater &#8211; Egnet for bruk hjemme og i bilen.<\/p>\n<h2 style=\"text-align: center;\" data-start=\"909\" data-end=\"932\">\u2757 Problem \u2192 L\u00f8sning<\/h2>\n<p data-start=\"934\" data-end=\"1041\"><strong data-start=\"934\" data-end=\"946\">Problem:<\/strong><br data-start=\"946\" data-end=\"949\" \/>L\u00f8se matter, tepper som glir og tekstiler som forskyver seg, kan for\u00e5rsake ubehag, rot og sikkerhetsrisiko.<\/p>\n<p data-start=\"1043\" data-end=\"1166\"><strong data-start=\"1043\" data-end=\"1056\">L\u00f8sning:<\/strong><br data-start=\"1056\" data-end=\"1059\" \/>Disse usynlige matteklistremerkene skaper et diskret festepunkt som stabiliserer gjenstandene dine uten \u00e5 skade overflatene.<\/p>\n<p data-start=\"1043\" data-end=\"1166\"><img decoding=\"async\" class=\" wp-image-26178 aligncenter\" src=\"https:\/\/mekulo.com\/template\/wp-content\/uploads\/sites\/6\/2026\/02\/122123-ezgif.com-video-to-webp-converter-1.webp\" alt=\"\" width=\"550\" height=\"550\" \/><\/p>\n<h2 style=\"text-align: center;\" data-start=\"1173\" data-end=\"1190\">\ud83c\udf3f Perfekt For<\/h2>\n<ul data-start=\"1192\" data-end=\"1329\">\n<li data-start=\"1192\" data-end=\"1213\">\n<p data-start=\"1194\" data-end=\"1213\">Gulvmatter og tepper<\/p>\n<\/li>\n<li data-start=\"1214\" data-end=\"1238\">\n<p data-start=\"1216\" data-end=\"1238\">Yoga- og treningsmatter<\/p>\n<\/li>\n<li data-start=\"1239\" data-end=\"1261\">\n<p data-start=\"1241\" data-end=\"1261\">Sofa og setetrekk<\/p>\n<\/li>\n<li data-start=\"1262\" data-end=\"1276\">\n<p data-start=\"1264\" data-end=\"1276\">Senget\u00f8y<\/p>\n<\/li>\n<li data-start=\"1277\" data-end=\"1303\">\n<p data-start=\"1279\" data-end=\"1303\">Bilgulv og bagasjeromsmatter<\/p>\n<\/li>\n<li data-start=\"1304\" data-end=\"1329\">\n<p data-start=\"1306\" data-end=\"1329\">Dashboard-tilbeh\u00f8r<\/p>\n<\/li>\n<\/ul>\n<p data-start=\"1331\" data-end=\"1362\">En enkel l\u00f8sning, mange bruksomr\u00e5der.<\/p>\n<h2 style=\"text-align: center;\" data-start=\"1369\" data-end=\"1385\">\u2699\ufe0f Slik bruker du den<\/h2>\n<ol data-start=\"1387\" data-end=\"1510\">\n<li data-start=\"1387\" data-end=\"1417\">\n<p data-start=\"1390\" data-end=\"1417\">Rengj\u00f8r og t\u00f8rk overflaten.<\/p>\n<\/li>\n<li data-start=\"1418\" data-end=\"1448\">\n<p data-start=\"1421\" data-end=\"1448\">Trekk av den selvklebende baksiden.<\/p>\n<\/li>\n<li data-start=\"1449\" data-end=\"1484\">\n<p data-start=\"1452\" data-end=\"1484\">Trykk godt p\u00e5 \u00f8nsket omr\u00e5de.<\/p>\n<\/li>\n<li data-start=\"1485\" data-end=\"1510\">\n<p data-start=\"1488\" data-end=\"1510\">Fest matten eller stoffet.<\/p>\n<\/li>\n<\/ol>\n<h2 style=\"text-align: center;\" data-start=\"1558\" data-end=\"1579\">\ud83d\udcd0 Produktdetaljer<\/h2>\n<ul data-start=\"1581\" data-end=\"1809\">\n<li data-start=\"1625\" data-end=\"1660\">\n<p data-start=\"1627\" data-end=\"1660\">Materiale: Nylon + Polyester<\/p>\n<\/li>\n<li data-start=\"1661\" data-end=\"1698\">\n<p data-start=\"1663\" data-end=\"1698\">Design: Usynlig \/ Sporl\u00f8s<\/p>\n<\/li>\n<li data-start=\"1699\" data-end=\"1740\">\n<p data-start=\"1701\" data-end=\"1740\">Adhesjon: Sterk selvklebende bakside<\/p>\n<\/li>\n<li data-start=\"1741\" data-end=\"1786\">\n<p data-start=\"1743\" data-end=\"1786\">Bruk: Feste og sklisikker stabilisering<\/p>\n<\/li>\n<li data-start=\"1787\" data-end=\"1809\">\n<p data-start=\"1789\" data-end=\"1809\">Former og st\u00f8rrelser: Rektangel (1,6 x 7 cm), Rund (5 cm), Firkantet (5 x 5 cm)<\/p>\n<\/li>\n<\/ul>\n<h2 style=\"text-align: center;\" data-start=\"1846\" data-end=\"1868\">\ud83d\udce6 Pakken inkluderer<\/h2>\n<ul data-start=\"1870\" data-end=\"1901\">\n<li data-start=\"1870\" data-end=\"1901\">\n<p data-start=\"1872\" data-end=\"1901\">40, 100x usynlige matteklistremerker.<\/p>\n<\/li>\n<\/ul>\n","protected":false},"excerpt":{"rendered":"<p>\u2728Vent alt n\u00f8yaktig der det h\u00f8rer hjemme.<br \/>\n\ud83d\udd25Stabilitet uten synlig rot.<br \/>\n\ud83c\udfe0Disse usynlige matteklistremerkene fester matter og tekstiler p\u00e5 en diskret m\u00e5te, og hjelper deg med \u00e5 opprettholde et ryddig, sklisikkert milj\u00f8 hjemme eller p\u00e5 farten.<\/p>\n","protected":false},"featured_media":24719,"comment_status":"open","ping_status":"closed","template":"","meta":{"site-sidebar-layout":"default","site-content-layout":"","ast-site-content-layout":"default","site-content-style":"default","site-sidebar-style":"default","ast-global-header-display":"","ast-banner-title-visibility":"","ast-main-header-display":"","ast-hfb-above-header-display":"","ast-hfb-below-header-display":"","ast-hfb-mobile-header-display":"","site-post-title":"","ast-breadcrumbs-content":"","ast-featured-img":"","footer-sml-layout":"","theme-transparent-header-meta":"default","adv-header-id-meta":"","stick-header-meta":"","header-above-stick-meta":"","header-main-stick-meta":"","header-below-stick-meta":"","astra-migrate-meta-layouts":"set","ast-page-background-enabled":"default","ast-page-background-meta":{"desktop":{"background-color":"var(--ast-global-color-5)","background-image":"","background-repeat":"repeat","background-position":"center center","background-size":"auto","background-attachment":"scroll","background-type":"","background-media":"","overlay-type":"","overlay-color":"","overlay-opacity":"","overlay-gradient":""},"tablet":{"background-color":"","background-image":"","background-repeat":"repeat","background-position":"center center","background-size":"auto","background-attachment":"scroll","background-type":"","background-media":"","overlay-type":"","overlay-color":"","overlay-opacity":"","overlay-gradient":""},"mobile":{"background-color":"","background-image":"","background-repeat":"repeat","background-position":"center center","background-size":"auto","background-attachment":"scroll","background-type":"","background-media":"","overlay-type":"","overlay-color":"","overlay-opacity":"","overlay-gradient":""}},"ast-content-background-meta":{"desktop":{"background-color":"var(--ast-global-color-4)","background-image":"","background-repeat":"repeat","background-position":"center center","background-size":"auto","background-attachment":"scroll","background-type":"","background-media":"","overlay-type":"","overlay-color":"","overlay-opacity":"","overlay-gradient":""},"tablet":{"background-color":"var(--ast-global-color-4)","background-image":"","background-repeat":"repeat","background-position":"center center","background-size":"auto","background-attachment":"scroll","background-type":"","background-media":"","overlay-type":"","overlay-color":"","overlay-opacity":"","overlay-gradient":""},"mobile":{"background-color":"var(--ast-global-color-4)","background-image":"","background-repeat":"repeat","background-position":"center center","background-size":"auto","background-attachment":"scroll","background-type":"","background-media":"","overlay-type":"","overlay-color":"","overlay-opacity":"","overlay-gradient":""}}},"product_brand":[],"product_cat":[161,168],"product_tag":[],"class_list":{"0":"post-24723","1":"product","2":"type-product","3":"status-publish","4":"has-post-thumbnail","6":"product_cat-bilprodukter","7":"product_cat-husholdningsartikler","8":"pa_62403_301okle3-firkantet","9":"pa_62403_301okle3-rektangel","10":"pa_62403_301okle3-rund","11":"pa_62403_dnn4no2x-100-stk","12":"pa_62403_dnn4no2x-40-stk","13":"desktop-align-left","14":"tablet-align-left","15":"mobile-align-left","17":"first","18":"instock","19":"shipping-taxable","20":"purchasable","21":"product-type-variable","22":"has-default-attributes"},"yoast_head":"<!-- This site is optimized with the Yoast SEO plugin v26.6 - https:\/\/yoast.com\/wordpress\/plugins\/seo\/ -->\n<title>Usynlige matteklistremerker - Mekulo NO<\/title>\n<meta name=\"robots\" content=\"index, follow, max-snippet:-1, max-image-preview:large, max-video-preview:-1\" \/>\n<link rel=\"canonical\" href=\"https:\/\/mekulo.com\/no\/produkt\/usynlige-matteklistremerker\/\" \/>\n<meta property=\"og:locale\" content=\"nb_NO\" \/>\n<meta property=\"og:type\" content=\"article\" \/>\n<meta property=\"og:title\" content=\"Usynlige matteklistremerker - Mekulo NO\" \/>\n<meta property=\"og:description\" content=\"\u2728Vent alt n\u00f8yaktig der det h\u00f8rer hjemme. \ud83d\udd25Stabilitet uten synlig rot. \ud83c\udfe0Disse usynlige matteklistremerkene fester matter og tekstiler p\u00e5 en diskret m\u00e5te, og hjelper deg med \u00e5 opprettholde et ryddig, sklisikkert milj\u00f8 hjemme eller p\u00e5 farten.\" \/>\n<meta property=\"og:url\" content=\"https:\/\/mekulo.com\/no\/produkt\/usynlige-matteklistremerker\/\" \/>\n<meta property=\"og:site_name\" content=\"Mekulo NO\" \/>\n<meta property=\"article:modified_time\" content=\"2026-04-06T13:17:44+00:00\" \/>\n<meta property=\"og:image\" content=\"https:\/\/mekulo.com\/no\/wp-content\/uploads\/sites\/10\/2026\/02\/uqv5ana-1.jpg\" \/>\n\t<meta property=\"og:image:width\" content=\"800\" \/>\n\t<meta property=\"og:image:height\" content=\"800\" \/>\n\t<meta property=\"og:image:type\" content=\"image\/jpeg\" \/>\n<meta name=\"twitter:card\" content=\"summary_large_image\" \/>\n<meta name=\"twitter:label1\" content=\"Ansl. lesetid\" \/>\n\t<meta name=\"twitter:data1\" content=\"2 minutter\" \/>\n<script type=\"application\/ld+json\" class=\"yoast-schema-graph\">{\"@context\":\"https:\/\/schema.org\",\"@graph\":[{\"@type\":\"WebPage\",\"@id\":\"https:\/\/mekulo.com\/no\/produkt\/usynlige-matteklistremerker\/\",\"url\":\"https:\/\/mekulo.com\/no\/produkt\/usynlige-matteklistremerker\/\",\"name\":\"Usynlige matteklistremerker - Mekulo NO\",\"isPartOf\":{\"@id\":\"https:\/\/mekulo.com\/no\/#website\"},\"primaryImageOfPage\":{\"@id\":\"https:\/\/mekulo.com\/no\/produkt\/usynlige-matteklistremerker\/#primaryimage\"},\"image\":{\"@id\":\"https:\/\/mekulo.com\/no\/produkt\/usynlige-matteklistremerker\/#primaryimage\"},\"thumbnailUrl\":\"https:\/\/mekulo.com\/no\/wp-content\/uploads\/sites\/10\/2026\/02\/uqv5ana-1.jpg\",\"datePublished\":\"2026-02-25T16:22:55+00:00\",\"dateModified\":\"2026-04-06T13:17:44+00:00\",\"breadcrumb\":{\"@id\":\"https:\/\/mekulo.com\/no\/produkt\/usynlige-matteklistremerker\/#breadcrumb\"},\"inLanguage\":\"nb-NO\",\"potentialAction\":[{\"@type\":\"ReadAction\",\"target\":[\"https:\/\/mekulo.com\/no\/produkt\/usynlige-matteklistremerker\/\"]}]},{\"@type\":\"ImageObject\",\"inLanguage\":\"nb-NO\",\"@id\":\"https:\/\/mekulo.com\/no\/produkt\/usynlige-matteklistremerker\/#primaryimage\",\"url\":\"https:\/\/mekulo.com\/no\/wp-content\/uploads\/sites\/10\/2026\/02\/uqv5ana-1.jpg\",\"contentUrl\":\"https:\/\/mekulo.com\/no\/wp-content\/uploads\/sites\/10\/2026\/02\/uqv5ana-1.jpg\",\"width\":800,\"height\":800},{\"@type\":\"BreadcrumbList\",\"@id\":\"https:\/\/mekulo.com\/no\/produkt\/usynlige-matteklistremerker\/#breadcrumb\",\"itemListElement\":[{\"@type\":\"ListItem\",\"position\":1,\"name\":\"Home\",\"item\":\"https:\/\/mekulo.com\/no\/\"},{\"@type\":\"ListItem\",\"position\":2,\"name\":\"Butikk\",\"item\":\"https:\/\/mekulo.com\/no\/butikk\/\"},{\"@type\":\"ListItem\",\"position\":3,\"name\":\"Usynlige matteklistremerker\"}]},{\"@type\":\"WebSite\",\"@id\":\"https:\/\/mekulo.com\/no\/#website\",\"url\":\"https:\/\/mekulo.com\/no\/\",\"name\":\"Mekulo NO\",\"description\":\"\",\"publisher\":{\"@id\":\"https:\/\/mekulo.com\/no\/#organization\"},\"potentialAction\":[{\"@type\":\"SearchAction\",\"target\":{\"@type\":\"EntryPoint\",\"urlTemplate\":\"https:\/\/mekulo.com\/no\/?s={search_term_string}\"},\"query-input\":{\"@type\":\"PropertyValueSpecification\",\"valueRequired\":true,\"valueName\":\"search_term_string\"}}],\"inLanguage\":\"nb-NO\"},{\"@type\":\"Organization\",\"@id\":\"https:\/\/mekulo.com\/no\/#organization\",\"name\":\"Mekulo\",\"url\":\"https:\/\/mekulo.com\/no\/\",\"logo\":{\"@type\":\"ImageObject\",\"inLanguage\":\"nb-NO\",\"@id\":\"https:\/\/mekulo.com\/no\/#\/schema\/logo\/image\/\",\"url\":\"https:\/\/mekulo.com\/no\/wp-content\/uploads\/sites\/10\/2025\/12\/favicon_mekulo.png\",\"contentUrl\":\"https:\/\/mekulo.com\/no\/wp-content\/uploads\/sites\/10\/2025\/12\/favicon_mekulo.png\",\"width\":50,\"height\":50,\"caption\":\"Mekulo\"},\"image\":{\"@id\":\"https:\/\/mekulo.com\/no\/#\/schema\/logo\/image\/\"}}]}<\/script>\n<!-- \/ Yoast SEO plugin. -->","yoast_head_json":{"title":"Usynlige matteklistremerker - Mekulo NO","robots":{"index":"index","follow":"follow","max-snippet":"max-snippet:-1","max-image-preview":"max-image-preview:large","max-video-preview":"max-video-preview:-1"},"canonical":"https:\/\/mekulo.com\/no\/produkt\/usynlige-matteklistremerker\/","og_locale":"nb_NO","og_type":"article","og_title":"Usynlige matteklistremerker - Mekulo NO","og_description":"\u2728Vent alt n\u00f8yaktig der det h\u00f8rer hjemme. \ud83d\udd25Stabilitet uten synlig rot. \ud83c\udfe0Disse usynlige matteklistremerkene fester matter og tekstiler p\u00e5 en diskret m\u00e5te, og hjelper deg med \u00e5 opprettholde et ryddig, sklisikkert milj\u00f8 hjemme eller p\u00e5 farten.","og_url":"https:\/\/mekulo.com\/no\/produkt\/usynlige-matteklistremerker\/","og_site_name":"Mekulo NO","article_modified_time":"2026-04-06T13:17:44+00:00","og_image":[{"width":800,"height":800,"url":"https:\/\/mekulo.com\/no\/wp-content\/uploads\/sites\/10\/2026\/02\/uqv5ana-1.jpg","type":"image\/jpeg"}],"twitter_card":"summary_large_image","twitter_misc":{"Ansl. lesetid":"2 minutter"},"schema":{"@context":"https:\/\/schema.org","@graph":[{"@type":"WebPage","@id":"https:\/\/mekulo.com\/no\/produkt\/usynlige-matteklistremerker\/","url":"https:\/\/mekulo.com\/no\/produkt\/usynlige-matteklistremerker\/","name":"Usynlige matteklistremerker - Mekulo NO","isPartOf":{"@id":"https:\/\/mekulo.com\/no\/#website"},"primaryImageOfPage":{"@id":"https:\/\/mekulo.com\/no\/produkt\/usynlige-matteklistremerker\/#primaryimage"},"image":{"@id":"https:\/\/mekulo.com\/no\/produkt\/usynlige-matteklistremerker\/#primaryimage"},"thumbnailUrl":"https:\/\/mekulo.com\/no\/wp-content\/uploads\/sites\/10\/2026\/02\/uqv5ana-1.jpg","datePublished":"2026-02-25T16:22:55+00:00","dateModified":"2026-04-06T13:17:44+00:00","breadcrumb":{"@id":"https:\/\/mekulo.com\/no\/produkt\/usynlige-matteklistremerker\/#breadcrumb"},"inLanguage":"nb-NO","potentialAction":[{"@type":"ReadAction","target":["https:\/\/mekulo.com\/no\/produkt\/usynlige-matteklistremerker\/"]}]},{"@type":"ImageObject","inLanguage":"nb-NO","@id":"https:\/\/mekulo.com\/no\/produkt\/usynlige-matteklistremerker\/#primaryimage","url":"https:\/\/mekulo.com\/no\/wp-content\/uploads\/sites\/10\/2026\/02\/uqv5ana-1.jpg","contentUrl":"https:\/\/mekulo.com\/no\/wp-content\/uploads\/sites\/10\/2026\/02\/uqv5ana-1.jpg","width":800,"height":800},{"@type":"BreadcrumbList","@id":"https:\/\/mekulo.com\/no\/produkt\/usynlige-matteklistremerker\/#breadcrumb","itemListElement":[{"@type":"ListItem","position":1,"name":"Home","item":"https:\/\/mekulo.com\/no\/"},{"@type":"ListItem","position":2,"name":"Butikk","item":"https:\/\/mekulo.com\/no\/butikk\/"},{"@type":"ListItem","position":3,"name":"Usynlige matteklistremerker"}]},{"@type":"WebSite","@id":"https:\/\/mekulo.com\/no\/#website","url":"https:\/\/mekulo.com\/no\/","name":"Mekulo NO","description":"","publisher":{"@id":"https:\/\/mekulo.com\/no\/#organization"},"potentialAction":[{"@type":"SearchAction","target":{"@type":"EntryPoint","urlTemplate":"https:\/\/mekulo.com\/no\/?s={search_term_string}"},"query-input":{"@type":"PropertyValueSpecification","valueRequired":true,"valueName":"search_term_string"}}],"inLanguage":"nb-NO"},{"@type":"Organization","@id":"https:\/\/mekulo.com\/no\/#organization","name":"Mekulo","url":"https:\/\/mekulo.com\/no\/","logo":{"@type":"ImageObject","inLanguage":"nb-NO","@id":"https:\/\/mekulo.com\/no\/#\/schema\/logo\/image\/","url":"https:\/\/mekulo.com\/no\/wp-content\/uploads\/sites\/10\/2025\/12\/favicon_mekulo.png","contentUrl":"https:\/\/mekulo.com\/no\/wp-content\/uploads\/sites\/10\/2025\/12\/favicon_mekulo.png","width":50,"height":50,"caption":"Mekulo"},"image":{"@id":"https:\/\/mekulo.com\/no\/#\/schema\/logo\/image\/"}}]}},"_links":{"self":[{"href":"https:\/\/mekulo.com\/no\/wp-json\/wp\/v2\/product\/24723","targetHints":{"allow":["GET"]}}],"collection":[{"href":"https:\/\/mekulo.com\/no\/wp-json\/wp\/v2\/product"}],"about":[{"href":"https:\/\/mekulo.com\/no\/wp-json\/wp\/v2\/types\/product"}],"replies":[{"embeddable":true,"href":"https:\/\/mekulo.com\/no\/wp-json\/wp\/v2\/comments?post=24723"}],"wp:featuredmedia":[{"embeddable":true,"href":"https:\/\/mekulo.com\/no\/wp-json\/wp\/v2\/media\/24719"}],"wp:attachment":[{"href":"https:\/\/mekulo.com\/no\/wp-json\/wp\/v2\/media?parent=24723"}],"wp:term":[{"taxonomy":"product_brand","embeddable":true,"href":"https:\/\/mekulo.com\/no\/wp-json\/wp\/v2\/product_brand?post=24723"},{"taxonomy":"product_cat","embeddable":true,"href":"https:\/\/mekulo.com\/no\/wp-json\/wp\/v2\/product_cat?post=24723"},{"taxonomy":"product_tag","embeddable":true,"href":"https:\/\/mekulo.com\/no\/wp-json\/wp\/v2\/product_tag?post=24723"}],"curies":[{"name":"wp","href":"https:\/\/api.w.org\/{rel}","templated":true}]}}