{"id":24369,"date":"2026-02-23T07:51:35","date_gmt":"2026-02-23T05:51:35","guid":{"rendered":"https:\/\/mekulo.com\/no\/produkt\/negleklipper-med-forstorrelsesglass\/"},"modified":"2026-02-23T07:52:13","modified_gmt":"2026-02-23T05:52:13","slug":"negleklipper-med-forstorrelsesglass","status":"publish","type":"product","link":"https:\/\/mekulo.com\/no\/produkt\/negleklipper-med-forstorrelsesglass\/","title":{"rendered":"Negleklipper med forst\u00f8rrelsesglass"},"content":{"rendered":"<h2 style=\"text-align: center\" data-start=\"263\" data-end=\"279\">\u2728 L\u00f8ftet<\/h2>\n<p style=\"text-align: center\" data-start=\"281\" data-end=\"330\">Skarpere sikt.<br data-start=\"294\" data-end=\"297\" \/>Tryggere trimming.<br data-start=\"312\" data-end=\"315\" \/>Bedre resultater.<\/p>\n<p data-start=\"281\" data-end=\"330\"><img fetchpriority=\"high\" decoding=\"async\" class=\" wp-image-25872 aligncenter\" src=\"https:\/\/mekulo.com\/template\/wp-content\/uploads\/sites\/6\/2026\/02\/122123-ezgif.com-video-to-webp-converter.webp\" alt=\"\" width=\"550\" height=\"550\" \/><\/p>\n<h2 style=\"text-align: center\" data-start=\"337\" data-end=\"355\">\u2705 Hovedfordeler<\/h2>\n<p data-start=\"359\" data-end=\"450\">\ud83d\udc40 2x forst\u00f8rret sikt &#8211; Gj\u00f8r negletrimming enklere for slitne eller svaksynte.<\/p>\n<p data-start=\"454\" data-end=\"541\">\u2702\ufe0f Rene, presise kutt &#8211; Skarp kant hjelper deg med \u00e5 trimme selv tykke eller harde negler jevnt.<\/p>\n<p data-start=\"545\" data-end=\"633\">\ud83d\udee1\ufe0f Forbedret sikkerhet &amp; kontroll &#8211; Bedre sikt reduserer risikoen for overklipping.<\/p>\n<p data-start=\"637\" data-end=\"709\">\u270b Komfortabelt grep &#8211; Balansert h\u00e5ndtak designet for jevnt trykk.<\/p>\n<p data-start=\"713\" data-end=\"789\">\ud83d\udd04 Justerbar synsvinkel &#8211; Forst\u00f8rrelsesglasset kan flyttes for tydeligere posisjonering.<\/p>\n<p data-start=\"793\" data-end=\"875\">\u2728 Slitesterk kropp i rustfritt st\u00e5l &#8211; Rustbestandig og bygget for langvarig bruk.<\/p>\n<p data-start=\"879\" data-end=\"963\">\ud83c\udf81 Gjennomtenkt og praktisk gave &#8211; Spesielt nyttig for foreldre eller besteforeldre.<\/p>\n<p data-start=\"879\" data-end=\"963\"><img decoding=\"async\" class=\"size-full wp-image-25874 aligncenter\" src=\"https:\/\/mekulo.com\/template\/wp-content\/uploads\/sites\/6\/2026\/02\/S4f19402d7d1648bab8e5c6e1cb50762ed.webp\" alt=\"\" width=\"1000\" height=\"1000\" \/><\/p>\n<h2 style=\"text-align: center\" data-start=\"970\" data-end=\"993\">\u2757 Problem \u2192 L\u00f8sning<\/h2>\n<p data-start=\"995\" data-end=\"1119\"><strong data-start=\"995\" data-end=\"1007\">Problem:<\/strong><br data-start=\"1007\" data-end=\"1010\" \/>Uklart syn, d\u00e5rlig belysning og liten st\u00f8rrelse p\u00e5 negleklipperen kan gj\u00f8re negleklipping stressende, un\u00f8yaktig og risikabelt.<\/p>\n<p data-start=\"1121\" data-end=\"1234\"><strong data-start=\"1121\" data-end=\"1134\">L\u00f8sning:<\/strong><br data-start=\"1134\" data-end=\"1137\" \/>Det innebygde forst\u00f8rrelsesglasset forst\u00f8rrer utsikten din, slik at du kan trimme med selvtillit og presisjon.<\/p>\n<h2 style=\"text-align: center\" data-start=\"1241\" data-end=\"1258\">\ud83c\udf38 Perfekt for<\/h2>\n<ul data-start=\"1260\" data-end=\"1398\">\n<li data-start=\"1260\" data-end=\"1282\">\n<p data-start=\"1262\" data-end=\"1282\">Daglig neglepleie<\/p>\n<\/li>\n<li data-start=\"1283\" data-end=\"1311\">\n<p data-start=\"1285\" data-end=\"1311\">Seniorer og aldrende syn<\/p>\n<\/li>\n<li data-start=\"1312\" data-end=\"1338\">\n<p data-start=\"1314\" data-end=\"1338\">Milj\u00f8er med lite lys<\/p>\n<\/li>\n<li data-start=\"1339\" data-end=\"1362\">\n<p data-start=\"1341\" data-end=\"1362\">Tykke eller harde negler<\/p>\n<\/li>\n<li data-start=\"1363\" data-end=\"1398\">\n<p data-start=\"1365\" data-end=\"1398\">Reiser og personlig pleie kits<\/p>\n<\/li>\n<\/ul>\n<h2 style=\"text-align: center\" data-start=\"1441\" data-end=\"1457\">\u2699\ufe0f Slik bruker du det<\/h2>\n<ol data-start=\"1459\" data-end=\"1628\">\n<li data-start=\"1459\" data-end=\"1515\">\n<p data-start=\"1462\" data-end=\"1515\">Juster forst\u00f8rrelsesglasset til \u00f8nsket vinkel.<\/p>\n<\/li>\n<li data-start=\"1516\" data-end=\"1555\">\n<p data-start=\"1519\" data-end=\"1555\">Plasser klipperen over neglen.<\/p>\n<\/li>\n<li data-start=\"1556\" data-end=\"1590\">\n<p data-start=\"1559\" data-end=\"1590\">Legg et forsiktig, jevnt trykk.<\/p>\n<\/li>\n<li data-start=\"1591\" data-end=\"1628\">\n<p data-start=\"1594\" data-end=\"1628\">Trim med et klart, forst\u00f8rret syn.<\/p>\n<\/li>\n<\/ol>\n<h2 style=\"text-align: center\" data-start=\"1670\" data-end=\"1691\">\ud83d\udcd0 Produktdetaljer<\/h2>\n<ul data-start=\"1693\" data-end=\"1891\">\n<li data-start=\"1735\" data-end=\"1768\">\n<p data-start=\"1737\" data-end=\"1768\">Materiale: Rustfritt St\u00e5l<\/p>\n<\/li>\n<li data-start=\"1769\" data-end=\"1811\">\n<p data-start=\"1771\" data-end=\"1811\">St\u00f8rrelse: 12 x 1,5 cm<\/p>\n<\/li>\n<\/ul>\n<h2 style=\"text-align: center\" data-start=\"1937\" data-end=\"1959\">\ud83d\udce6 Pakken inneholder<\/h2>\n<ul data-start=\"1961\" data-end=\"2001\">\n<li data-start=\"1961\" data-end=\"2001\">\n<p data-start=\"1963\" data-end=\"2001\">1x negleklipper med forst\u00f8rrelsesglass.<\/p>\n<\/li>\n<\/ul>\n","protected":false},"excerpt":{"rendered":"<p>\ud83d\udd0eSe tydelig. Trim trygt.<br \/>\n\ud83d\udc41\ufe0fPrecision grooming gjort enklere for \u00f8ynene dine.<br \/>\n\ud83d\udc85Designet for komfort og kontroll, hjelper denne negleklipperen med forst\u00f8rrelsesglass deg med \u00e5 oppn\u00e5 rene, n\u00f8yaktige kutt \u2014 spesielt n\u00e5r synligheten er viktigst.<\/p>\n","protected":false},"featured_media":24365,"comment_status":"open","ping_status":"closed","template":"","meta":{"site-sidebar-layout":"default","site-content-layout":"","ast-site-content-layout":"default","site-content-style":"default","site-sidebar-style":"default","ast-global-header-display":"","ast-banner-title-visibility":"","ast-main-header-display":"","ast-hfb-above-header-display":"","ast-hfb-below-header-display":"","ast-hfb-mobile-header-display":"","site-post-title":"","ast-breadcrumbs-content":"","ast-featured-img":"","footer-sml-layout":"","theme-transparent-header-meta":"default","adv-header-id-meta":"","stick-header-meta":"","header-above-stick-meta":"","header-main-stick-meta":"","header-below-stick-meta":"","astra-migrate-meta-layouts":"set","ast-page-background-enabled":"default","ast-page-background-meta":{"desktop":{"background-color":"var(--ast-global-color-5)","background-image":"","background-repeat":"repeat","background-position":"center center","background-size":"auto","background-attachment":"scroll","background-type":"","background-media":"","overlay-type":"","overlay-color":"","overlay-opacity":"","overlay-gradient":""},"tablet":{"background-color":"","background-image":"","background-repeat":"repeat","background-position":"center center","background-size":"auto","background-attachment":"scroll","background-type":"","background-media":"","overlay-type":"","overlay-color":"","overlay-opacity":"","overlay-gradient":""},"mobile":{"background-color":"","background-image":"","background-repeat":"repeat","background-position":"center center","background-size":"auto","background-attachment":"scroll","background-type":"","background-media":"","overlay-type":"","overlay-color":"","overlay-opacity":"","overlay-gradient":""}},"ast-content-background-meta":{"desktop":{"background-color":"var(--ast-global-color-4)","background-image":"","background-repeat":"repeat","background-position":"center center","background-size":"auto","background-attachment":"scroll","background-type":"","background-media":"","overlay-type":"","overlay-color":"","overlay-opacity":"","overlay-gradient":""},"tablet":{"background-color":"var(--ast-global-color-4)","background-image":"","background-repeat":"repeat","background-position":"center center","background-size":"auto","background-attachment":"scroll","background-type":"","background-media":"","overlay-type":"","overlay-color":"","overlay-opacity":"","overlay-gradient":""},"mobile":{"background-color":"var(--ast-global-color-4)","background-image":"","background-repeat":"repeat","background-position":"center center","background-size":"auto","background-attachment":"scroll","background-type":"","background-media":"","overlay-type":"","overlay-color":"","overlay-opacity":"","overlay-gradient":""}}},"product_brand":[],"product_cat":[165],"product_tag":[],"class_list":{"0":"post-24369","1":"product","2":"type-product","3":"status-publish","4":"has-post-thumbnail","6":"product_cat-fottoy-tilbehor","7":"pa_61886_s8t401cq-1-stk","8":"pa_61886_s8t401cq-2-stk","9":"pa_61886_thmp6niy-gronn","10":"pa_61886_thmp6niy-hvit","11":"pa_61886_thmp6niy-kaffe","12":"pa_61886_thmp6niy-rosa","13":"pa_61886_thmp6niy-svart","14":"desktop-align-left","15":"tablet-align-left","16":"mobile-align-left","18":"first","19":"instock","20":"shipping-taxable","21":"purchasable","22":"product-type-variable","23":"has-default-attributes"},"yoast_head":"<!-- This site is optimized with the Yoast SEO plugin v26.6 - https:\/\/yoast.com\/wordpress\/plugins\/seo\/ -->\n<title>Negleklipper med forst\u00f8rrelsesglass - Mekulo NO<\/title>\n<meta name=\"robots\" content=\"index, follow, max-snippet:-1, max-image-preview:large, max-video-preview:-1\" \/>\n<link rel=\"canonical\" href=\"https:\/\/mekulo.com\/no\/produkt\/negleklipper-med-forstorrelsesglass\/\" \/>\n<meta property=\"og:locale\" content=\"nb_NO\" \/>\n<meta property=\"og:type\" content=\"article\" \/>\n<meta property=\"og:title\" content=\"Negleklipper med forst\u00f8rrelsesglass - Mekulo NO\" \/>\n<meta property=\"og:description\" content=\"\ud83d\udd0eSe tydelig. Trim trygt. \ud83d\udc41\ufe0fPrecision grooming gjort enklere for \u00f8ynene dine. \ud83d\udc85Designet for komfort og kontroll, hjelper denne negleklipperen med forst\u00f8rrelsesglass deg med \u00e5 oppn\u00e5 rene, n\u00f8yaktige kutt \u2014 spesielt n\u00e5r synligheten er viktigst.\" \/>\n<meta property=\"og:url\" content=\"https:\/\/mekulo.com\/no\/produkt\/negleklipper-med-forstorrelsesglass\/\" \/>\n<meta property=\"og:site_name\" content=\"Mekulo NO\" \/>\n<meta property=\"article:modified_time\" content=\"2026-02-23T05:52:13+00:00\" \/>\n<meta property=\"og:image\" content=\"https:\/\/mekulo.com\/no\/wp-content\/uploads\/sites\/10\/2026\/02\/uj7xizz-1.webp\" \/>\n\t<meta property=\"og:image:width\" content=\"800\" \/>\n\t<meta property=\"og:image:height\" content=\"800\" \/>\n\t<meta property=\"og:image:type\" content=\"image\/webp\" \/>\n<meta name=\"twitter:card\" content=\"summary_large_image\" \/>\n<meta name=\"twitter:label1\" content=\"Ansl. lesetid\" \/>\n\t<meta name=\"twitter:data1\" content=\"2 minutter\" \/>\n<script type=\"application\/ld+json\" class=\"yoast-schema-graph\">{\"@context\":\"https:\/\/schema.org\",\"@graph\":[{\"@type\":\"WebPage\",\"@id\":\"https:\/\/mekulo.com\/no\/produkt\/negleklipper-med-forstorrelsesglass\/\",\"url\":\"https:\/\/mekulo.com\/no\/produkt\/negleklipper-med-forstorrelsesglass\/\",\"name\":\"Negleklipper med forst\u00f8rrelsesglass - Mekulo NO\",\"isPartOf\":{\"@id\":\"https:\/\/mekulo.com\/no\/#website\"},\"primaryImageOfPage\":{\"@id\":\"https:\/\/mekulo.com\/no\/produkt\/negleklipper-med-forstorrelsesglass\/#primaryimage\"},\"image\":{\"@id\":\"https:\/\/mekulo.com\/no\/produkt\/negleklipper-med-forstorrelsesglass\/#primaryimage\"},\"thumbnailUrl\":\"https:\/\/mekulo.com\/no\/wp-content\/uploads\/sites\/10\/2026\/02\/uj7xizz-1.webp\",\"datePublished\":\"2026-02-23T05:51:35+00:00\",\"dateModified\":\"2026-02-23T05:52:13+00:00\",\"breadcrumb\":{\"@id\":\"https:\/\/mekulo.com\/no\/produkt\/negleklipper-med-forstorrelsesglass\/#breadcrumb\"},\"inLanguage\":\"nb-NO\",\"potentialAction\":[{\"@type\":\"ReadAction\",\"target\":[\"https:\/\/mekulo.com\/no\/produkt\/negleklipper-med-forstorrelsesglass\/\"]}]},{\"@type\":\"ImageObject\",\"inLanguage\":\"nb-NO\",\"@id\":\"https:\/\/mekulo.com\/no\/produkt\/negleklipper-med-forstorrelsesglass\/#primaryimage\",\"url\":\"https:\/\/mekulo.com\/no\/wp-content\/uploads\/sites\/10\/2026\/02\/uj7xizz-1.webp\",\"contentUrl\":\"https:\/\/mekulo.com\/no\/wp-content\/uploads\/sites\/10\/2026\/02\/uj7xizz-1.webp\",\"width\":800,\"height\":800},{\"@type\":\"BreadcrumbList\",\"@id\":\"https:\/\/mekulo.com\/no\/produkt\/negleklipper-med-forstorrelsesglass\/#breadcrumb\",\"itemListElement\":[{\"@type\":\"ListItem\",\"position\":1,\"name\":\"Home\",\"item\":\"https:\/\/mekulo.com\/no\/\"},{\"@type\":\"ListItem\",\"position\":2,\"name\":\"Butikk\",\"item\":\"https:\/\/mekulo.com\/no\/butikk\/\"},{\"@type\":\"ListItem\",\"position\":3,\"name\":\"Negleklipper med forst\u00f8rrelsesglass\"}]},{\"@type\":\"WebSite\",\"@id\":\"https:\/\/mekulo.com\/no\/#website\",\"url\":\"https:\/\/mekulo.com\/no\/\",\"name\":\"Mekulo NO\",\"description\":\"\",\"publisher\":{\"@id\":\"https:\/\/mekulo.com\/no\/#organization\"},\"potentialAction\":[{\"@type\":\"SearchAction\",\"target\":{\"@type\":\"EntryPoint\",\"urlTemplate\":\"https:\/\/mekulo.com\/no\/?s={search_term_string}\"},\"query-input\":{\"@type\":\"PropertyValueSpecification\",\"valueRequired\":true,\"valueName\":\"search_term_string\"}}],\"inLanguage\":\"nb-NO\"},{\"@type\":\"Organization\",\"@id\":\"https:\/\/mekulo.com\/no\/#organization\",\"name\":\"Mekulo\",\"url\":\"https:\/\/mekulo.com\/no\/\",\"logo\":{\"@type\":\"ImageObject\",\"inLanguage\":\"nb-NO\",\"@id\":\"https:\/\/mekulo.com\/no\/#\/schema\/logo\/image\/\",\"url\":\"https:\/\/mekulo.com\/no\/wp-content\/uploads\/sites\/10\/2025\/12\/favicon_mekulo.png\",\"contentUrl\":\"https:\/\/mekulo.com\/no\/wp-content\/uploads\/sites\/10\/2025\/12\/favicon_mekulo.png\",\"width\":50,\"height\":50,\"caption\":\"Mekulo\"},\"image\":{\"@id\":\"https:\/\/mekulo.com\/no\/#\/schema\/logo\/image\/\"}}]}<\/script>\n<!-- \/ Yoast SEO plugin. -->","yoast_head_json":{"title":"Negleklipper med forst\u00f8rrelsesglass - Mekulo NO","robots":{"index":"index","follow":"follow","max-snippet":"max-snippet:-1","max-image-preview":"max-image-preview:large","max-video-preview":"max-video-preview:-1"},"canonical":"https:\/\/mekulo.com\/no\/produkt\/negleklipper-med-forstorrelsesglass\/","og_locale":"nb_NO","og_type":"article","og_title":"Negleklipper med forst\u00f8rrelsesglass - Mekulo NO","og_description":"\ud83d\udd0eSe tydelig. Trim trygt. \ud83d\udc41\ufe0fPrecision grooming gjort enklere for \u00f8ynene dine. \ud83d\udc85Designet for komfort og kontroll, hjelper denne negleklipperen med forst\u00f8rrelsesglass deg med \u00e5 oppn\u00e5 rene, n\u00f8yaktige kutt \u2014 spesielt n\u00e5r synligheten er viktigst.","og_url":"https:\/\/mekulo.com\/no\/produkt\/negleklipper-med-forstorrelsesglass\/","og_site_name":"Mekulo NO","article_modified_time":"2026-02-23T05:52:13+00:00","og_image":[{"width":800,"height":800,"url":"https:\/\/mekulo.com\/no\/wp-content\/uploads\/sites\/10\/2026\/02\/uj7xizz-1.webp","type":"image\/webp"}],"twitter_card":"summary_large_image","twitter_misc":{"Ansl. lesetid":"2 minutter"},"schema":{"@context":"https:\/\/schema.org","@graph":[{"@type":"WebPage","@id":"https:\/\/mekulo.com\/no\/produkt\/negleklipper-med-forstorrelsesglass\/","url":"https:\/\/mekulo.com\/no\/produkt\/negleklipper-med-forstorrelsesglass\/","name":"Negleklipper med forst\u00f8rrelsesglass - Mekulo NO","isPartOf":{"@id":"https:\/\/mekulo.com\/no\/#website"},"primaryImageOfPage":{"@id":"https:\/\/mekulo.com\/no\/produkt\/negleklipper-med-forstorrelsesglass\/#primaryimage"},"image":{"@id":"https:\/\/mekulo.com\/no\/produkt\/negleklipper-med-forstorrelsesglass\/#primaryimage"},"thumbnailUrl":"https:\/\/mekulo.com\/no\/wp-content\/uploads\/sites\/10\/2026\/02\/uj7xizz-1.webp","datePublished":"2026-02-23T05:51:35+00:00","dateModified":"2026-02-23T05:52:13+00:00","breadcrumb":{"@id":"https:\/\/mekulo.com\/no\/produkt\/negleklipper-med-forstorrelsesglass\/#breadcrumb"},"inLanguage":"nb-NO","potentialAction":[{"@type":"ReadAction","target":["https:\/\/mekulo.com\/no\/produkt\/negleklipper-med-forstorrelsesglass\/"]}]},{"@type":"ImageObject","inLanguage":"nb-NO","@id":"https:\/\/mekulo.com\/no\/produkt\/negleklipper-med-forstorrelsesglass\/#primaryimage","url":"https:\/\/mekulo.com\/no\/wp-content\/uploads\/sites\/10\/2026\/02\/uj7xizz-1.webp","contentUrl":"https:\/\/mekulo.com\/no\/wp-content\/uploads\/sites\/10\/2026\/02\/uj7xizz-1.webp","width":800,"height":800},{"@type":"BreadcrumbList","@id":"https:\/\/mekulo.com\/no\/produkt\/negleklipper-med-forstorrelsesglass\/#breadcrumb","itemListElement":[{"@type":"ListItem","position":1,"name":"Home","item":"https:\/\/mekulo.com\/no\/"},{"@type":"ListItem","position":2,"name":"Butikk","item":"https:\/\/mekulo.com\/no\/butikk\/"},{"@type":"ListItem","position":3,"name":"Negleklipper med forst\u00f8rrelsesglass"}]},{"@type":"WebSite","@id":"https:\/\/mekulo.com\/no\/#website","url":"https:\/\/mekulo.com\/no\/","name":"Mekulo NO","description":"","publisher":{"@id":"https:\/\/mekulo.com\/no\/#organization"},"potentialAction":[{"@type":"SearchAction","target":{"@type":"EntryPoint","urlTemplate":"https:\/\/mekulo.com\/no\/?s={search_term_string}"},"query-input":{"@type":"PropertyValueSpecification","valueRequired":true,"valueName":"search_term_string"}}],"inLanguage":"nb-NO"},{"@type":"Organization","@id":"https:\/\/mekulo.com\/no\/#organization","name":"Mekulo","url":"https:\/\/mekulo.com\/no\/","logo":{"@type":"ImageObject","inLanguage":"nb-NO","@id":"https:\/\/mekulo.com\/no\/#\/schema\/logo\/image\/","url":"https:\/\/mekulo.com\/no\/wp-content\/uploads\/sites\/10\/2025\/12\/favicon_mekulo.png","contentUrl":"https:\/\/mekulo.com\/no\/wp-content\/uploads\/sites\/10\/2025\/12\/favicon_mekulo.png","width":50,"height":50,"caption":"Mekulo"},"image":{"@id":"https:\/\/mekulo.com\/no\/#\/schema\/logo\/image\/"}}]}},"_links":{"self":[{"href":"https:\/\/mekulo.com\/no\/wp-json\/wp\/v2\/product\/24369","targetHints":{"allow":["GET"]}}],"collection":[{"href":"https:\/\/mekulo.com\/no\/wp-json\/wp\/v2\/product"}],"about":[{"href":"https:\/\/mekulo.com\/no\/wp-json\/wp\/v2\/types\/product"}],"replies":[{"embeddable":true,"href":"https:\/\/mekulo.com\/no\/wp-json\/wp\/v2\/comments?post=24369"}],"wp:featuredmedia":[{"embeddable":true,"href":"https:\/\/mekulo.com\/no\/wp-json\/wp\/v2\/media\/24365"}],"wp:attachment":[{"href":"https:\/\/mekulo.com\/no\/wp-json\/wp\/v2\/media?parent=24369"}],"wp:term":[{"taxonomy":"product_brand","embeddable":true,"href":"https:\/\/mekulo.com\/no\/wp-json\/wp\/v2\/product_brand?post=24369"},{"taxonomy":"product_cat","embeddable":true,"href":"https:\/\/mekulo.com\/no\/wp-json\/wp\/v2\/product_cat?post=24369"},{"taxonomy":"product_tag","embeddable":true,"href":"https:\/\/mekulo.com\/no\/wp-json\/wp\/v2\/product_tag?post=24369"}],"curies":[{"name":"wp","href":"https:\/\/api.w.org\/{rel}","templated":true}]}}