{"id":24326,"date":"2026-02-23T07:46:54","date_gmt":"2026-02-23T05:46:54","guid":{"rendered":"https:\/\/mekulo.com\/no\/produkt\/rorkutter-med-skralle-og-en-hand\/"},"modified":"2026-02-23T08:01:49","modified_gmt":"2026-02-23T06:01:49","slug":"rorkutter-med-skralle-og-en-hand","status":"publish","type":"product","link":"https:\/\/mekulo.com\/no\/produkt\/rorkutter-med-skralle-og-en-hand\/","title":{"rendered":"R\u00f8rkutter med skralle og \u00e9n h\u00e5nd"},"content":{"rendered":"<h2 style=\"text-align: center\" data-start=\"249\" data-end=\"265\">\u2728 L\u00f8ftet<\/h2>\n<p style=\"text-align: center\" data-start=\"267\" data-end=\"316\">Posisjoner \u00e9n gang.<br data-start=\"281\" data-end=\"284\" \/>Skralle enkelt.<br data-start=\"301\" data-end=\"304\" \/>Skj\u00e6r rent.<\/p>\n<p data-start=\"267\" data-end=\"316\"><img fetchpriority=\"high\" decoding=\"async\" class=\" wp-image-25831 aligncenter\" src=\"https:\/\/mekulo.com\/template\/wp-content\/uploads\/sites\/6\/2026\/02\/122116-ezgif.com-video-to-webp-converter.webp\" alt=\"\" width=\"550\" height=\"550\" \/><\/p>\n<h2 style=\"text-align: center\" data-start=\"323\" data-end=\"341\">\u2705 Hovedfordeler<\/h2>\n<p data-start=\"345\" data-end=\"430\">\u2702\ufe0f Jevne, rene r\u00f8rkutt &#8211; Bidrar til \u00e5 redusere grader, deformasjon og ujevne kanter.<\/p>\n<p data-start=\"434\" data-end=\"518\">\u2699\ufe0f Kraftbesparende skrallemekanisme &#8211; Kontrollert skj\u00e6ring med mindre belastning p\u00e5 hendene.<\/p>\n<p data-start=\"522\" data-end=\"615\">\ud83c\udfaf Ideell for trange og vanskelig tilgjengelige omr\u00e5der &#8211; Perfekt for r\u00f8r n\u00e6r vegger eller hj\u00f8rner.<\/p>\n<p data-start=\"619\" data-end=\"701\">\ud83d\udd04 Justerbar bladposisjonering &#8211; Tilpasses enkelt til forskjellige r\u00f8rdiametre.<\/p>\n<p data-start=\"705\" data-end=\"794\">\ud83d\udee1\ufe0f Skarpt, utskiftbart st\u00e5lblad &#8211; P\u00e5litelig ytelse med langvarig brukbarhet.<\/p>\n<p data-start=\"798\" data-end=\"874\">\ud83e\uddf0 Kompakt og b\u00e6rbar design &#8211; Enkel \u00e5 b\u00e6re, oppbevare og bruke hvor som helst.<\/p>\n<p data-start=\"878\" data-end=\"960\">\ud83d\udd27 Fleksibel 2-i-1-bruk &#8211; Fungerer uavhengig eller med et ekstra h\u00e5ndtak.<\/p>\n<p data-start=\"878\" data-end=\"960\"><img decoding=\"async\" class=\" wp-image-25830 aligncenter\" src=\"https:\/\/mekulo.com\/template\/wp-content\/uploads\/sites\/6\/2026\/02\/122117-ezgif.com-video-to-webp-converter.webp\" alt=\"\" width=\"550\" height=\"550\" \/><\/p>\n<h2 style=\"text-align: center\" data-start=\"967\" data-end=\"990\">\u2757 Problem \u2192 L\u00f8sning<\/h2>\n<p data-start=\"992\" data-end=\"1104\"><strong data-start=\"992\" data-end=\"1004\">Problem:<\/strong><br data-start=\"1004\" data-end=\"1007\" \/>Kutting av r\u00f8r p\u00e5 trange steder f\u00f8rer ofte til at verkt\u00f8yet sklir, grove kutt eller \u00f8delagte r\u00f8render.<\/p>\n<p data-start=\"1106\" data-end=\"1229\"><strong data-start=\"1106\" data-end=\"1119\">L\u00f8sning:<\/strong><br data-start=\"1119\" data-end=\"1122\" \/>Denne r\u00f8rkutteren med skralle roterer jevnt rundt r\u00f8ret, noe som gir stabile, kontrollerte og presise kutt.<\/p>\n<h2 style=\"text-align: center\" data-start=\"1236\" data-end=\"1253\">\ud83c\udfe0 Perfekt For<\/h2>\n<ul data-start=\"1255\" data-end=\"1383\">\n<li data-start=\"1255\" data-end=\"1272\">\n<p data-start=\"1257\" data-end=\"1272\">R\u00f8rleggerarbeid<\/p>\n<\/li>\n<li data-start=\"1273\" data-end=\"1295\">\n<p data-start=\"1275\" data-end=\"1295\">HVAC-installasjoner<\/p>\n<\/li>\n<li data-start=\"1296\" data-end=\"1326\">\n<p data-start=\"1298\" data-end=\"1326\">Bad- og kj\u00f8kkenreparasjoner<\/p>\n<\/li>\n<li data-start=\"1327\" data-end=\"1351\">\n<p data-start=\"1329\" data-end=\"1351\">DIY-oppussing av hjemmet<\/p>\n<\/li>\n<li data-start=\"1352\" data-end=\"1383\">\n<p data-start=\"1354\" data-end=\"1383\">Verksted og profesjonell bruk<\/p>\n<\/li>\n<\/ul>\n<p data-start=\"1385\" data-end=\"1435\">Kompatibel med kobber-, PVC- og myke metallr\u00f8r.<\/p>\n<h2 style=\"text-align: center\" data-start=\"1442\" data-end=\"1458\">\u2699\ufe0f Slik Bruker Du Den<\/h2>\n<ol data-start=\"1460\" data-end=\"1601\">\n<li data-start=\"1460\" data-end=\"1496\">\n<p data-start=\"1463\" data-end=\"1496\">Posisjoner kutteren rundt r\u00f8ret.<\/p>\n<\/li>\n<li data-start=\"1497\" data-end=\"1531\">\n<p data-start=\"1500\" data-end=\"1531\">Juster bladet til r\u00f8rdiameteren.<\/p>\n<\/li>\n<li data-start=\"1532\" data-end=\"1565\">\n<p data-start=\"1535\" data-end=\"1565\">Skralle med jevnt trykk.<\/p>\n<\/li>\n<li data-start=\"1566\" data-end=\"1601\">\n<p data-start=\"1569\" data-end=\"1601\">Fortsett til kuttet er fullf\u00f8rt.<\/p>\n<\/li>\n<\/ol>\n<h2 style=\"text-align: center\" data-start=\"1644\" data-end=\"1665\">\ud83d\udcd0 Produktdetaljer<\/h2>\n<ul data-start=\"1667\" data-end=\"1848\">\n<li data-start=\"1667\" data-end=\"1700\">\n<p data-start=\"1669\" data-end=\"1700\">Materiale: Sinklegert kropp<\/p>\n<\/li>\n<li data-start=\"1701\" data-end=\"1735\">\n<p data-start=\"1703\" data-end=\"1735\">Blad: St\u00e5l (utskiftbart)<\/p>\n<\/li>\n<li data-start=\"1736\" data-end=\"1778\">\n<p data-start=\"1738\" data-end=\"1778\">Design: Enh\u00e5nds skrallemekanisme<\/p>\n<\/li>\n<li data-start=\"1779\" data-end=\"1801\">\n<p data-start=\"1781\" data-end=\"1801\">St\u00f8rrelse: 16,5 x 6,5 cm, 18 x 8 cm<\/p>\n<\/li>\n<li data-start=\"1802\" data-end=\"1848\">\n<p data-start=\"1804\" data-end=\"1848\">Funksjon: R\u00f8rskj\u00e6ring p\u00e5 trange steder<\/p>\n<\/li>\n<\/ul>\n<h2 style=\"text-align: center\" data-start=\"1901\" data-end=\"1923\">\ud83d\udce6 Pakken Inneholder<\/h2>\n<ul data-start=\"1925\" data-end=\"1979\">\n<li data-start=\"1925\" data-end=\"1961\">\n<p data-start=\"1927\" data-end=\"1961\">1x r\u00f8rkutter med \u00e9nh\u00e5nds skralle.<\/p>\n<\/li>\n<\/ul>\n","protected":false},"excerpt":{"rendered":"<p>\ud83d\udc68\u200d\ud83d\udd27Clean kutter, selv p\u00e5 de trangeste steder.<br \/>\n\ud83e\uddf0Presisjonskontroll med minimal innsats.<br \/>\n\ud83d\udd27Designet for jevn, n\u00f8yaktig r\u00f8rkutting n\u00e6r vegger og trange omr\u00e5der &#8211; uten vanskelige vinkler eller overdreven kraft.<\/p>\n","protected":false},"featured_media":24322,"comment_status":"open","ping_status":"closed","template":"","meta":{"site-sidebar-layout":"default","site-content-layout":"","ast-site-content-layout":"default","site-content-style":"default","site-sidebar-style":"default","ast-global-header-display":"","ast-banner-title-visibility":"","ast-main-header-display":"","ast-hfb-above-header-display":"","ast-hfb-below-header-display":"","ast-hfb-mobile-header-display":"","site-post-title":"","ast-breadcrumbs-content":"","ast-featured-img":"","footer-sml-layout":"","theme-transparent-header-meta":"default","adv-header-id-meta":"","stick-header-meta":"","header-above-stick-meta":"","header-main-stick-meta":"","header-below-stick-meta":"","astra-migrate-meta-layouts":"set","ast-page-background-enabled":"default","ast-page-background-meta":{"desktop":{"background-color":"var(--ast-global-color-5)","background-image":"","background-repeat":"repeat","background-position":"center center","background-size":"auto","background-attachment":"scroll","background-type":"","background-media":"","overlay-type":"","overlay-color":"","overlay-opacity":"","overlay-gradient":""},"tablet":{"background-color":"","background-image":"","background-repeat":"repeat","background-position":"center center","background-size":"auto","background-attachment":"scroll","background-type":"","background-media":"","overlay-type":"","overlay-color":"","overlay-opacity":"","overlay-gradient":""},"mobile":{"background-color":"","background-image":"","background-repeat":"repeat","background-position":"center center","background-size":"auto","background-attachment":"scroll","background-type":"","background-media":"","overlay-type":"","overlay-color":"","overlay-opacity":"","overlay-gradient":""}},"ast-content-background-meta":{"desktop":{"background-color":"var(--ast-global-color-4)","background-image":"","background-repeat":"repeat","background-position":"center center","background-size":"auto","background-attachment":"scroll","background-type":"","background-media":"","overlay-type":"","overlay-color":"","overlay-opacity":"","overlay-gradient":""},"tablet":{"background-color":"var(--ast-global-color-4)","background-image":"","background-repeat":"repeat","background-position":"center center","background-size":"auto","background-attachment":"scroll","background-type":"","background-media":"","overlay-type":"","overlay-color":"","overlay-opacity":"","overlay-gradient":""},"mobile":{"background-color":"var(--ast-global-color-4)","background-image":"","background-repeat":"repeat","background-position":"center center","background-size":"auto","background-attachment":"scroll","background-type":"","background-media":"","overlay-type":"","overlay-color":"","overlay-opacity":"","overlay-gradient":""}}},"product_brand":[],"product_cat":[171],"product_tag":[],"class_list":{"0":"post-24326","1":"product","2":"type-product","3":"status-publish","4":"has-post-thumbnail","6":"product_cat-verktoy","7":"pa_61835_myw74dwk-165-x-65-cm","8":"pa_61835_myw74dwk-18-x-8-cm","9":"desktop-align-left","10":"tablet-align-left","11":"mobile-align-left","13":"first","14":"instock","15":"shipping-taxable","16":"purchasable","17":"product-type-variable"},"yoast_head":"<!-- This site is optimized with the Yoast SEO plugin v26.6 - https:\/\/yoast.com\/wordpress\/plugins\/seo\/ -->\n<title>R\u00f8rkutter med skralle og \u00e9n h\u00e5nd - Mekulo NO<\/title>\n<meta name=\"robots\" content=\"index, follow, max-snippet:-1, max-image-preview:large, max-video-preview:-1\" \/>\n<link rel=\"canonical\" href=\"https:\/\/mekulo.com\/no\/produkt\/rorkutter-med-skralle-og-en-hand\/\" \/>\n<meta property=\"og:locale\" content=\"nb_NO\" \/>\n<meta property=\"og:type\" content=\"article\" \/>\n<meta property=\"og:title\" content=\"R\u00f8rkutter med skralle og \u00e9n h\u00e5nd - Mekulo NO\" \/>\n<meta property=\"og:description\" content=\"\ud83d\udc68\u200d\ud83d\udd27Clean kutter, selv p\u00e5 de trangeste steder. \ud83e\uddf0Presisjonskontroll med minimal innsats. \ud83d\udd27Designet for jevn, n\u00f8yaktig r\u00f8rkutting n\u00e6r vegger og trange omr\u00e5der - uten vanskelige vinkler eller overdreven kraft.\" \/>\n<meta property=\"og:url\" content=\"https:\/\/mekulo.com\/no\/produkt\/rorkutter-med-skralle-og-en-hand\/\" \/>\n<meta property=\"og:site_name\" content=\"Mekulo NO\" \/>\n<meta property=\"article:modified_time\" content=\"2026-02-23T06:01:49+00:00\" \/>\n<meta property=\"og:image\" content=\"https:\/\/mekulo.com\/no\/wp-content\/uploads\/sites\/10\/2026\/02\/2lyepji-1.jpg\" \/>\n\t<meta property=\"og:image:width\" content=\"960\" \/>\n\t<meta property=\"og:image:height\" content=\"907\" \/>\n\t<meta property=\"og:image:type\" content=\"image\/jpeg\" \/>\n<meta name=\"twitter:card\" content=\"summary_large_image\" \/>\n<meta name=\"twitter:label1\" content=\"Ansl. lesetid\" \/>\n\t<meta name=\"twitter:data1\" content=\"2 minutter\" \/>\n<script type=\"application\/ld+json\" class=\"yoast-schema-graph\">{\"@context\":\"https:\/\/schema.org\",\"@graph\":[{\"@type\":\"WebPage\",\"@id\":\"https:\/\/mekulo.com\/no\/produkt\/rorkutter-med-skralle-og-en-hand\/\",\"url\":\"https:\/\/mekulo.com\/no\/produkt\/rorkutter-med-skralle-og-en-hand\/\",\"name\":\"R\u00f8rkutter med skralle og \u00e9n h\u00e5nd - Mekulo NO\",\"isPartOf\":{\"@id\":\"https:\/\/mekulo.com\/no\/#website\"},\"primaryImageOfPage\":{\"@id\":\"https:\/\/mekulo.com\/no\/produkt\/rorkutter-med-skralle-og-en-hand\/#primaryimage\"},\"image\":{\"@id\":\"https:\/\/mekulo.com\/no\/produkt\/rorkutter-med-skralle-og-en-hand\/#primaryimage\"},\"thumbnailUrl\":\"https:\/\/mekulo.com\/no\/wp-content\/uploads\/sites\/10\/2026\/02\/2lyepji-1.jpg\",\"datePublished\":\"2026-02-23T05:46:54+00:00\",\"dateModified\":\"2026-02-23T06:01:49+00:00\",\"breadcrumb\":{\"@id\":\"https:\/\/mekulo.com\/no\/produkt\/rorkutter-med-skralle-og-en-hand\/#breadcrumb\"},\"inLanguage\":\"nb-NO\",\"potentialAction\":[{\"@type\":\"ReadAction\",\"target\":[\"https:\/\/mekulo.com\/no\/produkt\/rorkutter-med-skralle-og-en-hand\/\"]}]},{\"@type\":\"ImageObject\",\"inLanguage\":\"nb-NO\",\"@id\":\"https:\/\/mekulo.com\/no\/produkt\/rorkutter-med-skralle-og-en-hand\/#primaryimage\",\"url\":\"https:\/\/mekulo.com\/no\/wp-content\/uploads\/sites\/10\/2026\/02\/2lyepji-1.jpg\",\"contentUrl\":\"https:\/\/mekulo.com\/no\/wp-content\/uploads\/sites\/10\/2026\/02\/2lyepji-1.jpg\",\"width\":960,\"height\":907},{\"@type\":\"BreadcrumbList\",\"@id\":\"https:\/\/mekulo.com\/no\/produkt\/rorkutter-med-skralle-og-en-hand\/#breadcrumb\",\"itemListElement\":[{\"@type\":\"ListItem\",\"position\":1,\"name\":\"Home\",\"item\":\"https:\/\/mekulo.com\/no\/\"},{\"@type\":\"ListItem\",\"position\":2,\"name\":\"Butikk\",\"item\":\"https:\/\/mekulo.com\/no\/butikk\/\"},{\"@type\":\"ListItem\",\"position\":3,\"name\":\"R\u00f8rkutter med skralle og \u00e9n h\u00e5nd\"}]},{\"@type\":\"WebSite\",\"@id\":\"https:\/\/mekulo.com\/no\/#website\",\"url\":\"https:\/\/mekulo.com\/no\/\",\"name\":\"Mekulo NO\",\"description\":\"\",\"publisher\":{\"@id\":\"https:\/\/mekulo.com\/no\/#organization\"},\"potentialAction\":[{\"@type\":\"SearchAction\",\"target\":{\"@type\":\"EntryPoint\",\"urlTemplate\":\"https:\/\/mekulo.com\/no\/?s={search_term_string}\"},\"query-input\":{\"@type\":\"PropertyValueSpecification\",\"valueRequired\":true,\"valueName\":\"search_term_string\"}}],\"inLanguage\":\"nb-NO\"},{\"@type\":\"Organization\",\"@id\":\"https:\/\/mekulo.com\/no\/#organization\",\"name\":\"Mekulo\",\"url\":\"https:\/\/mekulo.com\/no\/\",\"logo\":{\"@type\":\"ImageObject\",\"inLanguage\":\"nb-NO\",\"@id\":\"https:\/\/mekulo.com\/no\/#\/schema\/logo\/image\/\",\"url\":\"https:\/\/mekulo.com\/no\/wp-content\/uploads\/sites\/10\/2025\/12\/favicon_mekulo.png\",\"contentUrl\":\"https:\/\/mekulo.com\/no\/wp-content\/uploads\/sites\/10\/2025\/12\/favicon_mekulo.png\",\"width\":50,\"height\":50,\"caption\":\"Mekulo\"},\"image\":{\"@id\":\"https:\/\/mekulo.com\/no\/#\/schema\/logo\/image\/\"}}]}<\/script>\n<!-- \/ Yoast SEO plugin. -->","yoast_head_json":{"title":"R\u00f8rkutter med skralle og \u00e9n h\u00e5nd - Mekulo NO","robots":{"index":"index","follow":"follow","max-snippet":"max-snippet:-1","max-image-preview":"max-image-preview:large","max-video-preview":"max-video-preview:-1"},"canonical":"https:\/\/mekulo.com\/no\/produkt\/rorkutter-med-skralle-og-en-hand\/","og_locale":"nb_NO","og_type":"article","og_title":"R\u00f8rkutter med skralle og \u00e9n h\u00e5nd - Mekulo NO","og_description":"\ud83d\udc68\u200d\ud83d\udd27Clean kutter, selv p\u00e5 de trangeste steder. \ud83e\uddf0Presisjonskontroll med minimal innsats. \ud83d\udd27Designet for jevn, n\u00f8yaktig r\u00f8rkutting n\u00e6r vegger og trange omr\u00e5der - uten vanskelige vinkler eller overdreven kraft.","og_url":"https:\/\/mekulo.com\/no\/produkt\/rorkutter-med-skralle-og-en-hand\/","og_site_name":"Mekulo NO","article_modified_time":"2026-02-23T06:01:49+00:00","og_image":[{"width":960,"height":907,"url":"https:\/\/mekulo.com\/no\/wp-content\/uploads\/sites\/10\/2026\/02\/2lyepji-1.jpg","type":"image\/jpeg"}],"twitter_card":"summary_large_image","twitter_misc":{"Ansl. lesetid":"2 minutter"},"schema":{"@context":"https:\/\/schema.org","@graph":[{"@type":"WebPage","@id":"https:\/\/mekulo.com\/no\/produkt\/rorkutter-med-skralle-og-en-hand\/","url":"https:\/\/mekulo.com\/no\/produkt\/rorkutter-med-skralle-og-en-hand\/","name":"R\u00f8rkutter med skralle og \u00e9n h\u00e5nd - Mekulo NO","isPartOf":{"@id":"https:\/\/mekulo.com\/no\/#website"},"primaryImageOfPage":{"@id":"https:\/\/mekulo.com\/no\/produkt\/rorkutter-med-skralle-og-en-hand\/#primaryimage"},"image":{"@id":"https:\/\/mekulo.com\/no\/produkt\/rorkutter-med-skralle-og-en-hand\/#primaryimage"},"thumbnailUrl":"https:\/\/mekulo.com\/no\/wp-content\/uploads\/sites\/10\/2026\/02\/2lyepji-1.jpg","datePublished":"2026-02-23T05:46:54+00:00","dateModified":"2026-02-23T06:01:49+00:00","breadcrumb":{"@id":"https:\/\/mekulo.com\/no\/produkt\/rorkutter-med-skralle-og-en-hand\/#breadcrumb"},"inLanguage":"nb-NO","potentialAction":[{"@type":"ReadAction","target":["https:\/\/mekulo.com\/no\/produkt\/rorkutter-med-skralle-og-en-hand\/"]}]},{"@type":"ImageObject","inLanguage":"nb-NO","@id":"https:\/\/mekulo.com\/no\/produkt\/rorkutter-med-skralle-og-en-hand\/#primaryimage","url":"https:\/\/mekulo.com\/no\/wp-content\/uploads\/sites\/10\/2026\/02\/2lyepji-1.jpg","contentUrl":"https:\/\/mekulo.com\/no\/wp-content\/uploads\/sites\/10\/2026\/02\/2lyepji-1.jpg","width":960,"height":907},{"@type":"BreadcrumbList","@id":"https:\/\/mekulo.com\/no\/produkt\/rorkutter-med-skralle-og-en-hand\/#breadcrumb","itemListElement":[{"@type":"ListItem","position":1,"name":"Home","item":"https:\/\/mekulo.com\/no\/"},{"@type":"ListItem","position":2,"name":"Butikk","item":"https:\/\/mekulo.com\/no\/butikk\/"},{"@type":"ListItem","position":3,"name":"R\u00f8rkutter med skralle og \u00e9n h\u00e5nd"}]},{"@type":"WebSite","@id":"https:\/\/mekulo.com\/no\/#website","url":"https:\/\/mekulo.com\/no\/","name":"Mekulo NO","description":"","publisher":{"@id":"https:\/\/mekulo.com\/no\/#organization"},"potentialAction":[{"@type":"SearchAction","target":{"@type":"EntryPoint","urlTemplate":"https:\/\/mekulo.com\/no\/?s={search_term_string}"},"query-input":{"@type":"PropertyValueSpecification","valueRequired":true,"valueName":"search_term_string"}}],"inLanguage":"nb-NO"},{"@type":"Organization","@id":"https:\/\/mekulo.com\/no\/#organization","name":"Mekulo","url":"https:\/\/mekulo.com\/no\/","logo":{"@type":"ImageObject","inLanguage":"nb-NO","@id":"https:\/\/mekulo.com\/no\/#\/schema\/logo\/image\/","url":"https:\/\/mekulo.com\/no\/wp-content\/uploads\/sites\/10\/2025\/12\/favicon_mekulo.png","contentUrl":"https:\/\/mekulo.com\/no\/wp-content\/uploads\/sites\/10\/2025\/12\/favicon_mekulo.png","width":50,"height":50,"caption":"Mekulo"},"image":{"@id":"https:\/\/mekulo.com\/no\/#\/schema\/logo\/image\/"}}]}},"_links":{"self":[{"href":"https:\/\/mekulo.com\/no\/wp-json\/wp\/v2\/product\/24326","targetHints":{"allow":["GET"]}}],"collection":[{"href":"https:\/\/mekulo.com\/no\/wp-json\/wp\/v2\/product"}],"about":[{"href":"https:\/\/mekulo.com\/no\/wp-json\/wp\/v2\/types\/product"}],"replies":[{"embeddable":true,"href":"https:\/\/mekulo.com\/no\/wp-json\/wp\/v2\/comments?post=24326"}],"wp:featuredmedia":[{"embeddable":true,"href":"https:\/\/mekulo.com\/no\/wp-json\/wp\/v2\/media\/24322"}],"wp:attachment":[{"href":"https:\/\/mekulo.com\/no\/wp-json\/wp\/v2\/media?parent=24326"}],"wp:term":[{"taxonomy":"product_brand","embeddable":true,"href":"https:\/\/mekulo.com\/no\/wp-json\/wp\/v2\/product_brand?post=24326"},{"taxonomy":"product_cat","embeddable":true,"href":"https:\/\/mekulo.com\/no\/wp-json\/wp\/v2\/product_cat?post=24326"},{"taxonomy":"product_tag","embeddable":true,"href":"https:\/\/mekulo.com\/no\/wp-json\/wp\/v2\/product_tag?post=24326"}],"curies":[{"name":"wp","href":"https:\/\/api.w.org\/{rel}","templated":true}]}}