{"id":24299,"date":"2026-02-23T07:43:51","date_gmt":"2026-02-23T05:43:51","guid":{"rendered":"https:\/\/mekulo.com\/no\/produkt\/halskjede-med-anheng-av-hundekjaerlighet\/"},"modified":"2026-03-17T11:44:02","modified_gmt":"2026-03-17T09:44:02","slug":"halskjede-med-anheng-av-hundekjaerlighet","status":"publish","type":"product","link":"https:\/\/mekulo.com\/no\/produkt\/halskjede-med-anheng-av-hundekjaerlighet\/","title":{"rendered":"Halskjede med anheng av hundekj\u00e6rlighet"},"content":{"rendered":"<h2 style=\"text-align: center;\" data-start=\"257\" data-end=\"273\">\u2728 L\u00f8ftet<\/h2>\n<p style=\"text-align: center;\" data-start=\"275\" data-end=\"345\">Mer enn et smykke.<br data-start=\"293\" data-end=\"296\" \/>En p\u00e5minnelse om kameratskap, tillit og hengivenhet.<\/p>\n<p data-start=\"275\" data-end=\"345\"><img fetchpriority=\"high\" decoding=\"async\" class=\" wp-image-25810 aligncenter\" src=\"https:\/\/mekulo.com\/template\/wp-content\/uploads\/sites\/6\/2026\/02\/122113-ezgif.com-video-to-webp-converter.webp\" alt=\"\" width=\"550\" height=\"550\" \/><\/p>\n<h2 style=\"text-align: center;\" data-start=\"352\" data-end=\"370\">\u2705 Hovedfordeler<\/h2>\n<p data-start=\"374\" data-end=\"472\">\ud83d\udc36 F\u00f8lelsesmessig meningsfull design &#8211; Representerer den unike forbindelsen mellom mennesker og hunder.<\/p>\n<p data-start=\"476\" data-end=\"566\">\u2728 Elegant, tidl\u00f8s stil &#8211; Kompletterer b\u00e5de hverdagsantrekk og spesielle anledninger.<\/p>\n<p data-start=\"570\" data-end=\"644\">\ud83d\udee1\ufe0f Slitesterk, varig finish &#8211; Laget for langvarig skj\u00f8nnhet og slitasje.<\/p>\n<p data-start=\"648\" data-end=\"718\">\ud83c\udf1f Raffinert s\u00f8lv og gulltoner &#8211; Et balansert, sofistikert utseende.<\/p>\n<p data-start=\"722\" data-end=\"797\">\ud83c\udf81 Perfekt gave til hundeelskere &#8211; Gjennomtenkt, personlig, uforglemmelig.<\/p>\n<p data-start=\"801\" data-end=\"887\">\ud83d\udc96 Har affeksjonsverdi &#8211; Et smykke fylt med f\u00f8lelser, ikke bare dekorasjon.<\/p>\n<p data-start=\"801\" data-end=\"887\"><img decoding=\"async\" class=\"size-full wp-image-25811 aligncenter\" src=\"https:\/\/mekulo.com\/template\/wp-content\/uploads\/sites\/6\/2026\/02\/8b88ceb25851efda4e48c13125d805f2_1800x1800_306a6472-7489-418a-9faa-f1c1931ed4ae_900x.webp\" alt=\"\" width=\"900\" height=\"900\" \/><\/p>\n<h2 style=\"text-align: center;\" data-start=\"894\" data-end=\"917\">\u2757 Problem \u2192 L\u00f8sning<\/h2>\n<p data-start=\"919\" data-end=\"1040\"><strong data-start=\"919\" data-end=\"931\">Problem:<\/strong><br data-start=\"931\" data-end=\"934\" \/>Det er vanskelig \u00e5 finne en gave eller et tilbeh\u00f8r som virkelig gjenspeiler det dype f\u00f8lelsesmessige b\u00e5ndet til et elsket kj\u00e6ledyr.<\/p>\n<p data-start=\"1042\" data-end=\"1164\"><strong data-start=\"1042\" data-end=\"1055\">L\u00f8sning:<\/strong><br data-start=\"1055\" data-end=\"1058\" \/>Dette hundekj\u00e6rlighetsanhenget forvandler denne f\u00f8lelsen til noe h\u00e5ndgripelig &#8211; et minne du kan b\u00e6re med deg hver dag.<\/p>\n<h2 style=\"text-align: center;\" data-start=\"1171\" data-end=\"1188\">\ud83c\udf38 Perfekt for<\/h2>\n<ul data-start=\"1190\" data-end=\"1309\">\n<li data-start=\"1190\" data-end=\"1207\">\n<p data-start=\"1192\" data-end=\"1207\">Hundelskere og kj\u00e6ledyrforeldre<\/p>\n<\/li>\n<li data-start=\"1208\" data-end=\"1236\">\n<p data-start=\"1210\" data-end=\"1236\">Hukommelsesminner<\/p>\n<\/li>\n<li data-start=\"1237\" data-end=\"1259\">\n<p data-start=\"1239\" data-end=\"1259\">Bursdager og h\u00f8ytider<\/p>\n<\/li>\n<li data-start=\"1260\" data-end=\"1284\">\n<p data-start=\"1262\" data-end=\"1284\">Meningsfulle overraskelser<\/p>\n<\/li>\n<li data-start=\"1285\" data-end=\"1309\">\n<p data-start=\"1287\" data-end=\"1309\">Et subtilt, men kraftfullt uttrykk for kj\u00e6rlighet.<\/p>\n<\/li>\n<\/ul>\n<p data-start=\"1311\" data-end=\"1352\">Et subtilt, men likevel kraftfullt uttrykk for kj\u00e6rlighet.<\/p>\n<h2 style=\"text-align: center;\" data-start=\"1359\" data-end=\"1376\">\u2699\ufe0f Slik bruker du det<\/h2>\n<ol data-start=\"1378\" data-end=\"1488\">\n<li data-start=\"1378\" data-end=\"1430\">\n<p data-start=\"1381\" data-end=\"1430\">Plasser halskjedet komfortabelt rundt halsen.<\/p>\n<\/li>\n<li data-start=\"1431\" data-end=\"1462\">\n<p data-start=\"1434\" data-end=\"1462\">Juster til \u00f8nsket lengde.<\/p>\n<\/li>\n<li data-start=\"1463\" data-end=\"1488\">\n<p data-start=\"1466\" data-end=\"1488\">Bruk alene eller lagvis.<\/p>\n<\/li>\n<\/ol>\n<h2 style=\"text-align: center;\" data-start=\"1535\" data-end=\"1556\">\ud83d\udcd0 Produktdetaljer<\/h2>\n<ul data-start=\"1558\" data-end=\"1720\">\n<li data-start=\"1558\" data-end=\"1602\">\n<p data-start=\"1560\" data-end=\"1602\">Materiale: Holdbar legering av h\u00f8y kvalitet<\/p>\n<\/li>\n<li data-start=\"1638\" data-end=\"1683\">\n<p data-start=\"1640\" data-end=\"1683\">Design: Symbolsk omfavnelse \/ kj\u00e6rlighetsmotiv<\/p>\n<\/li>\n<li data-start=\"1684\" data-end=\"1720\">\n<p data-start=\"1686\" data-end=\"1720\">Stil: Elegant \/ Sentimental<\/p>\n<\/li>\n<li data-start=\"1684\" data-end=\"1720\">Kjedelengde: 42 + 5 cm<\/li>\n<\/ul>\n<h2 style=\"text-align: center;\" data-start=\"1768\" data-end=\"1790\">\ud83d\udce6 Pakken inneholder<\/h2>\n<ul data-start=\"1792\" data-end=\"1823\">\n<li data-start=\"1792\" data-end=\"1823\">\n<p data-start=\"1794\" data-end=\"1823\">1x hund kj\u00e6rlighet anheng halskjede.<\/p>\n<\/li>\n<\/ul>\n","protected":false},"excerpt":{"rendered":"<p>\ud83d\udc15Et symbol p\u00e5 lojalitet du kan b\u00e6re n\u00e6r hjertet ditt.<br \/>\n\ud83d\udc8eFeir b\u00e5ndet som ord ikke helt kan uttrykke.<br \/>\n\ud83d\udc36Grasi\u00f8st, meningsfylt og tidl\u00f8st \u2014 dette anhengskjedet hedrer den ubetingede kj\u00e6rligheten som deles mellom deg og hunden din.<\/p>\n","protected":false},"featured_media":24295,"comment_status":"open","ping_status":"closed","template":"","meta":{"site-sidebar-layout":"default","site-content-layout":"","ast-site-content-layout":"default","site-content-style":"default","site-sidebar-style":"default","ast-global-header-display":"","ast-banner-title-visibility":"","ast-main-header-display":"","ast-hfb-above-header-display":"","ast-hfb-below-header-display":"","ast-hfb-mobile-header-display":"","site-post-title":"","ast-breadcrumbs-content":"","ast-featured-img":"","footer-sml-layout":"","theme-transparent-header-meta":"default","adv-header-id-meta":"","stick-header-meta":"","header-above-stick-meta":"","header-main-stick-meta":"","header-below-stick-meta":"","astra-migrate-meta-layouts":"set","ast-page-background-enabled":"default","ast-page-background-meta":{"desktop":{"background-color":"var(--ast-global-color-5)","background-image":"","background-repeat":"repeat","background-position":"center center","background-size":"auto","background-attachment":"scroll","background-type":"","background-media":"","overlay-type":"","overlay-color":"","overlay-opacity":"","overlay-gradient":""},"tablet":{"background-color":"","background-image":"","background-repeat":"repeat","background-position":"center center","background-size":"auto","background-attachment":"scroll","background-type":"","background-media":"","overlay-type":"","overlay-color":"","overlay-opacity":"","overlay-gradient":""},"mobile":{"background-color":"","background-image":"","background-repeat":"repeat","background-position":"center center","background-size":"auto","background-attachment":"scroll","background-type":"","background-media":"","overlay-type":"","overlay-color":"","overlay-opacity":"","overlay-gradient":""}},"ast-content-background-meta":{"desktop":{"background-color":"var(--ast-global-color-4)","background-image":"","background-repeat":"repeat","background-position":"center center","background-size":"auto","background-attachment":"scroll","background-type":"","background-media":"","overlay-type":"","overlay-color":"","overlay-opacity":"","overlay-gradient":""},"tablet":{"background-color":"var(--ast-global-color-4)","background-image":"","background-repeat":"repeat","background-position":"center center","background-size":"auto","background-attachment":"scroll","background-type":"","background-media":"","overlay-type":"","overlay-color":"","overlay-opacity":"","overlay-gradient":""},"mobile":{"background-color":"var(--ast-global-color-4)","background-image":"","background-repeat":"repeat","background-position":"center center","background-size":"auto","background-attachment":"scroll","background-type":"","background-media":"","overlay-type":"","overlay-color":"","overlay-opacity":"","overlay-gradient":""}}},"product_brand":[],"product_cat":[165],"product_tag":[],"class_list":{"0":"post-24299","1":"product","2":"type-product","3":"status-publish","4":"has-post-thumbnail","6":"product_cat-fottoy-tilbehor","7":"desktop-align-left","8":"tablet-align-left","9":"mobile-align-left","11":"first","12":"instock","13":"shipping-taxable","14":"purchasable","15":"product-type-simple"},"yoast_head":"<!-- This site is optimized with the Yoast SEO plugin v26.6 - https:\/\/yoast.com\/wordpress\/plugins\/seo\/ -->\n<title>Halskjede med anheng av hundekj\u00e6rlighet - Mekulo NO<\/title>\n<meta name=\"robots\" content=\"index, follow, max-snippet:-1, max-image-preview:large, max-video-preview:-1\" \/>\n<link rel=\"canonical\" href=\"https:\/\/mekulo.com\/no\/produkt\/halskjede-med-anheng-av-hundekjaerlighet\/\" \/>\n<meta property=\"og:locale\" content=\"nb_NO\" \/>\n<meta property=\"og:type\" content=\"article\" \/>\n<meta property=\"og:title\" content=\"Halskjede med anheng av hundekj\u00e6rlighet - Mekulo NO\" \/>\n<meta property=\"og:description\" content=\"\ud83d\udc15Et symbol p\u00e5 lojalitet du kan b\u00e6re n\u00e6r hjertet ditt. \ud83d\udc8eFeir b\u00e5ndet som ord ikke helt kan uttrykke. \ud83d\udc36Grasi\u00f8st, meningsfylt og tidl\u00f8st \u2014 dette anhengskjedet hedrer den ubetingede kj\u00e6rligheten som deles mellom deg og hunden din.\" \/>\n<meta property=\"og:url\" content=\"https:\/\/mekulo.com\/no\/produkt\/halskjede-med-anheng-av-hundekjaerlighet\/\" \/>\n<meta property=\"og:site_name\" content=\"Mekulo NO\" \/>\n<meta property=\"article:modified_time\" content=\"2026-03-17T09:44:02+00:00\" \/>\n<meta property=\"og:image\" content=\"https:\/\/mekulo.com\/no\/wp-content\/uploads\/sites\/10\/2026\/02\/av0ohf1-1.webp\" \/>\n\t<meta property=\"og:image:width\" content=\"1200\" \/>\n\t<meta property=\"og:image:height\" content=\"1200\" \/>\n\t<meta property=\"og:image:type\" content=\"image\/webp\" \/>\n<meta name=\"twitter:card\" content=\"summary_large_image\" \/>\n<meta name=\"twitter:label1\" content=\"Ansl. lesetid\" \/>\n\t<meta name=\"twitter:data1\" content=\"2 minutter\" \/>\n<script type=\"application\/ld+json\" class=\"yoast-schema-graph\">{\"@context\":\"https:\/\/schema.org\",\"@graph\":[{\"@type\":\"WebPage\",\"@id\":\"https:\/\/mekulo.com\/no\/produkt\/halskjede-med-anheng-av-hundekjaerlighet\/\",\"url\":\"https:\/\/mekulo.com\/no\/produkt\/halskjede-med-anheng-av-hundekjaerlighet\/\",\"name\":\"Halskjede med anheng av hundekj\u00e6rlighet - Mekulo NO\",\"isPartOf\":{\"@id\":\"https:\/\/mekulo.com\/no\/#website\"},\"primaryImageOfPage\":{\"@id\":\"https:\/\/mekulo.com\/no\/produkt\/halskjede-med-anheng-av-hundekjaerlighet\/#primaryimage\"},\"image\":{\"@id\":\"https:\/\/mekulo.com\/no\/produkt\/halskjede-med-anheng-av-hundekjaerlighet\/#primaryimage\"},\"thumbnailUrl\":\"https:\/\/mekulo.com\/no\/wp-content\/uploads\/sites\/10\/2026\/02\/av0ohf1-1.webp\",\"datePublished\":\"2026-02-23T05:43:51+00:00\",\"dateModified\":\"2026-03-17T09:44:02+00:00\",\"breadcrumb\":{\"@id\":\"https:\/\/mekulo.com\/no\/produkt\/halskjede-med-anheng-av-hundekjaerlighet\/#breadcrumb\"},\"inLanguage\":\"nb-NO\",\"potentialAction\":[{\"@type\":\"ReadAction\",\"target\":[\"https:\/\/mekulo.com\/no\/produkt\/halskjede-med-anheng-av-hundekjaerlighet\/\"]}]},{\"@type\":\"ImageObject\",\"inLanguage\":\"nb-NO\",\"@id\":\"https:\/\/mekulo.com\/no\/produkt\/halskjede-med-anheng-av-hundekjaerlighet\/#primaryimage\",\"url\":\"https:\/\/mekulo.com\/no\/wp-content\/uploads\/sites\/10\/2026\/02\/av0ohf1-1.webp\",\"contentUrl\":\"https:\/\/mekulo.com\/no\/wp-content\/uploads\/sites\/10\/2026\/02\/av0ohf1-1.webp\",\"width\":1200,\"height\":1200},{\"@type\":\"BreadcrumbList\",\"@id\":\"https:\/\/mekulo.com\/no\/produkt\/halskjede-med-anheng-av-hundekjaerlighet\/#breadcrumb\",\"itemListElement\":[{\"@type\":\"ListItem\",\"position\":1,\"name\":\"Home\",\"item\":\"https:\/\/mekulo.com\/no\/\"},{\"@type\":\"ListItem\",\"position\":2,\"name\":\"Butikk\",\"item\":\"https:\/\/mekulo.com\/no\/butikk\/\"},{\"@type\":\"ListItem\",\"position\":3,\"name\":\"Halskjede med anheng av hundekj\u00e6rlighet\"}]},{\"@type\":\"WebSite\",\"@id\":\"https:\/\/mekulo.com\/no\/#website\",\"url\":\"https:\/\/mekulo.com\/no\/\",\"name\":\"Mekulo NO\",\"description\":\"\",\"publisher\":{\"@id\":\"https:\/\/mekulo.com\/no\/#organization\"},\"potentialAction\":[{\"@type\":\"SearchAction\",\"target\":{\"@type\":\"EntryPoint\",\"urlTemplate\":\"https:\/\/mekulo.com\/no\/?s={search_term_string}\"},\"query-input\":{\"@type\":\"PropertyValueSpecification\",\"valueRequired\":true,\"valueName\":\"search_term_string\"}}],\"inLanguage\":\"nb-NO\"},{\"@type\":\"Organization\",\"@id\":\"https:\/\/mekulo.com\/no\/#organization\",\"name\":\"Mekulo\",\"url\":\"https:\/\/mekulo.com\/no\/\",\"logo\":{\"@type\":\"ImageObject\",\"inLanguage\":\"nb-NO\",\"@id\":\"https:\/\/mekulo.com\/no\/#\/schema\/logo\/image\/\",\"url\":\"https:\/\/mekulo.com\/no\/wp-content\/uploads\/sites\/10\/2025\/12\/favicon_mekulo.png\",\"contentUrl\":\"https:\/\/mekulo.com\/no\/wp-content\/uploads\/sites\/10\/2025\/12\/favicon_mekulo.png\",\"width\":50,\"height\":50,\"caption\":\"Mekulo\"},\"image\":{\"@id\":\"https:\/\/mekulo.com\/no\/#\/schema\/logo\/image\/\"}}]}<\/script>\n<!-- \/ Yoast SEO plugin. -->","yoast_head_json":{"title":"Halskjede med anheng av hundekj\u00e6rlighet - Mekulo NO","robots":{"index":"index","follow":"follow","max-snippet":"max-snippet:-1","max-image-preview":"max-image-preview:large","max-video-preview":"max-video-preview:-1"},"canonical":"https:\/\/mekulo.com\/no\/produkt\/halskjede-med-anheng-av-hundekjaerlighet\/","og_locale":"nb_NO","og_type":"article","og_title":"Halskjede med anheng av hundekj\u00e6rlighet - Mekulo NO","og_description":"\ud83d\udc15Et symbol p\u00e5 lojalitet du kan b\u00e6re n\u00e6r hjertet ditt. \ud83d\udc8eFeir b\u00e5ndet som ord ikke helt kan uttrykke. \ud83d\udc36Grasi\u00f8st, meningsfylt og tidl\u00f8st \u2014 dette anhengskjedet hedrer den ubetingede kj\u00e6rligheten som deles mellom deg og hunden din.","og_url":"https:\/\/mekulo.com\/no\/produkt\/halskjede-med-anheng-av-hundekjaerlighet\/","og_site_name":"Mekulo NO","article_modified_time":"2026-03-17T09:44:02+00:00","og_image":[{"width":1200,"height":1200,"url":"https:\/\/mekulo.com\/no\/wp-content\/uploads\/sites\/10\/2026\/02\/av0ohf1-1.webp","type":"image\/webp"}],"twitter_card":"summary_large_image","twitter_misc":{"Ansl. lesetid":"2 minutter"},"schema":{"@context":"https:\/\/schema.org","@graph":[{"@type":"WebPage","@id":"https:\/\/mekulo.com\/no\/produkt\/halskjede-med-anheng-av-hundekjaerlighet\/","url":"https:\/\/mekulo.com\/no\/produkt\/halskjede-med-anheng-av-hundekjaerlighet\/","name":"Halskjede med anheng av hundekj\u00e6rlighet - Mekulo NO","isPartOf":{"@id":"https:\/\/mekulo.com\/no\/#website"},"primaryImageOfPage":{"@id":"https:\/\/mekulo.com\/no\/produkt\/halskjede-med-anheng-av-hundekjaerlighet\/#primaryimage"},"image":{"@id":"https:\/\/mekulo.com\/no\/produkt\/halskjede-med-anheng-av-hundekjaerlighet\/#primaryimage"},"thumbnailUrl":"https:\/\/mekulo.com\/no\/wp-content\/uploads\/sites\/10\/2026\/02\/av0ohf1-1.webp","datePublished":"2026-02-23T05:43:51+00:00","dateModified":"2026-03-17T09:44:02+00:00","breadcrumb":{"@id":"https:\/\/mekulo.com\/no\/produkt\/halskjede-med-anheng-av-hundekjaerlighet\/#breadcrumb"},"inLanguage":"nb-NO","potentialAction":[{"@type":"ReadAction","target":["https:\/\/mekulo.com\/no\/produkt\/halskjede-med-anheng-av-hundekjaerlighet\/"]}]},{"@type":"ImageObject","inLanguage":"nb-NO","@id":"https:\/\/mekulo.com\/no\/produkt\/halskjede-med-anheng-av-hundekjaerlighet\/#primaryimage","url":"https:\/\/mekulo.com\/no\/wp-content\/uploads\/sites\/10\/2026\/02\/av0ohf1-1.webp","contentUrl":"https:\/\/mekulo.com\/no\/wp-content\/uploads\/sites\/10\/2026\/02\/av0ohf1-1.webp","width":1200,"height":1200},{"@type":"BreadcrumbList","@id":"https:\/\/mekulo.com\/no\/produkt\/halskjede-med-anheng-av-hundekjaerlighet\/#breadcrumb","itemListElement":[{"@type":"ListItem","position":1,"name":"Home","item":"https:\/\/mekulo.com\/no\/"},{"@type":"ListItem","position":2,"name":"Butikk","item":"https:\/\/mekulo.com\/no\/butikk\/"},{"@type":"ListItem","position":3,"name":"Halskjede med anheng av hundekj\u00e6rlighet"}]},{"@type":"WebSite","@id":"https:\/\/mekulo.com\/no\/#website","url":"https:\/\/mekulo.com\/no\/","name":"Mekulo NO","description":"","publisher":{"@id":"https:\/\/mekulo.com\/no\/#organization"},"potentialAction":[{"@type":"SearchAction","target":{"@type":"EntryPoint","urlTemplate":"https:\/\/mekulo.com\/no\/?s={search_term_string}"},"query-input":{"@type":"PropertyValueSpecification","valueRequired":true,"valueName":"search_term_string"}}],"inLanguage":"nb-NO"},{"@type":"Organization","@id":"https:\/\/mekulo.com\/no\/#organization","name":"Mekulo","url":"https:\/\/mekulo.com\/no\/","logo":{"@type":"ImageObject","inLanguage":"nb-NO","@id":"https:\/\/mekulo.com\/no\/#\/schema\/logo\/image\/","url":"https:\/\/mekulo.com\/no\/wp-content\/uploads\/sites\/10\/2025\/12\/favicon_mekulo.png","contentUrl":"https:\/\/mekulo.com\/no\/wp-content\/uploads\/sites\/10\/2025\/12\/favicon_mekulo.png","width":50,"height":50,"caption":"Mekulo"},"image":{"@id":"https:\/\/mekulo.com\/no\/#\/schema\/logo\/image\/"}}]}},"_links":{"self":[{"href":"https:\/\/mekulo.com\/no\/wp-json\/wp\/v2\/product\/24299","targetHints":{"allow":["GET"]}}],"collection":[{"href":"https:\/\/mekulo.com\/no\/wp-json\/wp\/v2\/product"}],"about":[{"href":"https:\/\/mekulo.com\/no\/wp-json\/wp\/v2\/types\/product"}],"replies":[{"embeddable":true,"href":"https:\/\/mekulo.com\/no\/wp-json\/wp\/v2\/comments?post=24299"}],"wp:featuredmedia":[{"embeddable":true,"href":"https:\/\/mekulo.com\/no\/wp-json\/wp\/v2\/media\/24295"}],"wp:attachment":[{"href":"https:\/\/mekulo.com\/no\/wp-json\/wp\/v2\/media?parent=24299"}],"wp:term":[{"taxonomy":"product_brand","embeddable":true,"href":"https:\/\/mekulo.com\/no\/wp-json\/wp\/v2\/product_brand?post=24299"},{"taxonomy":"product_cat","embeddable":true,"href":"https:\/\/mekulo.com\/no\/wp-json\/wp\/v2\/product_cat?post=24299"},{"taxonomy":"product_tag","embeddable":true,"href":"https:\/\/mekulo.com\/no\/wp-json\/wp\/v2\/product_tag?post=24299"}],"curies":[{"name":"wp","href":"https:\/\/api.w.org\/{rel}","templated":true}]}}