{"id":24167,"date":"2026-02-20T13:44:40","date_gmt":"2026-02-20T11:44:40","guid":{"rendered":"https:\/\/mekulo.com\/no\/produkt\/harspenne-med-blomst\/"},"modified":"2026-02-20T13:45:32","modified_gmt":"2026-02-20T11:45:32","slug":"harspenne-med-blomst","status":"publish","type":"product","link":"https:\/\/mekulo.com\/no\/produkt\/harspenne-med-blomst\/","title":{"rendered":"H\u00e5rspenne med blomst"},"content":{"rendered":"<h2 style=\"text-align: center\" data-start=\"266\" data-end=\"282\">\u2728 L\u00f8ftet<\/h2>\n<p style=\"text-align: center\" data-start=\"284\" data-end=\"362\">Klipp p\u00e5 sekunder.<br data-start=\"300\" data-end=\"303\" \/>Hold deg komfortabelt p\u00e5 plass.<br data-start=\"329\" data-end=\"332\" \/>Se vakkert satt sammen.<\/p>\n<p data-start=\"284\" data-end=\"362\"><img fetchpriority=\"high\" decoding=\"async\" class=\" wp-image-25753 aligncenter\" src=\"https:\/\/mekulo.com\/template\/wp-content\/uploads\/sites\/6\/2026\/02\/122112-ezgif.com-video-to-webp-converter.webp\" alt=\"\" width=\"550\" height=\"550\" \/><\/p>\n<h2 style=\"text-align: center\" data-start=\"369\" data-end=\"387\">\u2705 Hovedfordeler<\/h2>\n<p data-start=\"391\" data-end=\"472\">\ud83c\udf08 Levende farger &#8211; Perfekt for \u00e5 matche antrekk, stemninger og anledninger.<\/p>\n<p data-start=\"476\" data-end=\"565\">\ud83d\udcaa Sterkt, sklisikkert grep &#8211; L\u00e5setenner og metallfj\u00e6r holder h\u00e5ret godt festet.<\/p>\n<p data-start=\"569\" data-end=\"652\">\ud83d\udd4a\ufe0f Lett og behagelig &#8211; Holder p\u00e5litelig uten \u00e5 trekke eller f\u00f8les ubehagelig.<\/p>\n<p data-start=\"656\" data-end=\"737\">\u2728 Glanset, h\u00f8ytransparent finish &#8211; Gir en subtil glans og et polert utseende.<\/p>\n<p data-start=\"741\" data-end=\"830\">\ud83d\udc87 Passer til alle h\u00e5rtyper &#8211; Tykt, tynt, kr\u00f8llete, glatt, langt eller kort h\u00e5r.<\/p>\n<p data-start=\"834\" data-end=\"928\">\ud83c\udfd6\ufe0f Perfekt for styling i varmt v\u00e6r &#8211; Ideell for ferier, stranddager og fritidskl\u00e6r.<\/p>\n<p data-start=\"834\" data-end=\"928\"><img decoding=\"async\" class=\"size-full wp-image-25757 aligncenter\" src=\"https:\/\/mekulo.com\/template\/wp-content\/uploads\/sites\/6\/2026\/02\/23144f8a-cabe-426e-9ff8-fbf16c45bf54.webp\" alt=\"\" width=\"1000\" height=\"1000\" \/><\/p>\n<h2 style=\"text-align: center\" data-start=\"935\" data-end=\"958\">\u2757 Problem \u2192 L\u00f8sning<\/h2>\n<p data-start=\"960\" data-end=\"1052\"><strong data-start=\"960\" data-end=\"972\">Problem:<\/strong><br data-start=\"972\" data-end=\"975\" \/>Mange h\u00e5rspenner sklir, drar, f\u00f8les tunge eller mister grepet i l\u00f8pet av dagen.<\/p>\n<p data-start=\"1054\" data-end=\"1186\"><strong data-start=\"1054\" data-end=\"1067\">L\u00f8sning:<\/strong><br data-start=\"1067\" data-end=\"1070\" \/>Disse h\u00e5rspennene er designet for balansert styrke og komfort &#8211; gir et sikkert grep som er sk\u00e5nsomt mot h\u00e5ret ditt.<\/p>\n<h2 style=\"text-align: center\" data-start=\"1193\" data-end=\"1210\">\ud83c\udf38 Perfekt til<\/h2>\n<ul data-start=\"1212\" data-end=\"1359\">\n<li data-start=\"1212\" data-end=\"1235\">\n<p data-start=\"1214\" data-end=\"1235\">Hverdagsfrisyrer<\/p>\n<\/li>\n<li data-start=\"1236\" data-end=\"1266\">\n<p data-start=\"1238\" data-end=\"1266\">Sminke- og hudpleierutiner<\/p>\n<\/li>\n<li data-start=\"1267\" data-end=\"1283\">\n<p data-start=\"1269\" data-end=\"1283\">Arbeid og studier<\/p>\n<\/li>\n<li data-start=\"1284\" data-end=\"1306\">\n<p data-start=\"1286\" data-end=\"1306\">Reiser og ferier<\/p>\n<\/li>\n<li data-start=\"1307\" data-end=\"1328\">\n<p data-start=\"1309\" data-end=\"1328\">Strand- og bassengdager<\/p>\n<\/li>\n<li data-start=\"1329\" data-end=\"1359\">\n<p data-start=\"1331\" data-end=\"1359\">Hurtige oppsett og uformelle looks<\/p>\n<\/li>\n<\/ul>\n<p data-start=\"1361\" data-end=\"1423\">Funksjonell nok til daglige gj\u00f8rem\u00e5l, stilig nok til utflukter.<\/p>\n<h2 style=\"text-align: center\" data-start=\"1430\" data-end=\"1446\">\u2699\ufe0f Slik bruker du<\/h2>\n<ol data-start=\"1448\" data-end=\"1555\">\n<li data-start=\"1448\" data-end=\"1483\">\n<p data-start=\"1451\" data-end=\"1483\">Samle h\u00e5ret i \u00f8nsket stil.<\/p>\n<\/li>\n<li data-start=\"1484\" data-end=\"1507\">\n<p data-start=\"1487\" data-end=\"1507\">\u00c5pne kloklemmen.<\/p>\n<\/li>\n<li data-start=\"1508\" data-end=\"1533\">\n<p data-start=\"1511\" data-end=\"1533\">Fest h\u00e5ret p\u00e5 plass.<\/p>\n<\/li>\n<li data-start=\"1534\" data-end=\"1555\">\n<p data-start=\"1537\" data-end=\"1555\">Juster om n\u00f8dvendig.<\/p>\n<\/li>\n<\/ol>\n<h2 style=\"text-align: center\" data-start=\"1586\" data-end=\"1607\">\ud83d\udcd0 Produktdetaljer<\/h2>\n<ul data-start=\"1609\" data-end=\"1835\">\n<li data-start=\"1609\" data-end=\"1641\">\n<p data-start=\"1611\" data-end=\"1641\">St\u00f8rrelse: 8 x 7 cm<\/p>\n<\/li>\n<li data-start=\"1642\" data-end=\"1678\">\n<p data-start=\"1644\" data-end=\"1678\">Materiale: Slitesterk PS-plast<\/p>\n<\/li>\n<li data-start=\"1679\" data-end=\"1717\">\n<p data-start=\"1681\" data-end=\"1717\">Fj\u00e6r: Sterk metallmekanisme<\/p>\n<\/li>\n<li data-start=\"1718\" data-end=\"1751\">\n<p data-start=\"1720\" data-end=\"1751\">Vekt: Ultralett<\/p>\n<\/li>\n<li data-start=\"1752\" data-end=\"1792\">\n<p data-start=\"1754\" data-end=\"1792\">Design: Blomster \/ Hawaii-inspirert<\/p>\n<\/li>\n<li data-start=\"1793\" data-end=\"1835\">\n<p data-start=\"1795\" data-end=\"1835\">H\u00e5rtype: Universell kompatibilitet<\/p>\n<\/li>\n<\/ul>\n<h2 style=\"text-align: center\" data-start=\"1883\" data-end=\"1905\">\ud83d\udce6 Pakken inneholder<\/h2>\n<ul data-start=\"1907\" data-end=\"1948\">\n<li data-start=\"1907\" data-end=\"1948\">\n<p data-start=\"1909\" data-end=\"1948\">4, 6x blomsterh\u00e5rspenner.<\/p>\n<\/li>\n<\/ul>\n","protected":false},"excerpt":{"rendered":"<p>\ud83d\udc87\u200d\u2640\ufe0fEffortless hold. \u00d8yeblikkelig sjarm.<br \/>\n\ud83c\udf0aEt enkelt tilbeh\u00f8r som forvandler frisyren din.<br \/>\n\ud83c\udf38Disse blomsterh\u00e5rspennene kombinerer leken eleganse med praktisk hverdagsbruk \u2014 de holder h\u00e5ret sikkert samtidig som de tilf\u00f8rer et friskt, stilig preg.<\/p>\n","protected":false},"featured_media":24163,"comment_status":"open","ping_status":"closed","template":"","meta":{"site-sidebar-layout":"default","site-content-layout":"","ast-site-content-layout":"default","site-content-style":"default","site-sidebar-style":"default","ast-global-header-display":"","ast-banner-title-visibility":"","ast-main-header-display":"","ast-hfb-above-header-display":"","ast-hfb-below-header-display":"","ast-hfb-mobile-header-display":"","site-post-title":"","ast-breadcrumbs-content":"","ast-featured-img":"","footer-sml-layout":"","theme-transparent-header-meta":"default","adv-header-id-meta":"","stick-header-meta":"","header-above-stick-meta":"","header-main-stick-meta":"","header-below-stick-meta":"","astra-migrate-meta-layouts":"set","ast-page-background-enabled":"default","ast-page-background-meta":{"desktop":{"background-color":"var(--ast-global-color-5)","background-image":"","background-repeat":"repeat","background-position":"center center","background-size":"auto","background-attachment":"scroll","background-type":"","background-media":"","overlay-type":"","overlay-color":"","overlay-opacity":"","overlay-gradient":""},"tablet":{"background-color":"","background-image":"","background-repeat":"repeat","background-position":"center center","background-size":"auto","background-attachment":"scroll","background-type":"","background-media":"","overlay-type":"","overlay-color":"","overlay-opacity":"","overlay-gradient":""},"mobile":{"background-color":"","background-image":"","background-repeat":"repeat","background-position":"center center","background-size":"auto","background-attachment":"scroll","background-type":"","background-media":"","overlay-type":"","overlay-color":"","overlay-opacity":"","overlay-gradient":""}},"ast-content-background-meta":{"desktop":{"background-color":"var(--ast-global-color-4)","background-image":"","background-repeat":"repeat","background-position":"center center","background-size":"auto","background-attachment":"scroll","background-type":"","background-media":"","overlay-type":"","overlay-color":"","overlay-opacity":"","overlay-gradient":""},"tablet":{"background-color":"var(--ast-global-color-4)","background-image":"","background-repeat":"repeat","background-position":"center center","background-size":"auto","background-attachment":"scroll","background-type":"","background-media":"","overlay-type":"","overlay-color":"","overlay-opacity":"","overlay-gradient":""},"mobile":{"background-color":"var(--ast-global-color-4)","background-image":"","background-repeat":"repeat","background-position":"center center","background-size":"auto","background-attachment":"scroll","background-type":"","background-media":"","overlay-type":"","overlay-color":"","overlay-opacity":"","overlay-gradient":""}}},"product_brand":[],"product_cat":[165],"product_tag":[],"class_list":{"0":"post-24167","1":"product","2":"type-product","3":"status-publish","4":"has-post-thumbnail","6":"product_cat-fottoy-tilbehor","7":"pa_61001_kbzzqfqg-bla","8":"pa_61001_kbzzqfqg-bland","9":"pa_61001_kbzzqfqg-gul","10":"pa_61001_kbzzqfqg-lilla","11":"pa_61001_kbzzqfqg-oransje","12":"pa_61001_kbzzqfqg-rod","13":"pa_61001_kbzzqfqg-rosa","14":"pa_61001_v2yrg8do-4-stk","15":"pa_61001_v2yrg8do-6-stk","16":"desktop-align-left","17":"tablet-align-left","18":"mobile-align-left","20":"first","21":"instock","22":"shipping-taxable","23":"purchasable","24":"product-type-variable","25":"has-default-attributes"},"yoast_head":"<!-- This site is optimized with the Yoast SEO plugin v26.6 - https:\/\/yoast.com\/wordpress\/plugins\/seo\/ -->\n<title>H\u00e5rspenne med blomst - Mekulo NO<\/title>\n<meta name=\"robots\" content=\"index, follow, max-snippet:-1, max-image-preview:large, max-video-preview:-1\" \/>\n<link rel=\"canonical\" href=\"https:\/\/mekulo.com\/no\/produkt\/harspenne-med-blomst\/\" \/>\n<meta property=\"og:locale\" content=\"nb_NO\" \/>\n<meta property=\"og:type\" content=\"article\" \/>\n<meta property=\"og:title\" content=\"H\u00e5rspenne med blomst - Mekulo NO\" \/>\n<meta property=\"og:description\" content=\"\ud83d\udc87\u200d\u2640\ufe0fEffortless hold. \u00d8yeblikkelig sjarm. \ud83c\udf0aEt enkelt tilbeh\u00f8r som forvandler frisyren din. \ud83c\udf38Disse blomsterh\u00e5rspennene kombinerer leken eleganse med praktisk hverdagsbruk \u2014 de holder h\u00e5ret sikkert samtidig som de tilf\u00f8rer et friskt, stilig preg.\" \/>\n<meta property=\"og:url\" content=\"https:\/\/mekulo.com\/no\/produkt\/harspenne-med-blomst\/\" \/>\n<meta property=\"og:site_name\" content=\"Mekulo NO\" \/>\n<meta property=\"article:modified_time\" content=\"2026-02-20T11:45:32+00:00\" \/>\n<meta property=\"og:image\" content=\"https:\/\/mekulo.com\/no\/wp-content\/uploads\/sites\/10\/2026\/02\/jdk8rdn-1.jpeg\" \/>\n\t<meta property=\"og:image:width\" content=\"1000\" \/>\n\t<meta property=\"og:image:height\" content=\"1000\" \/>\n\t<meta property=\"og:image:type\" content=\"image\/jpeg\" \/>\n<meta name=\"twitter:card\" content=\"summary_large_image\" \/>\n<meta name=\"twitter:label1\" content=\"Ansl. lesetid\" \/>\n\t<meta name=\"twitter:data1\" content=\"2 minutter\" \/>\n<script type=\"application\/ld+json\" class=\"yoast-schema-graph\">{\"@context\":\"https:\/\/schema.org\",\"@graph\":[{\"@type\":\"WebPage\",\"@id\":\"https:\/\/mekulo.com\/no\/produkt\/harspenne-med-blomst\/\",\"url\":\"https:\/\/mekulo.com\/no\/produkt\/harspenne-med-blomst\/\",\"name\":\"H\u00e5rspenne med blomst - Mekulo NO\",\"isPartOf\":{\"@id\":\"https:\/\/mekulo.com\/no\/#website\"},\"primaryImageOfPage\":{\"@id\":\"https:\/\/mekulo.com\/no\/produkt\/harspenne-med-blomst\/#primaryimage\"},\"image\":{\"@id\":\"https:\/\/mekulo.com\/no\/produkt\/harspenne-med-blomst\/#primaryimage\"},\"thumbnailUrl\":\"https:\/\/mekulo.com\/no\/wp-content\/uploads\/sites\/10\/2026\/02\/jdk8rdn-1.jpeg\",\"datePublished\":\"2026-02-20T11:44:40+00:00\",\"dateModified\":\"2026-02-20T11:45:32+00:00\",\"breadcrumb\":{\"@id\":\"https:\/\/mekulo.com\/no\/produkt\/harspenne-med-blomst\/#breadcrumb\"},\"inLanguage\":\"nb-NO\",\"potentialAction\":[{\"@type\":\"ReadAction\",\"target\":[\"https:\/\/mekulo.com\/no\/produkt\/harspenne-med-blomst\/\"]}]},{\"@type\":\"ImageObject\",\"inLanguage\":\"nb-NO\",\"@id\":\"https:\/\/mekulo.com\/no\/produkt\/harspenne-med-blomst\/#primaryimage\",\"url\":\"https:\/\/mekulo.com\/no\/wp-content\/uploads\/sites\/10\/2026\/02\/jdk8rdn-1.jpeg\",\"contentUrl\":\"https:\/\/mekulo.com\/no\/wp-content\/uploads\/sites\/10\/2026\/02\/jdk8rdn-1.jpeg\",\"width\":1000,\"height\":1000},{\"@type\":\"BreadcrumbList\",\"@id\":\"https:\/\/mekulo.com\/no\/produkt\/harspenne-med-blomst\/#breadcrumb\",\"itemListElement\":[{\"@type\":\"ListItem\",\"position\":1,\"name\":\"Home\",\"item\":\"https:\/\/mekulo.com\/no\/\"},{\"@type\":\"ListItem\",\"position\":2,\"name\":\"Butikk\",\"item\":\"https:\/\/mekulo.com\/no\/butikk\/\"},{\"@type\":\"ListItem\",\"position\":3,\"name\":\"H\u00e5rspenne med blomst\"}]},{\"@type\":\"WebSite\",\"@id\":\"https:\/\/mekulo.com\/no\/#website\",\"url\":\"https:\/\/mekulo.com\/no\/\",\"name\":\"Mekulo NO\",\"description\":\"\",\"publisher\":{\"@id\":\"https:\/\/mekulo.com\/no\/#organization\"},\"potentialAction\":[{\"@type\":\"SearchAction\",\"target\":{\"@type\":\"EntryPoint\",\"urlTemplate\":\"https:\/\/mekulo.com\/no\/?s={search_term_string}\"},\"query-input\":{\"@type\":\"PropertyValueSpecification\",\"valueRequired\":true,\"valueName\":\"search_term_string\"}}],\"inLanguage\":\"nb-NO\"},{\"@type\":\"Organization\",\"@id\":\"https:\/\/mekulo.com\/no\/#organization\",\"name\":\"Mekulo\",\"url\":\"https:\/\/mekulo.com\/no\/\",\"logo\":{\"@type\":\"ImageObject\",\"inLanguage\":\"nb-NO\",\"@id\":\"https:\/\/mekulo.com\/no\/#\/schema\/logo\/image\/\",\"url\":\"https:\/\/mekulo.com\/no\/wp-content\/uploads\/sites\/10\/2025\/12\/favicon_mekulo.png\",\"contentUrl\":\"https:\/\/mekulo.com\/no\/wp-content\/uploads\/sites\/10\/2025\/12\/favicon_mekulo.png\",\"width\":50,\"height\":50,\"caption\":\"Mekulo\"},\"image\":{\"@id\":\"https:\/\/mekulo.com\/no\/#\/schema\/logo\/image\/\"}}]}<\/script>\n<!-- \/ Yoast SEO plugin. -->","yoast_head_json":{"title":"H\u00e5rspenne med blomst - Mekulo NO","robots":{"index":"index","follow":"follow","max-snippet":"max-snippet:-1","max-image-preview":"max-image-preview:large","max-video-preview":"max-video-preview:-1"},"canonical":"https:\/\/mekulo.com\/no\/produkt\/harspenne-med-blomst\/","og_locale":"nb_NO","og_type":"article","og_title":"H\u00e5rspenne med blomst - Mekulo NO","og_description":"\ud83d\udc87\u200d\u2640\ufe0fEffortless hold. \u00d8yeblikkelig sjarm. \ud83c\udf0aEt enkelt tilbeh\u00f8r som forvandler frisyren din. \ud83c\udf38Disse blomsterh\u00e5rspennene kombinerer leken eleganse med praktisk hverdagsbruk \u2014 de holder h\u00e5ret sikkert samtidig som de tilf\u00f8rer et friskt, stilig preg.","og_url":"https:\/\/mekulo.com\/no\/produkt\/harspenne-med-blomst\/","og_site_name":"Mekulo NO","article_modified_time":"2026-02-20T11:45:32+00:00","og_image":[{"width":1000,"height":1000,"url":"https:\/\/mekulo.com\/no\/wp-content\/uploads\/sites\/10\/2026\/02\/jdk8rdn-1.jpeg","type":"image\/jpeg"}],"twitter_card":"summary_large_image","twitter_misc":{"Ansl. lesetid":"2 minutter"},"schema":{"@context":"https:\/\/schema.org","@graph":[{"@type":"WebPage","@id":"https:\/\/mekulo.com\/no\/produkt\/harspenne-med-blomst\/","url":"https:\/\/mekulo.com\/no\/produkt\/harspenne-med-blomst\/","name":"H\u00e5rspenne med blomst - Mekulo NO","isPartOf":{"@id":"https:\/\/mekulo.com\/no\/#website"},"primaryImageOfPage":{"@id":"https:\/\/mekulo.com\/no\/produkt\/harspenne-med-blomst\/#primaryimage"},"image":{"@id":"https:\/\/mekulo.com\/no\/produkt\/harspenne-med-blomst\/#primaryimage"},"thumbnailUrl":"https:\/\/mekulo.com\/no\/wp-content\/uploads\/sites\/10\/2026\/02\/jdk8rdn-1.jpeg","datePublished":"2026-02-20T11:44:40+00:00","dateModified":"2026-02-20T11:45:32+00:00","breadcrumb":{"@id":"https:\/\/mekulo.com\/no\/produkt\/harspenne-med-blomst\/#breadcrumb"},"inLanguage":"nb-NO","potentialAction":[{"@type":"ReadAction","target":["https:\/\/mekulo.com\/no\/produkt\/harspenne-med-blomst\/"]}]},{"@type":"ImageObject","inLanguage":"nb-NO","@id":"https:\/\/mekulo.com\/no\/produkt\/harspenne-med-blomst\/#primaryimage","url":"https:\/\/mekulo.com\/no\/wp-content\/uploads\/sites\/10\/2026\/02\/jdk8rdn-1.jpeg","contentUrl":"https:\/\/mekulo.com\/no\/wp-content\/uploads\/sites\/10\/2026\/02\/jdk8rdn-1.jpeg","width":1000,"height":1000},{"@type":"BreadcrumbList","@id":"https:\/\/mekulo.com\/no\/produkt\/harspenne-med-blomst\/#breadcrumb","itemListElement":[{"@type":"ListItem","position":1,"name":"Home","item":"https:\/\/mekulo.com\/no\/"},{"@type":"ListItem","position":2,"name":"Butikk","item":"https:\/\/mekulo.com\/no\/butikk\/"},{"@type":"ListItem","position":3,"name":"H\u00e5rspenne med blomst"}]},{"@type":"WebSite","@id":"https:\/\/mekulo.com\/no\/#website","url":"https:\/\/mekulo.com\/no\/","name":"Mekulo NO","description":"","publisher":{"@id":"https:\/\/mekulo.com\/no\/#organization"},"potentialAction":[{"@type":"SearchAction","target":{"@type":"EntryPoint","urlTemplate":"https:\/\/mekulo.com\/no\/?s={search_term_string}"},"query-input":{"@type":"PropertyValueSpecification","valueRequired":true,"valueName":"search_term_string"}}],"inLanguage":"nb-NO"},{"@type":"Organization","@id":"https:\/\/mekulo.com\/no\/#organization","name":"Mekulo","url":"https:\/\/mekulo.com\/no\/","logo":{"@type":"ImageObject","inLanguage":"nb-NO","@id":"https:\/\/mekulo.com\/no\/#\/schema\/logo\/image\/","url":"https:\/\/mekulo.com\/no\/wp-content\/uploads\/sites\/10\/2025\/12\/favicon_mekulo.png","contentUrl":"https:\/\/mekulo.com\/no\/wp-content\/uploads\/sites\/10\/2025\/12\/favicon_mekulo.png","width":50,"height":50,"caption":"Mekulo"},"image":{"@id":"https:\/\/mekulo.com\/no\/#\/schema\/logo\/image\/"}}]}},"_links":{"self":[{"href":"https:\/\/mekulo.com\/no\/wp-json\/wp\/v2\/product\/24167","targetHints":{"allow":["GET"]}}],"collection":[{"href":"https:\/\/mekulo.com\/no\/wp-json\/wp\/v2\/product"}],"about":[{"href":"https:\/\/mekulo.com\/no\/wp-json\/wp\/v2\/types\/product"}],"replies":[{"embeddable":true,"href":"https:\/\/mekulo.com\/no\/wp-json\/wp\/v2\/comments?post=24167"}],"wp:featuredmedia":[{"embeddable":true,"href":"https:\/\/mekulo.com\/no\/wp-json\/wp\/v2\/media\/24163"}],"wp:attachment":[{"href":"https:\/\/mekulo.com\/no\/wp-json\/wp\/v2\/media?parent=24167"}],"wp:term":[{"taxonomy":"product_brand","embeddable":true,"href":"https:\/\/mekulo.com\/no\/wp-json\/wp\/v2\/product_brand?post=24167"},{"taxonomy":"product_cat","embeddable":true,"href":"https:\/\/mekulo.com\/no\/wp-json\/wp\/v2\/product_cat?post=24167"},{"taxonomy":"product_tag","embeddable":true,"href":"https:\/\/mekulo.com\/no\/wp-json\/wp\/v2\/product_tag?post=24167"}],"curies":[{"name":"wp","href":"https:\/\/api.w.org\/{rel}","templated":true}]}}