{"id":24045,"date":"2026-02-20T13:31:15","date_gmt":"2026-02-20T11:31:15","guid":{"rendered":"https:\/\/mekulo.com\/no\/produkt\/handlaget-perlebrosje\/"},"modified":"2026-02-20T13:55:28","modified_gmt":"2026-02-20T11:55:28","slug":"handlaget-perlebrosje","status":"publish","type":"product","link":"https:\/\/mekulo.com\/no\/produkt\/handlaget-perlebrosje\/","title":{"rendered":"H\u00e5ndlaget perlebrosje"},"content":{"rendered":"<h2 style=\"text-align: center\" data-start=\"276\" data-end=\"292\">\u2728 L\u00f8ftet<\/h2>\n<p style=\"text-align: center\" data-start=\"294\" data-end=\"354\">Pin it on.<br data-start=\"304\" data-end=\"307\" \/>Transform your look.<br data-start=\"327\" data-end=\"330\" \/>Feel instantly polished.<\/p>\n<p data-start=\"294\" data-end=\"354\"><img fetchpriority=\"high\" decoding=\"async\" class=\" wp-image-25669 aligncenter\" src=\"https:\/\/mekulo.com\/template\/wp-content\/uploads\/sites\/6\/2026\/02\/12216-ezgif.com-video-to-webp-converter-2.webp\" alt=\"\" width=\"550\" height=\"550\" \/><\/p>\n<h2 style=\"text-align: center\" data-start=\"361\" data-end=\"379\">\u2705 Hovedfordeler<\/h2>\n<p data-start=\"383\" data-end=\"503\">\ud83c\udf38 Elegant blomsterperledesign &#8211; Et sl\u00e5ende arrangement som tilf\u00f8rer raffinement uten \u00e5 overd\u00f8ve antrekket ditt.<\/p>\n<p data-start=\"507\" data-end=\"588\">\u2728 Vintageinspirert estetikk &#8211; Klassisk skj\u00f8nnhet som aldri g\u00e5r av moten.<\/p>\n<p data-start=\"592\" data-end=\"667\">\ud83d\udd4a\ufe0f Lett og behagelig &#8211; Merkbar tilstedev\u00e6relse, uanstrengt slitasje.<\/p>\n<p data-start=\"671\" data-end=\"780\">\ud83d\udee1\ufe0f Sikker og holdbar konstruksjon &#8211; N\u00f8ye arrangerte perler designet for \u00e5 holde formen og holde seg p\u00e5 plass.<\/p>\n<p data-start=\"784\" data-end=\"881\">\ud83d\udc57 Allsidig stylingstykke &#8211; Kompletterer sarier, kjoler, blazere, skjerf, hatter og mer.<\/p>\n<p data-start=\"885\" data-end=\"987\">\ud83c\udf81 Betydningsfullt gavevalg &#8211; Et grasi\u00f8st minne til bursdager, feiringer eller spesielle \u00f8yeblikk.<\/p>\n<p data-start=\"885\" data-end=\"987\"><img decoding=\"async\" class=\"size-full wp-image-25675 aligncenter\" src=\"https:\/\/mekulo.com\/template\/wp-content\/uploads\/sites\/6\/2026\/02\/6-14.jpeg\" alt=\"\" width=\"800\" height=\"800\" \/><\/p>\n<h2 style=\"text-align: center\" data-start=\"994\" data-end=\"1017\">\u2757 Problem \u2192 L\u00f8sning<\/h2>\n<p data-start=\"1019\" data-end=\"1135\"><strong data-start=\"1019\" data-end=\"1031\">Problem:<\/strong><br data-start=\"1031\" data-end=\"1034\" \/>Mange tilbeh\u00f8r f\u00f8les enten for prangende eller for subtile &#8211; vanskelige \u00e5 matche, ubehagelige eller sjelden brukt.<\/p>\n<p data-start=\"1137\" data-end=\"1245\"><strong data-start=\"1137\" data-end=\"1150\">L\u00f8sning:<\/strong><br data-start=\"1150\" data-end=\"1153\" \/>Denne perlebrosjen gir balansert eleganse: s\u00e6regen, men raffinert, stilig, men likevel tidl\u00f8s.<\/p>\n<h2 style=\"text-align: center\" data-start=\"1252\" data-end=\"1269\">\ud83d\udcab Perfekt til<\/h2>\n<ul data-start=\"1271\" data-end=\"1393\">\n<li data-start=\"1271\" data-end=\"1299\">\n<p data-start=\"1273\" data-end=\"1299\">Bryllup og formelle arrangementer<\/p>\n<\/li>\n<li data-start=\"1300\" data-end=\"1321\">\n<p data-start=\"1302\" data-end=\"1321\">Forretningsm\u00f8ter<\/p>\n<\/li>\n<li data-start=\"1322\" data-end=\"1341\">\n<p data-start=\"1324\" data-end=\"1341\">Kveldsutflukter<\/p>\n<\/li>\n<li data-start=\"1342\" data-end=\"1371\">\n<p data-start=\"1344\" data-end=\"1371\">Fester og seremonier<\/p>\n<\/li>\n<li data-start=\"1372\" data-end=\"1393\">\n<p data-start=\"1374\" data-end=\"1393\">Eleganse i hverdagen<\/p>\n<\/li>\n<\/ul>\n<p data-start=\"1395\" data-end=\"1439\">Fra statement-styling til subtil raffinement.<\/p>\n<h2 style=\"text-align: center\" data-start=\"1446\" data-end=\"1462\">\u2699\ufe0f Slik bruker du den<\/h2>\n<ol data-start=\"1464\" data-end=\"1558\">\n<li data-start=\"1464\" data-end=\"1504\">\n<p data-start=\"1467\" data-end=\"1504\">Plasser brosjen p\u00e5 plagget ditt.<\/p>\n<\/li>\n<li data-start=\"1505\" data-end=\"1526\">\n<p data-start=\"1508\" data-end=\"1526\">Fest l\u00e5sen.<\/p>\n<\/li>\n<li data-start=\"1527\" data-end=\"1558\">\n<p data-start=\"1530\" data-end=\"1558\">Juster plasseringen om n\u00f8dvendig.<\/p>\n<\/li>\n<\/ol>\n<h2 style=\"text-align: center\" data-start=\"1600\" data-end=\"1621\">\ud83d\udcd0 Produktdetaljer<\/h2>\n<ul data-start=\"1623\" data-end=\"1855\">\n<li data-start=\"1623\" data-end=\"1659\">\n<p data-start=\"1625\" data-end=\"1659\">Design: Blomstret perleklynge<\/p>\n<\/li>\n<li data-start=\"1660\" data-end=\"1716\">\n<p data-start=\"1662\" data-end=\"1716\">Materiale: H\u00e5ndlaget struktur med imiterte perler<\/p>\n<\/li>\n<li data-start=\"1717\" data-end=\"1765\">\n<p data-start=\"1719\" data-end=\"1765\">Vekt: Lett for behagelig bruk<\/p>\n<\/li>\n<li data-start=\"1766\" data-end=\"1808\">\n<p data-start=\"1768\" data-end=\"1808\">Stil: Vintage \/ klassisk \/ elegant<\/p>\n<\/li>\n<li data-start=\"1809\" data-end=\"1855\">\n<p data-start=\"1811\" data-end=\"1855\">Bruk: Dekorativt og funksjonelt tilbeh\u00f8r<\/p>\n<\/li>\n<li data-start=\"1809\" data-end=\"1855\">Lengde: 7,7 cm<\/li>\n<\/ul>\n<h2 style=\"text-align: center\" data-start=\"1898\" data-end=\"1920\">\ud83d\udce6 Pakken inkluderer<\/h2>\n<ul data-start=\"1922\" data-end=\"1952\">\n<li style=\"list-style-type: none\">\n<ul data-start=\"1922\" data-end=\"1952\">\n<li data-start=\"1922\" data-end=\"1952\">\n<p data-start=\"1924\" data-end=\"1952\">1x h\u00e5ndlaget perlebrosje.<\/p>\n<\/li>\n<\/ul>\n<\/li>\n<\/ul>\n","protected":false},"excerpt":{"rendered":"<p>\ud83e\uddaaEn tidl\u00f8s aksent som stille vekker oppmerksomhet.<br \/>\n\ud83c\udf3cVintage sjarm, moderne eleganse.<br \/>\n\ud83d\udc69\u200d\ud83e\uddb3Designed for \u00e5 l\u00f8fte ethvert antrekk, blander denne h\u00e5ndlagde perlebrosjen delikate perledetaljer med en grasi\u00f8s blomstersilhuett &#8211; raffinert, feminin, uforglemmelig.<\/p>\n","protected":false},"featured_media":24041,"comment_status":"open","ping_status":"closed","template":"","meta":{"site-sidebar-layout":"default","site-content-layout":"","ast-site-content-layout":"default","site-content-style":"default","site-sidebar-style":"default","ast-global-header-display":"","ast-banner-title-visibility":"","ast-main-header-display":"","ast-hfb-above-header-display":"","ast-hfb-below-header-display":"","ast-hfb-mobile-header-display":"","site-post-title":"","ast-breadcrumbs-content":"","ast-featured-img":"","footer-sml-layout":"","theme-transparent-header-meta":"default","adv-header-id-meta":"","stick-header-meta":"","header-above-stick-meta":"","header-main-stick-meta":"","header-below-stick-meta":"","astra-migrate-meta-layouts":"set","ast-page-background-enabled":"default","ast-page-background-meta":{"desktop":{"background-color":"var(--ast-global-color-5)","background-image":"","background-repeat":"repeat","background-position":"center center","background-size":"auto","background-attachment":"scroll","background-type":"","background-media":"","overlay-type":"","overlay-color":"","overlay-opacity":"","overlay-gradient":""},"tablet":{"background-color":"","background-image":"","background-repeat":"repeat","background-position":"center center","background-size":"auto","background-attachment":"scroll","background-type":"","background-media":"","overlay-type":"","overlay-color":"","overlay-opacity":"","overlay-gradient":""},"mobile":{"background-color":"","background-image":"","background-repeat":"repeat","background-position":"center center","background-size":"auto","background-attachment":"scroll","background-type":"","background-media":"","overlay-type":"","overlay-color":"","overlay-opacity":"","overlay-gradient":""}},"ast-content-background-meta":{"desktop":{"background-color":"var(--ast-global-color-4)","background-image":"","background-repeat":"repeat","background-position":"center center","background-size":"auto","background-attachment":"scroll","background-type":"","background-media":"","overlay-type":"","overlay-color":"","overlay-opacity":"","overlay-gradient":""},"tablet":{"background-color":"var(--ast-global-color-4)","background-image":"","background-repeat":"repeat","background-position":"center center","background-size":"auto","background-attachment":"scroll","background-type":"","background-media":"","overlay-type":"","overlay-color":"","overlay-opacity":"","overlay-gradient":""},"mobile":{"background-color":"var(--ast-global-color-4)","background-image":"","background-repeat":"repeat","background-position":"center center","background-size":"auto","background-attachment":"scroll","background-type":"","background-media":"","overlay-type":"","overlay-color":"","overlay-opacity":"","overlay-gradient":""}}},"product_brand":[],"product_cat":[165],"product_tag":[],"class_list":{"0":"post-24045","1":"product","2":"type-product","3":"status-publish","4":"has-post-thumbnail","6":"product_cat-fottoy-tilbehor","7":"desktop-align-left","8":"tablet-align-left","9":"mobile-align-left","11":"first","12":"instock","13":"shipping-taxable","14":"purchasable","15":"product-type-simple"},"yoast_head":"<!-- This site is optimized with the Yoast SEO plugin v26.6 - https:\/\/yoast.com\/wordpress\/plugins\/seo\/ -->\n<title>H\u00e5ndlaget perlebrosje - Mekulo NO<\/title>\n<meta name=\"robots\" content=\"index, follow, max-snippet:-1, max-image-preview:large, max-video-preview:-1\" \/>\n<link rel=\"canonical\" href=\"https:\/\/mekulo.com\/no\/produkt\/handlaget-perlebrosje\/\" \/>\n<meta property=\"og:locale\" content=\"nb_NO\" \/>\n<meta property=\"og:type\" content=\"article\" \/>\n<meta property=\"og:title\" content=\"H\u00e5ndlaget perlebrosje - Mekulo NO\" \/>\n<meta property=\"og:description\" content=\"\ud83e\uddaaEn tidl\u00f8s aksent som stille vekker oppmerksomhet. \ud83c\udf3cVintage sjarm, moderne eleganse. \ud83d\udc69\u200d\ud83e\uddb3Designed for \u00e5 l\u00f8fte ethvert antrekk, blander denne h\u00e5ndlagde perlebrosjen delikate perledetaljer med en grasi\u00f8s blomstersilhuett - raffinert, feminin, uforglemmelig.\" \/>\n<meta property=\"og:url\" content=\"https:\/\/mekulo.com\/no\/produkt\/handlaget-perlebrosje\/\" \/>\n<meta property=\"og:site_name\" content=\"Mekulo NO\" \/>\n<meta property=\"article:modified_time\" content=\"2026-02-20T11:55:28+00:00\" \/>\n<meta property=\"og:image\" content=\"https:\/\/mekulo.com\/no\/wp-content\/uploads\/sites\/10\/2026\/02\/lxaoaq2-1.jpeg\" \/>\n\t<meta property=\"og:image:width\" content=\"800\" \/>\n\t<meta property=\"og:image:height\" content=\"800\" \/>\n\t<meta property=\"og:image:type\" content=\"image\/jpeg\" \/>\n<meta name=\"twitter:card\" content=\"summary_large_image\" \/>\n<meta name=\"twitter:label1\" content=\"Ansl. lesetid\" \/>\n\t<meta name=\"twitter:data1\" content=\"2 minutter\" \/>\n<script type=\"application\/ld+json\" class=\"yoast-schema-graph\">{\"@context\":\"https:\/\/schema.org\",\"@graph\":[{\"@type\":\"WebPage\",\"@id\":\"https:\/\/mekulo.com\/no\/produkt\/handlaget-perlebrosje\/\",\"url\":\"https:\/\/mekulo.com\/no\/produkt\/handlaget-perlebrosje\/\",\"name\":\"H\u00e5ndlaget perlebrosje - Mekulo NO\",\"isPartOf\":{\"@id\":\"https:\/\/mekulo.com\/no\/#website\"},\"primaryImageOfPage\":{\"@id\":\"https:\/\/mekulo.com\/no\/produkt\/handlaget-perlebrosje\/#primaryimage\"},\"image\":{\"@id\":\"https:\/\/mekulo.com\/no\/produkt\/handlaget-perlebrosje\/#primaryimage\"},\"thumbnailUrl\":\"https:\/\/mekulo.com\/no\/wp-content\/uploads\/sites\/10\/2026\/02\/lxaoaq2-1.jpeg\",\"datePublished\":\"2026-02-20T11:31:15+00:00\",\"dateModified\":\"2026-02-20T11:55:28+00:00\",\"breadcrumb\":{\"@id\":\"https:\/\/mekulo.com\/no\/produkt\/handlaget-perlebrosje\/#breadcrumb\"},\"inLanguage\":\"nb-NO\",\"potentialAction\":[{\"@type\":\"ReadAction\",\"target\":[\"https:\/\/mekulo.com\/no\/produkt\/handlaget-perlebrosje\/\"]}]},{\"@type\":\"ImageObject\",\"inLanguage\":\"nb-NO\",\"@id\":\"https:\/\/mekulo.com\/no\/produkt\/handlaget-perlebrosje\/#primaryimage\",\"url\":\"https:\/\/mekulo.com\/no\/wp-content\/uploads\/sites\/10\/2026\/02\/lxaoaq2-1.jpeg\",\"contentUrl\":\"https:\/\/mekulo.com\/no\/wp-content\/uploads\/sites\/10\/2026\/02\/lxaoaq2-1.jpeg\",\"width\":800,\"height\":800},{\"@type\":\"BreadcrumbList\",\"@id\":\"https:\/\/mekulo.com\/no\/produkt\/handlaget-perlebrosje\/#breadcrumb\",\"itemListElement\":[{\"@type\":\"ListItem\",\"position\":1,\"name\":\"Home\",\"item\":\"https:\/\/mekulo.com\/no\/\"},{\"@type\":\"ListItem\",\"position\":2,\"name\":\"Butikk\",\"item\":\"https:\/\/mekulo.com\/no\/butikk\/\"},{\"@type\":\"ListItem\",\"position\":3,\"name\":\"H\u00e5ndlaget perlebrosje\"}]},{\"@type\":\"WebSite\",\"@id\":\"https:\/\/mekulo.com\/no\/#website\",\"url\":\"https:\/\/mekulo.com\/no\/\",\"name\":\"Mekulo NO\",\"description\":\"\",\"publisher\":{\"@id\":\"https:\/\/mekulo.com\/no\/#organization\"},\"potentialAction\":[{\"@type\":\"SearchAction\",\"target\":{\"@type\":\"EntryPoint\",\"urlTemplate\":\"https:\/\/mekulo.com\/no\/?s={search_term_string}\"},\"query-input\":{\"@type\":\"PropertyValueSpecification\",\"valueRequired\":true,\"valueName\":\"search_term_string\"}}],\"inLanguage\":\"nb-NO\"},{\"@type\":\"Organization\",\"@id\":\"https:\/\/mekulo.com\/no\/#organization\",\"name\":\"Mekulo\",\"url\":\"https:\/\/mekulo.com\/no\/\",\"logo\":{\"@type\":\"ImageObject\",\"inLanguage\":\"nb-NO\",\"@id\":\"https:\/\/mekulo.com\/no\/#\/schema\/logo\/image\/\",\"url\":\"https:\/\/mekulo.com\/no\/wp-content\/uploads\/sites\/10\/2025\/12\/favicon_mekulo.png\",\"contentUrl\":\"https:\/\/mekulo.com\/no\/wp-content\/uploads\/sites\/10\/2025\/12\/favicon_mekulo.png\",\"width\":50,\"height\":50,\"caption\":\"Mekulo\"},\"image\":{\"@id\":\"https:\/\/mekulo.com\/no\/#\/schema\/logo\/image\/\"}}]}<\/script>\n<!-- \/ Yoast SEO plugin. -->","yoast_head_json":{"title":"H\u00e5ndlaget perlebrosje - Mekulo NO","robots":{"index":"index","follow":"follow","max-snippet":"max-snippet:-1","max-image-preview":"max-image-preview:large","max-video-preview":"max-video-preview:-1"},"canonical":"https:\/\/mekulo.com\/no\/produkt\/handlaget-perlebrosje\/","og_locale":"nb_NO","og_type":"article","og_title":"H\u00e5ndlaget perlebrosje - Mekulo NO","og_description":"\ud83e\uddaaEn tidl\u00f8s aksent som stille vekker oppmerksomhet. \ud83c\udf3cVintage sjarm, moderne eleganse. \ud83d\udc69\u200d\ud83e\uddb3Designed for \u00e5 l\u00f8fte ethvert antrekk, blander denne h\u00e5ndlagde perlebrosjen delikate perledetaljer med en grasi\u00f8s blomstersilhuett - raffinert, feminin, uforglemmelig.","og_url":"https:\/\/mekulo.com\/no\/produkt\/handlaget-perlebrosje\/","og_site_name":"Mekulo NO","article_modified_time":"2026-02-20T11:55:28+00:00","og_image":[{"width":800,"height":800,"url":"https:\/\/mekulo.com\/no\/wp-content\/uploads\/sites\/10\/2026\/02\/lxaoaq2-1.jpeg","type":"image\/jpeg"}],"twitter_card":"summary_large_image","twitter_misc":{"Ansl. lesetid":"2 minutter"},"schema":{"@context":"https:\/\/schema.org","@graph":[{"@type":"WebPage","@id":"https:\/\/mekulo.com\/no\/produkt\/handlaget-perlebrosje\/","url":"https:\/\/mekulo.com\/no\/produkt\/handlaget-perlebrosje\/","name":"H\u00e5ndlaget perlebrosje - Mekulo NO","isPartOf":{"@id":"https:\/\/mekulo.com\/no\/#website"},"primaryImageOfPage":{"@id":"https:\/\/mekulo.com\/no\/produkt\/handlaget-perlebrosje\/#primaryimage"},"image":{"@id":"https:\/\/mekulo.com\/no\/produkt\/handlaget-perlebrosje\/#primaryimage"},"thumbnailUrl":"https:\/\/mekulo.com\/no\/wp-content\/uploads\/sites\/10\/2026\/02\/lxaoaq2-1.jpeg","datePublished":"2026-02-20T11:31:15+00:00","dateModified":"2026-02-20T11:55:28+00:00","breadcrumb":{"@id":"https:\/\/mekulo.com\/no\/produkt\/handlaget-perlebrosje\/#breadcrumb"},"inLanguage":"nb-NO","potentialAction":[{"@type":"ReadAction","target":["https:\/\/mekulo.com\/no\/produkt\/handlaget-perlebrosje\/"]}]},{"@type":"ImageObject","inLanguage":"nb-NO","@id":"https:\/\/mekulo.com\/no\/produkt\/handlaget-perlebrosje\/#primaryimage","url":"https:\/\/mekulo.com\/no\/wp-content\/uploads\/sites\/10\/2026\/02\/lxaoaq2-1.jpeg","contentUrl":"https:\/\/mekulo.com\/no\/wp-content\/uploads\/sites\/10\/2026\/02\/lxaoaq2-1.jpeg","width":800,"height":800},{"@type":"BreadcrumbList","@id":"https:\/\/mekulo.com\/no\/produkt\/handlaget-perlebrosje\/#breadcrumb","itemListElement":[{"@type":"ListItem","position":1,"name":"Home","item":"https:\/\/mekulo.com\/no\/"},{"@type":"ListItem","position":2,"name":"Butikk","item":"https:\/\/mekulo.com\/no\/butikk\/"},{"@type":"ListItem","position":3,"name":"H\u00e5ndlaget perlebrosje"}]},{"@type":"WebSite","@id":"https:\/\/mekulo.com\/no\/#website","url":"https:\/\/mekulo.com\/no\/","name":"Mekulo NO","description":"","publisher":{"@id":"https:\/\/mekulo.com\/no\/#organization"},"potentialAction":[{"@type":"SearchAction","target":{"@type":"EntryPoint","urlTemplate":"https:\/\/mekulo.com\/no\/?s={search_term_string}"},"query-input":{"@type":"PropertyValueSpecification","valueRequired":true,"valueName":"search_term_string"}}],"inLanguage":"nb-NO"},{"@type":"Organization","@id":"https:\/\/mekulo.com\/no\/#organization","name":"Mekulo","url":"https:\/\/mekulo.com\/no\/","logo":{"@type":"ImageObject","inLanguage":"nb-NO","@id":"https:\/\/mekulo.com\/no\/#\/schema\/logo\/image\/","url":"https:\/\/mekulo.com\/no\/wp-content\/uploads\/sites\/10\/2025\/12\/favicon_mekulo.png","contentUrl":"https:\/\/mekulo.com\/no\/wp-content\/uploads\/sites\/10\/2025\/12\/favicon_mekulo.png","width":50,"height":50,"caption":"Mekulo"},"image":{"@id":"https:\/\/mekulo.com\/no\/#\/schema\/logo\/image\/"}}]}},"_links":{"self":[{"href":"https:\/\/mekulo.com\/no\/wp-json\/wp\/v2\/product\/24045","targetHints":{"allow":["GET"]}}],"collection":[{"href":"https:\/\/mekulo.com\/no\/wp-json\/wp\/v2\/product"}],"about":[{"href":"https:\/\/mekulo.com\/no\/wp-json\/wp\/v2\/types\/product"}],"replies":[{"embeddable":true,"href":"https:\/\/mekulo.com\/no\/wp-json\/wp\/v2\/comments?post=24045"}],"wp:featuredmedia":[{"embeddable":true,"href":"https:\/\/mekulo.com\/no\/wp-json\/wp\/v2\/media\/24041"}],"wp:attachment":[{"href":"https:\/\/mekulo.com\/no\/wp-json\/wp\/v2\/media?parent=24045"}],"wp:term":[{"taxonomy":"product_brand","embeddable":true,"href":"https:\/\/mekulo.com\/no\/wp-json\/wp\/v2\/product_brand?post=24045"},{"taxonomy":"product_cat","embeddable":true,"href":"https:\/\/mekulo.com\/no\/wp-json\/wp\/v2\/product_cat?post=24045"},{"taxonomy":"product_tag","embeddable":true,"href":"https:\/\/mekulo.com\/no\/wp-json\/wp\/v2\/product_tag?post=24045"}],"curies":[{"name":"wp","href":"https:\/\/api.w.org\/{rel}","templated":true}]}}