{"id":23837,"date":"2026-02-19T06:21:07","date_gmt":"2026-02-19T04:21:07","guid":{"rendered":"https:\/\/mekulo.com\/no\/produkt\/halskjede-med-liten-stjernebok\/"},"modified":"2026-02-19T06:21:18","modified_gmt":"2026-02-19T04:21:18","slug":"halskjede-med-liten-stjernebok","status":"publish","type":"product","link":"https:\/\/mekulo.com\/no\/produkt\/halskjede-med-liten-stjernebok\/","title":{"rendered":"Halskjede med liten stjernebok"},"content":{"rendered":"<h2 style=\"text-align: center\" data-start=\"280\" data-end=\"297\">L\u00f8ftet \ud83d\udcab<\/h2>\n<p style=\"text-align: center\" data-start=\"299\" data-end=\"386\">Noen gaver b\u00e6res.<br data-start=\"319\" data-end=\"322\" \/>Andre huskes.<br data-start=\"348\" data-end=\"351\" \/>Og denne blir en del av hennes historie.<\/p>\n<p data-start=\"299\" data-end=\"386\"><img fetchpriority=\"high\" decoding=\"async\" class=\" wp-image-25473 aligncenter\" src=\"https:\/\/mekulo.com\/template\/wp-content\/uploads\/sites\/6\/2026\/02\/12217-ezgif.com-video-to-webp-converter-1.webp\" alt=\"\" width=\"550\" height=\"550\" \/><\/p>\n<h2 style=\"text-align: center\" data-start=\"393\" data-end=\"421\">Hovedfordeler \u2728<\/h2>\n<p data-start=\"425\" data-end=\"542\">\ud83d\udcd6 \u00c5pningsbart bokanheng &#8211; En miniatyrbok som faktisk kan \u00e5pnes \u2014 en vakker overraskelse hun vil elske \u00e5 oppdage.<\/p>\n<p data-start=\"546\" data-end=\"649\">\ud83d\udc8c Seks graverte sider inni &#8211; Hver side inneholder inderlige ord om kj\u00e6rlighet, oppmuntring og stolthet.<\/p>\n<p data-start=\"653\" data-end=\"760\">\u2728 Elegant, tidl\u00f8s design &#8211; Minimalistisk og stilig \u2014 perfekt til hverdagsbruk eller spesielle anledninger.<\/p>\n<p data-start=\"764\" data-end=\"861\">\ud83d\udd17 Justerbart, komfortabelt kjede &#8211; Designet for \u00e5 sitte perfekt, enten det b\u00e6res alene eller i lag.<\/p>\n<p data-start=\"865\" data-end=\"975\">\ud83d\udee1\ufe0f Tarnish-resistent rustfritt st\u00e5l &#8211; Slitesterkt, allergivennlig, rustbestandig og laget for \u00e5 beholde glansen.<\/p>\n<p data-start=\"979\" data-end=\"1075\">\ud83c\udf81 Klar til \u00e5 gi bort &#8211; En meningsfull gave uten stresset med &laquo;Vil hun like den?&raquo;<\/p>\n<h2 style=\"text-align: center\" data-start=\"1082\" data-end=\"1106\">Problem \u2192 L\u00f8sning \ud83d\udc95<\/h2>\n<p data-start=\"1108\" data-end=\"1266\"><strong data-start=\"1108\" data-end=\"1120\">Problem:<\/strong><br data-start=\"1120\" data-end=\"1123\" \/>Det er vanskelig \u00e5 finne en gave til datteren din som f\u00f8les personlig, emosjonell og virkelig minneverdig. Blomster falmer. Gadgets eldes.<\/p>\n<p data-start=\"1268\" data-end=\"1417\"><strong data-start=\"1268\" data-end=\"1281\">L\u00f8sningen:<\/strong><br data-start=\"1281\" data-end=\"1284\" \/>Gi henne noe hun kan <em data-start=\"1311\" data-end=\"1317\">ha p\u00e5 seg<\/em>, <em data-start=\"1319\" data-end=\"1325\">\u00e5pne<\/em>, og <em data-start=\"1331\" data-end=\"1337\">kjenne p\u00e5<\/em> hver gang hun tar p\u00e5 det \u2014 en konstant p\u00e5minnelse om din kj\u00e6rlighet og tro p\u00e5 henne.<\/p>\n<p data-start=\"1268\" data-end=\"1417\"><img decoding=\"async\" class=\"size-full wp-image-25474 aligncenter\" src=\"https:\/\/mekulo.com\/template\/wp-content\/uploads\/sites\/6\/2026\/02\/S2ec619ac62c141b197c1753c48a131c9r.webp\" alt=\"\" width=\"800\" height=\"800\" \/><\/p>\n<h2 style=\"text-align: center\" data-start=\"1424\" data-end=\"1455\">Perfekt for disse \u00f8yeblikkene \ud83c\udf38<\/h2>\n<ul data-start=\"1457\" data-end=\"1593\">\n<li data-start=\"1457\" data-end=\"1470\">\n<p data-start=\"1459\" data-end=\"1470\">Bursdager<\/p>\n<\/li>\n<li data-start=\"1471\" data-end=\"1486\">\n<p data-start=\"1473\" data-end=\"1486\">Gradueringer<\/p>\n<\/li>\n<li data-start=\"1487\" data-end=\"1511\">\n<p data-start=\"1489\" data-end=\"1511\">Jul og h\u00f8ytider<\/p>\n<\/li>\n<li data-start=\"1512\" data-end=\"1530\">\n<p data-start=\"1514\" data-end=\"1530\">Skolestart<\/p>\n<\/li>\n<li data-start=\"1531\" data-end=\"1559\">\n<p data-start=\"1533\" data-end=\"1559\">&laquo;Bare fordi&raquo;-overraskelser<\/p>\n<\/li>\n<li data-start=\"1560\" data-end=\"1593\">\n<p data-start=\"1562\" data-end=\"1593\">En p\u00e5minnelse i t\u00f8ffe tider<\/p>\n<\/li>\n<\/ul>\n<p data-start=\"1595\" data-end=\"1654\">Uavhengig av om hun er 10 eller 30 \u00e5r, er budskapet like sterkt.<\/p>\n<h2 style=\"text-align: center\" data-start=\"1863\" data-end=\"1883\">Produktdetaljer \ud83d\udccf<\/h2>\n<ul data-start=\"1885\" data-end=\"2104\">\n<li data-start=\"1941\" data-end=\"1974\">\n<p data-start=\"1943\" data-end=\"1974\">Materiale: Rustfritt st\u00e5l<\/p>\n<\/li>\n<li data-start=\"2022\" data-end=\"2054\">\n<p data-start=\"2024\" data-end=\"2054\">Kjede: Justerbar lengde (48 cm)<\/p>\n<\/li>\n<li data-start=\"2055\" data-end=\"2104\">\n<p data-start=\"2057\" data-end=\"2104\">Overflatebehandling: Tarnish-resistent, hypoallergenisk<\/p>\n<\/li>\n<li data-start=\"2055\" data-end=\"2104\">Bokst\u00f8rrelse: 2,3 x 1,8 cm<\/li>\n<\/ul>\n<h2 style=\"text-align: center\">Pakken inkluderer \ud83d\udce6<\/h2>\n<ul data-start=\"2134\" data-end=\"2202\">\n<li data-start=\"2134\" data-end=\"2167\">\n<p data-start=\"2136\" data-end=\"2167\">1x little star book halskjede.<\/p>\n<\/li>\n<\/ul>\n","protected":false},"excerpt":{"rendered":"<p>\ud83d\udcd4En liten bok. En livslang p\u00e5minnelse om din kj\u00e6rlighet.<br \/>\n\ud83d\udc8eMer enn et smykke &#8211; et budskap hun kan b\u00e6re med seg hver dag.<br \/>\n\u2728Delikat, meningsfullt og vakkert utformet, dette lille stjernebokhalskjedet \u00e5pnes for \u00e5 avsl\u00f8re inngraverte sider fylt med ord hun aldri vil glemme.<\/p>\n","protected":false},"featured_media":23833,"comment_status":"open","ping_status":"closed","template":"","meta":{"site-sidebar-layout":"default","site-content-layout":"","ast-site-content-layout":"default","site-content-style":"default","site-sidebar-style":"default","ast-global-header-display":"","ast-banner-title-visibility":"","ast-main-header-display":"","ast-hfb-above-header-display":"","ast-hfb-below-header-display":"","ast-hfb-mobile-header-display":"","site-post-title":"","ast-breadcrumbs-content":"","ast-featured-img":"","footer-sml-layout":"","theme-transparent-header-meta":"default","adv-header-id-meta":"","stick-header-meta":"","header-above-stick-meta":"","header-main-stick-meta":"","header-below-stick-meta":"","astra-migrate-meta-layouts":"set","ast-page-background-enabled":"default","ast-page-background-meta":{"desktop":{"background-color":"var(--ast-global-color-5)","background-image":"","background-repeat":"repeat","background-position":"center center","background-size":"auto","background-attachment":"scroll","background-type":"","background-media":"","overlay-type":"","overlay-color":"","overlay-opacity":"","overlay-gradient":""},"tablet":{"background-color":"","background-image":"","background-repeat":"repeat","background-position":"center center","background-size":"auto","background-attachment":"scroll","background-type":"","background-media":"","overlay-type":"","overlay-color":"","overlay-opacity":"","overlay-gradient":""},"mobile":{"background-color":"","background-image":"","background-repeat":"repeat","background-position":"center center","background-size":"auto","background-attachment":"scroll","background-type":"","background-media":"","overlay-type":"","overlay-color":"","overlay-opacity":"","overlay-gradient":""}},"ast-content-background-meta":{"desktop":{"background-color":"var(--ast-global-color-4)","background-image":"","background-repeat":"repeat","background-position":"center center","background-size":"auto","background-attachment":"scroll","background-type":"","background-media":"","overlay-type":"","overlay-color":"","overlay-opacity":"","overlay-gradient":""},"tablet":{"background-color":"var(--ast-global-color-4)","background-image":"","background-repeat":"repeat","background-position":"center center","background-size":"auto","background-attachment":"scroll","background-type":"","background-media":"","overlay-type":"","overlay-color":"","overlay-opacity":"","overlay-gradient":""},"mobile":{"background-color":"var(--ast-global-color-4)","background-image":"","background-repeat":"repeat","background-position":"center center","background-size":"auto","background-attachment":"scroll","background-type":"","background-media":"","overlay-type":"","overlay-color":"","overlay-opacity":"","overlay-gradient":""}}},"product_brand":[],"product_cat":[165],"product_tag":[],"class_list":{"0":"post-23837","1":"product","2":"type-product","3":"status-publish","4":"has-post-thumbnail","6":"product_cat-fottoy-tilbehor","7":"pa_60432_4ctl3a29-gull","8":"pa_60432_4ctl3a29-solv","9":"pa_60432_4ctl3a29-solv-gull","10":"desktop-align-left","11":"tablet-align-left","12":"mobile-align-left","14":"first","15":"instock","16":"shipping-taxable","17":"purchasable","18":"product-type-variable"},"yoast_head":"<!-- This site is optimized with the Yoast SEO plugin v26.6 - https:\/\/yoast.com\/wordpress\/plugins\/seo\/ -->\n<title>Halskjede med liten stjernebok - Mekulo NO<\/title>\n<meta name=\"robots\" content=\"index, follow, max-snippet:-1, max-image-preview:large, max-video-preview:-1\" \/>\n<link rel=\"canonical\" href=\"https:\/\/mekulo.com\/no\/produkt\/halskjede-med-liten-stjernebok\/\" \/>\n<meta property=\"og:locale\" content=\"nb_NO\" \/>\n<meta property=\"og:type\" content=\"article\" \/>\n<meta property=\"og:title\" content=\"Halskjede med liten stjernebok - Mekulo NO\" \/>\n<meta property=\"og:description\" content=\"\ud83d\udcd4En liten bok. En livslang p\u00e5minnelse om din kj\u00e6rlighet. \ud83d\udc8eMer enn et smykke - et budskap hun kan b\u00e6re med seg hver dag. \u2728Delikat, meningsfullt og vakkert utformet, dette lille stjernebokhalskjedet \u00e5pnes for \u00e5 avsl\u00f8re inngraverte sider fylt med ord hun aldri vil glemme.\" \/>\n<meta property=\"og:url\" content=\"https:\/\/mekulo.com\/no\/produkt\/halskjede-med-liten-stjernebok\/\" \/>\n<meta property=\"og:site_name\" content=\"Mekulo NO\" \/>\n<meta property=\"article:modified_time\" content=\"2026-02-19T04:21:18+00:00\" \/>\n<meta property=\"og:image\" content=\"https:\/\/mekulo.com\/no\/wp-content\/uploads\/sites\/10\/2026\/02\/jhaxosu-1.jpg\" \/>\n\t<meta property=\"og:image:width\" content=\"800\" \/>\n\t<meta property=\"og:image:height\" content=\"800\" \/>\n\t<meta property=\"og:image:type\" content=\"image\/jpeg\" \/>\n<meta name=\"twitter:card\" content=\"summary_large_image\" \/>\n<meta name=\"twitter:label1\" content=\"Ansl. lesetid\" \/>\n\t<meta name=\"twitter:data1\" content=\"2 minutter\" \/>\n<script type=\"application\/ld+json\" class=\"yoast-schema-graph\">{\"@context\":\"https:\/\/schema.org\",\"@graph\":[{\"@type\":\"WebPage\",\"@id\":\"https:\/\/mekulo.com\/no\/produkt\/halskjede-med-liten-stjernebok\/\",\"url\":\"https:\/\/mekulo.com\/no\/produkt\/halskjede-med-liten-stjernebok\/\",\"name\":\"Halskjede med liten stjernebok - Mekulo NO\",\"isPartOf\":{\"@id\":\"https:\/\/mekulo.com\/no\/#website\"},\"primaryImageOfPage\":{\"@id\":\"https:\/\/mekulo.com\/no\/produkt\/halskjede-med-liten-stjernebok\/#primaryimage\"},\"image\":{\"@id\":\"https:\/\/mekulo.com\/no\/produkt\/halskjede-med-liten-stjernebok\/#primaryimage\"},\"thumbnailUrl\":\"https:\/\/mekulo.com\/no\/wp-content\/uploads\/sites\/10\/2026\/02\/jhaxosu-1.jpg\",\"datePublished\":\"2026-02-19T04:21:07+00:00\",\"dateModified\":\"2026-02-19T04:21:18+00:00\",\"breadcrumb\":{\"@id\":\"https:\/\/mekulo.com\/no\/produkt\/halskjede-med-liten-stjernebok\/#breadcrumb\"},\"inLanguage\":\"nb-NO\",\"potentialAction\":[{\"@type\":\"ReadAction\",\"target\":[\"https:\/\/mekulo.com\/no\/produkt\/halskjede-med-liten-stjernebok\/\"]}]},{\"@type\":\"ImageObject\",\"inLanguage\":\"nb-NO\",\"@id\":\"https:\/\/mekulo.com\/no\/produkt\/halskjede-med-liten-stjernebok\/#primaryimage\",\"url\":\"https:\/\/mekulo.com\/no\/wp-content\/uploads\/sites\/10\/2026\/02\/jhaxosu-1.jpg\",\"contentUrl\":\"https:\/\/mekulo.com\/no\/wp-content\/uploads\/sites\/10\/2026\/02\/jhaxosu-1.jpg\",\"width\":800,\"height\":800},{\"@type\":\"BreadcrumbList\",\"@id\":\"https:\/\/mekulo.com\/no\/produkt\/halskjede-med-liten-stjernebok\/#breadcrumb\",\"itemListElement\":[{\"@type\":\"ListItem\",\"position\":1,\"name\":\"Home\",\"item\":\"https:\/\/mekulo.com\/no\/\"},{\"@type\":\"ListItem\",\"position\":2,\"name\":\"Butikk\",\"item\":\"https:\/\/mekulo.com\/no\/butikk\/\"},{\"@type\":\"ListItem\",\"position\":3,\"name\":\"Halskjede med liten stjernebok\"}]},{\"@type\":\"WebSite\",\"@id\":\"https:\/\/mekulo.com\/no\/#website\",\"url\":\"https:\/\/mekulo.com\/no\/\",\"name\":\"Mekulo NO\",\"description\":\"\",\"publisher\":{\"@id\":\"https:\/\/mekulo.com\/no\/#organization\"},\"potentialAction\":[{\"@type\":\"SearchAction\",\"target\":{\"@type\":\"EntryPoint\",\"urlTemplate\":\"https:\/\/mekulo.com\/no\/?s={search_term_string}\"},\"query-input\":{\"@type\":\"PropertyValueSpecification\",\"valueRequired\":true,\"valueName\":\"search_term_string\"}}],\"inLanguage\":\"nb-NO\"},{\"@type\":\"Organization\",\"@id\":\"https:\/\/mekulo.com\/no\/#organization\",\"name\":\"Mekulo\",\"url\":\"https:\/\/mekulo.com\/no\/\",\"logo\":{\"@type\":\"ImageObject\",\"inLanguage\":\"nb-NO\",\"@id\":\"https:\/\/mekulo.com\/no\/#\/schema\/logo\/image\/\",\"url\":\"https:\/\/mekulo.com\/no\/wp-content\/uploads\/sites\/10\/2025\/12\/favicon_mekulo.png\",\"contentUrl\":\"https:\/\/mekulo.com\/no\/wp-content\/uploads\/sites\/10\/2025\/12\/favicon_mekulo.png\",\"width\":50,\"height\":50,\"caption\":\"Mekulo\"},\"image\":{\"@id\":\"https:\/\/mekulo.com\/no\/#\/schema\/logo\/image\/\"}}]}<\/script>\n<!-- \/ Yoast SEO plugin. -->","yoast_head_json":{"title":"Halskjede med liten stjernebok - Mekulo NO","robots":{"index":"index","follow":"follow","max-snippet":"max-snippet:-1","max-image-preview":"max-image-preview:large","max-video-preview":"max-video-preview:-1"},"canonical":"https:\/\/mekulo.com\/no\/produkt\/halskjede-med-liten-stjernebok\/","og_locale":"nb_NO","og_type":"article","og_title":"Halskjede med liten stjernebok - Mekulo NO","og_description":"\ud83d\udcd4En liten bok. En livslang p\u00e5minnelse om din kj\u00e6rlighet. \ud83d\udc8eMer enn et smykke - et budskap hun kan b\u00e6re med seg hver dag. \u2728Delikat, meningsfullt og vakkert utformet, dette lille stjernebokhalskjedet \u00e5pnes for \u00e5 avsl\u00f8re inngraverte sider fylt med ord hun aldri vil glemme.","og_url":"https:\/\/mekulo.com\/no\/produkt\/halskjede-med-liten-stjernebok\/","og_site_name":"Mekulo NO","article_modified_time":"2026-02-19T04:21:18+00:00","og_image":[{"width":800,"height":800,"url":"https:\/\/mekulo.com\/no\/wp-content\/uploads\/sites\/10\/2026\/02\/jhaxosu-1.jpg","type":"image\/jpeg"}],"twitter_card":"summary_large_image","twitter_misc":{"Ansl. lesetid":"2 minutter"},"schema":{"@context":"https:\/\/schema.org","@graph":[{"@type":"WebPage","@id":"https:\/\/mekulo.com\/no\/produkt\/halskjede-med-liten-stjernebok\/","url":"https:\/\/mekulo.com\/no\/produkt\/halskjede-med-liten-stjernebok\/","name":"Halskjede med liten stjernebok - Mekulo NO","isPartOf":{"@id":"https:\/\/mekulo.com\/no\/#website"},"primaryImageOfPage":{"@id":"https:\/\/mekulo.com\/no\/produkt\/halskjede-med-liten-stjernebok\/#primaryimage"},"image":{"@id":"https:\/\/mekulo.com\/no\/produkt\/halskjede-med-liten-stjernebok\/#primaryimage"},"thumbnailUrl":"https:\/\/mekulo.com\/no\/wp-content\/uploads\/sites\/10\/2026\/02\/jhaxosu-1.jpg","datePublished":"2026-02-19T04:21:07+00:00","dateModified":"2026-02-19T04:21:18+00:00","breadcrumb":{"@id":"https:\/\/mekulo.com\/no\/produkt\/halskjede-med-liten-stjernebok\/#breadcrumb"},"inLanguage":"nb-NO","potentialAction":[{"@type":"ReadAction","target":["https:\/\/mekulo.com\/no\/produkt\/halskjede-med-liten-stjernebok\/"]}]},{"@type":"ImageObject","inLanguage":"nb-NO","@id":"https:\/\/mekulo.com\/no\/produkt\/halskjede-med-liten-stjernebok\/#primaryimage","url":"https:\/\/mekulo.com\/no\/wp-content\/uploads\/sites\/10\/2026\/02\/jhaxosu-1.jpg","contentUrl":"https:\/\/mekulo.com\/no\/wp-content\/uploads\/sites\/10\/2026\/02\/jhaxosu-1.jpg","width":800,"height":800},{"@type":"BreadcrumbList","@id":"https:\/\/mekulo.com\/no\/produkt\/halskjede-med-liten-stjernebok\/#breadcrumb","itemListElement":[{"@type":"ListItem","position":1,"name":"Home","item":"https:\/\/mekulo.com\/no\/"},{"@type":"ListItem","position":2,"name":"Butikk","item":"https:\/\/mekulo.com\/no\/butikk\/"},{"@type":"ListItem","position":3,"name":"Halskjede med liten stjernebok"}]},{"@type":"WebSite","@id":"https:\/\/mekulo.com\/no\/#website","url":"https:\/\/mekulo.com\/no\/","name":"Mekulo NO","description":"","publisher":{"@id":"https:\/\/mekulo.com\/no\/#organization"},"potentialAction":[{"@type":"SearchAction","target":{"@type":"EntryPoint","urlTemplate":"https:\/\/mekulo.com\/no\/?s={search_term_string}"},"query-input":{"@type":"PropertyValueSpecification","valueRequired":true,"valueName":"search_term_string"}}],"inLanguage":"nb-NO"},{"@type":"Organization","@id":"https:\/\/mekulo.com\/no\/#organization","name":"Mekulo","url":"https:\/\/mekulo.com\/no\/","logo":{"@type":"ImageObject","inLanguage":"nb-NO","@id":"https:\/\/mekulo.com\/no\/#\/schema\/logo\/image\/","url":"https:\/\/mekulo.com\/no\/wp-content\/uploads\/sites\/10\/2025\/12\/favicon_mekulo.png","contentUrl":"https:\/\/mekulo.com\/no\/wp-content\/uploads\/sites\/10\/2025\/12\/favicon_mekulo.png","width":50,"height":50,"caption":"Mekulo"},"image":{"@id":"https:\/\/mekulo.com\/no\/#\/schema\/logo\/image\/"}}]}},"_links":{"self":[{"href":"https:\/\/mekulo.com\/no\/wp-json\/wp\/v2\/product\/23837","targetHints":{"allow":["GET"]}}],"collection":[{"href":"https:\/\/mekulo.com\/no\/wp-json\/wp\/v2\/product"}],"about":[{"href":"https:\/\/mekulo.com\/no\/wp-json\/wp\/v2\/types\/product"}],"replies":[{"embeddable":true,"href":"https:\/\/mekulo.com\/no\/wp-json\/wp\/v2\/comments?post=23837"}],"wp:featuredmedia":[{"embeddable":true,"href":"https:\/\/mekulo.com\/no\/wp-json\/wp\/v2\/media\/23833"}],"wp:attachment":[{"href":"https:\/\/mekulo.com\/no\/wp-json\/wp\/v2\/media?parent=23837"}],"wp:term":[{"taxonomy":"product_brand","embeddable":true,"href":"https:\/\/mekulo.com\/no\/wp-json\/wp\/v2\/product_brand?post=23837"},{"taxonomy":"product_cat","embeddable":true,"href":"https:\/\/mekulo.com\/no\/wp-json\/wp\/v2\/product_cat?post=23837"},{"taxonomy":"product_tag","embeddable":true,"href":"https:\/\/mekulo.com\/no\/wp-json\/wp\/v2\/product_tag?post=23837"}],"curies":[{"name":"wp","href":"https:\/\/api.w.org\/{rel}","templated":true}]}}