{"id":23737,"date":"2026-02-17T12:33:32","date_gmt":"2026-02-17T10:33:32","guid":{"rendered":"https:\/\/mekulo.com\/no\/produkt\/krannokkelsett\/"},"modified":"2026-02-17T12:33:39","modified_gmt":"2026-02-17T10:33:39","slug":"krannokkelsett","status":"publish","type":"product","link":"https:\/\/mekulo.com\/no\/produkt\/krannokkelsett\/","title":{"rendered":"Krann\u00f8kkelsett"},"content":{"rendered":"<p style=\"text-align: center\" data-start=\"41\" data-end=\"97\"><strong data-start=\"41\" data-end=\"97\">Gj\u00f8r installasjon og fjerning av kraner raskt og enkelt. \ud83d\udca6<\/strong><\/p>\n<p data-start=\"41\" data-end=\"97\"><img fetchpriority=\"high\" decoding=\"async\" class=\"size-full wp-image-25272 aligncenter\" src=\"https:\/\/mekulo.com\/template\/wp-content\/uploads\/sites\/6\/2026\/02\/S2ba1650b692e420aa47f67daa679e15ah.jpg\" alt=\"\" width=\"800\" height=\"800\" \/><\/p>\n<h2 style=\"text-align: center\" data-start=\"318\" data-end=\"339\"><strong>Hovedfordeler \ud83d\udd27<\/strong><\/h2>\n<p data-start=\"343\" data-end=\"396\">\ud83d\udd27 Enkelt kranarbeid &#8211; Installer eller fjern raskt.<\/p>\n<p data-start=\"399\" data-end=\"449\">\ud83d\udee0\ufe0f Designet for trange rom &#8211; Bedre rekkevidde.<\/p>\n<p data-start=\"452\" data-end=\"501\">\ud83d\udd29 Slitesterk ABS + metall &#8211; Langvarig konstruksjon.<\/p>\n<p data-start=\"504\" data-end=\"555\">\ud83d\udebf Allsidig bruk &#8211; Egnet for r\u00f8rleggerjobber.<\/p>\n<p data-start=\"558\" data-end=\"600\">\u2699\ufe0f Enkel h\u00e5ndtering &#8211; Enkel \u00e5 betjene.<\/p>\n<p data-start=\"603\" data-end=\"645\">\ud83c\udfe0 Flott for hjemmet og profesjonell bruk.<\/p>\n<p data-start=\"603\" data-end=\"645\"><img decoding=\"async\" class=\"alignnone size-full wp-image-25276\" src=\"https:\/\/mekulo.com\/template\/wp-content\/uploads\/sites\/6\/2026\/02\/J-2-32.jpg\" alt=\"\" width=\"1080\" height=\"1080\" \/><\/p>\n<h2 style=\"text-align: center\" data-start=\"652\" data-end=\"670\"><strong>Hvordan Du Bruker \ud83d\udccc<\/strong><\/h2>\n<ol data-start=\"672\" data-end=\"810\">\n<li data-start=\"672\" data-end=\"707\">\n<p data-start=\"675\" data-end=\"707\">Velg riktig verkt\u00f8ystykke.<\/p>\n<\/li>\n<li data-start=\"708\" data-end=\"750\">\n<p data-start=\"711\" data-end=\"750\">Plasser den p\u00e5 kranen eller beslaget.<\/p>\n<\/li>\n<li data-start=\"751\" data-end=\"782\">\n<p data-start=\"754\" data-end=\"782\">Vri for \u00e5 stramme eller l\u00f8sne.<\/p>\n<\/li>\n<li data-start=\"783\" data-end=\"810\">\n<p data-start=\"786\" data-end=\"810\">Fjern etter justering.<\/p>\n<\/li>\n<\/ol>\n<h2 style=\"text-align: center\" data-start=\"817\" data-end=\"840\"><strong>Produktdetaljer \ud83d\udccf<\/strong><\/h2>\n<ul data-start=\"842\" data-end=\"1048\">\n<li data-start=\"882\" data-end=\"911\">\n<p data-start=\"884\" data-end=\"911\">Materiale: ABS + metall<\/p>\n<\/li>\n<li data-start=\"950\" data-end=\"999\">\n<p data-start=\"952\" data-end=\"999\">Applikasjon: Kraninstallasjon &amp; reparasjon<\/p>\n<\/li>\n<li data-start=\"1000\" data-end=\"1048\">\n<p data-start=\"1002\" data-end=\"1048\">Bruk til: Hjem, renovering, r\u00f8rleggerarbeid<\/p>\n<\/li>\n<\/ul>\n<h2 style=\"text-align: center\" data-start=\"1055\" data-end=\"1079\"><strong>Pakken Inkluderer \ud83d\udce6<\/strong><\/h2>\n<ul data-start=\"1081\" data-end=\"1111\">\n<li data-start=\"1081\" data-end=\"1111\">\n<p data-start=\"1083\" data-end=\"1111\">1, 2x krann\u00f8kkel sett \/ s (7, 14 stk).<\/p>\n<\/li>\n<\/ul>\n","protected":false},"excerpt":{"rendered":"<p>\ud83d\udca7Dette krann\u00f8kkelsettet hjelper deg med \u00e5 stramme eller l\u00f8sne beslag p\u00e5 trange steder.<br \/>\n\ud83e\uddd1\u200d\ud83d\udd27Built av slitesterk ABS og metall, og gir p\u00e5litelig ytelse for r\u00f8rleggeroppgaver.<br \/>\n\ud83d\udd27Ideal for reparasjoner, oppgraderinger og nye installasjoner. Et praktisk verkt\u00f8ysett for enklere r\u00f8rleggerarbeid.<\/p>\n","protected":false},"featured_media":23733,"comment_status":"open","ping_status":"closed","template":"","meta":{"site-sidebar-layout":"default","site-content-layout":"","ast-site-content-layout":"default","site-content-style":"default","site-sidebar-style":"default","ast-global-header-display":"","ast-banner-title-visibility":"","ast-main-header-display":"","ast-hfb-above-header-display":"","ast-hfb-below-header-display":"","ast-hfb-mobile-header-display":"","site-post-title":"","ast-breadcrumbs-content":"","ast-featured-img":"","footer-sml-layout":"","theme-transparent-header-meta":"default","adv-header-id-meta":"","stick-header-meta":"","header-above-stick-meta":"","header-main-stick-meta":"","header-below-stick-meta":"","astra-migrate-meta-layouts":"set","ast-page-background-enabled":"default","ast-page-background-meta":{"desktop":{"background-color":"var(--ast-global-color-5)","background-image":"","background-repeat":"repeat","background-position":"center center","background-size":"auto","background-attachment":"scroll","background-type":"","background-media":"","overlay-type":"","overlay-color":"","overlay-opacity":"","overlay-gradient":""},"tablet":{"background-color":"","background-image":"","background-repeat":"repeat","background-position":"center center","background-size":"auto","background-attachment":"scroll","background-type":"","background-media":"","overlay-type":"","overlay-color":"","overlay-opacity":"","overlay-gradient":""},"mobile":{"background-color":"","background-image":"","background-repeat":"repeat","background-position":"center center","background-size":"auto","background-attachment":"scroll","background-type":"","background-media":"","overlay-type":"","overlay-color":"","overlay-opacity":"","overlay-gradient":""}},"ast-content-background-meta":{"desktop":{"background-color":"var(--ast-global-color-4)","background-image":"","background-repeat":"repeat","background-position":"center center","background-size":"auto","background-attachment":"scroll","background-type":"","background-media":"","overlay-type":"","overlay-color":"","overlay-opacity":"","overlay-gradient":""},"tablet":{"background-color":"var(--ast-global-color-4)","background-image":"","background-repeat":"repeat","background-position":"center center","background-size":"auto","background-attachment":"scroll","background-type":"","background-media":"","overlay-type":"","overlay-color":"","overlay-opacity":"","overlay-gradient":""},"mobile":{"background-color":"var(--ast-global-color-4)","background-image":"","background-repeat":"repeat","background-position":"center center","background-size":"auto","background-attachment":"scroll","background-type":"","background-media":"","overlay-type":"","overlay-color":"","overlay-opacity":"","overlay-gradient":""}}},"product_brand":[],"product_cat":[171],"product_tag":[],"class_list":{"0":"post-23737","1":"product","2":"type-product","3":"status-publish","4":"has-post-thumbnail","6":"product_cat-verktoy","7":"pa_60250_nb5gfhwr-1-sett","8":"pa_60250_nb5gfhwr-2-sett","9":"desktop-align-left","10":"tablet-align-left","11":"mobile-align-left","13":"first","14":"instock","15":"shipping-taxable","16":"purchasable","17":"product-type-variable"},"yoast_head":"<!-- This site is optimized with the Yoast SEO plugin v26.6 - https:\/\/yoast.com\/wordpress\/plugins\/seo\/ -->\n<title>Krann\u00f8kkelsett - Mekulo NO<\/title>\n<meta name=\"robots\" content=\"index, follow, max-snippet:-1, max-image-preview:large, max-video-preview:-1\" \/>\n<link rel=\"canonical\" href=\"https:\/\/mekulo.com\/no\/produkt\/krannokkelsett\/\" \/>\n<meta property=\"og:locale\" content=\"nb_NO\" \/>\n<meta property=\"og:type\" content=\"article\" \/>\n<meta property=\"og:title\" content=\"Krann\u00f8kkelsett - Mekulo NO\" \/>\n<meta property=\"og:description\" content=\"\ud83d\udca7Dette krann\u00f8kkelsettet hjelper deg med \u00e5 stramme eller l\u00f8sne beslag p\u00e5 trange steder. \ud83e\uddd1\u200d\ud83d\udd27Built av slitesterk ABS og metall, og gir p\u00e5litelig ytelse for r\u00f8rleggeroppgaver. \ud83d\udd27Ideal for reparasjoner, oppgraderinger og nye installasjoner. Et praktisk verkt\u00f8ysett for enklere r\u00f8rleggerarbeid.\" \/>\n<meta property=\"og:url\" content=\"https:\/\/mekulo.com\/no\/produkt\/krannokkelsett\/\" \/>\n<meta property=\"og:site_name\" content=\"Mekulo NO\" \/>\n<meta property=\"article:modified_time\" content=\"2026-02-17T10:33:39+00:00\" \/>\n<meta property=\"og:image\" content=\"https:\/\/mekulo.com\/no\/wp-content\/uploads\/sites\/10\/2026\/02\/eb9cae0-1.jpg\" \/>\n\t<meta property=\"og:image:width\" content=\"800\" \/>\n\t<meta property=\"og:image:height\" content=\"800\" \/>\n\t<meta property=\"og:image:type\" content=\"image\/jpeg\" \/>\n<meta name=\"twitter:card\" content=\"summary_large_image\" \/>\n<meta name=\"twitter:label1\" content=\"Ansl. lesetid\" \/>\n\t<meta name=\"twitter:data1\" content=\"2 minutter\" \/>\n<script type=\"application\/ld+json\" class=\"yoast-schema-graph\">{\"@context\":\"https:\/\/schema.org\",\"@graph\":[{\"@type\":\"WebPage\",\"@id\":\"https:\/\/mekulo.com\/no\/produkt\/krannokkelsett\/\",\"url\":\"https:\/\/mekulo.com\/no\/produkt\/krannokkelsett\/\",\"name\":\"Krann\u00f8kkelsett - Mekulo NO\",\"isPartOf\":{\"@id\":\"https:\/\/mekulo.com\/no\/#website\"},\"primaryImageOfPage\":{\"@id\":\"https:\/\/mekulo.com\/no\/produkt\/krannokkelsett\/#primaryimage\"},\"image\":{\"@id\":\"https:\/\/mekulo.com\/no\/produkt\/krannokkelsett\/#primaryimage\"},\"thumbnailUrl\":\"https:\/\/mekulo.com\/no\/wp-content\/uploads\/sites\/10\/2026\/02\/eb9cae0-1.jpg\",\"datePublished\":\"2026-02-17T10:33:32+00:00\",\"dateModified\":\"2026-02-17T10:33:39+00:00\",\"breadcrumb\":{\"@id\":\"https:\/\/mekulo.com\/no\/produkt\/krannokkelsett\/#breadcrumb\"},\"inLanguage\":\"nb-NO\",\"potentialAction\":[{\"@type\":\"ReadAction\",\"target\":[\"https:\/\/mekulo.com\/no\/produkt\/krannokkelsett\/\"]}]},{\"@type\":\"ImageObject\",\"inLanguage\":\"nb-NO\",\"@id\":\"https:\/\/mekulo.com\/no\/produkt\/krannokkelsett\/#primaryimage\",\"url\":\"https:\/\/mekulo.com\/no\/wp-content\/uploads\/sites\/10\/2026\/02\/eb9cae0-1.jpg\",\"contentUrl\":\"https:\/\/mekulo.com\/no\/wp-content\/uploads\/sites\/10\/2026\/02\/eb9cae0-1.jpg\",\"width\":800,\"height\":800},{\"@type\":\"BreadcrumbList\",\"@id\":\"https:\/\/mekulo.com\/no\/produkt\/krannokkelsett\/#breadcrumb\",\"itemListElement\":[{\"@type\":\"ListItem\",\"position\":1,\"name\":\"Home\",\"item\":\"https:\/\/mekulo.com\/no\/\"},{\"@type\":\"ListItem\",\"position\":2,\"name\":\"Butikk\",\"item\":\"https:\/\/mekulo.com\/no\/butikk\/\"},{\"@type\":\"ListItem\",\"position\":3,\"name\":\"Krann\u00f8kkelsett\"}]},{\"@type\":\"WebSite\",\"@id\":\"https:\/\/mekulo.com\/no\/#website\",\"url\":\"https:\/\/mekulo.com\/no\/\",\"name\":\"Mekulo NO\",\"description\":\"\",\"publisher\":{\"@id\":\"https:\/\/mekulo.com\/no\/#organization\"},\"potentialAction\":[{\"@type\":\"SearchAction\",\"target\":{\"@type\":\"EntryPoint\",\"urlTemplate\":\"https:\/\/mekulo.com\/no\/?s={search_term_string}\"},\"query-input\":{\"@type\":\"PropertyValueSpecification\",\"valueRequired\":true,\"valueName\":\"search_term_string\"}}],\"inLanguage\":\"nb-NO\"},{\"@type\":\"Organization\",\"@id\":\"https:\/\/mekulo.com\/no\/#organization\",\"name\":\"Mekulo\",\"url\":\"https:\/\/mekulo.com\/no\/\",\"logo\":{\"@type\":\"ImageObject\",\"inLanguage\":\"nb-NO\",\"@id\":\"https:\/\/mekulo.com\/no\/#\/schema\/logo\/image\/\",\"url\":\"https:\/\/mekulo.com\/no\/wp-content\/uploads\/sites\/10\/2025\/12\/favicon_mekulo.png\",\"contentUrl\":\"https:\/\/mekulo.com\/no\/wp-content\/uploads\/sites\/10\/2025\/12\/favicon_mekulo.png\",\"width\":50,\"height\":50,\"caption\":\"Mekulo\"},\"image\":{\"@id\":\"https:\/\/mekulo.com\/no\/#\/schema\/logo\/image\/\"}}]}<\/script>\n<!-- \/ Yoast SEO plugin. -->","yoast_head_json":{"title":"Krann\u00f8kkelsett - Mekulo NO","robots":{"index":"index","follow":"follow","max-snippet":"max-snippet:-1","max-image-preview":"max-image-preview:large","max-video-preview":"max-video-preview:-1"},"canonical":"https:\/\/mekulo.com\/no\/produkt\/krannokkelsett\/","og_locale":"nb_NO","og_type":"article","og_title":"Krann\u00f8kkelsett - Mekulo NO","og_description":"\ud83d\udca7Dette krann\u00f8kkelsettet hjelper deg med \u00e5 stramme eller l\u00f8sne beslag p\u00e5 trange steder. \ud83e\uddd1\u200d\ud83d\udd27Built av slitesterk ABS og metall, og gir p\u00e5litelig ytelse for r\u00f8rleggeroppgaver. \ud83d\udd27Ideal for reparasjoner, oppgraderinger og nye installasjoner. Et praktisk verkt\u00f8ysett for enklere r\u00f8rleggerarbeid.","og_url":"https:\/\/mekulo.com\/no\/produkt\/krannokkelsett\/","og_site_name":"Mekulo NO","article_modified_time":"2026-02-17T10:33:39+00:00","og_image":[{"width":800,"height":800,"url":"https:\/\/mekulo.com\/no\/wp-content\/uploads\/sites\/10\/2026\/02\/eb9cae0-1.jpg","type":"image\/jpeg"}],"twitter_card":"summary_large_image","twitter_misc":{"Ansl. lesetid":"2 minutter"},"schema":{"@context":"https:\/\/schema.org","@graph":[{"@type":"WebPage","@id":"https:\/\/mekulo.com\/no\/produkt\/krannokkelsett\/","url":"https:\/\/mekulo.com\/no\/produkt\/krannokkelsett\/","name":"Krann\u00f8kkelsett - Mekulo NO","isPartOf":{"@id":"https:\/\/mekulo.com\/no\/#website"},"primaryImageOfPage":{"@id":"https:\/\/mekulo.com\/no\/produkt\/krannokkelsett\/#primaryimage"},"image":{"@id":"https:\/\/mekulo.com\/no\/produkt\/krannokkelsett\/#primaryimage"},"thumbnailUrl":"https:\/\/mekulo.com\/no\/wp-content\/uploads\/sites\/10\/2026\/02\/eb9cae0-1.jpg","datePublished":"2026-02-17T10:33:32+00:00","dateModified":"2026-02-17T10:33:39+00:00","breadcrumb":{"@id":"https:\/\/mekulo.com\/no\/produkt\/krannokkelsett\/#breadcrumb"},"inLanguage":"nb-NO","potentialAction":[{"@type":"ReadAction","target":["https:\/\/mekulo.com\/no\/produkt\/krannokkelsett\/"]}]},{"@type":"ImageObject","inLanguage":"nb-NO","@id":"https:\/\/mekulo.com\/no\/produkt\/krannokkelsett\/#primaryimage","url":"https:\/\/mekulo.com\/no\/wp-content\/uploads\/sites\/10\/2026\/02\/eb9cae0-1.jpg","contentUrl":"https:\/\/mekulo.com\/no\/wp-content\/uploads\/sites\/10\/2026\/02\/eb9cae0-1.jpg","width":800,"height":800},{"@type":"BreadcrumbList","@id":"https:\/\/mekulo.com\/no\/produkt\/krannokkelsett\/#breadcrumb","itemListElement":[{"@type":"ListItem","position":1,"name":"Home","item":"https:\/\/mekulo.com\/no\/"},{"@type":"ListItem","position":2,"name":"Butikk","item":"https:\/\/mekulo.com\/no\/butikk\/"},{"@type":"ListItem","position":3,"name":"Krann\u00f8kkelsett"}]},{"@type":"WebSite","@id":"https:\/\/mekulo.com\/no\/#website","url":"https:\/\/mekulo.com\/no\/","name":"Mekulo NO","description":"","publisher":{"@id":"https:\/\/mekulo.com\/no\/#organization"},"potentialAction":[{"@type":"SearchAction","target":{"@type":"EntryPoint","urlTemplate":"https:\/\/mekulo.com\/no\/?s={search_term_string}"},"query-input":{"@type":"PropertyValueSpecification","valueRequired":true,"valueName":"search_term_string"}}],"inLanguage":"nb-NO"},{"@type":"Organization","@id":"https:\/\/mekulo.com\/no\/#organization","name":"Mekulo","url":"https:\/\/mekulo.com\/no\/","logo":{"@type":"ImageObject","inLanguage":"nb-NO","@id":"https:\/\/mekulo.com\/no\/#\/schema\/logo\/image\/","url":"https:\/\/mekulo.com\/no\/wp-content\/uploads\/sites\/10\/2025\/12\/favicon_mekulo.png","contentUrl":"https:\/\/mekulo.com\/no\/wp-content\/uploads\/sites\/10\/2025\/12\/favicon_mekulo.png","width":50,"height":50,"caption":"Mekulo"},"image":{"@id":"https:\/\/mekulo.com\/no\/#\/schema\/logo\/image\/"}}]}},"_links":{"self":[{"href":"https:\/\/mekulo.com\/no\/wp-json\/wp\/v2\/product\/23737","targetHints":{"allow":["GET"]}}],"collection":[{"href":"https:\/\/mekulo.com\/no\/wp-json\/wp\/v2\/product"}],"about":[{"href":"https:\/\/mekulo.com\/no\/wp-json\/wp\/v2\/types\/product"}],"replies":[{"embeddable":true,"href":"https:\/\/mekulo.com\/no\/wp-json\/wp\/v2\/comments?post=23737"}],"wp:featuredmedia":[{"embeddable":true,"href":"https:\/\/mekulo.com\/no\/wp-json\/wp\/v2\/media\/23733"}],"wp:attachment":[{"href":"https:\/\/mekulo.com\/no\/wp-json\/wp\/v2\/media?parent=23737"}],"wp:term":[{"taxonomy":"product_brand","embeddable":true,"href":"https:\/\/mekulo.com\/no\/wp-json\/wp\/v2\/product_brand?post=23737"},{"taxonomy":"product_cat","embeddable":true,"href":"https:\/\/mekulo.com\/no\/wp-json\/wp\/v2\/product_cat?post=23737"},{"taxonomy":"product_tag","embeddable":true,"href":"https:\/\/mekulo.com\/no\/wp-json\/wp\/v2\/product_tag?post=23737"}],"curies":[{"name":"wp","href":"https:\/\/api.w.org\/{rel}","templated":true}]}}