{"id":23623,"date":"2026-02-17T07:41:29","date_gmt":"2026-02-17T05:41:29","guid":{"rendered":"https:\/\/mekulo.com\/no\/produkt\/nettinghanske-i-rustfritt-stal\/"},"modified":"2026-03-02T12:44:31","modified_gmt":"2026-03-02T10:44:31","slug":"nettinghanske-i-rustfritt-stal","status":"publish","type":"product","link":"https:\/\/mekulo.com\/no\/produkt\/nettinghanske-i-rustfritt-stal\/","title":{"rendered":"Nettinghanske i rustfritt st\u00e5l"},"content":{"rendered":"<p style=\"text-align: center;\" data-start=\"41\" data-end=\"88\"><strong data-start=\"41\" data-end=\"88\">Maksimal Kuttbeskyttelse For Tryggere H\u00e5ndarbeid. \ud83d\udd2a<\/strong><\/p>\n<p data-start=\"41\" data-end=\"88\"><img fetchpriority=\"high\" decoding=\"async\" class=\"size-full wp-image-25242 aligncenter\" src=\"https:\/\/mekulo.com\/template\/wp-content\/uploads\/sites\/6\/2026\/02\/S1dc761db55914ef9ba6e57b1022be929a.jpg_960x960q75.jpg_.avif\" alt=\"\" width=\"960\" height=\"692\" \/><\/p>\n<h2 style=\"text-align: center;\" data-start=\"345\" data-end=\"366\">Hovedfordeler \u270b<\/h2>\n<p data-start=\"370\" data-end=\"422\">\ud83d\udee1\ufe0f ANSI A9 kuttniv\u00e5 &#8211; H\u00f8yeste kuttmotstand.<\/p>\n<p data-start=\"425\" data-end=\"487\">\ud83d\udd29 316L rustfritt st\u00e5l &#8211; Sterk og korrosjonsbestandig.<\/p>\n<p data-start=\"490\" data-end=\"543\">\u270b Full h\u00e5nddekning &#8211; Beskyttelse av h\u00e5ndflate og rygg.<\/p>\n<p data-start=\"546\" data-end=\"590\">\ud83d\udc4c Komfortabel passform &#8211; Pre-buet design.<\/p>\n<p data-start=\"593\" data-end=\"644\">\ud83d\udd04 Ambidekstral bruk &#8211; Passer til h\u00f8yre eller venstre h\u00e5nd.<\/p>\n<p data-start=\"647\" data-end=\"711\">\ud83d\udca7 Flott v\u00e5tt &amp; t\u00f8rt grep &#8211; Bedre kontroll over glatte gjenstander.<\/p>\n<p data-start=\"714\" data-end=\"764\">\ud83e\uddfc Enkel \u00e5 rengj\u00f8re &#8211; Vaskbar, t\u00e5ler oppvaskmaskin.<\/p>\n<p data-start=\"767\" data-end=\"815\">\ud83c\udf31 Milj\u00f8vennlig materiale &#8211; 100 % resirkulerbart.<\/p>\n<p data-start=\"818\" data-end=\"873\">\ud83c\udf7d\ufe0f Matvaresertifisert &#8211; trygg for h\u00e5ndtering av n\u00e6ringsmidler.<\/p>\n<h2 data-start=\"818\" data-end=\"873\"><\/h2>\n<h2 style=\"text-align: center;\" data-start=\"818\" data-end=\"873\">St\u00f8rrelseskart<\/h2>\n<table>\n<thead>\n<tr>\n<th>St\u00f8rrelse<\/th>\n<th>Total lengde<\/th>\n<th>Bredde<\/th>\n<\/tr>\n<\/thead>\n<tbody>\n<tr>\n<td>XS<\/td>\n<td>220 mm<\/td>\n<td>100 mm<\/td>\n<\/tr>\n<tr>\n<td>S<\/td>\n<td>235 mm<\/td>\n<td>105 mm<\/td>\n<\/tr>\n<tr>\n<td>M<\/td>\n<td>245 mm<\/td>\n<td>107 mm<\/td>\n<\/tr>\n<tr>\n<td>L<\/td>\n<td>250 mm<\/td>\n<td>110 mm<\/td>\n<\/tr>\n<tr>\n<td>XL<\/td>\n<td>255 mm<\/td>\n<td>112 mm<\/td>\n<\/tr>\n<tr>\n<td>XXL<\/td>\n<td>265 mm<\/td>\n<td>115 mm<\/td>\n<\/tr>\n<tr>\n<td>XXXL<\/td>\n<td>275 mm<\/td>\n<td>120 mm<\/td>\n<\/tr>\n<\/tbody>\n<\/table>\n<h2 style=\"text-align: center;\" data-start=\"880\" data-end=\"898\">Hvordan Bruke \ud83d\udccc<\/h2>\n<ol data-start=\"900\" data-end=\"1133\">\n<li data-start=\"900\" data-end=\"951\">\n<p data-start=\"903\" data-end=\"951\">Sett hansken p\u00e5 h\u00e5nden du vil beskytte.<\/p>\n<\/li>\n<li data-start=\"952\" data-end=\"999\">\n<p data-start=\"955\" data-end=\"999\">Juster h\u00e5ndleddslukningen for en sikker passform.<\/p>\n<\/li>\n<li data-start=\"1000\" data-end=\"1055\">\n<p data-start=\"1003\" data-end=\"1055\">Bruk den indre nylonhansken hvis \u00f8nskelig for komfort.<\/p>\n<\/li>\n<li data-start=\"1056\" data-end=\"1113\">\n<p data-start=\"1059\" data-end=\"1113\">Utf\u00f8r skj\u00e6re-, skalerings- eller h\u00e5ndteringsoppgaver trygt.<\/p>\n<\/li>\n<li data-start=\"1114\" data-end=\"1133\">\n<p data-start=\"1117\" data-end=\"1133\">Rengj\u00f8r etter bruk.<\/p>\n<\/li>\n<\/ol>\n<h2 style=\"text-align: center;\" data-start=\"1140\" data-end=\"1163\">Produktdetaljer \ud83d\udccf<\/h2>\n<ul data-start=\"1165\" data-end=\"1461\">\n<li data-start=\"1214\" data-end=\"1252\">\n<p data-start=\"1216\" data-end=\"1252\">Materiale: 316L rustfritt st\u00e5l<\/p>\n<\/li>\n<li data-start=\"1253\" data-end=\"1290\">\n<p data-start=\"1255\" data-end=\"1290\">Kuttmotstand: ANSI A9-niv\u00e5<\/p>\n<\/li>\n<li data-start=\"1291\" data-end=\"1312\">\n<p data-start=\"1293\" data-end=\"1312\">Vekt: 145 g<\/p>\n<\/li>\n<li data-start=\"1313\" data-end=\"1332\">\n<p data-start=\"1315\" data-end=\"1332\">Farge: Gr\u00e5<\/p>\n<\/li>\n<li data-start=\"1333\" data-end=\"1358\">\n<p data-start=\"1335\" data-end=\"1358\">Passform: Ambidextrous<\/p>\n<\/li>\n<li data-start=\"1359\" data-end=\"1398\">\n<p data-start=\"1361\" data-end=\"1398\">Lukning: Justerbar h\u00e5ndleddsstropp<\/p>\n<\/li>\n<li data-start=\"1399\" data-end=\"1461\">\n<p data-start=\"1401\" data-end=\"1461\">Bruk til: Kj\u00f8kken, slakteri, tilberedning av sj\u00f8mat, fabrikkarbeid<\/p>\n<\/li>\n<li data-start=\"1399\" data-end=\"1461\">St\u00f8rrelse: XS, S, M, L, XL, XXL<\/li>\n<\/ul>\n<h2 style=\"text-align: center;\" data-start=\"1468\" data-end=\"1492\">Pakken Inkluderer \ud83d\udce6<\/h2>\n<ul data-start=\"1494\" data-end=\"1528\">\n<li data-start=\"1494\" data-end=\"1528\">\n<p data-start=\"1496\" data-end=\"1528\">1x nettinghanske i rustfritt st\u00e5l.<\/p>\n<\/li>\n<\/ul>\n","protected":false},"excerpt":{"rendered":"<p style=\"text-align: left;\" data-start=\"90\" data-end=\"338\">\ud83d\udd90\ufe0fThis nettinghanske i rustfritt st\u00e5l beskytter h\u00e5nden din mot kniver og skarpe verkt\u00f8y.<br \/>\n\ud83d\udd2aLaget av fin 316L rustfri st\u00e5ltr\u00e5d, gir den ekstrem kuttmotstand og lang holdbarhet.<br \/>\n\ud83d\udc68\u200d\ud83d\udd27Ideal for kj\u00f8kken, slakteri, fiskerengj\u00f8ring og industrielle oppgaver. P\u00e5litelig beskyttelse for tryggere og sikrere arbeid.<\/p>\n<h2 style=\"text-align: center;\" data-start=\"345\" data-end=\"366\"><\/h2>\n","protected":false},"featured_media":23619,"comment_status":"open","ping_status":"closed","template":"","meta":{"site-sidebar-layout":"default","site-content-layout":"","ast-site-content-layout":"default","site-content-style":"default","site-sidebar-style":"default","ast-global-header-display":"","ast-banner-title-visibility":"","ast-main-header-display":"","ast-hfb-above-header-display":"","ast-hfb-below-header-display":"","ast-hfb-mobile-header-display":"","site-post-title":"","ast-breadcrumbs-content":"","ast-featured-img":"","footer-sml-layout":"","theme-transparent-header-meta":"default","adv-header-id-meta":"","stick-header-meta":"","header-above-stick-meta":"","header-main-stick-meta":"","header-below-stick-meta":"","astra-migrate-meta-layouts":"set","ast-page-background-enabled":"default","ast-page-background-meta":{"desktop":{"background-color":"var(--ast-global-color-5)","background-image":"","background-repeat":"repeat","background-position":"center center","background-size":"auto","background-attachment":"scroll","background-type":"","background-media":"","overlay-type":"","overlay-color":"","overlay-opacity":"","overlay-gradient":""},"tablet":{"background-color":"","background-image":"","background-repeat":"repeat","background-position":"center center","background-size":"auto","background-attachment":"scroll","background-type":"","background-media":"","overlay-type":"","overlay-color":"","overlay-opacity":"","overlay-gradient":""},"mobile":{"background-color":"","background-image":"","background-repeat":"repeat","background-position":"center center","background-size":"auto","background-attachment":"scroll","background-type":"","background-media":"","overlay-type":"","overlay-color":"","overlay-opacity":"","overlay-gradient":""}},"ast-content-background-meta":{"desktop":{"background-color":"var(--ast-global-color-4)","background-image":"","background-repeat":"repeat","background-position":"center center","background-size":"auto","background-attachment":"scroll","background-type":"","background-media":"","overlay-type":"","overlay-color":"","overlay-opacity":"","overlay-gradient":""},"tablet":{"background-color":"var(--ast-global-color-4)","background-image":"","background-repeat":"repeat","background-position":"center center","background-size":"auto","background-attachment":"scroll","background-type":"","background-media":"","overlay-type":"","overlay-color":"","overlay-opacity":"","overlay-gradient":""},"mobile":{"background-color":"var(--ast-global-color-4)","background-image":"","background-repeat":"repeat","background-position":"center center","background-size":"auto","background-attachment":"scroll","background-type":"","background-media":"","overlay-type":"","overlay-color":"","overlay-opacity":"","overlay-gradient":""}}},"product_brand":[],"product_cat":[168],"product_tag":[],"class_list":{"0":"post-23623","1":"product","2":"type-product","3":"status-publish","4":"has-post-thumbnail","6":"product_cat-husholdningsartikler","7":"pa_60220_kcw6b3b2-l","8":"pa_60220_kcw6b3b2-m","9":"pa_60220_kcw6b3b2-s","10":"pa_60220_kcw6b3b2-xl","11":"pa_60220_kcw6b3b2-xs","12":"pa_60220_kcw6b3b2-xxl","13":"desktop-align-left","14":"tablet-align-left","15":"mobile-align-left","17":"first","18":"instock","19":"shipping-taxable","20":"purchasable","21":"product-type-variable"},"yoast_head":"<!-- This site is optimized with the Yoast SEO plugin v26.6 - https:\/\/yoast.com\/wordpress\/plugins\/seo\/ -->\n<title>Nettinghanske i rustfritt st\u00e5l - Mekulo NO<\/title>\n<meta name=\"robots\" content=\"index, follow, max-snippet:-1, max-image-preview:large, max-video-preview:-1\" \/>\n<link rel=\"canonical\" href=\"https:\/\/mekulo.com\/no\/produkt\/nettinghanske-i-rustfritt-stal\/\" \/>\n<meta property=\"og:locale\" content=\"nb_NO\" \/>\n<meta property=\"og:type\" content=\"article\" \/>\n<meta property=\"og:title\" content=\"Nettinghanske i rustfritt st\u00e5l - Mekulo NO\" \/>\n<meta property=\"og:description\" content=\"\ud83d\udd90\ufe0fThis nettinghanske i rustfritt st\u00e5l beskytter h\u00e5nden din mot kniver og skarpe verkt\u00f8y. \ud83d\udd2aLaget av fin 316L rustfri st\u00e5ltr\u00e5d, gir den ekstrem kuttmotstand og lang holdbarhet. \ud83d\udc68\u200d\ud83d\udd27Ideal for kj\u00f8kken, slakteri, fiskerengj\u00f8ring og industrielle oppgaver. P\u00e5litelig beskyttelse for tryggere og sikrere arbeid.\" \/>\n<meta property=\"og:url\" content=\"https:\/\/mekulo.com\/no\/produkt\/nettinghanske-i-rustfritt-stal\/\" \/>\n<meta property=\"og:site_name\" content=\"Mekulo NO\" \/>\n<meta property=\"article:modified_time\" content=\"2026-03-02T10:44:31+00:00\" \/>\n<meta property=\"og:image\" content=\"https:\/\/mekulo.com\/no\/wp-content\/uploads\/sites\/10\/2026\/02\/pu49ocd-1.jpg\" \/>\n\t<meta property=\"og:image:width\" content=\"600\" \/>\n\t<meta property=\"og:image:height\" content=\"600\" \/>\n\t<meta property=\"og:image:type\" content=\"image\/jpeg\" \/>\n<meta name=\"twitter:card\" content=\"summary_large_image\" \/>\n<meta name=\"twitter:label1\" content=\"Ansl. lesetid\" \/>\n\t<meta name=\"twitter:data1\" content=\"2 minutter\" \/>\n<script type=\"application\/ld+json\" class=\"yoast-schema-graph\">{\"@context\":\"https:\/\/schema.org\",\"@graph\":[{\"@type\":\"WebPage\",\"@id\":\"https:\/\/mekulo.com\/no\/produkt\/nettinghanske-i-rustfritt-stal\/\",\"url\":\"https:\/\/mekulo.com\/no\/produkt\/nettinghanske-i-rustfritt-stal\/\",\"name\":\"Nettinghanske i rustfritt st\u00e5l - Mekulo NO\",\"isPartOf\":{\"@id\":\"https:\/\/mekulo.com\/no\/#website\"},\"primaryImageOfPage\":{\"@id\":\"https:\/\/mekulo.com\/no\/produkt\/nettinghanske-i-rustfritt-stal\/#primaryimage\"},\"image\":{\"@id\":\"https:\/\/mekulo.com\/no\/produkt\/nettinghanske-i-rustfritt-stal\/#primaryimage\"},\"thumbnailUrl\":\"https:\/\/mekulo.com\/no\/wp-content\/uploads\/sites\/10\/2026\/02\/pu49ocd-1.jpg\",\"datePublished\":\"2026-02-17T05:41:29+00:00\",\"dateModified\":\"2026-03-02T10:44:31+00:00\",\"breadcrumb\":{\"@id\":\"https:\/\/mekulo.com\/no\/produkt\/nettinghanske-i-rustfritt-stal\/#breadcrumb\"},\"inLanguage\":\"nb-NO\",\"potentialAction\":[{\"@type\":\"ReadAction\",\"target\":[\"https:\/\/mekulo.com\/no\/produkt\/nettinghanske-i-rustfritt-stal\/\"]}]},{\"@type\":\"ImageObject\",\"inLanguage\":\"nb-NO\",\"@id\":\"https:\/\/mekulo.com\/no\/produkt\/nettinghanske-i-rustfritt-stal\/#primaryimage\",\"url\":\"https:\/\/mekulo.com\/no\/wp-content\/uploads\/sites\/10\/2026\/02\/pu49ocd-1.jpg\",\"contentUrl\":\"https:\/\/mekulo.com\/no\/wp-content\/uploads\/sites\/10\/2026\/02\/pu49ocd-1.jpg\",\"width\":600,\"height\":600},{\"@type\":\"BreadcrumbList\",\"@id\":\"https:\/\/mekulo.com\/no\/produkt\/nettinghanske-i-rustfritt-stal\/#breadcrumb\",\"itemListElement\":[{\"@type\":\"ListItem\",\"position\":1,\"name\":\"Home\",\"item\":\"https:\/\/mekulo.com\/no\/\"},{\"@type\":\"ListItem\",\"position\":2,\"name\":\"Butikk\",\"item\":\"https:\/\/mekulo.com\/no\/butikk\/\"},{\"@type\":\"ListItem\",\"position\":3,\"name\":\"Nettinghanske i rustfritt st\u00e5l\"}]},{\"@type\":\"WebSite\",\"@id\":\"https:\/\/mekulo.com\/no\/#website\",\"url\":\"https:\/\/mekulo.com\/no\/\",\"name\":\"Mekulo NO\",\"description\":\"\",\"publisher\":{\"@id\":\"https:\/\/mekulo.com\/no\/#organization\"},\"potentialAction\":[{\"@type\":\"SearchAction\",\"target\":{\"@type\":\"EntryPoint\",\"urlTemplate\":\"https:\/\/mekulo.com\/no\/?s={search_term_string}\"},\"query-input\":{\"@type\":\"PropertyValueSpecification\",\"valueRequired\":true,\"valueName\":\"search_term_string\"}}],\"inLanguage\":\"nb-NO\"},{\"@type\":\"Organization\",\"@id\":\"https:\/\/mekulo.com\/no\/#organization\",\"name\":\"Mekulo\",\"url\":\"https:\/\/mekulo.com\/no\/\",\"logo\":{\"@type\":\"ImageObject\",\"inLanguage\":\"nb-NO\",\"@id\":\"https:\/\/mekulo.com\/no\/#\/schema\/logo\/image\/\",\"url\":\"https:\/\/mekulo.com\/no\/wp-content\/uploads\/sites\/10\/2025\/12\/favicon_mekulo.png\",\"contentUrl\":\"https:\/\/mekulo.com\/no\/wp-content\/uploads\/sites\/10\/2025\/12\/favicon_mekulo.png\",\"width\":50,\"height\":50,\"caption\":\"Mekulo\"},\"image\":{\"@id\":\"https:\/\/mekulo.com\/no\/#\/schema\/logo\/image\/\"}}]}<\/script>\n<!-- \/ Yoast SEO plugin. -->","yoast_head_json":{"title":"Nettinghanske i rustfritt st\u00e5l - Mekulo NO","robots":{"index":"index","follow":"follow","max-snippet":"max-snippet:-1","max-image-preview":"max-image-preview:large","max-video-preview":"max-video-preview:-1"},"canonical":"https:\/\/mekulo.com\/no\/produkt\/nettinghanske-i-rustfritt-stal\/","og_locale":"nb_NO","og_type":"article","og_title":"Nettinghanske i rustfritt st\u00e5l - Mekulo NO","og_description":"\ud83d\udd90\ufe0fThis nettinghanske i rustfritt st\u00e5l beskytter h\u00e5nden din mot kniver og skarpe verkt\u00f8y. \ud83d\udd2aLaget av fin 316L rustfri st\u00e5ltr\u00e5d, gir den ekstrem kuttmotstand og lang holdbarhet. \ud83d\udc68\u200d\ud83d\udd27Ideal for kj\u00f8kken, slakteri, fiskerengj\u00f8ring og industrielle oppgaver. P\u00e5litelig beskyttelse for tryggere og sikrere arbeid.","og_url":"https:\/\/mekulo.com\/no\/produkt\/nettinghanske-i-rustfritt-stal\/","og_site_name":"Mekulo NO","article_modified_time":"2026-03-02T10:44:31+00:00","og_image":[{"width":600,"height":600,"url":"https:\/\/mekulo.com\/no\/wp-content\/uploads\/sites\/10\/2026\/02\/pu49ocd-1.jpg","type":"image\/jpeg"}],"twitter_card":"summary_large_image","twitter_misc":{"Ansl. lesetid":"2 minutter"},"schema":{"@context":"https:\/\/schema.org","@graph":[{"@type":"WebPage","@id":"https:\/\/mekulo.com\/no\/produkt\/nettinghanske-i-rustfritt-stal\/","url":"https:\/\/mekulo.com\/no\/produkt\/nettinghanske-i-rustfritt-stal\/","name":"Nettinghanske i rustfritt st\u00e5l - Mekulo NO","isPartOf":{"@id":"https:\/\/mekulo.com\/no\/#website"},"primaryImageOfPage":{"@id":"https:\/\/mekulo.com\/no\/produkt\/nettinghanske-i-rustfritt-stal\/#primaryimage"},"image":{"@id":"https:\/\/mekulo.com\/no\/produkt\/nettinghanske-i-rustfritt-stal\/#primaryimage"},"thumbnailUrl":"https:\/\/mekulo.com\/no\/wp-content\/uploads\/sites\/10\/2026\/02\/pu49ocd-1.jpg","datePublished":"2026-02-17T05:41:29+00:00","dateModified":"2026-03-02T10:44:31+00:00","breadcrumb":{"@id":"https:\/\/mekulo.com\/no\/produkt\/nettinghanske-i-rustfritt-stal\/#breadcrumb"},"inLanguage":"nb-NO","potentialAction":[{"@type":"ReadAction","target":["https:\/\/mekulo.com\/no\/produkt\/nettinghanske-i-rustfritt-stal\/"]}]},{"@type":"ImageObject","inLanguage":"nb-NO","@id":"https:\/\/mekulo.com\/no\/produkt\/nettinghanske-i-rustfritt-stal\/#primaryimage","url":"https:\/\/mekulo.com\/no\/wp-content\/uploads\/sites\/10\/2026\/02\/pu49ocd-1.jpg","contentUrl":"https:\/\/mekulo.com\/no\/wp-content\/uploads\/sites\/10\/2026\/02\/pu49ocd-1.jpg","width":600,"height":600},{"@type":"BreadcrumbList","@id":"https:\/\/mekulo.com\/no\/produkt\/nettinghanske-i-rustfritt-stal\/#breadcrumb","itemListElement":[{"@type":"ListItem","position":1,"name":"Home","item":"https:\/\/mekulo.com\/no\/"},{"@type":"ListItem","position":2,"name":"Butikk","item":"https:\/\/mekulo.com\/no\/butikk\/"},{"@type":"ListItem","position":3,"name":"Nettinghanske i rustfritt st\u00e5l"}]},{"@type":"WebSite","@id":"https:\/\/mekulo.com\/no\/#website","url":"https:\/\/mekulo.com\/no\/","name":"Mekulo NO","description":"","publisher":{"@id":"https:\/\/mekulo.com\/no\/#organization"},"potentialAction":[{"@type":"SearchAction","target":{"@type":"EntryPoint","urlTemplate":"https:\/\/mekulo.com\/no\/?s={search_term_string}"},"query-input":{"@type":"PropertyValueSpecification","valueRequired":true,"valueName":"search_term_string"}}],"inLanguage":"nb-NO"},{"@type":"Organization","@id":"https:\/\/mekulo.com\/no\/#organization","name":"Mekulo","url":"https:\/\/mekulo.com\/no\/","logo":{"@type":"ImageObject","inLanguage":"nb-NO","@id":"https:\/\/mekulo.com\/no\/#\/schema\/logo\/image\/","url":"https:\/\/mekulo.com\/no\/wp-content\/uploads\/sites\/10\/2025\/12\/favicon_mekulo.png","contentUrl":"https:\/\/mekulo.com\/no\/wp-content\/uploads\/sites\/10\/2025\/12\/favicon_mekulo.png","width":50,"height":50,"caption":"Mekulo"},"image":{"@id":"https:\/\/mekulo.com\/no\/#\/schema\/logo\/image\/"}}]}},"_links":{"self":[{"href":"https:\/\/mekulo.com\/no\/wp-json\/wp\/v2\/product\/23623","targetHints":{"allow":["GET"]}}],"collection":[{"href":"https:\/\/mekulo.com\/no\/wp-json\/wp\/v2\/product"}],"about":[{"href":"https:\/\/mekulo.com\/no\/wp-json\/wp\/v2\/types\/product"}],"replies":[{"embeddable":true,"href":"https:\/\/mekulo.com\/no\/wp-json\/wp\/v2\/comments?post=23623"}],"wp:featuredmedia":[{"embeddable":true,"href":"https:\/\/mekulo.com\/no\/wp-json\/wp\/v2\/media\/23619"}],"wp:attachment":[{"href":"https:\/\/mekulo.com\/no\/wp-json\/wp\/v2\/media?parent=23623"}],"wp:term":[{"taxonomy":"product_brand","embeddable":true,"href":"https:\/\/mekulo.com\/no\/wp-json\/wp\/v2\/product_brand?post=23623"},{"taxonomy":"product_cat","embeddable":true,"href":"https:\/\/mekulo.com\/no\/wp-json\/wp\/v2\/product_cat?post=23623"},{"taxonomy":"product_tag","embeddable":true,"href":"https:\/\/mekulo.com\/no\/wp-json\/wp\/v2\/product_tag?post=23623"}],"curies":[{"name":"wp","href":"https:\/\/api.w.org\/{rel}","templated":true}]}}