{"id":23605,"date":"2026-02-17T07:40:04","date_gmt":"2026-02-17T05:40:04","guid":{"rendered":"https:\/\/mekulo.com\/no\/produkt\/smart-omformer-for-litiumbatterier\/"},"modified":"2026-03-02T14:14:55","modified_gmt":"2026-03-02T12:14:55","slug":"smart-omformer-for-litiumbatterier","status":"publish","type":"product","link":"https:\/\/mekulo.com\/no\/produkt\/smart-omformer-for-litiumbatterier\/","title":{"rendered":"Smart omformer for litiumbatterier"},"content":{"rendered":"<p style=\"text-align: center;\" data-start=\"41\" data-end=\"97\"><strong data-start=\"41\" data-end=\"97\">Gj\u00f8r litiumbatteriet ditt om til b\u00e6rbar 220V str\u00f8m. \ud83d\udd0c<\/strong><\/p>\n<p data-start=\"41\" data-end=\"97\"><img fetchpriority=\"high\" decoding=\"async\" class=\"size-full wp-image-25225 aligncenter\" src=\"https:\/\/mekulo.com\/template\/wp-content\/uploads\/sites\/6\/2026\/02\/6-10.jpeg\" alt=\"\" width=\"1001\" height=\"1001\" \/><\/p>\n<h2 style=\"text-align: center;\" data-start=\"305\" data-end=\"326\"><strong>Hovedfordeler \u26a1<\/strong><\/h2>\n<p data-start=\"330\" data-end=\"382\">\u26a1 Multifunksjonsomformer &#8211; Batteri til 220V AC.<\/p>\n<p data-start=\"385\" data-end=\"431\">\ud83d\udd0c USB-utganger &#8211; Lad telefoner og dingser.<\/p>\n<p data-start=\"434\" data-end=\"482\">\ud83d\ude97 B\u00e6rbar kraft &#8211; Ideell for utend\u00f8rs arbeid.<\/p>\n<p data-start=\"485\" data-end=\"535\">\ud83d\udee1\ufe0f Smart sikkerhetsbrikke &#8211; Flere beskyttelser.<\/p>\n<p data-start=\"538\" data-end=\"585\">\ud83c\udf21\ufe0f Overopphetingsbeskyttelse &#8211; Tryggere drift.<\/p>\n<p data-start=\"588\" data-end=\"633\">\ud83d\udca8 Varmespredningsdesign &#8211; Holder seg kj\u00f8lig.<\/p>\n<p data-start=\"636\" data-end=\"687\">\ud83d\udd0b Effektiv energibruk &#8211; Lav standby-str\u00f8m.<\/p>\n<p data-start=\"690\" data-end=\"744\">\ud83c\udfe0 Bred kompatibilitet &#8211; Sm\u00e5 enheter under 120 W.<\/p>\n<p data-start=\"690\" data-end=\"744\"><img decoding=\"async\" class=\"size-full wp-image-25227 aligncenter\" src=\"https:\/\/mekulo.com\/template\/wp-content\/uploads\/sites\/6\/2026\/02\/77a8d764-72fc-41cf-8f50-08bf8dcc49d3.webp\" alt=\"\" width=\"750\" height=\"773\" \/><\/p>\n<h2 style=\"text-align: center;\" data-start=\"751\" data-end=\"769\"><strong>Slik Bruker Du \ud83d\udccc<\/strong><\/h2>\n<ol data-start=\"771\" data-end=\"958\">\n<li data-start=\"771\" data-end=\"829\">\n<p data-start=\"774\" data-end=\"829\">Fest omformeren til et kompatibelt litiumbatteri.<\/p>\n<\/li>\n<li data-start=\"830\" data-end=\"884\">\n<p data-start=\"833\" data-end=\"884\">Koble enheten til stikkontakten eller USB-porten.<\/p>\n<\/li>\n<li data-start=\"885\" data-end=\"909\">\n<p data-start=\"888\" data-end=\"909\">Sl\u00e5 enheten p\u00e5.<\/p>\n<\/li>\n<li data-start=\"910\" data-end=\"958\">\n<p data-start=\"913\" data-end=\"958\">Bruk trygt innenfor effektgrensen (maks 120 W).<\/p>\n<\/li>\n<\/ol>\n<h2 style=\"text-align: center;\" data-start=\"965\" data-end=\"988\"><strong>Produktdetaljer \ud83d\udccf<\/strong><\/h2>\n<ul data-start=\"990\" data-end=\"1298\">\n<li data-start=\"1044\" data-end=\"1076\">\n<p data-start=\"1046\" data-end=\"1076\">Inngangsspenning: DC 18-21V<\/p>\n<\/li>\n<li data-start=\"1077\" data-end=\"1108\">\n<p data-start=\"1079\" data-end=\"1108\">Outgangsspenning: 220V AC<\/p>\n<\/li>\n<li data-start=\"1109\" data-end=\"1140\">\n<p data-start=\"1111\" data-end=\"1140\">Pffekt: 120W (Peak 300W)<\/p>\n<\/li>\n<li data-start=\"1141\" data-end=\"1164\">\n<p data-start=\"1143\" data-end=\"1164\">Frekvens: 50Hz<\/p>\n<\/li>\n<li data-start=\"1165\" data-end=\"1199\">\n<p data-start=\"1167\" data-end=\"1199\">Porter: 2x USB + 1x QC3.0<\/p>\n<\/li>\n<li data-start=\"1200\" data-end=\"1232\">\n<p data-start=\"1202\" data-end=\"1232\">Slukkstr\u00f8m: 0,05A<\/p>\n<\/li>\n<li data-start=\"1233\" data-end=\"1260\">\n<p data-start=\"1235\" data-end=\"1260\">Skallmateriale: ABS<\/p>\n<\/li>\n<li data-start=\"1261\" data-end=\"1298\">\n<p data-start=\"1263\" data-end=\"1298\">Size: Ca. 81 x 81 x 60 mm<\/p>\n<\/li>\n<li data-start=\"1261\" data-end=\"1298\">\n<p data-start=\"1263\" data-end=\"1298\"><span style=\"font-size: 16px;\">Tilpasset for: <\/span><span style=\"font-size: 16px;\">Telefoner, b\u00e6rbare datamaskiner, LED-lys, sm\u00e5 vifter og enheter under 120 W.<\/span><\/p>\n<\/li>\n<\/ul>\n<h2 style=\"text-align: center;\" data-start=\"1505\" data-end=\"1529\"><strong>Pakken Inkluderer \ud83d\udce6<\/strong><\/h2>\n<ul data-start=\"1531\" data-end=\"1567\">\n<li data-start=\"1531\" data-end=\"1547\">\n<p data-start=\"1533\" data-end=\"1547\">1x smart litiumbatterikonverter<\/p>\n<\/li>\n<li data-start=\"1548\" data-end=\"1567\">\n<p data-start=\"1550\" data-end=\"1567\">1x brukerh\u00e5ndbok.<\/p>\n<\/li>\n<\/ul>\n","protected":false},"excerpt":{"rendered":"<p>\u26a1Denne smarte litiumbatterikonverteren omformer 18-21 V likestr\u00f8m fra verkt\u00f8ybatteriet til 220 V vekselstr\u00f8m.<br \/>\n\ud83d\udd0bSpender str\u00f8m til sm\u00e5 apparater og lader enheter hvor som helst. Kompakt, lett og konstruert for sikker utend\u00f8rs bruk.<br \/>\n\ud83d\udd0c B\u00e6rbar, smart og p\u00e5litelig reservestr\u00f8m uansett hvor du er.<\/p>\n","protected":false},"featured_media":23601,"comment_status":"open","ping_status":"closed","template":"","meta":{"site-sidebar-layout":"default","site-content-layout":"","ast-site-content-layout":"default","site-content-style":"default","site-sidebar-style":"default","ast-global-header-display":"","ast-banner-title-visibility":"","ast-main-header-display":"","ast-hfb-above-header-display":"","ast-hfb-below-header-display":"","ast-hfb-mobile-header-display":"","site-post-title":"","ast-breadcrumbs-content":"","ast-featured-img":"","footer-sml-layout":"","theme-transparent-header-meta":"default","adv-header-id-meta":"","stick-header-meta":"","header-above-stick-meta":"","header-main-stick-meta":"","header-below-stick-meta":"","astra-migrate-meta-layouts":"set","ast-page-background-enabled":"default","ast-page-background-meta":{"desktop":{"background-color":"var(--ast-global-color-5)","background-image":"","background-repeat":"repeat","background-position":"center center","background-size":"auto","background-attachment":"scroll","background-type":"","background-media":"","overlay-type":"","overlay-color":"","overlay-opacity":"","overlay-gradient":""},"tablet":{"background-color":"","background-image":"","background-repeat":"repeat","background-position":"center center","background-size":"auto","background-attachment":"scroll","background-type":"","background-media":"","overlay-type":"","overlay-color":"","overlay-opacity":"","overlay-gradient":""},"mobile":{"background-color":"","background-image":"","background-repeat":"repeat","background-position":"center center","background-size":"auto","background-attachment":"scroll","background-type":"","background-media":"","overlay-type":"","overlay-color":"","overlay-opacity":"","overlay-gradient":""}},"ast-content-background-meta":{"desktop":{"background-color":"var(--ast-global-color-4)","background-image":"","background-repeat":"repeat","background-position":"center center","background-size":"auto","background-attachment":"scroll","background-type":"","background-media":"","overlay-type":"","overlay-color":"","overlay-opacity":"","overlay-gradient":""},"tablet":{"background-color":"var(--ast-global-color-4)","background-image":"","background-repeat":"repeat","background-position":"center center","background-size":"auto","background-attachment":"scroll","background-type":"","background-media":"","overlay-type":"","overlay-color":"","overlay-opacity":"","overlay-gradient":""},"mobile":{"background-color":"var(--ast-global-color-4)","background-image":"","background-repeat":"repeat","background-position":"center center","background-size":"auto","background-attachment":"scroll","background-type":"","background-media":"","overlay-type":"","overlay-color":"","overlay-opacity":"","overlay-gradient":""}}},"product_brand":[],"product_cat":[168,171],"product_tag":[],"class_list":{"0":"post-23605","1":"product","2":"type-product","3":"status-publish","4":"has-post-thumbnail","6":"product_cat-husholdningsartikler","7":"product_cat-verktoy","8":"pa_60196_rsevl806-gul","9":"pa_60196_rsevl806-lysebla","10":"pa_60196_rsevl806-morkebla","11":"pa_60196_rsevl806-rod","12":"desktop-align-left","13":"tablet-align-left","14":"mobile-align-left","16":"first","17":"instock","18":"shipping-taxable","19":"purchasable","20":"product-type-variable"},"yoast_head":"<!-- This site is optimized with the Yoast SEO plugin v26.6 - https:\/\/yoast.com\/wordpress\/plugins\/seo\/ -->\n<title>Smart omformer for litiumbatterier - Mekulo NO<\/title>\n<meta name=\"robots\" content=\"index, follow, max-snippet:-1, max-image-preview:large, max-video-preview:-1\" \/>\n<link rel=\"canonical\" href=\"https:\/\/mekulo.com\/no\/produkt\/smart-omformer-for-litiumbatterier\/\" \/>\n<meta property=\"og:locale\" content=\"nb_NO\" \/>\n<meta property=\"og:type\" content=\"article\" \/>\n<meta property=\"og:title\" content=\"Smart omformer for litiumbatterier - Mekulo NO\" \/>\n<meta property=\"og:description\" content=\"\u26a1Denne smarte litiumbatterikonverteren omformer 18-21 V likestr\u00f8m fra verkt\u00f8ybatteriet til 220 V vekselstr\u00f8m. \ud83d\udd0bSpender str\u00f8m til sm\u00e5 apparater og lader enheter hvor som helst. Kompakt, lett og konstruert for sikker utend\u00f8rs bruk. \ud83d\udd0c B\u00e6rbar, smart og p\u00e5litelig reservestr\u00f8m uansett hvor du er.\" \/>\n<meta property=\"og:url\" content=\"https:\/\/mekulo.com\/no\/produkt\/smart-omformer-for-litiumbatterier\/\" \/>\n<meta property=\"og:site_name\" content=\"Mekulo NO\" \/>\n<meta property=\"article:modified_time\" content=\"2026-03-02T12:14:55+00:00\" \/>\n<meta property=\"og:image\" content=\"https:\/\/mekulo.com\/no\/wp-content\/uploads\/sites\/10\/2026\/02\/kg0a84p-1.jpeg\" \/>\n\t<meta property=\"og:image:width\" content=\"1001\" \/>\n\t<meta property=\"og:image:height\" content=\"1001\" \/>\n\t<meta property=\"og:image:type\" content=\"image\/jpeg\" \/>\n<meta name=\"twitter:card\" content=\"summary_large_image\" \/>\n<meta name=\"twitter:label1\" content=\"Ansl. lesetid\" \/>\n\t<meta name=\"twitter:data1\" content=\"2 minutter\" \/>\n<script type=\"application\/ld+json\" class=\"yoast-schema-graph\">{\"@context\":\"https:\/\/schema.org\",\"@graph\":[{\"@type\":\"WebPage\",\"@id\":\"https:\/\/mekulo.com\/no\/produkt\/smart-omformer-for-litiumbatterier\/\",\"url\":\"https:\/\/mekulo.com\/no\/produkt\/smart-omformer-for-litiumbatterier\/\",\"name\":\"Smart omformer for litiumbatterier - Mekulo NO\",\"isPartOf\":{\"@id\":\"https:\/\/mekulo.com\/no\/#website\"},\"primaryImageOfPage\":{\"@id\":\"https:\/\/mekulo.com\/no\/produkt\/smart-omformer-for-litiumbatterier\/#primaryimage\"},\"image\":{\"@id\":\"https:\/\/mekulo.com\/no\/produkt\/smart-omformer-for-litiumbatterier\/#primaryimage\"},\"thumbnailUrl\":\"https:\/\/mekulo.com\/no\/wp-content\/uploads\/sites\/10\/2026\/02\/kg0a84p-1.jpeg\",\"datePublished\":\"2026-02-17T05:40:04+00:00\",\"dateModified\":\"2026-03-02T12:14:55+00:00\",\"breadcrumb\":{\"@id\":\"https:\/\/mekulo.com\/no\/produkt\/smart-omformer-for-litiumbatterier\/#breadcrumb\"},\"inLanguage\":\"nb-NO\",\"potentialAction\":[{\"@type\":\"ReadAction\",\"target\":[\"https:\/\/mekulo.com\/no\/produkt\/smart-omformer-for-litiumbatterier\/\"]}]},{\"@type\":\"ImageObject\",\"inLanguage\":\"nb-NO\",\"@id\":\"https:\/\/mekulo.com\/no\/produkt\/smart-omformer-for-litiumbatterier\/#primaryimage\",\"url\":\"https:\/\/mekulo.com\/no\/wp-content\/uploads\/sites\/10\/2026\/02\/kg0a84p-1.jpeg\",\"contentUrl\":\"https:\/\/mekulo.com\/no\/wp-content\/uploads\/sites\/10\/2026\/02\/kg0a84p-1.jpeg\",\"width\":1001,\"height\":1001},{\"@type\":\"BreadcrumbList\",\"@id\":\"https:\/\/mekulo.com\/no\/produkt\/smart-omformer-for-litiumbatterier\/#breadcrumb\",\"itemListElement\":[{\"@type\":\"ListItem\",\"position\":1,\"name\":\"Home\",\"item\":\"https:\/\/mekulo.com\/no\/\"},{\"@type\":\"ListItem\",\"position\":2,\"name\":\"Butikk\",\"item\":\"https:\/\/mekulo.com\/no\/butikk\/\"},{\"@type\":\"ListItem\",\"position\":3,\"name\":\"Smart omformer for litiumbatterier\"}]},{\"@type\":\"WebSite\",\"@id\":\"https:\/\/mekulo.com\/no\/#website\",\"url\":\"https:\/\/mekulo.com\/no\/\",\"name\":\"Mekulo NO\",\"description\":\"\",\"publisher\":{\"@id\":\"https:\/\/mekulo.com\/no\/#organization\"},\"potentialAction\":[{\"@type\":\"SearchAction\",\"target\":{\"@type\":\"EntryPoint\",\"urlTemplate\":\"https:\/\/mekulo.com\/no\/?s={search_term_string}\"},\"query-input\":{\"@type\":\"PropertyValueSpecification\",\"valueRequired\":true,\"valueName\":\"search_term_string\"}}],\"inLanguage\":\"nb-NO\"},{\"@type\":\"Organization\",\"@id\":\"https:\/\/mekulo.com\/no\/#organization\",\"name\":\"Mekulo\",\"url\":\"https:\/\/mekulo.com\/no\/\",\"logo\":{\"@type\":\"ImageObject\",\"inLanguage\":\"nb-NO\",\"@id\":\"https:\/\/mekulo.com\/no\/#\/schema\/logo\/image\/\",\"url\":\"https:\/\/mekulo.com\/no\/wp-content\/uploads\/sites\/10\/2025\/12\/favicon_mekulo.png\",\"contentUrl\":\"https:\/\/mekulo.com\/no\/wp-content\/uploads\/sites\/10\/2025\/12\/favicon_mekulo.png\",\"width\":50,\"height\":50,\"caption\":\"Mekulo\"},\"image\":{\"@id\":\"https:\/\/mekulo.com\/no\/#\/schema\/logo\/image\/\"}}]}<\/script>\n<!-- \/ Yoast SEO plugin. -->","yoast_head_json":{"title":"Smart omformer for litiumbatterier - Mekulo NO","robots":{"index":"index","follow":"follow","max-snippet":"max-snippet:-1","max-image-preview":"max-image-preview:large","max-video-preview":"max-video-preview:-1"},"canonical":"https:\/\/mekulo.com\/no\/produkt\/smart-omformer-for-litiumbatterier\/","og_locale":"nb_NO","og_type":"article","og_title":"Smart omformer for litiumbatterier - Mekulo NO","og_description":"\u26a1Denne smarte litiumbatterikonverteren omformer 18-21 V likestr\u00f8m fra verkt\u00f8ybatteriet til 220 V vekselstr\u00f8m. \ud83d\udd0bSpender str\u00f8m til sm\u00e5 apparater og lader enheter hvor som helst. Kompakt, lett og konstruert for sikker utend\u00f8rs bruk. \ud83d\udd0c B\u00e6rbar, smart og p\u00e5litelig reservestr\u00f8m uansett hvor du er.","og_url":"https:\/\/mekulo.com\/no\/produkt\/smart-omformer-for-litiumbatterier\/","og_site_name":"Mekulo NO","article_modified_time":"2026-03-02T12:14:55+00:00","og_image":[{"width":1001,"height":1001,"url":"https:\/\/mekulo.com\/no\/wp-content\/uploads\/sites\/10\/2026\/02\/kg0a84p-1.jpeg","type":"image\/jpeg"}],"twitter_card":"summary_large_image","twitter_misc":{"Ansl. lesetid":"2 minutter"},"schema":{"@context":"https:\/\/schema.org","@graph":[{"@type":"WebPage","@id":"https:\/\/mekulo.com\/no\/produkt\/smart-omformer-for-litiumbatterier\/","url":"https:\/\/mekulo.com\/no\/produkt\/smart-omformer-for-litiumbatterier\/","name":"Smart omformer for litiumbatterier - Mekulo NO","isPartOf":{"@id":"https:\/\/mekulo.com\/no\/#website"},"primaryImageOfPage":{"@id":"https:\/\/mekulo.com\/no\/produkt\/smart-omformer-for-litiumbatterier\/#primaryimage"},"image":{"@id":"https:\/\/mekulo.com\/no\/produkt\/smart-omformer-for-litiumbatterier\/#primaryimage"},"thumbnailUrl":"https:\/\/mekulo.com\/no\/wp-content\/uploads\/sites\/10\/2026\/02\/kg0a84p-1.jpeg","datePublished":"2026-02-17T05:40:04+00:00","dateModified":"2026-03-02T12:14:55+00:00","breadcrumb":{"@id":"https:\/\/mekulo.com\/no\/produkt\/smart-omformer-for-litiumbatterier\/#breadcrumb"},"inLanguage":"nb-NO","potentialAction":[{"@type":"ReadAction","target":["https:\/\/mekulo.com\/no\/produkt\/smart-omformer-for-litiumbatterier\/"]}]},{"@type":"ImageObject","inLanguage":"nb-NO","@id":"https:\/\/mekulo.com\/no\/produkt\/smart-omformer-for-litiumbatterier\/#primaryimage","url":"https:\/\/mekulo.com\/no\/wp-content\/uploads\/sites\/10\/2026\/02\/kg0a84p-1.jpeg","contentUrl":"https:\/\/mekulo.com\/no\/wp-content\/uploads\/sites\/10\/2026\/02\/kg0a84p-1.jpeg","width":1001,"height":1001},{"@type":"BreadcrumbList","@id":"https:\/\/mekulo.com\/no\/produkt\/smart-omformer-for-litiumbatterier\/#breadcrumb","itemListElement":[{"@type":"ListItem","position":1,"name":"Home","item":"https:\/\/mekulo.com\/no\/"},{"@type":"ListItem","position":2,"name":"Butikk","item":"https:\/\/mekulo.com\/no\/butikk\/"},{"@type":"ListItem","position":3,"name":"Smart omformer for litiumbatterier"}]},{"@type":"WebSite","@id":"https:\/\/mekulo.com\/no\/#website","url":"https:\/\/mekulo.com\/no\/","name":"Mekulo NO","description":"","publisher":{"@id":"https:\/\/mekulo.com\/no\/#organization"},"potentialAction":[{"@type":"SearchAction","target":{"@type":"EntryPoint","urlTemplate":"https:\/\/mekulo.com\/no\/?s={search_term_string}"},"query-input":{"@type":"PropertyValueSpecification","valueRequired":true,"valueName":"search_term_string"}}],"inLanguage":"nb-NO"},{"@type":"Organization","@id":"https:\/\/mekulo.com\/no\/#organization","name":"Mekulo","url":"https:\/\/mekulo.com\/no\/","logo":{"@type":"ImageObject","inLanguage":"nb-NO","@id":"https:\/\/mekulo.com\/no\/#\/schema\/logo\/image\/","url":"https:\/\/mekulo.com\/no\/wp-content\/uploads\/sites\/10\/2025\/12\/favicon_mekulo.png","contentUrl":"https:\/\/mekulo.com\/no\/wp-content\/uploads\/sites\/10\/2025\/12\/favicon_mekulo.png","width":50,"height":50,"caption":"Mekulo"},"image":{"@id":"https:\/\/mekulo.com\/no\/#\/schema\/logo\/image\/"}}]}},"_links":{"self":[{"href":"https:\/\/mekulo.com\/no\/wp-json\/wp\/v2\/product\/23605","targetHints":{"allow":["GET"]}}],"collection":[{"href":"https:\/\/mekulo.com\/no\/wp-json\/wp\/v2\/product"}],"about":[{"href":"https:\/\/mekulo.com\/no\/wp-json\/wp\/v2\/types\/product"}],"replies":[{"embeddable":true,"href":"https:\/\/mekulo.com\/no\/wp-json\/wp\/v2\/comments?post=23605"}],"wp:featuredmedia":[{"embeddable":true,"href":"https:\/\/mekulo.com\/no\/wp-json\/wp\/v2\/media\/23601"}],"wp:attachment":[{"href":"https:\/\/mekulo.com\/no\/wp-json\/wp\/v2\/media?parent=23605"}],"wp:term":[{"taxonomy":"product_brand","embeddable":true,"href":"https:\/\/mekulo.com\/no\/wp-json\/wp\/v2\/product_brand?post=23605"},{"taxonomy":"product_cat","embeddable":true,"href":"https:\/\/mekulo.com\/no\/wp-json\/wp\/v2\/product_cat?post=23605"},{"taxonomy":"product_tag","embeddable":true,"href":"https:\/\/mekulo.com\/no\/wp-json\/wp\/v2\/product_tag?post=23605"}],"curies":[{"name":"wp","href":"https:\/\/api.w.org\/{rel}","templated":true}]}}