{"id":23588,"date":"2026-02-17T07:38:38","date_gmt":"2026-02-17T05:38:38","guid":{"rendered":"https:\/\/mekulo.com\/no\/produkt\/lappeteppe-med-kylling-i-fleece\/"},"modified":"2026-02-17T08:27:33","modified_gmt":"2026-02-17T06:27:33","slug":"lappeteppe-med-kylling-i-fleece","status":"publish","type":"product","link":"https:\/\/mekulo.com\/no\/produkt\/lappeteppe-med-kylling-i-fleece\/","title":{"rendered":"Lappeteppe med kylling i fleece"},"content":{"rendered":"<p style=\"text-align: center\" data-start=\"41\" data-end=\"80\"><strong data-start=\"41\" data-end=\"80\">Pakk deg inn i myk, koselig varme. \ud83d\udecb\ufe0f<\/strong><\/p>\n<p data-start=\"41\" data-end=\"80\"><img fetchpriority=\"high\" decoding=\"async\" class=\"size-full wp-image-25207 aligncenter\" src=\"https:\/\/mekulo.com\/template\/wp-content\/uploads\/sites\/6\/2026\/02\/d89f11c29a9da192fa0809ffd49a9c0db0912f49-700.avif\" alt=\"\" width=\"700\" height=\"700\" \/><\/p>\n<h2 style=\"text-align: center\" data-start=\"303\" data-end=\"324\">Hovedfordeler \ud83d\udc14<\/h2>\n<p data-start=\"328\" data-end=\"382\">\ud83d\udc14 Sjarmerende kyllingdesign &#8211; Morsomt og unikt utseende.<\/p>\n<p data-start=\"385\" data-end=\"434\">\u2601\ufe0f Ultramyk fleece &#8211; Sk\u00e5nsom og koselig f\u00f8lelse.<\/p>\n<p data-start=\"437\" data-end=\"498\">\ud83c\udf2c\ufe0f Pustende og lett &#8211; Varm uten \u00e5 bli overopphetet.<\/p>\n<p data-start=\"501\" data-end=\"559\">\ud83d\udd25 Stor varmeoppbevaring &#8211; Ideell for kj\u00f8ligere \u00e5rstider.<\/p>\n<p data-start=\"562\" data-end=\"614\">\ud83d\udecb\ufe0f Allsidig bruk &#8211; Sofa, seng, reise, camping.<\/p>\n<p data-start=\"617\" data-end=\"668\">\u2728 Antipillingstoff &#8211; Holder seg glatt og mykt.<\/p>\n<p data-start=\"671\" data-end=\"726\">\ud83c\udf81 Perfekt gaveid\u00e9 &#8211; Praktisk og hjertevarmende.<\/p>\n<p data-start=\"729\" data-end=\"766\">\ud83e\uddfc Kan vaskes i maskin &#8211; Lett \u00e5 ta vare p\u00e5.<\/p>\n<p data-start=\"729\" data-end=\"766\"><img decoding=\"async\" class=\"size-full wp-image-25204 aligncenter\" src=\"https:\/\/mekulo.com\/template\/wp-content\/uploads\/sites\/6\/2026\/02\/1ca604aa070642e24ed1af222ff82e83973d6db1-700.avif\" alt=\"\" \/><\/p>\n<h2 style=\"text-align: center\" data-start=\"773\" data-end=\"791\">Hvordan Bruke \ud83d\udccc<\/h2>\n<ol data-start=\"793\" data-end=\"936\">\n<li data-start=\"793\" data-end=\"817\">\n<p data-start=\"796\" data-end=\"817\">Brett ut teppet.<\/p>\n<\/li>\n<li data-start=\"818\" data-end=\"852\">\n<p data-start=\"821\" data-end=\"852\">Bruk det p\u00e5 sofaen, sengen eller stolen.<\/p>\n<\/li>\n<li data-start=\"853\" data-end=\"900\">\n<p data-start=\"856\" data-end=\"900\">Ta det med p\u00e5 reise eller utflukter.<\/p>\n<\/li>\n<li data-start=\"901\" data-end=\"936\">\n<p data-start=\"904\" data-end=\"936\">Vask det i maskinen ved behov.<\/p>\n<\/li>\n<\/ol>\n<h2 style=\"text-align: center\" data-start=\"943\" data-end=\"966\">Produktdetaljer \ud83d\udccf<\/h2>\n<ul data-start=\"968\" data-end=\"1288\">\n<li data-start=\"1023\" data-end=\"1073\">\n<p data-start=\"1025\" data-end=\"1073\">Materiale: Polyesterfiber (flanellfleece)<\/p>\n<\/li>\n<li data-start=\"1074\" data-end=\"1105\">\n<p data-start=\"1076\" data-end=\"1105\">Vevemetode: Heklet<\/p>\n<\/li>\n<li data-start=\"1106\" data-end=\"1179\">\n<p data-start=\"1108\" data-end=\"1179\">Funksjoner: Myk, pustende, slitesterk, smussavvisende, rynkefri<\/p>\n<\/li>\n<li data-start=\"1180\" data-end=\"1211\">\n<p data-start=\"1182\" data-end=\"1211\">M\u00f8nster: Trykt design<\/p>\n<\/li>\n<li data-start=\"1212\" data-end=\"1257\">\n<p data-start=\"1214\" data-end=\"1257\">Stil: Moderne \/ Klassisk \/ Tradisjonell<\/p>\n<\/li>\n<li data-start=\"1258\" data-end=\"1288\">\n<p data-start=\"1260\" data-end=\"1288\">Pleie: Kan vaskes i maskin<\/p>\n<\/li>\n<li data-start=\"1258\" data-end=\"1288\">\n<p data-start=\"1260\" data-end=\"1288\">Tilgjengelige st\u00f8rrelser: 70 x 100 cm, 100 x 150 cm, 130 x 150 cm, 150 x 200 cm<\/p>\n<\/li>\n<\/ul>\n<h2 style=\"text-align: center\" data-start=\"1411\" data-end=\"1435\">Pakken Inneholder \ud83d\udce6<\/h2>\n<ul data-start=\"1437\" data-end=\"1477\">\n<li data-start=\"1437\" data-end=\"1477\">\n<p data-start=\"1439\" data-end=\"1477\">1x kylling lappeteppe i fleece.<\/p>\n<\/li>\n<\/ul>\n","protected":false},"excerpt":{"rendered":"<p>\ud83d\udc14Dette fleeceteppet med kyllinglapper kombinerer komfort, stil og et lekent design.<br \/>\n\ud83c\udf81Det f\u00f8les fl\u00f8yelsmykt mot huden, samtidig som det er lett og pustende. Perfekt for avslapping hjemme, p\u00e5 reise eller som gave.<br \/>\n\ud83d\udecb\ufe0fComfort, varme og personlighet i ett koselig teppe.<\/p>\n","protected":false},"featured_media":23584,"comment_status":"open","ping_status":"closed","template":"","meta":{"site-sidebar-layout":"default","site-content-layout":"","ast-site-content-layout":"default","site-content-style":"default","site-sidebar-style":"default","ast-global-header-display":"","ast-banner-title-visibility":"","ast-main-header-display":"","ast-hfb-above-header-display":"","ast-hfb-below-header-display":"","ast-hfb-mobile-header-display":"","site-post-title":"","ast-breadcrumbs-content":"","ast-featured-img":"","footer-sml-layout":"","theme-transparent-header-meta":"default","adv-header-id-meta":"","stick-header-meta":"","header-above-stick-meta":"","header-main-stick-meta":"","header-below-stick-meta":"","astra-migrate-meta-layouts":"set","ast-page-background-enabled":"default","ast-page-background-meta":{"desktop":{"background-color":"var(--ast-global-color-5)","background-image":"","background-repeat":"repeat","background-position":"center center","background-size":"auto","background-attachment":"scroll","background-type":"","background-media":"","overlay-type":"","overlay-color":"","overlay-opacity":"","overlay-gradient":""},"tablet":{"background-color":"","background-image":"","background-repeat":"repeat","background-position":"center center","background-size":"auto","background-attachment":"scroll","background-type":"","background-media":"","overlay-type":"","overlay-color":"","overlay-opacity":"","overlay-gradient":""},"mobile":{"background-color":"","background-image":"","background-repeat":"repeat","background-position":"center center","background-size":"auto","background-attachment":"scroll","background-type":"","background-media":"","overlay-type":"","overlay-color":"","overlay-opacity":"","overlay-gradient":""}},"ast-content-background-meta":{"desktop":{"background-color":"var(--ast-global-color-4)","background-image":"","background-repeat":"repeat","background-position":"center center","background-size":"auto","background-attachment":"scroll","background-type":"","background-media":"","overlay-type":"","overlay-color":"","overlay-opacity":"","overlay-gradient":""},"tablet":{"background-color":"var(--ast-global-color-4)","background-image":"","background-repeat":"repeat","background-position":"center center","background-size":"auto","background-attachment":"scroll","background-type":"","background-media":"","overlay-type":"","overlay-color":"","overlay-opacity":"","overlay-gradient":""},"mobile":{"background-color":"var(--ast-global-color-4)","background-image":"","background-repeat":"repeat","background-position":"center center","background-size":"auto","background-attachment":"scroll","background-type":"","background-media":"","overlay-type":"","overlay-color":"","overlay-opacity":"","overlay-gradient":""}}},"product_brand":[],"product_cat":[168],"product_tag":[],"class_list":{"0":"post-23588","1":"product","2":"type-product","3":"status-publish","4":"has-post-thumbnail","6":"product_cat-husholdningsartikler","7":"pa_49065_s6fjjxi7-100-x-150-cm","8":"pa_49065_s6fjjxi7-130-x-150-cm","9":"pa_49065_s6fjjxi7-150-x-200-cm","10":"pa_49065_s6fjjxi7-70-x-100-cm","11":"desktop-align-left","12":"tablet-align-left","13":"mobile-align-left","15":"first","16":"instock","17":"shipping-taxable","18":"purchasable","19":"product-type-variable"},"yoast_head":"<!-- This site is optimized with the Yoast SEO plugin v26.6 - https:\/\/yoast.com\/wordpress\/plugins\/seo\/ -->\n<title>Lappeteppe med kylling i fleece - Mekulo NO<\/title>\n<meta name=\"robots\" content=\"index, follow, max-snippet:-1, max-image-preview:large, max-video-preview:-1\" \/>\n<link rel=\"canonical\" href=\"https:\/\/mekulo.com\/no\/produkt\/lappeteppe-med-kylling-i-fleece\/\" \/>\n<meta property=\"og:locale\" content=\"nb_NO\" \/>\n<meta property=\"og:type\" content=\"article\" \/>\n<meta property=\"og:title\" content=\"Lappeteppe med kylling i fleece - Mekulo NO\" \/>\n<meta property=\"og:description\" content=\"\ud83d\udc14Dette fleeceteppet med kyllinglapper kombinerer komfort, stil og et lekent design. \ud83c\udf81Det f\u00f8les fl\u00f8yelsmykt mot huden, samtidig som det er lett og pustende. Perfekt for avslapping hjemme, p\u00e5 reise eller som gave. \ud83d\udecb\ufe0fComfort, varme og personlighet i ett koselig teppe.\" \/>\n<meta property=\"og:url\" content=\"https:\/\/mekulo.com\/no\/produkt\/lappeteppe-med-kylling-i-fleece\/\" \/>\n<meta property=\"og:site_name\" content=\"Mekulo NO\" \/>\n<meta property=\"article:modified_time\" content=\"2026-02-17T06:27:33+00:00\" \/>\n<meta property=\"og:image\" content=\"https:\/\/mekulo.com\/no\/wp-content\/uploads\/sites\/10\/2026\/02\/nq8greb-1.jpg\" \/>\n\t<meta property=\"og:image:width\" content=\"1000\" \/>\n\t<meta property=\"og:image:height\" content=\"1000\" \/>\n\t<meta property=\"og:image:type\" content=\"image\/jpeg\" \/>\n<meta name=\"twitter:card\" content=\"summary_large_image\" \/>\n<meta name=\"twitter:label1\" content=\"Ansl. lesetid\" \/>\n\t<meta name=\"twitter:data1\" content=\"2 minutter\" \/>\n<script type=\"application\/ld+json\" class=\"yoast-schema-graph\">{\"@context\":\"https:\/\/schema.org\",\"@graph\":[{\"@type\":\"WebPage\",\"@id\":\"https:\/\/mekulo.com\/no\/produkt\/lappeteppe-med-kylling-i-fleece\/\",\"url\":\"https:\/\/mekulo.com\/no\/produkt\/lappeteppe-med-kylling-i-fleece\/\",\"name\":\"Lappeteppe med kylling i fleece - Mekulo NO\",\"isPartOf\":{\"@id\":\"https:\/\/mekulo.com\/no\/#website\"},\"primaryImageOfPage\":{\"@id\":\"https:\/\/mekulo.com\/no\/produkt\/lappeteppe-med-kylling-i-fleece\/#primaryimage\"},\"image\":{\"@id\":\"https:\/\/mekulo.com\/no\/produkt\/lappeteppe-med-kylling-i-fleece\/#primaryimage\"},\"thumbnailUrl\":\"https:\/\/mekulo.com\/no\/wp-content\/uploads\/sites\/10\/2026\/02\/nq8greb-1.jpg\",\"datePublished\":\"2026-02-17T05:38:38+00:00\",\"dateModified\":\"2026-02-17T06:27:33+00:00\",\"breadcrumb\":{\"@id\":\"https:\/\/mekulo.com\/no\/produkt\/lappeteppe-med-kylling-i-fleece\/#breadcrumb\"},\"inLanguage\":\"nb-NO\",\"potentialAction\":[{\"@type\":\"ReadAction\",\"target\":[\"https:\/\/mekulo.com\/no\/produkt\/lappeteppe-med-kylling-i-fleece\/\"]}]},{\"@type\":\"ImageObject\",\"inLanguage\":\"nb-NO\",\"@id\":\"https:\/\/mekulo.com\/no\/produkt\/lappeteppe-med-kylling-i-fleece\/#primaryimage\",\"url\":\"https:\/\/mekulo.com\/no\/wp-content\/uploads\/sites\/10\/2026\/02\/nq8greb-1.jpg\",\"contentUrl\":\"https:\/\/mekulo.com\/no\/wp-content\/uploads\/sites\/10\/2026\/02\/nq8greb-1.jpg\",\"width\":1000,\"height\":1000},{\"@type\":\"BreadcrumbList\",\"@id\":\"https:\/\/mekulo.com\/no\/produkt\/lappeteppe-med-kylling-i-fleece\/#breadcrumb\",\"itemListElement\":[{\"@type\":\"ListItem\",\"position\":1,\"name\":\"Home\",\"item\":\"https:\/\/mekulo.com\/no\/\"},{\"@type\":\"ListItem\",\"position\":2,\"name\":\"Butikk\",\"item\":\"https:\/\/mekulo.com\/no\/butikk\/\"},{\"@type\":\"ListItem\",\"position\":3,\"name\":\"Lappeteppe med kylling i fleece\"}]},{\"@type\":\"WebSite\",\"@id\":\"https:\/\/mekulo.com\/no\/#website\",\"url\":\"https:\/\/mekulo.com\/no\/\",\"name\":\"Mekulo NO\",\"description\":\"\",\"publisher\":{\"@id\":\"https:\/\/mekulo.com\/no\/#organization\"},\"potentialAction\":[{\"@type\":\"SearchAction\",\"target\":{\"@type\":\"EntryPoint\",\"urlTemplate\":\"https:\/\/mekulo.com\/no\/?s={search_term_string}\"},\"query-input\":{\"@type\":\"PropertyValueSpecification\",\"valueRequired\":true,\"valueName\":\"search_term_string\"}}],\"inLanguage\":\"nb-NO\"},{\"@type\":\"Organization\",\"@id\":\"https:\/\/mekulo.com\/no\/#organization\",\"name\":\"Mekulo\",\"url\":\"https:\/\/mekulo.com\/no\/\",\"logo\":{\"@type\":\"ImageObject\",\"inLanguage\":\"nb-NO\",\"@id\":\"https:\/\/mekulo.com\/no\/#\/schema\/logo\/image\/\",\"url\":\"https:\/\/mekulo.com\/no\/wp-content\/uploads\/sites\/10\/2025\/12\/favicon_mekulo.png\",\"contentUrl\":\"https:\/\/mekulo.com\/no\/wp-content\/uploads\/sites\/10\/2025\/12\/favicon_mekulo.png\",\"width\":50,\"height\":50,\"caption\":\"Mekulo\"},\"image\":{\"@id\":\"https:\/\/mekulo.com\/no\/#\/schema\/logo\/image\/\"}}]}<\/script>\n<!-- \/ Yoast SEO plugin. -->","yoast_head_json":{"title":"Lappeteppe med kylling i fleece - Mekulo NO","robots":{"index":"index","follow":"follow","max-snippet":"max-snippet:-1","max-image-preview":"max-image-preview:large","max-video-preview":"max-video-preview:-1"},"canonical":"https:\/\/mekulo.com\/no\/produkt\/lappeteppe-med-kylling-i-fleece\/","og_locale":"nb_NO","og_type":"article","og_title":"Lappeteppe med kylling i fleece - Mekulo NO","og_description":"\ud83d\udc14Dette fleeceteppet med kyllinglapper kombinerer komfort, stil og et lekent design. \ud83c\udf81Det f\u00f8les fl\u00f8yelsmykt mot huden, samtidig som det er lett og pustende. Perfekt for avslapping hjemme, p\u00e5 reise eller som gave. \ud83d\udecb\ufe0fComfort, varme og personlighet i ett koselig teppe.","og_url":"https:\/\/mekulo.com\/no\/produkt\/lappeteppe-med-kylling-i-fleece\/","og_site_name":"Mekulo NO","article_modified_time":"2026-02-17T06:27:33+00:00","og_image":[{"width":1000,"height":1000,"url":"https:\/\/mekulo.com\/no\/wp-content\/uploads\/sites\/10\/2026\/02\/nq8greb-1.jpg","type":"image\/jpeg"}],"twitter_card":"summary_large_image","twitter_misc":{"Ansl. lesetid":"2 minutter"},"schema":{"@context":"https:\/\/schema.org","@graph":[{"@type":"WebPage","@id":"https:\/\/mekulo.com\/no\/produkt\/lappeteppe-med-kylling-i-fleece\/","url":"https:\/\/mekulo.com\/no\/produkt\/lappeteppe-med-kylling-i-fleece\/","name":"Lappeteppe med kylling i fleece - Mekulo NO","isPartOf":{"@id":"https:\/\/mekulo.com\/no\/#website"},"primaryImageOfPage":{"@id":"https:\/\/mekulo.com\/no\/produkt\/lappeteppe-med-kylling-i-fleece\/#primaryimage"},"image":{"@id":"https:\/\/mekulo.com\/no\/produkt\/lappeteppe-med-kylling-i-fleece\/#primaryimage"},"thumbnailUrl":"https:\/\/mekulo.com\/no\/wp-content\/uploads\/sites\/10\/2026\/02\/nq8greb-1.jpg","datePublished":"2026-02-17T05:38:38+00:00","dateModified":"2026-02-17T06:27:33+00:00","breadcrumb":{"@id":"https:\/\/mekulo.com\/no\/produkt\/lappeteppe-med-kylling-i-fleece\/#breadcrumb"},"inLanguage":"nb-NO","potentialAction":[{"@type":"ReadAction","target":["https:\/\/mekulo.com\/no\/produkt\/lappeteppe-med-kylling-i-fleece\/"]}]},{"@type":"ImageObject","inLanguage":"nb-NO","@id":"https:\/\/mekulo.com\/no\/produkt\/lappeteppe-med-kylling-i-fleece\/#primaryimage","url":"https:\/\/mekulo.com\/no\/wp-content\/uploads\/sites\/10\/2026\/02\/nq8greb-1.jpg","contentUrl":"https:\/\/mekulo.com\/no\/wp-content\/uploads\/sites\/10\/2026\/02\/nq8greb-1.jpg","width":1000,"height":1000},{"@type":"BreadcrumbList","@id":"https:\/\/mekulo.com\/no\/produkt\/lappeteppe-med-kylling-i-fleece\/#breadcrumb","itemListElement":[{"@type":"ListItem","position":1,"name":"Home","item":"https:\/\/mekulo.com\/no\/"},{"@type":"ListItem","position":2,"name":"Butikk","item":"https:\/\/mekulo.com\/no\/butikk\/"},{"@type":"ListItem","position":3,"name":"Lappeteppe med kylling i fleece"}]},{"@type":"WebSite","@id":"https:\/\/mekulo.com\/no\/#website","url":"https:\/\/mekulo.com\/no\/","name":"Mekulo NO","description":"","publisher":{"@id":"https:\/\/mekulo.com\/no\/#organization"},"potentialAction":[{"@type":"SearchAction","target":{"@type":"EntryPoint","urlTemplate":"https:\/\/mekulo.com\/no\/?s={search_term_string}"},"query-input":{"@type":"PropertyValueSpecification","valueRequired":true,"valueName":"search_term_string"}}],"inLanguage":"nb-NO"},{"@type":"Organization","@id":"https:\/\/mekulo.com\/no\/#organization","name":"Mekulo","url":"https:\/\/mekulo.com\/no\/","logo":{"@type":"ImageObject","inLanguage":"nb-NO","@id":"https:\/\/mekulo.com\/no\/#\/schema\/logo\/image\/","url":"https:\/\/mekulo.com\/no\/wp-content\/uploads\/sites\/10\/2025\/12\/favicon_mekulo.png","contentUrl":"https:\/\/mekulo.com\/no\/wp-content\/uploads\/sites\/10\/2025\/12\/favicon_mekulo.png","width":50,"height":50,"caption":"Mekulo"},"image":{"@id":"https:\/\/mekulo.com\/no\/#\/schema\/logo\/image\/"}}]}},"_links":{"self":[{"href":"https:\/\/mekulo.com\/no\/wp-json\/wp\/v2\/product\/23588","targetHints":{"allow":["GET"]}}],"collection":[{"href":"https:\/\/mekulo.com\/no\/wp-json\/wp\/v2\/product"}],"about":[{"href":"https:\/\/mekulo.com\/no\/wp-json\/wp\/v2\/types\/product"}],"replies":[{"embeddable":true,"href":"https:\/\/mekulo.com\/no\/wp-json\/wp\/v2\/comments?post=23588"}],"wp:featuredmedia":[{"embeddable":true,"href":"https:\/\/mekulo.com\/no\/wp-json\/wp\/v2\/media\/23584"}],"wp:attachment":[{"href":"https:\/\/mekulo.com\/no\/wp-json\/wp\/v2\/media?parent=23588"}],"wp:term":[{"taxonomy":"product_brand","embeddable":true,"href":"https:\/\/mekulo.com\/no\/wp-json\/wp\/v2\/product_brand?post=23588"},{"taxonomy":"product_cat","embeddable":true,"href":"https:\/\/mekulo.com\/no\/wp-json\/wp\/v2\/product_cat?post=23588"},{"taxonomy":"product_tag","embeddable":true,"href":"https:\/\/mekulo.com\/no\/wp-json\/wp\/v2\/product_tag?post=23588"}],"curies":[{"name":"wp","href":"https:\/\/api.w.org\/{rel}","templated":true}]}}