{"id":23537,"date":"2026-02-17T07:34:07","date_gmt":"2026-02-17T05:34:07","guid":{"rendered":"https:\/\/mekulo.com\/no\/produkt\/360-roterende-holder-for-biltelefon\/"},"modified":"2026-02-17T07:34:07","modified_gmt":"2026-02-17T05:34:07","slug":"360-roterende-holder-for-biltelefon","status":"publish","type":"product","link":"https:\/\/mekulo.com\/no\/produkt\/360-roterende-holder-for-biltelefon\/","title":{"rendered":"360\u00b0 roterende holder for biltelefon"},"content":{"rendered":"<p style=\"text-align: center\" data-start=\"41\" data-end=\"105\"><strong data-start=\"41\" data-end=\"105\">Holder Telefonen Sikker Og Perfekt Synlig Mens Du Kj\u00f8rer. \ud83e\udd33<\/strong><\/p>\n<p data-start=\"41\" data-end=\"105\"><img fetchpriority=\"high\" decoding=\"async\" class=\"size-full wp-image-25169 aligncenter\" src=\"https:\/\/mekulo.com\/template\/wp-content\/uploads\/sites\/6\/2026\/02\/9774b9bb-af5a-4025-b090-e0b18ca35288.jpg\" alt=\"\" width=\"800\" height=\"800\" \/><\/p>\n<h2 style=\"text-align: center\" data-start=\"332\" data-end=\"353\">Hovedfordeler \ud83d\ude97<\/h2>\n<p data-start=\"357\" data-end=\"403\">\ud83d\udd04 360\u00b0 Rotasjon &#8211; Perfekt Synsvinkel.<\/p>\n<p data-start=\"406\" data-end=\"450\">\ud83d\udcf1 Universell Passform &#8211; For 3-7 Tommers Telefoner.<\/p>\n<p data-start=\"406\" data-end=\"450\">\ud83d\ude97 Flere Monteringsalternativer &#8211; Speil, Dashbord, Visir.<\/p>\n<p data-start=\"517\" data-end=\"566\">\u270b Hurtigutl\u00f8serknapp &#8211; Enkel Fjerning Av Telefonen.<\/p>\n<p data-start=\"569\" data-end=\"619\">\ud83d\udee1\ufe0f Myk Polstret Kontakt &#8211; Forhindrer Riper.<\/p>\n<p data-start=\"622\" data-end=\"671\">\u2696\ufe0f Lett Design &#8211; Rent, Minimalistisk Utseende.<\/p>\n<p data-start=\"674\" data-end=\"721\">\ud83c\udfe0 Hjemmevennlig &#8211; Fungerer Ogs\u00e5 Innend\u00f8rs.<\/p>\n<p data-start=\"674\" data-end=\"721\"><img decoding=\"async\" class=\"size-full wp-image-25168 aligncenter\" src=\"https:\/\/mekulo.com\/template\/wp-content\/uploads\/sites\/6\/2026\/02\/77ac1004-f7a3-4195-8752-2b6dcb11a827.jpg\" alt=\"\" width=\"1000\" height=\"1000\" \/><\/p>\n<h2 style=\"text-align: center\" data-start=\"728\" data-end=\"746\">Hvordan Bruke \ud83d\udccc<\/h2>\n<ol data-start=\"748\" data-end=\"943\">\n<li data-start=\"748\" data-end=\"798\">\n<p data-start=\"751\" data-end=\"798\">Feste Holderen P\u00e5 \u00d8nsket Sted.<\/p>\n<\/li>\n<li data-start=\"799\" data-end=\"830\">\n<p data-start=\"802\" data-end=\"830\">Juster Klemmen Sikkert.<\/p>\n<\/li>\n<li data-start=\"831\" data-end=\"869\">\n<p data-start=\"834\" data-end=\"869\">Plasser Telefonen I Holderen.<\/p>\n<\/li>\n<li data-start=\"870\" data-end=\"904\">\n<p data-start=\"873\" data-end=\"904\">Roter Til \u00d8nsket Vinkel.<\/p>\n<\/li>\n<li data-start=\"905\" data-end=\"943\">\n<p data-start=\"908\" data-end=\"943\">Trykk P\u00e5 Utl\u00f8serknappen For \u00c5 Ta Den Av.<\/p>\n<\/li>\n<\/ol>\n<h2 style=\"text-align: center\" data-start=\"950\" data-end=\"973\">Produktdetaljer \ud83d\udccf<\/h2>\n<ul data-start=\"975\" data-end=\"1235\">\n<li data-start=\"1028\" data-end=\"1049\">\n<p data-start=\"1030\" data-end=\"1049\">Materiale: ABS<\/p>\n<\/li>\n<li data-start=\"1050\" data-end=\"1091\">\n<p data-start=\"1052\" data-end=\"1091\">Compatibel Telefonst\u00f8rrelse: 3-7 Tommer<\/p>\n<\/li>\n<li data-start=\"1092\" data-end=\"1139\">\n<p data-start=\"1094\" data-end=\"1139\">Rotasjon: 360\u00b0 Svingbar + Vippejustering<\/p>\n<\/li>\n<li data-start=\"1140\" data-end=\"1209\">\n<p data-start=\"1142\" data-end=\"1209\">Installasjonssteder: Bakspeil, Dashbord, Solskjerm<\/p>\n<\/li>\n<li data-start=\"1210\" data-end=\"1235\">\n<p data-start=\"1212\" data-end=\"1235\">Bruk: Bil Og Hjem<\/p>\n<\/li>\n<li data-start=\"1210\" data-end=\"1235\">St\u00f8rrelse: 15,5 X 10 X 9,5 Cm<\/li>\n<\/ul>\n<h2 style=\"text-align: center\" data-start=\"1242\" data-end=\"1266\">Pakken Inkluderer \ud83d\udce6<\/h2>\n<ul data-start=\"1268\" data-end=\"1306\">\n<li data-start=\"1268\" data-end=\"1306\">\n<p data-start=\"1270\" data-end=\"1306\">1x 360\u00b0 Roterende Biltelefonholder.<\/p>\n<\/li>\n<\/ul>\n","protected":false},"excerpt":{"rendered":"<p>\ud83d\udcf1Denne 360\u00b0 roterende biltelefonholderen gir et stabilt grep og fleksible visningsvinkler.<br \/>\n\ud83d\ude97Den passer til de fleste smarttelefoner og kan monteres p\u00e5 bakspeilet, dashbordet eller solskjermen.<br \/>\n\ud83d\udd04Lett, kompakt og enkel \u00e5 bruke.<\/p>\n","protected":false},"featured_media":23533,"comment_status":"open","ping_status":"closed","template":"","meta":{"site-sidebar-layout":"default","site-content-layout":"","ast-site-content-layout":"default","site-content-style":"default","site-sidebar-style":"default","ast-global-header-display":"","ast-banner-title-visibility":"","ast-main-header-display":"","ast-hfb-above-header-display":"","ast-hfb-below-header-display":"","ast-hfb-mobile-header-display":"","site-post-title":"","ast-breadcrumbs-content":"","ast-featured-img":"","footer-sml-layout":"","theme-transparent-header-meta":"default","adv-header-id-meta":"","stick-header-meta":"","header-above-stick-meta":"","header-main-stick-meta":"","header-below-stick-meta":"","astra-migrate-meta-layouts":"set","ast-page-background-enabled":"default","ast-page-background-meta":{"desktop":{"background-color":"var(--ast-global-color-5)","background-image":"","background-repeat":"repeat","background-position":"center center","background-size":"auto","background-attachment":"scroll","background-type":"","background-media":"","overlay-type":"","overlay-color":"","overlay-opacity":"","overlay-gradient":""},"tablet":{"background-color":"","background-image":"","background-repeat":"repeat","background-position":"center center","background-size":"auto","background-attachment":"scroll","background-type":"","background-media":"","overlay-type":"","overlay-color":"","overlay-opacity":"","overlay-gradient":""},"mobile":{"background-color":"","background-image":"","background-repeat":"repeat","background-position":"center center","background-size":"auto","background-attachment":"scroll","background-type":"","background-media":"","overlay-type":"","overlay-color":"","overlay-opacity":"","overlay-gradient":""}},"ast-content-background-meta":{"desktop":{"background-color":"var(--ast-global-color-4)","background-image":"","background-repeat":"repeat","background-position":"center center","background-size":"auto","background-attachment":"scroll","background-type":"","background-media":"","overlay-type":"","overlay-color":"","overlay-opacity":"","overlay-gradient":""},"tablet":{"background-color":"var(--ast-global-color-4)","background-image":"","background-repeat":"repeat","background-position":"center center","background-size":"auto","background-attachment":"scroll","background-type":"","background-media":"","overlay-type":"","overlay-color":"","overlay-opacity":"","overlay-gradient":""},"mobile":{"background-color":"var(--ast-global-color-4)","background-image":"","background-repeat":"repeat","background-position":"center center","background-size":"auto","background-attachment":"scroll","background-type":"","background-media":"","overlay-type":"","overlay-color":"","overlay-opacity":"","overlay-gradient":""}}},"product_brand":[],"product_cat":[161],"product_tag":[],"class_list":{"0":"post-23537","1":"product","2":"type-product","3":"status-publish","4":"has-post-thumbnail","6":"product_cat-bilprodukter","7":"desktop-align-left","8":"tablet-align-left","9":"mobile-align-left","11":"first","12":"instock","13":"shipping-taxable","14":"purchasable","15":"product-type-simple"},"yoast_head":"<!-- This site is optimized with the Yoast SEO plugin v26.6 - https:\/\/yoast.com\/wordpress\/plugins\/seo\/ -->\n<title>360\u00b0 roterende holder for biltelefon - Mekulo NO<\/title>\n<meta name=\"robots\" content=\"index, follow, max-snippet:-1, max-image-preview:large, max-video-preview:-1\" \/>\n<link rel=\"canonical\" href=\"https:\/\/mekulo.com\/no\/produkt\/360-roterende-holder-for-biltelefon\/\" \/>\n<meta property=\"og:locale\" content=\"nb_NO\" \/>\n<meta property=\"og:type\" content=\"article\" \/>\n<meta property=\"og:title\" content=\"360\u00b0 roterende holder for biltelefon - Mekulo NO\" \/>\n<meta property=\"og:description\" content=\"\ud83d\udcf1Denne 360\u00b0 roterende biltelefonholderen gir et stabilt grep og fleksible visningsvinkler. \ud83d\ude97Den passer til de fleste smarttelefoner og kan monteres p\u00e5 bakspeilet, dashbordet eller solskjermen. \ud83d\udd04Lett, kompakt og enkel \u00e5 bruke.\" \/>\n<meta property=\"og:url\" content=\"https:\/\/mekulo.com\/no\/produkt\/360-roterende-holder-for-biltelefon\/\" \/>\n<meta property=\"og:site_name\" content=\"Mekulo NO\" \/>\n<meta property=\"og:image\" content=\"https:\/\/mekulo.com\/no\/wp-content\/uploads\/sites\/10\/2026\/02\/dhsvqfy-1.webp\" \/>\n\t<meta property=\"og:image:width\" content=\"800\" \/>\n\t<meta property=\"og:image:height\" content=\"800\" \/>\n\t<meta property=\"og:image:type\" content=\"image\/webp\" \/>\n<meta name=\"twitter:card\" content=\"summary_large_image\" \/>\n<meta name=\"twitter:label1\" content=\"Ansl. lesetid\" \/>\n\t<meta name=\"twitter:data1\" content=\"2 minutter\" \/>\n<script type=\"application\/ld+json\" class=\"yoast-schema-graph\">{\"@context\":\"https:\/\/schema.org\",\"@graph\":[{\"@type\":\"WebPage\",\"@id\":\"https:\/\/mekulo.com\/no\/produkt\/360-roterende-holder-for-biltelefon\/\",\"url\":\"https:\/\/mekulo.com\/no\/produkt\/360-roterende-holder-for-biltelefon\/\",\"name\":\"360\u00b0 roterende holder for biltelefon - Mekulo NO\",\"isPartOf\":{\"@id\":\"https:\/\/mekulo.com\/no\/#website\"},\"primaryImageOfPage\":{\"@id\":\"https:\/\/mekulo.com\/no\/produkt\/360-roterende-holder-for-biltelefon\/#primaryimage\"},\"image\":{\"@id\":\"https:\/\/mekulo.com\/no\/produkt\/360-roterende-holder-for-biltelefon\/#primaryimage\"},\"thumbnailUrl\":\"https:\/\/mekulo.com\/no\/wp-content\/uploads\/sites\/10\/2026\/02\/dhsvqfy-1.webp\",\"datePublished\":\"2026-02-17T05:34:07+00:00\",\"breadcrumb\":{\"@id\":\"https:\/\/mekulo.com\/no\/produkt\/360-roterende-holder-for-biltelefon\/#breadcrumb\"},\"inLanguage\":\"nb-NO\",\"potentialAction\":[{\"@type\":\"ReadAction\",\"target\":[\"https:\/\/mekulo.com\/no\/produkt\/360-roterende-holder-for-biltelefon\/\"]}]},{\"@type\":\"ImageObject\",\"inLanguage\":\"nb-NO\",\"@id\":\"https:\/\/mekulo.com\/no\/produkt\/360-roterende-holder-for-biltelefon\/#primaryimage\",\"url\":\"https:\/\/mekulo.com\/no\/wp-content\/uploads\/sites\/10\/2026\/02\/dhsvqfy-1.webp\",\"contentUrl\":\"https:\/\/mekulo.com\/no\/wp-content\/uploads\/sites\/10\/2026\/02\/dhsvqfy-1.webp\",\"width\":800,\"height\":800},{\"@type\":\"BreadcrumbList\",\"@id\":\"https:\/\/mekulo.com\/no\/produkt\/360-roterende-holder-for-biltelefon\/#breadcrumb\",\"itemListElement\":[{\"@type\":\"ListItem\",\"position\":1,\"name\":\"Home\",\"item\":\"https:\/\/mekulo.com\/no\/\"},{\"@type\":\"ListItem\",\"position\":2,\"name\":\"Butikk\",\"item\":\"https:\/\/mekulo.com\/no\/butikk\/\"},{\"@type\":\"ListItem\",\"position\":3,\"name\":\"360\u00b0 roterende holder for biltelefon\"}]},{\"@type\":\"WebSite\",\"@id\":\"https:\/\/mekulo.com\/no\/#website\",\"url\":\"https:\/\/mekulo.com\/no\/\",\"name\":\"Mekulo NO\",\"description\":\"\",\"publisher\":{\"@id\":\"https:\/\/mekulo.com\/no\/#organization\"},\"potentialAction\":[{\"@type\":\"SearchAction\",\"target\":{\"@type\":\"EntryPoint\",\"urlTemplate\":\"https:\/\/mekulo.com\/no\/?s={search_term_string}\"},\"query-input\":{\"@type\":\"PropertyValueSpecification\",\"valueRequired\":true,\"valueName\":\"search_term_string\"}}],\"inLanguage\":\"nb-NO\"},{\"@type\":\"Organization\",\"@id\":\"https:\/\/mekulo.com\/no\/#organization\",\"name\":\"Mekulo\",\"url\":\"https:\/\/mekulo.com\/no\/\",\"logo\":{\"@type\":\"ImageObject\",\"inLanguage\":\"nb-NO\",\"@id\":\"https:\/\/mekulo.com\/no\/#\/schema\/logo\/image\/\",\"url\":\"https:\/\/mekulo.com\/no\/wp-content\/uploads\/sites\/10\/2025\/12\/favicon_mekulo.png\",\"contentUrl\":\"https:\/\/mekulo.com\/no\/wp-content\/uploads\/sites\/10\/2025\/12\/favicon_mekulo.png\",\"width\":50,\"height\":50,\"caption\":\"Mekulo\"},\"image\":{\"@id\":\"https:\/\/mekulo.com\/no\/#\/schema\/logo\/image\/\"}}]}<\/script>\n<!-- \/ Yoast SEO plugin. -->","yoast_head_json":{"title":"360\u00b0 roterende holder for biltelefon - Mekulo NO","robots":{"index":"index","follow":"follow","max-snippet":"max-snippet:-1","max-image-preview":"max-image-preview:large","max-video-preview":"max-video-preview:-1"},"canonical":"https:\/\/mekulo.com\/no\/produkt\/360-roterende-holder-for-biltelefon\/","og_locale":"nb_NO","og_type":"article","og_title":"360\u00b0 roterende holder for biltelefon - Mekulo NO","og_description":"\ud83d\udcf1Denne 360\u00b0 roterende biltelefonholderen gir et stabilt grep og fleksible visningsvinkler. \ud83d\ude97Den passer til de fleste smarttelefoner og kan monteres p\u00e5 bakspeilet, dashbordet eller solskjermen. \ud83d\udd04Lett, kompakt og enkel \u00e5 bruke.","og_url":"https:\/\/mekulo.com\/no\/produkt\/360-roterende-holder-for-biltelefon\/","og_site_name":"Mekulo NO","og_image":[{"width":800,"height":800,"url":"https:\/\/mekulo.com\/no\/wp-content\/uploads\/sites\/10\/2026\/02\/dhsvqfy-1.webp","type":"image\/webp"}],"twitter_card":"summary_large_image","twitter_misc":{"Ansl. lesetid":"2 minutter"},"schema":{"@context":"https:\/\/schema.org","@graph":[{"@type":"WebPage","@id":"https:\/\/mekulo.com\/no\/produkt\/360-roterende-holder-for-biltelefon\/","url":"https:\/\/mekulo.com\/no\/produkt\/360-roterende-holder-for-biltelefon\/","name":"360\u00b0 roterende holder for biltelefon - Mekulo NO","isPartOf":{"@id":"https:\/\/mekulo.com\/no\/#website"},"primaryImageOfPage":{"@id":"https:\/\/mekulo.com\/no\/produkt\/360-roterende-holder-for-biltelefon\/#primaryimage"},"image":{"@id":"https:\/\/mekulo.com\/no\/produkt\/360-roterende-holder-for-biltelefon\/#primaryimage"},"thumbnailUrl":"https:\/\/mekulo.com\/no\/wp-content\/uploads\/sites\/10\/2026\/02\/dhsvqfy-1.webp","datePublished":"2026-02-17T05:34:07+00:00","breadcrumb":{"@id":"https:\/\/mekulo.com\/no\/produkt\/360-roterende-holder-for-biltelefon\/#breadcrumb"},"inLanguage":"nb-NO","potentialAction":[{"@type":"ReadAction","target":["https:\/\/mekulo.com\/no\/produkt\/360-roterende-holder-for-biltelefon\/"]}]},{"@type":"ImageObject","inLanguage":"nb-NO","@id":"https:\/\/mekulo.com\/no\/produkt\/360-roterende-holder-for-biltelefon\/#primaryimage","url":"https:\/\/mekulo.com\/no\/wp-content\/uploads\/sites\/10\/2026\/02\/dhsvqfy-1.webp","contentUrl":"https:\/\/mekulo.com\/no\/wp-content\/uploads\/sites\/10\/2026\/02\/dhsvqfy-1.webp","width":800,"height":800},{"@type":"BreadcrumbList","@id":"https:\/\/mekulo.com\/no\/produkt\/360-roterende-holder-for-biltelefon\/#breadcrumb","itemListElement":[{"@type":"ListItem","position":1,"name":"Home","item":"https:\/\/mekulo.com\/no\/"},{"@type":"ListItem","position":2,"name":"Butikk","item":"https:\/\/mekulo.com\/no\/butikk\/"},{"@type":"ListItem","position":3,"name":"360\u00b0 roterende holder for biltelefon"}]},{"@type":"WebSite","@id":"https:\/\/mekulo.com\/no\/#website","url":"https:\/\/mekulo.com\/no\/","name":"Mekulo NO","description":"","publisher":{"@id":"https:\/\/mekulo.com\/no\/#organization"},"potentialAction":[{"@type":"SearchAction","target":{"@type":"EntryPoint","urlTemplate":"https:\/\/mekulo.com\/no\/?s={search_term_string}"},"query-input":{"@type":"PropertyValueSpecification","valueRequired":true,"valueName":"search_term_string"}}],"inLanguage":"nb-NO"},{"@type":"Organization","@id":"https:\/\/mekulo.com\/no\/#organization","name":"Mekulo","url":"https:\/\/mekulo.com\/no\/","logo":{"@type":"ImageObject","inLanguage":"nb-NO","@id":"https:\/\/mekulo.com\/no\/#\/schema\/logo\/image\/","url":"https:\/\/mekulo.com\/no\/wp-content\/uploads\/sites\/10\/2025\/12\/favicon_mekulo.png","contentUrl":"https:\/\/mekulo.com\/no\/wp-content\/uploads\/sites\/10\/2025\/12\/favicon_mekulo.png","width":50,"height":50,"caption":"Mekulo"},"image":{"@id":"https:\/\/mekulo.com\/no\/#\/schema\/logo\/image\/"}}]}},"_links":{"self":[{"href":"https:\/\/mekulo.com\/no\/wp-json\/wp\/v2\/product\/23537","targetHints":{"allow":["GET"]}}],"collection":[{"href":"https:\/\/mekulo.com\/no\/wp-json\/wp\/v2\/product"}],"about":[{"href":"https:\/\/mekulo.com\/no\/wp-json\/wp\/v2\/types\/product"}],"replies":[{"embeddable":true,"href":"https:\/\/mekulo.com\/no\/wp-json\/wp\/v2\/comments?post=23537"}],"wp:featuredmedia":[{"embeddable":true,"href":"https:\/\/mekulo.com\/no\/wp-json\/wp\/v2\/media\/23533"}],"wp:attachment":[{"href":"https:\/\/mekulo.com\/no\/wp-json\/wp\/v2\/media?parent=23537"}],"wp:term":[{"taxonomy":"product_brand","embeddable":true,"href":"https:\/\/mekulo.com\/no\/wp-json\/wp\/v2\/product_brand?post=23537"},{"taxonomy":"product_cat","embeddable":true,"href":"https:\/\/mekulo.com\/no\/wp-json\/wp\/v2\/product_cat?post=23537"},{"taxonomy":"product_tag","embeddable":true,"href":"https:\/\/mekulo.com\/no\/wp-json\/wp\/v2\/product_tag?post=23537"}],"curies":[{"name":"wp","href":"https:\/\/api.w.org\/{rel}","templated":true}]}}