{"id":23491,"date":"2026-02-17T07:30:55","date_gmt":"2026-02-17T05:30:55","guid":{"rendered":"https:\/\/mekulo.com\/no\/produkt\/elegante-blomstrete-retro-oreringer\/"},"modified":"2026-03-02T12:23:56","modified_gmt":"2026-03-02T10:23:56","slug":"elegante-blomstrete-retro-oreringer","status":"publish","type":"product","link":"https:\/\/mekulo.com\/no\/produkt\/elegante-blomstrete-retro-oreringer\/","title":{"rendered":"Elegante, blomstrete retro-\u00f8reringer"},"content":{"rendered":"<p style=\"text-align: center\" data-start=\"41\" data-end=\"93\"><strong data-start=\"41\" data-end=\"93\">Tilf\u00f8rer \u00f8yeblikkelig eleganse og glitter til ethvert antrekk. \ud83c\udf38<\/strong><\/p>\n<p data-start=\"41\" data-end=\"93\"><img fetchpriority=\"high\" decoding=\"async\" class=\"size-full wp-image-25130 aligncenter\" src=\"https:\/\/mekulo.com\/template\/wp-content\/uploads\/sites\/6\/2026\/02\/3-10.jpeg\" alt=\"\" width=\"800\" height=\"800\" \/><\/p>\n<h2 style=\"text-align: center\" data-start=\"347\" data-end=\"368\"><strong>Hovedfordeler \ud83c\udf38<\/strong><\/h2>\n<p data-start=\"372\" data-end=\"422\">\u2728 I\u00f8ynefallende glans &#8211; Glitrende rhinestones.<\/p>\n<p data-start=\"425\" data-end=\"472\">\ud83c\udf38 Blomstret retrodesign &#8211; Vintage eleganse.<\/p>\n<p data-start=\"475\" data-end=\"518\">\ud83e\udd0d Perle aksenter &#8211; Mykt, klassisk utseende.<\/p>\n<p data-start=\"521\" data-end=\"568\">\ud83d\udc42 Lett f\u00f8lelse &#8211; Komfortabel \u00e5 ha p\u00e5.<\/p>\n<p data-start=\"521\" data-end=\"568\">\ud83d\udc8e Legering av h\u00f8y kvalitet &#8211; Slitesterk og stilig.<\/p>\n<p data-start=\"623\" data-end=\"674\">\ud83d\udc57 Allsidig tilbeh\u00f8r &#8211; Matcher mange antrekk.<\/p>\n<p data-start=\"677\" data-end=\"730\">\ud83c\udf81 Vakkert gavevalg &#8211; Ideell for kj\u00e6re.<\/p>\n<p data-start=\"677\" data-end=\"730\"><img decoding=\"async\" class=\"size-full wp-image-25127 aligncenter\" src=\"https:\/\/mekulo.com\/template\/wp-content\/uploads\/sites\/6\/2026\/02\/c3e6f1c7-fde2-4291-9058-ebe8d90b47c0.webp\" alt=\"\" width=\"800\" height=\"858\" \/><\/p>\n<h2 style=\"text-align: center\" data-start=\"737\" data-end=\"755\"><strong>Hvordan Du Bruker \ud83d\udccc<\/strong><\/h2>\n<ol data-start=\"757\" data-end=\"908\">\n<li data-start=\"757\" data-end=\"805\">\n<p data-start=\"760\" data-end=\"805\">Sett \u00f8reringspinnen i piercing.<\/p>\n<\/li>\n<li data-start=\"806\" data-end=\"840\">\n<p data-start=\"809\" data-end=\"840\">Fest med bakluken.<\/p>\n<\/li>\n<li data-start=\"841\" data-end=\"881\">\n<p data-start=\"844\" data-end=\"881\">Par med formelle eller uformelle antrekk.<\/p>\n<\/li>\n<li data-start=\"882\" data-end=\"908\">\n<p data-start=\"885\" data-end=\"908\">Oppbevares trygt etter bruk.<\/p>\n<\/li>\n<\/ol>\n<h2 style=\"text-align: center\" data-start=\"915\" data-end=\"938\"><strong>Produktdetaljer \ud83d\udccf<\/strong><\/h2>\n<ul data-start=\"940\" data-end=\"1212\">\n<li data-start=\"991\" data-end=\"1027\">\n<p data-start=\"993\" data-end=\"1027\">Materiale: Legering av h\u00f8y kvalitet<\/p>\n<\/li>\n<li data-start=\"1028\" data-end=\"1074\">\n<p data-start=\"1030\" data-end=\"1074\">Dekorasjoner: Falske perler &amp; rhinestones<\/p>\n<\/li>\n<li data-start=\"1075\" data-end=\"1114\">\n<p data-start=\"1077\" data-end=\"1114\">Style: Blomster \/ Retro \/ Elegant<\/p>\n<\/li>\n<li data-start=\"1115\" data-end=\"1160\">\n<p data-start=\"1117\" data-end=\"1160\">Vekt: Lett for daglig komfort<\/p>\n<\/li>\n<li data-start=\"1161\" data-end=\"1212\">\n<p data-start=\"1163\" data-end=\"1212\">Occasions: Bryllup, fester, skoleball, arrangementer<\/p>\n<\/li>\n<li data-start=\"1161\" data-end=\"1212\">St\u00f8rrelse: 3 x 2,3 cm<\/li>\n<\/ul>\n<h2 style=\"text-align: center\" data-start=\"1219\" data-end=\"1243\"><strong>Pakken Inkluderer \ud83d\udce6<\/strong><\/h2>\n<ul data-start=\"1245\" data-end=\"1286\">\n<li data-start=\"1245\" data-end=\"1286\">\n<p data-start=\"1247\" data-end=\"1286\">1x par elegante blomsterretro\u00f8reringer.<\/p>\n<\/li>\n<\/ul>\n","protected":false},"excerpt":{"rendered":"<p>\ud83d\udcaeDisse elegante retro-\u00f8reringene med blomstermotiv kombinerer glitrende rhinestones, myke imitasjonsperler og et vintageinspirert blomsterm\u00f8nster.<br \/>\n\ud83d\udc57De er perfekte for spesielle anledninger eller for \u00e5 l\u00f8fte hverdagsstilen.<br \/>\n\ud83c\udf80Lettvektskonstruksjonen gj\u00f8r dem komfortable hele dagen.<\/p>\n","protected":false},"featured_media":23487,"comment_status":"open","ping_status":"closed","template":"","meta":{"site-sidebar-layout":"default","site-content-layout":"","ast-site-content-layout":"default","site-content-style":"default","site-sidebar-style":"default","ast-global-header-display":"","ast-banner-title-visibility":"","ast-main-header-display":"","ast-hfb-above-header-display":"","ast-hfb-below-header-display":"","ast-hfb-mobile-header-display":"","site-post-title":"","ast-breadcrumbs-content":"","ast-featured-img":"","footer-sml-layout":"","theme-transparent-header-meta":"default","adv-header-id-meta":"","stick-header-meta":"","header-above-stick-meta":"","header-main-stick-meta":"","header-below-stick-meta":"","astra-migrate-meta-layouts":"set","ast-page-background-enabled":"default","ast-page-background-meta":{"desktop":{"background-color":"var(--ast-global-color-5)","background-image":"","background-repeat":"repeat","background-position":"center center","background-size":"auto","background-attachment":"scroll","background-type":"","background-media":"","overlay-type":"","overlay-color":"","overlay-opacity":"","overlay-gradient":""},"tablet":{"background-color":"","background-image":"","background-repeat":"repeat","background-position":"center center","background-size":"auto","background-attachment":"scroll","background-type":"","background-media":"","overlay-type":"","overlay-color":"","overlay-opacity":"","overlay-gradient":""},"mobile":{"background-color":"","background-image":"","background-repeat":"repeat","background-position":"center center","background-size":"auto","background-attachment":"scroll","background-type":"","background-media":"","overlay-type":"","overlay-color":"","overlay-opacity":"","overlay-gradient":""}},"ast-content-background-meta":{"desktop":{"background-color":"var(--ast-global-color-4)","background-image":"","background-repeat":"repeat","background-position":"center center","background-size":"auto","background-attachment":"scroll","background-type":"","background-media":"","overlay-type":"","overlay-color":"","overlay-opacity":"","overlay-gradient":""},"tablet":{"background-color":"var(--ast-global-color-4)","background-image":"","background-repeat":"repeat","background-position":"center center","background-size":"auto","background-attachment":"scroll","background-type":"","background-media":"","overlay-type":"","overlay-color":"","overlay-opacity":"","overlay-gradient":""},"mobile":{"background-color":"var(--ast-global-color-4)","background-image":"","background-repeat":"repeat","background-position":"center center","background-size":"auto","background-attachment":"scroll","background-type":"","background-media":"","overlay-type":"","overlay-color":"","overlay-opacity":"","overlay-gradient":""}}},"product_brand":[],"product_cat":[165],"product_tag":[],"class_list":{"0":"post-23491","1":"product","2":"type-product","3":"status-publish","4":"has-post-thumbnail","6":"product_cat-fottoy-tilbehor","7":"pa_60038_xqkwlyh1-gronn","8":"pa_60038_xqkwlyh1-gull","9":"pa_60038_xqkwlyh1-rosa","10":"desktop-align-left","11":"tablet-align-left","12":"mobile-align-left","14":"first","15":"instock","16":"shipping-taxable","17":"purchasable","18":"product-type-variable"},"yoast_head":"<!-- This site is optimized with the Yoast SEO plugin v26.6 - https:\/\/yoast.com\/wordpress\/plugins\/seo\/ -->\n<title>Elegante, blomstrete retro-\u00f8reringer - Mekulo NO<\/title>\n<meta name=\"robots\" content=\"index, follow, max-snippet:-1, max-image-preview:large, max-video-preview:-1\" \/>\n<link rel=\"canonical\" href=\"https:\/\/mekulo.com\/no\/produkt\/elegante-blomstrete-retro-oreringer\/\" \/>\n<meta property=\"og:locale\" content=\"nb_NO\" \/>\n<meta property=\"og:type\" content=\"article\" \/>\n<meta property=\"og:title\" content=\"Elegante, blomstrete retro-\u00f8reringer - Mekulo NO\" \/>\n<meta property=\"og:description\" content=\"\ud83d\udcaeDisse elegante retro-\u00f8reringene med blomstermotiv kombinerer glitrende rhinestones, myke imitasjonsperler og et vintageinspirert blomsterm\u00f8nster. \ud83d\udc57De er perfekte for spesielle anledninger eller for \u00e5 l\u00f8fte hverdagsstilen. \ud83c\udf80Lettvektskonstruksjonen gj\u00f8r dem komfortable hele dagen.\" \/>\n<meta property=\"og:url\" content=\"https:\/\/mekulo.com\/no\/produkt\/elegante-blomstrete-retro-oreringer\/\" \/>\n<meta property=\"og:site_name\" content=\"Mekulo NO\" \/>\n<meta property=\"article:modified_time\" content=\"2026-03-02T10:23:56+00:00\" \/>\n<meta property=\"og:image\" content=\"https:\/\/mekulo.com\/no\/wp-content\/uploads\/sites\/10\/2026\/02\/6cfbswv-1.jpeg\" \/>\n\t<meta property=\"og:image:width\" content=\"800\" \/>\n\t<meta property=\"og:image:height\" content=\"800\" \/>\n\t<meta property=\"og:image:type\" content=\"image\/jpeg\" \/>\n<meta name=\"twitter:card\" content=\"summary_large_image\" \/>\n<meta name=\"twitter:label1\" content=\"Ansl. lesetid\" \/>\n\t<meta name=\"twitter:data1\" content=\"2 minutter\" \/>\n<script type=\"application\/ld+json\" class=\"yoast-schema-graph\">{\"@context\":\"https:\/\/schema.org\",\"@graph\":[{\"@type\":\"WebPage\",\"@id\":\"https:\/\/mekulo.com\/no\/produkt\/elegante-blomstrete-retro-oreringer\/\",\"url\":\"https:\/\/mekulo.com\/no\/produkt\/elegante-blomstrete-retro-oreringer\/\",\"name\":\"Elegante, blomstrete retro-\u00f8reringer - Mekulo NO\",\"isPartOf\":{\"@id\":\"https:\/\/mekulo.com\/no\/#website\"},\"primaryImageOfPage\":{\"@id\":\"https:\/\/mekulo.com\/no\/produkt\/elegante-blomstrete-retro-oreringer\/#primaryimage\"},\"image\":{\"@id\":\"https:\/\/mekulo.com\/no\/produkt\/elegante-blomstrete-retro-oreringer\/#primaryimage\"},\"thumbnailUrl\":\"https:\/\/mekulo.com\/no\/wp-content\/uploads\/sites\/10\/2026\/02\/6cfbswv-1.jpeg\",\"datePublished\":\"2026-02-17T05:30:55+00:00\",\"dateModified\":\"2026-03-02T10:23:56+00:00\",\"breadcrumb\":{\"@id\":\"https:\/\/mekulo.com\/no\/produkt\/elegante-blomstrete-retro-oreringer\/#breadcrumb\"},\"inLanguage\":\"nb-NO\",\"potentialAction\":[{\"@type\":\"ReadAction\",\"target\":[\"https:\/\/mekulo.com\/no\/produkt\/elegante-blomstrete-retro-oreringer\/\"]}]},{\"@type\":\"ImageObject\",\"inLanguage\":\"nb-NO\",\"@id\":\"https:\/\/mekulo.com\/no\/produkt\/elegante-blomstrete-retro-oreringer\/#primaryimage\",\"url\":\"https:\/\/mekulo.com\/no\/wp-content\/uploads\/sites\/10\/2026\/02\/6cfbswv-1.jpeg\",\"contentUrl\":\"https:\/\/mekulo.com\/no\/wp-content\/uploads\/sites\/10\/2026\/02\/6cfbswv-1.jpeg\",\"width\":800,\"height\":800},{\"@type\":\"BreadcrumbList\",\"@id\":\"https:\/\/mekulo.com\/no\/produkt\/elegante-blomstrete-retro-oreringer\/#breadcrumb\",\"itemListElement\":[{\"@type\":\"ListItem\",\"position\":1,\"name\":\"Home\",\"item\":\"https:\/\/mekulo.com\/no\/\"},{\"@type\":\"ListItem\",\"position\":2,\"name\":\"Butikk\",\"item\":\"https:\/\/mekulo.com\/no\/butikk\/\"},{\"@type\":\"ListItem\",\"position\":3,\"name\":\"Elegante, blomstrete retro-\u00f8reringer\"}]},{\"@type\":\"WebSite\",\"@id\":\"https:\/\/mekulo.com\/no\/#website\",\"url\":\"https:\/\/mekulo.com\/no\/\",\"name\":\"Mekulo NO\",\"description\":\"\",\"publisher\":{\"@id\":\"https:\/\/mekulo.com\/no\/#organization\"},\"potentialAction\":[{\"@type\":\"SearchAction\",\"target\":{\"@type\":\"EntryPoint\",\"urlTemplate\":\"https:\/\/mekulo.com\/no\/?s={search_term_string}\"},\"query-input\":{\"@type\":\"PropertyValueSpecification\",\"valueRequired\":true,\"valueName\":\"search_term_string\"}}],\"inLanguage\":\"nb-NO\"},{\"@type\":\"Organization\",\"@id\":\"https:\/\/mekulo.com\/no\/#organization\",\"name\":\"Mekulo\",\"url\":\"https:\/\/mekulo.com\/no\/\",\"logo\":{\"@type\":\"ImageObject\",\"inLanguage\":\"nb-NO\",\"@id\":\"https:\/\/mekulo.com\/no\/#\/schema\/logo\/image\/\",\"url\":\"https:\/\/mekulo.com\/no\/wp-content\/uploads\/sites\/10\/2025\/12\/favicon_mekulo.png\",\"contentUrl\":\"https:\/\/mekulo.com\/no\/wp-content\/uploads\/sites\/10\/2025\/12\/favicon_mekulo.png\",\"width\":50,\"height\":50,\"caption\":\"Mekulo\"},\"image\":{\"@id\":\"https:\/\/mekulo.com\/no\/#\/schema\/logo\/image\/\"}}]}<\/script>\n<!-- \/ Yoast SEO plugin. -->","yoast_head_json":{"title":"Elegante, blomstrete retro-\u00f8reringer - Mekulo NO","robots":{"index":"index","follow":"follow","max-snippet":"max-snippet:-1","max-image-preview":"max-image-preview:large","max-video-preview":"max-video-preview:-1"},"canonical":"https:\/\/mekulo.com\/no\/produkt\/elegante-blomstrete-retro-oreringer\/","og_locale":"nb_NO","og_type":"article","og_title":"Elegante, blomstrete retro-\u00f8reringer - Mekulo NO","og_description":"\ud83d\udcaeDisse elegante retro-\u00f8reringene med blomstermotiv kombinerer glitrende rhinestones, myke imitasjonsperler og et vintageinspirert blomsterm\u00f8nster. \ud83d\udc57De er perfekte for spesielle anledninger eller for \u00e5 l\u00f8fte hverdagsstilen. \ud83c\udf80Lettvektskonstruksjonen gj\u00f8r dem komfortable hele dagen.","og_url":"https:\/\/mekulo.com\/no\/produkt\/elegante-blomstrete-retro-oreringer\/","og_site_name":"Mekulo NO","article_modified_time":"2026-03-02T10:23:56+00:00","og_image":[{"width":800,"height":800,"url":"https:\/\/mekulo.com\/no\/wp-content\/uploads\/sites\/10\/2026\/02\/6cfbswv-1.jpeg","type":"image\/jpeg"}],"twitter_card":"summary_large_image","twitter_misc":{"Ansl. lesetid":"2 minutter"},"schema":{"@context":"https:\/\/schema.org","@graph":[{"@type":"WebPage","@id":"https:\/\/mekulo.com\/no\/produkt\/elegante-blomstrete-retro-oreringer\/","url":"https:\/\/mekulo.com\/no\/produkt\/elegante-blomstrete-retro-oreringer\/","name":"Elegante, blomstrete retro-\u00f8reringer - Mekulo NO","isPartOf":{"@id":"https:\/\/mekulo.com\/no\/#website"},"primaryImageOfPage":{"@id":"https:\/\/mekulo.com\/no\/produkt\/elegante-blomstrete-retro-oreringer\/#primaryimage"},"image":{"@id":"https:\/\/mekulo.com\/no\/produkt\/elegante-blomstrete-retro-oreringer\/#primaryimage"},"thumbnailUrl":"https:\/\/mekulo.com\/no\/wp-content\/uploads\/sites\/10\/2026\/02\/6cfbswv-1.jpeg","datePublished":"2026-02-17T05:30:55+00:00","dateModified":"2026-03-02T10:23:56+00:00","breadcrumb":{"@id":"https:\/\/mekulo.com\/no\/produkt\/elegante-blomstrete-retro-oreringer\/#breadcrumb"},"inLanguage":"nb-NO","potentialAction":[{"@type":"ReadAction","target":["https:\/\/mekulo.com\/no\/produkt\/elegante-blomstrete-retro-oreringer\/"]}]},{"@type":"ImageObject","inLanguage":"nb-NO","@id":"https:\/\/mekulo.com\/no\/produkt\/elegante-blomstrete-retro-oreringer\/#primaryimage","url":"https:\/\/mekulo.com\/no\/wp-content\/uploads\/sites\/10\/2026\/02\/6cfbswv-1.jpeg","contentUrl":"https:\/\/mekulo.com\/no\/wp-content\/uploads\/sites\/10\/2026\/02\/6cfbswv-1.jpeg","width":800,"height":800},{"@type":"BreadcrumbList","@id":"https:\/\/mekulo.com\/no\/produkt\/elegante-blomstrete-retro-oreringer\/#breadcrumb","itemListElement":[{"@type":"ListItem","position":1,"name":"Home","item":"https:\/\/mekulo.com\/no\/"},{"@type":"ListItem","position":2,"name":"Butikk","item":"https:\/\/mekulo.com\/no\/butikk\/"},{"@type":"ListItem","position":3,"name":"Elegante, blomstrete retro-\u00f8reringer"}]},{"@type":"WebSite","@id":"https:\/\/mekulo.com\/no\/#website","url":"https:\/\/mekulo.com\/no\/","name":"Mekulo NO","description":"","publisher":{"@id":"https:\/\/mekulo.com\/no\/#organization"},"potentialAction":[{"@type":"SearchAction","target":{"@type":"EntryPoint","urlTemplate":"https:\/\/mekulo.com\/no\/?s={search_term_string}"},"query-input":{"@type":"PropertyValueSpecification","valueRequired":true,"valueName":"search_term_string"}}],"inLanguage":"nb-NO"},{"@type":"Organization","@id":"https:\/\/mekulo.com\/no\/#organization","name":"Mekulo","url":"https:\/\/mekulo.com\/no\/","logo":{"@type":"ImageObject","inLanguage":"nb-NO","@id":"https:\/\/mekulo.com\/no\/#\/schema\/logo\/image\/","url":"https:\/\/mekulo.com\/no\/wp-content\/uploads\/sites\/10\/2025\/12\/favicon_mekulo.png","contentUrl":"https:\/\/mekulo.com\/no\/wp-content\/uploads\/sites\/10\/2025\/12\/favicon_mekulo.png","width":50,"height":50,"caption":"Mekulo"},"image":{"@id":"https:\/\/mekulo.com\/no\/#\/schema\/logo\/image\/"}}]}},"_links":{"self":[{"href":"https:\/\/mekulo.com\/no\/wp-json\/wp\/v2\/product\/23491","targetHints":{"allow":["GET"]}}],"collection":[{"href":"https:\/\/mekulo.com\/no\/wp-json\/wp\/v2\/product"}],"about":[{"href":"https:\/\/mekulo.com\/no\/wp-json\/wp\/v2\/types\/product"}],"replies":[{"embeddable":true,"href":"https:\/\/mekulo.com\/no\/wp-json\/wp\/v2\/comments?post=23491"}],"wp:featuredmedia":[{"embeddable":true,"href":"https:\/\/mekulo.com\/no\/wp-json\/wp\/v2\/media\/23487"}],"wp:attachment":[{"href":"https:\/\/mekulo.com\/no\/wp-json\/wp\/v2\/media?parent=23491"}],"wp:term":[{"taxonomy":"product_brand","embeddable":true,"href":"https:\/\/mekulo.com\/no\/wp-json\/wp\/v2\/product_brand?post=23491"},{"taxonomy":"product_cat","embeddable":true,"href":"https:\/\/mekulo.com\/no\/wp-json\/wp\/v2\/product_cat?post=23491"},{"taxonomy":"product_tag","embeddable":true,"href":"https:\/\/mekulo.com\/no\/wp-json\/wp\/v2\/product_tag?post=23491"}],"curies":[{"name":"wp","href":"https:\/\/api.w.org\/{rel}","templated":true}]}}