{"id":23459,"date":"2026-02-17T07:28:26","date_gmt":"2026-02-17T05:28:26","guid":{"rendered":"https:\/\/mekulo.com\/no\/produkt\/utvendig-fasingsverktoy-2-stk\/"},"modified":"2026-02-17T07:28:35","modified_gmt":"2026-02-17T05:28:35","slug":"utvendig-fasingsverktoy-2-stk","status":"publish","type":"product","link":"https:\/\/mekulo.com\/no\/produkt\/utvendig-fasingsverktoy-2-stk\/","title":{"rendered":"Utvendig fasingsverkt\u00f8y (2 stk)"},"content":{"rendered":"<p style=\"text-align: center\" data-start=\"0\" data-end=\"52\"><strong data-start=\"0\" data-end=\"52\">Skaper Glatt, Rene Kanter P\u00e5 Metall P\u00e5 F\u00e5 Sekunder. \ud83d\udd29<\/strong><\/p>\n<p data-start=\"0\" data-end=\"52\"><img fetchpriority=\"high\" decoding=\"async\" class=\"size-full wp-image-25106 aligncenter\" src=\"https:\/\/mekulo.com\/template\/wp-content\/uploads\/sites\/6\/2026\/02\/S4da8f937391e4fbc98172463248dd2ad7.jpg_960x960q75.jpg_.avif\" alt=\"\" width=\"960\" height=\"960\" \/><\/p>\n<h2 style=\"text-align: center\" data-start=\"274\" data-end=\"295\">Hovedfordeler \ud83d\udd27<\/h2>\n<p data-start=\"299\" data-end=\"353\">\ud83d\udd27 Avgrater og faser &#8211; Rene profesjonelle kanter.<\/p>\n<p data-start=\"356\" data-end=\"409\">\u26a1 H\u00f8yhastighetsst\u00e5l &#8211; Slitesterkt og varmebestandig.<\/p>\n<p data-start=\"412\" data-end=\"468\">\ud83c\udfaf Presisjonsskj\u00e6ring &#8211; Jevne og n\u00f8yaktige resultater.<\/p>\n<p data-start=\"471\" data-end=\"523\">\ud83d\udd3a Trekantskaft &#8211; Sikker, sklisikker boretilpasning.<\/p>\n<p data-start=\"526\" data-end=\"577\">\ud83d\udee1\ufe0f Slitesterk &#8211; Langvarig ytelse.<\/p>\n<p data-start=\"580\" data-end=\"639\">\ud83d\udd29 Bredt bruksomr\u00e5de &#8211; Bolter, stenger, r\u00f8r, metalldeler.<\/p>\n<p data-start=\"642\" data-end=\"698\">\ud83d\udd0c Kompatibel med bor &#8211; Fungerer med de fleste bormaskiner.<\/p>\n<p data-start=\"642\" data-end=\"698\"><img decoding=\"async\" class=\"size-full wp-image-25107 aligncenter\" src=\"https:\/\/mekulo.com\/template\/wp-content\/uploads\/sites\/6\/2026\/02\/S59ca927fd6c24177a9f0f323cffa085dJ.jpg_960x960q75.jpg_.avif\" alt=\"\" width=\"960\" height=\"960\" \/><\/p>\n<h2 style=\"text-align: center\" data-start=\"705\" data-end=\"723\">Hvordan Bruke \ud83d\udccc<\/h2>\n<ol data-start=\"725\" data-end=\"910\">\n<li data-start=\"725\" data-end=\"768\">\n<p data-start=\"728\" data-end=\"768\">Sett verkt\u00f8yet inn i borepatronen.<\/p>\n<\/li>\n<li data-start=\"769\" data-end=\"791\">\n<p data-start=\"772\" data-end=\"791\">Stram godt til.<\/p>\n<\/li>\n<li data-start=\"792\" data-end=\"834\">\n<p data-start=\"795\" data-end=\"834\">Plasser verkt\u00f8yet over kanten eller bolten.<\/p>\n<\/li>\n<li data-start=\"835\" data-end=\"872\">\n<p data-start=\"838\" data-end=\"872\">Kj\u00f8r boret med moderat hastighet.<\/p>\n<\/li>\n<li data-start=\"873\" data-end=\"910\">\n<p data-start=\"876\" data-end=\"910\">Bruk lett trykk til det er glatt.<\/p>\n<\/li>\n<\/ol>\n<h2 style=\"text-align: center\" data-start=\"917\" data-end=\"940\">Produktdetaljer \ud83d\udccf<\/h2>\n<ul data-start=\"942\" data-end=\"1212\">\n<li data-start=\"987\" data-end=\"1027\">\n<p data-start=\"989\" data-end=\"1027\">Materiale: H\u00f8yhastighetsst\u00e5l (HSS)<\/p>\n<\/li>\n<li data-start=\"1028\" data-end=\"1062\">\n<p data-start=\"1030\" data-end=\"1062\">Skafttype: Trekantskaft<\/p>\n<\/li>\n<li data-start=\"1063\" data-end=\"1103\">\n<p data-start=\"1065\" data-end=\"1103\">Funksjon: Avgrading og avfasing<\/p>\n<\/li>\n<li data-start=\"1104\" data-end=\"1152\">\n<p data-start=\"1106\" data-end=\"1152\">Kompatibilitet: Passer til de fleste standardbor<\/p>\n<\/li>\n<li data-start=\"1153\" data-end=\"1212\">\n<p data-start=\"1155\" data-end=\"1212\">Bruk p\u00e5: Rustfritt st\u00e5l, aluminium og andre metaller<\/p>\n<\/li>\n<li data-start=\"1153\" data-end=\"1212\">St\u00f8rrelse: 33 x 28 x 7 mm<\/li>\n<\/ul>\n<h2 style=\"text-align: center\" data-start=\"1219\" data-end=\"1243\">Pakken Inkluderer \ud83d\udce6<\/h2>\n<ul data-start=\"1245\" data-end=\"1275\">\n<li data-start=\"1245\" data-end=\"1275\">\n<p data-start=\"1247\" data-end=\"1275\">2x utvendige fasingsverkt\u00f8y.<\/p>\n<\/li>\n<\/ul>\n","protected":false},"excerpt":{"rendered":"<p>\ud83d\udd29Dette utvendige fasingsverkt\u00f8yet hjelper deg med \u00e5 fjerne grader og legge til presise avfasinger ved hjelp av en standard bormaskin.<br \/>\n\ud83e\uddf0Det forbedrer sikkerheten, passformen og finishen p\u00e5 bolter, stenger og r\u00f8r.<br \/>\n\ud83d\udc69\u200d\ud83d\udd27Perfect for verksteder, reparasjoner og gj\u00f8r-det-selv-prosjekter. Et enkelt verkt\u00f8y for sikrere h\u00e5ndtering og renere metallfinish.<\/p>\n","protected":false},"featured_media":23455,"comment_status":"open","ping_status":"closed","template":"","meta":{"site-sidebar-layout":"default","site-content-layout":"","ast-site-content-layout":"default","site-content-style":"default","site-sidebar-style":"default","ast-global-header-display":"","ast-banner-title-visibility":"","ast-main-header-display":"","ast-hfb-above-header-display":"","ast-hfb-below-header-display":"","ast-hfb-mobile-header-display":"","site-post-title":"","ast-breadcrumbs-content":"","ast-featured-img":"","footer-sml-layout":"","theme-transparent-header-meta":"default","adv-header-id-meta":"","stick-header-meta":"","header-above-stick-meta":"","header-main-stick-meta":"","header-below-stick-meta":"","astra-migrate-meta-layouts":"set","ast-page-background-enabled":"default","ast-page-background-meta":{"desktop":{"background-color":"var(--ast-global-color-5)","background-image":"","background-repeat":"repeat","background-position":"center center","background-size":"auto","background-attachment":"scroll","background-type":"","background-media":"","overlay-type":"","overlay-color":"","overlay-opacity":"","overlay-gradient":""},"tablet":{"background-color":"","background-image":"","background-repeat":"repeat","background-position":"center center","background-size":"auto","background-attachment":"scroll","background-type":"","background-media":"","overlay-type":"","overlay-color":"","overlay-opacity":"","overlay-gradient":""},"mobile":{"background-color":"","background-image":"","background-repeat":"repeat","background-position":"center center","background-size":"auto","background-attachment":"scroll","background-type":"","background-media":"","overlay-type":"","overlay-color":"","overlay-opacity":"","overlay-gradient":""}},"ast-content-background-meta":{"desktop":{"background-color":"var(--ast-global-color-4)","background-image":"","background-repeat":"repeat","background-position":"center center","background-size":"auto","background-attachment":"scroll","background-type":"","background-media":"","overlay-type":"","overlay-color":"","overlay-opacity":"","overlay-gradient":""},"tablet":{"background-color":"var(--ast-global-color-4)","background-image":"","background-repeat":"repeat","background-position":"center center","background-size":"auto","background-attachment":"scroll","background-type":"","background-media":"","overlay-type":"","overlay-color":"","overlay-opacity":"","overlay-gradient":""},"mobile":{"background-color":"var(--ast-global-color-4)","background-image":"","background-repeat":"repeat","background-position":"center center","background-size":"auto","background-attachment":"scroll","background-type":"","background-media":"","overlay-type":"","overlay-color":"","overlay-opacity":"","overlay-gradient":""}}},"product_brand":[],"product_cat":[171],"product_tag":[],"class_list":{"0":"post-23459","1":"product","2":"type-product","3":"status-publish","4":"has-post-thumbnail","6":"product_cat-verktoy","7":"pa_60028_l953zza3-gull","8":"pa_60028_l953zza3-solv","9":"pa_60028_l953zza3-svart","10":"desktop-align-left","11":"tablet-align-left","12":"mobile-align-left","14":"first","15":"instock","16":"shipping-taxable","17":"purchasable","18":"product-type-variable"},"yoast_head":"<!-- This site is optimized with the Yoast SEO plugin v26.6 - https:\/\/yoast.com\/wordpress\/plugins\/seo\/ -->\n<title>Utvendig fasingsverkt\u00f8y (2 stk) - Mekulo NO<\/title>\n<meta name=\"robots\" content=\"index, follow, max-snippet:-1, max-image-preview:large, max-video-preview:-1\" \/>\n<link rel=\"canonical\" href=\"https:\/\/mekulo.com\/no\/produkt\/utvendig-fasingsverktoy-2-stk\/\" \/>\n<meta property=\"og:locale\" content=\"nb_NO\" \/>\n<meta property=\"og:type\" content=\"article\" \/>\n<meta property=\"og:title\" content=\"Utvendig fasingsverkt\u00f8y (2 stk) - Mekulo NO\" \/>\n<meta property=\"og:description\" content=\"\ud83d\udd29Dette utvendige fasingsverkt\u00f8yet hjelper deg med \u00e5 fjerne grader og legge til presise avfasinger ved hjelp av en standard bormaskin. \ud83e\uddf0Det forbedrer sikkerheten, passformen og finishen p\u00e5 bolter, stenger og r\u00f8r. \ud83d\udc69\u200d\ud83d\udd27Perfect for verksteder, reparasjoner og gj\u00f8r-det-selv-prosjekter. Et enkelt verkt\u00f8y for sikrere h\u00e5ndtering og renere metallfinish.\" \/>\n<meta property=\"og:url\" content=\"https:\/\/mekulo.com\/no\/produkt\/utvendig-fasingsverktoy-2-stk\/\" \/>\n<meta property=\"og:site_name\" content=\"Mekulo NO\" \/>\n<meta property=\"article:modified_time\" content=\"2026-02-17T05:28:35+00:00\" \/>\n<meta property=\"og:image\" content=\"https:\/\/mekulo.com\/no\/wp-content\/uploads\/sites\/10\/2026\/02\/b23qdl0-1.jpg\" \/>\n\t<meta property=\"og:image:width\" content=\"960\" \/>\n\t<meta property=\"og:image:height\" content=\"960\" \/>\n\t<meta property=\"og:image:type\" content=\"image\/jpeg\" \/>\n<meta name=\"twitter:card\" content=\"summary_large_image\" \/>\n<meta name=\"twitter:label1\" content=\"Ansl. lesetid\" \/>\n\t<meta name=\"twitter:data1\" content=\"2 minutter\" \/>\n<script type=\"application\/ld+json\" class=\"yoast-schema-graph\">{\"@context\":\"https:\/\/schema.org\",\"@graph\":[{\"@type\":\"WebPage\",\"@id\":\"https:\/\/mekulo.com\/no\/produkt\/utvendig-fasingsverktoy-2-stk\/\",\"url\":\"https:\/\/mekulo.com\/no\/produkt\/utvendig-fasingsverktoy-2-stk\/\",\"name\":\"Utvendig fasingsverkt\u00f8y (2 stk) - Mekulo NO\",\"isPartOf\":{\"@id\":\"https:\/\/mekulo.com\/no\/#website\"},\"primaryImageOfPage\":{\"@id\":\"https:\/\/mekulo.com\/no\/produkt\/utvendig-fasingsverktoy-2-stk\/#primaryimage\"},\"image\":{\"@id\":\"https:\/\/mekulo.com\/no\/produkt\/utvendig-fasingsverktoy-2-stk\/#primaryimage\"},\"thumbnailUrl\":\"https:\/\/mekulo.com\/no\/wp-content\/uploads\/sites\/10\/2026\/02\/b23qdl0-1.jpg\",\"datePublished\":\"2026-02-17T05:28:26+00:00\",\"dateModified\":\"2026-02-17T05:28:35+00:00\",\"breadcrumb\":{\"@id\":\"https:\/\/mekulo.com\/no\/produkt\/utvendig-fasingsverktoy-2-stk\/#breadcrumb\"},\"inLanguage\":\"nb-NO\",\"potentialAction\":[{\"@type\":\"ReadAction\",\"target\":[\"https:\/\/mekulo.com\/no\/produkt\/utvendig-fasingsverktoy-2-stk\/\"]}]},{\"@type\":\"ImageObject\",\"inLanguage\":\"nb-NO\",\"@id\":\"https:\/\/mekulo.com\/no\/produkt\/utvendig-fasingsverktoy-2-stk\/#primaryimage\",\"url\":\"https:\/\/mekulo.com\/no\/wp-content\/uploads\/sites\/10\/2026\/02\/b23qdl0-1.jpg\",\"contentUrl\":\"https:\/\/mekulo.com\/no\/wp-content\/uploads\/sites\/10\/2026\/02\/b23qdl0-1.jpg\",\"width\":960,\"height\":960},{\"@type\":\"BreadcrumbList\",\"@id\":\"https:\/\/mekulo.com\/no\/produkt\/utvendig-fasingsverktoy-2-stk\/#breadcrumb\",\"itemListElement\":[{\"@type\":\"ListItem\",\"position\":1,\"name\":\"Home\",\"item\":\"https:\/\/mekulo.com\/no\/\"},{\"@type\":\"ListItem\",\"position\":2,\"name\":\"Butikk\",\"item\":\"https:\/\/mekulo.com\/no\/butikk\/\"},{\"@type\":\"ListItem\",\"position\":3,\"name\":\"Utvendig fasingsverkt\u00f8y (2 stk)\"}]},{\"@type\":\"WebSite\",\"@id\":\"https:\/\/mekulo.com\/no\/#website\",\"url\":\"https:\/\/mekulo.com\/no\/\",\"name\":\"Mekulo NO\",\"description\":\"\",\"publisher\":{\"@id\":\"https:\/\/mekulo.com\/no\/#organization\"},\"potentialAction\":[{\"@type\":\"SearchAction\",\"target\":{\"@type\":\"EntryPoint\",\"urlTemplate\":\"https:\/\/mekulo.com\/no\/?s={search_term_string}\"},\"query-input\":{\"@type\":\"PropertyValueSpecification\",\"valueRequired\":true,\"valueName\":\"search_term_string\"}}],\"inLanguage\":\"nb-NO\"},{\"@type\":\"Organization\",\"@id\":\"https:\/\/mekulo.com\/no\/#organization\",\"name\":\"Mekulo\",\"url\":\"https:\/\/mekulo.com\/no\/\",\"logo\":{\"@type\":\"ImageObject\",\"inLanguage\":\"nb-NO\",\"@id\":\"https:\/\/mekulo.com\/no\/#\/schema\/logo\/image\/\",\"url\":\"https:\/\/mekulo.com\/no\/wp-content\/uploads\/sites\/10\/2025\/12\/favicon_mekulo.png\",\"contentUrl\":\"https:\/\/mekulo.com\/no\/wp-content\/uploads\/sites\/10\/2025\/12\/favicon_mekulo.png\",\"width\":50,\"height\":50,\"caption\":\"Mekulo\"},\"image\":{\"@id\":\"https:\/\/mekulo.com\/no\/#\/schema\/logo\/image\/\"}}]}<\/script>\n<!-- \/ Yoast SEO plugin. -->","yoast_head_json":{"title":"Utvendig fasingsverkt\u00f8y (2 stk) - Mekulo NO","robots":{"index":"index","follow":"follow","max-snippet":"max-snippet:-1","max-image-preview":"max-image-preview:large","max-video-preview":"max-video-preview:-1"},"canonical":"https:\/\/mekulo.com\/no\/produkt\/utvendig-fasingsverktoy-2-stk\/","og_locale":"nb_NO","og_type":"article","og_title":"Utvendig fasingsverkt\u00f8y (2 stk) - Mekulo NO","og_description":"\ud83d\udd29Dette utvendige fasingsverkt\u00f8yet hjelper deg med \u00e5 fjerne grader og legge til presise avfasinger ved hjelp av en standard bormaskin. \ud83e\uddf0Det forbedrer sikkerheten, passformen og finishen p\u00e5 bolter, stenger og r\u00f8r. \ud83d\udc69\u200d\ud83d\udd27Perfect for verksteder, reparasjoner og gj\u00f8r-det-selv-prosjekter. Et enkelt verkt\u00f8y for sikrere h\u00e5ndtering og renere metallfinish.","og_url":"https:\/\/mekulo.com\/no\/produkt\/utvendig-fasingsverktoy-2-stk\/","og_site_name":"Mekulo NO","article_modified_time":"2026-02-17T05:28:35+00:00","og_image":[{"width":960,"height":960,"url":"https:\/\/mekulo.com\/no\/wp-content\/uploads\/sites\/10\/2026\/02\/b23qdl0-1.jpg","type":"image\/jpeg"}],"twitter_card":"summary_large_image","twitter_misc":{"Ansl. lesetid":"2 minutter"},"schema":{"@context":"https:\/\/schema.org","@graph":[{"@type":"WebPage","@id":"https:\/\/mekulo.com\/no\/produkt\/utvendig-fasingsverktoy-2-stk\/","url":"https:\/\/mekulo.com\/no\/produkt\/utvendig-fasingsverktoy-2-stk\/","name":"Utvendig fasingsverkt\u00f8y (2 stk) - Mekulo NO","isPartOf":{"@id":"https:\/\/mekulo.com\/no\/#website"},"primaryImageOfPage":{"@id":"https:\/\/mekulo.com\/no\/produkt\/utvendig-fasingsverktoy-2-stk\/#primaryimage"},"image":{"@id":"https:\/\/mekulo.com\/no\/produkt\/utvendig-fasingsverktoy-2-stk\/#primaryimage"},"thumbnailUrl":"https:\/\/mekulo.com\/no\/wp-content\/uploads\/sites\/10\/2026\/02\/b23qdl0-1.jpg","datePublished":"2026-02-17T05:28:26+00:00","dateModified":"2026-02-17T05:28:35+00:00","breadcrumb":{"@id":"https:\/\/mekulo.com\/no\/produkt\/utvendig-fasingsverktoy-2-stk\/#breadcrumb"},"inLanguage":"nb-NO","potentialAction":[{"@type":"ReadAction","target":["https:\/\/mekulo.com\/no\/produkt\/utvendig-fasingsverktoy-2-stk\/"]}]},{"@type":"ImageObject","inLanguage":"nb-NO","@id":"https:\/\/mekulo.com\/no\/produkt\/utvendig-fasingsverktoy-2-stk\/#primaryimage","url":"https:\/\/mekulo.com\/no\/wp-content\/uploads\/sites\/10\/2026\/02\/b23qdl0-1.jpg","contentUrl":"https:\/\/mekulo.com\/no\/wp-content\/uploads\/sites\/10\/2026\/02\/b23qdl0-1.jpg","width":960,"height":960},{"@type":"BreadcrumbList","@id":"https:\/\/mekulo.com\/no\/produkt\/utvendig-fasingsverktoy-2-stk\/#breadcrumb","itemListElement":[{"@type":"ListItem","position":1,"name":"Home","item":"https:\/\/mekulo.com\/no\/"},{"@type":"ListItem","position":2,"name":"Butikk","item":"https:\/\/mekulo.com\/no\/butikk\/"},{"@type":"ListItem","position":3,"name":"Utvendig fasingsverkt\u00f8y (2 stk)"}]},{"@type":"WebSite","@id":"https:\/\/mekulo.com\/no\/#website","url":"https:\/\/mekulo.com\/no\/","name":"Mekulo NO","description":"","publisher":{"@id":"https:\/\/mekulo.com\/no\/#organization"},"potentialAction":[{"@type":"SearchAction","target":{"@type":"EntryPoint","urlTemplate":"https:\/\/mekulo.com\/no\/?s={search_term_string}"},"query-input":{"@type":"PropertyValueSpecification","valueRequired":true,"valueName":"search_term_string"}}],"inLanguage":"nb-NO"},{"@type":"Organization","@id":"https:\/\/mekulo.com\/no\/#organization","name":"Mekulo","url":"https:\/\/mekulo.com\/no\/","logo":{"@type":"ImageObject","inLanguage":"nb-NO","@id":"https:\/\/mekulo.com\/no\/#\/schema\/logo\/image\/","url":"https:\/\/mekulo.com\/no\/wp-content\/uploads\/sites\/10\/2025\/12\/favicon_mekulo.png","contentUrl":"https:\/\/mekulo.com\/no\/wp-content\/uploads\/sites\/10\/2025\/12\/favicon_mekulo.png","width":50,"height":50,"caption":"Mekulo"},"image":{"@id":"https:\/\/mekulo.com\/no\/#\/schema\/logo\/image\/"}}]}},"_links":{"self":[{"href":"https:\/\/mekulo.com\/no\/wp-json\/wp\/v2\/product\/23459","targetHints":{"allow":["GET"]}}],"collection":[{"href":"https:\/\/mekulo.com\/no\/wp-json\/wp\/v2\/product"}],"about":[{"href":"https:\/\/mekulo.com\/no\/wp-json\/wp\/v2\/types\/product"}],"replies":[{"embeddable":true,"href":"https:\/\/mekulo.com\/no\/wp-json\/wp\/v2\/comments?post=23459"}],"wp:featuredmedia":[{"embeddable":true,"href":"https:\/\/mekulo.com\/no\/wp-json\/wp\/v2\/media\/23455"}],"wp:attachment":[{"href":"https:\/\/mekulo.com\/no\/wp-json\/wp\/v2\/media?parent=23459"}],"wp:term":[{"taxonomy":"product_brand","embeddable":true,"href":"https:\/\/mekulo.com\/no\/wp-json\/wp\/v2\/product_brand?post=23459"},{"taxonomy":"product_cat","embeddable":true,"href":"https:\/\/mekulo.com\/no\/wp-json\/wp\/v2\/product_cat?post=23459"},{"taxonomy":"product_tag","embeddable":true,"href":"https:\/\/mekulo.com\/no\/wp-json\/wp\/v2\/product_tag?post=23459"}],"curies":[{"name":"wp","href":"https:\/\/api.w.org\/{rel}","templated":true}]}}