{"id":23440,"date":"2026-02-17T07:27:08","date_gmt":"2026-02-17T05:27:08","guid":{"rendered":"https:\/\/mekulo.com\/no\/produkt\/beskyttelsesdrakt-for-bier\/"},"modified":"2026-02-17T09:08:29","modified_gmt":"2026-02-17T07:08:29","slug":"beskyttelsesdrakt-for-bier","status":"publish","type":"product","link":"https:\/\/mekulo.com\/no\/produkt\/beskyttelsesdrakt-for-bier\/","title":{"rendered":"Beskyttelsesdrakt for bier"},"content":{"rendered":"<p style=\"text-align: center\" data-start=\"0\" data-end=\"62\"><strong data-start=\"0\" data-end=\"62\">Helkroppsbeskyttelse som holder deg trygg mot bier. \ud83c\udf6f<\/strong><\/p>\n<p data-start=\"0\" data-end=\"62\"><img fetchpriority=\"high\" decoding=\"async\" class=\"size-full wp-image-25091 aligncenter\" src=\"https:\/\/mekulo.com\/template\/wp-content\/uploads\/sites\/6\/2026\/02\/S66ead53fb1dd47f481806848f595a3f10-1.png\" alt=\"\" width=\"964\" height=\"591\" \/><\/p>\n<h2 style=\"text-align: center\" data-start=\"318\" data-end=\"339\"><strong>Hovedfordeler \ud83d\udc1d<\/strong><\/h2>\n<p data-start=\"343\" data-end=\"389\">\ud83d\udc1d Fri for stikk og bier &#8211; Full kroppsdekning.<\/p>\n<p data-start=\"392\" data-end=\"444\">\ud83d\udd12 Sikker passform &#8211; Elastiske h\u00e5ndledd, midje og ankler.<\/p>\n<p data-start=\"447\" data-end=\"506\">\ud83e\uddf5 Tykt poly-bomullsstoff &#8211; Bedre stikkmotstand.<\/p>\n<p data-start=\"509\" data-end=\"564\">\ud83c\udf2c\ufe0f Pustende sl\u00f8r &#8211; Klart og ventilert syn.<\/p>\n<p data-start=\"567\" data-end=\"609\">\ud83e\udde2 Avtakbar hette \/ lue &#8211; Fleksibel bruk.<\/p>\n<p data-start=\"612\" data-end=\"669\">\ud83e\udde4 Profesjonelle hansker inkludert &#8211; Geiteskinn og lerret.<\/p>\n<p data-start=\"672\" data-end=\"717\">\ud83e\uddf0 3 store lommer &#8211; B\u00e6r verkt\u00f8y enkelt.<\/p>\n<p data-start=\"720\" data-end=\"770\">\ud83d\udc55 Beskytter innvendige kl\u00e6r &#8211; Holder dem rene.<\/p>\n<p data-start=\"773\" data-end=\"822\">\ud83e\uddfc Enkel \u00e5 rengj\u00f8re og oppbevare &#8211; Praktisk design.<\/p>\n<p data-start=\"825\" data-end=\"869\">\ud83d\udebb Unisex &#8211; Passer for menn og kvinner.<\/p>\n<h2 data-start=\"825\" data-end=\"869\"><\/h2>\n<h2 style=\"text-align: center\" data-start=\"825\" data-end=\"869\">St\u00f8rrelsestabell<\/h2>\n<table>\n<thead>\n<tr>\n<th>St\u00f8rrelse<\/th>\n<th>Total lengde<\/th>\n<th>Ermelengde<\/th>\n<th>Bryst<\/th>\n<th>Midje<\/th>\n<\/tr>\n<\/thead>\n<tbody>\n<tr>\n<td>XXL<\/td>\n<td>160 cm<\/td>\n<td>63 cm<\/td>\n<td>156 cm<\/td>\n<td>73 cm<\/td>\n<\/tr>\n<tr>\n<td>XL<\/td>\n<td>148 cm<\/td>\n<td>60 cm<\/td>\n<td>160 cm<\/td>\n<td>66 cm<\/td>\n<\/tr>\n<tr>\n<td>L<\/td>\n<td>140 cm<\/td>\n<td>60 cm<\/td>\n<td>154 cm<\/td>\n<td>65 cm<\/td>\n<\/tr>\n<\/tbody>\n<\/table>\n<h2 style=\"text-align: center\" data-start=\"876\" data-end=\"894\"><strong>Hvordan Bruke \ud83d\udccc<\/strong><\/h2>\n<ol data-start=\"896\" data-end=\"1133\">\n<li data-start=\"896\" data-end=\"934\">\n<p data-start=\"899\" data-end=\"934\">Ta p\u00e5 deg dressen og glidel\u00e5s den helt.<\/p>\n<\/li>\n<li data-start=\"935\" data-end=\"991\">\n<p data-start=\"938\" data-end=\"991\">s\u00f8rg for at elastiske mansjetter er tettsittende ved h\u00e5ndledd og ankler.<\/p>\n<\/li>\n<li data-start=\"992\" data-end=\"1035\">\n<p data-start=\"995\" data-end=\"1035\">fest og glidel\u00e5s hetten \/ sl\u00f8ret sikkert.<\/p>\n<\/li>\n<li data-start=\"1036\" data-end=\"1081\">\n<p data-start=\"1039\" data-end=\"1081\">bruk de medf\u00f8lgende hanskene over mansjettene.<\/p>\n<\/li>\n<li data-start=\"1082\" data-end=\"1133\">\n<p data-start=\"1085\" data-end=\"1133\">etter bruk, ta den forsiktig av og rengj\u00f8r om n\u00f8dvendig.<\/p>\n<\/li>\n<\/ol>\n<h2 style=\"text-align: center\" data-start=\"1140\" data-end=\"1163\"><strong>Produktdetaljer \ud83d\udce6<\/strong><\/h2>\n<ul data-start=\"1165\" data-end=\"1556\">\n<li data-start=\"1207\" data-end=\"1265\">\n<p data-start=\"1209\" data-end=\"1265\">Materiale: 65 % bomull \/ 35 % polyester (polybomull)<\/p>\n<\/li>\n<li data-start=\"1266\" data-end=\"1306\">\n<p data-start=\"1268\" data-end=\"1306\">Design: Helkroppsdrakt i ett stykke<\/p>\n<\/li>\n<li data-start=\"1307\" data-end=\"1350\">\n<p data-start=\"1309\" data-end=\"1350\">Hode: Avtakbar med glidel\u00e5slukking<\/p>\n<\/li>\n<li data-start=\"1351\" data-end=\"1403\">\n<p data-start=\"1353\" data-end=\"1403\">Tetninger: Elastiske h\u00e5ndledd, linning og ankler<\/p>\n<\/li>\n<li data-start=\"1404\" data-end=\"1444\">\n<p data-start=\"1406\" data-end=\"1444\">Lommer: 3 store oppbevaringslommer<\/p>\n<\/li>\n<li data-start=\"1445\" data-end=\"1498\">\n<p data-start=\"1447\" data-end=\"1498\">Inkluderte hansker: Mykt geiteskinn + tykt lerret<\/p>\n<\/li>\n<li data-start=\"1499\" data-end=\"1518\">\n<p data-start=\"1501\" data-end=\"1518\">Passform: Unisex<\/p>\n<\/li>\n<li data-start=\"1519\" data-end=\"1556\">\n<p data-start=\"1521\" data-end=\"1556\">Pleie: Enkel \u00e5 rengj\u00f8re og oppbevare<\/p>\n<\/li>\n<li data-start=\"1519\" data-end=\"1556\">St\u00f8rrelse: L (140 cm), XL (148 cm), XXL (160 cm)<\/li>\n<\/ul>\n<h2 style=\"text-align: center\" data-start=\"1563\" data-end=\"1587\"><strong>Pakken Inneholder \ud83d\udce6<\/strong><\/h2>\n<ul data-start=\"1589\" data-end=\"1647\">\n<li data-start=\"1589\" data-end=\"1616\">\n<p data-start=\"1591\" data-end=\"1616\">1x biebeskyttelsesdrakt<\/p>\n<\/li>\n<li data-start=\"1617\" data-end=\"1647\">\n<p data-start=\"1619\" data-end=\"1647\">1x par bir\u00f8kthansker.<\/p>\n<\/li>\n<\/ul>\n","protected":false},"excerpt":{"rendered":"<p>\ud83d\udc1dDenne biebeskyttelsesdrakten er designet for komfort, sikkerhet og enkel bevegelse under arbeid med bier.<br \/>\n\ud83d\udd74\ufe0fIts Design i ett stykke med elastiske tetninger og hette med glidel\u00e5s skaper en sikker barriere.<br \/>\n\ud83c\udf6fIdeal for bir\u00f8kting, inspeksjon av bikuber og honningh\u00f8sting. P\u00e5litelig beskyttelse og komfort for tryggere bir\u00f8kt.<\/p>\n","protected":false},"featured_media":23436,"comment_status":"open","ping_status":"closed","template":"","meta":{"site-sidebar-layout":"default","site-content-layout":"","ast-site-content-layout":"default","site-content-style":"default","site-sidebar-style":"default","ast-global-header-display":"","ast-banner-title-visibility":"","ast-main-header-display":"","ast-hfb-above-header-display":"","ast-hfb-below-header-display":"","ast-hfb-mobile-header-display":"","site-post-title":"","ast-breadcrumbs-content":"","ast-featured-img":"","footer-sml-layout":"","theme-transparent-header-meta":"default","adv-header-id-meta":"","stick-header-meta":"","header-above-stick-meta":"","header-main-stick-meta":"","header-below-stick-meta":"","astra-migrate-meta-layouts":"set","ast-page-background-enabled":"default","ast-page-background-meta":{"desktop":{"background-color":"var(--ast-global-color-5)","background-image":"","background-repeat":"repeat","background-position":"center center","background-size":"auto","background-attachment":"scroll","background-type":"","background-media":"","overlay-type":"","overlay-color":"","overlay-opacity":"","overlay-gradient":""},"tablet":{"background-color":"","background-image":"","background-repeat":"repeat","background-position":"center center","background-size":"auto","background-attachment":"scroll","background-type":"","background-media":"","overlay-type":"","overlay-color":"","overlay-opacity":"","overlay-gradient":""},"mobile":{"background-color":"","background-image":"","background-repeat":"repeat","background-position":"center center","background-size":"auto","background-attachment":"scroll","background-type":"","background-media":"","overlay-type":"","overlay-color":"","overlay-opacity":"","overlay-gradient":""}},"ast-content-background-meta":{"desktop":{"background-color":"var(--ast-global-color-4)","background-image":"","background-repeat":"repeat","background-position":"center center","background-size":"auto","background-attachment":"scroll","background-type":"","background-media":"","overlay-type":"","overlay-color":"","overlay-opacity":"","overlay-gradient":""},"tablet":{"background-color":"var(--ast-global-color-4)","background-image":"","background-repeat":"repeat","background-position":"center center","background-size":"auto","background-attachment":"scroll","background-type":"","background-media":"","overlay-type":"","overlay-color":"","overlay-opacity":"","overlay-gradient":""},"mobile":{"background-color":"var(--ast-global-color-4)","background-image":"","background-repeat":"repeat","background-position":"center center","background-size":"auto","background-attachment":"scroll","background-type":"","background-media":"","overlay-type":"","overlay-color":"","overlay-opacity":"","overlay-gradient":""}}},"product_brand":[],"product_cat":[171],"product_tag":[],"class_list":{"0":"post-23440","1":"product","2":"type-product","3":"status-publish","4":"has-post-thumbnail","6":"product_cat-verktoy","7":"pa_60000_mqojqjvd-l","8":"pa_60000_mqojqjvd-xl","9":"pa_60000_mqojqjvd-xxl","10":"desktop-align-left","11":"tablet-align-left","12":"mobile-align-left","14":"first","15":"instock","16":"shipping-taxable","17":"purchasable","18":"product-type-variable"},"yoast_head":"<!-- This site is optimized with the Yoast SEO plugin v26.6 - https:\/\/yoast.com\/wordpress\/plugins\/seo\/ -->\n<title>Beskyttelsesdrakt for bier - Mekulo NO<\/title>\n<meta name=\"robots\" content=\"index, follow, max-snippet:-1, max-image-preview:large, max-video-preview:-1\" \/>\n<link rel=\"canonical\" href=\"https:\/\/mekulo.com\/no\/produkt\/beskyttelsesdrakt-for-bier\/\" \/>\n<meta property=\"og:locale\" content=\"nb_NO\" \/>\n<meta property=\"og:type\" content=\"article\" \/>\n<meta property=\"og:title\" content=\"Beskyttelsesdrakt for bier - Mekulo NO\" \/>\n<meta property=\"og:description\" content=\"\ud83d\udc1dDenne biebeskyttelsesdrakten er designet for komfort, sikkerhet og enkel bevegelse under arbeid med bier. \ud83d\udd74\ufe0fIts Design i ett stykke med elastiske tetninger og hette med glidel\u00e5s skaper en sikker barriere. \ud83c\udf6fIdeal for bir\u00f8kting, inspeksjon av bikuber og honningh\u00f8sting. P\u00e5litelig beskyttelse og komfort for tryggere bir\u00f8kt.\" \/>\n<meta property=\"og:url\" content=\"https:\/\/mekulo.com\/no\/produkt\/beskyttelsesdrakt-for-bier\/\" \/>\n<meta property=\"og:site_name\" content=\"Mekulo NO\" \/>\n<meta property=\"article:modified_time\" content=\"2026-02-17T07:08:29+00:00\" \/>\n<meta property=\"og:image\" content=\"https:\/\/mekulo.com\/no\/wp-content\/uploads\/sites\/10\/2026\/02\/w6zqozs-1.jpg\" \/>\n\t<meta property=\"og:image:width\" content=\"800\" \/>\n\t<meta property=\"og:image:height\" content=\"800\" \/>\n\t<meta property=\"og:image:type\" content=\"image\/jpeg\" \/>\n<meta name=\"twitter:card\" content=\"summary_large_image\" \/>\n<meta name=\"twitter:label1\" content=\"Ansl. lesetid\" \/>\n\t<meta name=\"twitter:data1\" content=\"2 minutter\" \/>\n<script type=\"application\/ld+json\" class=\"yoast-schema-graph\">{\"@context\":\"https:\/\/schema.org\",\"@graph\":[{\"@type\":\"WebPage\",\"@id\":\"https:\/\/mekulo.com\/no\/produkt\/beskyttelsesdrakt-for-bier\/\",\"url\":\"https:\/\/mekulo.com\/no\/produkt\/beskyttelsesdrakt-for-bier\/\",\"name\":\"Beskyttelsesdrakt for bier - Mekulo NO\",\"isPartOf\":{\"@id\":\"https:\/\/mekulo.com\/no\/#website\"},\"primaryImageOfPage\":{\"@id\":\"https:\/\/mekulo.com\/no\/produkt\/beskyttelsesdrakt-for-bier\/#primaryimage\"},\"image\":{\"@id\":\"https:\/\/mekulo.com\/no\/produkt\/beskyttelsesdrakt-for-bier\/#primaryimage\"},\"thumbnailUrl\":\"https:\/\/mekulo.com\/no\/wp-content\/uploads\/sites\/10\/2026\/02\/w6zqozs-1.jpg\",\"datePublished\":\"2026-02-17T05:27:08+00:00\",\"dateModified\":\"2026-02-17T07:08:29+00:00\",\"breadcrumb\":{\"@id\":\"https:\/\/mekulo.com\/no\/produkt\/beskyttelsesdrakt-for-bier\/#breadcrumb\"},\"inLanguage\":\"nb-NO\",\"potentialAction\":[{\"@type\":\"ReadAction\",\"target\":[\"https:\/\/mekulo.com\/no\/produkt\/beskyttelsesdrakt-for-bier\/\"]}]},{\"@type\":\"ImageObject\",\"inLanguage\":\"nb-NO\",\"@id\":\"https:\/\/mekulo.com\/no\/produkt\/beskyttelsesdrakt-for-bier\/#primaryimage\",\"url\":\"https:\/\/mekulo.com\/no\/wp-content\/uploads\/sites\/10\/2026\/02\/w6zqozs-1.jpg\",\"contentUrl\":\"https:\/\/mekulo.com\/no\/wp-content\/uploads\/sites\/10\/2026\/02\/w6zqozs-1.jpg\",\"width\":800,\"height\":800},{\"@type\":\"BreadcrumbList\",\"@id\":\"https:\/\/mekulo.com\/no\/produkt\/beskyttelsesdrakt-for-bier\/#breadcrumb\",\"itemListElement\":[{\"@type\":\"ListItem\",\"position\":1,\"name\":\"Home\",\"item\":\"https:\/\/mekulo.com\/no\/\"},{\"@type\":\"ListItem\",\"position\":2,\"name\":\"Butikk\",\"item\":\"https:\/\/mekulo.com\/no\/butikk\/\"},{\"@type\":\"ListItem\",\"position\":3,\"name\":\"Beskyttelsesdrakt for bier\"}]},{\"@type\":\"WebSite\",\"@id\":\"https:\/\/mekulo.com\/no\/#website\",\"url\":\"https:\/\/mekulo.com\/no\/\",\"name\":\"Mekulo NO\",\"description\":\"\",\"publisher\":{\"@id\":\"https:\/\/mekulo.com\/no\/#organization\"},\"potentialAction\":[{\"@type\":\"SearchAction\",\"target\":{\"@type\":\"EntryPoint\",\"urlTemplate\":\"https:\/\/mekulo.com\/no\/?s={search_term_string}\"},\"query-input\":{\"@type\":\"PropertyValueSpecification\",\"valueRequired\":true,\"valueName\":\"search_term_string\"}}],\"inLanguage\":\"nb-NO\"},{\"@type\":\"Organization\",\"@id\":\"https:\/\/mekulo.com\/no\/#organization\",\"name\":\"Mekulo\",\"url\":\"https:\/\/mekulo.com\/no\/\",\"logo\":{\"@type\":\"ImageObject\",\"inLanguage\":\"nb-NO\",\"@id\":\"https:\/\/mekulo.com\/no\/#\/schema\/logo\/image\/\",\"url\":\"https:\/\/mekulo.com\/no\/wp-content\/uploads\/sites\/10\/2025\/12\/favicon_mekulo.png\",\"contentUrl\":\"https:\/\/mekulo.com\/no\/wp-content\/uploads\/sites\/10\/2025\/12\/favicon_mekulo.png\",\"width\":50,\"height\":50,\"caption\":\"Mekulo\"},\"image\":{\"@id\":\"https:\/\/mekulo.com\/no\/#\/schema\/logo\/image\/\"}}]}<\/script>\n<!-- \/ Yoast SEO plugin. -->","yoast_head_json":{"title":"Beskyttelsesdrakt for bier - Mekulo NO","robots":{"index":"index","follow":"follow","max-snippet":"max-snippet:-1","max-image-preview":"max-image-preview:large","max-video-preview":"max-video-preview:-1"},"canonical":"https:\/\/mekulo.com\/no\/produkt\/beskyttelsesdrakt-for-bier\/","og_locale":"nb_NO","og_type":"article","og_title":"Beskyttelsesdrakt for bier - Mekulo NO","og_description":"\ud83d\udc1dDenne biebeskyttelsesdrakten er designet for komfort, sikkerhet og enkel bevegelse under arbeid med bier. \ud83d\udd74\ufe0fIts Design i ett stykke med elastiske tetninger og hette med glidel\u00e5s skaper en sikker barriere. \ud83c\udf6fIdeal for bir\u00f8kting, inspeksjon av bikuber og honningh\u00f8sting. P\u00e5litelig beskyttelse og komfort for tryggere bir\u00f8kt.","og_url":"https:\/\/mekulo.com\/no\/produkt\/beskyttelsesdrakt-for-bier\/","og_site_name":"Mekulo NO","article_modified_time":"2026-02-17T07:08:29+00:00","og_image":[{"width":800,"height":800,"url":"https:\/\/mekulo.com\/no\/wp-content\/uploads\/sites\/10\/2026\/02\/w6zqozs-1.jpg","type":"image\/jpeg"}],"twitter_card":"summary_large_image","twitter_misc":{"Ansl. lesetid":"2 minutter"},"schema":{"@context":"https:\/\/schema.org","@graph":[{"@type":"WebPage","@id":"https:\/\/mekulo.com\/no\/produkt\/beskyttelsesdrakt-for-bier\/","url":"https:\/\/mekulo.com\/no\/produkt\/beskyttelsesdrakt-for-bier\/","name":"Beskyttelsesdrakt for bier - Mekulo NO","isPartOf":{"@id":"https:\/\/mekulo.com\/no\/#website"},"primaryImageOfPage":{"@id":"https:\/\/mekulo.com\/no\/produkt\/beskyttelsesdrakt-for-bier\/#primaryimage"},"image":{"@id":"https:\/\/mekulo.com\/no\/produkt\/beskyttelsesdrakt-for-bier\/#primaryimage"},"thumbnailUrl":"https:\/\/mekulo.com\/no\/wp-content\/uploads\/sites\/10\/2026\/02\/w6zqozs-1.jpg","datePublished":"2026-02-17T05:27:08+00:00","dateModified":"2026-02-17T07:08:29+00:00","breadcrumb":{"@id":"https:\/\/mekulo.com\/no\/produkt\/beskyttelsesdrakt-for-bier\/#breadcrumb"},"inLanguage":"nb-NO","potentialAction":[{"@type":"ReadAction","target":["https:\/\/mekulo.com\/no\/produkt\/beskyttelsesdrakt-for-bier\/"]}]},{"@type":"ImageObject","inLanguage":"nb-NO","@id":"https:\/\/mekulo.com\/no\/produkt\/beskyttelsesdrakt-for-bier\/#primaryimage","url":"https:\/\/mekulo.com\/no\/wp-content\/uploads\/sites\/10\/2026\/02\/w6zqozs-1.jpg","contentUrl":"https:\/\/mekulo.com\/no\/wp-content\/uploads\/sites\/10\/2026\/02\/w6zqozs-1.jpg","width":800,"height":800},{"@type":"BreadcrumbList","@id":"https:\/\/mekulo.com\/no\/produkt\/beskyttelsesdrakt-for-bier\/#breadcrumb","itemListElement":[{"@type":"ListItem","position":1,"name":"Home","item":"https:\/\/mekulo.com\/no\/"},{"@type":"ListItem","position":2,"name":"Butikk","item":"https:\/\/mekulo.com\/no\/butikk\/"},{"@type":"ListItem","position":3,"name":"Beskyttelsesdrakt for bier"}]},{"@type":"WebSite","@id":"https:\/\/mekulo.com\/no\/#website","url":"https:\/\/mekulo.com\/no\/","name":"Mekulo NO","description":"","publisher":{"@id":"https:\/\/mekulo.com\/no\/#organization"},"potentialAction":[{"@type":"SearchAction","target":{"@type":"EntryPoint","urlTemplate":"https:\/\/mekulo.com\/no\/?s={search_term_string}"},"query-input":{"@type":"PropertyValueSpecification","valueRequired":true,"valueName":"search_term_string"}}],"inLanguage":"nb-NO"},{"@type":"Organization","@id":"https:\/\/mekulo.com\/no\/#organization","name":"Mekulo","url":"https:\/\/mekulo.com\/no\/","logo":{"@type":"ImageObject","inLanguage":"nb-NO","@id":"https:\/\/mekulo.com\/no\/#\/schema\/logo\/image\/","url":"https:\/\/mekulo.com\/no\/wp-content\/uploads\/sites\/10\/2025\/12\/favicon_mekulo.png","contentUrl":"https:\/\/mekulo.com\/no\/wp-content\/uploads\/sites\/10\/2025\/12\/favicon_mekulo.png","width":50,"height":50,"caption":"Mekulo"},"image":{"@id":"https:\/\/mekulo.com\/no\/#\/schema\/logo\/image\/"}}]}},"_links":{"self":[{"href":"https:\/\/mekulo.com\/no\/wp-json\/wp\/v2\/product\/23440","targetHints":{"allow":["GET"]}}],"collection":[{"href":"https:\/\/mekulo.com\/no\/wp-json\/wp\/v2\/product"}],"about":[{"href":"https:\/\/mekulo.com\/no\/wp-json\/wp\/v2\/types\/product"}],"replies":[{"embeddable":true,"href":"https:\/\/mekulo.com\/no\/wp-json\/wp\/v2\/comments?post=23440"}],"wp:featuredmedia":[{"embeddable":true,"href":"https:\/\/mekulo.com\/no\/wp-json\/wp\/v2\/media\/23436"}],"wp:attachment":[{"href":"https:\/\/mekulo.com\/no\/wp-json\/wp\/v2\/media?parent=23440"}],"wp:term":[{"taxonomy":"product_brand","embeddable":true,"href":"https:\/\/mekulo.com\/no\/wp-json\/wp\/v2\/product_brand?post=23440"},{"taxonomy":"product_cat","embeddable":true,"href":"https:\/\/mekulo.com\/no\/wp-json\/wp\/v2\/product_cat?post=23440"},{"taxonomy":"product_tag","embeddable":true,"href":"https:\/\/mekulo.com\/no\/wp-json\/wp\/v2\/product_tag?post=23440"}],"curies":[{"name":"wp","href":"https:\/\/api.w.org\/{rel}","templated":true}]}}