{"id":23402,"date":"2026-02-17T07:24:47","date_gmt":"2026-02-17T05:24:47","guid":{"rendered":"https:\/\/mekulo.com\/no\/produkt\/solcelledrevet-dyreavviser\/"},"modified":"2026-03-02T12:23:31","modified_gmt":"2026-03-02T10:23:31","slug":"solcelledrevet-dyreavviser","status":"publish","type":"product","link":"https:\/\/mekulo.com\/no\/produkt\/solcelledrevet-dyreavviser\/","title":{"rendered":"Solcelledrevet dyreavviser"},"content":{"rendered":"<p style=\"text-align: center\" data-start=\"0\" data-end=\"54\"><strong data-start=\"0\" data-end=\"54\">Holder U\u00f8nskede Dyr Unna Ved Hjelp Av Lyd Og Lys. \ud83d\udc26<\/strong><\/p>\n<p data-start=\"0\" data-end=\"54\"><img fetchpriority=\"high\" decoding=\"async\" class=\"size-full wp-image-25057 aligncenter\" src=\"https:\/\/mekulo.com\/template\/wp-content\/uploads\/sites\/6\/2026\/02\/99741422-4e61-47db-9b74-88a77f97de7f.jpg\" alt=\"\" width=\"960\" height=\"960\" \/><\/p>\n<h2 style=\"text-align: center\" data-start=\"246\" data-end=\"267\"><strong>Hovedfordeler \u2600\ufe0f<\/strong><\/h2>\n<p data-start=\"271\" data-end=\"322\">\u2600\ufe0f Solcelledrevet &#8211; Ingen ekstern str\u00f8m kreves.<\/p>\n<p data-start=\"325\" data-end=\"374\">\ud83c\udf27\ufe0f Regntett (IP55) &#8211; Fungerer i all slags v\u00e6r.<\/p>\n<p data-start=\"377\" data-end=\"424\">\ud83d\udd0a H\u00f8y alarm (129 dB) &#8211; Sterkt avskrekkende.<\/p>\n<p data-start=\"427\" data-end=\"480\">\ud83d\udc26 Avviser fugler og dyr &#8211; Beskytter rommet ditt.<\/p>\n<p data-start=\"483\" data-end=\"533\">\u23f1\ufe0f Timer-moduser &#8211; Fleksible dag \/ nattinnstillinger.<\/p>\n<p data-start=\"536\" data-end=\"573\">\ud83d\udd0c Ingen ledninger &#8211; Enkel installasjon.<\/p>\n<p data-start=\"576\" data-end=\"623\">\ud83d\udd0b Innebygd batteri &#8211; Lagrer solenergi.<\/p>\n<p data-start=\"626\" data-end=\"672\">\ud83c\udf31 Milj\u00f8vennlig &#8211; Energisparende l\u00f8sning.<\/p>\n<p data-start=\"626\" data-end=\"672\"><img decoding=\"async\" class=\"size-full wp-image-25058 aligncenter\" src=\"https:\/\/mekulo.com\/template\/wp-content\/uploads\/sites\/6\/2026\/02\/Sa0a172815f9e4b85808ea16a6756d178h.jpg\" alt=\"\" width=\"1000\" height=\"1000\" \/><\/p>\n<h2 style=\"text-align: center\" data-start=\"679\" data-end=\"697\"><strong>Hvordan Du Bruker \ud83d\udccc<\/strong><\/h2>\n<ol data-start=\"699\" data-end=\"930\">\n<li data-start=\"699\" data-end=\"750\">\n<p data-start=\"702\" data-end=\"750\">Plasser enheten utend\u00f8rs p\u00e5 et solrikt sted.<\/p>\n<\/li>\n<li data-start=\"751\" data-end=\"791\">\n<p data-start=\"754\" data-end=\"791\">Velg \u00f8nsket driftsmodus.<\/p>\n<\/li>\n<li data-start=\"792\" data-end=\"841\">\n<p data-start=\"795\" data-end=\"841\">La solcellepanelet lade batteriet.<\/p>\n<\/li>\n<li data-start=\"842\" data-end=\"930\">\n<p data-start=\"845\" data-end=\"930\">Enheten vil automatisk utl\u00f8se lyd og lys basert p\u00e5 de valgte innstillingene.<\/p>\n<\/li>\n<\/ol>\n<h2 style=\"text-align: center\" data-start=\"937\" data-end=\"960\"><strong>Produktdetaljer \ud83d\udccf<\/strong><\/h2>\n<ul data-start=\"962\" data-end=\"1327\">\n<li data-start=\"1006\" data-end=\"1065\">\n<p data-start=\"1008\" data-end=\"1065\">Str\u00f8mforsyning: 5V \/ 80mA monokrystallinsk solcellepanel<\/p>\n<\/li>\n<li data-start=\"1066\" data-end=\"1105\">\n<p data-start=\"1068\" data-end=\"1105\">Lademetode: Solcellelading<\/p>\n<\/li>\n<li data-start=\"1106\" data-end=\"1163\">\n<p data-start=\"1108\" data-end=\"1163\">Batteri: Innebygd litiumbatteri (3,7V \/ 400mAh)<\/p>\n<\/li>\n<li data-start=\"1164\" data-end=\"1203\">\n<p data-start=\"1166\" data-end=\"1203\">Alarmlydniv\u00e5: 129 desibel<\/p>\n<\/li>\n<li data-start=\"1204\" data-end=\"1235\">\n<p data-start=\"1206\" data-end=\"1235\">Vanntett klassifisering: IP55<\/p>\n<\/li>\n<li data-start=\"1236\" data-end=\"1327\">\n<p data-start=\"1238\" data-end=\"1327\">Egnede for: Hager, frukthager, jordbruksland, beitemarker, byggeplasser, lagerbygninger<\/p>\n<\/li>\n<\/ul>\n<p data-start=\"1329\" data-end=\"1349\">Svart versjon:<\/p>\n<ul data-start=\"1350\" data-end=\"1469\">\n<li data-start=\"1350\" data-end=\"1392\">\n<p data-start=\"1352\" data-end=\"1392\">Sl\u00e5r seg automatisk p\u00e5 om dagen<\/p>\n<\/li>\n<li data-start=\"1393\" data-end=\"1431\">\n<p data-start=\"1395\" data-end=\"1431\">Flere lyder i en 3-minutters sl\u00f8yfe<\/p>\n<\/li>\n<li data-start=\"1432\" data-end=\"1469\">\n<p data-start=\"1434\" data-end=\"1469\">Sl\u00e5r seg automatisk av om natten<\/p>\n<\/li>\n<\/ul>\n<p data-start=\"1471\" data-end=\"1495\">R\u00f8d versjon:<\/p>\n<ul data-start=\"1496\" data-end=\"1677\">\n<li data-start=\"1496\" data-end=\"1542\">\n<p data-start=\"1498\" data-end=\"1542\">Niv\u00e5 1: 10-minutters sl\u00f8yfe (24-timers intervall)<\/p>\n<\/li>\n<li data-start=\"1543\" data-end=\"1589\">\n<p data-start=\"1545\" data-end=\"1589\">Niv\u00e5 2: 20-minutters sl\u00f8yfe (24-timers intervall)<\/p>\n<\/li>\n<li data-start=\"1590\" data-end=\"1633\">\n<p data-start=\"1592\" data-end=\"1633\">Niv\u00e5 3: Nattmodus, 10-minutters intervall<\/p>\n<\/li>\n<li data-start=\"1634\" data-end=\"1677\">\n<p data-start=\"1636\" data-end=\"1677\">Niv\u00e5 4: Nattmodus, 20-minutters intervall<\/p>\n<\/li>\n<\/ul>\n<h2 style=\"text-align: center\" data-start=\"1684\" data-end=\"1708\"><strong>Pakken Inkluderer \ud83d\udce6<\/strong><\/h2>\n<ul data-start=\"1710\" data-end=\"1801\">\n<li data-start=\"1710\" data-end=\"1730\">\n<p data-start=\"1712\" data-end=\"1730\">1x solcelledrevet dyreavvisere<\/p>\n<\/li>\n<li data-start=\"1710\" data-end=\"1730\">\n<p data-start=\"1712\" data-end=\"1730\">2x skruer<\/p>\n<\/li>\n<li data-start=\"1710\" data-end=\"1730\">\n<p data-start=\"1712\" data-end=\"1730\">2x plastveggankre (plugger)<\/p>\n<\/li>\n<li data-start=\"1731\" data-end=\"1775\">\n<p data-start=\"1733\" data-end=\"1775\">1x bruksanvisning.<\/p>\n<\/li>\n<\/ul>\n","protected":false},"excerpt":{"rendered":"<p>\ud83d\udc17Denne solcellebaserte dyreavviseren bidrar til \u00e5 beskytte hagen, hagen, g\u00e5rden eller eiendommen din. Den avgir h\u00f8ye lyder og blinkende lys for \u00e5 skremme bort fugler og dyr.<br \/>\n\ud83c\udfe1Ingen ledninger eller str\u00f8m er n\u00f8dvendig. En trygg og milj\u00f8vennlig m\u00e5te \u00e5 beskytte uteomr\u00e5dene dine p\u00e5.<br \/>\n<span style=\"font-size: 16px;font-style: normal;font-weight: 400\">\ud83c\udf1e<\/span>Enkel, solcelledrevet beskyttelse for uteomr\u00e5dene dine.<\/p>\n","protected":false},"featured_media":23398,"comment_status":"open","ping_status":"closed","template":"","meta":{"site-sidebar-layout":"default","site-content-layout":"","ast-site-content-layout":"default","site-content-style":"default","site-sidebar-style":"default","ast-global-header-display":"","ast-banner-title-visibility":"","ast-main-header-display":"","ast-hfb-above-header-display":"","ast-hfb-below-header-display":"","ast-hfb-mobile-header-display":"","site-post-title":"","ast-breadcrumbs-content":"","ast-featured-img":"","footer-sml-layout":"","theme-transparent-header-meta":"default","adv-header-id-meta":"","stick-header-meta":"","header-above-stick-meta":"","header-main-stick-meta":"","header-below-stick-meta":"","astra-migrate-meta-layouts":"set","ast-page-background-enabled":"default","ast-page-background-meta":{"desktop":{"background-color":"var(--ast-global-color-5)","background-image":"","background-repeat":"repeat","background-position":"center center","background-size":"auto","background-attachment":"scroll","background-type":"","background-media":"","overlay-type":"","overlay-color":"","overlay-opacity":"","overlay-gradient":""},"tablet":{"background-color":"","background-image":"","background-repeat":"repeat","background-position":"center center","background-size":"auto","background-attachment":"scroll","background-type":"","background-media":"","overlay-type":"","overlay-color":"","overlay-opacity":"","overlay-gradient":""},"mobile":{"background-color":"","background-image":"","background-repeat":"repeat","background-position":"center center","background-size":"auto","background-attachment":"scroll","background-type":"","background-media":"","overlay-type":"","overlay-color":"","overlay-opacity":"","overlay-gradient":""}},"ast-content-background-meta":{"desktop":{"background-color":"var(--ast-global-color-4)","background-image":"","background-repeat":"repeat","background-position":"center center","background-size":"auto","background-attachment":"scroll","background-type":"","background-media":"","overlay-type":"","overlay-color":"","overlay-opacity":"","overlay-gradient":""},"tablet":{"background-color":"var(--ast-global-color-4)","background-image":"","background-repeat":"repeat","background-position":"center center","background-size":"auto","background-attachment":"scroll","background-type":"","background-media":"","overlay-type":"","overlay-color":"","overlay-opacity":"","overlay-gradient":""},"mobile":{"background-color":"var(--ast-global-color-4)","background-image":"","background-repeat":"repeat","background-position":"center center","background-size":"auto","background-attachment":"scroll","background-type":"","background-media":"","overlay-type":"","overlay-color":"","overlay-opacity":"","overlay-gradient":""}}},"product_brand":[],"product_cat":[168],"product_tag":[],"class_list":{"0":"post-23402","1":"product","2":"type-product","3":"status-publish","4":"has-post-thumbnail","6":"product_cat-husholdningsartikler","7":"pa_59924_eekmtzcq-rod","8":"pa_59924_eekmtzcq-svart","9":"pa_59924_n0swvitn-1-stk","10":"pa_59924_n0swvitn-2-stk","11":"pa_59924_n0swvitn-3-stk","12":"desktop-align-left","13":"tablet-align-left","14":"mobile-align-left","16":"first","17":"instock","18":"shipping-taxable","19":"purchasable","20":"product-type-variable","21":"has-default-attributes"},"yoast_head":"<!-- This site is optimized with the Yoast SEO plugin v26.6 - https:\/\/yoast.com\/wordpress\/plugins\/seo\/ -->\n<title>Solcelledrevet dyreavviser - Mekulo NO<\/title>\n<meta name=\"robots\" content=\"index, follow, max-snippet:-1, max-image-preview:large, max-video-preview:-1\" \/>\n<link rel=\"canonical\" href=\"https:\/\/mekulo.com\/no\/produkt\/solcelledrevet-dyreavviser\/\" \/>\n<meta property=\"og:locale\" content=\"nb_NO\" \/>\n<meta property=\"og:type\" content=\"article\" \/>\n<meta property=\"og:title\" content=\"Solcelledrevet dyreavviser - Mekulo NO\" \/>\n<meta property=\"og:description\" content=\"\ud83d\udc17Denne solcellebaserte dyreavviseren bidrar til \u00e5 beskytte hagen, hagen, g\u00e5rden eller eiendommen din. Den avgir h\u00f8ye lyder og blinkende lys for \u00e5 skremme bort fugler og dyr. \ud83c\udfe1Ingen ledninger eller str\u00f8m er n\u00f8dvendig. En trygg og milj\u00f8vennlig m\u00e5te \u00e5 beskytte uteomr\u00e5dene dine p\u00e5. \ud83c\udf1eEnkel, solcelledrevet beskyttelse for uteomr\u00e5dene dine.\" \/>\n<meta property=\"og:url\" content=\"https:\/\/mekulo.com\/no\/produkt\/solcelledrevet-dyreavviser\/\" \/>\n<meta property=\"og:site_name\" content=\"Mekulo NO\" \/>\n<meta property=\"article:modified_time\" content=\"2026-03-02T10:23:31+00:00\" \/>\n<meta property=\"og:image\" content=\"https:\/\/mekulo.com\/no\/wp-content\/uploads\/sites\/10\/2026\/02\/080v2zq-1.jpg\" \/>\n\t<meta property=\"og:image:width\" content=\"1000\" \/>\n\t<meta property=\"og:image:height\" content=\"1000\" \/>\n\t<meta property=\"og:image:type\" content=\"image\/jpeg\" \/>\n<meta name=\"twitter:card\" content=\"summary_large_image\" \/>\n<meta name=\"twitter:label1\" content=\"Ansl. lesetid\" \/>\n\t<meta name=\"twitter:data1\" content=\"2 minutter\" \/>\n<script type=\"application\/ld+json\" class=\"yoast-schema-graph\">{\"@context\":\"https:\/\/schema.org\",\"@graph\":[{\"@type\":\"WebPage\",\"@id\":\"https:\/\/mekulo.com\/no\/produkt\/solcelledrevet-dyreavviser\/\",\"url\":\"https:\/\/mekulo.com\/no\/produkt\/solcelledrevet-dyreavviser\/\",\"name\":\"Solcelledrevet dyreavviser - Mekulo NO\",\"isPartOf\":{\"@id\":\"https:\/\/mekulo.com\/no\/#website\"},\"primaryImageOfPage\":{\"@id\":\"https:\/\/mekulo.com\/no\/produkt\/solcelledrevet-dyreavviser\/#primaryimage\"},\"image\":{\"@id\":\"https:\/\/mekulo.com\/no\/produkt\/solcelledrevet-dyreavviser\/#primaryimage\"},\"thumbnailUrl\":\"https:\/\/mekulo.com\/no\/wp-content\/uploads\/sites\/10\/2026\/02\/080v2zq-1.jpg\",\"datePublished\":\"2026-02-17T05:24:47+00:00\",\"dateModified\":\"2026-03-02T10:23:31+00:00\",\"breadcrumb\":{\"@id\":\"https:\/\/mekulo.com\/no\/produkt\/solcelledrevet-dyreavviser\/#breadcrumb\"},\"inLanguage\":\"nb-NO\",\"potentialAction\":[{\"@type\":\"ReadAction\",\"target\":[\"https:\/\/mekulo.com\/no\/produkt\/solcelledrevet-dyreavviser\/\"]}]},{\"@type\":\"ImageObject\",\"inLanguage\":\"nb-NO\",\"@id\":\"https:\/\/mekulo.com\/no\/produkt\/solcelledrevet-dyreavviser\/#primaryimage\",\"url\":\"https:\/\/mekulo.com\/no\/wp-content\/uploads\/sites\/10\/2026\/02\/080v2zq-1.jpg\",\"contentUrl\":\"https:\/\/mekulo.com\/no\/wp-content\/uploads\/sites\/10\/2026\/02\/080v2zq-1.jpg\",\"width\":1000,\"height\":1000},{\"@type\":\"BreadcrumbList\",\"@id\":\"https:\/\/mekulo.com\/no\/produkt\/solcelledrevet-dyreavviser\/#breadcrumb\",\"itemListElement\":[{\"@type\":\"ListItem\",\"position\":1,\"name\":\"Home\",\"item\":\"https:\/\/mekulo.com\/no\/\"},{\"@type\":\"ListItem\",\"position\":2,\"name\":\"Butikk\",\"item\":\"https:\/\/mekulo.com\/no\/butikk\/\"},{\"@type\":\"ListItem\",\"position\":3,\"name\":\"Solcelledrevet dyreavviser\"}]},{\"@type\":\"WebSite\",\"@id\":\"https:\/\/mekulo.com\/no\/#website\",\"url\":\"https:\/\/mekulo.com\/no\/\",\"name\":\"Mekulo NO\",\"description\":\"\",\"publisher\":{\"@id\":\"https:\/\/mekulo.com\/no\/#organization\"},\"potentialAction\":[{\"@type\":\"SearchAction\",\"target\":{\"@type\":\"EntryPoint\",\"urlTemplate\":\"https:\/\/mekulo.com\/no\/?s={search_term_string}\"},\"query-input\":{\"@type\":\"PropertyValueSpecification\",\"valueRequired\":true,\"valueName\":\"search_term_string\"}}],\"inLanguage\":\"nb-NO\"},{\"@type\":\"Organization\",\"@id\":\"https:\/\/mekulo.com\/no\/#organization\",\"name\":\"Mekulo\",\"url\":\"https:\/\/mekulo.com\/no\/\",\"logo\":{\"@type\":\"ImageObject\",\"inLanguage\":\"nb-NO\",\"@id\":\"https:\/\/mekulo.com\/no\/#\/schema\/logo\/image\/\",\"url\":\"https:\/\/mekulo.com\/no\/wp-content\/uploads\/sites\/10\/2025\/12\/favicon_mekulo.png\",\"contentUrl\":\"https:\/\/mekulo.com\/no\/wp-content\/uploads\/sites\/10\/2025\/12\/favicon_mekulo.png\",\"width\":50,\"height\":50,\"caption\":\"Mekulo\"},\"image\":{\"@id\":\"https:\/\/mekulo.com\/no\/#\/schema\/logo\/image\/\"}}]}<\/script>\n<!-- \/ Yoast SEO plugin. -->","yoast_head_json":{"title":"Solcelledrevet dyreavviser - Mekulo NO","robots":{"index":"index","follow":"follow","max-snippet":"max-snippet:-1","max-image-preview":"max-image-preview:large","max-video-preview":"max-video-preview:-1"},"canonical":"https:\/\/mekulo.com\/no\/produkt\/solcelledrevet-dyreavviser\/","og_locale":"nb_NO","og_type":"article","og_title":"Solcelledrevet dyreavviser - Mekulo NO","og_description":"\ud83d\udc17Denne solcellebaserte dyreavviseren bidrar til \u00e5 beskytte hagen, hagen, g\u00e5rden eller eiendommen din. Den avgir h\u00f8ye lyder og blinkende lys for \u00e5 skremme bort fugler og dyr. \ud83c\udfe1Ingen ledninger eller str\u00f8m er n\u00f8dvendig. En trygg og milj\u00f8vennlig m\u00e5te \u00e5 beskytte uteomr\u00e5dene dine p\u00e5. \ud83c\udf1eEnkel, solcelledrevet beskyttelse for uteomr\u00e5dene dine.","og_url":"https:\/\/mekulo.com\/no\/produkt\/solcelledrevet-dyreavviser\/","og_site_name":"Mekulo NO","article_modified_time":"2026-03-02T10:23:31+00:00","og_image":[{"width":1000,"height":1000,"url":"https:\/\/mekulo.com\/no\/wp-content\/uploads\/sites\/10\/2026\/02\/080v2zq-1.jpg","type":"image\/jpeg"}],"twitter_card":"summary_large_image","twitter_misc":{"Ansl. lesetid":"2 minutter"},"schema":{"@context":"https:\/\/schema.org","@graph":[{"@type":"WebPage","@id":"https:\/\/mekulo.com\/no\/produkt\/solcelledrevet-dyreavviser\/","url":"https:\/\/mekulo.com\/no\/produkt\/solcelledrevet-dyreavviser\/","name":"Solcelledrevet dyreavviser - Mekulo NO","isPartOf":{"@id":"https:\/\/mekulo.com\/no\/#website"},"primaryImageOfPage":{"@id":"https:\/\/mekulo.com\/no\/produkt\/solcelledrevet-dyreavviser\/#primaryimage"},"image":{"@id":"https:\/\/mekulo.com\/no\/produkt\/solcelledrevet-dyreavviser\/#primaryimage"},"thumbnailUrl":"https:\/\/mekulo.com\/no\/wp-content\/uploads\/sites\/10\/2026\/02\/080v2zq-1.jpg","datePublished":"2026-02-17T05:24:47+00:00","dateModified":"2026-03-02T10:23:31+00:00","breadcrumb":{"@id":"https:\/\/mekulo.com\/no\/produkt\/solcelledrevet-dyreavviser\/#breadcrumb"},"inLanguage":"nb-NO","potentialAction":[{"@type":"ReadAction","target":["https:\/\/mekulo.com\/no\/produkt\/solcelledrevet-dyreavviser\/"]}]},{"@type":"ImageObject","inLanguage":"nb-NO","@id":"https:\/\/mekulo.com\/no\/produkt\/solcelledrevet-dyreavviser\/#primaryimage","url":"https:\/\/mekulo.com\/no\/wp-content\/uploads\/sites\/10\/2026\/02\/080v2zq-1.jpg","contentUrl":"https:\/\/mekulo.com\/no\/wp-content\/uploads\/sites\/10\/2026\/02\/080v2zq-1.jpg","width":1000,"height":1000},{"@type":"BreadcrumbList","@id":"https:\/\/mekulo.com\/no\/produkt\/solcelledrevet-dyreavviser\/#breadcrumb","itemListElement":[{"@type":"ListItem","position":1,"name":"Home","item":"https:\/\/mekulo.com\/no\/"},{"@type":"ListItem","position":2,"name":"Butikk","item":"https:\/\/mekulo.com\/no\/butikk\/"},{"@type":"ListItem","position":3,"name":"Solcelledrevet dyreavviser"}]},{"@type":"WebSite","@id":"https:\/\/mekulo.com\/no\/#website","url":"https:\/\/mekulo.com\/no\/","name":"Mekulo NO","description":"","publisher":{"@id":"https:\/\/mekulo.com\/no\/#organization"},"potentialAction":[{"@type":"SearchAction","target":{"@type":"EntryPoint","urlTemplate":"https:\/\/mekulo.com\/no\/?s={search_term_string}"},"query-input":{"@type":"PropertyValueSpecification","valueRequired":true,"valueName":"search_term_string"}}],"inLanguage":"nb-NO"},{"@type":"Organization","@id":"https:\/\/mekulo.com\/no\/#organization","name":"Mekulo","url":"https:\/\/mekulo.com\/no\/","logo":{"@type":"ImageObject","inLanguage":"nb-NO","@id":"https:\/\/mekulo.com\/no\/#\/schema\/logo\/image\/","url":"https:\/\/mekulo.com\/no\/wp-content\/uploads\/sites\/10\/2025\/12\/favicon_mekulo.png","contentUrl":"https:\/\/mekulo.com\/no\/wp-content\/uploads\/sites\/10\/2025\/12\/favicon_mekulo.png","width":50,"height":50,"caption":"Mekulo"},"image":{"@id":"https:\/\/mekulo.com\/no\/#\/schema\/logo\/image\/"}}]}},"_links":{"self":[{"href":"https:\/\/mekulo.com\/no\/wp-json\/wp\/v2\/product\/23402","targetHints":{"allow":["GET"]}}],"collection":[{"href":"https:\/\/mekulo.com\/no\/wp-json\/wp\/v2\/product"}],"about":[{"href":"https:\/\/mekulo.com\/no\/wp-json\/wp\/v2\/types\/product"}],"replies":[{"embeddable":true,"href":"https:\/\/mekulo.com\/no\/wp-json\/wp\/v2\/comments?post=23402"}],"wp:featuredmedia":[{"embeddable":true,"href":"https:\/\/mekulo.com\/no\/wp-json\/wp\/v2\/media\/23398"}],"wp:attachment":[{"href":"https:\/\/mekulo.com\/no\/wp-json\/wp\/v2\/media?parent=23402"}],"wp:term":[{"taxonomy":"product_brand","embeddable":true,"href":"https:\/\/mekulo.com\/no\/wp-json\/wp\/v2\/product_brand?post=23402"},{"taxonomy":"product_cat","embeddable":true,"href":"https:\/\/mekulo.com\/no\/wp-json\/wp\/v2\/product_cat?post=23402"},{"taxonomy":"product_tag","embeddable":true,"href":"https:\/\/mekulo.com\/no\/wp-json\/wp\/v2\/product_tag?post=23402"}],"curies":[{"name":"wp","href":"https:\/\/api.w.org\/{rel}","templated":true}]}}