{"id":23389,"date":"2026-02-17T07:23:00","date_gmt":"2026-02-17T05:23:00","guid":{"rendered":"https:\/\/mekulo.com\/no\/produkt\/buede-oreringer-med-tre-spisser\/"},"modified":"2026-02-17T07:23:09","modified_gmt":"2026-02-17T05:23:09","slug":"buede-oreringer-med-tre-spisser","status":"publish","type":"product","link":"https:\/\/mekulo.com\/no\/produkt\/buede-oreringer-med-tre-spisser\/","title":{"rendered":"Buede \u00f8reringer med tre spisser"},"content":{"rendered":"<p style=\"text-align: center\" data-start=\"74\" data-end=\"131\"><strong data-start=\"74\" data-end=\"131\">Et Moderne Statement Som Umiddelbart L\u00f8fter Looken Din. \ud83d\udc8e<\/strong><\/p>\n<p data-start=\"74\" data-end=\"131\"><img fetchpriority=\"high\" decoding=\"async\" class=\"size-full wp-image-25047 aligncenter\" src=\"https:\/\/mekulo.com\/template\/wp-content\/uploads\/sites\/6\/2026\/02\/7ce9d86c-b39d-4fee-9e76-b7644ef05ac4.jpg\" alt=\"\" width=\"800\" height=\"800\" \/><\/p>\n<h2 style=\"text-align: center\" data-start=\"555\" data-end=\"574\">Hovedfordeler \u2728<\/h2>\n<p data-start=\"575\" data-end=\"899\">\u2728 Stilig lagdelt design &#8211; Unikt og moderne utseende.<\/p>\n<p data-start=\"575\" data-end=\"899\">\ud83d\udc8e Slitesterk konstruksjon &#8211; Laget for langvarig bruk.<\/p>\n<p data-start=\"575\" data-end=\"899\">\ud83d\udc57 Enkel \u00e5 matche &#8211; Passer til ethvert antrekk.<\/p>\n<p data-start=\"575\" data-end=\"899\">\ud83c\udf34 Perfekt for enhver anledning &#8211; Daglig bruk eller arrangementer.<\/p>\n<p data-start=\"575\" data-end=\"899\">\ud83c\udf81 Flott gaveide &#8211; Ideell for spesielle \u00f8yeblikk.<\/p>\n<p data-start=\"575\" data-end=\"899\">\ud83d\udc4c Komfortabel passform &#8211; Lett og lett \u00e5 ha p\u00e5.<\/p>\n<p data-start=\"575\" data-end=\"899\"><img decoding=\"async\" class=\"size-full wp-image-25049 aligncenter\" src=\"https:\/\/mekulo.com\/template\/wp-content\/uploads\/sites\/6\/2026\/02\/Sb460cbece614458cbf1e7dbabd5413bfU.webp\" alt=\"\" width=\"800\" height=\"800\" \/><\/p>\n<h2 style=\"text-align: center\" data-start=\"906\" data-end=\"922\">Hvordan Du Bruker \ud83d\udccc<\/h2>\n<ol data-start=\"923\" data-end=\"1043\">\n<li data-start=\"923\" data-end=\"971\">\n<p data-start=\"926\" data-end=\"971\">Sett \u00f8reringsstiften i piercingen.<\/p>\n<\/li>\n<li data-start=\"972\" data-end=\"1001\">\n<p data-start=\"975\" data-end=\"1001\">Fest med baksiden.<\/p>\n<\/li>\n<li data-start=\"1002\" data-end=\"1043\">\n<p data-start=\"1005\" data-end=\"1043\">Juster forsiktig for komfort om n\u00f8dvendig.<\/p>\n<\/li>\n<\/ol>\n<h2 style=\"text-align: center\" data-start=\"1050\" data-end=\"1071\">Produktdetaljer \ud83d\udccf<\/h2>\n<ul data-start=\"1072\" data-end=\"1201\">\n<li data-start=\"1072\" data-end=\"1116\">\n<p data-start=\"1074\" data-end=\"1116\">Design: Buet tri-point \/ lagdelt stil<\/p>\n<\/li>\n<li data-start=\"1117\" data-end=\"1155\">\n<p data-start=\"1119\" data-end=\"1155\">Stil: Minimalistisk, moderne, elegant<\/p>\n<\/li>\n<li data-start=\"1156\" data-end=\"1201\">\n<p data-start=\"1158\" data-end=\"1201\">Egnet for: Daglig bruk, fest, arrangementer<\/p>\n<\/li>\n<li data-start=\"1156\" data-end=\"1201\">St\u00f8rrelse: 2 x 1,35 cm<\/li>\n<\/ul>\n<h2 style=\"text-align: center\" data-start=\"1208\" data-end=\"1230\">Pakken Inkluderer \ud83d\udce6<\/h2>\n<ul data-start=\"1231\" data-end=\"1272\">\n<li data-start=\"1231\" data-end=\"1272\">\n<p data-start=\"1233\" data-end=\"1272\">1x par buede trepunkts\u00f8reringer.<\/p>\n<\/li>\n<\/ul>\n","protected":false},"excerpt":{"rendered":"<p>\ud83d\udc8eDisse buede trepunkts\u00f8reringene kombinerer en elegant form med et stilig lagdelt design. Perfekt til hverdagsbruk eller spesielle anledninger.<br \/>\n\ud83d\udc57De tilf\u00f8rer eleganse uten \u00e5 f\u00f8les tunge. Den lagdelte trepunktsformen skaper dybde og glans.<br \/>\n<span style=\"font-size: 16px;font-style: normal;font-weight: 400\">\u2728<\/span>Et allsidig tilbeh\u00f8r du kommer til \u00e5 ta frem igjen og igjen. En subtil detalj som gj\u00f8r en stor forskjell.<\/p>\n","protected":false},"featured_media":23385,"comment_status":"open","ping_status":"closed","template":"","meta":{"site-sidebar-layout":"default","site-content-layout":"","ast-site-content-layout":"default","site-content-style":"default","site-sidebar-style":"default","ast-global-header-display":"","ast-banner-title-visibility":"","ast-main-header-display":"","ast-hfb-above-header-display":"","ast-hfb-below-header-display":"","ast-hfb-mobile-header-display":"","site-post-title":"","ast-breadcrumbs-content":"","ast-featured-img":"","footer-sml-layout":"","theme-transparent-header-meta":"default","adv-header-id-meta":"","stick-header-meta":"","header-above-stick-meta":"","header-main-stick-meta":"","header-below-stick-meta":"","astra-migrate-meta-layouts":"set","ast-page-background-enabled":"default","ast-page-background-meta":{"desktop":{"background-color":"var(--ast-global-color-5)","background-image":"","background-repeat":"repeat","background-position":"center center","background-size":"auto","background-attachment":"scroll","background-type":"","background-media":"","overlay-type":"","overlay-color":"","overlay-opacity":"","overlay-gradient":""},"tablet":{"background-color":"","background-image":"","background-repeat":"repeat","background-position":"center center","background-size":"auto","background-attachment":"scroll","background-type":"","background-media":"","overlay-type":"","overlay-color":"","overlay-opacity":"","overlay-gradient":""},"mobile":{"background-color":"","background-image":"","background-repeat":"repeat","background-position":"center center","background-size":"auto","background-attachment":"scroll","background-type":"","background-media":"","overlay-type":"","overlay-color":"","overlay-opacity":"","overlay-gradient":""}},"ast-content-background-meta":{"desktop":{"background-color":"var(--ast-global-color-4)","background-image":"","background-repeat":"repeat","background-position":"center center","background-size":"auto","background-attachment":"scroll","background-type":"","background-media":"","overlay-type":"","overlay-color":"","overlay-opacity":"","overlay-gradient":""},"tablet":{"background-color":"var(--ast-global-color-4)","background-image":"","background-repeat":"repeat","background-position":"center center","background-size":"auto","background-attachment":"scroll","background-type":"","background-media":"","overlay-type":"","overlay-color":"","overlay-opacity":"","overlay-gradient":""},"mobile":{"background-color":"var(--ast-global-color-4)","background-image":"","background-repeat":"repeat","background-position":"center center","background-size":"auto","background-attachment":"scroll","background-type":"","background-media":"","overlay-type":"","overlay-color":"","overlay-opacity":"","overlay-gradient":""}}},"product_brand":[],"product_cat":[165,162],"product_tag":[],"class_list":{"0":"post-23389","1":"product","2":"type-product","3":"status-publish","4":"has-post-thumbnail","6":"product_cat-fottoy-tilbehor","7":"product_cat-skjonnhets-og-hygieneprodukter","8":"pa_59898_0p9yh12z-gull","9":"pa_59898_0p9yh12z-solv","10":"desktop-align-left","11":"tablet-align-left","12":"mobile-align-left","14":"first","15":"instock","16":"shipping-taxable","17":"purchasable","18":"product-type-variable"},"yoast_head":"<!-- This site is optimized with the Yoast SEO plugin v26.6 - https:\/\/yoast.com\/wordpress\/plugins\/seo\/ -->\n<title>Buede \u00f8reringer med tre spisser - Mekulo NO<\/title>\n<meta name=\"robots\" content=\"index, follow, max-snippet:-1, max-image-preview:large, max-video-preview:-1\" \/>\n<link rel=\"canonical\" href=\"https:\/\/mekulo.com\/no\/produkt\/buede-oreringer-med-tre-spisser\/\" \/>\n<meta property=\"og:locale\" content=\"nb_NO\" \/>\n<meta property=\"og:type\" content=\"article\" \/>\n<meta property=\"og:title\" content=\"Buede \u00f8reringer med tre spisser - Mekulo NO\" \/>\n<meta property=\"og:description\" content=\"\ud83d\udc8eDisse buede trepunkts\u00f8reringene kombinerer en elegant form med et stilig lagdelt design. Perfekt til hverdagsbruk eller spesielle anledninger. \ud83d\udc57De tilf\u00f8rer eleganse uten \u00e5 f\u00f8les tunge. Den lagdelte trepunktsformen skaper dybde og glans. \u2728Et allsidig tilbeh\u00f8r du kommer til \u00e5 ta frem igjen og igjen. En subtil detalj som gj\u00f8r en stor forskjell.\" \/>\n<meta property=\"og:url\" content=\"https:\/\/mekulo.com\/no\/produkt\/buede-oreringer-med-tre-spisser\/\" \/>\n<meta property=\"og:site_name\" content=\"Mekulo NO\" \/>\n<meta property=\"article:modified_time\" content=\"2026-02-17T05:23:09+00:00\" \/>\n<meta property=\"og:image\" content=\"https:\/\/mekulo.com\/no\/wp-content\/uploads\/sites\/10\/2026\/02\/5sm6vwi-1.webp\" \/>\n\t<meta property=\"og:image:width\" content=\"800\" \/>\n\t<meta property=\"og:image:height\" content=\"800\" \/>\n\t<meta property=\"og:image:type\" content=\"image\/webp\" \/>\n<meta name=\"twitter:card\" content=\"summary_large_image\" \/>\n<meta name=\"twitter:label1\" content=\"Ansl. lesetid\" \/>\n\t<meta name=\"twitter:data1\" content=\"2 minutter\" \/>\n<script type=\"application\/ld+json\" class=\"yoast-schema-graph\">{\"@context\":\"https:\/\/schema.org\",\"@graph\":[{\"@type\":\"WebPage\",\"@id\":\"https:\/\/mekulo.com\/no\/produkt\/buede-oreringer-med-tre-spisser\/\",\"url\":\"https:\/\/mekulo.com\/no\/produkt\/buede-oreringer-med-tre-spisser\/\",\"name\":\"Buede \u00f8reringer med tre spisser - Mekulo NO\",\"isPartOf\":{\"@id\":\"https:\/\/mekulo.com\/no\/#website\"},\"primaryImageOfPage\":{\"@id\":\"https:\/\/mekulo.com\/no\/produkt\/buede-oreringer-med-tre-spisser\/#primaryimage\"},\"image\":{\"@id\":\"https:\/\/mekulo.com\/no\/produkt\/buede-oreringer-med-tre-spisser\/#primaryimage\"},\"thumbnailUrl\":\"https:\/\/mekulo.com\/no\/wp-content\/uploads\/sites\/10\/2026\/02\/5sm6vwi-1.webp\",\"datePublished\":\"2026-02-17T05:23:00+00:00\",\"dateModified\":\"2026-02-17T05:23:09+00:00\",\"breadcrumb\":{\"@id\":\"https:\/\/mekulo.com\/no\/produkt\/buede-oreringer-med-tre-spisser\/#breadcrumb\"},\"inLanguage\":\"nb-NO\",\"potentialAction\":[{\"@type\":\"ReadAction\",\"target\":[\"https:\/\/mekulo.com\/no\/produkt\/buede-oreringer-med-tre-spisser\/\"]}]},{\"@type\":\"ImageObject\",\"inLanguage\":\"nb-NO\",\"@id\":\"https:\/\/mekulo.com\/no\/produkt\/buede-oreringer-med-tre-spisser\/#primaryimage\",\"url\":\"https:\/\/mekulo.com\/no\/wp-content\/uploads\/sites\/10\/2026\/02\/5sm6vwi-1.webp\",\"contentUrl\":\"https:\/\/mekulo.com\/no\/wp-content\/uploads\/sites\/10\/2026\/02\/5sm6vwi-1.webp\",\"width\":800,\"height\":800},{\"@type\":\"BreadcrumbList\",\"@id\":\"https:\/\/mekulo.com\/no\/produkt\/buede-oreringer-med-tre-spisser\/#breadcrumb\",\"itemListElement\":[{\"@type\":\"ListItem\",\"position\":1,\"name\":\"Home\",\"item\":\"https:\/\/mekulo.com\/no\/\"},{\"@type\":\"ListItem\",\"position\":2,\"name\":\"Butikk\",\"item\":\"https:\/\/mekulo.com\/no\/butikk\/\"},{\"@type\":\"ListItem\",\"position\":3,\"name\":\"Buede \u00f8reringer med tre spisser\"}]},{\"@type\":\"WebSite\",\"@id\":\"https:\/\/mekulo.com\/no\/#website\",\"url\":\"https:\/\/mekulo.com\/no\/\",\"name\":\"Mekulo NO\",\"description\":\"\",\"publisher\":{\"@id\":\"https:\/\/mekulo.com\/no\/#organization\"},\"potentialAction\":[{\"@type\":\"SearchAction\",\"target\":{\"@type\":\"EntryPoint\",\"urlTemplate\":\"https:\/\/mekulo.com\/no\/?s={search_term_string}\"},\"query-input\":{\"@type\":\"PropertyValueSpecification\",\"valueRequired\":true,\"valueName\":\"search_term_string\"}}],\"inLanguage\":\"nb-NO\"},{\"@type\":\"Organization\",\"@id\":\"https:\/\/mekulo.com\/no\/#organization\",\"name\":\"Mekulo\",\"url\":\"https:\/\/mekulo.com\/no\/\",\"logo\":{\"@type\":\"ImageObject\",\"inLanguage\":\"nb-NO\",\"@id\":\"https:\/\/mekulo.com\/no\/#\/schema\/logo\/image\/\",\"url\":\"https:\/\/mekulo.com\/no\/wp-content\/uploads\/sites\/10\/2025\/12\/favicon_mekulo.png\",\"contentUrl\":\"https:\/\/mekulo.com\/no\/wp-content\/uploads\/sites\/10\/2025\/12\/favicon_mekulo.png\",\"width\":50,\"height\":50,\"caption\":\"Mekulo\"},\"image\":{\"@id\":\"https:\/\/mekulo.com\/no\/#\/schema\/logo\/image\/\"}}]}<\/script>\n<!-- \/ Yoast SEO plugin. -->","yoast_head_json":{"title":"Buede \u00f8reringer med tre spisser - Mekulo NO","robots":{"index":"index","follow":"follow","max-snippet":"max-snippet:-1","max-image-preview":"max-image-preview:large","max-video-preview":"max-video-preview:-1"},"canonical":"https:\/\/mekulo.com\/no\/produkt\/buede-oreringer-med-tre-spisser\/","og_locale":"nb_NO","og_type":"article","og_title":"Buede \u00f8reringer med tre spisser - Mekulo NO","og_description":"\ud83d\udc8eDisse buede trepunkts\u00f8reringene kombinerer en elegant form med et stilig lagdelt design. Perfekt til hverdagsbruk eller spesielle anledninger. \ud83d\udc57De tilf\u00f8rer eleganse uten \u00e5 f\u00f8les tunge. Den lagdelte trepunktsformen skaper dybde og glans. \u2728Et allsidig tilbeh\u00f8r du kommer til \u00e5 ta frem igjen og igjen. En subtil detalj som gj\u00f8r en stor forskjell.","og_url":"https:\/\/mekulo.com\/no\/produkt\/buede-oreringer-med-tre-spisser\/","og_site_name":"Mekulo NO","article_modified_time":"2026-02-17T05:23:09+00:00","og_image":[{"width":800,"height":800,"url":"https:\/\/mekulo.com\/no\/wp-content\/uploads\/sites\/10\/2026\/02\/5sm6vwi-1.webp","type":"image\/webp"}],"twitter_card":"summary_large_image","twitter_misc":{"Ansl. lesetid":"2 minutter"},"schema":{"@context":"https:\/\/schema.org","@graph":[{"@type":"WebPage","@id":"https:\/\/mekulo.com\/no\/produkt\/buede-oreringer-med-tre-spisser\/","url":"https:\/\/mekulo.com\/no\/produkt\/buede-oreringer-med-tre-spisser\/","name":"Buede \u00f8reringer med tre spisser - Mekulo NO","isPartOf":{"@id":"https:\/\/mekulo.com\/no\/#website"},"primaryImageOfPage":{"@id":"https:\/\/mekulo.com\/no\/produkt\/buede-oreringer-med-tre-spisser\/#primaryimage"},"image":{"@id":"https:\/\/mekulo.com\/no\/produkt\/buede-oreringer-med-tre-spisser\/#primaryimage"},"thumbnailUrl":"https:\/\/mekulo.com\/no\/wp-content\/uploads\/sites\/10\/2026\/02\/5sm6vwi-1.webp","datePublished":"2026-02-17T05:23:00+00:00","dateModified":"2026-02-17T05:23:09+00:00","breadcrumb":{"@id":"https:\/\/mekulo.com\/no\/produkt\/buede-oreringer-med-tre-spisser\/#breadcrumb"},"inLanguage":"nb-NO","potentialAction":[{"@type":"ReadAction","target":["https:\/\/mekulo.com\/no\/produkt\/buede-oreringer-med-tre-spisser\/"]}]},{"@type":"ImageObject","inLanguage":"nb-NO","@id":"https:\/\/mekulo.com\/no\/produkt\/buede-oreringer-med-tre-spisser\/#primaryimage","url":"https:\/\/mekulo.com\/no\/wp-content\/uploads\/sites\/10\/2026\/02\/5sm6vwi-1.webp","contentUrl":"https:\/\/mekulo.com\/no\/wp-content\/uploads\/sites\/10\/2026\/02\/5sm6vwi-1.webp","width":800,"height":800},{"@type":"BreadcrumbList","@id":"https:\/\/mekulo.com\/no\/produkt\/buede-oreringer-med-tre-spisser\/#breadcrumb","itemListElement":[{"@type":"ListItem","position":1,"name":"Home","item":"https:\/\/mekulo.com\/no\/"},{"@type":"ListItem","position":2,"name":"Butikk","item":"https:\/\/mekulo.com\/no\/butikk\/"},{"@type":"ListItem","position":3,"name":"Buede \u00f8reringer med tre spisser"}]},{"@type":"WebSite","@id":"https:\/\/mekulo.com\/no\/#website","url":"https:\/\/mekulo.com\/no\/","name":"Mekulo NO","description":"","publisher":{"@id":"https:\/\/mekulo.com\/no\/#organization"},"potentialAction":[{"@type":"SearchAction","target":{"@type":"EntryPoint","urlTemplate":"https:\/\/mekulo.com\/no\/?s={search_term_string}"},"query-input":{"@type":"PropertyValueSpecification","valueRequired":true,"valueName":"search_term_string"}}],"inLanguage":"nb-NO"},{"@type":"Organization","@id":"https:\/\/mekulo.com\/no\/#organization","name":"Mekulo","url":"https:\/\/mekulo.com\/no\/","logo":{"@type":"ImageObject","inLanguage":"nb-NO","@id":"https:\/\/mekulo.com\/no\/#\/schema\/logo\/image\/","url":"https:\/\/mekulo.com\/no\/wp-content\/uploads\/sites\/10\/2025\/12\/favicon_mekulo.png","contentUrl":"https:\/\/mekulo.com\/no\/wp-content\/uploads\/sites\/10\/2025\/12\/favicon_mekulo.png","width":50,"height":50,"caption":"Mekulo"},"image":{"@id":"https:\/\/mekulo.com\/no\/#\/schema\/logo\/image\/"}}]}},"_links":{"self":[{"href":"https:\/\/mekulo.com\/no\/wp-json\/wp\/v2\/product\/23389","targetHints":{"allow":["GET"]}}],"collection":[{"href":"https:\/\/mekulo.com\/no\/wp-json\/wp\/v2\/product"}],"about":[{"href":"https:\/\/mekulo.com\/no\/wp-json\/wp\/v2\/types\/product"}],"replies":[{"embeddable":true,"href":"https:\/\/mekulo.com\/no\/wp-json\/wp\/v2\/comments?post=23389"}],"wp:featuredmedia":[{"embeddable":true,"href":"https:\/\/mekulo.com\/no\/wp-json\/wp\/v2\/media\/23385"}],"wp:attachment":[{"href":"https:\/\/mekulo.com\/no\/wp-json\/wp\/v2\/media?parent=23389"}],"wp:term":[{"taxonomy":"product_brand","embeddable":true,"href":"https:\/\/mekulo.com\/no\/wp-json\/wp\/v2\/product_brand?post=23389"},{"taxonomy":"product_cat","embeddable":true,"href":"https:\/\/mekulo.com\/no\/wp-json\/wp\/v2\/product_cat?post=23389"},{"taxonomy":"product_tag","embeddable":true,"href":"https:\/\/mekulo.com\/no\/wp-json\/wp\/v2\/product_tag?post=23389"}],"curies":[{"name":"wp","href":"https:\/\/api.w.org\/{rel}","templated":true}]}}