{"id":23363,"date":"2026-02-17T07:21:34","date_gmt":"2026-02-17T05:21:34","guid":{"rendered":"https:\/\/mekulo.com\/no\/produkt\/solbrilleholder-for-bil\/"},"modified":"2026-02-17T07:22:05","modified_gmt":"2026-02-17T05:22:05","slug":"solbrilleholder-for-bil","status":"publish","type":"product","link":"https:\/\/mekulo.com\/no\/produkt\/solbrilleholder-for-bil\/","title":{"rendered":"Solbrilleholder for bil"},"content":{"rendered":"<p style=\"text-align: center\" data-start=\"29\" data-end=\"98\"><strong data-start=\"29\" data-end=\"98\">Hold solbrillene dine trygge, ripefrie og alltid innen rekkevidde. \ud83d\ude99<\/strong><\/p>\n<p data-start=\"29\" data-end=\"98\"><img fetchpriority=\"high\" decoding=\"async\" class=\"size-full wp-image-25023 aligncenter\" src=\"https:\/\/mekulo.com\/template\/wp-content\/uploads\/sites\/6\/2026\/02\/5_1_a6cd11fd-42ce-4a20-b5b8-e23c824a1beb.jpg\" alt=\"\" width=\"990\" height=\"990\" \/><\/p>\n<h2 style=\"text-align: center\" data-start=\"560\" data-end=\"579\"><strong>Hovedfordeler \ud83d\udd76\ufe0f<\/strong><\/h2>\n<p data-start=\"580\" data-end=\"895\">\ud83d\udd76\ufe0f Beskytter brillene dine &#8211; Forhindrer riper og skader.<\/p>\n<p data-start=\"580\" data-end=\"895\">\ud83d\ude97 Tryggere kj\u00f8ring &#8211; Ingen distraksjoner mens du s\u00f8ker.<\/p>\n<p data-start=\"580\" data-end=\"895\">\ud83d\udd12 Dobbelt klemmegrep &#8211; Holder brillene sikkert.<\/p>\n<p data-start=\"580\" data-end=\"895\">\ud83d\udc4c Enh\u00e5nds tilgang &#8211; Rask og enkel bruk.<\/p>\n<p data-start=\"580\" data-end=\"895\">\ud83d\udccf Kompakt design &#8211; hindrer ikke utsikten.<\/p>\n<p data-start=\"580\" data-end=\"895\">\u2728 Stilig utseende &#8211; passer inn i bilinteri\u00f8ret.<\/p>\n<p data-start=\"580\" data-end=\"895\"><img decoding=\"async\" class=\"size-full wp-image-25027 aligncenter\" src=\"https:\/\/mekulo.com\/template\/wp-content\/uploads\/sites\/6\/2026\/02\/S009709e3d3de4cdfaade06b96a4fc542q.webp\" alt=\"\" width=\"1600\" height=\"1600\" \/><\/p>\n<h2 style=\"text-align: center\" data-start=\"902\" data-end=\"918\"><strong>Hvordan Du Bruker \ud83d\udccc<\/strong><\/h2>\n<ol data-start=\"919\" data-end=\"1053\">\n<li data-start=\"919\" data-end=\"952\">\n<p data-start=\"922\" data-end=\"952\">\u00c5pne klemmen p\u00e5 holderen.<\/p>\n<\/li>\n<li data-start=\"953\" data-end=\"992\">\n<p data-start=\"956\" data-end=\"992\">Fest den til bilens solskjerm.<\/p>\n<\/li>\n<li data-start=\"993\" data-end=\"1021\">\n<p data-start=\"996\" data-end=\"1021\">Sett inn solbrillene.<\/p>\n<\/li>\n<li data-start=\"1022\" data-end=\"1053\">\n<p data-start=\"1025\" data-end=\"1053\">Ta dem enkelt av n\u00e5r du trenger dem.<\/p>\n<\/li>\n<\/ol>\n<h2 style=\"text-align: center\" data-start=\"1060\" data-end=\"1081\"><strong>Produktdetaljer \ud83d\udccf<\/strong><\/h2>\n<ul data-start=\"1082\" data-end=\"1215\">\n<li data-start=\"1082\" data-end=\"1107\">\n<p data-start=\"1084\" data-end=\"1107\">Materiale: ABS + metall<\/p>\n<\/li>\n<li data-start=\"1108\" data-end=\"1131\">\n<p data-start=\"1110\" data-end=\"1131\">St\u00f8rrelse: 18 x 8 x 4 cm<\/p>\n<\/li>\n<li data-start=\"1132\" data-end=\"1177\">\n<p data-start=\"1134\" data-end=\"1177\">Installasjon: Klipses p\u00e5 (ingen verkt\u00f8y kreves)<\/p>\n<\/li>\n<li data-start=\"1178\" data-end=\"1215\">\n<p data-start=\"1180\" data-end=\"1215\">Kompatibilitet: Passer til de fleste biler<\/p>\n<\/li>\n<\/ul>\n<h2 style=\"text-align: center\" data-start=\"1222\" data-end=\"1244\"><strong>Pakken Inkluderer \ud83d\udce6<\/strong><\/h2>\n<ul data-start=\"1245\" data-end=\"1274\">\n<li data-start=\"1245\" data-end=\"1274\">\n<p data-start=\"1247\" data-end=\"1274\">1, 2x solbrilleholder til bil.<\/p>\n<\/li>\n<\/ul>\n","protected":false},"excerpt":{"rendered":"<p>\ud83d\ude98 Slutt \u00e5 kaste bort tid p\u00e5 \u00e5 lete etter brillene dine mens du kj\u00f8rer. Denne solbrilleholderen festes sikkert p\u00e5 solskjermen og holder brillene dine pent oppbevart.<br \/>\n\ud83d\udd76\ufe0fA smart oppgradering for tryggere og mer organisert kj\u00f8ring. Den doble klemmedesignen forhindrer at brillene sklir eller faller.<br \/>\n\u2728Du kan enkelt f\u00e5 tilgang til brillene med \u00e9n h\u00e5nd. Kj\u00f8r komfortabelt med solbrillene dine alltid beskyttet og klare.<\/p>\n","protected":false},"featured_media":23359,"comment_status":"open","ping_status":"closed","template":"","meta":{"site-sidebar-layout":"default","site-content-layout":"","ast-site-content-layout":"default","site-content-style":"default","site-sidebar-style":"default","ast-global-header-display":"","ast-banner-title-visibility":"","ast-main-header-display":"","ast-hfb-above-header-display":"","ast-hfb-below-header-display":"","ast-hfb-mobile-header-display":"","site-post-title":"","ast-breadcrumbs-content":"","ast-featured-img":"","footer-sml-layout":"","theme-transparent-header-meta":"default","adv-header-id-meta":"","stick-header-meta":"","header-above-stick-meta":"","header-main-stick-meta":"","header-below-stick-meta":"","astra-migrate-meta-layouts":"set","ast-page-background-enabled":"default","ast-page-background-meta":{"desktop":{"background-color":"var(--ast-global-color-5)","background-image":"","background-repeat":"repeat","background-position":"center center","background-size":"auto","background-attachment":"scroll","background-type":"","background-media":"","overlay-type":"","overlay-color":"","overlay-opacity":"","overlay-gradient":""},"tablet":{"background-color":"","background-image":"","background-repeat":"repeat","background-position":"center center","background-size":"auto","background-attachment":"scroll","background-type":"","background-media":"","overlay-type":"","overlay-color":"","overlay-opacity":"","overlay-gradient":""},"mobile":{"background-color":"","background-image":"","background-repeat":"repeat","background-position":"center center","background-size":"auto","background-attachment":"scroll","background-type":"","background-media":"","overlay-type":"","overlay-color":"","overlay-opacity":"","overlay-gradient":""}},"ast-content-background-meta":{"desktop":{"background-color":"var(--ast-global-color-4)","background-image":"","background-repeat":"repeat","background-position":"center center","background-size":"auto","background-attachment":"scroll","background-type":"","background-media":"","overlay-type":"","overlay-color":"","overlay-opacity":"","overlay-gradient":""},"tablet":{"background-color":"var(--ast-global-color-4)","background-image":"","background-repeat":"repeat","background-position":"center center","background-size":"auto","background-attachment":"scroll","background-type":"","background-media":"","overlay-type":"","overlay-color":"","overlay-opacity":"","overlay-gradient":""},"mobile":{"background-color":"var(--ast-global-color-4)","background-image":"","background-repeat":"repeat","background-position":"center center","background-size":"auto","background-attachment":"scroll","background-type":"","background-media":"","overlay-type":"","overlay-color":"","overlay-opacity":"","overlay-gradient":""}}},"product_brand":[],"product_cat":[161],"product_tag":[],"class_list":{"0":"post-23363","1":"product","2":"type-product","3":"status-publish","4":"has-post-thumbnail","6":"product_cat-bilprodukter","7":"pa_59250_5r5jx4yi-solv-rosegull","8":"pa_59250_5r5jx4yi-solv-svart","9":"pa_59250_5r5jx4yi-svart-rosa-gull","10":"pa_59250_5r5jx4yi-svart-solv","11":"pa_59250_kuejvqfb-1-stk","12":"pa_59250_kuejvqfb-2-stk","13":"desktop-align-left","14":"tablet-align-left","15":"mobile-align-left","17":"first","18":"instock","19":"shipping-taxable","20":"purchasable","21":"product-type-variable","22":"has-default-attributes"},"yoast_head":"<!-- This site is optimized with the Yoast SEO plugin v26.6 - https:\/\/yoast.com\/wordpress\/plugins\/seo\/ -->\n<title>Solbrilleholder for bil - Mekulo NO<\/title>\n<meta name=\"robots\" content=\"index, follow, max-snippet:-1, max-image-preview:large, max-video-preview:-1\" \/>\n<link rel=\"canonical\" href=\"https:\/\/mekulo.com\/no\/produkt\/solbrilleholder-for-bil\/\" \/>\n<meta property=\"og:locale\" content=\"nb_NO\" \/>\n<meta property=\"og:type\" content=\"article\" \/>\n<meta property=\"og:title\" content=\"Solbrilleholder for bil - Mekulo NO\" \/>\n<meta property=\"og:description\" content=\"\ud83d\ude98 Slutt \u00e5 kaste bort tid p\u00e5 \u00e5 lete etter brillene dine mens du kj\u00f8rer. Denne solbrilleholderen festes sikkert p\u00e5 solskjermen og holder brillene dine pent oppbevart. \ud83d\udd76\ufe0fA smart oppgradering for tryggere og mer organisert kj\u00f8ring. Den doble klemmedesignen forhindrer at brillene sklir eller faller. \u2728Du kan enkelt f\u00e5 tilgang til brillene med \u00e9n h\u00e5nd. Kj\u00f8r komfortabelt med solbrillene dine alltid beskyttet og klare.\" \/>\n<meta property=\"og:url\" content=\"https:\/\/mekulo.com\/no\/produkt\/solbrilleholder-for-bil\/\" \/>\n<meta property=\"og:site_name\" content=\"Mekulo NO\" \/>\n<meta property=\"article:modified_time\" content=\"2026-02-17T05:22:05+00:00\" \/>\n<meta property=\"og:image\" content=\"https:\/\/mekulo.com\/no\/wp-content\/uploads\/sites\/10\/2026\/02\/ccxomzw-1.jpg\" \/>\n\t<meta property=\"og:image:width\" content=\"990\" \/>\n\t<meta property=\"og:image:height\" content=\"990\" \/>\n\t<meta property=\"og:image:type\" content=\"image\/jpeg\" \/>\n<meta name=\"twitter:card\" content=\"summary_large_image\" \/>\n<meta name=\"twitter:label1\" content=\"Ansl. lesetid\" \/>\n\t<meta name=\"twitter:data1\" content=\"2 minutter\" \/>\n<script type=\"application\/ld+json\" class=\"yoast-schema-graph\">{\"@context\":\"https:\/\/schema.org\",\"@graph\":[{\"@type\":\"WebPage\",\"@id\":\"https:\/\/mekulo.com\/no\/produkt\/solbrilleholder-for-bil\/\",\"url\":\"https:\/\/mekulo.com\/no\/produkt\/solbrilleholder-for-bil\/\",\"name\":\"Solbrilleholder for bil - Mekulo NO\",\"isPartOf\":{\"@id\":\"https:\/\/mekulo.com\/no\/#website\"},\"primaryImageOfPage\":{\"@id\":\"https:\/\/mekulo.com\/no\/produkt\/solbrilleholder-for-bil\/#primaryimage\"},\"image\":{\"@id\":\"https:\/\/mekulo.com\/no\/produkt\/solbrilleholder-for-bil\/#primaryimage\"},\"thumbnailUrl\":\"https:\/\/mekulo.com\/no\/wp-content\/uploads\/sites\/10\/2026\/02\/ccxomzw-1.jpg\",\"datePublished\":\"2026-02-17T05:21:34+00:00\",\"dateModified\":\"2026-02-17T05:22:05+00:00\",\"breadcrumb\":{\"@id\":\"https:\/\/mekulo.com\/no\/produkt\/solbrilleholder-for-bil\/#breadcrumb\"},\"inLanguage\":\"nb-NO\",\"potentialAction\":[{\"@type\":\"ReadAction\",\"target\":[\"https:\/\/mekulo.com\/no\/produkt\/solbrilleholder-for-bil\/\"]}]},{\"@type\":\"ImageObject\",\"inLanguage\":\"nb-NO\",\"@id\":\"https:\/\/mekulo.com\/no\/produkt\/solbrilleholder-for-bil\/#primaryimage\",\"url\":\"https:\/\/mekulo.com\/no\/wp-content\/uploads\/sites\/10\/2026\/02\/ccxomzw-1.jpg\",\"contentUrl\":\"https:\/\/mekulo.com\/no\/wp-content\/uploads\/sites\/10\/2026\/02\/ccxomzw-1.jpg\",\"width\":990,\"height\":990},{\"@type\":\"BreadcrumbList\",\"@id\":\"https:\/\/mekulo.com\/no\/produkt\/solbrilleholder-for-bil\/#breadcrumb\",\"itemListElement\":[{\"@type\":\"ListItem\",\"position\":1,\"name\":\"Home\",\"item\":\"https:\/\/mekulo.com\/no\/\"},{\"@type\":\"ListItem\",\"position\":2,\"name\":\"Butikk\",\"item\":\"https:\/\/mekulo.com\/no\/butikk\/\"},{\"@type\":\"ListItem\",\"position\":3,\"name\":\"Solbrilleholder for bil\"}]},{\"@type\":\"WebSite\",\"@id\":\"https:\/\/mekulo.com\/no\/#website\",\"url\":\"https:\/\/mekulo.com\/no\/\",\"name\":\"Mekulo NO\",\"description\":\"\",\"publisher\":{\"@id\":\"https:\/\/mekulo.com\/no\/#organization\"},\"potentialAction\":[{\"@type\":\"SearchAction\",\"target\":{\"@type\":\"EntryPoint\",\"urlTemplate\":\"https:\/\/mekulo.com\/no\/?s={search_term_string}\"},\"query-input\":{\"@type\":\"PropertyValueSpecification\",\"valueRequired\":true,\"valueName\":\"search_term_string\"}}],\"inLanguage\":\"nb-NO\"},{\"@type\":\"Organization\",\"@id\":\"https:\/\/mekulo.com\/no\/#organization\",\"name\":\"Mekulo\",\"url\":\"https:\/\/mekulo.com\/no\/\",\"logo\":{\"@type\":\"ImageObject\",\"inLanguage\":\"nb-NO\",\"@id\":\"https:\/\/mekulo.com\/no\/#\/schema\/logo\/image\/\",\"url\":\"https:\/\/mekulo.com\/no\/wp-content\/uploads\/sites\/10\/2025\/12\/favicon_mekulo.png\",\"contentUrl\":\"https:\/\/mekulo.com\/no\/wp-content\/uploads\/sites\/10\/2025\/12\/favicon_mekulo.png\",\"width\":50,\"height\":50,\"caption\":\"Mekulo\"},\"image\":{\"@id\":\"https:\/\/mekulo.com\/no\/#\/schema\/logo\/image\/\"}}]}<\/script>\n<!-- \/ Yoast SEO plugin. -->","yoast_head_json":{"title":"Solbrilleholder for bil - Mekulo NO","robots":{"index":"index","follow":"follow","max-snippet":"max-snippet:-1","max-image-preview":"max-image-preview:large","max-video-preview":"max-video-preview:-1"},"canonical":"https:\/\/mekulo.com\/no\/produkt\/solbrilleholder-for-bil\/","og_locale":"nb_NO","og_type":"article","og_title":"Solbrilleholder for bil - Mekulo NO","og_description":"\ud83d\ude98 Slutt \u00e5 kaste bort tid p\u00e5 \u00e5 lete etter brillene dine mens du kj\u00f8rer. Denne solbrilleholderen festes sikkert p\u00e5 solskjermen og holder brillene dine pent oppbevart. \ud83d\udd76\ufe0fA smart oppgradering for tryggere og mer organisert kj\u00f8ring. Den doble klemmedesignen forhindrer at brillene sklir eller faller. \u2728Du kan enkelt f\u00e5 tilgang til brillene med \u00e9n h\u00e5nd. Kj\u00f8r komfortabelt med solbrillene dine alltid beskyttet og klare.","og_url":"https:\/\/mekulo.com\/no\/produkt\/solbrilleholder-for-bil\/","og_site_name":"Mekulo NO","article_modified_time":"2026-02-17T05:22:05+00:00","og_image":[{"width":990,"height":990,"url":"https:\/\/mekulo.com\/no\/wp-content\/uploads\/sites\/10\/2026\/02\/ccxomzw-1.jpg","type":"image\/jpeg"}],"twitter_card":"summary_large_image","twitter_misc":{"Ansl. lesetid":"2 minutter"},"schema":{"@context":"https:\/\/schema.org","@graph":[{"@type":"WebPage","@id":"https:\/\/mekulo.com\/no\/produkt\/solbrilleholder-for-bil\/","url":"https:\/\/mekulo.com\/no\/produkt\/solbrilleholder-for-bil\/","name":"Solbrilleholder for bil - Mekulo NO","isPartOf":{"@id":"https:\/\/mekulo.com\/no\/#website"},"primaryImageOfPage":{"@id":"https:\/\/mekulo.com\/no\/produkt\/solbrilleholder-for-bil\/#primaryimage"},"image":{"@id":"https:\/\/mekulo.com\/no\/produkt\/solbrilleholder-for-bil\/#primaryimage"},"thumbnailUrl":"https:\/\/mekulo.com\/no\/wp-content\/uploads\/sites\/10\/2026\/02\/ccxomzw-1.jpg","datePublished":"2026-02-17T05:21:34+00:00","dateModified":"2026-02-17T05:22:05+00:00","breadcrumb":{"@id":"https:\/\/mekulo.com\/no\/produkt\/solbrilleholder-for-bil\/#breadcrumb"},"inLanguage":"nb-NO","potentialAction":[{"@type":"ReadAction","target":["https:\/\/mekulo.com\/no\/produkt\/solbrilleholder-for-bil\/"]}]},{"@type":"ImageObject","inLanguage":"nb-NO","@id":"https:\/\/mekulo.com\/no\/produkt\/solbrilleholder-for-bil\/#primaryimage","url":"https:\/\/mekulo.com\/no\/wp-content\/uploads\/sites\/10\/2026\/02\/ccxomzw-1.jpg","contentUrl":"https:\/\/mekulo.com\/no\/wp-content\/uploads\/sites\/10\/2026\/02\/ccxomzw-1.jpg","width":990,"height":990},{"@type":"BreadcrumbList","@id":"https:\/\/mekulo.com\/no\/produkt\/solbrilleholder-for-bil\/#breadcrumb","itemListElement":[{"@type":"ListItem","position":1,"name":"Home","item":"https:\/\/mekulo.com\/no\/"},{"@type":"ListItem","position":2,"name":"Butikk","item":"https:\/\/mekulo.com\/no\/butikk\/"},{"@type":"ListItem","position":3,"name":"Solbrilleholder for bil"}]},{"@type":"WebSite","@id":"https:\/\/mekulo.com\/no\/#website","url":"https:\/\/mekulo.com\/no\/","name":"Mekulo NO","description":"","publisher":{"@id":"https:\/\/mekulo.com\/no\/#organization"},"potentialAction":[{"@type":"SearchAction","target":{"@type":"EntryPoint","urlTemplate":"https:\/\/mekulo.com\/no\/?s={search_term_string}"},"query-input":{"@type":"PropertyValueSpecification","valueRequired":true,"valueName":"search_term_string"}}],"inLanguage":"nb-NO"},{"@type":"Organization","@id":"https:\/\/mekulo.com\/no\/#organization","name":"Mekulo","url":"https:\/\/mekulo.com\/no\/","logo":{"@type":"ImageObject","inLanguage":"nb-NO","@id":"https:\/\/mekulo.com\/no\/#\/schema\/logo\/image\/","url":"https:\/\/mekulo.com\/no\/wp-content\/uploads\/sites\/10\/2025\/12\/favicon_mekulo.png","contentUrl":"https:\/\/mekulo.com\/no\/wp-content\/uploads\/sites\/10\/2025\/12\/favicon_mekulo.png","width":50,"height":50,"caption":"Mekulo"},"image":{"@id":"https:\/\/mekulo.com\/no\/#\/schema\/logo\/image\/"}}]}},"_links":{"self":[{"href":"https:\/\/mekulo.com\/no\/wp-json\/wp\/v2\/product\/23363","targetHints":{"allow":["GET"]}}],"collection":[{"href":"https:\/\/mekulo.com\/no\/wp-json\/wp\/v2\/product"}],"about":[{"href":"https:\/\/mekulo.com\/no\/wp-json\/wp\/v2\/types\/product"}],"replies":[{"embeddable":true,"href":"https:\/\/mekulo.com\/no\/wp-json\/wp\/v2\/comments?post=23363"}],"wp:featuredmedia":[{"embeddable":true,"href":"https:\/\/mekulo.com\/no\/wp-json\/wp\/v2\/media\/23359"}],"wp:attachment":[{"href":"https:\/\/mekulo.com\/no\/wp-json\/wp\/v2\/media?parent=23363"}],"wp:term":[{"taxonomy":"product_brand","embeddable":true,"href":"https:\/\/mekulo.com\/no\/wp-json\/wp\/v2\/product_brand?post=23363"},{"taxonomy":"product_cat","embeddable":true,"href":"https:\/\/mekulo.com\/no\/wp-json\/wp\/v2\/product_cat?post=23363"},{"taxonomy":"product_tag","embeddable":true,"href":"https:\/\/mekulo.com\/no\/wp-json\/wp\/v2\/product_tag?post=23363"}],"curies":[{"name":"wp","href":"https:\/\/api.w.org\/{rel}","templated":true}]}}