{"id":23344,"date":"2026-02-17T07:19:44","date_gmt":"2026-02-17T05:19:44","guid":{"rendered":"https:\/\/mekulo.com\/no\/produkt\/multifunksjonell-stangholder-4-par\/"},"modified":"2026-03-02T14:12:41","modified_gmt":"2026-03-02T12:12:41","slug":"multifunksjonell-stangholder-4-par","status":"publish","type":"product","link":"https:\/\/mekulo.com\/no\/produkt\/multifunksjonell-stangholder-4-par\/","title":{"rendered":"Multifunksjonell stangholder (4 par)"},"content":{"rendered":"<p style=\"text-align: center;\" data-start=\"34\" data-end=\"95\"><strong data-start=\"34\" data-end=\"95\">Hold fiskestengene dine beskyttet og perfekt organisert. \ud83d\udc1f<\/strong><\/p>\n<p data-start=\"34\" data-end=\"95\"><img fetchpriority=\"high\" decoding=\"async\" class=\"size-full wp-image-25009 aligncenter\" src=\"https:\/\/mekulo.com\/template\/wp-content\/uploads\/sites\/6\/2026\/02\/S5d318d3b4b3f408dba4fab9ceb6dcae71.jpg\" alt=\"\" width=\"1080\" height=\"1080\" \/><\/p>\n<h2 style=\"text-align: center;\" data-start=\"523\" data-end=\"542\">Hovedfordeler \ud83c\udfa3<\/h2>\n<p data-start=\"543\" data-end=\"855\">\ud83c\udfa3 Beskytter stengene dine &#8211; Forhindrer riper og skader.<\/p>\n<p data-start=\"543\" data-end=\"855\">\ud83d\udd12 Sterkt grep &#8211; Stengene holder seg godt p\u00e5 plass.<\/p>\n<p data-start=\"543\" data-end=\"855\">\ud83e\uddf3 Enkel transport &#8211; Bind flere stenger sammen.<\/p>\n<p data-start=\"543\" data-end=\"855\">\u26a1 Enh\u00e5ndsbetjening &#8211; Rask og praktisk.<\/p>\n<p data-start=\"543\" data-end=\"855\">\ud83e\uddf9 Forhindrer floker &#8211; Ikke mer rotete utstyr.<\/p>\n<p data-start=\"543\" data-end=\"855\">\ud83c\udfe0 Plassbesparende &#8211; holder orden p\u00e5 oppbevaringsomr\u00e5dene.<\/p>\n<p data-start=\"543\" data-end=\"855\"><img decoding=\"async\" class=\"size-full wp-image-25010 aligncenter\" src=\"https:\/\/mekulo.com\/template\/wp-content\/uploads\/sites\/6\/2026\/02\/ecf2e09a-1952-4098-bd3f-b6f4326c6562.jpg\" alt=\"\" width=\"1000\" height=\"1000\" \/><\/p>\n<h2 style=\"text-align: center;\" data-start=\"862\" data-end=\"878\">Hvordan Du Bruker \ud83d\udccc<\/h2>\n<ol data-start=\"879\" data-end=\"1047\">\n<li data-start=\"879\" data-end=\"917\">\n<p data-start=\"882\" data-end=\"917\">Sett fiskestengene sammen.<\/p>\n<\/li>\n<li data-start=\"918\" data-end=\"963\">\n<p data-start=\"921\" data-end=\"963\">Vikle den elastiske holderen rundt stengene.<\/p>\n<\/li>\n<li data-start=\"964\" data-end=\"1007\">\n<p data-start=\"967\" data-end=\"1007\">Fest den ved hjelp av l\u00e5sestrukturen.<\/p>\n<\/li>\n<li data-start=\"1008\" data-end=\"1047\">\n<p data-start=\"1011\" data-end=\"1047\">Fjern den raskt n\u00e5r du er klar til \u00e5 fiske.<\/p>\n<\/li>\n<\/ol>\n<h2 style=\"text-align: center;\" data-start=\"1054\" data-end=\"1075\">Produktdetaljer \ud83d\udccf<\/h2>\n<ul data-start=\"1076\" data-end=\"1247\">\n<li data-start=\"1076\" data-end=\"1125\">\n<p data-start=\"1078\" data-end=\"1125\">Materiale: Plast, ABS, elastisk gummi (EPDM)<\/p>\n<\/li>\n<li data-start=\"1126\" data-end=\"1169\">\n<p data-start=\"1128\" data-end=\"1169\">Design: H\u00f8yelastisk b\u00e5nd + dobbel l\u00e5s<\/p>\n<\/li>\n<li data-start=\"1170\" data-end=\"1211\">\n<p data-start=\"1172\" data-end=\"1211\">Funksjon: Stangbeskyttelse og bunting<\/p>\n<\/li>\n<li data-start=\"1212\" data-end=\"1247\">\n<p data-start=\"1214\" data-end=\"1247\">Bruk: Oppbevaring og transport<\/p>\n<\/li>\n<li data-start=\"1212\" data-end=\"1247\">St\u00f8rrelse: 4,5 x 3 cm<\/li>\n<\/ul>\n<h2 style=\"text-align: center;\" data-start=\"1314\" data-end=\"1336\">Pakken Inkluderer \ud83d\udce6<\/h2>\n<ul data-start=\"1337\" data-end=\"1371\">\n<li data-start=\"1337\" data-end=\"1371\">\n<p data-start=\"1339\" data-end=\"1371\">4x par multifunksjonelle stangholdere (8 stk).<\/p>\n<\/li>\n<\/ul>\n","protected":false},"excerpt":{"rendered":"<p>\ud83c\udfa3Denne multifunksjonelle stangholderen binder og beskytter stengene dine p\u00e5 en sikker m\u00e5te<br \/>\n\ud83d\udea3Den forhindrer riper, st\u00f8t og st\u00f8v under oppbevaring eller transport. En enkel l\u00f8sning for \u00e5 holde utstyret ditt pent og klart. Det h\u00f8yelastiske b\u00e5ndet holder stengene tett sammen.<br \/>\n\ud83d\udc1fDu kan enkelt feste eller fjerne det med \u00e9n h\u00e5nd. Et uunnv\u00e6rlig tilbeh\u00f8r for tryggere, renere og enklere fisketurer. \u2728<\/p>\n","protected":false},"featured_media":23340,"comment_status":"open","ping_status":"closed","template":"","meta":{"site-sidebar-layout":"default","site-content-layout":"","ast-site-content-layout":"default","site-content-style":"default","site-sidebar-style":"default","ast-global-header-display":"","ast-banner-title-visibility":"","ast-main-header-display":"","ast-hfb-above-header-display":"","ast-hfb-below-header-display":"","ast-hfb-mobile-header-display":"","site-post-title":"","ast-breadcrumbs-content":"","ast-featured-img":"","footer-sml-layout":"","theme-transparent-header-meta":"default","adv-header-id-meta":"","stick-header-meta":"","header-above-stick-meta":"","header-main-stick-meta":"","header-below-stick-meta":"","astra-migrate-meta-layouts":"set","ast-page-background-enabled":"default","ast-page-background-meta":{"desktop":{"background-color":"var(--ast-global-color-5)","background-image":"","background-repeat":"repeat","background-position":"center center","background-size":"auto","background-attachment":"scroll","background-type":"","background-media":"","overlay-type":"","overlay-color":"","overlay-opacity":"","overlay-gradient":""},"tablet":{"background-color":"","background-image":"","background-repeat":"repeat","background-position":"center center","background-size":"auto","background-attachment":"scroll","background-type":"","background-media":"","overlay-type":"","overlay-color":"","overlay-opacity":"","overlay-gradient":""},"mobile":{"background-color":"","background-image":"","background-repeat":"repeat","background-position":"center center","background-size":"auto","background-attachment":"scroll","background-type":"","background-media":"","overlay-type":"","overlay-color":"","overlay-opacity":"","overlay-gradient":""}},"ast-content-background-meta":{"desktop":{"background-color":"var(--ast-global-color-4)","background-image":"","background-repeat":"repeat","background-position":"center center","background-size":"auto","background-attachment":"scroll","background-type":"","background-media":"","overlay-type":"","overlay-color":"","overlay-opacity":"","overlay-gradient":""},"tablet":{"background-color":"var(--ast-global-color-4)","background-image":"","background-repeat":"repeat","background-position":"center center","background-size":"auto","background-attachment":"scroll","background-type":"","background-media":"","overlay-type":"","overlay-color":"","overlay-opacity":"","overlay-gradient":""},"mobile":{"background-color":"var(--ast-global-color-4)","background-image":"","background-repeat":"repeat","background-position":"center center","background-size":"auto","background-attachment":"scroll","background-type":"","background-media":"","overlay-type":"","overlay-color":"","overlay-opacity":"","overlay-gradient":""}}},"product_brand":[],"product_cat":[167],"product_tag":[],"class_list":{"0":"post-23344","1":"product","2":"type-product","3":"status-publish","4":"has-post-thumbnail","6":"product_cat-fotturer-camping-og-fritidsartikler","7":"pa_59229_nx1x7tc5-bla","8":"pa_59229_nx1x7tc5-bland","9":"pa_59229_nx1x7tc5-gronn","10":"pa_59229_nx1x7tc5-oransje","11":"pa_59229_nx1x7tc5-rosa","12":"desktop-align-left","13":"tablet-align-left","14":"mobile-align-left","16":"first","17":"instock","18":"shipping-taxable","19":"purchasable","20":"product-type-variable"},"yoast_head":"<!-- This site is optimized with the Yoast SEO plugin v26.6 - https:\/\/yoast.com\/wordpress\/plugins\/seo\/ -->\n<title>Multifunksjonell stangholder (4 par) - Mekulo NO<\/title>\n<meta name=\"robots\" content=\"index, follow, max-snippet:-1, max-image-preview:large, max-video-preview:-1\" \/>\n<link rel=\"canonical\" href=\"https:\/\/mekulo.com\/no\/produkt\/multifunksjonell-stangholder-4-par\/\" \/>\n<meta property=\"og:locale\" content=\"nb_NO\" \/>\n<meta property=\"og:type\" content=\"article\" \/>\n<meta property=\"og:title\" content=\"Multifunksjonell stangholder (4 par) - Mekulo NO\" \/>\n<meta property=\"og:description\" content=\"\ud83c\udfa3Denne multifunksjonelle stangholderen binder og beskytter stengene dine p\u00e5 en sikker m\u00e5te \ud83d\udea3Den forhindrer riper, st\u00f8t og st\u00f8v under oppbevaring eller transport. En enkel l\u00f8sning for \u00e5 holde utstyret ditt pent og klart. Det h\u00f8yelastiske b\u00e5ndet holder stengene tett sammen. \ud83d\udc1fDu kan enkelt feste eller fjerne det med \u00e9n h\u00e5nd. Et uunnv\u00e6rlig tilbeh\u00f8r for tryggere, renere og enklere fisketurer. \u2728\" \/>\n<meta property=\"og:url\" content=\"https:\/\/mekulo.com\/no\/produkt\/multifunksjonell-stangholder-4-par\/\" \/>\n<meta property=\"og:site_name\" content=\"Mekulo NO\" \/>\n<meta property=\"article:modified_time\" content=\"2026-03-02T12:12:41+00:00\" \/>\n<meta property=\"og:image\" content=\"https:\/\/mekulo.com\/no\/wp-content\/uploads\/sites\/10\/2026\/02\/gtmdibj-1.jpg\" \/>\n\t<meta property=\"og:image:width\" content=\"800\" \/>\n\t<meta property=\"og:image:height\" content=\"800\" \/>\n\t<meta property=\"og:image:type\" content=\"image\/jpeg\" \/>\n<meta name=\"twitter:card\" content=\"summary_large_image\" \/>\n<meta name=\"twitter:label1\" content=\"Ansl. lesetid\" \/>\n\t<meta name=\"twitter:data1\" content=\"2 minutter\" \/>\n<script type=\"application\/ld+json\" class=\"yoast-schema-graph\">{\"@context\":\"https:\/\/schema.org\",\"@graph\":[{\"@type\":\"WebPage\",\"@id\":\"https:\/\/mekulo.com\/no\/produkt\/multifunksjonell-stangholder-4-par\/\",\"url\":\"https:\/\/mekulo.com\/no\/produkt\/multifunksjonell-stangholder-4-par\/\",\"name\":\"Multifunksjonell stangholder (4 par) - Mekulo NO\",\"isPartOf\":{\"@id\":\"https:\/\/mekulo.com\/no\/#website\"},\"primaryImageOfPage\":{\"@id\":\"https:\/\/mekulo.com\/no\/produkt\/multifunksjonell-stangholder-4-par\/#primaryimage\"},\"image\":{\"@id\":\"https:\/\/mekulo.com\/no\/produkt\/multifunksjonell-stangholder-4-par\/#primaryimage\"},\"thumbnailUrl\":\"https:\/\/mekulo.com\/no\/wp-content\/uploads\/sites\/10\/2026\/02\/gtmdibj-1.jpg\",\"datePublished\":\"2026-02-17T05:19:44+00:00\",\"dateModified\":\"2026-03-02T12:12:41+00:00\",\"breadcrumb\":{\"@id\":\"https:\/\/mekulo.com\/no\/produkt\/multifunksjonell-stangholder-4-par\/#breadcrumb\"},\"inLanguage\":\"nb-NO\",\"potentialAction\":[{\"@type\":\"ReadAction\",\"target\":[\"https:\/\/mekulo.com\/no\/produkt\/multifunksjonell-stangholder-4-par\/\"]}]},{\"@type\":\"ImageObject\",\"inLanguage\":\"nb-NO\",\"@id\":\"https:\/\/mekulo.com\/no\/produkt\/multifunksjonell-stangholder-4-par\/#primaryimage\",\"url\":\"https:\/\/mekulo.com\/no\/wp-content\/uploads\/sites\/10\/2026\/02\/gtmdibj-1.jpg\",\"contentUrl\":\"https:\/\/mekulo.com\/no\/wp-content\/uploads\/sites\/10\/2026\/02\/gtmdibj-1.jpg\",\"width\":800,\"height\":800},{\"@type\":\"BreadcrumbList\",\"@id\":\"https:\/\/mekulo.com\/no\/produkt\/multifunksjonell-stangholder-4-par\/#breadcrumb\",\"itemListElement\":[{\"@type\":\"ListItem\",\"position\":1,\"name\":\"Home\",\"item\":\"https:\/\/mekulo.com\/no\/\"},{\"@type\":\"ListItem\",\"position\":2,\"name\":\"Butikk\",\"item\":\"https:\/\/mekulo.com\/no\/butikk\/\"},{\"@type\":\"ListItem\",\"position\":3,\"name\":\"Multifunksjonell stangholder (4 par)\"}]},{\"@type\":\"WebSite\",\"@id\":\"https:\/\/mekulo.com\/no\/#website\",\"url\":\"https:\/\/mekulo.com\/no\/\",\"name\":\"Mekulo NO\",\"description\":\"\",\"publisher\":{\"@id\":\"https:\/\/mekulo.com\/no\/#organization\"},\"potentialAction\":[{\"@type\":\"SearchAction\",\"target\":{\"@type\":\"EntryPoint\",\"urlTemplate\":\"https:\/\/mekulo.com\/no\/?s={search_term_string}\"},\"query-input\":{\"@type\":\"PropertyValueSpecification\",\"valueRequired\":true,\"valueName\":\"search_term_string\"}}],\"inLanguage\":\"nb-NO\"},{\"@type\":\"Organization\",\"@id\":\"https:\/\/mekulo.com\/no\/#organization\",\"name\":\"Mekulo\",\"url\":\"https:\/\/mekulo.com\/no\/\",\"logo\":{\"@type\":\"ImageObject\",\"inLanguage\":\"nb-NO\",\"@id\":\"https:\/\/mekulo.com\/no\/#\/schema\/logo\/image\/\",\"url\":\"https:\/\/mekulo.com\/no\/wp-content\/uploads\/sites\/10\/2025\/12\/favicon_mekulo.png\",\"contentUrl\":\"https:\/\/mekulo.com\/no\/wp-content\/uploads\/sites\/10\/2025\/12\/favicon_mekulo.png\",\"width\":50,\"height\":50,\"caption\":\"Mekulo\"},\"image\":{\"@id\":\"https:\/\/mekulo.com\/no\/#\/schema\/logo\/image\/\"}}]}<\/script>\n<!-- \/ Yoast SEO plugin. -->","yoast_head_json":{"title":"Multifunksjonell stangholder (4 par) - Mekulo NO","robots":{"index":"index","follow":"follow","max-snippet":"max-snippet:-1","max-image-preview":"max-image-preview:large","max-video-preview":"max-video-preview:-1"},"canonical":"https:\/\/mekulo.com\/no\/produkt\/multifunksjonell-stangholder-4-par\/","og_locale":"nb_NO","og_type":"article","og_title":"Multifunksjonell stangholder (4 par) - Mekulo NO","og_description":"\ud83c\udfa3Denne multifunksjonelle stangholderen binder og beskytter stengene dine p\u00e5 en sikker m\u00e5te \ud83d\udea3Den forhindrer riper, st\u00f8t og st\u00f8v under oppbevaring eller transport. En enkel l\u00f8sning for \u00e5 holde utstyret ditt pent og klart. Det h\u00f8yelastiske b\u00e5ndet holder stengene tett sammen. \ud83d\udc1fDu kan enkelt feste eller fjerne det med \u00e9n h\u00e5nd. Et uunnv\u00e6rlig tilbeh\u00f8r for tryggere, renere og enklere fisketurer. \u2728","og_url":"https:\/\/mekulo.com\/no\/produkt\/multifunksjonell-stangholder-4-par\/","og_site_name":"Mekulo NO","article_modified_time":"2026-03-02T12:12:41+00:00","og_image":[{"width":800,"height":800,"url":"https:\/\/mekulo.com\/no\/wp-content\/uploads\/sites\/10\/2026\/02\/gtmdibj-1.jpg","type":"image\/jpeg"}],"twitter_card":"summary_large_image","twitter_misc":{"Ansl. lesetid":"2 minutter"},"schema":{"@context":"https:\/\/schema.org","@graph":[{"@type":"WebPage","@id":"https:\/\/mekulo.com\/no\/produkt\/multifunksjonell-stangholder-4-par\/","url":"https:\/\/mekulo.com\/no\/produkt\/multifunksjonell-stangholder-4-par\/","name":"Multifunksjonell stangholder (4 par) - Mekulo NO","isPartOf":{"@id":"https:\/\/mekulo.com\/no\/#website"},"primaryImageOfPage":{"@id":"https:\/\/mekulo.com\/no\/produkt\/multifunksjonell-stangholder-4-par\/#primaryimage"},"image":{"@id":"https:\/\/mekulo.com\/no\/produkt\/multifunksjonell-stangholder-4-par\/#primaryimage"},"thumbnailUrl":"https:\/\/mekulo.com\/no\/wp-content\/uploads\/sites\/10\/2026\/02\/gtmdibj-1.jpg","datePublished":"2026-02-17T05:19:44+00:00","dateModified":"2026-03-02T12:12:41+00:00","breadcrumb":{"@id":"https:\/\/mekulo.com\/no\/produkt\/multifunksjonell-stangholder-4-par\/#breadcrumb"},"inLanguage":"nb-NO","potentialAction":[{"@type":"ReadAction","target":["https:\/\/mekulo.com\/no\/produkt\/multifunksjonell-stangholder-4-par\/"]}]},{"@type":"ImageObject","inLanguage":"nb-NO","@id":"https:\/\/mekulo.com\/no\/produkt\/multifunksjonell-stangholder-4-par\/#primaryimage","url":"https:\/\/mekulo.com\/no\/wp-content\/uploads\/sites\/10\/2026\/02\/gtmdibj-1.jpg","contentUrl":"https:\/\/mekulo.com\/no\/wp-content\/uploads\/sites\/10\/2026\/02\/gtmdibj-1.jpg","width":800,"height":800},{"@type":"BreadcrumbList","@id":"https:\/\/mekulo.com\/no\/produkt\/multifunksjonell-stangholder-4-par\/#breadcrumb","itemListElement":[{"@type":"ListItem","position":1,"name":"Home","item":"https:\/\/mekulo.com\/no\/"},{"@type":"ListItem","position":2,"name":"Butikk","item":"https:\/\/mekulo.com\/no\/butikk\/"},{"@type":"ListItem","position":3,"name":"Multifunksjonell stangholder (4 par)"}]},{"@type":"WebSite","@id":"https:\/\/mekulo.com\/no\/#website","url":"https:\/\/mekulo.com\/no\/","name":"Mekulo NO","description":"","publisher":{"@id":"https:\/\/mekulo.com\/no\/#organization"},"potentialAction":[{"@type":"SearchAction","target":{"@type":"EntryPoint","urlTemplate":"https:\/\/mekulo.com\/no\/?s={search_term_string}"},"query-input":{"@type":"PropertyValueSpecification","valueRequired":true,"valueName":"search_term_string"}}],"inLanguage":"nb-NO"},{"@type":"Organization","@id":"https:\/\/mekulo.com\/no\/#organization","name":"Mekulo","url":"https:\/\/mekulo.com\/no\/","logo":{"@type":"ImageObject","inLanguage":"nb-NO","@id":"https:\/\/mekulo.com\/no\/#\/schema\/logo\/image\/","url":"https:\/\/mekulo.com\/no\/wp-content\/uploads\/sites\/10\/2025\/12\/favicon_mekulo.png","contentUrl":"https:\/\/mekulo.com\/no\/wp-content\/uploads\/sites\/10\/2025\/12\/favicon_mekulo.png","width":50,"height":50,"caption":"Mekulo"},"image":{"@id":"https:\/\/mekulo.com\/no\/#\/schema\/logo\/image\/"}}]}},"_links":{"self":[{"href":"https:\/\/mekulo.com\/no\/wp-json\/wp\/v2\/product\/23344","targetHints":{"allow":["GET"]}}],"collection":[{"href":"https:\/\/mekulo.com\/no\/wp-json\/wp\/v2\/product"}],"about":[{"href":"https:\/\/mekulo.com\/no\/wp-json\/wp\/v2\/types\/product"}],"replies":[{"embeddable":true,"href":"https:\/\/mekulo.com\/no\/wp-json\/wp\/v2\/comments?post=23344"}],"wp:featuredmedia":[{"embeddable":true,"href":"https:\/\/mekulo.com\/no\/wp-json\/wp\/v2\/media\/23340"}],"wp:attachment":[{"href":"https:\/\/mekulo.com\/no\/wp-json\/wp\/v2\/media?parent=23344"}],"wp:term":[{"taxonomy":"product_brand","embeddable":true,"href":"https:\/\/mekulo.com\/no\/wp-json\/wp\/v2\/product_brand?post=23344"},{"taxonomy":"product_cat","embeddable":true,"href":"https:\/\/mekulo.com\/no\/wp-json\/wp\/v2\/product_cat?post=23344"},{"taxonomy":"product_tag","embeddable":true,"href":"https:\/\/mekulo.com\/no\/wp-json\/wp\/v2\/product_tag?post=23344"}],"curies":[{"name":"wp","href":"https:\/\/api.w.org\/{rel}","templated":true}]}}