{"id":23270,"date":"2026-02-17T07:15:55","date_gmt":"2026-02-17T05:15:55","guid":{"rendered":"https:\/\/mekulo.com\/no\/produkt\/360-roterbar-kranforlenger\/"},"modified":"2026-02-17T07:17:33","modified_gmt":"2026-02-17T05:17:33","slug":"360-roterbar-kranforlenger","status":"publish","type":"product","link":"https:\/\/mekulo.com\/no\/produkt\/360-roterbar-kranforlenger\/","title":{"rendered":"360\u00b0 roterbar kranforlenger"},"content":{"rendered":"<p style=\"text-align: center\" data-start=\"21\" data-end=\"79\"><strong data-start=\"21\" data-end=\"79\">Forleng, roter og kontroller vannstr\u00f8mmen enkelt. \ud83d\udca7<\/strong><\/p>\n<p data-start=\"21\" data-end=\"79\"><img fetchpriority=\"high\" decoding=\"async\" class=\" wp-image-24933 aligncenter\" src=\"https:\/\/mekulo.com\/template\/wp-content\/uploads\/sites\/6\/2026\/02\/02_2_480x480_1c2edf74-a2ed-4750-8909-004821a9a2a3_1.webp\" alt=\"\" width=\"550\" height=\"550\" \/><\/p>\n<h2 style=\"text-align: center\" data-start=\"545\" data-end=\"564\">Hovedfordeler \ud83d\udca6<\/h2>\n<p data-start=\"565\" data-end=\"897\">\ud83d\udd04 360\u00b0 rotasjon &#8211; Flytt vannet n\u00f8yaktig dit du trenger.<\/p>\n<p data-start=\"565\" data-end=\"897\">\ud83d\udccf Ekstra rekkevidde &#8211; Forlenger kranen med 20, 30 og 50 cm.<\/p>\n<p data-start=\"565\" data-end=\"897\">\ud83d\udca6 Antisprutfilter &#8211; Mykere, skummende vannstr\u00f8m.<\/p>\n<p data-start=\"565\" data-end=\"897\">\ud83d\udee1\ufe0f Slitesterke materialer &#8211; Kobbergrensesnitt + silikonhus.<\/p>\n<p data-start=\"565\" data-end=\"897\">\ud83d\udca7 Vannbesparende &#8211; Effektiv kontrollert str\u00f8m.<\/p>\n<p data-start=\"565\" data-end=\"897\">\ud83e\uddf0 Verkt\u00f8yfri installasjon &#8211; Rask og enkel installasjon.<\/p>\n<p data-start=\"565\" data-end=\"897\"><img decoding=\"async\" class=\"size-full wp-image-24929 aligncenter\" src=\"https:\/\/mekulo.com\/template\/wp-content\/uploads\/sites\/6\/2026\/02\/ChatGPT_Image_2025_9_20_14_07_47.jpg\" alt=\"\" width=\"990\" height=\"1055\" \/><\/p>\n<h2 style=\"text-align: center\" data-start=\"904\" data-end=\"920\">Hvordan du bruker \ud83d\udccc<\/h2>\n<ol data-start=\"921\" data-end=\"1104\">\n<li data-start=\"921\" data-end=\"972\">\n<p data-start=\"924\" data-end=\"972\">Fjern det n\u00e5v\u00e6rende kranmunnstykket (om n\u00f8dvendig).<\/p>\n<\/li>\n<li data-start=\"973\" data-end=\"1024\">\n<p data-start=\"976\" data-end=\"1024\">Fest forlengeren ved hjelp av G2 cm-grensesnittet.<\/p>\n<\/li>\n<li data-start=\"1025\" data-end=\"1065\">\n<p data-start=\"1028\" data-end=\"1065\">Stram til for h\u00e5nd. Ingen verkt\u00f8y n\u00f8dvendig.<\/p>\n<\/li>\n<li data-start=\"1066\" data-end=\"1104\">\n<p data-start=\"1069\" data-end=\"1104\">Roter og b\u00f8y til \u00f8nsket vinkel.<\/p>\n<\/li>\n<\/ol>\n<h2 style=\"text-align: center\" data-start=\"1111\" data-end=\"1132\">Produktdetaljer \ud83d\udccf<\/h2>\n<ul data-start=\"1133\" data-end=\"1361\">\n<li data-start=\"1133\" data-end=\"1166\">\n<p data-start=\"1135\" data-end=\"1166\">Grensesnittst\u00f8rrelse: G2 cm<\/p>\n<\/li>\n<li data-start=\"1167\" data-end=\"1222\">\n<p data-start=\"1169\" data-end=\"1222\">Materialer: Kobber + rustfritt st\u00e5l + myk silikon<\/p>\n<\/li>\n<li data-start=\"1256\" data-end=\"1309\">\n<p data-start=\"1258\" data-end=\"1309\">Funksjoner: Roterbart, b\u00f8ybart, antisprutfilter<\/p>\n<\/li>\n<li data-start=\"1310\" data-end=\"1361\">\n<p data-start=\"1312\" data-end=\"1361\">Anvendelse: Bad, kj\u00f8kken, balkong, toalett<\/p>\n<\/li>\n<li data-start=\"1310\" data-end=\"1361\">Lengde: 20 cm, 30 cm, 50 cm<\/li>\n<\/ul>\n<h2 style=\"text-align: center\" data-start=\"1368\" data-end=\"1390\">Pakken inkluderer \ud83d\udce6<\/h2>\n<ul data-start=\"1391\" data-end=\"1429\">\n<li data-start=\"1391\" data-end=\"1429\">\n<p data-start=\"1393\" data-end=\"1429\">1, 2, 3x 360\u00b0 roterbar kranforlenger\/-er.<\/p>\n<\/li>\n<\/ul>\n","protected":false},"excerpt":{"rendered":"<p><span style=\"font-size: 16px;font-style: normal;font-weight: 400\">\ud83d\udca6<\/span>Denne kranforlengeren gir deg mer fleksibilitet og rekkevidde ved vasken. Den 360\u00b0 roterende og b\u00f8yelige designen gj\u00f8r vasking, skylling og rengj\u00f8ring raskere og mer behagelig.<br \/>\n\ud83d\udec1Den hjelper deg med \u00e5 rengj\u00f8re store tallerkener, panner og vanskelig tilgjengelige omr\u00e5der i vasken. Den forlengede lengden forbedrer komforten for daglige vaskeoppgaver.<br \/>\n\ud83d\udee1\ufe0fUpgrade kranen din. Oppgrader komforten din.<\/p>\n","protected":false},"featured_media":23266,"comment_status":"open","ping_status":"closed","template":"","meta":{"site-sidebar-layout":"default","site-content-layout":"","ast-site-content-layout":"default","site-content-style":"default","site-sidebar-style":"default","ast-global-header-display":"","ast-banner-title-visibility":"","ast-main-header-display":"","ast-hfb-above-header-display":"","ast-hfb-below-header-display":"","ast-hfb-mobile-header-display":"","site-post-title":"","ast-breadcrumbs-content":"","ast-featured-img":"","footer-sml-layout":"","theme-transparent-header-meta":"default","adv-header-id-meta":"","stick-header-meta":"","header-above-stick-meta":"","header-main-stick-meta":"","header-below-stick-meta":"","astra-migrate-meta-layouts":"set","ast-page-background-enabled":"default","ast-page-background-meta":{"desktop":{"background-color":"var(--ast-global-color-5)","background-image":"","background-repeat":"repeat","background-position":"center center","background-size":"auto","background-attachment":"scroll","background-type":"","background-media":"","overlay-type":"","overlay-color":"","overlay-opacity":"","overlay-gradient":""},"tablet":{"background-color":"","background-image":"","background-repeat":"repeat","background-position":"center center","background-size":"auto","background-attachment":"scroll","background-type":"","background-media":"","overlay-type":"","overlay-color":"","overlay-opacity":"","overlay-gradient":""},"mobile":{"background-color":"","background-image":"","background-repeat":"repeat","background-position":"center center","background-size":"auto","background-attachment":"scroll","background-type":"","background-media":"","overlay-type":"","overlay-color":"","overlay-opacity":"","overlay-gradient":""}},"ast-content-background-meta":{"desktop":{"background-color":"var(--ast-global-color-4)","background-image":"","background-repeat":"repeat","background-position":"center center","background-size":"auto","background-attachment":"scroll","background-type":"","background-media":"","overlay-type":"","overlay-color":"","overlay-opacity":"","overlay-gradient":""},"tablet":{"background-color":"var(--ast-global-color-4)","background-image":"","background-repeat":"repeat","background-position":"center center","background-size":"auto","background-attachment":"scroll","background-type":"","background-media":"","overlay-type":"","overlay-color":"","overlay-opacity":"","overlay-gradient":""},"mobile":{"background-color":"var(--ast-global-color-4)","background-image":"","background-repeat":"repeat","background-position":"center center","background-size":"auto","background-attachment":"scroll","background-type":"","background-media":"","overlay-type":"","overlay-color":"","overlay-opacity":"","overlay-gradient":""}}},"product_brand":[],"product_cat":[168],"product_tag":[],"class_list":{"0":"post-23270","1":"product","2":"type-product","3":"status-publish","4":"has-post-thumbnail","6":"product_cat-husholdningsartikler","7":"pa_59188_5r2ysyol-hvit","8":"pa_59188_5r2ysyol-oransje","9":"pa_59188_5r2ysyol-svart","10":"pa_59188_e07hi4y0-1-stk","11":"pa_59188_e07hi4y0-2-stk","12":"pa_59188_e07hi4y0-3-stk","13":"pa_59188_yxiy82v3-20-cm","14":"pa_59188_yxiy82v3-30-cm","15":"pa_59188_yxiy82v3-50-cm","16":"desktop-align-left","17":"tablet-align-left","18":"mobile-align-left","20":"first","21":"instock","22":"shipping-taxable","23":"purchasable","24":"product-type-variable","25":"has-default-attributes"},"yoast_head":"<!-- This site is optimized with the Yoast SEO plugin v26.6 - https:\/\/yoast.com\/wordpress\/plugins\/seo\/ -->\n<title>360\u00b0 roterbar kranforlenger - Mekulo NO<\/title>\n<meta name=\"robots\" content=\"index, follow, max-snippet:-1, max-image-preview:large, max-video-preview:-1\" \/>\n<link rel=\"canonical\" href=\"https:\/\/mekulo.com\/no\/produkt\/360-roterbar-kranforlenger\/\" \/>\n<meta property=\"og:locale\" content=\"nb_NO\" \/>\n<meta property=\"og:type\" content=\"article\" \/>\n<meta property=\"og:title\" content=\"360\u00b0 roterbar kranforlenger - Mekulo NO\" \/>\n<meta property=\"og:description\" content=\"\ud83d\udca6Denne kranforlengeren gir deg mer fleksibilitet og rekkevidde ved vasken. Den 360\u00b0 roterende og b\u00f8yelige designen gj\u00f8r vasking, skylling og rengj\u00f8ring raskere og mer behagelig. \ud83d\udec1Den hjelper deg med \u00e5 rengj\u00f8re store tallerkener, panner og vanskelig tilgjengelige omr\u00e5der i vasken. Den forlengede lengden forbedrer komforten for daglige vaskeoppgaver. \ud83d\udee1\ufe0fUpgrade kranen din. Oppgrader komforten din.\" \/>\n<meta property=\"og:url\" content=\"https:\/\/mekulo.com\/no\/produkt\/360-roterbar-kranforlenger\/\" \/>\n<meta property=\"og:site_name\" content=\"Mekulo NO\" \/>\n<meta property=\"article:modified_time\" content=\"2026-02-17T05:17:33+00:00\" \/>\n<meta property=\"og:image\" content=\"https:\/\/mekulo.com\/no\/wp-content\/uploads\/sites\/10\/2026\/02\/px3xejg-1.jpg\" \/>\n\t<meta property=\"og:image:width\" content=\"990\" \/>\n\t<meta property=\"og:image:height\" content=\"990\" \/>\n\t<meta property=\"og:image:type\" content=\"image\/jpeg\" \/>\n<meta name=\"twitter:card\" content=\"summary_large_image\" \/>\n<meta name=\"twitter:label1\" content=\"Ansl. lesetid\" \/>\n\t<meta name=\"twitter:data1\" content=\"2 minutter\" \/>\n<script type=\"application\/ld+json\" class=\"yoast-schema-graph\">{\"@context\":\"https:\/\/schema.org\",\"@graph\":[{\"@type\":\"WebPage\",\"@id\":\"https:\/\/mekulo.com\/no\/produkt\/360-roterbar-kranforlenger\/\",\"url\":\"https:\/\/mekulo.com\/no\/produkt\/360-roterbar-kranforlenger\/\",\"name\":\"360\u00b0 roterbar kranforlenger - Mekulo NO\",\"isPartOf\":{\"@id\":\"https:\/\/mekulo.com\/no\/#website\"},\"primaryImageOfPage\":{\"@id\":\"https:\/\/mekulo.com\/no\/produkt\/360-roterbar-kranforlenger\/#primaryimage\"},\"image\":{\"@id\":\"https:\/\/mekulo.com\/no\/produkt\/360-roterbar-kranforlenger\/#primaryimage\"},\"thumbnailUrl\":\"https:\/\/mekulo.com\/no\/wp-content\/uploads\/sites\/10\/2026\/02\/px3xejg-1.jpg\",\"datePublished\":\"2026-02-17T05:15:55+00:00\",\"dateModified\":\"2026-02-17T05:17:33+00:00\",\"breadcrumb\":{\"@id\":\"https:\/\/mekulo.com\/no\/produkt\/360-roterbar-kranforlenger\/#breadcrumb\"},\"inLanguage\":\"nb-NO\",\"potentialAction\":[{\"@type\":\"ReadAction\",\"target\":[\"https:\/\/mekulo.com\/no\/produkt\/360-roterbar-kranforlenger\/\"]}]},{\"@type\":\"ImageObject\",\"inLanguage\":\"nb-NO\",\"@id\":\"https:\/\/mekulo.com\/no\/produkt\/360-roterbar-kranforlenger\/#primaryimage\",\"url\":\"https:\/\/mekulo.com\/no\/wp-content\/uploads\/sites\/10\/2026\/02\/px3xejg-1.jpg\",\"contentUrl\":\"https:\/\/mekulo.com\/no\/wp-content\/uploads\/sites\/10\/2026\/02\/px3xejg-1.jpg\",\"width\":990,\"height\":990},{\"@type\":\"BreadcrumbList\",\"@id\":\"https:\/\/mekulo.com\/no\/produkt\/360-roterbar-kranforlenger\/#breadcrumb\",\"itemListElement\":[{\"@type\":\"ListItem\",\"position\":1,\"name\":\"Home\",\"item\":\"https:\/\/mekulo.com\/no\/\"},{\"@type\":\"ListItem\",\"position\":2,\"name\":\"Butikk\",\"item\":\"https:\/\/mekulo.com\/no\/butikk\/\"},{\"@type\":\"ListItem\",\"position\":3,\"name\":\"360\u00b0 roterbar kranforlenger\"}]},{\"@type\":\"WebSite\",\"@id\":\"https:\/\/mekulo.com\/no\/#website\",\"url\":\"https:\/\/mekulo.com\/no\/\",\"name\":\"Mekulo NO\",\"description\":\"\",\"publisher\":{\"@id\":\"https:\/\/mekulo.com\/no\/#organization\"},\"potentialAction\":[{\"@type\":\"SearchAction\",\"target\":{\"@type\":\"EntryPoint\",\"urlTemplate\":\"https:\/\/mekulo.com\/no\/?s={search_term_string}\"},\"query-input\":{\"@type\":\"PropertyValueSpecification\",\"valueRequired\":true,\"valueName\":\"search_term_string\"}}],\"inLanguage\":\"nb-NO\"},{\"@type\":\"Organization\",\"@id\":\"https:\/\/mekulo.com\/no\/#organization\",\"name\":\"Mekulo\",\"url\":\"https:\/\/mekulo.com\/no\/\",\"logo\":{\"@type\":\"ImageObject\",\"inLanguage\":\"nb-NO\",\"@id\":\"https:\/\/mekulo.com\/no\/#\/schema\/logo\/image\/\",\"url\":\"https:\/\/mekulo.com\/no\/wp-content\/uploads\/sites\/10\/2025\/12\/favicon_mekulo.png\",\"contentUrl\":\"https:\/\/mekulo.com\/no\/wp-content\/uploads\/sites\/10\/2025\/12\/favicon_mekulo.png\",\"width\":50,\"height\":50,\"caption\":\"Mekulo\"},\"image\":{\"@id\":\"https:\/\/mekulo.com\/no\/#\/schema\/logo\/image\/\"}}]}<\/script>\n<!-- \/ Yoast SEO plugin. -->","yoast_head_json":{"title":"360\u00b0 roterbar kranforlenger - Mekulo NO","robots":{"index":"index","follow":"follow","max-snippet":"max-snippet:-1","max-image-preview":"max-image-preview:large","max-video-preview":"max-video-preview:-1"},"canonical":"https:\/\/mekulo.com\/no\/produkt\/360-roterbar-kranforlenger\/","og_locale":"nb_NO","og_type":"article","og_title":"360\u00b0 roterbar kranforlenger - Mekulo NO","og_description":"\ud83d\udca6Denne kranforlengeren gir deg mer fleksibilitet og rekkevidde ved vasken. Den 360\u00b0 roterende og b\u00f8yelige designen gj\u00f8r vasking, skylling og rengj\u00f8ring raskere og mer behagelig. \ud83d\udec1Den hjelper deg med \u00e5 rengj\u00f8re store tallerkener, panner og vanskelig tilgjengelige omr\u00e5der i vasken. Den forlengede lengden forbedrer komforten for daglige vaskeoppgaver. \ud83d\udee1\ufe0fUpgrade kranen din. Oppgrader komforten din.","og_url":"https:\/\/mekulo.com\/no\/produkt\/360-roterbar-kranforlenger\/","og_site_name":"Mekulo NO","article_modified_time":"2026-02-17T05:17:33+00:00","og_image":[{"width":990,"height":990,"url":"https:\/\/mekulo.com\/no\/wp-content\/uploads\/sites\/10\/2026\/02\/px3xejg-1.jpg","type":"image\/jpeg"}],"twitter_card":"summary_large_image","twitter_misc":{"Ansl. lesetid":"2 minutter"},"schema":{"@context":"https:\/\/schema.org","@graph":[{"@type":"WebPage","@id":"https:\/\/mekulo.com\/no\/produkt\/360-roterbar-kranforlenger\/","url":"https:\/\/mekulo.com\/no\/produkt\/360-roterbar-kranforlenger\/","name":"360\u00b0 roterbar kranforlenger - Mekulo NO","isPartOf":{"@id":"https:\/\/mekulo.com\/no\/#website"},"primaryImageOfPage":{"@id":"https:\/\/mekulo.com\/no\/produkt\/360-roterbar-kranforlenger\/#primaryimage"},"image":{"@id":"https:\/\/mekulo.com\/no\/produkt\/360-roterbar-kranforlenger\/#primaryimage"},"thumbnailUrl":"https:\/\/mekulo.com\/no\/wp-content\/uploads\/sites\/10\/2026\/02\/px3xejg-1.jpg","datePublished":"2026-02-17T05:15:55+00:00","dateModified":"2026-02-17T05:17:33+00:00","breadcrumb":{"@id":"https:\/\/mekulo.com\/no\/produkt\/360-roterbar-kranforlenger\/#breadcrumb"},"inLanguage":"nb-NO","potentialAction":[{"@type":"ReadAction","target":["https:\/\/mekulo.com\/no\/produkt\/360-roterbar-kranforlenger\/"]}]},{"@type":"ImageObject","inLanguage":"nb-NO","@id":"https:\/\/mekulo.com\/no\/produkt\/360-roterbar-kranforlenger\/#primaryimage","url":"https:\/\/mekulo.com\/no\/wp-content\/uploads\/sites\/10\/2026\/02\/px3xejg-1.jpg","contentUrl":"https:\/\/mekulo.com\/no\/wp-content\/uploads\/sites\/10\/2026\/02\/px3xejg-1.jpg","width":990,"height":990},{"@type":"BreadcrumbList","@id":"https:\/\/mekulo.com\/no\/produkt\/360-roterbar-kranforlenger\/#breadcrumb","itemListElement":[{"@type":"ListItem","position":1,"name":"Home","item":"https:\/\/mekulo.com\/no\/"},{"@type":"ListItem","position":2,"name":"Butikk","item":"https:\/\/mekulo.com\/no\/butikk\/"},{"@type":"ListItem","position":3,"name":"360\u00b0 roterbar kranforlenger"}]},{"@type":"WebSite","@id":"https:\/\/mekulo.com\/no\/#website","url":"https:\/\/mekulo.com\/no\/","name":"Mekulo NO","description":"","publisher":{"@id":"https:\/\/mekulo.com\/no\/#organization"},"potentialAction":[{"@type":"SearchAction","target":{"@type":"EntryPoint","urlTemplate":"https:\/\/mekulo.com\/no\/?s={search_term_string}"},"query-input":{"@type":"PropertyValueSpecification","valueRequired":true,"valueName":"search_term_string"}}],"inLanguage":"nb-NO"},{"@type":"Organization","@id":"https:\/\/mekulo.com\/no\/#organization","name":"Mekulo","url":"https:\/\/mekulo.com\/no\/","logo":{"@type":"ImageObject","inLanguage":"nb-NO","@id":"https:\/\/mekulo.com\/no\/#\/schema\/logo\/image\/","url":"https:\/\/mekulo.com\/no\/wp-content\/uploads\/sites\/10\/2025\/12\/favicon_mekulo.png","contentUrl":"https:\/\/mekulo.com\/no\/wp-content\/uploads\/sites\/10\/2025\/12\/favicon_mekulo.png","width":50,"height":50,"caption":"Mekulo"},"image":{"@id":"https:\/\/mekulo.com\/no\/#\/schema\/logo\/image\/"}}]}},"_links":{"self":[{"href":"https:\/\/mekulo.com\/no\/wp-json\/wp\/v2\/product\/23270","targetHints":{"allow":["GET"]}}],"collection":[{"href":"https:\/\/mekulo.com\/no\/wp-json\/wp\/v2\/product"}],"about":[{"href":"https:\/\/mekulo.com\/no\/wp-json\/wp\/v2\/types\/product"}],"replies":[{"embeddable":true,"href":"https:\/\/mekulo.com\/no\/wp-json\/wp\/v2\/comments?post=23270"}],"wp:featuredmedia":[{"embeddable":true,"href":"https:\/\/mekulo.com\/no\/wp-json\/wp\/v2\/media\/23266"}],"wp:attachment":[{"href":"https:\/\/mekulo.com\/no\/wp-json\/wp\/v2\/media?parent=23270"}],"wp:term":[{"taxonomy":"product_brand","embeddable":true,"href":"https:\/\/mekulo.com\/no\/wp-json\/wp\/v2\/product_brand?post=23270"},{"taxonomy":"product_cat","embeddable":true,"href":"https:\/\/mekulo.com\/no\/wp-json\/wp\/v2\/product_cat?post=23270"},{"taxonomy":"product_tag","embeddable":true,"href":"https:\/\/mekulo.com\/no\/wp-json\/wp\/v2\/product_tag?post=23270"}],"curies":[{"name":"wp","href":"https:\/\/api.w.org\/{rel}","templated":true}]}}