{"id":23175,"date":"2026-02-13T19:49:04","date_gmt":"2026-02-13T17:49:04","guid":{"rendered":"https:\/\/mekulo.com\/no\/?post_type=product&#038;p=23175"},"modified":"2026-02-13T19:49:38","modified_gmt":"2026-02-13T17:49:38","slug":"elektrisk-orerenser-2","status":"publish","type":"product","link":"https:\/\/mekulo.com\/no\/produkt\/elektrisk-orerenser-2\/","title":{"rendered":"Elektrisk \u00f8rerenser"},"content":{"rendered":"<h2 style=\"text-align: center\">\ud83d\ude0a Sk\u00e5nsom, enkel og trygg for alle<\/h2>\n<p class=\"\" style=\"text-align: center\" data-start=\"64\" data-end=\"183\"><span class=\"relative -mx-px my-[-0.2rem] rounded px-px py-[0.2rem] transition-colors duration-100 ease-in-out\">Hold \u00f8rene rene og forn\u00f8yde med v\u00e5r elektriske \u00f8rerenser!<\/span> <span class=\"relative -mx-px my-[-0.2rem] rounded px-px py-[0.2rem] transition-colors duration-100 ease-in-out\">Den er enkel \u00e5 bruke, myk \u00e5 ta p\u00e5 og fungerer utmerket for b\u00e5de barn og voksne.<\/span>\u200b<\/p>\n<p><img decoding=\"async\" class=\"size-full wp-image-14410 aligncenter\" src=\"https:\/\/keluvo.com\/template\/wp-content\/uploads\/sites\/5\/2025\/04\/electricearcleanervideo-ezgif.com-gif-to-webp-converter.webp\" alt=\"\" \/><\/p>\n<h2 style=\"text-align: center\" data-start=\"190\" data-end=\"215\">\ud83c\udf1f Hvorfor du kommer til \u00e5 elske den:<\/h2>\n<ul data-start=\"217\" data-end=\"732\">\n<li class=\"\" data-start=\"217\" data-end=\"321\">\n<p class=\"\" data-start=\"219\" data-end=\"321\"><strong data-start=\"219\" data-end=\"238\">Myk og sk\u00e5nsom<\/strong>: <span class=\"relative -mx-px my-[-0.2rem] rounded px-px py-[0.2rem] transition-colors duration-100 ease-in-out\">Toppen er laget av mykt, b\u00f8yelig materiale som f\u00f8les godt i \u00f8ret.<\/span><\/p>\n<\/li>\n<li class=\"\" data-start=\"322\" data-end=\"424\">\n<p class=\"\" data-start=\"324\" data-end=\"424\"><strong data-start=\"324\" data-end=\"341\">Trygt for barn<\/strong>: <span class=\"relative -mx-px my-[-0.2rem] rounded px-px py-[0.2rem] transition-colors duration-100 ease-in-out\">Den er designet for \u00e5 v\u00e6re sk\u00e5nsom, s\u00e5 den er trygg ogs\u00e5 for sm\u00e5 \u00f8rer.<\/span>\u200b<\/p>\n<\/li>\n<li class=\"\" data-start=\"425\" data-end=\"525\">\n<p class=\"\" data-start=\"427\" data-end=\"525\"><strong>Enkel \u00c5 bruke<\/strong>: <span class=\"relative -mx-px my-[-0.2rem] rounded px-px py-[0.2rem] transition-colors duration-100 ease-in-out\">Bare sl\u00e5 den p\u00e5 og plasser den forsiktig i \u00f8ret. Enheten vil begynne \u00e5 suge ut \u00f8revoksen.<\/span>\u200b<\/p>\n<\/li>\n<li class=\"\" data-start=\"526\" data-end=\"624\">\n<p class=\"\" data-start=\"528\" data-end=\"624\"><strong data-start=\"528\" data-end=\"539\">Ikke noe s\u00f8l<\/strong>: <span class=\"relative -mx-px my-[-0.2rem] rounded px-px py-[0.2rem] transition-colors duration-100 ease-in-out\">Den spesielle spissen bidrar til \u00e5 fjerne \u00f8revoks p\u00e5 en ren m\u00e5te, uten \u00e5 presse den dypere.<\/span>\u200b<\/p>\n<\/li>\n<li class=\"\" data-start=\"625\" data-end=\"732\">\n<p class=\"\" data-start=\"627\" data-end=\"732\"><strong data-start=\"627\" data-end=\"645\">Rask rengj\u00f8ring<\/strong>: Ferdig p\u00e5 bare noen f\u00e5 minutter!<\/p>\n<\/li>\n<\/ul>\n<p><img decoding=\"async\" class=\"size-full wp-image-14412 aligncenter\" src=\"https:\/\/keluvo.com\/template\/wp-content\/uploads\/sites\/5\/2025\/04\/c6e5d421-35a4-465f-84b9-ea5bb58f2bfd.webp\" alt=\"\" \/><\/p>\n<h2 style=\"text-align: center\" data-start=\"739\" data-end=\"762\">\ud83d\udee0\ufe0f Produktdetaljer<\/h2>\n<ul data-start=\"764\" data-end=\"1177\">\n<li class=\"\" data-start=\"764\" data-end=\"861\">\n<p class=\"\" data-start=\"766\" data-end=\"861\"><strong data-start=\"766\" data-end=\"774\">St\u00f8rrelse<\/strong>: <span class=\"relative -mx-px my-[-0.2rem] rounded px-px py-[0.2rem] transition-colors duration-100 ease-in-out\">13 cm lang, veier bare 71 gram &#8211; lett \u00e5 holde i.<\/span><\/p>\n<\/li>\n<li class=\"\" data-start=\"862\" data-end=\"965\">\n<p class=\"\" data-start=\"864\" data-end=\"965\"><strong data-start=\"864\" data-end=\"878\">Tipslengde<\/strong>: <span class=\"relative -mx-px my-[-0.2rem] rounded px-px py-[0.2rem] transition-colors duration-100 ease-in-out\">Ca. 2,5 cm &#8211; akkurat passe for sikker rengj\u00f8ring.<\/span>\u200b<\/p>\n<\/li>\n<li class=\"\" data-start=\"966\" data-end=\"1072\">\n<p class=\"\" data-start=\"968\" data-end=\"1072\"><strong data-start=\"968\" data-end=\"985\">Enkel \u00c5 Rengj\u00f8re<\/strong>: <span class=\"relative -mx-px my-[-0.2rem] rounded px-px py-[0.2rem] transition-colors duration-100 ease-in-out\">Vask spissen med vann etter bruk.<\/span>\u200b<\/p>\n<\/li>\n<li class=\"\" data-start=\"1073\" data-end=\"1177\">\n<p class=\"\" data-start=\"1075\" data-end=\"1177\"><strong data-start=\"1075\" data-end=\"1090\">Ekstra verkt\u00f8y<\/strong>: <span class=\"relative -mx-px my-[-0.2rem] rounded px-px py-[0.2rem] transition-colors duration-100 ease-in-out\">Leveres med en liten b\u00f8rste til \u00e5 rengj\u00f8re filteret.<\/span><\/p>\n<\/li>\n<\/ul>\n<p class=\"\" style=\"text-align: center\" data-start=\"1184\" data-end=\"1309\"><span class=\"relative -mx-px my-[-0.2rem] rounded px-px py-[0.2rem] transition-colors duration-100 ease-in-out\">Perfekt til bruk hjemme, i bilen eller p\u00e5 kontoret.<\/span> <span class=\"relative -mx-px my-[-0.2rem] rounded px-px py-[0.2rem] transition-colors duration-100 ease-in-out\">Enten du bruker det som bilsetetrekk, stolpute, sofatrekk eller til og med som et koselig teppe, gir det komfort uansett hvor du plasserer det.<\/span>\u200b<\/p>\n<div class=\"absolute h-[60px]\">\n<div class=\"flex flex-row-reverse\">\n<div class=\"border-token-main-surface-primary bg-token-main-surface-primary flex items-center overflow-hidden rounded-full -ms-1 first:me-0 border-2 group-hover\/footnote:border-token-main-surface-secondary relative\"><\/div>\n<\/div>\n<\/div>\n<p class=\"\" data-start=\"1075\" data-end=\"1177\">\u200b<\/p>\n","protected":false},"excerpt":{"rendered":"<p>En elektrisk \u00f8rerenser som er utviklet for sk\u00e5nsom og sikker fjerning av \u00f8revoks. Den bruker myke spisser for \u00e5 trekke ut \u00f8revoks uten \u00e5 presse den dypere, noe som gj\u00f8r rengj\u00f8ringen rask, enkel og uten s\u00f8l. Den passer for b\u00e5de voksne og barn, og er et komfortabelt og hygienisk alternativ til bomullspinner.<\/p>\n","protected":false},"featured_media":13738,"comment_status":"open","ping_status":"closed","template":"","meta":{"site-sidebar-layout":"default","site-content-layout":"","ast-site-content-layout":"default","site-content-style":"default","site-sidebar-style":"default","ast-global-header-display":"","ast-banner-title-visibility":"","ast-main-header-display":"","ast-hfb-above-header-display":"","ast-hfb-below-header-display":"","ast-hfb-mobile-header-display":"","site-post-title":"","ast-breadcrumbs-content":"","ast-featured-img":"","footer-sml-layout":"","theme-transparent-header-meta":"default","adv-header-id-meta":"","stick-header-meta":"","header-above-stick-meta":"","header-main-stick-meta":"","header-below-stick-meta":"","astra-migrate-meta-layouts":"set","ast-page-background-enabled":"default","ast-page-background-meta":{"desktop":{"background-color":"var(--ast-global-color-5)","background-image":"","background-repeat":"repeat","background-position":"center center","background-size":"auto","background-attachment":"scroll","background-type":"","background-media":"","overlay-type":"","overlay-color":"","overlay-opacity":"","overlay-gradient":""},"tablet":{"background-color":"","background-image":"","background-repeat":"repeat","background-position":"center center","background-size":"auto","background-attachment":"scroll","background-type":"","background-media":"","overlay-type":"","overlay-color":"","overlay-opacity":"","overlay-gradient":""},"mobile":{"background-color":"","background-image":"","background-repeat":"repeat","background-position":"center center","background-size":"auto","background-attachment":"scroll","background-type":"","background-media":"","overlay-type":"","overlay-color":"","overlay-opacity":"","overlay-gradient":""}},"ast-content-background-meta":{"desktop":{"background-color":"var(--ast-global-color-4)","background-image":"","background-repeat":"repeat","background-position":"center center","background-size":"auto","background-attachment":"scroll","background-type":"","background-media":"","overlay-type":"","overlay-color":"","overlay-opacity":"","overlay-gradient":""},"tablet":{"background-color":"var(--ast-global-color-4)","background-image":"","background-repeat":"repeat","background-position":"center center","background-size":"auto","background-attachment":"scroll","background-type":"","background-media":"","overlay-type":"","overlay-color":"","overlay-opacity":"","overlay-gradient":""},"mobile":{"background-color":"var(--ast-global-color-4)","background-image":"","background-repeat":"repeat","background-position":"center center","background-size":"auto","background-attachment":"scroll","background-type":"","background-media":"","overlay-type":"","overlay-color":"","overlay-opacity":"","overlay-gradient":""}}},"product_brand":[],"product_cat":[15],"product_tag":[],"class_list":{"0":"post-23175","1":"product","2":"type-product","3":"status-publish","4":"has-post-thumbnail","6":"product_cat-uncategorized","7":"desktop-align-left","8":"tablet-align-left","9":"mobile-align-left","11":"first","12":"instock","13":"sale","14":"shipping-taxable","15":"purchasable","16":"product-type-simple"},"yoast_head":"<!-- This site is optimized with the Yoast SEO plugin v26.6 - https:\/\/yoast.com\/wordpress\/plugins\/seo\/ -->\n<title>Elektrisk \u00f8rerenser - Mekulo NO<\/title>\n<meta name=\"robots\" content=\"index, follow, max-snippet:-1, max-image-preview:large, max-video-preview:-1\" \/>\n<link rel=\"canonical\" href=\"https:\/\/mekulo.com\/no\/produkt\/elektrisk-orerenser-2\/\" \/>\n<meta property=\"og:locale\" content=\"nb_NO\" \/>\n<meta property=\"og:type\" content=\"article\" \/>\n<meta property=\"og:title\" content=\"Elektrisk \u00f8rerenser - Mekulo NO\" \/>\n<meta property=\"og:description\" content=\"En elektrisk \u00f8rerenser som er utviklet for sk\u00e5nsom og sikker fjerning av \u00f8revoks. Den bruker myke spisser for \u00e5 trekke ut \u00f8revoks uten \u00e5 presse den dypere, noe som gj\u00f8r rengj\u00f8ringen rask, enkel og uten s\u00f8l. Den passer for b\u00e5de voksne og barn, og er et komfortabelt og hygienisk alternativ til bomullspinner.\" \/>\n<meta property=\"og:url\" content=\"https:\/\/mekulo.com\/no\/produkt\/elektrisk-orerenser-2\/\" \/>\n<meta property=\"og:site_name\" content=\"Mekulo NO\" \/>\n<meta property=\"article:modified_time\" content=\"2026-02-13T17:49:38+00:00\" \/>\n<meta property=\"og:image\" content=\"https:\/\/mekulo.com\/no\/wp-content\/uploads\/sites\/10\/2026\/01\/6l42f8t-1.jpeg\" \/>\n\t<meta property=\"og:image:width\" content=\"960\" \/>\n\t<meta property=\"og:image:height\" content=\"960\" \/>\n\t<meta property=\"og:image:type\" content=\"image\/jpeg\" \/>\n<meta name=\"twitter:card\" content=\"summary_large_image\" \/>\n<meta name=\"twitter:label1\" content=\"Ansl. lesetid\" \/>\n\t<meta name=\"twitter:data1\" content=\"2 minutter\" \/>\n<script type=\"application\/ld+json\" class=\"yoast-schema-graph\">{\"@context\":\"https:\/\/schema.org\",\"@graph\":[{\"@type\":\"WebPage\",\"@id\":\"https:\/\/mekulo.com\/no\/produkt\/elektrisk-orerenser-2\/\",\"url\":\"https:\/\/mekulo.com\/no\/produkt\/elektrisk-orerenser-2\/\",\"name\":\"Elektrisk \u00f8rerenser - Mekulo NO\",\"isPartOf\":{\"@id\":\"https:\/\/mekulo.com\/no\/#website\"},\"primaryImageOfPage\":{\"@id\":\"https:\/\/mekulo.com\/no\/produkt\/elektrisk-orerenser-2\/#primaryimage\"},\"image\":{\"@id\":\"https:\/\/mekulo.com\/no\/produkt\/elektrisk-orerenser-2\/#primaryimage\"},\"thumbnailUrl\":\"https:\/\/mekulo.com\/no\/wp-content\/uploads\/sites\/10\/2026\/01\/6l42f8t-1.jpeg\",\"datePublished\":\"2026-02-13T17:49:04+00:00\",\"dateModified\":\"2026-02-13T17:49:38+00:00\",\"breadcrumb\":{\"@id\":\"https:\/\/mekulo.com\/no\/produkt\/elektrisk-orerenser-2\/#breadcrumb\"},\"inLanguage\":\"nb-NO\",\"potentialAction\":[{\"@type\":\"ReadAction\",\"target\":[\"https:\/\/mekulo.com\/no\/produkt\/elektrisk-orerenser-2\/\"]}]},{\"@type\":\"ImageObject\",\"inLanguage\":\"nb-NO\",\"@id\":\"https:\/\/mekulo.com\/no\/produkt\/elektrisk-orerenser-2\/#primaryimage\",\"url\":\"https:\/\/mekulo.com\/no\/wp-content\/uploads\/sites\/10\/2026\/01\/6l42f8t-1.jpeg\",\"contentUrl\":\"https:\/\/mekulo.com\/no\/wp-content\/uploads\/sites\/10\/2026\/01\/6l42f8t-1.jpeg\",\"width\":960,\"height\":960},{\"@type\":\"BreadcrumbList\",\"@id\":\"https:\/\/mekulo.com\/no\/produkt\/elektrisk-orerenser-2\/#breadcrumb\",\"itemListElement\":[{\"@type\":\"ListItem\",\"position\":1,\"name\":\"Home\",\"item\":\"https:\/\/mekulo.com\/no\/\"},{\"@type\":\"ListItem\",\"position\":2,\"name\":\"Butikk\",\"item\":\"https:\/\/mekulo.com\/no\/butikk\/\"},{\"@type\":\"ListItem\",\"position\":3,\"name\":\"Elektrisk \u00f8rerenser\"}]},{\"@type\":\"WebSite\",\"@id\":\"https:\/\/mekulo.com\/no\/#website\",\"url\":\"https:\/\/mekulo.com\/no\/\",\"name\":\"Mekulo NO\",\"description\":\"\",\"publisher\":{\"@id\":\"https:\/\/mekulo.com\/no\/#organization\"},\"potentialAction\":[{\"@type\":\"SearchAction\",\"target\":{\"@type\":\"EntryPoint\",\"urlTemplate\":\"https:\/\/mekulo.com\/no\/?s={search_term_string}\"},\"query-input\":{\"@type\":\"PropertyValueSpecification\",\"valueRequired\":true,\"valueName\":\"search_term_string\"}}],\"inLanguage\":\"nb-NO\"},{\"@type\":\"Organization\",\"@id\":\"https:\/\/mekulo.com\/no\/#organization\",\"name\":\"Mekulo\",\"url\":\"https:\/\/mekulo.com\/no\/\",\"logo\":{\"@type\":\"ImageObject\",\"inLanguage\":\"nb-NO\",\"@id\":\"https:\/\/mekulo.com\/no\/#\/schema\/logo\/image\/\",\"url\":\"https:\/\/mekulo.com\/no\/wp-content\/uploads\/sites\/10\/2025\/12\/favicon_mekulo.png\",\"contentUrl\":\"https:\/\/mekulo.com\/no\/wp-content\/uploads\/sites\/10\/2025\/12\/favicon_mekulo.png\",\"width\":50,\"height\":50,\"caption\":\"Mekulo\"},\"image\":{\"@id\":\"https:\/\/mekulo.com\/no\/#\/schema\/logo\/image\/\"}}]}<\/script>\n<!-- \/ Yoast SEO plugin. -->","yoast_head_json":{"title":"Elektrisk \u00f8rerenser - Mekulo NO","robots":{"index":"index","follow":"follow","max-snippet":"max-snippet:-1","max-image-preview":"max-image-preview:large","max-video-preview":"max-video-preview:-1"},"canonical":"https:\/\/mekulo.com\/no\/produkt\/elektrisk-orerenser-2\/","og_locale":"nb_NO","og_type":"article","og_title":"Elektrisk \u00f8rerenser - Mekulo NO","og_description":"En elektrisk \u00f8rerenser som er utviklet for sk\u00e5nsom og sikker fjerning av \u00f8revoks. Den bruker myke spisser for \u00e5 trekke ut \u00f8revoks uten \u00e5 presse den dypere, noe som gj\u00f8r rengj\u00f8ringen rask, enkel og uten s\u00f8l. Den passer for b\u00e5de voksne og barn, og er et komfortabelt og hygienisk alternativ til bomullspinner.","og_url":"https:\/\/mekulo.com\/no\/produkt\/elektrisk-orerenser-2\/","og_site_name":"Mekulo NO","article_modified_time":"2026-02-13T17:49:38+00:00","og_image":[{"width":960,"height":960,"url":"https:\/\/mekulo.com\/no\/wp-content\/uploads\/sites\/10\/2026\/01\/6l42f8t-1.jpeg","type":"image\/jpeg"}],"twitter_card":"summary_large_image","twitter_misc":{"Ansl. lesetid":"2 minutter"},"schema":{"@context":"https:\/\/schema.org","@graph":[{"@type":"WebPage","@id":"https:\/\/mekulo.com\/no\/produkt\/elektrisk-orerenser-2\/","url":"https:\/\/mekulo.com\/no\/produkt\/elektrisk-orerenser-2\/","name":"Elektrisk \u00f8rerenser - Mekulo NO","isPartOf":{"@id":"https:\/\/mekulo.com\/no\/#website"},"primaryImageOfPage":{"@id":"https:\/\/mekulo.com\/no\/produkt\/elektrisk-orerenser-2\/#primaryimage"},"image":{"@id":"https:\/\/mekulo.com\/no\/produkt\/elektrisk-orerenser-2\/#primaryimage"},"thumbnailUrl":"https:\/\/mekulo.com\/no\/wp-content\/uploads\/sites\/10\/2026\/01\/6l42f8t-1.jpeg","datePublished":"2026-02-13T17:49:04+00:00","dateModified":"2026-02-13T17:49:38+00:00","breadcrumb":{"@id":"https:\/\/mekulo.com\/no\/produkt\/elektrisk-orerenser-2\/#breadcrumb"},"inLanguage":"nb-NO","potentialAction":[{"@type":"ReadAction","target":["https:\/\/mekulo.com\/no\/produkt\/elektrisk-orerenser-2\/"]}]},{"@type":"ImageObject","inLanguage":"nb-NO","@id":"https:\/\/mekulo.com\/no\/produkt\/elektrisk-orerenser-2\/#primaryimage","url":"https:\/\/mekulo.com\/no\/wp-content\/uploads\/sites\/10\/2026\/01\/6l42f8t-1.jpeg","contentUrl":"https:\/\/mekulo.com\/no\/wp-content\/uploads\/sites\/10\/2026\/01\/6l42f8t-1.jpeg","width":960,"height":960},{"@type":"BreadcrumbList","@id":"https:\/\/mekulo.com\/no\/produkt\/elektrisk-orerenser-2\/#breadcrumb","itemListElement":[{"@type":"ListItem","position":1,"name":"Home","item":"https:\/\/mekulo.com\/no\/"},{"@type":"ListItem","position":2,"name":"Butikk","item":"https:\/\/mekulo.com\/no\/butikk\/"},{"@type":"ListItem","position":3,"name":"Elektrisk \u00f8rerenser"}]},{"@type":"WebSite","@id":"https:\/\/mekulo.com\/no\/#website","url":"https:\/\/mekulo.com\/no\/","name":"Mekulo NO","description":"","publisher":{"@id":"https:\/\/mekulo.com\/no\/#organization"},"potentialAction":[{"@type":"SearchAction","target":{"@type":"EntryPoint","urlTemplate":"https:\/\/mekulo.com\/no\/?s={search_term_string}"},"query-input":{"@type":"PropertyValueSpecification","valueRequired":true,"valueName":"search_term_string"}}],"inLanguage":"nb-NO"},{"@type":"Organization","@id":"https:\/\/mekulo.com\/no\/#organization","name":"Mekulo","url":"https:\/\/mekulo.com\/no\/","logo":{"@type":"ImageObject","inLanguage":"nb-NO","@id":"https:\/\/mekulo.com\/no\/#\/schema\/logo\/image\/","url":"https:\/\/mekulo.com\/no\/wp-content\/uploads\/sites\/10\/2025\/12\/favicon_mekulo.png","contentUrl":"https:\/\/mekulo.com\/no\/wp-content\/uploads\/sites\/10\/2025\/12\/favicon_mekulo.png","width":50,"height":50,"caption":"Mekulo"},"image":{"@id":"https:\/\/mekulo.com\/no\/#\/schema\/logo\/image\/"}}]}},"_links":{"self":[{"href":"https:\/\/mekulo.com\/no\/wp-json\/wp\/v2\/product\/23175","targetHints":{"allow":["GET"]}}],"collection":[{"href":"https:\/\/mekulo.com\/no\/wp-json\/wp\/v2\/product"}],"about":[{"href":"https:\/\/mekulo.com\/no\/wp-json\/wp\/v2\/types\/product"}],"replies":[{"embeddable":true,"href":"https:\/\/mekulo.com\/no\/wp-json\/wp\/v2\/comments?post=23175"}],"wp:featuredmedia":[{"embeddable":true,"href":"https:\/\/mekulo.com\/no\/wp-json\/wp\/v2\/media\/13738"}],"wp:attachment":[{"href":"https:\/\/mekulo.com\/no\/wp-json\/wp\/v2\/media?parent=23175"}],"wp:term":[{"taxonomy":"product_brand","embeddable":true,"href":"https:\/\/mekulo.com\/no\/wp-json\/wp\/v2\/product_brand?post=23175"},{"taxonomy":"product_cat","embeddable":true,"href":"https:\/\/mekulo.com\/no\/wp-json\/wp\/v2\/product_cat?post=23175"},{"taxonomy":"product_tag","embeddable":true,"href":"https:\/\/mekulo.com\/no\/wp-json\/wp\/v2\/product_tag?post=23175"}],"curies":[{"name":"wp","href":"https:\/\/api.w.org\/{rel}","templated":true}]}}