{"id":23141,"date":"2026-02-12T20:41:36","date_gmt":"2026-02-12T18:41:36","guid":{"rendered":"https:\/\/mekulo.com\/no\/produkt\/led-hodelykt\/"},"modified":"2026-02-12T20:55:12","modified_gmt":"2026-02-12T18:55:12","slug":"led-hodelykt","status":"publish","type":"product","link":"https:\/\/mekulo.com\/no\/produkt\/led-hodelykt\/","title":{"rendered":"LED-hodelykt"},"content":{"rendered":"<p style=\"text-align: center\" data-start=\"18\" data-end=\"79\"><strong data-start=\"18\" data-end=\"79\">Lys Opp Hele Utsikten Din Med En Kraftig 230\u00b0 Bred Str\u00e5le. \ud83d\udca1<\/strong><\/p>\n<p data-start=\"18\" data-end=\"79\"><img fetchpriority=\"high\" decoding=\"async\" class=\"size-full wp-image-24748 aligncenter\" src=\"https:\/\/mekulo.com\/template\/wp-content\/uploads\/sites\/6\/2026\/02\/S381894138ed84ea9a36c31e9dfa5a92bn.jpg\" alt=\"\" width=\"1000\" height=\"1000\" \/><\/p>\n<h2 style=\"text-align: center\" data-start=\"541\" data-end=\"560\">Hovedfordeler \ud83c\udf19<\/h2>\n<p data-start=\"561\" data-end=\"932\">\ud83d\udd26 230 \u00b0 bred str\u00e5le &#8211; Se mer med mindre bevegelse.<\/p>\n<p data-start=\"561\" data-end=\"932\">\ud83c\udfaf Innebygd spotlight &#8211; Fokuser p\u00e5 bestemte omr\u00e5der.<\/p>\n<p data-start=\"561\" data-end=\"932\">\ud83d\udc4b Bevegelsessensormodus &#8211; Vink for \u00e5 sl\u00e5 p\u00e5 \/ av.<\/p>\n<p data-start=\"561\" data-end=\"932\">\ud83d\udca1 6 lysmoduser &#8211; Juster lysstyrke og effekter.<\/p>\n<p data-start=\"561\" data-end=\"932\">\ud83e\udeb6 Lett design &#8211; Komfortabel for lang bruk.<\/p>\n<p data-start=\"561\" data-end=\"932\">\ud83c\udf27\ufe0f IPX4 vanntett &#8211; Sikker i regn og sn\u00f8.<\/p>\n<p data-start=\"561\" data-end=\"932\">\ud83c\udf92 Sammenleggbar og kompakt &#8211; lett \u00e5 ta med seg hvor som helst.<\/p>\n<p data-start=\"561\" data-end=\"932\"><img decoding=\"async\" class=\" wp-image-24750 aligncenter\" src=\"https:\/\/mekulo.com\/template\/wp-content\/uploads\/sites\/6\/2026\/02\/6b38222a-ba4b-4d4a-ba79-47ea6c379a90.webp\" alt=\"\" width=\"674\" height=\"674\" \/><\/p>\n<h2 style=\"text-align: center\" data-start=\"939\" data-end=\"955\">Hvordan Du Bruker \ud83d\udccc<\/h2>\n<ol data-start=\"956\" data-end=\"1185\">\n<li data-start=\"956\" data-end=\"1000\">\n<p data-start=\"959\" data-end=\"1000\">Trykk p\u00e5 str\u00f8mknappen for \u00e5 bytte modus.<\/p>\n<\/li>\n<li data-start=\"1001\" data-end=\"1046\">\n<p data-start=\"1004\" data-end=\"1046\">Velg bredstr\u00e5le eller spotlight etter behov.<\/p>\n<\/li>\n<li data-start=\"1047\" data-end=\"1091\">\n<p data-start=\"1050\" data-end=\"1091\">Aktiver bevegelsessensormodus hvis \u00f8nskelig.<\/p>\n<\/li>\n<li data-start=\"1092\" data-end=\"1142\">\n<p data-start=\"1095\" data-end=\"1142\">Vink med h\u00e5nden innen 10 cm for \u00e5 kontrollere lyset.<\/p>\n<\/li>\n<li data-start=\"1143\" data-end=\"1185\">\n<p data-start=\"1146\" data-end=\"1185\">Lad opp n\u00e5r lysstyrken blir lav.<\/p>\n<\/li>\n<\/ol>\n<h2 style=\"text-align: center\" data-start=\"1192\" data-end=\"1213\">Produktdetaljer \ud83d\udccf<\/h2>\n<ul data-start=\"1214\" data-end=\"1528\">\n<li data-start=\"1214\" data-end=\"1244\">\n<p data-start=\"1216\" data-end=\"1244\">Str\u00e5levinkel: 230\u00b0 bredstr\u00e5le<\/p>\n<\/li>\n<li data-start=\"1245\" data-end=\"1276\">\n<p data-start=\"1247\" data-end=\"1276\">Lyskilde: COB + XPE LED<\/p>\n<\/li>\n<li data-start=\"1277\" data-end=\"1384\">\n<p data-start=\"1279\" data-end=\"1293\">Lys moduser:<\/p>\n<ul data-start=\"1296\" data-end=\"1384\">\n<li data-start=\"1296\" data-end=\"1308\">\n<p data-start=\"1298\" data-end=\"1308\">COB High<\/p>\n<\/li>\n<li data-start=\"1311\" data-end=\"1322\">\n<p data-start=\"1313\" data-end=\"1322\">COB Low<\/p>\n<\/li>\n<li data-start=\"1325\" data-end=\"1337\">\n<p data-start=\"1327\" data-end=\"1337\">XPE High<\/p>\n<\/li>\n<li data-start=\"1340\" data-end=\"1351\">\n<p data-start=\"1342\" data-end=\"1351\">XPE Low<\/p>\n<\/li>\n<li data-start=\"1354\" data-end=\"1364\">\n<p data-start=\"1356\" data-end=\"1364\">Strobe<\/p>\n<\/li>\n<li data-start=\"1367\" data-end=\"1384\">\n<p data-start=\"1369\" data-end=\"1384\">Bevegelsessensor<\/p>\n<\/li>\n<\/ul>\n<\/li>\n<li data-start=\"1385\" data-end=\"1431\">\n<p data-start=\"1387\" data-end=\"1431\">Materiale: Myk silikon + elastisk hodeb\u00f8yle<\/p>\n<\/li>\n<li data-start=\"1432\" data-end=\"1463\">\n<p data-start=\"1434\" data-end=\"1463\">Vekt: 68 g<\/p>\n<\/li>\n<li data-start=\"1464\" data-end=\"1500\">\n<p data-start=\"1466\" data-end=\"1500\">Design: Sammenleggbar, justerbar passform<\/p>\n<\/li>\n<li data-start=\"1501\" data-end=\"1528\">\n<p data-start=\"1503\" data-end=\"1528\">Vanntett klassifisering: IPX4<\/p>\n<\/li>\n<\/ul>\n<h2 style=\"text-align: center\" data-start=\"1535\" data-end=\"1557\">Pakken Inkluderer \ud83d\udce6<\/h2>\n<ul data-start=\"1558\" data-end=\"1578\">\n<li data-start=\"1558\" data-end=\"1578\">\n<p data-start=\"1560\" data-end=\"1578\">1, 2, 3x LED-hodelykt med innebygd batteri<\/p>\n<\/li>\n<li data-start=\"1558\" data-end=\"1578\">1, 2, 3x ladekabel\/er.<\/li>\n<\/ul>\n","protected":false},"excerpt":{"rendered":"<p>\ud83d\udca1Denne LED-hodelykten gir deg sterk, h\u00e5ndfri belysning i alle situasjoner. Enten du camper, jobber eller g\u00e5r tur om natten, holder den omgivelsene dine godt synlige.<br \/>\n\ud83c\udfd5\ufe0fIt inkluderer ogs\u00e5 en fokusert spotlight for presisjonsoppgaver. Den er designet for komfort og bekvemmelighet, og er perfekt for b\u00e5de utend\u00f8rsopplevelser og innend\u00f8rs arbeid.<br \/>\n\ud83d\udeb5\u200d\u2642\ufe0fA p\u00e5litelig belysningspartner for camping, reparasjoner, fotturer, sykling og mye mer.<\/p>\n","protected":false},"featured_media":23137,"comment_status":"open","ping_status":"closed","template":"","meta":{"site-sidebar-layout":"default","site-content-layout":"","ast-site-content-layout":"default","site-content-style":"default","site-sidebar-style":"default","ast-global-header-display":"","ast-banner-title-visibility":"","ast-main-header-display":"","ast-hfb-above-header-display":"","ast-hfb-below-header-display":"","ast-hfb-mobile-header-display":"","site-post-title":"","ast-breadcrumbs-content":"","ast-featured-img":"","footer-sml-layout":"","theme-transparent-header-meta":"default","adv-header-id-meta":"","stick-header-meta":"","header-above-stick-meta":"","header-main-stick-meta":"","header-below-stick-meta":"","astra-migrate-meta-layouts":"set","ast-page-background-enabled":"default","ast-page-background-meta":{"desktop":{"background-color":"var(--ast-global-color-5)","background-image":"","background-repeat":"repeat","background-position":"center center","background-size":"auto","background-attachment":"scroll","background-type":"","background-media":"","overlay-type":"","overlay-color":"","overlay-opacity":"","overlay-gradient":""},"tablet":{"background-color":"","background-image":"","background-repeat":"repeat","background-position":"center center","background-size":"auto","background-attachment":"scroll","background-type":"","background-media":"","overlay-type":"","overlay-color":"","overlay-opacity":"","overlay-gradient":""},"mobile":{"background-color":"","background-image":"","background-repeat":"repeat","background-position":"center center","background-size":"auto","background-attachment":"scroll","background-type":"","background-media":"","overlay-type":"","overlay-color":"","overlay-opacity":"","overlay-gradient":""}},"ast-content-background-meta":{"desktop":{"background-color":"var(--ast-global-color-4)","background-image":"","background-repeat":"repeat","background-position":"center center","background-size":"auto","background-attachment":"scroll","background-type":"","background-media":"","overlay-type":"","overlay-color":"","overlay-opacity":"","overlay-gradient":""},"tablet":{"background-color":"var(--ast-global-color-4)","background-image":"","background-repeat":"repeat","background-position":"center center","background-size":"auto","background-attachment":"scroll","background-type":"","background-media":"","overlay-type":"","overlay-color":"","overlay-opacity":"","overlay-gradient":""},"mobile":{"background-color":"var(--ast-global-color-4)","background-image":"","background-repeat":"repeat","background-position":"center center","background-size":"auto","background-attachment":"scroll","background-type":"","background-media":"","overlay-type":"","overlay-color":"","overlay-opacity":"","overlay-gradient":""}}},"product_brand":[],"product_cat":[167],"product_tag":[],"class_list":{"0":"post-23141","1":"product","2":"type-product","3":"status-publish","4":"has-post-thumbnail","6":"product_cat-fotturer-camping-og-fritidsartikler","7":"pa_59076_29okuue7-1-stk","8":"pa_59076_29okuue7-2-stk","9":"pa_59076_29okuue7-3-stk","10":"desktop-align-left","11":"tablet-align-left","12":"mobile-align-left","14":"first","15":"instock","16":"shipping-taxable","17":"purchasable","18":"product-type-variable"},"yoast_head":"<!-- This site is optimized with the Yoast SEO plugin v26.6 - https:\/\/yoast.com\/wordpress\/plugins\/seo\/ -->\n<title>LED-hodelykt - Mekulo NO<\/title>\n<meta name=\"robots\" content=\"index, follow, max-snippet:-1, max-image-preview:large, max-video-preview:-1\" \/>\n<link rel=\"canonical\" href=\"https:\/\/mekulo.com\/no\/produkt\/led-hodelykt\/\" \/>\n<meta property=\"og:locale\" content=\"nb_NO\" \/>\n<meta property=\"og:type\" content=\"article\" \/>\n<meta property=\"og:title\" content=\"LED-hodelykt - Mekulo NO\" \/>\n<meta property=\"og:description\" content=\"\ud83d\udca1Denne LED-hodelykten gir deg sterk, h\u00e5ndfri belysning i alle situasjoner. Enten du camper, jobber eller g\u00e5r tur om natten, holder den omgivelsene dine godt synlige. \ud83c\udfd5\ufe0fIt inkluderer ogs\u00e5 en fokusert spotlight for presisjonsoppgaver. Den er designet for komfort og bekvemmelighet, og er perfekt for b\u00e5de utend\u00f8rsopplevelser og innend\u00f8rs arbeid. \ud83d\udeb5\u200d\u2642\ufe0fA p\u00e5litelig belysningspartner for camping, reparasjoner, fotturer, sykling og mye mer.\" \/>\n<meta property=\"og:url\" content=\"https:\/\/mekulo.com\/no\/produkt\/led-hodelykt\/\" \/>\n<meta property=\"og:site_name\" content=\"Mekulo NO\" \/>\n<meta property=\"article:modified_time\" content=\"2026-02-12T18:55:12+00:00\" \/>\n<meta property=\"og:image\" content=\"https:\/\/mekulo.com\/no\/wp-content\/uploads\/sites\/10\/2026\/02\/mbgfr50-1.jpg\" \/>\n\t<meta property=\"og:image:width\" content=\"960\" \/>\n\t<meta property=\"og:image:height\" content=\"960\" \/>\n\t<meta property=\"og:image:type\" content=\"image\/jpeg\" \/>\n<meta name=\"twitter:card\" content=\"summary_large_image\" \/>\n<meta name=\"twitter:label1\" content=\"Ansl. lesetid\" \/>\n\t<meta name=\"twitter:data1\" content=\"2 minutter\" \/>\n<script type=\"application\/ld+json\" class=\"yoast-schema-graph\">{\"@context\":\"https:\/\/schema.org\",\"@graph\":[{\"@type\":\"WebPage\",\"@id\":\"https:\/\/mekulo.com\/no\/produkt\/led-hodelykt\/\",\"url\":\"https:\/\/mekulo.com\/no\/produkt\/led-hodelykt\/\",\"name\":\"LED-hodelykt - Mekulo NO\",\"isPartOf\":{\"@id\":\"https:\/\/mekulo.com\/no\/#website\"},\"primaryImageOfPage\":{\"@id\":\"https:\/\/mekulo.com\/no\/produkt\/led-hodelykt\/#primaryimage\"},\"image\":{\"@id\":\"https:\/\/mekulo.com\/no\/produkt\/led-hodelykt\/#primaryimage\"},\"thumbnailUrl\":\"https:\/\/mekulo.com\/no\/wp-content\/uploads\/sites\/10\/2026\/02\/mbgfr50-1.jpg\",\"datePublished\":\"2026-02-12T18:41:36+00:00\",\"dateModified\":\"2026-02-12T18:55:12+00:00\",\"breadcrumb\":{\"@id\":\"https:\/\/mekulo.com\/no\/produkt\/led-hodelykt\/#breadcrumb\"},\"inLanguage\":\"nb-NO\",\"potentialAction\":[{\"@type\":\"ReadAction\",\"target\":[\"https:\/\/mekulo.com\/no\/produkt\/led-hodelykt\/\"]}]},{\"@type\":\"ImageObject\",\"inLanguage\":\"nb-NO\",\"@id\":\"https:\/\/mekulo.com\/no\/produkt\/led-hodelykt\/#primaryimage\",\"url\":\"https:\/\/mekulo.com\/no\/wp-content\/uploads\/sites\/10\/2026\/02\/mbgfr50-1.jpg\",\"contentUrl\":\"https:\/\/mekulo.com\/no\/wp-content\/uploads\/sites\/10\/2026\/02\/mbgfr50-1.jpg\",\"width\":960,\"height\":960},{\"@type\":\"BreadcrumbList\",\"@id\":\"https:\/\/mekulo.com\/no\/produkt\/led-hodelykt\/#breadcrumb\",\"itemListElement\":[{\"@type\":\"ListItem\",\"position\":1,\"name\":\"Home\",\"item\":\"https:\/\/mekulo.com\/no\/\"},{\"@type\":\"ListItem\",\"position\":2,\"name\":\"Butikk\",\"item\":\"https:\/\/mekulo.com\/no\/butikk\/\"},{\"@type\":\"ListItem\",\"position\":3,\"name\":\"LED-hodelykt\"}]},{\"@type\":\"WebSite\",\"@id\":\"https:\/\/mekulo.com\/no\/#website\",\"url\":\"https:\/\/mekulo.com\/no\/\",\"name\":\"Mekulo NO\",\"description\":\"\",\"publisher\":{\"@id\":\"https:\/\/mekulo.com\/no\/#organization\"},\"potentialAction\":[{\"@type\":\"SearchAction\",\"target\":{\"@type\":\"EntryPoint\",\"urlTemplate\":\"https:\/\/mekulo.com\/no\/?s={search_term_string}\"},\"query-input\":{\"@type\":\"PropertyValueSpecification\",\"valueRequired\":true,\"valueName\":\"search_term_string\"}}],\"inLanguage\":\"nb-NO\"},{\"@type\":\"Organization\",\"@id\":\"https:\/\/mekulo.com\/no\/#organization\",\"name\":\"Mekulo\",\"url\":\"https:\/\/mekulo.com\/no\/\",\"logo\":{\"@type\":\"ImageObject\",\"inLanguage\":\"nb-NO\",\"@id\":\"https:\/\/mekulo.com\/no\/#\/schema\/logo\/image\/\",\"url\":\"https:\/\/mekulo.com\/no\/wp-content\/uploads\/sites\/10\/2025\/12\/favicon_mekulo.png\",\"contentUrl\":\"https:\/\/mekulo.com\/no\/wp-content\/uploads\/sites\/10\/2025\/12\/favicon_mekulo.png\",\"width\":50,\"height\":50,\"caption\":\"Mekulo\"},\"image\":{\"@id\":\"https:\/\/mekulo.com\/no\/#\/schema\/logo\/image\/\"}}]}<\/script>\n<!-- \/ Yoast SEO plugin. -->","yoast_head_json":{"title":"LED-hodelykt - Mekulo NO","robots":{"index":"index","follow":"follow","max-snippet":"max-snippet:-1","max-image-preview":"max-image-preview:large","max-video-preview":"max-video-preview:-1"},"canonical":"https:\/\/mekulo.com\/no\/produkt\/led-hodelykt\/","og_locale":"nb_NO","og_type":"article","og_title":"LED-hodelykt - Mekulo NO","og_description":"\ud83d\udca1Denne LED-hodelykten gir deg sterk, h\u00e5ndfri belysning i alle situasjoner. Enten du camper, jobber eller g\u00e5r tur om natten, holder den omgivelsene dine godt synlige. \ud83c\udfd5\ufe0fIt inkluderer ogs\u00e5 en fokusert spotlight for presisjonsoppgaver. Den er designet for komfort og bekvemmelighet, og er perfekt for b\u00e5de utend\u00f8rsopplevelser og innend\u00f8rs arbeid. \ud83d\udeb5\u200d\u2642\ufe0fA p\u00e5litelig belysningspartner for camping, reparasjoner, fotturer, sykling og mye mer.","og_url":"https:\/\/mekulo.com\/no\/produkt\/led-hodelykt\/","og_site_name":"Mekulo NO","article_modified_time":"2026-02-12T18:55:12+00:00","og_image":[{"width":960,"height":960,"url":"https:\/\/mekulo.com\/no\/wp-content\/uploads\/sites\/10\/2026\/02\/mbgfr50-1.jpg","type":"image\/jpeg"}],"twitter_card":"summary_large_image","twitter_misc":{"Ansl. lesetid":"2 minutter"},"schema":{"@context":"https:\/\/schema.org","@graph":[{"@type":"WebPage","@id":"https:\/\/mekulo.com\/no\/produkt\/led-hodelykt\/","url":"https:\/\/mekulo.com\/no\/produkt\/led-hodelykt\/","name":"LED-hodelykt - Mekulo NO","isPartOf":{"@id":"https:\/\/mekulo.com\/no\/#website"},"primaryImageOfPage":{"@id":"https:\/\/mekulo.com\/no\/produkt\/led-hodelykt\/#primaryimage"},"image":{"@id":"https:\/\/mekulo.com\/no\/produkt\/led-hodelykt\/#primaryimage"},"thumbnailUrl":"https:\/\/mekulo.com\/no\/wp-content\/uploads\/sites\/10\/2026\/02\/mbgfr50-1.jpg","datePublished":"2026-02-12T18:41:36+00:00","dateModified":"2026-02-12T18:55:12+00:00","breadcrumb":{"@id":"https:\/\/mekulo.com\/no\/produkt\/led-hodelykt\/#breadcrumb"},"inLanguage":"nb-NO","potentialAction":[{"@type":"ReadAction","target":["https:\/\/mekulo.com\/no\/produkt\/led-hodelykt\/"]}]},{"@type":"ImageObject","inLanguage":"nb-NO","@id":"https:\/\/mekulo.com\/no\/produkt\/led-hodelykt\/#primaryimage","url":"https:\/\/mekulo.com\/no\/wp-content\/uploads\/sites\/10\/2026\/02\/mbgfr50-1.jpg","contentUrl":"https:\/\/mekulo.com\/no\/wp-content\/uploads\/sites\/10\/2026\/02\/mbgfr50-1.jpg","width":960,"height":960},{"@type":"BreadcrumbList","@id":"https:\/\/mekulo.com\/no\/produkt\/led-hodelykt\/#breadcrumb","itemListElement":[{"@type":"ListItem","position":1,"name":"Home","item":"https:\/\/mekulo.com\/no\/"},{"@type":"ListItem","position":2,"name":"Butikk","item":"https:\/\/mekulo.com\/no\/butikk\/"},{"@type":"ListItem","position":3,"name":"LED-hodelykt"}]},{"@type":"WebSite","@id":"https:\/\/mekulo.com\/no\/#website","url":"https:\/\/mekulo.com\/no\/","name":"Mekulo NO","description":"","publisher":{"@id":"https:\/\/mekulo.com\/no\/#organization"},"potentialAction":[{"@type":"SearchAction","target":{"@type":"EntryPoint","urlTemplate":"https:\/\/mekulo.com\/no\/?s={search_term_string}"},"query-input":{"@type":"PropertyValueSpecification","valueRequired":true,"valueName":"search_term_string"}}],"inLanguage":"nb-NO"},{"@type":"Organization","@id":"https:\/\/mekulo.com\/no\/#organization","name":"Mekulo","url":"https:\/\/mekulo.com\/no\/","logo":{"@type":"ImageObject","inLanguage":"nb-NO","@id":"https:\/\/mekulo.com\/no\/#\/schema\/logo\/image\/","url":"https:\/\/mekulo.com\/no\/wp-content\/uploads\/sites\/10\/2025\/12\/favicon_mekulo.png","contentUrl":"https:\/\/mekulo.com\/no\/wp-content\/uploads\/sites\/10\/2025\/12\/favicon_mekulo.png","width":50,"height":50,"caption":"Mekulo"},"image":{"@id":"https:\/\/mekulo.com\/no\/#\/schema\/logo\/image\/"}}]}},"_links":{"self":[{"href":"https:\/\/mekulo.com\/no\/wp-json\/wp\/v2\/product\/23141","targetHints":{"allow":["GET"]}}],"collection":[{"href":"https:\/\/mekulo.com\/no\/wp-json\/wp\/v2\/product"}],"about":[{"href":"https:\/\/mekulo.com\/no\/wp-json\/wp\/v2\/types\/product"}],"replies":[{"embeddable":true,"href":"https:\/\/mekulo.com\/no\/wp-json\/wp\/v2\/comments?post=23141"}],"wp:featuredmedia":[{"embeddable":true,"href":"https:\/\/mekulo.com\/no\/wp-json\/wp\/v2\/media\/23137"}],"wp:attachment":[{"href":"https:\/\/mekulo.com\/no\/wp-json\/wp\/v2\/media?parent=23141"}],"wp:term":[{"taxonomy":"product_brand","embeddable":true,"href":"https:\/\/mekulo.com\/no\/wp-json\/wp\/v2\/product_brand?post=23141"},{"taxonomy":"product_cat","embeddable":true,"href":"https:\/\/mekulo.com\/no\/wp-json\/wp\/v2\/product_cat?post=23141"},{"taxonomy":"product_tag","embeddable":true,"href":"https:\/\/mekulo.com\/no\/wp-json\/wp\/v2\/product_tag?post=23141"}],"curies":[{"name":"wp","href":"https:\/\/api.w.org\/{rel}","templated":true}]}}