{"id":23043,"date":"2026-02-12T19:50:50","date_gmt":"2026-02-12T17:50:50","guid":{"rendered":"https:\/\/mekulo.com\/no\/produkt\/ultramyk-rengjoringsmatte-for-kjaeledyr\/"},"modified":"2026-02-12T20:58:41","modified_gmt":"2026-02-12T18:58:41","slug":"ultramyk-rengjoringsmatte-for-kjaeledyr","status":"publish","type":"product","link":"https:\/\/mekulo.com\/no\/produkt\/ultramyk-rengjoringsmatte-for-kjaeledyr\/","title":{"rendered":"Ultramyk rengj\u00f8ringsmatte for kj\u00e6ledyr"},"content":{"rendered":"<p style=\"text-align: center\" data-start=\"36\" data-end=\"87\"><strong data-start=\"36\" data-end=\"87\">Hold Gulvene Rene Og T\u00f8rre Med Hvert Skritt. \ud83e\uddfc<\/strong><\/p>\n<p data-start=\"36\" data-end=\"87\"><img fetchpriority=\"high\" decoding=\"async\" class=\" wp-image-24902 aligncenter\" src=\"https:\/\/mekulo.com\/template\/wp-content\/uploads\/sites\/6\/2026\/02\/12216-ezgif.com-video-to-webp-converter.webp\" alt=\"\" width=\"551\" height=\"551\" \/><\/p>\n<h2 style=\"text-align: center\" data-start=\"597\" data-end=\"616\"><strong data-start=\"597\" data-end=\"616\">Hovedfordeler \ud83d\udc15<\/strong><\/h2>\n<p data-start=\"617\" data-end=\"915\">\ud83d\udc3e Absorberer fuktighet &#8211; Hjelper med \u00e5 t\u00f8rke v\u00e5te poter raskt.<\/p>\n<p data-start=\"617\" data-end=\"915\">\ud83e\uddfc Fanger smuss og gj\u00f8rme &#8211; Holder gulvene renere.<\/p>\n<p data-start=\"617\" data-end=\"915\">\ud83d\uded1 Sklisikker base &#8211; Holder seg godt p\u00e5 plass.<\/p>\n<p data-start=\"617\" data-end=\"915\">\ud83d\udeaa Lavprofildesign &#8211; D\u00f8rer setter seg ikke fast.<\/p>\n<p data-start=\"617\" data-end=\"915\">\ud83e\uddfa Kan vaskes i maskin &#8211; Enkel \u00e5 rengj\u00f8re.<\/p>\n<p data-start=\"617\" data-end=\"915\">\ud83c\udfe0 Allsidig bruk &#8211; Inngangsparti, kasse, bil, boller.<\/p>\n<p data-start=\"617\" data-end=\"915\"><img decoding=\"async\" class=\"size-full wp-image-24900 aligncenter\" src=\"https:\/\/mekulo.com\/template\/wp-content\/uploads\/sites\/6\/2026\/02\/08abf2ca-812f-4cb3-8f75-741f2b95ec2c.webp\" alt=\"\" width=\"1000\" height=\"1000\" \/><\/p>\n<h2 style=\"text-align: center\" data-start=\"922\" data-end=\"938\"><strong data-start=\"922\" data-end=\"938\">Hvordan Bruke \ud83d\udccc<\/strong><\/h2>\n<ol data-start=\"939\" data-end=\"1107\">\n<li data-start=\"939\" data-end=\"980\">\n<p data-start=\"942\" data-end=\"980\">Plasser matten p\u00e5 et rent, t\u00f8rt gulv.<\/p>\n<\/li>\n<li data-start=\"981\" data-end=\"1019\">\n<p data-start=\"984\" data-end=\"1019\">Plasser den n\u00e6r d\u00f8rer eller kj\u00e6ledyromr\u00e5der.<\/p>\n<\/li>\n<li data-start=\"1020\" data-end=\"1066\">\n<p data-start=\"1023\" data-end=\"1066\">La kj\u00e6ledyrene tr\u00e5kke p\u00e5 den etter turer eller bad.<\/p>\n<\/li>\n<li data-start=\"1067\" data-end=\"1107\">\n<p data-start=\"1070\" data-end=\"1107\">Rist av smuss eller vask ved behov.<\/p>\n<\/li>\n<\/ol>\n<h2 style=\"text-align: center\" data-start=\"1114\" data-end=\"1135\"><strong data-start=\"1114\" data-end=\"1135\">Produktdetaljer \ud83d\udccf<\/strong><\/h2>\n<ul data-start=\"1136\" data-end=\"1330\">\n<li data-start=\"1136\" data-end=\"1180\">\n<p data-start=\"1138\" data-end=\"1180\">Materiale: Myk chenille + gummibakside<\/p>\n<\/li>\n<li data-start=\"1181\" data-end=\"1224\">\n<p data-start=\"1183\" data-end=\"1224\">Tykkelse: Ca. 3 cm (lav profil)<\/p>\n<\/li>\n<li data-start=\"1225\" data-end=\"1260\">\n<p data-start=\"1227\" data-end=\"1260\">Base: Strukturert sklisikker gummi<\/p>\n<\/li>\n<li data-start=\"1261\" data-end=\"1298\">\n<p data-start=\"1263\" data-end=\"1298\">Pleie: Rist ren eller vask i maskin<\/p>\n<\/li>\n<li data-start=\"1299\" data-end=\"1330\">\n<p data-start=\"1301\" data-end=\"1330\">T\u00f8rking: Hurtigt\u00f8rkende stoff<\/p>\n<\/li>\n<li data-start=\"1299\" data-end=\"1330\">\n<p data-start=\"1301\" data-end=\"1330\">St\u00f8rrelse: 30 x 50 cm, 40 x 60 cm, 45 x 70 cm, 50 x 80 cm, 60 x 90 cm<\/p>\n<\/li>\n<li data-start=\"1299\" data-end=\"1330\">Farge: Gr\u00e5<\/li>\n<\/ul>\n<h2 style=\"text-align: center\" data-start=\"1337\" data-end=\"1359\"><strong data-start=\"1337\" data-end=\"1359\">Pakken Inkluderer \ud83d\udce6<\/strong><\/h2>\n<ul data-start=\"1360\" data-end=\"1398\">\n<li data-start=\"1360\" data-end=\"1398\">\n<p data-start=\"1362\" data-end=\"1398\">1x ultramyk rengj\u00f8ringsmatte for kj\u00e6ledyr.<\/p>\n<\/li>\n<\/ul>\n","protected":false},"excerpt":{"rendered":"<p>\ud83d\udc36Denne ultramyke rengj\u00f8ringsmatten for kj\u00e6ledyr er designet for \u00e5 fange opp smuss, gj\u00f8rme og fuktighet fra poter og sko.<br \/>\n\ud83c\udfe0Perfekt for inngangspartier, kj\u00e6ledyromr\u00e5der og daglig bruk, og bidrar til \u00e5 beskytte hjemmet ditt samtidig som kj\u00e6ledyrene dine har det komfortabelt.<br \/>\n\ud83d\udc15Den myke chenilleoverflaten absorberer forsiktig vann og fanger opp smuss fra gj\u00f8rmete poter og v\u00e5te sko. Komfort for kj\u00e6ledyret ditt. Beskyttelse for gulvene dine.<\/p>\n","protected":false},"featured_media":23039,"comment_status":"open","ping_status":"closed","template":"","meta":{"site-sidebar-layout":"default","site-content-layout":"","ast-site-content-layout":"default","site-content-style":"default","site-sidebar-style":"default","ast-global-header-display":"","ast-banner-title-visibility":"","ast-main-header-display":"","ast-hfb-above-header-display":"","ast-hfb-below-header-display":"","ast-hfb-mobile-header-display":"","site-post-title":"","ast-breadcrumbs-content":"","ast-featured-img":"","footer-sml-layout":"","theme-transparent-header-meta":"default","adv-header-id-meta":"","stick-header-meta":"","header-above-stick-meta":"","header-main-stick-meta":"","header-below-stick-meta":"","astra-migrate-meta-layouts":"set","ast-page-background-enabled":"default","ast-page-background-meta":{"desktop":{"background-color":"var(--ast-global-color-5)","background-image":"","background-repeat":"repeat","background-position":"center center","background-size":"auto","background-attachment":"scroll","background-type":"","background-media":"","overlay-type":"","overlay-color":"","overlay-opacity":"","overlay-gradient":""},"tablet":{"background-color":"","background-image":"","background-repeat":"repeat","background-position":"center center","background-size":"auto","background-attachment":"scroll","background-type":"","background-media":"","overlay-type":"","overlay-color":"","overlay-opacity":"","overlay-gradient":""},"mobile":{"background-color":"","background-image":"","background-repeat":"repeat","background-position":"center center","background-size":"auto","background-attachment":"scroll","background-type":"","background-media":"","overlay-type":"","overlay-color":"","overlay-opacity":"","overlay-gradient":""}},"ast-content-background-meta":{"desktop":{"background-color":"var(--ast-global-color-4)","background-image":"","background-repeat":"repeat","background-position":"center center","background-size":"auto","background-attachment":"scroll","background-type":"","background-media":"","overlay-type":"","overlay-color":"","overlay-opacity":"","overlay-gradient":""},"tablet":{"background-color":"var(--ast-global-color-4)","background-image":"","background-repeat":"repeat","background-position":"center center","background-size":"auto","background-attachment":"scroll","background-type":"","background-media":"","overlay-type":"","overlay-color":"","overlay-opacity":"","overlay-gradient":""},"mobile":{"background-color":"var(--ast-global-color-4)","background-image":"","background-repeat":"repeat","background-position":"center center","background-size":"auto","background-attachment":"scroll","background-type":"","background-media":"","overlay-type":"","overlay-color":"","overlay-opacity":"","overlay-gradient":""}}},"product_brand":[],"product_cat":[168,169],"product_tag":[],"class_list":{"0":"post-23043","1":"product","2":"type-product","3":"status-publish","4":"has-post-thumbnail","6":"product_cat-husholdningsartikler","7":"product_cat-kjaeledyrprodukter","8":"pa_59121_07summ0k-30-x-50-cm","9":"pa_59121_07summ0k-40-x-60-cm","10":"pa_59121_07summ0k-45-x-70-cm","11":"pa_59121_07summ0k-50-x-80-cm","12":"pa_59121_07summ0k-60-x-90-cm","13":"desktop-align-left","14":"tablet-align-left","15":"mobile-align-left","17":"first","18":"instock","19":"shipping-taxable","20":"purchasable","21":"product-type-variable"},"yoast_head":"<!-- This site is optimized with the Yoast SEO plugin v26.6 - https:\/\/yoast.com\/wordpress\/plugins\/seo\/ -->\n<title>Ultramyk rengj\u00f8ringsmatte for kj\u00e6ledyr - Mekulo NO<\/title>\n<meta name=\"robots\" content=\"index, follow, max-snippet:-1, max-image-preview:large, max-video-preview:-1\" \/>\n<link rel=\"canonical\" href=\"https:\/\/mekulo.com\/no\/produkt\/ultramyk-rengjoringsmatte-for-kjaeledyr\/\" \/>\n<meta property=\"og:locale\" content=\"nb_NO\" \/>\n<meta property=\"og:type\" content=\"article\" \/>\n<meta property=\"og:title\" content=\"Ultramyk rengj\u00f8ringsmatte for kj\u00e6ledyr - Mekulo NO\" \/>\n<meta property=\"og:description\" content=\"\ud83d\udc36Denne ultramyke rengj\u00f8ringsmatten for kj\u00e6ledyr er designet for \u00e5 fange opp smuss, gj\u00f8rme og fuktighet fra poter og sko. \ud83c\udfe0Perfekt for inngangspartier, kj\u00e6ledyromr\u00e5der og daglig bruk, og bidrar til \u00e5 beskytte hjemmet ditt samtidig som kj\u00e6ledyrene dine har det komfortabelt. \ud83d\udc15Den myke chenilleoverflaten absorberer forsiktig vann og fanger opp smuss fra gj\u00f8rmete poter og v\u00e5te sko. Komfort for kj\u00e6ledyret ditt. Beskyttelse for gulvene dine.\" \/>\n<meta property=\"og:url\" content=\"https:\/\/mekulo.com\/no\/produkt\/ultramyk-rengjoringsmatte-for-kjaeledyr\/\" \/>\n<meta property=\"og:site_name\" content=\"Mekulo NO\" \/>\n<meta property=\"article:modified_time\" content=\"2026-02-12T18:58:41+00:00\" \/>\n<meta property=\"og:image\" content=\"https:\/\/mekulo.com\/no\/wp-content\/uploads\/sites\/10\/2026\/02\/08zwjmj-1.jpg\" \/>\n\t<meta property=\"og:image:width\" content=\"800\" \/>\n\t<meta property=\"og:image:height\" content=\"800\" \/>\n\t<meta property=\"og:image:type\" content=\"image\/jpeg\" \/>\n<meta name=\"twitter:card\" content=\"summary_large_image\" \/>\n<meta name=\"twitter:label1\" content=\"Ansl. lesetid\" \/>\n\t<meta name=\"twitter:data1\" content=\"2 minutter\" \/>\n<script type=\"application\/ld+json\" class=\"yoast-schema-graph\">{\"@context\":\"https:\/\/schema.org\",\"@graph\":[{\"@type\":\"WebPage\",\"@id\":\"https:\/\/mekulo.com\/no\/produkt\/ultramyk-rengjoringsmatte-for-kjaeledyr\/\",\"url\":\"https:\/\/mekulo.com\/no\/produkt\/ultramyk-rengjoringsmatte-for-kjaeledyr\/\",\"name\":\"Ultramyk rengj\u00f8ringsmatte for kj\u00e6ledyr - Mekulo NO\",\"isPartOf\":{\"@id\":\"https:\/\/mekulo.com\/no\/#website\"},\"primaryImageOfPage\":{\"@id\":\"https:\/\/mekulo.com\/no\/produkt\/ultramyk-rengjoringsmatte-for-kjaeledyr\/#primaryimage\"},\"image\":{\"@id\":\"https:\/\/mekulo.com\/no\/produkt\/ultramyk-rengjoringsmatte-for-kjaeledyr\/#primaryimage\"},\"thumbnailUrl\":\"https:\/\/mekulo.com\/no\/wp-content\/uploads\/sites\/10\/2026\/02\/08zwjmj-1.jpg\",\"datePublished\":\"2026-02-12T17:50:50+00:00\",\"dateModified\":\"2026-02-12T18:58:41+00:00\",\"breadcrumb\":{\"@id\":\"https:\/\/mekulo.com\/no\/produkt\/ultramyk-rengjoringsmatte-for-kjaeledyr\/#breadcrumb\"},\"inLanguage\":\"nb-NO\",\"potentialAction\":[{\"@type\":\"ReadAction\",\"target\":[\"https:\/\/mekulo.com\/no\/produkt\/ultramyk-rengjoringsmatte-for-kjaeledyr\/\"]}]},{\"@type\":\"ImageObject\",\"inLanguage\":\"nb-NO\",\"@id\":\"https:\/\/mekulo.com\/no\/produkt\/ultramyk-rengjoringsmatte-for-kjaeledyr\/#primaryimage\",\"url\":\"https:\/\/mekulo.com\/no\/wp-content\/uploads\/sites\/10\/2026\/02\/08zwjmj-1.jpg\",\"contentUrl\":\"https:\/\/mekulo.com\/no\/wp-content\/uploads\/sites\/10\/2026\/02\/08zwjmj-1.jpg\",\"width\":800,\"height\":800},{\"@type\":\"BreadcrumbList\",\"@id\":\"https:\/\/mekulo.com\/no\/produkt\/ultramyk-rengjoringsmatte-for-kjaeledyr\/#breadcrumb\",\"itemListElement\":[{\"@type\":\"ListItem\",\"position\":1,\"name\":\"Home\",\"item\":\"https:\/\/mekulo.com\/no\/\"},{\"@type\":\"ListItem\",\"position\":2,\"name\":\"Butikk\",\"item\":\"https:\/\/mekulo.com\/no\/butikk\/\"},{\"@type\":\"ListItem\",\"position\":3,\"name\":\"Ultramyk rengj\u00f8ringsmatte for kj\u00e6ledyr\"}]},{\"@type\":\"WebSite\",\"@id\":\"https:\/\/mekulo.com\/no\/#website\",\"url\":\"https:\/\/mekulo.com\/no\/\",\"name\":\"Mekulo NO\",\"description\":\"\",\"publisher\":{\"@id\":\"https:\/\/mekulo.com\/no\/#organization\"},\"potentialAction\":[{\"@type\":\"SearchAction\",\"target\":{\"@type\":\"EntryPoint\",\"urlTemplate\":\"https:\/\/mekulo.com\/no\/?s={search_term_string}\"},\"query-input\":{\"@type\":\"PropertyValueSpecification\",\"valueRequired\":true,\"valueName\":\"search_term_string\"}}],\"inLanguage\":\"nb-NO\"},{\"@type\":\"Organization\",\"@id\":\"https:\/\/mekulo.com\/no\/#organization\",\"name\":\"Mekulo\",\"url\":\"https:\/\/mekulo.com\/no\/\",\"logo\":{\"@type\":\"ImageObject\",\"inLanguage\":\"nb-NO\",\"@id\":\"https:\/\/mekulo.com\/no\/#\/schema\/logo\/image\/\",\"url\":\"https:\/\/mekulo.com\/no\/wp-content\/uploads\/sites\/10\/2025\/12\/favicon_mekulo.png\",\"contentUrl\":\"https:\/\/mekulo.com\/no\/wp-content\/uploads\/sites\/10\/2025\/12\/favicon_mekulo.png\",\"width\":50,\"height\":50,\"caption\":\"Mekulo\"},\"image\":{\"@id\":\"https:\/\/mekulo.com\/no\/#\/schema\/logo\/image\/\"}}]}<\/script>\n<!-- \/ Yoast SEO plugin. -->","yoast_head_json":{"title":"Ultramyk rengj\u00f8ringsmatte for kj\u00e6ledyr - Mekulo NO","robots":{"index":"index","follow":"follow","max-snippet":"max-snippet:-1","max-image-preview":"max-image-preview:large","max-video-preview":"max-video-preview:-1"},"canonical":"https:\/\/mekulo.com\/no\/produkt\/ultramyk-rengjoringsmatte-for-kjaeledyr\/","og_locale":"nb_NO","og_type":"article","og_title":"Ultramyk rengj\u00f8ringsmatte for kj\u00e6ledyr - Mekulo NO","og_description":"\ud83d\udc36Denne ultramyke rengj\u00f8ringsmatten for kj\u00e6ledyr er designet for \u00e5 fange opp smuss, gj\u00f8rme og fuktighet fra poter og sko. \ud83c\udfe0Perfekt for inngangspartier, kj\u00e6ledyromr\u00e5der og daglig bruk, og bidrar til \u00e5 beskytte hjemmet ditt samtidig som kj\u00e6ledyrene dine har det komfortabelt. \ud83d\udc15Den myke chenilleoverflaten absorberer forsiktig vann og fanger opp smuss fra gj\u00f8rmete poter og v\u00e5te sko. Komfort for kj\u00e6ledyret ditt. Beskyttelse for gulvene dine.","og_url":"https:\/\/mekulo.com\/no\/produkt\/ultramyk-rengjoringsmatte-for-kjaeledyr\/","og_site_name":"Mekulo NO","article_modified_time":"2026-02-12T18:58:41+00:00","og_image":[{"width":800,"height":800,"url":"https:\/\/mekulo.com\/no\/wp-content\/uploads\/sites\/10\/2026\/02\/08zwjmj-1.jpg","type":"image\/jpeg"}],"twitter_card":"summary_large_image","twitter_misc":{"Ansl. lesetid":"2 minutter"},"schema":{"@context":"https:\/\/schema.org","@graph":[{"@type":"WebPage","@id":"https:\/\/mekulo.com\/no\/produkt\/ultramyk-rengjoringsmatte-for-kjaeledyr\/","url":"https:\/\/mekulo.com\/no\/produkt\/ultramyk-rengjoringsmatte-for-kjaeledyr\/","name":"Ultramyk rengj\u00f8ringsmatte for kj\u00e6ledyr - Mekulo NO","isPartOf":{"@id":"https:\/\/mekulo.com\/no\/#website"},"primaryImageOfPage":{"@id":"https:\/\/mekulo.com\/no\/produkt\/ultramyk-rengjoringsmatte-for-kjaeledyr\/#primaryimage"},"image":{"@id":"https:\/\/mekulo.com\/no\/produkt\/ultramyk-rengjoringsmatte-for-kjaeledyr\/#primaryimage"},"thumbnailUrl":"https:\/\/mekulo.com\/no\/wp-content\/uploads\/sites\/10\/2026\/02\/08zwjmj-1.jpg","datePublished":"2026-02-12T17:50:50+00:00","dateModified":"2026-02-12T18:58:41+00:00","breadcrumb":{"@id":"https:\/\/mekulo.com\/no\/produkt\/ultramyk-rengjoringsmatte-for-kjaeledyr\/#breadcrumb"},"inLanguage":"nb-NO","potentialAction":[{"@type":"ReadAction","target":["https:\/\/mekulo.com\/no\/produkt\/ultramyk-rengjoringsmatte-for-kjaeledyr\/"]}]},{"@type":"ImageObject","inLanguage":"nb-NO","@id":"https:\/\/mekulo.com\/no\/produkt\/ultramyk-rengjoringsmatte-for-kjaeledyr\/#primaryimage","url":"https:\/\/mekulo.com\/no\/wp-content\/uploads\/sites\/10\/2026\/02\/08zwjmj-1.jpg","contentUrl":"https:\/\/mekulo.com\/no\/wp-content\/uploads\/sites\/10\/2026\/02\/08zwjmj-1.jpg","width":800,"height":800},{"@type":"BreadcrumbList","@id":"https:\/\/mekulo.com\/no\/produkt\/ultramyk-rengjoringsmatte-for-kjaeledyr\/#breadcrumb","itemListElement":[{"@type":"ListItem","position":1,"name":"Home","item":"https:\/\/mekulo.com\/no\/"},{"@type":"ListItem","position":2,"name":"Butikk","item":"https:\/\/mekulo.com\/no\/butikk\/"},{"@type":"ListItem","position":3,"name":"Ultramyk rengj\u00f8ringsmatte for kj\u00e6ledyr"}]},{"@type":"WebSite","@id":"https:\/\/mekulo.com\/no\/#website","url":"https:\/\/mekulo.com\/no\/","name":"Mekulo NO","description":"","publisher":{"@id":"https:\/\/mekulo.com\/no\/#organization"},"potentialAction":[{"@type":"SearchAction","target":{"@type":"EntryPoint","urlTemplate":"https:\/\/mekulo.com\/no\/?s={search_term_string}"},"query-input":{"@type":"PropertyValueSpecification","valueRequired":true,"valueName":"search_term_string"}}],"inLanguage":"nb-NO"},{"@type":"Organization","@id":"https:\/\/mekulo.com\/no\/#organization","name":"Mekulo","url":"https:\/\/mekulo.com\/no\/","logo":{"@type":"ImageObject","inLanguage":"nb-NO","@id":"https:\/\/mekulo.com\/no\/#\/schema\/logo\/image\/","url":"https:\/\/mekulo.com\/no\/wp-content\/uploads\/sites\/10\/2025\/12\/favicon_mekulo.png","contentUrl":"https:\/\/mekulo.com\/no\/wp-content\/uploads\/sites\/10\/2025\/12\/favicon_mekulo.png","width":50,"height":50,"caption":"Mekulo"},"image":{"@id":"https:\/\/mekulo.com\/no\/#\/schema\/logo\/image\/"}}]}},"_links":{"self":[{"href":"https:\/\/mekulo.com\/no\/wp-json\/wp\/v2\/product\/23043","targetHints":{"allow":["GET"]}}],"collection":[{"href":"https:\/\/mekulo.com\/no\/wp-json\/wp\/v2\/product"}],"about":[{"href":"https:\/\/mekulo.com\/no\/wp-json\/wp\/v2\/types\/product"}],"replies":[{"embeddable":true,"href":"https:\/\/mekulo.com\/no\/wp-json\/wp\/v2\/comments?post=23043"}],"wp:featuredmedia":[{"embeddable":true,"href":"https:\/\/mekulo.com\/no\/wp-json\/wp\/v2\/media\/23039"}],"wp:attachment":[{"href":"https:\/\/mekulo.com\/no\/wp-json\/wp\/v2\/media?parent=23043"}],"wp:term":[{"taxonomy":"product_brand","embeddable":true,"href":"https:\/\/mekulo.com\/no\/wp-json\/wp\/v2\/product_brand?post=23043"},{"taxonomy":"product_cat","embeddable":true,"href":"https:\/\/mekulo.com\/no\/wp-json\/wp\/v2\/product_cat?post=23043"},{"taxonomy":"product_tag","embeddable":true,"href":"https:\/\/mekulo.com\/no\/wp-json\/wp\/v2\/product_tag?post=23043"}],"curies":[{"name":"wp","href":"https:\/\/api.w.org\/{rel}","templated":true}]}}