{"id":22960,"date":"2026-02-12T19:47:14","date_gmt":"2026-02-12T17:47:14","guid":{"rendered":"https:\/\/mekulo.com\/no\/produkt\/ultrakomfortable-tofler\/"},"modified":"2026-02-12T20:57:29","modified_gmt":"2026-02-12T18:57:29","slug":"ultrakomfortable-tofler","status":"publish","type":"product","link":"https:\/\/mekulo.com\/no\/produkt\/ultrakomfortable-tofler\/","title":{"rendered":"Ultrakomfortable t\u00f8fler"},"content":{"rendered":"<p style=\"text-align: center\" data-start=\"32\" data-end=\"83\"><strong data-start=\"32\" data-end=\"83\">Hold f\u00f8ttene varme, koselige og avslappede hele dagen. \ud83e\uddb6<\/strong><\/p>\n<p data-start=\"32\" data-end=\"83\"><img fetchpriority=\"high\" decoding=\"async\" class=\"size-full wp-image-24763 aligncenter\" src=\"https:\/\/mekulo.com\/template\/wp-content\/uploads\/sites\/6\/2026\/02\/6-8.jpeg\" alt=\"\" width=\"800\" height=\"800\" \/><\/p>\n<h2 style=\"text-align: center\" data-start=\"585\" data-end=\"604\">Hovedfordeler \ud83d\udd25<\/h2>\n<p data-start=\"605\" data-end=\"920\">\ud83d\udd25 Varmer hele dagen &#8211; Mykt plysjf\u00f4r som holder p\u00e5 varmen.<\/p>\n<p data-start=\"605\" data-end=\"920\">\ud83e\uddf8 Ultramyk innside &#8211; F\u00f8les mild og koselig.<\/p>\n<p data-start=\"605\" data-end=\"920\">\ud83e\uddb6 Fleksibel design &#8211; Beveger seg naturlig med f\u00f8ttene.<\/p>\n<p data-start=\"605\" data-end=\"920\">\ud83d\udee1\ufe0f Slitesterk konstruksjon &#8211; Laget for daglig bruk.<\/p>\n<p data-start=\"605\" data-end=\"920\">\ud83d\udeb6 Sklisikker s\u00e5le &#8211; Bedre grep og stabilitet.<\/p>\n<p data-start=\"605\" data-end=\"920\">\ud83e\uddfc Enkel \u00e5 rengj\u00f8re &#8211; Kan vaskes i maskin.<\/p>\n<p data-start=\"605\" data-end=\"920\"><img decoding=\"async\" class=\"size-full wp-image-24760 aligncenter\" src=\"https:\/\/mekulo.com\/template\/wp-content\/uploads\/sites\/6\/2026\/02\/6-7.jpeg\" alt=\"\" width=\"800\" height=\"800\" \/><\/p>\n<h2 style=\"text-align: center\" data-start=\"927\" data-end=\"943\">St\u00f8rrelsestabell \ud83d\udccf<\/h2>\n<table dir=\"ltr\" border=\"1\" cellspacing=\"0\" cellpadding=\"0\" data-sheets-root=\"1\" data-sheets-baot=\"1\">\n<colgroup>\n<col width=\"224\" \/>\n<col width=\"100\" \/><\/colgroup>\n<tbody>\n<tr>\n<td>Skost\u00f8rrelse<\/td>\n<td>Fotlengde<\/td>\n<\/tr>\n<tr>\n<td>34-35<\/td>\n<td>22.5<\/td>\n<\/tr>\n<tr>\n<td>36-37<\/td>\n<td>23.5<\/td>\n<\/tr>\n<tr>\n<td>38-39<\/td>\n<td>24.5<\/td>\n<\/tr>\n<tr>\n<td>40-41<\/td>\n<td>25.5<\/td>\n<\/tr>\n<tr>\n<td>42-43<\/td>\n<td>26.5<\/td>\n<\/tr>\n<tr>\n<td>44-45<\/td>\n<td>27.5<\/td>\n<\/tr>\n<tr>\n<td>46-47<\/td>\n<td>28.5<\/td>\n<\/tr>\n<\/tbody>\n<\/table>\n<h2 style=\"text-align: center\" data-start=\"1118\" data-end=\"1139\">Produktdetaljer \ud83d\udccc<\/h2>\n<ul data-start=\"1140\" data-end=\"1338\">\n<li data-start=\"1140\" data-end=\"1181\">\n<p data-start=\"1142\" data-end=\"1181\">Materiale: Overdel i bomull + plysjf\u00f4r<\/p>\n<\/li>\n<li data-start=\"1182\" data-end=\"1222\">\n<p data-start=\"1184\" data-end=\"1222\">Innerf\u00f4r: Kordfl\u00f8yel + tykk plysj<\/p>\n<\/li>\n<li data-start=\"1223\" data-end=\"1263\">\n<p data-start=\"1225\" data-end=\"1263\">S\u00e5le: Tykk, strukturert sklisikker s\u00e5le<\/p>\n<\/li>\n<li data-start=\"1264\" data-end=\"1307\">\n<p data-start=\"1266\" data-end=\"1307\">Design: Helt lukket for ekstra varme<\/p>\n<\/li>\n<li data-start=\"1308\" data-end=\"1338\">\n<p data-start=\"1310\" data-end=\"1338\">Rengj\u00f8ring: Kan vaskes i maskin<\/p>\n<\/li>\n<li data-start=\"1308\" data-end=\"1338\">St\u00f8rrelser: 36-37, 38-39, 40-41, 42-43, 44-45, 46-47<\/li>\n<\/ul>\n<h2 style=\"text-align: center\" data-start=\"1345\" data-end=\"1367\">Pakken inkluderer \ud83d\udce6<\/h2>\n<ul data-start=\"1368\" data-end=\"1410\">\n<li data-start=\"1368\" data-end=\"1410\">\n<p data-start=\"1370\" data-end=\"1410\">1x par ultrakomfortable t\u00f8fler.<\/p>\n<\/li>\n<\/ul>\n","protected":false},"excerpt":{"rendered":"<p>\ud83c\udfe0Disse ultrakomfortable t\u00f8flene er designet for \u00e5 gi f\u00f8ttene maksimal komfort p\u00e5 kalde dager.<br \/>\n\ud83e\uddf8Det myke plysjf\u00f4ret holder varmen inne, mens den fleksible designen st\u00f8tter naturlig bevegelse.<br \/>\n\ud83d\udd25Det plysjf\u00f4rede, kordfl\u00f8yelsf\u00f4rede interi\u00f8ret omslutter f\u00f8ttene dine forsiktig, slik at hvert skritt f\u00f8les mykt og beroligende. Perfekt for avslappende hjemmekos, og holder f\u00f8ttene varme p\u00e5 kj\u00f8lige morgener og kalde kvelder.<\/p>\n","protected":false},"featured_media":22956,"comment_status":"open","ping_status":"closed","template":"","meta":{"site-sidebar-layout":"default","site-content-layout":"","ast-site-content-layout":"default","site-content-style":"default","site-sidebar-style":"default","ast-global-header-display":"","ast-banner-title-visibility":"","ast-main-header-display":"","ast-hfb-above-header-display":"","ast-hfb-below-header-display":"","ast-hfb-mobile-header-display":"","site-post-title":"","ast-breadcrumbs-content":"","ast-featured-img":"","footer-sml-layout":"","theme-transparent-header-meta":"default","adv-header-id-meta":"","stick-header-meta":"","header-above-stick-meta":"","header-main-stick-meta":"","header-below-stick-meta":"","astra-migrate-meta-layouts":"set","ast-page-background-enabled":"default","ast-page-background-meta":{"desktop":{"background-color":"var(--ast-global-color-5)","background-image":"","background-repeat":"repeat","background-position":"center center","background-size":"auto","background-attachment":"scroll","background-type":"","background-media":"","overlay-type":"","overlay-color":"","overlay-opacity":"","overlay-gradient":""},"tablet":{"background-color":"","background-image":"","background-repeat":"repeat","background-position":"center center","background-size":"auto","background-attachment":"scroll","background-type":"","background-media":"","overlay-type":"","overlay-color":"","overlay-opacity":"","overlay-gradient":""},"mobile":{"background-color":"","background-image":"","background-repeat":"repeat","background-position":"center center","background-size":"auto","background-attachment":"scroll","background-type":"","background-media":"","overlay-type":"","overlay-color":"","overlay-opacity":"","overlay-gradient":""}},"ast-content-background-meta":{"desktop":{"background-color":"var(--ast-global-color-4)","background-image":"","background-repeat":"repeat","background-position":"center center","background-size":"auto","background-attachment":"scroll","background-type":"","background-media":"","overlay-type":"","overlay-color":"","overlay-opacity":"","overlay-gradient":""},"tablet":{"background-color":"var(--ast-global-color-4)","background-image":"","background-repeat":"repeat","background-position":"center center","background-size":"auto","background-attachment":"scroll","background-type":"","background-media":"","overlay-type":"","overlay-color":"","overlay-opacity":"","overlay-gradient":""},"mobile":{"background-color":"var(--ast-global-color-4)","background-image":"","background-repeat":"repeat","background-position":"center center","background-size":"auto","background-attachment":"scroll","background-type":"","background-media":"","overlay-type":"","overlay-color":"","overlay-opacity":"","overlay-gradient":""}}},"product_brand":[],"product_cat":[168],"product_tag":[],"class_list":{"0":"post-22960","1":"product","2":"type-product","3":"status-publish","4":"has-post-thumbnail","6":"product_cat-husholdningsartikler","7":"pa_59112_6p6v7idb-bla","8":"pa_59112_6p6v7idb-gra","9":"pa_59112_6p6v7idb-gronn","10":"pa_59112_6p6v7idb-kaffe","11":"pa_59112_6p6v7idb-oransje","12":"pa_59112_6p6v7idb-rosa","13":"pa_59112_j1362u3z-36-37","14":"pa_59112_j1362u3z-38-39","15":"pa_59112_j1362u3z-40-41","16":"pa_59112_j1362u3z-42-43","17":"pa_59112_j1362u3z-44-45","18":"pa_59112_j1362u3z-46-47","19":"desktop-align-left","20":"tablet-align-left","21":"mobile-align-left","23":"first","24":"instock","25":"shipping-taxable","26":"purchasable","27":"product-type-variable","28":"has-default-attributes"},"yoast_head":"<!-- This site is optimized with the Yoast SEO plugin v26.6 - https:\/\/yoast.com\/wordpress\/plugins\/seo\/ -->\n<title>Ultrakomfortable t\u00f8fler - Mekulo NO<\/title>\n<meta name=\"robots\" content=\"index, follow, max-snippet:-1, max-image-preview:large, max-video-preview:-1\" \/>\n<link rel=\"canonical\" href=\"https:\/\/mekulo.com\/no\/produkt\/ultrakomfortable-tofler\/\" \/>\n<meta property=\"og:locale\" content=\"nb_NO\" \/>\n<meta property=\"og:type\" content=\"article\" \/>\n<meta property=\"og:title\" content=\"Ultrakomfortable t\u00f8fler - Mekulo NO\" \/>\n<meta property=\"og:description\" content=\"\ud83c\udfe0Disse ultrakomfortable t\u00f8flene er designet for \u00e5 gi f\u00f8ttene maksimal komfort p\u00e5 kalde dager. \ud83e\uddf8Det myke plysjf\u00f4ret holder varmen inne, mens den fleksible designen st\u00f8tter naturlig bevegelse. \ud83d\udd25Det plysjf\u00f4rede, kordfl\u00f8yelsf\u00f4rede interi\u00f8ret omslutter f\u00f8ttene dine forsiktig, slik at hvert skritt f\u00f8les mykt og beroligende. Perfekt for avslappende hjemmekos, og holder f\u00f8ttene varme p\u00e5 kj\u00f8lige morgener og kalde kvelder.\" \/>\n<meta property=\"og:url\" content=\"https:\/\/mekulo.com\/no\/produkt\/ultrakomfortable-tofler\/\" \/>\n<meta property=\"og:site_name\" content=\"Mekulo NO\" \/>\n<meta property=\"article:modified_time\" content=\"2026-02-12T18:57:29+00:00\" \/>\n<meta property=\"og:image\" content=\"https:\/\/mekulo.com\/no\/wp-content\/uploads\/sites\/10\/2026\/02\/59f66wy-1.jpeg\" \/>\n\t<meta property=\"og:image:width\" content=\"800\" \/>\n\t<meta property=\"og:image:height\" content=\"800\" \/>\n\t<meta property=\"og:image:type\" content=\"image\/jpeg\" \/>\n<meta name=\"twitter:card\" content=\"summary_large_image\" \/>\n<meta name=\"twitter:label1\" content=\"Ansl. lesetid\" \/>\n\t<meta name=\"twitter:data1\" content=\"2 minutter\" \/>\n<script type=\"application\/ld+json\" class=\"yoast-schema-graph\">{\"@context\":\"https:\/\/schema.org\",\"@graph\":[{\"@type\":\"WebPage\",\"@id\":\"https:\/\/mekulo.com\/no\/produkt\/ultrakomfortable-tofler\/\",\"url\":\"https:\/\/mekulo.com\/no\/produkt\/ultrakomfortable-tofler\/\",\"name\":\"Ultrakomfortable t\u00f8fler - Mekulo NO\",\"isPartOf\":{\"@id\":\"https:\/\/mekulo.com\/no\/#website\"},\"primaryImageOfPage\":{\"@id\":\"https:\/\/mekulo.com\/no\/produkt\/ultrakomfortable-tofler\/#primaryimage\"},\"image\":{\"@id\":\"https:\/\/mekulo.com\/no\/produkt\/ultrakomfortable-tofler\/#primaryimage\"},\"thumbnailUrl\":\"https:\/\/mekulo.com\/no\/wp-content\/uploads\/sites\/10\/2026\/02\/59f66wy-1.jpeg\",\"datePublished\":\"2026-02-12T17:47:14+00:00\",\"dateModified\":\"2026-02-12T18:57:29+00:00\",\"breadcrumb\":{\"@id\":\"https:\/\/mekulo.com\/no\/produkt\/ultrakomfortable-tofler\/#breadcrumb\"},\"inLanguage\":\"nb-NO\",\"potentialAction\":[{\"@type\":\"ReadAction\",\"target\":[\"https:\/\/mekulo.com\/no\/produkt\/ultrakomfortable-tofler\/\"]}]},{\"@type\":\"ImageObject\",\"inLanguage\":\"nb-NO\",\"@id\":\"https:\/\/mekulo.com\/no\/produkt\/ultrakomfortable-tofler\/#primaryimage\",\"url\":\"https:\/\/mekulo.com\/no\/wp-content\/uploads\/sites\/10\/2026\/02\/59f66wy-1.jpeg\",\"contentUrl\":\"https:\/\/mekulo.com\/no\/wp-content\/uploads\/sites\/10\/2026\/02\/59f66wy-1.jpeg\",\"width\":800,\"height\":800},{\"@type\":\"BreadcrumbList\",\"@id\":\"https:\/\/mekulo.com\/no\/produkt\/ultrakomfortable-tofler\/#breadcrumb\",\"itemListElement\":[{\"@type\":\"ListItem\",\"position\":1,\"name\":\"Home\",\"item\":\"https:\/\/mekulo.com\/no\/\"},{\"@type\":\"ListItem\",\"position\":2,\"name\":\"Butikk\",\"item\":\"https:\/\/mekulo.com\/no\/butikk\/\"},{\"@type\":\"ListItem\",\"position\":3,\"name\":\"Ultrakomfortable t\u00f8fler\"}]},{\"@type\":\"WebSite\",\"@id\":\"https:\/\/mekulo.com\/no\/#website\",\"url\":\"https:\/\/mekulo.com\/no\/\",\"name\":\"Mekulo NO\",\"description\":\"\",\"publisher\":{\"@id\":\"https:\/\/mekulo.com\/no\/#organization\"},\"potentialAction\":[{\"@type\":\"SearchAction\",\"target\":{\"@type\":\"EntryPoint\",\"urlTemplate\":\"https:\/\/mekulo.com\/no\/?s={search_term_string}\"},\"query-input\":{\"@type\":\"PropertyValueSpecification\",\"valueRequired\":true,\"valueName\":\"search_term_string\"}}],\"inLanguage\":\"nb-NO\"},{\"@type\":\"Organization\",\"@id\":\"https:\/\/mekulo.com\/no\/#organization\",\"name\":\"Mekulo\",\"url\":\"https:\/\/mekulo.com\/no\/\",\"logo\":{\"@type\":\"ImageObject\",\"inLanguage\":\"nb-NO\",\"@id\":\"https:\/\/mekulo.com\/no\/#\/schema\/logo\/image\/\",\"url\":\"https:\/\/mekulo.com\/no\/wp-content\/uploads\/sites\/10\/2025\/12\/favicon_mekulo.png\",\"contentUrl\":\"https:\/\/mekulo.com\/no\/wp-content\/uploads\/sites\/10\/2025\/12\/favicon_mekulo.png\",\"width\":50,\"height\":50,\"caption\":\"Mekulo\"},\"image\":{\"@id\":\"https:\/\/mekulo.com\/no\/#\/schema\/logo\/image\/\"}}]}<\/script>\n<!-- \/ Yoast SEO plugin. -->","yoast_head_json":{"title":"Ultrakomfortable t\u00f8fler - Mekulo NO","robots":{"index":"index","follow":"follow","max-snippet":"max-snippet:-1","max-image-preview":"max-image-preview:large","max-video-preview":"max-video-preview:-1"},"canonical":"https:\/\/mekulo.com\/no\/produkt\/ultrakomfortable-tofler\/","og_locale":"nb_NO","og_type":"article","og_title":"Ultrakomfortable t\u00f8fler - Mekulo NO","og_description":"\ud83c\udfe0Disse ultrakomfortable t\u00f8flene er designet for \u00e5 gi f\u00f8ttene maksimal komfort p\u00e5 kalde dager. \ud83e\uddf8Det myke plysjf\u00f4ret holder varmen inne, mens den fleksible designen st\u00f8tter naturlig bevegelse. \ud83d\udd25Det plysjf\u00f4rede, kordfl\u00f8yelsf\u00f4rede interi\u00f8ret omslutter f\u00f8ttene dine forsiktig, slik at hvert skritt f\u00f8les mykt og beroligende. Perfekt for avslappende hjemmekos, og holder f\u00f8ttene varme p\u00e5 kj\u00f8lige morgener og kalde kvelder.","og_url":"https:\/\/mekulo.com\/no\/produkt\/ultrakomfortable-tofler\/","og_site_name":"Mekulo NO","article_modified_time":"2026-02-12T18:57:29+00:00","og_image":[{"width":800,"height":800,"url":"https:\/\/mekulo.com\/no\/wp-content\/uploads\/sites\/10\/2026\/02\/59f66wy-1.jpeg","type":"image\/jpeg"}],"twitter_card":"summary_large_image","twitter_misc":{"Ansl. lesetid":"2 minutter"},"schema":{"@context":"https:\/\/schema.org","@graph":[{"@type":"WebPage","@id":"https:\/\/mekulo.com\/no\/produkt\/ultrakomfortable-tofler\/","url":"https:\/\/mekulo.com\/no\/produkt\/ultrakomfortable-tofler\/","name":"Ultrakomfortable t\u00f8fler - Mekulo NO","isPartOf":{"@id":"https:\/\/mekulo.com\/no\/#website"},"primaryImageOfPage":{"@id":"https:\/\/mekulo.com\/no\/produkt\/ultrakomfortable-tofler\/#primaryimage"},"image":{"@id":"https:\/\/mekulo.com\/no\/produkt\/ultrakomfortable-tofler\/#primaryimage"},"thumbnailUrl":"https:\/\/mekulo.com\/no\/wp-content\/uploads\/sites\/10\/2026\/02\/59f66wy-1.jpeg","datePublished":"2026-02-12T17:47:14+00:00","dateModified":"2026-02-12T18:57:29+00:00","breadcrumb":{"@id":"https:\/\/mekulo.com\/no\/produkt\/ultrakomfortable-tofler\/#breadcrumb"},"inLanguage":"nb-NO","potentialAction":[{"@type":"ReadAction","target":["https:\/\/mekulo.com\/no\/produkt\/ultrakomfortable-tofler\/"]}]},{"@type":"ImageObject","inLanguage":"nb-NO","@id":"https:\/\/mekulo.com\/no\/produkt\/ultrakomfortable-tofler\/#primaryimage","url":"https:\/\/mekulo.com\/no\/wp-content\/uploads\/sites\/10\/2026\/02\/59f66wy-1.jpeg","contentUrl":"https:\/\/mekulo.com\/no\/wp-content\/uploads\/sites\/10\/2026\/02\/59f66wy-1.jpeg","width":800,"height":800},{"@type":"BreadcrumbList","@id":"https:\/\/mekulo.com\/no\/produkt\/ultrakomfortable-tofler\/#breadcrumb","itemListElement":[{"@type":"ListItem","position":1,"name":"Home","item":"https:\/\/mekulo.com\/no\/"},{"@type":"ListItem","position":2,"name":"Butikk","item":"https:\/\/mekulo.com\/no\/butikk\/"},{"@type":"ListItem","position":3,"name":"Ultrakomfortable t\u00f8fler"}]},{"@type":"WebSite","@id":"https:\/\/mekulo.com\/no\/#website","url":"https:\/\/mekulo.com\/no\/","name":"Mekulo NO","description":"","publisher":{"@id":"https:\/\/mekulo.com\/no\/#organization"},"potentialAction":[{"@type":"SearchAction","target":{"@type":"EntryPoint","urlTemplate":"https:\/\/mekulo.com\/no\/?s={search_term_string}"},"query-input":{"@type":"PropertyValueSpecification","valueRequired":true,"valueName":"search_term_string"}}],"inLanguage":"nb-NO"},{"@type":"Organization","@id":"https:\/\/mekulo.com\/no\/#organization","name":"Mekulo","url":"https:\/\/mekulo.com\/no\/","logo":{"@type":"ImageObject","inLanguage":"nb-NO","@id":"https:\/\/mekulo.com\/no\/#\/schema\/logo\/image\/","url":"https:\/\/mekulo.com\/no\/wp-content\/uploads\/sites\/10\/2025\/12\/favicon_mekulo.png","contentUrl":"https:\/\/mekulo.com\/no\/wp-content\/uploads\/sites\/10\/2025\/12\/favicon_mekulo.png","width":50,"height":50,"caption":"Mekulo"},"image":{"@id":"https:\/\/mekulo.com\/no\/#\/schema\/logo\/image\/"}}]}},"_links":{"self":[{"href":"https:\/\/mekulo.com\/no\/wp-json\/wp\/v2\/product\/22960","targetHints":{"allow":["GET"]}}],"collection":[{"href":"https:\/\/mekulo.com\/no\/wp-json\/wp\/v2\/product"}],"about":[{"href":"https:\/\/mekulo.com\/no\/wp-json\/wp\/v2\/types\/product"}],"replies":[{"embeddable":true,"href":"https:\/\/mekulo.com\/no\/wp-json\/wp\/v2\/comments?post=22960"}],"wp:featuredmedia":[{"embeddable":true,"href":"https:\/\/mekulo.com\/no\/wp-json\/wp\/v2\/media\/22956"}],"wp:attachment":[{"href":"https:\/\/mekulo.com\/no\/wp-json\/wp\/v2\/media?parent=22960"}],"wp:term":[{"taxonomy":"product_brand","embeddable":true,"href":"https:\/\/mekulo.com\/no\/wp-json\/wp\/v2\/product_brand?post=22960"},{"taxonomy":"product_cat","embeddable":true,"href":"https:\/\/mekulo.com\/no\/wp-json\/wp\/v2\/product_cat?post=22960"},{"taxonomy":"product_tag","embeddable":true,"href":"https:\/\/mekulo.com\/no\/wp-json\/wp\/v2\/product_tag?post=22960"}],"curies":[{"name":"wp","href":"https:\/\/api.w.org\/{rel}","templated":true}]}}