{"id":22947,"date":"2026-02-12T19:44:36","date_gmt":"2026-02-12T17:44:36","guid":{"rendered":"https:\/\/mekulo.com\/no\/produkt\/presisjonsverktoy-for-sporing\/"},"modified":"2026-03-02T14:13:58","modified_gmt":"2026-03-02T12:13:58","slug":"presisjonsverktoy-for-sporing","status":"publish","type":"product","link":"https:\/\/mekulo.com\/no\/produkt\/presisjonsverktoy-for-sporing\/","title":{"rendered":"Presisjonsverkt\u00f8y for sporing"},"content":{"rendered":"<p style=\"text-align: center;\" data-start=\"27\" data-end=\"83\"><strong data-start=\"27\" data-end=\"83\">Lag Perfekt N\u00f8yaktige Linjer Og Buer P\u00e5 F\u00e5 Sekunder. \ud83d\udd8a\ufe0f<\/strong><\/p>\n<p data-start=\"27\" data-end=\"83\"><img fetchpriority=\"high\" decoding=\"async\" class=\"size-full wp-image-24891 aligncenter\" src=\"https:\/\/mekulo.com\/template\/wp-content\/uploads\/sites\/6\/2026\/02\/Sd4de2d72694f41b290f171fae17dca62D.jpg\" alt=\"\" width=\"800\" height=\"800\" \/><\/p>\n<h2 style=\"text-align: center;\" data-start=\"614\" data-end=\"633\">Hovedfordeler \ud83d\udccf<\/h2>\n<p data-start=\"634\" data-end=\"953\">\ud83d\udccf Allsidig justering &#8211; Endre form etter behov.<\/p>\n<p data-start=\"634\" data-end=\"953\">\ud83c\udfaf L\u00e5s med h\u00f8y presisjon &#8211; Stabil og n\u00f8yaktig merking.<\/p>\n<p data-start=\"634\" data-end=\"953\">\ud83d\udee0\ufe0f Tydelig synlig skala &#8211; Enkel \u00e5 lese og bruke.<\/p>\n<p data-start=\"634\" data-end=\"953\">\u2699\ufe0f Slitesterk konstruksjon &#8211; Laget av aluminiumslegering.<\/p>\n<p data-start=\"634\" data-end=\"953\">\ud83e\uddf3 Kompakt og b\u00e6rbar &#8211; Passer i lommen.<\/p>\n<p data-start=\"634\" data-end=\"953\">\ud83c\udfe0 Bred applikasjon &#8211; Ideell for mange prosjekter.<\/p>\n<p data-start=\"634\" data-end=\"953\"><img decoding=\"async\" class=\"size-full wp-image-24892 aligncenter\" src=\"https:\/\/mekulo.com\/template\/wp-content\/uploads\/sites\/6\/2026\/02\/S5a62f3507d894c30bca8653ce23f3241W.webp\" alt=\"\" width=\"800\" height=\"800\" \/><\/p>\n<h2 style=\"text-align: center;\" data-start=\"960\" data-end=\"976\">Hvordan Du Bruker \ud83d\udccc<\/h2>\n<ol data-start=\"977\" data-end=\"1132\">\n<li data-start=\"977\" data-end=\"1015\">\n<p data-start=\"980\" data-end=\"1015\">L\u00f8s blyantholderen og mutteren.<\/p>\n<\/li>\n<li data-start=\"1016\" data-end=\"1059\">\n<p data-start=\"1019\" data-end=\"1059\">Juster verkt\u00f8yet til \u00f8nsket form.<\/p>\n<\/li>\n<li data-start=\"1060\" data-end=\"1092\">\n<p data-start=\"1063\" data-end=\"1092\">L\u00e5s den godt p\u00e5 plass.<\/p>\n<\/li>\n<li data-start=\"1093\" data-end=\"1132\">\n<p data-start=\"1096\" data-end=\"1132\">Merk linjer eller buer p\u00e5 overflaten.<\/p>\n<\/li>\n<\/ol>\n<h2 style=\"text-align: center;\" data-start=\"1139\" data-end=\"1160\">Produktdetaljer \ud83d\udccf<\/h2>\n<ul data-start=\"1161\" data-end=\"1324\">\n<li data-start=\"1161\" data-end=\"1195\">\n<p data-start=\"1163\" data-end=\"1195\">Materiale: ABS + Aluminiumslegering<\/p>\n<\/li>\n<li data-start=\"1196\" data-end=\"1234\">\n<p data-start=\"1198\" data-end=\"1234\">St\u00f8rrelse: 15,24 x 11 x 13 cm<\/p>\n<\/li>\n<li data-start=\"1235\" data-end=\"1251\">\n<p data-start=\"1237\" data-end=\"1251\">Farge: Svart<\/p>\n<\/li>\n<li data-start=\"1252\" data-end=\"1285\">\n<p data-start=\"1254\" data-end=\"1285\">Design: Justerbar &amp; l\u00e5sbar<\/p>\n<\/li>\n<li data-start=\"1286\" data-end=\"1324\">\n<p data-start=\"1288\" data-end=\"1324\">Bruk: Linjer, buer, parallellmarkering<\/p>\n<\/li>\n<\/ul>\n<h2 style=\"text-align: center;\" data-start=\"1331\" data-end=\"1353\">Pakken Inkluderer \ud83d\udce6<\/h2>\n<ul data-start=\"1354\" data-end=\"1383\">\n<li data-start=\"1354\" data-end=\"1383\">\n<p data-start=\"1356\" data-end=\"1383\">1, 2x presisjonssporingsverkt\u00f8y<\/p>\n<\/li>\n<li data-start=\"1354\" data-end=\"1383\">6, 12x p\u00e5fyll.<\/li>\n<\/ul>\n","protected":false},"excerpt":{"rendered":"<p><span style=\"font-size: 16px; font-style: normal; font-weight: 400;\">\u270f\ufe0fDette <\/span>presisjonsverkt\u00f8yet er designet for fleksibel merking og forming.<br \/>\n\ud83e\udeb5Det er enkelt \u00e5 justere og l\u00e5se det i ulike posisjoner for \u00e5 matche layoutbehovene dine, enten du jobber med trebearbeiding, flislegging eller spesialtilpasning.<br \/>\n\ud83d\udccfKompakt og lett, det er det perfekte verkt\u00f8yet \u00e5 ha med seg overalt. Et must-have-verkt\u00f8y for n\u00f8yaktig layout og rene resultater.<\/p>\n","protected":false},"featured_media":22943,"comment_status":"open","ping_status":"closed","template":"","meta":{"site-sidebar-layout":"default","site-content-layout":"","ast-site-content-layout":"default","site-content-style":"default","site-sidebar-style":"default","ast-global-header-display":"","ast-banner-title-visibility":"","ast-main-header-display":"","ast-hfb-above-header-display":"","ast-hfb-below-header-display":"","ast-hfb-mobile-header-display":"","site-post-title":"","ast-breadcrumbs-content":"","ast-featured-img":"","footer-sml-layout":"","theme-transparent-header-meta":"default","adv-header-id-meta":"","stick-header-meta":"","header-above-stick-meta":"","header-main-stick-meta":"","header-below-stick-meta":"","astra-migrate-meta-layouts":"set","ast-page-background-enabled":"default","ast-page-background-meta":{"desktop":{"background-color":"var(--ast-global-color-5)","background-image":"","background-repeat":"repeat","background-position":"center center","background-size":"auto","background-attachment":"scroll","background-type":"","background-media":"","overlay-type":"","overlay-color":"","overlay-opacity":"","overlay-gradient":""},"tablet":{"background-color":"","background-image":"","background-repeat":"repeat","background-position":"center center","background-size":"auto","background-attachment":"scroll","background-type":"","background-media":"","overlay-type":"","overlay-color":"","overlay-opacity":"","overlay-gradient":""},"mobile":{"background-color":"","background-image":"","background-repeat":"repeat","background-position":"center center","background-size":"auto","background-attachment":"scroll","background-type":"","background-media":"","overlay-type":"","overlay-color":"","overlay-opacity":"","overlay-gradient":""}},"ast-content-background-meta":{"desktop":{"background-color":"var(--ast-global-color-4)","background-image":"","background-repeat":"repeat","background-position":"center center","background-size":"auto","background-attachment":"scroll","background-type":"","background-media":"","overlay-type":"","overlay-color":"","overlay-opacity":"","overlay-gradient":""},"tablet":{"background-color":"var(--ast-global-color-4)","background-image":"","background-repeat":"repeat","background-position":"center center","background-size":"auto","background-attachment":"scroll","background-type":"","background-media":"","overlay-type":"","overlay-color":"","overlay-opacity":"","overlay-gradient":""},"mobile":{"background-color":"var(--ast-global-color-4)","background-image":"","background-repeat":"repeat","background-position":"center center","background-size":"auto","background-attachment":"scroll","background-type":"","background-media":"","overlay-type":"","overlay-color":"","overlay-opacity":"","overlay-gradient":""}}},"product_brand":[],"product_cat":[171],"product_tag":[],"class_list":{"0":"post-22947","1":"product","2":"type-product","3":"status-publish","4":"has-post-thumbnail","6":"product_cat-verktoy","7":"pa_59082_sa0t9105-1-stk","8":"pa_59082_sa0t9105-2-stk","9":"desktop-align-left","10":"tablet-align-left","11":"mobile-align-left","13":"first","14":"instock","15":"shipping-taxable","16":"purchasable","17":"product-type-variable"},"yoast_head":"<!-- This site is optimized with the Yoast SEO plugin v26.6 - https:\/\/yoast.com\/wordpress\/plugins\/seo\/ -->\n<title>Presisjonsverkt\u00f8y for sporing - Mekulo NO<\/title>\n<meta name=\"robots\" content=\"index, follow, max-snippet:-1, max-image-preview:large, max-video-preview:-1\" \/>\n<link rel=\"canonical\" href=\"https:\/\/mekulo.com\/no\/produkt\/presisjonsverktoy-for-sporing\/\" \/>\n<meta property=\"og:locale\" content=\"nb_NO\" \/>\n<meta property=\"og:type\" content=\"article\" \/>\n<meta property=\"og:title\" content=\"Presisjonsverkt\u00f8y for sporing - Mekulo NO\" \/>\n<meta property=\"og:description\" content=\"\u270f\ufe0fDette presisjonsverkt\u00f8yet er designet for fleksibel merking og forming. \ud83e\udeb5Det er enkelt \u00e5 justere og l\u00e5se det i ulike posisjoner for \u00e5 matche layoutbehovene dine, enten du jobber med trebearbeiding, flislegging eller spesialtilpasning. \ud83d\udccfKompakt og lett, det er det perfekte verkt\u00f8yet \u00e5 ha med seg overalt. Et must-have-verkt\u00f8y for n\u00f8yaktig layout og rene resultater.\" \/>\n<meta property=\"og:url\" content=\"https:\/\/mekulo.com\/no\/produkt\/presisjonsverktoy-for-sporing\/\" \/>\n<meta property=\"og:site_name\" content=\"Mekulo NO\" \/>\n<meta property=\"article:modified_time\" content=\"2026-03-02T12:13:58+00:00\" \/>\n<meta property=\"og:image\" content=\"https:\/\/mekulo.com\/no\/wp-content\/uploads\/sites\/10\/2026\/02\/a0u53ha-1.jpg\" \/>\n\t<meta property=\"og:image:width\" content=\"800\" \/>\n\t<meta property=\"og:image:height\" content=\"800\" \/>\n\t<meta property=\"og:image:type\" content=\"image\/jpeg\" \/>\n<meta name=\"twitter:card\" content=\"summary_large_image\" \/>\n<meta name=\"twitter:label1\" content=\"Ansl. lesetid\" \/>\n\t<meta name=\"twitter:data1\" content=\"2 minutter\" \/>\n<script type=\"application\/ld+json\" class=\"yoast-schema-graph\">{\"@context\":\"https:\/\/schema.org\",\"@graph\":[{\"@type\":\"WebPage\",\"@id\":\"https:\/\/mekulo.com\/no\/produkt\/presisjonsverktoy-for-sporing\/\",\"url\":\"https:\/\/mekulo.com\/no\/produkt\/presisjonsverktoy-for-sporing\/\",\"name\":\"Presisjonsverkt\u00f8y for sporing - Mekulo NO\",\"isPartOf\":{\"@id\":\"https:\/\/mekulo.com\/no\/#website\"},\"primaryImageOfPage\":{\"@id\":\"https:\/\/mekulo.com\/no\/produkt\/presisjonsverktoy-for-sporing\/#primaryimage\"},\"image\":{\"@id\":\"https:\/\/mekulo.com\/no\/produkt\/presisjonsverktoy-for-sporing\/#primaryimage\"},\"thumbnailUrl\":\"https:\/\/mekulo.com\/no\/wp-content\/uploads\/sites\/10\/2026\/02\/a0u53ha-1.jpg\",\"datePublished\":\"2026-02-12T17:44:36+00:00\",\"dateModified\":\"2026-03-02T12:13:58+00:00\",\"breadcrumb\":{\"@id\":\"https:\/\/mekulo.com\/no\/produkt\/presisjonsverktoy-for-sporing\/#breadcrumb\"},\"inLanguage\":\"nb-NO\",\"potentialAction\":[{\"@type\":\"ReadAction\",\"target\":[\"https:\/\/mekulo.com\/no\/produkt\/presisjonsverktoy-for-sporing\/\"]}]},{\"@type\":\"ImageObject\",\"inLanguage\":\"nb-NO\",\"@id\":\"https:\/\/mekulo.com\/no\/produkt\/presisjonsverktoy-for-sporing\/#primaryimage\",\"url\":\"https:\/\/mekulo.com\/no\/wp-content\/uploads\/sites\/10\/2026\/02\/a0u53ha-1.jpg\",\"contentUrl\":\"https:\/\/mekulo.com\/no\/wp-content\/uploads\/sites\/10\/2026\/02\/a0u53ha-1.jpg\",\"width\":800,\"height\":800},{\"@type\":\"BreadcrumbList\",\"@id\":\"https:\/\/mekulo.com\/no\/produkt\/presisjonsverktoy-for-sporing\/#breadcrumb\",\"itemListElement\":[{\"@type\":\"ListItem\",\"position\":1,\"name\":\"Home\",\"item\":\"https:\/\/mekulo.com\/no\/\"},{\"@type\":\"ListItem\",\"position\":2,\"name\":\"Butikk\",\"item\":\"https:\/\/mekulo.com\/no\/butikk\/\"},{\"@type\":\"ListItem\",\"position\":3,\"name\":\"Presisjonsverkt\u00f8y for sporing\"}]},{\"@type\":\"WebSite\",\"@id\":\"https:\/\/mekulo.com\/no\/#website\",\"url\":\"https:\/\/mekulo.com\/no\/\",\"name\":\"Mekulo NO\",\"description\":\"\",\"publisher\":{\"@id\":\"https:\/\/mekulo.com\/no\/#organization\"},\"potentialAction\":[{\"@type\":\"SearchAction\",\"target\":{\"@type\":\"EntryPoint\",\"urlTemplate\":\"https:\/\/mekulo.com\/no\/?s={search_term_string}\"},\"query-input\":{\"@type\":\"PropertyValueSpecification\",\"valueRequired\":true,\"valueName\":\"search_term_string\"}}],\"inLanguage\":\"nb-NO\"},{\"@type\":\"Organization\",\"@id\":\"https:\/\/mekulo.com\/no\/#organization\",\"name\":\"Mekulo\",\"url\":\"https:\/\/mekulo.com\/no\/\",\"logo\":{\"@type\":\"ImageObject\",\"inLanguage\":\"nb-NO\",\"@id\":\"https:\/\/mekulo.com\/no\/#\/schema\/logo\/image\/\",\"url\":\"https:\/\/mekulo.com\/no\/wp-content\/uploads\/sites\/10\/2025\/12\/favicon_mekulo.png\",\"contentUrl\":\"https:\/\/mekulo.com\/no\/wp-content\/uploads\/sites\/10\/2025\/12\/favicon_mekulo.png\",\"width\":50,\"height\":50,\"caption\":\"Mekulo\"},\"image\":{\"@id\":\"https:\/\/mekulo.com\/no\/#\/schema\/logo\/image\/\"}}]}<\/script>\n<!-- \/ Yoast SEO plugin. -->","yoast_head_json":{"title":"Presisjonsverkt\u00f8y for sporing - Mekulo NO","robots":{"index":"index","follow":"follow","max-snippet":"max-snippet:-1","max-image-preview":"max-image-preview:large","max-video-preview":"max-video-preview:-1"},"canonical":"https:\/\/mekulo.com\/no\/produkt\/presisjonsverktoy-for-sporing\/","og_locale":"nb_NO","og_type":"article","og_title":"Presisjonsverkt\u00f8y for sporing - Mekulo NO","og_description":"\u270f\ufe0fDette presisjonsverkt\u00f8yet er designet for fleksibel merking og forming. \ud83e\udeb5Det er enkelt \u00e5 justere og l\u00e5se det i ulike posisjoner for \u00e5 matche layoutbehovene dine, enten du jobber med trebearbeiding, flislegging eller spesialtilpasning. \ud83d\udccfKompakt og lett, det er det perfekte verkt\u00f8yet \u00e5 ha med seg overalt. Et must-have-verkt\u00f8y for n\u00f8yaktig layout og rene resultater.","og_url":"https:\/\/mekulo.com\/no\/produkt\/presisjonsverktoy-for-sporing\/","og_site_name":"Mekulo NO","article_modified_time":"2026-03-02T12:13:58+00:00","og_image":[{"width":800,"height":800,"url":"https:\/\/mekulo.com\/no\/wp-content\/uploads\/sites\/10\/2026\/02\/a0u53ha-1.jpg","type":"image\/jpeg"}],"twitter_card":"summary_large_image","twitter_misc":{"Ansl. lesetid":"2 minutter"},"schema":{"@context":"https:\/\/schema.org","@graph":[{"@type":"WebPage","@id":"https:\/\/mekulo.com\/no\/produkt\/presisjonsverktoy-for-sporing\/","url":"https:\/\/mekulo.com\/no\/produkt\/presisjonsverktoy-for-sporing\/","name":"Presisjonsverkt\u00f8y for sporing - Mekulo NO","isPartOf":{"@id":"https:\/\/mekulo.com\/no\/#website"},"primaryImageOfPage":{"@id":"https:\/\/mekulo.com\/no\/produkt\/presisjonsverktoy-for-sporing\/#primaryimage"},"image":{"@id":"https:\/\/mekulo.com\/no\/produkt\/presisjonsverktoy-for-sporing\/#primaryimage"},"thumbnailUrl":"https:\/\/mekulo.com\/no\/wp-content\/uploads\/sites\/10\/2026\/02\/a0u53ha-1.jpg","datePublished":"2026-02-12T17:44:36+00:00","dateModified":"2026-03-02T12:13:58+00:00","breadcrumb":{"@id":"https:\/\/mekulo.com\/no\/produkt\/presisjonsverktoy-for-sporing\/#breadcrumb"},"inLanguage":"nb-NO","potentialAction":[{"@type":"ReadAction","target":["https:\/\/mekulo.com\/no\/produkt\/presisjonsverktoy-for-sporing\/"]}]},{"@type":"ImageObject","inLanguage":"nb-NO","@id":"https:\/\/mekulo.com\/no\/produkt\/presisjonsverktoy-for-sporing\/#primaryimage","url":"https:\/\/mekulo.com\/no\/wp-content\/uploads\/sites\/10\/2026\/02\/a0u53ha-1.jpg","contentUrl":"https:\/\/mekulo.com\/no\/wp-content\/uploads\/sites\/10\/2026\/02\/a0u53ha-1.jpg","width":800,"height":800},{"@type":"BreadcrumbList","@id":"https:\/\/mekulo.com\/no\/produkt\/presisjonsverktoy-for-sporing\/#breadcrumb","itemListElement":[{"@type":"ListItem","position":1,"name":"Home","item":"https:\/\/mekulo.com\/no\/"},{"@type":"ListItem","position":2,"name":"Butikk","item":"https:\/\/mekulo.com\/no\/butikk\/"},{"@type":"ListItem","position":3,"name":"Presisjonsverkt\u00f8y for sporing"}]},{"@type":"WebSite","@id":"https:\/\/mekulo.com\/no\/#website","url":"https:\/\/mekulo.com\/no\/","name":"Mekulo NO","description":"","publisher":{"@id":"https:\/\/mekulo.com\/no\/#organization"},"potentialAction":[{"@type":"SearchAction","target":{"@type":"EntryPoint","urlTemplate":"https:\/\/mekulo.com\/no\/?s={search_term_string}"},"query-input":{"@type":"PropertyValueSpecification","valueRequired":true,"valueName":"search_term_string"}}],"inLanguage":"nb-NO"},{"@type":"Organization","@id":"https:\/\/mekulo.com\/no\/#organization","name":"Mekulo","url":"https:\/\/mekulo.com\/no\/","logo":{"@type":"ImageObject","inLanguage":"nb-NO","@id":"https:\/\/mekulo.com\/no\/#\/schema\/logo\/image\/","url":"https:\/\/mekulo.com\/no\/wp-content\/uploads\/sites\/10\/2025\/12\/favicon_mekulo.png","contentUrl":"https:\/\/mekulo.com\/no\/wp-content\/uploads\/sites\/10\/2025\/12\/favicon_mekulo.png","width":50,"height":50,"caption":"Mekulo"},"image":{"@id":"https:\/\/mekulo.com\/no\/#\/schema\/logo\/image\/"}}]}},"_links":{"self":[{"href":"https:\/\/mekulo.com\/no\/wp-json\/wp\/v2\/product\/22947","targetHints":{"allow":["GET"]}}],"collection":[{"href":"https:\/\/mekulo.com\/no\/wp-json\/wp\/v2\/product"}],"about":[{"href":"https:\/\/mekulo.com\/no\/wp-json\/wp\/v2\/types\/product"}],"replies":[{"embeddable":true,"href":"https:\/\/mekulo.com\/no\/wp-json\/wp\/v2\/comments?post=22947"}],"wp:featuredmedia":[{"embeddable":true,"href":"https:\/\/mekulo.com\/no\/wp-json\/wp\/v2\/media\/22943"}],"wp:attachment":[{"href":"https:\/\/mekulo.com\/no\/wp-json\/wp\/v2\/media?parent=22947"}],"wp:term":[{"taxonomy":"product_brand","embeddable":true,"href":"https:\/\/mekulo.com\/no\/wp-json\/wp\/v2\/product_brand?post=22947"},{"taxonomy":"product_cat","embeddable":true,"href":"https:\/\/mekulo.com\/no\/wp-json\/wp\/v2\/product_cat?post=22947"},{"taxonomy":"product_tag","embeddable":true,"href":"https:\/\/mekulo.com\/no\/wp-json\/wp\/v2\/product_tag?post=22947"}],"curies":[{"name":"wp","href":"https:\/\/api.w.org\/{rel}","templated":true}]}}