{"id":22903,"date":"2026-02-12T19:37:55","date_gmt":"2026-02-12T17:37:55","guid":{"rendered":"https:\/\/mekulo.com\/no\/produkt\/somlos-holdnings-bh-med-ryggstotte\/"},"modified":"2026-02-12T20:51:14","modified_gmt":"2026-02-12T18:51:14","slug":"somlos-holdnings-bh-med-ryggstotte","status":"publish","type":"product","link":"https:\/\/mekulo.com\/no\/produkt\/somlos-holdnings-bh-med-ryggstotte\/","title":{"rendered":"S\u00f8ml\u00f8s holdnings-BH med ryggst\u00f8tte"},"content":{"rendered":"<p style=\"text-align: center\" data-start=\"61\" data-end=\"114\"><strong data-start=\"61\" data-end=\"114\">F\u00f8ler Deg St\u00f8ttet, Justert Og Komfortabel Hele Dagen. \ud83d\udc69<\/strong><\/p>\n<p data-start=\"61\" data-end=\"114\"><img fetchpriority=\"high\" decoding=\"async\" class=\"size-full wp-image-24622 aligncenter\" src=\"https:\/\/mekulo.com\/template\/wp-content\/uploads\/sites\/6\/2026\/02\/spp_20250324174309_b1d46baf7875cc7324c6fe4493b31d51_cb53e6b0-ce52-4a17-94dc-fe523af219c0.webp\" alt=\"\" width=\"600\" height=\"600\" \/><\/p>\n<h2 style=\"text-align: center\" data-start=\"552\" data-end=\"571\">Hovedfordeler \ud83e\uddcd\u200d\u2640\ufe0f<\/h2>\n<p data-start=\"572\" data-end=\"950\">\ud83e\uddcd\u200d\u2640\ufe0f Ryggst\u00f8ttedesign &#8211; Hjelper med \u00e5 forbedre holdningen.<\/p>\n<p data-start=\"572\" data-end=\"950\">\ud83d\udc86\u200d\u2640\ufe0f Skulderavlastning &#8211; Reduserer belastning og spenning.<\/p>\n<p data-start=\"572\" data-end=\"950\">\ud83d\udd12 Frontlukking &#8211; Enkel \u00e5 ta p\u00e5 og av.<\/p>\n<p data-start=\"572\" data-end=\"950\">\ud83d\udc5a S\u00f8ml\u00f8s finish &#8211; Glatt utseende under antrekk.<\/p>\n<p data-start=\"572\" data-end=\"950\">\ud83c\udf2c\ufe0f Pustende stoff &#8211; Holder deg kj\u00f8lig.<\/p>\n<p data-start=\"572\" data-end=\"950\">\ud83d\udc96 Komfort hele dagen &#8211; Myk og irritasjonsfri.<\/p>\n<p data-start=\"572\" data-end=\"950\">\ud83c\udfc3\u200d\u2640\ufe0f Allsidig bruk &#8211; Passer perfekt til daglig bruk eller lett aktivitet.<\/p>\n<p data-start=\"572\" data-end=\"950\"><img decoding=\"async\" class=\"size-full wp-image-24619 aligncenter\" src=\"https:\/\/mekulo.com\/template\/wp-content\/uploads\/sites\/6\/2026\/02\/Sfdc42dba957e4035b6eec15994e24fa2R.jpg\" alt=\"\" width=\"870\" height=\"1009\" \/><\/p>\n<h2 style=\"text-align: center\" data-start=\"957\" data-end=\"973\">Hvordan Bruke \ud83d\udccc<\/h2>\n<ol data-start=\"974\" data-end=\"1136\">\n<li data-start=\"974\" data-end=\"1002\">\n<p data-start=\"977\" data-end=\"1002\">\u00c5pne lukkingen foran.<\/p>\n<\/li>\n<li data-start=\"1003\" data-end=\"1042\">\n<p data-start=\"1006\" data-end=\"1042\">Skyv armene gjennom stroppene.<\/p>\n<\/li>\n<li data-start=\"1043\" data-end=\"1077\">\n<p data-start=\"1046\" data-end=\"1077\">Plasser BH-en komfortabelt.<\/p>\n<\/li>\n<li data-start=\"1078\" data-end=\"1106\">\n<p data-start=\"1081\" data-end=\"1106\">Fest de fremre krokene.<\/p>\n<\/li>\n<li data-start=\"1107\" data-end=\"1136\">\n<p data-start=\"1110\" data-end=\"1136\">Juster for en sikker passform.<\/p>\n<\/li>\n<\/ol>\n<h2 style=\"text-align: center\" data-start=\"1143\" data-end=\"1164\">Produktdetaljer \ud83d\udccf<\/h2>\n<ul data-start=\"1165\" data-end=\"1332\">\n<li data-start=\"1165\" data-end=\"1188\">\n<p data-start=\"1167\" data-end=\"1188\">Materiale: Polyester<\/p>\n<\/li>\n<li data-start=\"1224\" data-end=\"1246\">\n<p data-start=\"1226\" data-end=\"1246\">St\u00f8rrelser: S (80-100 cm), M (100-120 cm), L (120-140 cm), XL (140-160 cm)<\/p>\n<\/li>\n<li data-start=\"1247\" data-end=\"1295\">\n<p data-start=\"1249\" data-end=\"1295\">Design: Frontlukking, s\u00f8ml\u00f8s konstruksjon<\/p>\n<\/li>\n<li data-start=\"1296\" data-end=\"1332\">\n<p data-start=\"1298\" data-end=\"1332\">Funksjon: Forsterket ryggst\u00f8tte<\/p>\n<\/li>\n<\/ul>\n<h2 style=\"text-align: center\" data-start=\"1339\" data-end=\"1361\">Pakken Inkluderer \ud83d\udce6<\/h2>\n<ul data-start=\"1362\" data-end=\"1425\">\n<li data-start=\"1362\" data-end=\"1425\">\n<p data-start=\"1364\" data-end=\"1425\">1, 2x s\u00f8ml\u00f8s ryggst\u00f8tte holdnings-BH.<\/p>\n<\/li>\n<\/ul>\n","protected":false},"excerpt":{"rendered":"<p><span style=\"font-size: 16px;font-style: normal;font-weight: 400\">\u2728<\/span>Denne s\u00f8ml\u00f8se, ryggst\u00f8ttende holdnings-BH-en er designet for \u00e5 forbedre din daglige komfort.<br \/>\n\ud83d\udc57Den forsterkede ryggstrukturen bidrar til en bedre holdning samtidig som den reduserer trykket p\u00e5 skuldrene. Den s\u00f8ml\u00f8se designen er usynlig under kl\u00e6rne.<br \/>\n\ud83c\udf2c\ufe0fSoft, pustende stoff holder deg kj\u00f8lig og komfortabel gjennom hele dagen. Du f\u00e5r bedre st\u00f8tte, bedre holdning og mer selvtillit i hverdagen.<\/p>\n","protected":false},"featured_media":22899,"comment_status":"open","ping_status":"closed","template":"","meta":{"site-sidebar-layout":"default","site-content-layout":"","ast-site-content-layout":"default","site-content-style":"default","site-sidebar-style":"default","ast-global-header-display":"","ast-banner-title-visibility":"","ast-main-header-display":"","ast-hfb-above-header-display":"","ast-hfb-below-header-display":"","ast-hfb-mobile-header-display":"","site-post-title":"","ast-breadcrumbs-content":"","ast-featured-img":"","footer-sml-layout":"","theme-transparent-header-meta":"default","adv-header-id-meta":"","stick-header-meta":"","header-above-stick-meta":"","header-main-stick-meta":"","header-below-stick-meta":"","astra-migrate-meta-layouts":"set","ast-page-background-enabled":"default","ast-page-background-meta":{"desktop":{"background-color":"var(--ast-global-color-5)","background-image":"","background-repeat":"repeat","background-position":"center center","background-size":"auto","background-attachment":"scroll","background-type":"","background-media":"","overlay-type":"","overlay-color":"","overlay-opacity":"","overlay-gradient":""},"tablet":{"background-color":"","background-image":"","background-repeat":"repeat","background-position":"center center","background-size":"auto","background-attachment":"scroll","background-type":"","background-media":"","overlay-type":"","overlay-color":"","overlay-opacity":"","overlay-gradient":""},"mobile":{"background-color":"","background-image":"","background-repeat":"repeat","background-position":"center center","background-size":"auto","background-attachment":"scroll","background-type":"","background-media":"","overlay-type":"","overlay-color":"","overlay-opacity":"","overlay-gradient":""}},"ast-content-background-meta":{"desktop":{"background-color":"var(--ast-global-color-4)","background-image":"","background-repeat":"repeat","background-position":"center center","background-size":"auto","background-attachment":"scroll","background-type":"","background-media":"","overlay-type":"","overlay-color":"","overlay-opacity":"","overlay-gradient":""},"tablet":{"background-color":"var(--ast-global-color-4)","background-image":"","background-repeat":"repeat","background-position":"center center","background-size":"auto","background-attachment":"scroll","background-type":"","background-media":"","overlay-type":"","overlay-color":"","overlay-opacity":"","overlay-gradient":""},"mobile":{"background-color":"var(--ast-global-color-4)","background-image":"","background-repeat":"repeat","background-position":"center center","background-size":"auto","background-attachment":"scroll","background-type":"","background-media":"","overlay-type":"","overlay-color":"","overlay-opacity":"","overlay-gradient":""}}},"product_brand":[],"product_cat":[164],"product_tag":[],"class_list":{"0":"post-22903","1":"product","2":"type-product","3":"status-publish","4":"has-post-thumbnail","6":"product_cat-klesplagg-for-kvinner","7":"pa_58930_hcrajt70-hudfarge","8":"pa_58930_hcrajt70-svart","9":"pa_58930_hdcbs7y7-l","10":"pa_58930_hdcbs7y7-m","11":"pa_58930_hdcbs7y7-s","12":"pa_58930_hdcbs7y7-xl","13":"desktop-align-left","14":"tablet-align-left","15":"mobile-align-left","17":"first","18":"instock","19":"shipping-taxable","20":"purchasable","21":"product-type-variable","22":"has-default-attributes"},"yoast_head":"<!-- This site is optimized with the Yoast SEO plugin v26.6 - https:\/\/yoast.com\/wordpress\/plugins\/seo\/ -->\n<title>S\u00f8ml\u00f8s holdnings-BH med ryggst\u00f8tte - Mekulo NO<\/title>\n<meta name=\"robots\" content=\"index, follow, max-snippet:-1, max-image-preview:large, max-video-preview:-1\" \/>\n<link rel=\"canonical\" href=\"https:\/\/mekulo.com\/no\/produkt\/somlos-holdnings-bh-med-ryggstotte\/\" \/>\n<meta property=\"og:locale\" content=\"nb_NO\" \/>\n<meta property=\"og:type\" content=\"article\" \/>\n<meta property=\"og:title\" content=\"S\u00f8ml\u00f8s holdnings-BH med ryggst\u00f8tte - Mekulo NO\" \/>\n<meta property=\"og:description\" content=\"\u2728Denne s\u00f8ml\u00f8se, ryggst\u00f8ttende holdnings-BH-en er designet for \u00e5 forbedre din daglige komfort. \ud83d\udc57Den forsterkede ryggstrukturen bidrar til en bedre holdning samtidig som den reduserer trykket p\u00e5 skuldrene. Den s\u00f8ml\u00f8se designen er usynlig under kl\u00e6rne. \ud83c\udf2c\ufe0fSoft, pustende stoff holder deg kj\u00f8lig og komfortabel gjennom hele dagen. Du f\u00e5r bedre st\u00f8tte, bedre holdning og mer selvtillit i hverdagen.\" \/>\n<meta property=\"og:url\" content=\"https:\/\/mekulo.com\/no\/produkt\/somlos-holdnings-bh-med-ryggstotte\/\" \/>\n<meta property=\"og:site_name\" content=\"Mekulo NO\" \/>\n<meta property=\"article:modified_time\" content=\"2026-02-12T18:51:14+00:00\" \/>\n<meta property=\"og:image\" content=\"https:\/\/mekulo.com\/no\/wp-content\/uploads\/sites\/10\/2026\/02\/qo8nlik-1.jpg\" \/>\n\t<meta property=\"og:image:width\" content=\"637\" \/>\n\t<meta property=\"og:image:height\" content=\"829\" \/>\n\t<meta property=\"og:image:type\" content=\"image\/jpeg\" \/>\n<meta name=\"twitter:card\" content=\"summary_large_image\" \/>\n<meta name=\"twitter:label1\" content=\"Ansl. lesetid\" \/>\n\t<meta name=\"twitter:data1\" content=\"2 minutter\" \/>\n<script type=\"application\/ld+json\" class=\"yoast-schema-graph\">{\"@context\":\"https:\/\/schema.org\",\"@graph\":[{\"@type\":\"WebPage\",\"@id\":\"https:\/\/mekulo.com\/no\/produkt\/somlos-holdnings-bh-med-ryggstotte\/\",\"url\":\"https:\/\/mekulo.com\/no\/produkt\/somlos-holdnings-bh-med-ryggstotte\/\",\"name\":\"S\u00f8ml\u00f8s holdnings-BH med ryggst\u00f8tte - Mekulo NO\",\"isPartOf\":{\"@id\":\"https:\/\/mekulo.com\/no\/#website\"},\"primaryImageOfPage\":{\"@id\":\"https:\/\/mekulo.com\/no\/produkt\/somlos-holdnings-bh-med-ryggstotte\/#primaryimage\"},\"image\":{\"@id\":\"https:\/\/mekulo.com\/no\/produkt\/somlos-holdnings-bh-med-ryggstotte\/#primaryimage\"},\"thumbnailUrl\":\"https:\/\/mekulo.com\/no\/wp-content\/uploads\/sites\/10\/2026\/02\/qo8nlik-1.jpg\",\"datePublished\":\"2026-02-12T17:37:55+00:00\",\"dateModified\":\"2026-02-12T18:51:14+00:00\",\"breadcrumb\":{\"@id\":\"https:\/\/mekulo.com\/no\/produkt\/somlos-holdnings-bh-med-ryggstotte\/#breadcrumb\"},\"inLanguage\":\"nb-NO\",\"potentialAction\":[{\"@type\":\"ReadAction\",\"target\":[\"https:\/\/mekulo.com\/no\/produkt\/somlos-holdnings-bh-med-ryggstotte\/\"]}]},{\"@type\":\"ImageObject\",\"inLanguage\":\"nb-NO\",\"@id\":\"https:\/\/mekulo.com\/no\/produkt\/somlos-holdnings-bh-med-ryggstotte\/#primaryimage\",\"url\":\"https:\/\/mekulo.com\/no\/wp-content\/uploads\/sites\/10\/2026\/02\/qo8nlik-1.jpg\",\"contentUrl\":\"https:\/\/mekulo.com\/no\/wp-content\/uploads\/sites\/10\/2026\/02\/qo8nlik-1.jpg\",\"width\":637,\"height\":829},{\"@type\":\"BreadcrumbList\",\"@id\":\"https:\/\/mekulo.com\/no\/produkt\/somlos-holdnings-bh-med-ryggstotte\/#breadcrumb\",\"itemListElement\":[{\"@type\":\"ListItem\",\"position\":1,\"name\":\"Home\",\"item\":\"https:\/\/mekulo.com\/no\/\"},{\"@type\":\"ListItem\",\"position\":2,\"name\":\"Butikk\",\"item\":\"https:\/\/mekulo.com\/no\/butikk\/\"},{\"@type\":\"ListItem\",\"position\":3,\"name\":\"S\u00f8ml\u00f8s holdnings-BH med ryggst\u00f8tte\"}]},{\"@type\":\"WebSite\",\"@id\":\"https:\/\/mekulo.com\/no\/#website\",\"url\":\"https:\/\/mekulo.com\/no\/\",\"name\":\"Mekulo NO\",\"description\":\"\",\"publisher\":{\"@id\":\"https:\/\/mekulo.com\/no\/#organization\"},\"potentialAction\":[{\"@type\":\"SearchAction\",\"target\":{\"@type\":\"EntryPoint\",\"urlTemplate\":\"https:\/\/mekulo.com\/no\/?s={search_term_string}\"},\"query-input\":{\"@type\":\"PropertyValueSpecification\",\"valueRequired\":true,\"valueName\":\"search_term_string\"}}],\"inLanguage\":\"nb-NO\"},{\"@type\":\"Organization\",\"@id\":\"https:\/\/mekulo.com\/no\/#organization\",\"name\":\"Mekulo\",\"url\":\"https:\/\/mekulo.com\/no\/\",\"logo\":{\"@type\":\"ImageObject\",\"inLanguage\":\"nb-NO\",\"@id\":\"https:\/\/mekulo.com\/no\/#\/schema\/logo\/image\/\",\"url\":\"https:\/\/mekulo.com\/no\/wp-content\/uploads\/sites\/10\/2025\/12\/favicon_mekulo.png\",\"contentUrl\":\"https:\/\/mekulo.com\/no\/wp-content\/uploads\/sites\/10\/2025\/12\/favicon_mekulo.png\",\"width\":50,\"height\":50,\"caption\":\"Mekulo\"},\"image\":{\"@id\":\"https:\/\/mekulo.com\/no\/#\/schema\/logo\/image\/\"}}]}<\/script>\n<!-- \/ Yoast SEO plugin. -->","yoast_head_json":{"title":"S\u00f8ml\u00f8s holdnings-BH med ryggst\u00f8tte - Mekulo NO","robots":{"index":"index","follow":"follow","max-snippet":"max-snippet:-1","max-image-preview":"max-image-preview:large","max-video-preview":"max-video-preview:-1"},"canonical":"https:\/\/mekulo.com\/no\/produkt\/somlos-holdnings-bh-med-ryggstotte\/","og_locale":"nb_NO","og_type":"article","og_title":"S\u00f8ml\u00f8s holdnings-BH med ryggst\u00f8tte - Mekulo NO","og_description":"\u2728Denne s\u00f8ml\u00f8se, ryggst\u00f8ttende holdnings-BH-en er designet for \u00e5 forbedre din daglige komfort. \ud83d\udc57Den forsterkede ryggstrukturen bidrar til en bedre holdning samtidig som den reduserer trykket p\u00e5 skuldrene. Den s\u00f8ml\u00f8se designen er usynlig under kl\u00e6rne. \ud83c\udf2c\ufe0fSoft, pustende stoff holder deg kj\u00f8lig og komfortabel gjennom hele dagen. Du f\u00e5r bedre st\u00f8tte, bedre holdning og mer selvtillit i hverdagen.","og_url":"https:\/\/mekulo.com\/no\/produkt\/somlos-holdnings-bh-med-ryggstotte\/","og_site_name":"Mekulo NO","article_modified_time":"2026-02-12T18:51:14+00:00","og_image":[{"width":637,"height":829,"url":"https:\/\/mekulo.com\/no\/wp-content\/uploads\/sites\/10\/2026\/02\/qo8nlik-1.jpg","type":"image\/jpeg"}],"twitter_card":"summary_large_image","twitter_misc":{"Ansl. lesetid":"2 minutter"},"schema":{"@context":"https:\/\/schema.org","@graph":[{"@type":"WebPage","@id":"https:\/\/mekulo.com\/no\/produkt\/somlos-holdnings-bh-med-ryggstotte\/","url":"https:\/\/mekulo.com\/no\/produkt\/somlos-holdnings-bh-med-ryggstotte\/","name":"S\u00f8ml\u00f8s holdnings-BH med ryggst\u00f8tte - Mekulo NO","isPartOf":{"@id":"https:\/\/mekulo.com\/no\/#website"},"primaryImageOfPage":{"@id":"https:\/\/mekulo.com\/no\/produkt\/somlos-holdnings-bh-med-ryggstotte\/#primaryimage"},"image":{"@id":"https:\/\/mekulo.com\/no\/produkt\/somlos-holdnings-bh-med-ryggstotte\/#primaryimage"},"thumbnailUrl":"https:\/\/mekulo.com\/no\/wp-content\/uploads\/sites\/10\/2026\/02\/qo8nlik-1.jpg","datePublished":"2026-02-12T17:37:55+00:00","dateModified":"2026-02-12T18:51:14+00:00","breadcrumb":{"@id":"https:\/\/mekulo.com\/no\/produkt\/somlos-holdnings-bh-med-ryggstotte\/#breadcrumb"},"inLanguage":"nb-NO","potentialAction":[{"@type":"ReadAction","target":["https:\/\/mekulo.com\/no\/produkt\/somlos-holdnings-bh-med-ryggstotte\/"]}]},{"@type":"ImageObject","inLanguage":"nb-NO","@id":"https:\/\/mekulo.com\/no\/produkt\/somlos-holdnings-bh-med-ryggstotte\/#primaryimage","url":"https:\/\/mekulo.com\/no\/wp-content\/uploads\/sites\/10\/2026\/02\/qo8nlik-1.jpg","contentUrl":"https:\/\/mekulo.com\/no\/wp-content\/uploads\/sites\/10\/2026\/02\/qo8nlik-1.jpg","width":637,"height":829},{"@type":"BreadcrumbList","@id":"https:\/\/mekulo.com\/no\/produkt\/somlos-holdnings-bh-med-ryggstotte\/#breadcrumb","itemListElement":[{"@type":"ListItem","position":1,"name":"Home","item":"https:\/\/mekulo.com\/no\/"},{"@type":"ListItem","position":2,"name":"Butikk","item":"https:\/\/mekulo.com\/no\/butikk\/"},{"@type":"ListItem","position":3,"name":"S\u00f8ml\u00f8s holdnings-BH med ryggst\u00f8tte"}]},{"@type":"WebSite","@id":"https:\/\/mekulo.com\/no\/#website","url":"https:\/\/mekulo.com\/no\/","name":"Mekulo NO","description":"","publisher":{"@id":"https:\/\/mekulo.com\/no\/#organization"},"potentialAction":[{"@type":"SearchAction","target":{"@type":"EntryPoint","urlTemplate":"https:\/\/mekulo.com\/no\/?s={search_term_string}"},"query-input":{"@type":"PropertyValueSpecification","valueRequired":true,"valueName":"search_term_string"}}],"inLanguage":"nb-NO"},{"@type":"Organization","@id":"https:\/\/mekulo.com\/no\/#organization","name":"Mekulo","url":"https:\/\/mekulo.com\/no\/","logo":{"@type":"ImageObject","inLanguage":"nb-NO","@id":"https:\/\/mekulo.com\/no\/#\/schema\/logo\/image\/","url":"https:\/\/mekulo.com\/no\/wp-content\/uploads\/sites\/10\/2025\/12\/favicon_mekulo.png","contentUrl":"https:\/\/mekulo.com\/no\/wp-content\/uploads\/sites\/10\/2025\/12\/favicon_mekulo.png","width":50,"height":50,"caption":"Mekulo"},"image":{"@id":"https:\/\/mekulo.com\/no\/#\/schema\/logo\/image\/"}}]}},"_links":{"self":[{"href":"https:\/\/mekulo.com\/no\/wp-json\/wp\/v2\/product\/22903","targetHints":{"allow":["GET"]}}],"collection":[{"href":"https:\/\/mekulo.com\/no\/wp-json\/wp\/v2\/product"}],"about":[{"href":"https:\/\/mekulo.com\/no\/wp-json\/wp\/v2\/types\/product"}],"replies":[{"embeddable":true,"href":"https:\/\/mekulo.com\/no\/wp-json\/wp\/v2\/comments?post=22903"}],"wp:featuredmedia":[{"embeddable":true,"href":"https:\/\/mekulo.com\/no\/wp-json\/wp\/v2\/media\/22899"}],"wp:attachment":[{"href":"https:\/\/mekulo.com\/no\/wp-json\/wp\/v2\/media?parent=22903"}],"wp:term":[{"taxonomy":"product_brand","embeddable":true,"href":"https:\/\/mekulo.com\/no\/wp-json\/wp\/v2\/product_brand?post=22903"},{"taxonomy":"product_cat","embeddable":true,"href":"https:\/\/mekulo.com\/no\/wp-json\/wp\/v2\/product_cat?post=22903"},{"taxonomy":"product_tag","embeddable":true,"href":"https:\/\/mekulo.com\/no\/wp-json\/wp\/v2\/product_tag?post=22903"}],"curies":[{"name":"wp","href":"https:\/\/api.w.org\/{rel}","templated":true}]}}