{"id":22894,"date":"2026-02-12T19:36:25","date_gmt":"2026-02-12T17:36:25","guid":{"rendered":"https:\/\/mekulo.com\/no\/produkt\/stoysvak-harklippemaskin-for-kjaeledyr\/"},"modified":"2026-02-12T20:46:10","modified_gmt":"2026-02-12T18:46:10","slug":"stoysvak-harklippemaskin-for-kjaeledyr","status":"publish","type":"product","link":"https:\/\/mekulo.com\/no\/produkt\/stoysvak-harklippemaskin-for-kjaeledyr\/","title":{"rendered":"St\u00f8ysvak h\u00e5rklippemaskin for kj\u00e6ledyr"},"content":{"rendered":"<p style=\"text-align: center\"><strong>Trim kj\u00e6ledyret ditt trygt, stille og stressfritt. \ud83d\udc08<\/strong><\/p>\n<p><img fetchpriority=\"high\" decoding=\"async\" class=\"size-full wp-image-24615 aligncenter\" src=\"https:\/\/mekulo.com\/template\/wp-content\/uploads\/sites\/6\/2026\/02\/S38050a6298d141368f95887f35a8e7f9U.jpg_960x960q75.jpg_.jpg\" alt=\"\" width=\"960\" height=\"960\" \/><\/p>\n<h2 style=\"text-align: center\" data-start=\"539\" data-end=\"558\"><strong>Hovedfordeler \ud83d\udc36<\/strong><\/h2>\n<p data-start=\"559\" data-end=\"1000\">\ud83d\udc36 Lavt st\u00f8yniv\u00e5 &#8211; Holder kj\u00e6ledyr avslappet.<\/p>\n<p data-start=\"559\" data-end=\"1000\">\u2702\ufe0f Keramikk + titanblad &#8211; Jevn og sikker kutting.<\/p>\n<p data-start=\"559\" data-end=\"1000\">\ud83d\udd0b USB-oppladbart &#8211; Enkel og praktisk lading.<\/p>\n<p data-start=\"559\" data-end=\"1000\">\ud83e\uddfc Vaskbart kutterhode &#8211; Rent og hygienisk.<\/p>\n<p data-start=\"559\" data-end=\"1000\">\ud83d\udccf 4 guidekamper &#8211; Flere trimmelengder.<\/p>\n<p data-start=\"559\" data-end=\"1000\">\ud83c\udfaf Mikrojusterbart blad &#8211; Bedre kontroll og presisjon.<\/p>\n<p data-start=\"559\" data-end=\"1000\">\ud83d\udc3e Kj\u00e6ledyrsikker R-formet kant &#8211; Sk\u00e5nsom mot huden.<\/p>\n<p data-start=\"559\" data-end=\"1000\">\ud83d\udc15\u200d\ud83e\uddba Bred kompatibilitet &#8211; For hunder, katter, kaniner og mer.<\/p>\n<p data-start=\"559\" data-end=\"1000\"><img decoding=\"async\" class=\"size-full wp-image-24614 aligncenter\" src=\"https:\/\/mekulo.com\/template\/wp-content\/uploads\/sites\/6\/2026\/02\/Sc85ced15c2774c6db3f55a9a67c1b026G.jpg_960x960q75.jpg_.avif\" alt=\"\" width=\"960\" height=\"960\" \/><\/p>\n<h2 style=\"text-align: center\" data-start=\"1007\" data-end=\"1023\"><strong>Hvordan Bruke \ud83d\udccc<\/strong><\/h2>\n<ol data-start=\"1024\" data-end=\"1221\">\n<li data-start=\"1024\" data-end=\"1062\">\n<p data-start=\"1027\" data-end=\"1062\">Lad klipperen fullstendig via USB.<\/p>\n<\/li>\n<li data-start=\"1063\" data-end=\"1103\">\n<p data-start=\"1066\" data-end=\"1103\">Velg \u00f8nsket kamfeste.<\/p>\n<\/li>\n<li data-start=\"1104\" data-end=\"1129\">\n<p data-start=\"1107\" data-end=\"1129\">Sl\u00e5 p\u00e5 klipperen.<\/p>\n<\/li>\n<li data-start=\"1130\" data-end=\"1172\">\n<p data-start=\"1133\" data-end=\"1172\">Trim forsiktig langs h\u00e5rretningen.<\/p>\n<\/li>\n<li data-start=\"1173\" data-end=\"1221\">\n<p data-start=\"1176\" data-end=\"1221\">Fjern og rengj\u00f8r kutterhodet etter bruk.<\/p>\n<\/li>\n<\/ol>\n<h2 style=\"text-align: center\" data-start=\"1228\" data-end=\"1249\"><strong>Produktdetaljer \ud83d\udccf<\/strong><\/h2>\n<ul data-start=\"1250\" data-end=\"1529\">\n<li data-start=\"1250\" data-end=\"1288\">\n<p data-start=\"1252\" data-end=\"1288\">Bladmateriale: Keramikk + titan<\/p>\n<\/li>\n<li data-start=\"1305\" data-end=\"1333\">\n<p data-start=\"1307\" data-end=\"1333\">Batterikapasitet: 600mAh<\/p>\n<\/li>\n<li data-start=\"1334\" data-end=\"1358\">\n<p data-start=\"1336\" data-end=\"1358\">Lademetode: USB<\/p>\n<\/li>\n<li data-start=\"1359\" data-end=\"1398\">\n<p data-start=\"1361\" data-end=\"1398\">Batteritype: 18650 litiumbatteri<\/p>\n<\/li>\n<li data-start=\"1399\" data-end=\"1438\">\n<p data-start=\"1401\" data-end=\"1438\">Kamfeste: 3, 6, 9, 12 mm<\/p>\n<\/li>\n<li data-start=\"1439\" data-end=\"1479\">\n<p data-start=\"1441\" data-end=\"1479\">Justerbart skj\u00e6reomr\u00e5de: 0,8 &#8211; 2 mm<\/p>\n<\/li>\n<li data-start=\"1480\" data-end=\"1529\">\n<p data-start=\"1482\" data-end=\"1529\">Egnet for: Hunder, katter, kaniner, sm\u00e5 kj\u00e6ledyr<\/p>\n<\/li>\n<\/ul>\n<h2 style=\"text-align: center\" data-start=\"1536\" data-end=\"1558\"><strong>Pakken Inkluderer \ud83d\udce6<\/strong><\/h2>\n<ul data-start=\"1559\" data-end=\"1583\">\n<li data-start=\"1559\" data-end=\"1583\">\n<p data-start=\"1561\" data-end=\"1583\">1x h\u00e5rtrimmer<\/p>\n<\/li>\n<li data-start=\"1559\" data-end=\"1583\">\n<p data-start=\"1561\" data-end=\"1583\">4x guidekammene<\/p>\n<\/li>\n<li data-start=\"1559\" data-end=\"1583\">\n<p data-start=\"1561\" data-end=\"1583\">1x rengj\u00f8ringsb\u00f8rste<\/p>\n<\/li>\n<li data-start=\"1559\" data-end=\"1583\">\n<p data-start=\"1561\" data-end=\"1583\">1x USB-ladekabel.<\/p>\n<\/li>\n<\/ul>\n","protected":false},"excerpt":{"rendered":"<p><span style=\"font-size: 16px;font-style: normal;font-weight: 400\">\ud83d\udc3e<\/span>Denne stilleg\u00e5ende h\u00e5rklipperen for kj\u00e6ledyr hjelper deg med \u00e5 stelle kj\u00e6ledyret ditt hjemme med letthet.<br \/>\n\u2702\ufe0fThe stilleg\u00e5ende motor holder kj\u00e6ledyrene rolige, mens det keramiske bladet klipper jevnt uten \u00e5 trekke i h\u00e5ret.den stilleg\u00e5ende driften reduserer stress og frykt under h\u00e5rklipping. Den er perfekt for raske oppfriskninger eller fullstendige stelle\u00f8kter hjemme.<br \/>\n\ud83d\udc15Gled deg over enkel, stilleg\u00e5ende og trygg pelspleie uten dyre salongbes\u00f8k.<\/p>\n","protected":false},"featured_media":22890,"comment_status":"open","ping_status":"closed","template":"","meta":{"site-sidebar-layout":"default","site-content-layout":"","ast-site-content-layout":"default","site-content-style":"default","site-sidebar-style":"default","ast-global-header-display":"","ast-banner-title-visibility":"","ast-main-header-display":"","ast-hfb-above-header-display":"","ast-hfb-below-header-display":"","ast-hfb-mobile-header-display":"","site-post-title":"","ast-breadcrumbs-content":"","ast-featured-img":"","footer-sml-layout":"","theme-transparent-header-meta":"default","adv-header-id-meta":"","stick-header-meta":"","header-above-stick-meta":"","header-main-stick-meta":"","header-below-stick-meta":"","astra-migrate-meta-layouts":"set","ast-page-background-enabled":"default","ast-page-background-meta":{"desktop":{"background-color":"var(--ast-global-color-5)","background-image":"","background-repeat":"repeat","background-position":"center center","background-size":"auto","background-attachment":"scroll","background-type":"","background-media":"","overlay-type":"","overlay-color":"","overlay-opacity":"","overlay-gradient":""},"tablet":{"background-color":"","background-image":"","background-repeat":"repeat","background-position":"center center","background-size":"auto","background-attachment":"scroll","background-type":"","background-media":"","overlay-type":"","overlay-color":"","overlay-opacity":"","overlay-gradient":""},"mobile":{"background-color":"","background-image":"","background-repeat":"repeat","background-position":"center center","background-size":"auto","background-attachment":"scroll","background-type":"","background-media":"","overlay-type":"","overlay-color":"","overlay-opacity":"","overlay-gradient":""}},"ast-content-background-meta":{"desktop":{"background-color":"var(--ast-global-color-4)","background-image":"","background-repeat":"repeat","background-position":"center center","background-size":"auto","background-attachment":"scroll","background-type":"","background-media":"","overlay-type":"","overlay-color":"","overlay-opacity":"","overlay-gradient":""},"tablet":{"background-color":"var(--ast-global-color-4)","background-image":"","background-repeat":"repeat","background-position":"center center","background-size":"auto","background-attachment":"scroll","background-type":"","background-media":"","overlay-type":"","overlay-color":"","overlay-opacity":"","overlay-gradient":""},"mobile":{"background-color":"var(--ast-global-color-4)","background-image":"","background-repeat":"repeat","background-position":"center center","background-size":"auto","background-attachment":"scroll","background-type":"","background-media":"","overlay-type":"","overlay-color":"","overlay-opacity":"","overlay-gradient":""}}},"product_brand":[],"product_cat":[169],"product_tag":[],"class_list":{"0":"post-22894","1":"product","2":"type-product","3":"status-publish","4":"has-post-thumbnail","6":"product_cat-kjaeledyrprodukter","7":"desktop-align-left","8":"tablet-align-left","9":"mobile-align-left","11":"first","12":"instock","13":"shipping-taxable","14":"purchasable","15":"product-type-simple"},"yoast_head":"<!-- This site is optimized with the Yoast SEO plugin v26.6 - https:\/\/yoast.com\/wordpress\/plugins\/seo\/ -->\n<title>St\u00f8ysvak h\u00e5rklippemaskin for kj\u00e6ledyr - Mekulo NO<\/title>\n<meta name=\"robots\" content=\"index, follow, max-snippet:-1, max-image-preview:large, max-video-preview:-1\" \/>\n<link rel=\"canonical\" href=\"https:\/\/mekulo.com\/no\/produkt\/stoysvak-harklippemaskin-for-kjaeledyr\/\" \/>\n<meta property=\"og:locale\" content=\"nb_NO\" \/>\n<meta property=\"og:type\" content=\"article\" \/>\n<meta property=\"og:title\" content=\"St\u00f8ysvak h\u00e5rklippemaskin for kj\u00e6ledyr - Mekulo NO\" \/>\n<meta property=\"og:description\" content=\"\ud83d\udc3eDenne stilleg\u00e5ende h\u00e5rklipperen for kj\u00e6ledyr hjelper deg med \u00e5 stelle kj\u00e6ledyret ditt hjemme med letthet. \u2702\ufe0fThe stilleg\u00e5ende motor holder kj\u00e6ledyrene rolige, mens det keramiske bladet klipper jevnt uten \u00e5 trekke i h\u00e5ret.den stilleg\u00e5ende driften reduserer stress og frykt under h\u00e5rklipping. Den er perfekt for raske oppfriskninger eller fullstendige stelle\u00f8kter hjemme. \ud83d\udc15Gled deg over enkel, stilleg\u00e5ende og trygg pelspleie uten dyre salongbes\u00f8k.\" \/>\n<meta property=\"og:url\" content=\"https:\/\/mekulo.com\/no\/produkt\/stoysvak-harklippemaskin-for-kjaeledyr\/\" \/>\n<meta property=\"og:site_name\" content=\"Mekulo NO\" \/>\n<meta property=\"article:modified_time\" content=\"2026-02-12T18:46:10+00:00\" \/>\n<meta property=\"og:image\" content=\"https:\/\/mekulo.com\/no\/wp-content\/uploads\/sites\/10\/2026\/02\/t5wdsae-1.jpg\" \/>\n\t<meta property=\"og:image:width\" content=\"960\" \/>\n\t<meta property=\"og:image:height\" content=\"960\" \/>\n\t<meta property=\"og:image:type\" content=\"image\/jpeg\" \/>\n<meta name=\"twitter:card\" content=\"summary_large_image\" \/>\n<meta name=\"twitter:label1\" content=\"Ansl. lesetid\" \/>\n\t<meta name=\"twitter:data1\" content=\"2 minutter\" \/>\n<script type=\"application\/ld+json\" class=\"yoast-schema-graph\">{\"@context\":\"https:\/\/schema.org\",\"@graph\":[{\"@type\":\"WebPage\",\"@id\":\"https:\/\/mekulo.com\/no\/produkt\/stoysvak-harklippemaskin-for-kjaeledyr\/\",\"url\":\"https:\/\/mekulo.com\/no\/produkt\/stoysvak-harklippemaskin-for-kjaeledyr\/\",\"name\":\"St\u00f8ysvak h\u00e5rklippemaskin for kj\u00e6ledyr - Mekulo NO\",\"isPartOf\":{\"@id\":\"https:\/\/mekulo.com\/no\/#website\"},\"primaryImageOfPage\":{\"@id\":\"https:\/\/mekulo.com\/no\/produkt\/stoysvak-harklippemaskin-for-kjaeledyr\/#primaryimage\"},\"image\":{\"@id\":\"https:\/\/mekulo.com\/no\/produkt\/stoysvak-harklippemaskin-for-kjaeledyr\/#primaryimage\"},\"thumbnailUrl\":\"https:\/\/mekulo.com\/no\/wp-content\/uploads\/sites\/10\/2026\/02\/t5wdsae-1.jpg\",\"datePublished\":\"2026-02-12T17:36:25+00:00\",\"dateModified\":\"2026-02-12T18:46:10+00:00\",\"breadcrumb\":{\"@id\":\"https:\/\/mekulo.com\/no\/produkt\/stoysvak-harklippemaskin-for-kjaeledyr\/#breadcrumb\"},\"inLanguage\":\"nb-NO\",\"potentialAction\":[{\"@type\":\"ReadAction\",\"target\":[\"https:\/\/mekulo.com\/no\/produkt\/stoysvak-harklippemaskin-for-kjaeledyr\/\"]}]},{\"@type\":\"ImageObject\",\"inLanguage\":\"nb-NO\",\"@id\":\"https:\/\/mekulo.com\/no\/produkt\/stoysvak-harklippemaskin-for-kjaeledyr\/#primaryimage\",\"url\":\"https:\/\/mekulo.com\/no\/wp-content\/uploads\/sites\/10\/2026\/02\/t5wdsae-1.jpg\",\"contentUrl\":\"https:\/\/mekulo.com\/no\/wp-content\/uploads\/sites\/10\/2026\/02\/t5wdsae-1.jpg\",\"width\":960,\"height\":960},{\"@type\":\"BreadcrumbList\",\"@id\":\"https:\/\/mekulo.com\/no\/produkt\/stoysvak-harklippemaskin-for-kjaeledyr\/#breadcrumb\",\"itemListElement\":[{\"@type\":\"ListItem\",\"position\":1,\"name\":\"Home\",\"item\":\"https:\/\/mekulo.com\/no\/\"},{\"@type\":\"ListItem\",\"position\":2,\"name\":\"Butikk\",\"item\":\"https:\/\/mekulo.com\/no\/butikk\/\"},{\"@type\":\"ListItem\",\"position\":3,\"name\":\"St\u00f8ysvak h\u00e5rklippemaskin for kj\u00e6ledyr\"}]},{\"@type\":\"WebSite\",\"@id\":\"https:\/\/mekulo.com\/no\/#website\",\"url\":\"https:\/\/mekulo.com\/no\/\",\"name\":\"Mekulo NO\",\"description\":\"\",\"publisher\":{\"@id\":\"https:\/\/mekulo.com\/no\/#organization\"},\"potentialAction\":[{\"@type\":\"SearchAction\",\"target\":{\"@type\":\"EntryPoint\",\"urlTemplate\":\"https:\/\/mekulo.com\/no\/?s={search_term_string}\"},\"query-input\":{\"@type\":\"PropertyValueSpecification\",\"valueRequired\":true,\"valueName\":\"search_term_string\"}}],\"inLanguage\":\"nb-NO\"},{\"@type\":\"Organization\",\"@id\":\"https:\/\/mekulo.com\/no\/#organization\",\"name\":\"Mekulo\",\"url\":\"https:\/\/mekulo.com\/no\/\",\"logo\":{\"@type\":\"ImageObject\",\"inLanguage\":\"nb-NO\",\"@id\":\"https:\/\/mekulo.com\/no\/#\/schema\/logo\/image\/\",\"url\":\"https:\/\/mekulo.com\/no\/wp-content\/uploads\/sites\/10\/2025\/12\/favicon_mekulo.png\",\"contentUrl\":\"https:\/\/mekulo.com\/no\/wp-content\/uploads\/sites\/10\/2025\/12\/favicon_mekulo.png\",\"width\":50,\"height\":50,\"caption\":\"Mekulo\"},\"image\":{\"@id\":\"https:\/\/mekulo.com\/no\/#\/schema\/logo\/image\/\"}}]}<\/script>\n<!-- \/ Yoast SEO plugin. -->","yoast_head_json":{"title":"St\u00f8ysvak h\u00e5rklippemaskin for kj\u00e6ledyr - Mekulo NO","robots":{"index":"index","follow":"follow","max-snippet":"max-snippet:-1","max-image-preview":"max-image-preview:large","max-video-preview":"max-video-preview:-1"},"canonical":"https:\/\/mekulo.com\/no\/produkt\/stoysvak-harklippemaskin-for-kjaeledyr\/","og_locale":"nb_NO","og_type":"article","og_title":"St\u00f8ysvak h\u00e5rklippemaskin for kj\u00e6ledyr - Mekulo NO","og_description":"\ud83d\udc3eDenne stilleg\u00e5ende h\u00e5rklipperen for kj\u00e6ledyr hjelper deg med \u00e5 stelle kj\u00e6ledyret ditt hjemme med letthet. \u2702\ufe0fThe stilleg\u00e5ende motor holder kj\u00e6ledyrene rolige, mens det keramiske bladet klipper jevnt uten \u00e5 trekke i h\u00e5ret.den stilleg\u00e5ende driften reduserer stress og frykt under h\u00e5rklipping. Den er perfekt for raske oppfriskninger eller fullstendige stelle\u00f8kter hjemme. \ud83d\udc15Gled deg over enkel, stilleg\u00e5ende og trygg pelspleie uten dyre salongbes\u00f8k.","og_url":"https:\/\/mekulo.com\/no\/produkt\/stoysvak-harklippemaskin-for-kjaeledyr\/","og_site_name":"Mekulo NO","article_modified_time":"2026-02-12T18:46:10+00:00","og_image":[{"width":960,"height":960,"url":"https:\/\/mekulo.com\/no\/wp-content\/uploads\/sites\/10\/2026\/02\/t5wdsae-1.jpg","type":"image\/jpeg"}],"twitter_card":"summary_large_image","twitter_misc":{"Ansl. lesetid":"2 minutter"},"schema":{"@context":"https:\/\/schema.org","@graph":[{"@type":"WebPage","@id":"https:\/\/mekulo.com\/no\/produkt\/stoysvak-harklippemaskin-for-kjaeledyr\/","url":"https:\/\/mekulo.com\/no\/produkt\/stoysvak-harklippemaskin-for-kjaeledyr\/","name":"St\u00f8ysvak h\u00e5rklippemaskin for kj\u00e6ledyr - Mekulo NO","isPartOf":{"@id":"https:\/\/mekulo.com\/no\/#website"},"primaryImageOfPage":{"@id":"https:\/\/mekulo.com\/no\/produkt\/stoysvak-harklippemaskin-for-kjaeledyr\/#primaryimage"},"image":{"@id":"https:\/\/mekulo.com\/no\/produkt\/stoysvak-harklippemaskin-for-kjaeledyr\/#primaryimage"},"thumbnailUrl":"https:\/\/mekulo.com\/no\/wp-content\/uploads\/sites\/10\/2026\/02\/t5wdsae-1.jpg","datePublished":"2026-02-12T17:36:25+00:00","dateModified":"2026-02-12T18:46:10+00:00","breadcrumb":{"@id":"https:\/\/mekulo.com\/no\/produkt\/stoysvak-harklippemaskin-for-kjaeledyr\/#breadcrumb"},"inLanguage":"nb-NO","potentialAction":[{"@type":"ReadAction","target":["https:\/\/mekulo.com\/no\/produkt\/stoysvak-harklippemaskin-for-kjaeledyr\/"]}]},{"@type":"ImageObject","inLanguage":"nb-NO","@id":"https:\/\/mekulo.com\/no\/produkt\/stoysvak-harklippemaskin-for-kjaeledyr\/#primaryimage","url":"https:\/\/mekulo.com\/no\/wp-content\/uploads\/sites\/10\/2026\/02\/t5wdsae-1.jpg","contentUrl":"https:\/\/mekulo.com\/no\/wp-content\/uploads\/sites\/10\/2026\/02\/t5wdsae-1.jpg","width":960,"height":960},{"@type":"BreadcrumbList","@id":"https:\/\/mekulo.com\/no\/produkt\/stoysvak-harklippemaskin-for-kjaeledyr\/#breadcrumb","itemListElement":[{"@type":"ListItem","position":1,"name":"Home","item":"https:\/\/mekulo.com\/no\/"},{"@type":"ListItem","position":2,"name":"Butikk","item":"https:\/\/mekulo.com\/no\/butikk\/"},{"@type":"ListItem","position":3,"name":"St\u00f8ysvak h\u00e5rklippemaskin for kj\u00e6ledyr"}]},{"@type":"WebSite","@id":"https:\/\/mekulo.com\/no\/#website","url":"https:\/\/mekulo.com\/no\/","name":"Mekulo NO","description":"","publisher":{"@id":"https:\/\/mekulo.com\/no\/#organization"},"potentialAction":[{"@type":"SearchAction","target":{"@type":"EntryPoint","urlTemplate":"https:\/\/mekulo.com\/no\/?s={search_term_string}"},"query-input":{"@type":"PropertyValueSpecification","valueRequired":true,"valueName":"search_term_string"}}],"inLanguage":"nb-NO"},{"@type":"Organization","@id":"https:\/\/mekulo.com\/no\/#organization","name":"Mekulo","url":"https:\/\/mekulo.com\/no\/","logo":{"@type":"ImageObject","inLanguage":"nb-NO","@id":"https:\/\/mekulo.com\/no\/#\/schema\/logo\/image\/","url":"https:\/\/mekulo.com\/no\/wp-content\/uploads\/sites\/10\/2025\/12\/favicon_mekulo.png","contentUrl":"https:\/\/mekulo.com\/no\/wp-content\/uploads\/sites\/10\/2025\/12\/favicon_mekulo.png","width":50,"height":50,"caption":"Mekulo"},"image":{"@id":"https:\/\/mekulo.com\/no\/#\/schema\/logo\/image\/"}}]}},"_links":{"self":[{"href":"https:\/\/mekulo.com\/no\/wp-json\/wp\/v2\/product\/22894","targetHints":{"allow":["GET"]}}],"collection":[{"href":"https:\/\/mekulo.com\/no\/wp-json\/wp\/v2\/product"}],"about":[{"href":"https:\/\/mekulo.com\/no\/wp-json\/wp\/v2\/types\/product"}],"replies":[{"embeddable":true,"href":"https:\/\/mekulo.com\/no\/wp-json\/wp\/v2\/comments?post=22894"}],"wp:featuredmedia":[{"embeddable":true,"href":"https:\/\/mekulo.com\/no\/wp-json\/wp\/v2\/media\/22890"}],"wp:attachment":[{"href":"https:\/\/mekulo.com\/no\/wp-json\/wp\/v2\/media?parent=22894"}],"wp:term":[{"taxonomy":"product_brand","embeddable":true,"href":"https:\/\/mekulo.com\/no\/wp-json\/wp\/v2\/product_brand?post=22894"},{"taxonomy":"product_cat","embeddable":true,"href":"https:\/\/mekulo.com\/no\/wp-json\/wp\/v2\/product_cat?post=22894"},{"taxonomy":"product_tag","embeddable":true,"href":"https:\/\/mekulo.com\/no\/wp-json\/wp\/v2\/product_tag?post=22894"}],"curies":[{"name":"wp","href":"https:\/\/api.w.org\/{rel}","templated":true}]}}