{"id":22838,"date":"2026-02-12T12:34:57","date_gmt":"2026-02-12T10:34:57","guid":{"rendered":"https:\/\/mekulo.com\/no\/produkt\/svaert-effektiv-musefelle\/"},"modified":"2026-03-02T12:21:37","modified_gmt":"2026-03-02T10:21:37","slug":"svaert-effektiv-musefelle","status":"publish","type":"product","link":"https:\/\/mekulo.com\/no\/produkt\/svaert-effektiv-musefelle\/","title":{"rendered":"Sv\u00e6rt effektiv musefelle"},"content":{"rendered":"<p style=\"text-align: center;\" data-start=\"32\" data-end=\"80\"><strong data-start=\"32\" data-end=\"80\">Fang Flere Mus Raskt Og Effektivt. \ud83d\udc01<\/strong><\/p>\n<p data-start=\"32\" data-end=\"80\"><img fetchpriority=\"high\" decoding=\"async\" class=\"size-full wp-image-24881 aligncenter\" src=\"https:\/\/mekulo.com\/template\/wp-content\/uploads\/sites\/6\/2026\/02\/3-9.jpeg\" alt=\"\" width=\"800\" height=\"800\" \/><\/p>\n<h2 style=\"text-align: center;\" data-start=\"608\" data-end=\"627\">Hovedfordeler \ud83d\udc2d<\/h2>\n<p data-start=\"628\" data-end=\"947\">\ud83d\udc2d H\u00f8ysensitiv d\u00f8r &#8211; Rask og p\u00e5litelig fangst.<\/p>\n<p data-start=\"628\" data-end=\"947\">\ud83d\udd01 Kontinuerlig syklusdesign &#8211; Ingen konstant tilbakestilling.<\/p>\n<p data-start=\"628\" data-end=\"947\">\ud83d\udce6 Stor kapasitet &#8211; Fanger flere mus.<\/p>\n<p data-start=\"628\" data-end=\"947\">\ud83d\udee1\ufe0f Sikker betjening &#8211; Reduserer risikoen for h\u00e5ndskader.<\/p>\n<p data-start=\"628\" data-end=\"947\">\ud83d\udca7 Rustbestandig netting &#8211; Fungerer i fuktige omr\u00e5der.<\/p>\n<p data-start=\"628\" data-end=\"947\">\u267b\ufe0f Gjenbrukbar &#8211; Langvarig ytelse.<\/p>\n<p data-start=\"628\" data-end=\"947\"><img decoding=\"async\" class=\"size-full wp-image-24885 aligncenter\" src=\"https:\/\/mekulo.com\/template\/wp-content\/uploads\/sites\/6\/2026\/02\/2-5.jpg\" alt=\"\" width=\"800\" height=\"800\" \/><\/p>\n<h2 style=\"text-align: center;\">Hvordan Bruke \ud83d\udccc<\/h2>\n<ol data-start=\"971\" data-end=\"1126\">\n<li data-start=\"971\" data-end=\"1003\">\n<p data-start=\"974\" data-end=\"1003\">Plasser agn i fellen.<\/p>\n<\/li>\n<li data-start=\"1004\" data-end=\"1049\">\n<p data-start=\"1007\" data-end=\"1049\">Plasser fellen der musene er aktive.<\/p>\n<\/li>\n<li data-start=\"1050\" data-end=\"1092\">\n<p data-start=\"1053\" data-end=\"1092\">S\u00f8rg for at fellen sitter flatt og stabilt.<\/p>\n<\/li>\n<li data-start=\"1093\" data-end=\"1126\">\n<p data-start=\"1096\" data-end=\"1126\">Kontroller og t\u00f8m den ved behov.<\/p>\n<\/li>\n<\/ol>\n<h2 style=\"text-align: center;\" data-start=\"1133\" data-end=\"1154\">Produktdetaljer \ud83d\udccf<\/h2>\n<ul data-start=\"1155\" data-end=\"1331\">\n<li data-start=\"1155\" data-end=\"1180\">\n<p data-start=\"1157\" data-end=\"1180\">St\u00f8rrelse: 30 x 22 x 15 cm<\/p>\n<\/li>\n<li data-start=\"1181\" data-end=\"1215\">\n<p data-start=\"1183\" data-end=\"1215\">Materiale: Galvanisert jernnett<\/p>\n<\/li>\n<li data-start=\"1216\" data-end=\"1251\">\n<p data-start=\"1218\" data-end=\"1251\">Proess: Galvanisert jernfinish<\/p>\n<\/li>\n<li data-start=\"1252\" data-end=\"1287\">\n<p data-start=\"1254\" data-end=\"1287\">Bruk: Innend\u00f8rs og fuktige milj\u00f8er<\/p>\n<\/li>\n<li data-start=\"1288\" data-end=\"1331\">\n<p data-start=\"1290\" data-end=\"1331\">Funksjon: Automatisk kontinuerlig fangst<\/p>\n<\/li>\n<\/ul>\n<h2 style=\"text-align: center;\" data-start=\"1338\" data-end=\"1360\">Pakken Inkluderer \ud83d\udce6<\/h2>\n<ul data-start=\"1361\" data-end=\"1405\">\n<li data-start=\"1361\" data-end=\"1405\">\n<p data-start=\"1363\" data-end=\"1405\">1x sv\u00e6rt effektiv musefelle.<\/p>\n<\/li>\n<\/ul>\n","protected":false},"excerpt":{"rendered":"<p>\ud83d\udc2dDenne sv\u00e6rt effektive musefellen bruker en h\u00f8ysensitiv enveisd\u00f8r for \u00e5 fange mus uten flukt. Den store kapasiteten gj\u00f8r at du kan fange flere mus samtidig, noe som reduserer behovet for konstant tilbakestilling.<br \/>\n<span style=\"font-size: 16px; font-style: normal; font-weight: 400;\">\ud83c\udfe0<\/span>Det smarte enveisinngangssystemet s\u00f8rger for at musene enkelt kan komme inn, men ikke ut.<br \/>\n\ud83d\udee1\ufe0fDesigned for gjentatt bruk, og er en praktisk og langsiktig l\u00f8sning for gnagerbekjempelse. En enkel og effektiv m\u00e5te \u00e5 holde rommet ditt gnagerfritt p\u00e5.<\/p>\n","protected":false},"featured_media":22834,"comment_status":"open","ping_status":"closed","template":"","meta":{"site-sidebar-layout":"default","site-content-layout":"","ast-site-content-layout":"default","site-content-style":"default","site-sidebar-style":"default","ast-global-header-display":"","ast-banner-title-visibility":"","ast-main-header-display":"","ast-hfb-above-header-display":"","ast-hfb-below-header-display":"","ast-hfb-mobile-header-display":"","site-post-title":"","ast-breadcrumbs-content":"","ast-featured-img":"","footer-sml-layout":"","theme-transparent-header-meta":"default","adv-header-id-meta":"","stick-header-meta":"","header-above-stick-meta":"","header-main-stick-meta":"","header-below-stick-meta":"","astra-migrate-meta-layouts":"set","ast-page-background-enabled":"default","ast-page-background-meta":{"desktop":{"background-color":"var(--ast-global-color-5)","background-image":"","background-repeat":"repeat","background-position":"center center","background-size":"auto","background-attachment":"scroll","background-type":"","background-media":"","overlay-type":"","overlay-color":"","overlay-opacity":"","overlay-gradient":""},"tablet":{"background-color":"","background-image":"","background-repeat":"repeat","background-position":"center center","background-size":"auto","background-attachment":"scroll","background-type":"","background-media":"","overlay-type":"","overlay-color":"","overlay-opacity":"","overlay-gradient":""},"mobile":{"background-color":"","background-image":"","background-repeat":"repeat","background-position":"center center","background-size":"auto","background-attachment":"scroll","background-type":"","background-media":"","overlay-type":"","overlay-color":"","overlay-opacity":"","overlay-gradient":""}},"ast-content-background-meta":{"desktop":{"background-color":"var(--ast-global-color-4)","background-image":"","background-repeat":"repeat","background-position":"center center","background-size":"auto","background-attachment":"scroll","background-type":"","background-media":"","overlay-type":"","overlay-color":"","overlay-opacity":"","overlay-gradient":""},"tablet":{"background-color":"var(--ast-global-color-4)","background-image":"","background-repeat":"repeat","background-position":"center center","background-size":"auto","background-attachment":"scroll","background-type":"","background-media":"","overlay-type":"","overlay-color":"","overlay-opacity":"","overlay-gradient":""},"mobile":{"background-color":"var(--ast-global-color-4)","background-image":"","background-repeat":"repeat","background-position":"center center","background-size":"auto","background-attachment":"scroll","background-type":"","background-media":"","overlay-type":"","overlay-color":"","overlay-opacity":"","overlay-gradient":""}}},"product_brand":[],"product_cat":[15],"product_tag":[],"class_list":{"0":"post-22838","1":"product","2":"type-product","3":"status-publish","4":"has-post-thumbnail","6":"product_cat-uncategorized","7":"desktop-align-left","8":"tablet-align-left","9":"mobile-align-left","11":"first","12":"instock","13":"shipping-taxable","14":"purchasable","15":"product-type-simple"},"yoast_head":"<!-- This site is optimized with the Yoast SEO plugin v26.6 - https:\/\/yoast.com\/wordpress\/plugins\/seo\/ -->\n<title>Sv\u00e6rt effektiv musefelle - Mekulo NO<\/title>\n<meta name=\"robots\" content=\"index, follow, max-snippet:-1, max-image-preview:large, max-video-preview:-1\" \/>\n<link rel=\"canonical\" href=\"https:\/\/mekulo.com\/no\/produkt\/svaert-effektiv-musefelle\/\" \/>\n<meta property=\"og:locale\" content=\"nb_NO\" \/>\n<meta property=\"og:type\" content=\"article\" \/>\n<meta property=\"og:title\" content=\"Sv\u00e6rt effektiv musefelle - Mekulo NO\" \/>\n<meta property=\"og:description\" content=\"\ud83d\udc2dDenne sv\u00e6rt effektive musefellen bruker en h\u00f8ysensitiv enveisd\u00f8r for \u00e5 fange mus uten flukt. Den store kapasiteten gj\u00f8r at du kan fange flere mus samtidig, noe som reduserer behovet for konstant tilbakestilling. \ud83c\udfe0Det smarte enveisinngangssystemet s\u00f8rger for at musene enkelt kan komme inn, men ikke ut. \ud83d\udee1\ufe0fDesigned for gjentatt bruk, og er en praktisk og langsiktig l\u00f8sning for gnagerbekjempelse. En enkel og effektiv m\u00e5te \u00e5 holde rommet ditt gnagerfritt p\u00e5.\" \/>\n<meta property=\"og:url\" content=\"https:\/\/mekulo.com\/no\/produkt\/svaert-effektiv-musefelle\/\" \/>\n<meta property=\"og:site_name\" content=\"Mekulo NO\" \/>\n<meta property=\"article:modified_time\" content=\"2026-03-02T10:21:37+00:00\" \/>\n<meta property=\"og:image\" content=\"https:\/\/mekulo.com\/no\/wp-content\/uploads\/sites\/10\/2026\/02\/km3tk7y-1.jpeg\" \/>\n\t<meta property=\"og:image:width\" content=\"800\" \/>\n\t<meta property=\"og:image:height\" content=\"800\" \/>\n\t<meta property=\"og:image:type\" content=\"image\/jpeg\" \/>\n<meta name=\"twitter:card\" content=\"summary_large_image\" \/>\n<meta name=\"twitter:label1\" content=\"Ansl. lesetid\" \/>\n\t<meta name=\"twitter:data1\" content=\"2 minutter\" \/>\n<script type=\"application\/ld+json\" class=\"yoast-schema-graph\">{\"@context\":\"https:\/\/schema.org\",\"@graph\":[{\"@type\":\"WebPage\",\"@id\":\"https:\/\/mekulo.com\/no\/produkt\/svaert-effektiv-musefelle\/\",\"url\":\"https:\/\/mekulo.com\/no\/produkt\/svaert-effektiv-musefelle\/\",\"name\":\"Sv\u00e6rt effektiv musefelle - Mekulo NO\",\"isPartOf\":{\"@id\":\"https:\/\/mekulo.com\/no\/#website\"},\"primaryImageOfPage\":{\"@id\":\"https:\/\/mekulo.com\/no\/produkt\/svaert-effektiv-musefelle\/#primaryimage\"},\"image\":{\"@id\":\"https:\/\/mekulo.com\/no\/produkt\/svaert-effektiv-musefelle\/#primaryimage\"},\"thumbnailUrl\":\"https:\/\/mekulo.com\/no\/wp-content\/uploads\/sites\/10\/2026\/02\/km3tk7y-1.jpeg\",\"datePublished\":\"2026-02-12T10:34:57+00:00\",\"dateModified\":\"2026-03-02T10:21:37+00:00\",\"breadcrumb\":{\"@id\":\"https:\/\/mekulo.com\/no\/produkt\/svaert-effektiv-musefelle\/#breadcrumb\"},\"inLanguage\":\"nb-NO\",\"potentialAction\":[{\"@type\":\"ReadAction\",\"target\":[\"https:\/\/mekulo.com\/no\/produkt\/svaert-effektiv-musefelle\/\"]}]},{\"@type\":\"ImageObject\",\"inLanguage\":\"nb-NO\",\"@id\":\"https:\/\/mekulo.com\/no\/produkt\/svaert-effektiv-musefelle\/#primaryimage\",\"url\":\"https:\/\/mekulo.com\/no\/wp-content\/uploads\/sites\/10\/2026\/02\/km3tk7y-1.jpeg\",\"contentUrl\":\"https:\/\/mekulo.com\/no\/wp-content\/uploads\/sites\/10\/2026\/02\/km3tk7y-1.jpeg\",\"width\":800,\"height\":800},{\"@type\":\"BreadcrumbList\",\"@id\":\"https:\/\/mekulo.com\/no\/produkt\/svaert-effektiv-musefelle\/#breadcrumb\",\"itemListElement\":[{\"@type\":\"ListItem\",\"position\":1,\"name\":\"Home\",\"item\":\"https:\/\/mekulo.com\/no\/\"},{\"@type\":\"ListItem\",\"position\":2,\"name\":\"Butikk\",\"item\":\"https:\/\/mekulo.com\/no\/butikk\/\"},{\"@type\":\"ListItem\",\"position\":3,\"name\":\"Sv\u00e6rt effektiv musefelle\"}]},{\"@type\":\"WebSite\",\"@id\":\"https:\/\/mekulo.com\/no\/#website\",\"url\":\"https:\/\/mekulo.com\/no\/\",\"name\":\"Mekulo NO\",\"description\":\"\",\"publisher\":{\"@id\":\"https:\/\/mekulo.com\/no\/#organization\"},\"potentialAction\":[{\"@type\":\"SearchAction\",\"target\":{\"@type\":\"EntryPoint\",\"urlTemplate\":\"https:\/\/mekulo.com\/no\/?s={search_term_string}\"},\"query-input\":{\"@type\":\"PropertyValueSpecification\",\"valueRequired\":true,\"valueName\":\"search_term_string\"}}],\"inLanguage\":\"nb-NO\"},{\"@type\":\"Organization\",\"@id\":\"https:\/\/mekulo.com\/no\/#organization\",\"name\":\"Mekulo\",\"url\":\"https:\/\/mekulo.com\/no\/\",\"logo\":{\"@type\":\"ImageObject\",\"inLanguage\":\"nb-NO\",\"@id\":\"https:\/\/mekulo.com\/no\/#\/schema\/logo\/image\/\",\"url\":\"https:\/\/mekulo.com\/no\/wp-content\/uploads\/sites\/10\/2025\/12\/favicon_mekulo.png\",\"contentUrl\":\"https:\/\/mekulo.com\/no\/wp-content\/uploads\/sites\/10\/2025\/12\/favicon_mekulo.png\",\"width\":50,\"height\":50,\"caption\":\"Mekulo\"},\"image\":{\"@id\":\"https:\/\/mekulo.com\/no\/#\/schema\/logo\/image\/\"}}]}<\/script>\n<!-- \/ Yoast SEO plugin. -->","yoast_head_json":{"title":"Sv\u00e6rt effektiv musefelle - Mekulo NO","robots":{"index":"index","follow":"follow","max-snippet":"max-snippet:-1","max-image-preview":"max-image-preview:large","max-video-preview":"max-video-preview:-1"},"canonical":"https:\/\/mekulo.com\/no\/produkt\/svaert-effektiv-musefelle\/","og_locale":"nb_NO","og_type":"article","og_title":"Sv\u00e6rt effektiv musefelle - Mekulo NO","og_description":"\ud83d\udc2dDenne sv\u00e6rt effektive musefellen bruker en h\u00f8ysensitiv enveisd\u00f8r for \u00e5 fange mus uten flukt. Den store kapasiteten gj\u00f8r at du kan fange flere mus samtidig, noe som reduserer behovet for konstant tilbakestilling. \ud83c\udfe0Det smarte enveisinngangssystemet s\u00f8rger for at musene enkelt kan komme inn, men ikke ut. \ud83d\udee1\ufe0fDesigned for gjentatt bruk, og er en praktisk og langsiktig l\u00f8sning for gnagerbekjempelse. En enkel og effektiv m\u00e5te \u00e5 holde rommet ditt gnagerfritt p\u00e5.","og_url":"https:\/\/mekulo.com\/no\/produkt\/svaert-effektiv-musefelle\/","og_site_name":"Mekulo NO","article_modified_time":"2026-03-02T10:21:37+00:00","og_image":[{"width":800,"height":800,"url":"https:\/\/mekulo.com\/no\/wp-content\/uploads\/sites\/10\/2026\/02\/km3tk7y-1.jpeg","type":"image\/jpeg"}],"twitter_card":"summary_large_image","twitter_misc":{"Ansl. lesetid":"2 minutter"},"schema":{"@context":"https:\/\/schema.org","@graph":[{"@type":"WebPage","@id":"https:\/\/mekulo.com\/no\/produkt\/svaert-effektiv-musefelle\/","url":"https:\/\/mekulo.com\/no\/produkt\/svaert-effektiv-musefelle\/","name":"Sv\u00e6rt effektiv musefelle - Mekulo NO","isPartOf":{"@id":"https:\/\/mekulo.com\/no\/#website"},"primaryImageOfPage":{"@id":"https:\/\/mekulo.com\/no\/produkt\/svaert-effektiv-musefelle\/#primaryimage"},"image":{"@id":"https:\/\/mekulo.com\/no\/produkt\/svaert-effektiv-musefelle\/#primaryimage"},"thumbnailUrl":"https:\/\/mekulo.com\/no\/wp-content\/uploads\/sites\/10\/2026\/02\/km3tk7y-1.jpeg","datePublished":"2026-02-12T10:34:57+00:00","dateModified":"2026-03-02T10:21:37+00:00","breadcrumb":{"@id":"https:\/\/mekulo.com\/no\/produkt\/svaert-effektiv-musefelle\/#breadcrumb"},"inLanguage":"nb-NO","potentialAction":[{"@type":"ReadAction","target":["https:\/\/mekulo.com\/no\/produkt\/svaert-effektiv-musefelle\/"]}]},{"@type":"ImageObject","inLanguage":"nb-NO","@id":"https:\/\/mekulo.com\/no\/produkt\/svaert-effektiv-musefelle\/#primaryimage","url":"https:\/\/mekulo.com\/no\/wp-content\/uploads\/sites\/10\/2026\/02\/km3tk7y-1.jpeg","contentUrl":"https:\/\/mekulo.com\/no\/wp-content\/uploads\/sites\/10\/2026\/02\/km3tk7y-1.jpeg","width":800,"height":800},{"@type":"BreadcrumbList","@id":"https:\/\/mekulo.com\/no\/produkt\/svaert-effektiv-musefelle\/#breadcrumb","itemListElement":[{"@type":"ListItem","position":1,"name":"Home","item":"https:\/\/mekulo.com\/no\/"},{"@type":"ListItem","position":2,"name":"Butikk","item":"https:\/\/mekulo.com\/no\/butikk\/"},{"@type":"ListItem","position":3,"name":"Sv\u00e6rt effektiv musefelle"}]},{"@type":"WebSite","@id":"https:\/\/mekulo.com\/no\/#website","url":"https:\/\/mekulo.com\/no\/","name":"Mekulo NO","description":"","publisher":{"@id":"https:\/\/mekulo.com\/no\/#organization"},"potentialAction":[{"@type":"SearchAction","target":{"@type":"EntryPoint","urlTemplate":"https:\/\/mekulo.com\/no\/?s={search_term_string}"},"query-input":{"@type":"PropertyValueSpecification","valueRequired":true,"valueName":"search_term_string"}}],"inLanguage":"nb-NO"},{"@type":"Organization","@id":"https:\/\/mekulo.com\/no\/#organization","name":"Mekulo","url":"https:\/\/mekulo.com\/no\/","logo":{"@type":"ImageObject","inLanguage":"nb-NO","@id":"https:\/\/mekulo.com\/no\/#\/schema\/logo\/image\/","url":"https:\/\/mekulo.com\/no\/wp-content\/uploads\/sites\/10\/2025\/12\/favicon_mekulo.png","contentUrl":"https:\/\/mekulo.com\/no\/wp-content\/uploads\/sites\/10\/2025\/12\/favicon_mekulo.png","width":50,"height":50,"caption":"Mekulo"},"image":{"@id":"https:\/\/mekulo.com\/no\/#\/schema\/logo\/image\/"}}]}},"_links":{"self":[{"href":"https:\/\/mekulo.com\/no\/wp-json\/wp\/v2\/product\/22838","targetHints":{"allow":["GET"]}}],"collection":[{"href":"https:\/\/mekulo.com\/no\/wp-json\/wp\/v2\/product"}],"about":[{"href":"https:\/\/mekulo.com\/no\/wp-json\/wp\/v2\/types\/product"}],"replies":[{"embeddable":true,"href":"https:\/\/mekulo.com\/no\/wp-json\/wp\/v2\/comments?post=22838"}],"wp:featuredmedia":[{"embeddable":true,"href":"https:\/\/mekulo.com\/no\/wp-json\/wp\/v2\/media\/22834"}],"wp:attachment":[{"href":"https:\/\/mekulo.com\/no\/wp-json\/wp\/v2\/media?parent=22838"}],"wp:term":[{"taxonomy":"product_brand","embeddable":true,"href":"https:\/\/mekulo.com\/no\/wp-json\/wp\/v2\/product_brand?post=22838"},{"taxonomy":"product_cat","embeddable":true,"href":"https:\/\/mekulo.com\/no\/wp-json\/wp\/v2\/product_cat?post=22838"},{"taxonomy":"product_tag","embeddable":true,"href":"https:\/\/mekulo.com\/no\/wp-json\/wp\/v2\/product_tag?post=22838"}],"curies":[{"name":"wp","href":"https:\/\/api.w.org\/{rel}","templated":true}]}}