{"id":22799,"date":"2026-02-12T12:32:56","date_gmt":"2026-02-12T10:32:56","guid":{"rendered":"https:\/\/mekulo.com\/no\/produkt\/finneantenne-for-bil\/"},"modified":"2026-03-02T12:22:06","modified_gmt":"2026-03-02T10:22:06","slug":"finneantenne-for-bil","status":"publish","type":"product","link":"https:\/\/mekulo.com\/no\/produkt\/finneantenne-for-bil\/","title":{"rendered":"Finneantenne for bil"},"content":{"rendered":"<p style=\"text-align: center;\" data-start=\"21\" data-end=\"82\"><strong data-start=\"21\" data-end=\"82\">Oppgrader Bilens Utseende Samtidig Som Du Forbedrer Signalmottaket. \ud83d\ude97<\/strong><\/p>\n<p data-start=\"21\" data-end=\"82\"><img fetchpriority=\"high\" decoding=\"async\" class=\" wp-image-24838 aligncenter\" src=\"https:\/\/mekulo.com\/template\/wp-content\/uploads\/sites\/6\/2026\/02\/12213-ezgif.com-video-to-webp-converter.webp\" alt=\"\" width=\"528\" height=\"528\" \/><\/p>\n<h2 style=\"text-align: center;\" data-start=\"512\" data-end=\"531\"><strong>Hovedfordeler \ud83d\udce1<\/strong><\/h2>\n<p data-start=\"532\" data-end=\"827\">\ud83d\udce1 Forbedret signal &#8211; Forbedrer FM\/AM-mottak.<\/p>\n<p data-start=\"532\" data-end=\"827\">\ud83d\ude97 Stilig oppgradering &#8211; Moderne haifinnedesign.<\/p>\n<p data-start=\"532\" data-end=\"827\">\ud83d\udd27 Ingen boring n\u00f8dvendig &#8211; Enkel installasjon.<\/p>\n<p data-start=\"532\" data-end=\"827\">\ud83d\udca7 Vanntett konstruksjon &#8211; Forseglet gummiring.<\/p>\n<p data-start=\"532\" data-end=\"827\">\ud83d\udee1\ufe0f Holdbart ABS-materiale &#8211; Langvarig bruk.<\/p>\n<p data-start=\"532\" data-end=\"827\">\u2728 Slank og minimal &#8211; Rent og sporty utseende.<\/p>\n<p data-start=\"532\" data-end=\"827\"><img decoding=\"async\" class=\"size-full wp-image-24839 aligncenter\" src=\"https:\/\/mekulo.com\/template\/wp-content\/uploads\/sites\/6\/2026\/02\/Sb1a17a77beee4bd082a9b4d35574ecb6p.jpg_960x960q75.jpg_.jpg\" alt=\"\" width=\"800\" height=\"800\" \/><\/p>\n<h2 style=\"text-align: center;\" data-start=\"834\" data-end=\"850\"><strong>Hvordan Du Bruker \ud83d\udccc<\/strong><\/h2>\n<ol data-start=\"851\" data-end=\"1002\">\n<li data-start=\"851\" data-end=\"892\">\n<p data-start=\"854\" data-end=\"892\">Rengj\u00f8r og t\u00f8rk installasjonsomr\u00e5det.<\/p>\n<\/li>\n<li data-start=\"893\" data-end=\"931\">\n<p data-start=\"896\" data-end=\"931\">Koble til den interne FM\/AM-kabelen.<\/p>\n<\/li>\n<li data-start=\"932\" data-end=\"961\">\n<p data-start=\"935\" data-end=\"961\">Fjern selvklebende bakside.<\/p>\n<\/li>\n<li data-start=\"962\" data-end=\"1002\">\n<p data-start=\"965\" data-end=\"1002\">Trykk godt fast p\u00e5 takflaten.<\/p>\n<\/li>\n<\/ol>\n<h2 style=\"text-align: center;\" data-start=\"1009\" data-end=\"1030\"><strong>Produktdetaljer \ud83d\udccf<\/strong><\/h2>\n<ul data-start=\"1031\" data-end=\"1274\">\n<li data-start=\"1031\" data-end=\"1069\">\n<p data-start=\"1033\" data-end=\"1069\">Materiale: ABS-plast av h\u00f8y kvalitet<\/p>\n<\/li>\n<li data-start=\"1070\" data-end=\"1102\">\n<p data-start=\"1072\" data-end=\"1102\">Tetning: Vanntett gummiring<\/p>\n<\/li>\n<li data-start=\"1103\" data-end=\"1132\">\n<p data-start=\"1105\" data-end=\"1132\">H\u00f8yde: 69 mm<\/p>\n<\/li>\n<li data-start=\"1133\" data-end=\"1160\">\n<p data-start=\"1135\" data-end=\"1160\">Lengde: 182 mm<\/p>\n<\/li>\n<li data-start=\"1211\" data-end=\"1246\">\n<p data-start=\"1213\" data-end=\"1246\">Passform: Passer til de fleste biler<\/p>\n<\/li>\n<li data-start=\"1247\" data-end=\"1274\">\n<p data-start=\"1249\" data-end=\"1274\">Stil: Haifinnedesign<\/p>\n<\/li>\n<\/ul>\n<h2 style=\"text-align: center;\" data-start=\"1281\" data-end=\"1303\"><strong>Pakken Inkluderer \ud83d\udce6<\/strong><\/h2>\n<ul data-start=\"1304\" data-end=\"1329\">\n<li data-start=\"1304\" data-end=\"1329\">\n<p data-start=\"1306\" data-end=\"1329\">1x bilfinneantenne.<\/p>\n<\/li>\n<\/ul>\n","protected":false},"excerpt":{"rendered":"<p><span style=\"font-size: 16px; font-style: normal; font-weight: 400;\">\ud83d\ude98<\/span>Denne bilfinneantennen erstatter den originale antennen med en elegant, moderne design. Den forbedrer FM\/AM-signalytelsen og gir bilen en stilig touch.<br \/>\n\ud83d\udcfbDen fungerer som en funksjonell antenne og en dekorativ oppgradering p\u00e5 samme tid. Perfekt for sj\u00e5f\u00f8rer som vil ha bedre stil uten komplisert installasjon.<br \/>\n\ud83d\udce1En enkel oppgradering som f\u00e5r bilen din til \u00e5 se kulere og mer raffinert ut.<\/p>\n","protected":false},"featured_media":22795,"comment_status":"open","ping_status":"closed","template":"","meta":{"site-sidebar-layout":"default","site-content-layout":"","ast-site-content-layout":"default","site-content-style":"default","site-sidebar-style":"default","ast-global-header-display":"","ast-banner-title-visibility":"","ast-main-header-display":"","ast-hfb-above-header-display":"","ast-hfb-below-header-display":"","ast-hfb-mobile-header-display":"","site-post-title":"","ast-breadcrumbs-content":"","ast-featured-img":"","footer-sml-layout":"","theme-transparent-header-meta":"default","adv-header-id-meta":"","stick-header-meta":"","header-above-stick-meta":"","header-main-stick-meta":"","header-below-stick-meta":"","astra-migrate-meta-layouts":"set","ast-page-background-enabled":"default","ast-page-background-meta":{"desktop":{"background-color":"var(--ast-global-color-5)","background-image":"","background-repeat":"repeat","background-position":"center center","background-size":"auto","background-attachment":"scroll","background-type":"","background-media":"","overlay-type":"","overlay-color":"","overlay-opacity":"","overlay-gradient":""},"tablet":{"background-color":"","background-image":"","background-repeat":"repeat","background-position":"center center","background-size":"auto","background-attachment":"scroll","background-type":"","background-media":"","overlay-type":"","overlay-color":"","overlay-opacity":"","overlay-gradient":""},"mobile":{"background-color":"","background-image":"","background-repeat":"repeat","background-position":"center center","background-size":"auto","background-attachment":"scroll","background-type":"","background-media":"","overlay-type":"","overlay-color":"","overlay-opacity":"","overlay-gradient":""}},"ast-content-background-meta":{"desktop":{"background-color":"var(--ast-global-color-4)","background-image":"","background-repeat":"repeat","background-position":"center center","background-size":"auto","background-attachment":"scroll","background-type":"","background-media":"","overlay-type":"","overlay-color":"","overlay-opacity":"","overlay-gradient":""},"tablet":{"background-color":"var(--ast-global-color-4)","background-image":"","background-repeat":"repeat","background-position":"center center","background-size":"auto","background-attachment":"scroll","background-type":"","background-media":"","overlay-type":"","overlay-color":"","overlay-opacity":"","overlay-gradient":""},"mobile":{"background-color":"var(--ast-global-color-4)","background-image":"","background-repeat":"repeat","background-position":"center center","background-size":"auto","background-attachment":"scroll","background-type":"","background-media":"","overlay-type":"","overlay-color":"","overlay-opacity":"","overlay-gradient":""}}},"product_brand":[],"product_cat":[161],"product_tag":[],"class_list":{"0":"post-22799","1":"product","2":"type-product","3":"status-publish","4":"has-post-thumbnail","6":"product_cat-bilprodukter","7":"pa_68751_t4df7onz-bla","8":"pa_68751_t4df7onz-gra","9":"pa_68751_t4df7onz-hvit","10":"pa_68751_t4df7onz-karbon","11":"pa_68751_t4df7onz-krom","12":"pa_68751_t4df7onz-morkegra","13":"pa_68751_t4df7onz-perlesvart","14":"pa_68751_t4df7onz-rod","15":"pa_68751_t4df7onz-solv","16":"pa_68751_t4df7onz-svart","17":"pa_68751_u0hev4rj-matt","18":"pa_68751_u0hev4rj-skinnende","19":"desktop-align-left","20":"tablet-align-left","21":"mobile-align-left","23":"first","24":"instock","25":"shipping-taxable","26":"purchasable","27":"product-type-variable","28":"has-default-attributes"},"yoast_head":"<!-- This site is optimized with the Yoast SEO plugin v26.6 - https:\/\/yoast.com\/wordpress\/plugins\/seo\/ -->\n<title>Finneantenne for bil - Mekulo NO<\/title>\n<meta name=\"robots\" content=\"index, follow, max-snippet:-1, max-image-preview:large, max-video-preview:-1\" \/>\n<link rel=\"canonical\" href=\"https:\/\/mekulo.com\/no\/produkt\/finneantenne-for-bil\/\" \/>\n<meta property=\"og:locale\" content=\"nb_NO\" \/>\n<meta property=\"og:type\" content=\"article\" \/>\n<meta property=\"og:title\" content=\"Finneantenne for bil - Mekulo NO\" \/>\n<meta property=\"og:description\" content=\"\ud83d\ude98Denne bilfinneantennen erstatter den originale antennen med en elegant, moderne design. Den forbedrer FM\/AM-signalytelsen og gir bilen en stilig touch. \ud83d\udcfbDen fungerer som en funksjonell antenne og en dekorativ oppgradering p\u00e5 samme tid. Perfekt for sj\u00e5f\u00f8rer som vil ha bedre stil uten komplisert installasjon. \ud83d\udce1En enkel oppgradering som f\u00e5r bilen din til \u00e5 se kulere og mer raffinert ut.\" \/>\n<meta property=\"og:url\" content=\"https:\/\/mekulo.com\/no\/produkt\/finneantenne-for-bil\/\" \/>\n<meta property=\"og:site_name\" content=\"Mekulo NO\" \/>\n<meta property=\"article:modified_time\" content=\"2026-03-02T10:22:06+00:00\" \/>\n<meta property=\"og:image\" content=\"https:\/\/mekulo.com\/no\/wp-content\/uploads\/sites\/10\/2026\/02\/1pauiml-1.webp\" \/>\n\t<meta property=\"og:image:width\" content=\"800\" \/>\n\t<meta property=\"og:image:height\" content=\"876\" \/>\n\t<meta property=\"og:image:type\" content=\"image\/webp\" \/>\n<meta name=\"twitter:card\" content=\"summary_large_image\" \/>\n<meta name=\"twitter:label1\" content=\"Ansl. lesetid\" \/>\n\t<meta name=\"twitter:data1\" content=\"2 minutter\" \/>\n<script type=\"application\/ld+json\" class=\"yoast-schema-graph\">{\"@context\":\"https:\/\/schema.org\",\"@graph\":[{\"@type\":\"WebPage\",\"@id\":\"https:\/\/mekulo.com\/no\/produkt\/finneantenne-for-bil\/\",\"url\":\"https:\/\/mekulo.com\/no\/produkt\/finneantenne-for-bil\/\",\"name\":\"Finneantenne for bil - Mekulo NO\",\"isPartOf\":{\"@id\":\"https:\/\/mekulo.com\/no\/#website\"},\"primaryImageOfPage\":{\"@id\":\"https:\/\/mekulo.com\/no\/produkt\/finneantenne-for-bil\/#primaryimage\"},\"image\":{\"@id\":\"https:\/\/mekulo.com\/no\/produkt\/finneantenne-for-bil\/#primaryimage\"},\"thumbnailUrl\":\"https:\/\/mekulo.com\/no\/wp-content\/uploads\/sites\/10\/2026\/02\/1pauiml-1.webp\",\"datePublished\":\"2026-02-12T10:32:56+00:00\",\"dateModified\":\"2026-03-02T10:22:06+00:00\",\"breadcrumb\":{\"@id\":\"https:\/\/mekulo.com\/no\/produkt\/finneantenne-for-bil\/#breadcrumb\"},\"inLanguage\":\"nb-NO\",\"potentialAction\":[{\"@type\":\"ReadAction\",\"target\":[\"https:\/\/mekulo.com\/no\/produkt\/finneantenne-for-bil\/\"]}]},{\"@type\":\"ImageObject\",\"inLanguage\":\"nb-NO\",\"@id\":\"https:\/\/mekulo.com\/no\/produkt\/finneantenne-for-bil\/#primaryimage\",\"url\":\"https:\/\/mekulo.com\/no\/wp-content\/uploads\/sites\/10\/2026\/02\/1pauiml-1.webp\",\"contentUrl\":\"https:\/\/mekulo.com\/no\/wp-content\/uploads\/sites\/10\/2026\/02\/1pauiml-1.webp\",\"width\":800,\"height\":876},{\"@type\":\"BreadcrumbList\",\"@id\":\"https:\/\/mekulo.com\/no\/produkt\/finneantenne-for-bil\/#breadcrumb\",\"itemListElement\":[{\"@type\":\"ListItem\",\"position\":1,\"name\":\"Home\",\"item\":\"https:\/\/mekulo.com\/no\/\"},{\"@type\":\"ListItem\",\"position\":2,\"name\":\"Butikk\",\"item\":\"https:\/\/mekulo.com\/no\/butikk\/\"},{\"@type\":\"ListItem\",\"position\":3,\"name\":\"Finneantenne for bil\"}]},{\"@type\":\"WebSite\",\"@id\":\"https:\/\/mekulo.com\/no\/#website\",\"url\":\"https:\/\/mekulo.com\/no\/\",\"name\":\"Mekulo NO\",\"description\":\"\",\"publisher\":{\"@id\":\"https:\/\/mekulo.com\/no\/#organization\"},\"potentialAction\":[{\"@type\":\"SearchAction\",\"target\":{\"@type\":\"EntryPoint\",\"urlTemplate\":\"https:\/\/mekulo.com\/no\/?s={search_term_string}\"},\"query-input\":{\"@type\":\"PropertyValueSpecification\",\"valueRequired\":true,\"valueName\":\"search_term_string\"}}],\"inLanguage\":\"nb-NO\"},{\"@type\":\"Organization\",\"@id\":\"https:\/\/mekulo.com\/no\/#organization\",\"name\":\"Mekulo\",\"url\":\"https:\/\/mekulo.com\/no\/\",\"logo\":{\"@type\":\"ImageObject\",\"inLanguage\":\"nb-NO\",\"@id\":\"https:\/\/mekulo.com\/no\/#\/schema\/logo\/image\/\",\"url\":\"https:\/\/mekulo.com\/no\/wp-content\/uploads\/sites\/10\/2025\/12\/favicon_mekulo.png\",\"contentUrl\":\"https:\/\/mekulo.com\/no\/wp-content\/uploads\/sites\/10\/2025\/12\/favicon_mekulo.png\",\"width\":50,\"height\":50,\"caption\":\"Mekulo\"},\"image\":{\"@id\":\"https:\/\/mekulo.com\/no\/#\/schema\/logo\/image\/\"}}]}<\/script>\n<!-- \/ Yoast SEO plugin. -->","yoast_head_json":{"title":"Finneantenne for bil - Mekulo NO","robots":{"index":"index","follow":"follow","max-snippet":"max-snippet:-1","max-image-preview":"max-image-preview:large","max-video-preview":"max-video-preview:-1"},"canonical":"https:\/\/mekulo.com\/no\/produkt\/finneantenne-for-bil\/","og_locale":"nb_NO","og_type":"article","og_title":"Finneantenne for bil - Mekulo NO","og_description":"\ud83d\ude98Denne bilfinneantennen erstatter den originale antennen med en elegant, moderne design. Den forbedrer FM\/AM-signalytelsen og gir bilen en stilig touch. \ud83d\udcfbDen fungerer som en funksjonell antenne og en dekorativ oppgradering p\u00e5 samme tid. Perfekt for sj\u00e5f\u00f8rer som vil ha bedre stil uten komplisert installasjon. \ud83d\udce1En enkel oppgradering som f\u00e5r bilen din til \u00e5 se kulere og mer raffinert ut.","og_url":"https:\/\/mekulo.com\/no\/produkt\/finneantenne-for-bil\/","og_site_name":"Mekulo NO","article_modified_time":"2026-03-02T10:22:06+00:00","og_image":[{"width":800,"height":876,"url":"https:\/\/mekulo.com\/no\/wp-content\/uploads\/sites\/10\/2026\/02\/1pauiml-1.webp","type":"image\/webp"}],"twitter_card":"summary_large_image","twitter_misc":{"Ansl. lesetid":"2 minutter"},"schema":{"@context":"https:\/\/schema.org","@graph":[{"@type":"WebPage","@id":"https:\/\/mekulo.com\/no\/produkt\/finneantenne-for-bil\/","url":"https:\/\/mekulo.com\/no\/produkt\/finneantenne-for-bil\/","name":"Finneantenne for bil - Mekulo NO","isPartOf":{"@id":"https:\/\/mekulo.com\/no\/#website"},"primaryImageOfPage":{"@id":"https:\/\/mekulo.com\/no\/produkt\/finneantenne-for-bil\/#primaryimage"},"image":{"@id":"https:\/\/mekulo.com\/no\/produkt\/finneantenne-for-bil\/#primaryimage"},"thumbnailUrl":"https:\/\/mekulo.com\/no\/wp-content\/uploads\/sites\/10\/2026\/02\/1pauiml-1.webp","datePublished":"2026-02-12T10:32:56+00:00","dateModified":"2026-03-02T10:22:06+00:00","breadcrumb":{"@id":"https:\/\/mekulo.com\/no\/produkt\/finneantenne-for-bil\/#breadcrumb"},"inLanguage":"nb-NO","potentialAction":[{"@type":"ReadAction","target":["https:\/\/mekulo.com\/no\/produkt\/finneantenne-for-bil\/"]}]},{"@type":"ImageObject","inLanguage":"nb-NO","@id":"https:\/\/mekulo.com\/no\/produkt\/finneantenne-for-bil\/#primaryimage","url":"https:\/\/mekulo.com\/no\/wp-content\/uploads\/sites\/10\/2026\/02\/1pauiml-1.webp","contentUrl":"https:\/\/mekulo.com\/no\/wp-content\/uploads\/sites\/10\/2026\/02\/1pauiml-1.webp","width":800,"height":876},{"@type":"BreadcrumbList","@id":"https:\/\/mekulo.com\/no\/produkt\/finneantenne-for-bil\/#breadcrumb","itemListElement":[{"@type":"ListItem","position":1,"name":"Home","item":"https:\/\/mekulo.com\/no\/"},{"@type":"ListItem","position":2,"name":"Butikk","item":"https:\/\/mekulo.com\/no\/butikk\/"},{"@type":"ListItem","position":3,"name":"Finneantenne for bil"}]},{"@type":"WebSite","@id":"https:\/\/mekulo.com\/no\/#website","url":"https:\/\/mekulo.com\/no\/","name":"Mekulo NO","description":"","publisher":{"@id":"https:\/\/mekulo.com\/no\/#organization"},"potentialAction":[{"@type":"SearchAction","target":{"@type":"EntryPoint","urlTemplate":"https:\/\/mekulo.com\/no\/?s={search_term_string}"},"query-input":{"@type":"PropertyValueSpecification","valueRequired":true,"valueName":"search_term_string"}}],"inLanguage":"nb-NO"},{"@type":"Organization","@id":"https:\/\/mekulo.com\/no\/#organization","name":"Mekulo","url":"https:\/\/mekulo.com\/no\/","logo":{"@type":"ImageObject","inLanguage":"nb-NO","@id":"https:\/\/mekulo.com\/no\/#\/schema\/logo\/image\/","url":"https:\/\/mekulo.com\/no\/wp-content\/uploads\/sites\/10\/2025\/12\/favicon_mekulo.png","contentUrl":"https:\/\/mekulo.com\/no\/wp-content\/uploads\/sites\/10\/2025\/12\/favicon_mekulo.png","width":50,"height":50,"caption":"Mekulo"},"image":{"@id":"https:\/\/mekulo.com\/no\/#\/schema\/logo\/image\/"}}]}},"_links":{"self":[{"href":"https:\/\/mekulo.com\/no\/wp-json\/wp\/v2\/product\/22799","targetHints":{"allow":["GET"]}}],"collection":[{"href":"https:\/\/mekulo.com\/no\/wp-json\/wp\/v2\/product"}],"about":[{"href":"https:\/\/mekulo.com\/no\/wp-json\/wp\/v2\/types\/product"}],"replies":[{"embeddable":true,"href":"https:\/\/mekulo.com\/no\/wp-json\/wp\/v2\/comments?post=22799"}],"wp:featuredmedia":[{"embeddable":true,"href":"https:\/\/mekulo.com\/no\/wp-json\/wp\/v2\/media\/22795"}],"wp:attachment":[{"href":"https:\/\/mekulo.com\/no\/wp-json\/wp\/v2\/media?parent=22799"}],"wp:term":[{"taxonomy":"product_brand","embeddable":true,"href":"https:\/\/mekulo.com\/no\/wp-json\/wp\/v2\/product_brand?post=22799"},{"taxonomy":"product_cat","embeddable":true,"href":"https:\/\/mekulo.com\/no\/wp-json\/wp\/v2\/product_cat?post=22799"},{"taxonomy":"product_tag","embeddable":true,"href":"https:\/\/mekulo.com\/no\/wp-json\/wp\/v2\/product_tag?post=22799"}],"curies":[{"name":"wp","href":"https:\/\/api.w.org\/{rel}","templated":true}]}}