{"id":22752,"date":"2026-02-10T21:33:57","date_gmt":"2026-02-10T19:33:57","guid":{"rendered":"https:\/\/mekulo.com\/no\/produkt\/hurtigskiftesett-for-bajonettsag\/"},"modified":"2026-02-10T21:33:57","modified_gmt":"2026-02-10T19:33:57","slug":"hurtigskiftesett-for-bajonettsag","status":"publish","type":"product","link":"https:\/\/mekulo.com\/no\/produkt\/hurtigskiftesett-for-bajonettsag\/","title":{"rendered":"Hurtigskiftesett for bajonettsag"},"content":{"rendered":"<p style=\"text-align: center\" data-start=\"310\" data-end=\"596\"><strong>Gj\u00f8r boret ditt om til et kraftig skj\u00e6reverkt\u00f8y p\u00e5 f\u00e5 sekunder.<\/strong><span style=\"font-size: 16px;font-style: normal;font-weight: 400\">\ud83d\udee0\ufe0f<\/span><\/p>\n<p data-start=\"310\" data-end=\"596\"><img fetchpriority=\"high\" decoding=\"async\" class=\"size-full wp-image-24533 aligncenter\" src=\"https:\/\/mekulo.com\/template\/wp-content\/uploads\/sites\/6\/2026\/02\/spp_20250428165126_ce393892110fd7fde8ceeb1e996bd2b5_a1165036-e54f-41e8-8719-8cc668b8ff2b.webp\" alt=\"\" width=\"713\" height=\"713\" \/><\/p>\n<h2 style=\"text-align: center\" data-start=\"603\" data-end=\"620\"><strong>Main Fordeler \ud83d\udd27<\/strong><\/h2>\n<p data-start=\"621\" data-end=\"971\">\ud83d\udd27 Verkt\u00f8yfritt bladbytte &#8211; raskt og enkelt selvl\u00e5sende system.<\/p>\n<p data-start=\"621\" data-end=\"971\">\ud83e\udeb5 Kapping i flere materialer &#8211; kutter tre, metall, PVC og mer.<\/p>\n<p data-start=\"621\" data-end=\"971\">\ud83d\udcaa Slitesterk konstruksjon &#8211; laget av legert st\u00e5l for langvarig bruk.<\/p>\n<p data-start=\"621\" data-end=\"971\">\u270b Komfortabelt grep &#8211; stabilt h\u00e5ndtak reduserer tretthet under langt arbeid.<\/p>\n<p data-start=\"621\" data-end=\"971\">\ud83d\udee1\ufe0f Sikrere bruk &#8211; Beskyttelsesplaten beskytter hendene mot rusk.<\/p>\n<p data-start=\"621\" data-end=\"971\"><img decoding=\"async\" class=\"size-full wp-image-24536 aligncenter\" src=\"https:\/\/mekulo.com\/template\/wp-content\/uploads\/sites\/6\/2026\/02\/S6c6fe6cda19f43ca81c46d95c4907726q.jpg_960x960q75.jpg_.avif\" alt=\"\" width=\"750\" height=\"754\" \/><\/p>\n<h2 style=\"text-align: center\" data-start=\"978\" data-end=\"992\"><strong>Hvordan Du Bruker \ud83d\udccc<\/strong><\/h2>\n<ol data-start=\"993\" data-end=\"1170\">\n<li data-start=\"993\" data-end=\"1040\">\n<p data-start=\"996\" data-end=\"1040\">Fest sagsetet godt til boret.<\/p>\n<\/li>\n<li data-start=\"1041\" data-end=\"1092\">\n<p data-start=\"1044\" data-end=\"1092\">Sett bladet inn i den selvl\u00e5sende spennhylsen.<\/p>\n<\/li>\n<li data-start=\"1093\" data-end=\"1128\">\n<p data-start=\"1096\" data-end=\"1128\">Stram til til det er l\u00e5st p\u00e5 plass.<\/p>\n<\/li>\n<li data-start=\"1129\" data-end=\"1170\">\n<p data-start=\"1132\" data-end=\"1170\">Sl\u00e5 p\u00e5 boret og begynn \u00e5 skj\u00e6re.<\/p>\n<\/li>\n<\/ol>\n<h2 style=\"text-align: center\" data-start=\"1177\" data-end=\"1196\"><strong>Produktdetaljer \ud83d\udccf<\/strong><\/h2>\n<ul data-start=\"1197\" data-end=\"1378\">\n<li data-start=\"1197\" data-end=\"1232\">\n<p data-start=\"1199\" data-end=\"1232\">Materiale: Plast + legert st\u00e5l<\/p>\n<\/li>\n<li data-start=\"1233\" data-end=\"1249\">\n<p data-start=\"1235\" data-end=\"1249\">Farge: Svart<\/p>\n<\/li>\n<li data-start=\"1250\" data-end=\"1313\">\n<p data-start=\"1252\" data-end=\"1313\">Kompatibilitet: Batteridrevne boremaskiner, elektriske boremaskiner, slagboremaskiner<\/p>\n<\/li>\n<li data-start=\"1314\" data-end=\"1378\">\n<p data-start=\"1316\" data-end=\"1378\">Funksjoner: Hurtig bladbytte, sikkerhetsvern, ekstra h\u00e5ndtak<\/p>\n<\/li>\n<\/ul>\n<h2 style=\"text-align: center\" data-start=\"1385\" data-end=\"1405\"><strong>Pakken Inkluderer \ud83d\udce6<\/strong><\/h2>\n<ul data-start=\"1406\" data-end=\"1448\">\n<li data-start=\"1406\" data-end=\"1448\">\n<p data-start=\"1408\" data-end=\"1448\">1x hurtigbytte bajonettsag sett.<\/p>\n<\/li>\n<\/ul>\n","protected":false},"excerpt":{"rendered":"<p>\ud83e\udeb5Designet for b\u00e5de gj\u00f8r-det-selv-brukere og profesjonelle, dette settet gj\u00f8r det mulig \u00e5 skifte blad raskt uten verkt\u00f8y og fungerer med de fleste bormaskiner.<br \/>\n\u2699\ufe0fThe sterk konstruksjon og smart design hjelper deg med \u00e5 fullf\u00f8re skj\u00e6reoppgaver med mindre anstrengelse og mer n\u00f8yaktighet.<br \/>\n\ud83e\ude9aDet er ideelt for reparasjoner i hjemmet, bygg og anlegg og verkstedbruk. En smart og p\u00e5litelig skj\u00e6rel\u00f8sning som oppgraderer drillen din og gj\u00f8r enhver jobb enklere.<\/p>\n","protected":false},"featured_media":22748,"comment_status":"open","ping_status":"closed","template":"","meta":{"site-sidebar-layout":"default","site-content-layout":"","ast-site-content-layout":"default","site-content-style":"default","site-sidebar-style":"default","ast-global-header-display":"","ast-banner-title-visibility":"","ast-main-header-display":"","ast-hfb-above-header-display":"","ast-hfb-below-header-display":"","ast-hfb-mobile-header-display":"","site-post-title":"","ast-breadcrumbs-content":"","ast-featured-img":"","footer-sml-layout":"","theme-transparent-header-meta":"default","adv-header-id-meta":"","stick-header-meta":"","header-above-stick-meta":"","header-main-stick-meta":"","header-below-stick-meta":"","astra-migrate-meta-layouts":"set","ast-page-background-enabled":"default","ast-page-background-meta":{"desktop":{"background-color":"var(--ast-global-color-5)","background-image":"","background-repeat":"repeat","background-position":"center center","background-size":"auto","background-attachment":"scroll","background-type":"","background-media":"","overlay-type":"","overlay-color":"","overlay-opacity":"","overlay-gradient":""},"tablet":{"background-color":"","background-image":"","background-repeat":"repeat","background-position":"center center","background-size":"auto","background-attachment":"scroll","background-type":"","background-media":"","overlay-type":"","overlay-color":"","overlay-opacity":"","overlay-gradient":""},"mobile":{"background-color":"","background-image":"","background-repeat":"repeat","background-position":"center center","background-size":"auto","background-attachment":"scroll","background-type":"","background-media":"","overlay-type":"","overlay-color":"","overlay-opacity":"","overlay-gradient":""}},"ast-content-background-meta":{"desktop":{"background-color":"var(--ast-global-color-4)","background-image":"","background-repeat":"repeat","background-position":"center center","background-size":"auto","background-attachment":"scroll","background-type":"","background-media":"","overlay-type":"","overlay-color":"","overlay-opacity":"","overlay-gradient":""},"tablet":{"background-color":"var(--ast-global-color-4)","background-image":"","background-repeat":"repeat","background-position":"center center","background-size":"auto","background-attachment":"scroll","background-type":"","background-media":"","overlay-type":"","overlay-color":"","overlay-opacity":"","overlay-gradient":""},"mobile":{"background-color":"var(--ast-global-color-4)","background-image":"","background-repeat":"repeat","background-position":"center center","background-size":"auto","background-attachment":"scroll","background-type":"","background-media":"","overlay-type":"","overlay-color":"","overlay-opacity":"","overlay-gradient":""}}},"product_brand":[],"product_cat":[171],"product_tag":[],"class_list":{"0":"post-22752","1":"product","2":"type-product","3":"status-publish","4":"has-post-thumbnail","6":"product_cat-verktoy","7":"desktop-align-left","8":"tablet-align-left","9":"mobile-align-left","11":"first","12":"instock","13":"shipping-taxable","14":"purchasable","15":"product-type-simple"},"yoast_head":"<!-- This site is optimized with the Yoast SEO plugin v26.6 - https:\/\/yoast.com\/wordpress\/plugins\/seo\/ -->\n<title>Hurtigskiftesett for bajonettsag - Mekulo NO<\/title>\n<meta name=\"robots\" content=\"index, follow, max-snippet:-1, max-image-preview:large, max-video-preview:-1\" \/>\n<link rel=\"canonical\" href=\"https:\/\/mekulo.com\/no\/produkt\/hurtigskiftesett-for-bajonettsag\/\" \/>\n<meta property=\"og:locale\" content=\"nb_NO\" \/>\n<meta property=\"og:type\" content=\"article\" \/>\n<meta property=\"og:title\" content=\"Hurtigskiftesett for bajonettsag - Mekulo NO\" \/>\n<meta property=\"og:description\" content=\"\ud83e\udeb5Designet for b\u00e5de gj\u00f8r-det-selv-brukere og profesjonelle, dette settet gj\u00f8r det mulig \u00e5 skifte blad raskt uten verkt\u00f8y og fungerer med de fleste bormaskiner. \u2699\ufe0fThe sterk konstruksjon og smart design hjelper deg med \u00e5 fullf\u00f8re skj\u00e6reoppgaver med mindre anstrengelse og mer n\u00f8yaktighet. \ud83e\ude9aDet er ideelt for reparasjoner i hjemmet, bygg og anlegg og verkstedbruk. En smart og p\u00e5litelig skj\u00e6rel\u00f8sning som oppgraderer drillen din og gj\u00f8r enhver jobb enklere.\" \/>\n<meta property=\"og:url\" content=\"https:\/\/mekulo.com\/no\/produkt\/hurtigskiftesett-for-bajonettsag\/\" \/>\n<meta property=\"og:site_name\" content=\"Mekulo NO\" \/>\n<meta property=\"og:image\" content=\"https:\/\/mekulo.com\/no\/wp-content\/uploads\/sites\/10\/2026\/02\/7ai6jtj-1.webp\" \/>\n\t<meta property=\"og:image:width\" content=\"713\" \/>\n\t<meta property=\"og:image:height\" content=\"713\" \/>\n\t<meta property=\"og:image:type\" content=\"image\/webp\" \/>\n<meta name=\"twitter:card\" content=\"summary_large_image\" \/>\n<meta name=\"twitter:label1\" content=\"Ansl. lesetid\" \/>\n\t<meta name=\"twitter:data1\" content=\"2 minutter\" \/>\n<script type=\"application\/ld+json\" class=\"yoast-schema-graph\">{\"@context\":\"https:\/\/schema.org\",\"@graph\":[{\"@type\":\"WebPage\",\"@id\":\"https:\/\/mekulo.com\/no\/produkt\/hurtigskiftesett-for-bajonettsag\/\",\"url\":\"https:\/\/mekulo.com\/no\/produkt\/hurtigskiftesett-for-bajonettsag\/\",\"name\":\"Hurtigskiftesett for bajonettsag - Mekulo NO\",\"isPartOf\":{\"@id\":\"https:\/\/mekulo.com\/no\/#website\"},\"primaryImageOfPage\":{\"@id\":\"https:\/\/mekulo.com\/no\/produkt\/hurtigskiftesett-for-bajonettsag\/#primaryimage\"},\"image\":{\"@id\":\"https:\/\/mekulo.com\/no\/produkt\/hurtigskiftesett-for-bajonettsag\/#primaryimage\"},\"thumbnailUrl\":\"https:\/\/mekulo.com\/no\/wp-content\/uploads\/sites\/10\/2026\/02\/7ai6jtj-1.webp\",\"datePublished\":\"2026-02-10T19:33:57+00:00\",\"breadcrumb\":{\"@id\":\"https:\/\/mekulo.com\/no\/produkt\/hurtigskiftesett-for-bajonettsag\/#breadcrumb\"},\"inLanguage\":\"nb-NO\",\"potentialAction\":[{\"@type\":\"ReadAction\",\"target\":[\"https:\/\/mekulo.com\/no\/produkt\/hurtigskiftesett-for-bajonettsag\/\"]}]},{\"@type\":\"ImageObject\",\"inLanguage\":\"nb-NO\",\"@id\":\"https:\/\/mekulo.com\/no\/produkt\/hurtigskiftesett-for-bajonettsag\/#primaryimage\",\"url\":\"https:\/\/mekulo.com\/no\/wp-content\/uploads\/sites\/10\/2026\/02\/7ai6jtj-1.webp\",\"contentUrl\":\"https:\/\/mekulo.com\/no\/wp-content\/uploads\/sites\/10\/2026\/02\/7ai6jtj-1.webp\",\"width\":713,\"height\":713},{\"@type\":\"BreadcrumbList\",\"@id\":\"https:\/\/mekulo.com\/no\/produkt\/hurtigskiftesett-for-bajonettsag\/#breadcrumb\",\"itemListElement\":[{\"@type\":\"ListItem\",\"position\":1,\"name\":\"Home\",\"item\":\"https:\/\/mekulo.com\/no\/\"},{\"@type\":\"ListItem\",\"position\":2,\"name\":\"Butikk\",\"item\":\"https:\/\/mekulo.com\/no\/butikk\/\"},{\"@type\":\"ListItem\",\"position\":3,\"name\":\"Hurtigskiftesett for bajonettsag\"}]},{\"@type\":\"WebSite\",\"@id\":\"https:\/\/mekulo.com\/no\/#website\",\"url\":\"https:\/\/mekulo.com\/no\/\",\"name\":\"Mekulo NO\",\"description\":\"\",\"publisher\":{\"@id\":\"https:\/\/mekulo.com\/no\/#organization\"},\"potentialAction\":[{\"@type\":\"SearchAction\",\"target\":{\"@type\":\"EntryPoint\",\"urlTemplate\":\"https:\/\/mekulo.com\/no\/?s={search_term_string}\"},\"query-input\":{\"@type\":\"PropertyValueSpecification\",\"valueRequired\":true,\"valueName\":\"search_term_string\"}}],\"inLanguage\":\"nb-NO\"},{\"@type\":\"Organization\",\"@id\":\"https:\/\/mekulo.com\/no\/#organization\",\"name\":\"Mekulo\",\"url\":\"https:\/\/mekulo.com\/no\/\",\"logo\":{\"@type\":\"ImageObject\",\"inLanguage\":\"nb-NO\",\"@id\":\"https:\/\/mekulo.com\/no\/#\/schema\/logo\/image\/\",\"url\":\"https:\/\/mekulo.com\/no\/wp-content\/uploads\/sites\/10\/2025\/12\/favicon_mekulo.png\",\"contentUrl\":\"https:\/\/mekulo.com\/no\/wp-content\/uploads\/sites\/10\/2025\/12\/favicon_mekulo.png\",\"width\":50,\"height\":50,\"caption\":\"Mekulo\"},\"image\":{\"@id\":\"https:\/\/mekulo.com\/no\/#\/schema\/logo\/image\/\"}}]}<\/script>\n<!-- \/ Yoast SEO plugin. -->","yoast_head_json":{"title":"Hurtigskiftesett for bajonettsag - Mekulo NO","robots":{"index":"index","follow":"follow","max-snippet":"max-snippet:-1","max-image-preview":"max-image-preview:large","max-video-preview":"max-video-preview:-1"},"canonical":"https:\/\/mekulo.com\/no\/produkt\/hurtigskiftesett-for-bajonettsag\/","og_locale":"nb_NO","og_type":"article","og_title":"Hurtigskiftesett for bajonettsag - Mekulo NO","og_description":"\ud83e\udeb5Designet for b\u00e5de gj\u00f8r-det-selv-brukere og profesjonelle, dette settet gj\u00f8r det mulig \u00e5 skifte blad raskt uten verkt\u00f8y og fungerer med de fleste bormaskiner. \u2699\ufe0fThe sterk konstruksjon og smart design hjelper deg med \u00e5 fullf\u00f8re skj\u00e6reoppgaver med mindre anstrengelse og mer n\u00f8yaktighet. \ud83e\ude9aDet er ideelt for reparasjoner i hjemmet, bygg og anlegg og verkstedbruk. En smart og p\u00e5litelig skj\u00e6rel\u00f8sning som oppgraderer drillen din og gj\u00f8r enhver jobb enklere.","og_url":"https:\/\/mekulo.com\/no\/produkt\/hurtigskiftesett-for-bajonettsag\/","og_site_name":"Mekulo NO","og_image":[{"width":713,"height":713,"url":"https:\/\/mekulo.com\/no\/wp-content\/uploads\/sites\/10\/2026\/02\/7ai6jtj-1.webp","type":"image\/webp"}],"twitter_card":"summary_large_image","twitter_misc":{"Ansl. lesetid":"2 minutter"},"schema":{"@context":"https:\/\/schema.org","@graph":[{"@type":"WebPage","@id":"https:\/\/mekulo.com\/no\/produkt\/hurtigskiftesett-for-bajonettsag\/","url":"https:\/\/mekulo.com\/no\/produkt\/hurtigskiftesett-for-bajonettsag\/","name":"Hurtigskiftesett for bajonettsag - Mekulo NO","isPartOf":{"@id":"https:\/\/mekulo.com\/no\/#website"},"primaryImageOfPage":{"@id":"https:\/\/mekulo.com\/no\/produkt\/hurtigskiftesett-for-bajonettsag\/#primaryimage"},"image":{"@id":"https:\/\/mekulo.com\/no\/produkt\/hurtigskiftesett-for-bajonettsag\/#primaryimage"},"thumbnailUrl":"https:\/\/mekulo.com\/no\/wp-content\/uploads\/sites\/10\/2026\/02\/7ai6jtj-1.webp","datePublished":"2026-02-10T19:33:57+00:00","breadcrumb":{"@id":"https:\/\/mekulo.com\/no\/produkt\/hurtigskiftesett-for-bajonettsag\/#breadcrumb"},"inLanguage":"nb-NO","potentialAction":[{"@type":"ReadAction","target":["https:\/\/mekulo.com\/no\/produkt\/hurtigskiftesett-for-bajonettsag\/"]}]},{"@type":"ImageObject","inLanguage":"nb-NO","@id":"https:\/\/mekulo.com\/no\/produkt\/hurtigskiftesett-for-bajonettsag\/#primaryimage","url":"https:\/\/mekulo.com\/no\/wp-content\/uploads\/sites\/10\/2026\/02\/7ai6jtj-1.webp","contentUrl":"https:\/\/mekulo.com\/no\/wp-content\/uploads\/sites\/10\/2026\/02\/7ai6jtj-1.webp","width":713,"height":713},{"@type":"BreadcrumbList","@id":"https:\/\/mekulo.com\/no\/produkt\/hurtigskiftesett-for-bajonettsag\/#breadcrumb","itemListElement":[{"@type":"ListItem","position":1,"name":"Home","item":"https:\/\/mekulo.com\/no\/"},{"@type":"ListItem","position":2,"name":"Butikk","item":"https:\/\/mekulo.com\/no\/butikk\/"},{"@type":"ListItem","position":3,"name":"Hurtigskiftesett for bajonettsag"}]},{"@type":"WebSite","@id":"https:\/\/mekulo.com\/no\/#website","url":"https:\/\/mekulo.com\/no\/","name":"Mekulo NO","description":"","publisher":{"@id":"https:\/\/mekulo.com\/no\/#organization"},"potentialAction":[{"@type":"SearchAction","target":{"@type":"EntryPoint","urlTemplate":"https:\/\/mekulo.com\/no\/?s={search_term_string}"},"query-input":{"@type":"PropertyValueSpecification","valueRequired":true,"valueName":"search_term_string"}}],"inLanguage":"nb-NO"},{"@type":"Organization","@id":"https:\/\/mekulo.com\/no\/#organization","name":"Mekulo","url":"https:\/\/mekulo.com\/no\/","logo":{"@type":"ImageObject","inLanguage":"nb-NO","@id":"https:\/\/mekulo.com\/no\/#\/schema\/logo\/image\/","url":"https:\/\/mekulo.com\/no\/wp-content\/uploads\/sites\/10\/2025\/12\/favicon_mekulo.png","contentUrl":"https:\/\/mekulo.com\/no\/wp-content\/uploads\/sites\/10\/2025\/12\/favicon_mekulo.png","width":50,"height":50,"caption":"Mekulo"},"image":{"@id":"https:\/\/mekulo.com\/no\/#\/schema\/logo\/image\/"}}]}},"_links":{"self":[{"href":"https:\/\/mekulo.com\/no\/wp-json\/wp\/v2\/product\/22752","targetHints":{"allow":["GET"]}}],"collection":[{"href":"https:\/\/mekulo.com\/no\/wp-json\/wp\/v2\/product"}],"about":[{"href":"https:\/\/mekulo.com\/no\/wp-json\/wp\/v2\/types\/product"}],"replies":[{"embeddable":true,"href":"https:\/\/mekulo.com\/no\/wp-json\/wp\/v2\/comments?post=22752"}],"wp:featuredmedia":[{"embeddable":true,"href":"https:\/\/mekulo.com\/no\/wp-json\/wp\/v2\/media\/22748"}],"wp:attachment":[{"href":"https:\/\/mekulo.com\/no\/wp-json\/wp\/v2\/media?parent=22752"}],"wp:term":[{"taxonomy":"product_brand","embeddable":true,"href":"https:\/\/mekulo.com\/no\/wp-json\/wp\/v2\/product_brand?post=22752"},{"taxonomy":"product_cat","embeddable":true,"href":"https:\/\/mekulo.com\/no\/wp-json\/wp\/v2\/product_cat?post=22752"},{"taxonomy":"product_tag","embeddable":true,"href":"https:\/\/mekulo.com\/no\/wp-json\/wp\/v2\/product_tag?post=22752"}],"curies":[{"name":"wp","href":"https:\/\/api.w.org\/{rel}","templated":true}]}}