{"id":22742,"date":"2026-02-10T21:32:23","date_gmt":"2026-02-10T19:32:23","guid":{"rendered":"https:\/\/mekulo.com\/no\/produkt\/hurtigrotingspulver-50-ml\/"},"modified":"2026-02-10T21:32:23","modified_gmt":"2026-02-10T19:32:23","slug":"hurtigrotingspulver-50-ml","status":"publish","type":"product","link":"https:\/\/mekulo.com\/no\/produkt\/hurtigrotingspulver-50-ml\/","title":{"rendered":"Hurtigrotingspulver (50 ml)"},"content":{"rendered":"<p style=\"text-align: center\" data-start=\"345\" data-end=\"627\"><strong>F\u00e5 sterke, sunne r\u00f8tter raskere og \u00f8ke planteveksten med letthet. \ud83e\udeb4<\/strong><\/p>\n<p><strong><img fetchpriority=\"high\" decoding=\"async\" class=\" wp-image-24523 aligncenter\" src=\"https:\/\/mekulo.com\/template\/wp-content\/uploads\/sites\/6\/2026\/02\/c506963c6fed8c7efc00198429e7d035.webp\" alt=\"\" width=\"550\" height=\"550\" \/><\/strong><\/p>\n<h2 style=\"text-align: center\" data-start=\"634\" data-end=\"651\"><strong>Hovedfordeler \ud83c\udf31<\/strong><\/h2>\n<p data-start=\"652\" data-end=\"1000\">\ud83c\udf31 Raskere rotvekst &#8211; Oppmuntrer til rask og sterk rotutvikling.<\/p>\n<p data-start=\"652\" data-end=\"1000\">\ud83c\udf38 Bedre blomstring og frukting &#8211; St\u00f8tter blomstring og h\u00f8yere avlinger.<\/p>\n<p data-start=\"652\" data-end=\"1000\">\ud83d\udcaa Sterkere plantehelse &#8211; Forbedrer motstanden mot skadedyr og stress.<\/p>\n<p data-start=\"652\" data-end=\"1000\">\ud83e\uddea N\u00e6ringsrik formel &#8211; Inneholder viktige planten\u00e6ringsstoffer.<\/p>\n<p data-start=\"652\" data-end=\"1000\">\ud83d\udca7 Enkel \u00e5 bruke &#8211; Enkel p\u00e5f\u00f8ring for alle gartnere.<\/p>\n<p data-start=\"652\" data-end=\"1000\"><img decoding=\"async\" class=\" wp-image-24524 aligncenter\" src=\"https:\/\/mekulo.com\/template\/wp-content\/uploads\/sites\/6\/2026\/02\/68b00ae235c20bb4196912aefaf5353d.webp\" alt=\"\" width=\"551\" height=\"555\" \/><\/p>\n<h2 style=\"text-align: center\" data-start=\"1007\" data-end=\"1021\"><strong>Hvordan Du Bruker \ud83d\udccc<\/strong><\/h2>\n<ol data-start=\"1022\" data-end=\"1177\">\n<li data-start=\"1022\" data-end=\"1049\">\n<p data-start=\"1025\" data-end=\"1049\">Rist godt f\u00f8r bruk.<\/p>\n<\/li>\n<li data-start=\"1050\" data-end=\"1101\">\n<p data-start=\"1053\" data-end=\"1101\">P\u00e5f\u00f8r p\u00e5 stiklinger, r\u00f8tter eller jord som anvist.<\/p>\n<\/li>\n<li data-start=\"1102\" data-end=\"1140\">\n<p data-start=\"1105\" data-end=\"1140\">Vann lett for \u00e5 hjelpe absorpsjonen.<\/p>\n<\/li>\n<li data-start=\"1141\" data-end=\"1177\">\n<p data-start=\"1144\" data-end=\"1177\">Bruk regelmessig for best resultat.<\/p>\n<\/li>\n<\/ol>\n<h2 style=\"text-align: center\" data-start=\"1184\" data-end=\"1203\"><strong>Produktdetaljer \ud83d\udccf<\/strong><\/h2>\n<ul data-start=\"1204\" data-end=\"1395\">\n<li data-start=\"1251\" data-end=\"1273\">\n<p data-start=\"1253\" data-end=\"1273\">Nettoinhold: 50 ml<\/p>\n<\/li>\n<li data-start=\"1274\" data-end=\"1332\">\n<p data-start=\"1276\" data-end=\"1332\">Funksjon: Rotvekst, plantehelse, blomstringsst\u00f8tte<\/p>\n<\/li>\n<li data-start=\"1333\" data-end=\"1395\">\n<p data-start=\"1335\" data-end=\"1395\">Egnet for: Blomster, gr\u00f8nnsaker, sukkulenter, frukttr\u00e6r<\/p>\n<\/li>\n<\/ul>\n<h2 style=\"text-align: center\" data-start=\"1402\" data-end=\"1422\"><strong>Pakken Inneholder \ud83d\udce6<\/strong><\/h2>\n<ul data-start=\"1423\" data-end=\"1459\">\n<li data-start=\"1423\" data-end=\"1459\">\n<p data-start=\"1425\" data-end=\"1459\">1x hurtigrotingspulver (50 ml).<\/p>\n<\/li>\n<\/ul>\n","protected":false},"excerpt":{"rendered":"<p><span style=\"font-size: 16px;font-style: normal;font-weight: 400\">\ud83c\udf3f<\/span>Dette kraftige hurtigrotingspulveret er designet for \u00e5 fremskynde rotutviklingen og st\u00f8tte sunn plantevekst fra starten.<br \/>\n\ud83c\udf31Det hjelper fr\u00f8planter og stiklinger med \u00e5 etablere seg raskere, noe som gj\u00f8r planteformering enkel og p\u00e5litelig.<br \/>\n\ud83e\udeb4Ved regelmessig bruk blir plantene sterkere, gr\u00f8nnere og mer spenstige. En enkel l\u00f8sning for \u00e5 dyrke sunnere planter, sterkere r\u00f8tter og en vakrere hage med mindre innsats.<\/p>\n","protected":false},"featured_media":22738,"comment_status":"open","ping_status":"closed","template":"","meta":{"site-sidebar-layout":"default","site-content-layout":"","ast-site-content-layout":"default","site-content-style":"default","site-sidebar-style":"default","ast-global-header-display":"","ast-banner-title-visibility":"","ast-main-header-display":"","ast-hfb-above-header-display":"","ast-hfb-below-header-display":"","ast-hfb-mobile-header-display":"","site-post-title":"","ast-breadcrumbs-content":"","ast-featured-img":"","footer-sml-layout":"","theme-transparent-header-meta":"default","adv-header-id-meta":"","stick-header-meta":"","header-above-stick-meta":"","header-main-stick-meta":"","header-below-stick-meta":"","astra-migrate-meta-layouts":"set","ast-page-background-enabled":"default","ast-page-background-meta":{"desktop":{"background-color":"var(--ast-global-color-5)","background-image":"","background-repeat":"repeat","background-position":"center center","background-size":"auto","background-attachment":"scroll","background-type":"","background-media":"","overlay-type":"","overlay-color":"","overlay-opacity":"","overlay-gradient":""},"tablet":{"background-color":"","background-image":"","background-repeat":"repeat","background-position":"center center","background-size":"auto","background-attachment":"scroll","background-type":"","background-media":"","overlay-type":"","overlay-color":"","overlay-opacity":"","overlay-gradient":""},"mobile":{"background-color":"","background-image":"","background-repeat":"repeat","background-position":"center center","background-size":"auto","background-attachment":"scroll","background-type":"","background-media":"","overlay-type":"","overlay-color":"","overlay-opacity":"","overlay-gradient":""}},"ast-content-background-meta":{"desktop":{"background-color":"var(--ast-global-color-4)","background-image":"","background-repeat":"repeat","background-position":"center center","background-size":"auto","background-attachment":"scroll","background-type":"","background-media":"","overlay-type":"","overlay-color":"","overlay-opacity":"","overlay-gradient":""},"tablet":{"background-color":"var(--ast-global-color-4)","background-image":"","background-repeat":"repeat","background-position":"center center","background-size":"auto","background-attachment":"scroll","background-type":"","background-media":"","overlay-type":"","overlay-color":"","overlay-opacity":"","overlay-gradient":""},"mobile":{"background-color":"var(--ast-global-color-4)","background-image":"","background-repeat":"repeat","background-position":"center center","background-size":"auto","background-attachment":"scroll","background-type":"","background-media":"","overlay-type":"","overlay-color":"","overlay-opacity":"","overlay-gradient":""}}},"product_brand":[],"product_cat":[168],"product_tag":[],"class_list":{"0":"post-22742","1":"product","2":"type-product","3":"status-publish","4":"has-post-thumbnail","6":"product_cat-husholdningsartikler","7":"desktop-align-left","8":"tablet-align-left","9":"mobile-align-left","11":"first","12":"instock","13":"shipping-taxable","14":"purchasable","15":"product-type-simple"},"yoast_head":"<!-- This site is optimized with the Yoast SEO plugin v26.6 - https:\/\/yoast.com\/wordpress\/plugins\/seo\/ -->\n<title>Hurtigrotingspulver (50 ml) - Mekulo NO<\/title>\n<meta name=\"robots\" content=\"index, follow, max-snippet:-1, max-image-preview:large, max-video-preview:-1\" \/>\n<link rel=\"canonical\" href=\"https:\/\/mekulo.com\/no\/produkt\/hurtigrotingspulver-50-ml\/\" \/>\n<meta property=\"og:locale\" content=\"nb_NO\" \/>\n<meta property=\"og:type\" content=\"article\" \/>\n<meta property=\"og:title\" content=\"Hurtigrotingspulver (50 ml) - Mekulo NO\" \/>\n<meta property=\"og:description\" content=\"\ud83c\udf3fDette kraftige hurtigrotingspulveret er designet for \u00e5 fremskynde rotutviklingen og st\u00f8tte sunn plantevekst fra starten. \ud83c\udf31Det hjelper fr\u00f8planter og stiklinger med \u00e5 etablere seg raskere, noe som gj\u00f8r planteformering enkel og p\u00e5litelig. \ud83e\udeb4Ved regelmessig bruk blir plantene sterkere, gr\u00f8nnere og mer spenstige. En enkel l\u00f8sning for \u00e5 dyrke sunnere planter, sterkere r\u00f8tter og en vakrere hage med mindre innsats.\" \/>\n<meta property=\"og:url\" content=\"https:\/\/mekulo.com\/no\/produkt\/hurtigrotingspulver-50-ml\/\" \/>\n<meta property=\"og:site_name\" content=\"Mekulo NO\" \/>\n<meta property=\"og:image\" content=\"https:\/\/mekulo.com\/no\/wp-content\/uploads\/sites\/10\/2026\/02\/jmnxv74-1.webp\" \/>\n\t<meta property=\"og:image:width\" content=\"713\" \/>\n\t<meta property=\"og:image:height\" content=\"713\" \/>\n\t<meta property=\"og:image:type\" content=\"image\/webp\" \/>\n<meta name=\"twitter:card\" content=\"summary_large_image\" \/>\n<meta name=\"twitter:label1\" content=\"Ansl. lesetid\" \/>\n\t<meta name=\"twitter:data1\" content=\"2 minutter\" \/>\n<script type=\"application\/ld+json\" class=\"yoast-schema-graph\">{\"@context\":\"https:\/\/schema.org\",\"@graph\":[{\"@type\":\"WebPage\",\"@id\":\"https:\/\/mekulo.com\/no\/produkt\/hurtigrotingspulver-50-ml\/\",\"url\":\"https:\/\/mekulo.com\/no\/produkt\/hurtigrotingspulver-50-ml\/\",\"name\":\"Hurtigrotingspulver (50 ml) - Mekulo NO\",\"isPartOf\":{\"@id\":\"https:\/\/mekulo.com\/no\/#website\"},\"primaryImageOfPage\":{\"@id\":\"https:\/\/mekulo.com\/no\/produkt\/hurtigrotingspulver-50-ml\/#primaryimage\"},\"image\":{\"@id\":\"https:\/\/mekulo.com\/no\/produkt\/hurtigrotingspulver-50-ml\/#primaryimage\"},\"thumbnailUrl\":\"https:\/\/mekulo.com\/no\/wp-content\/uploads\/sites\/10\/2026\/02\/jmnxv74-1.webp\",\"datePublished\":\"2026-02-10T19:32:23+00:00\",\"breadcrumb\":{\"@id\":\"https:\/\/mekulo.com\/no\/produkt\/hurtigrotingspulver-50-ml\/#breadcrumb\"},\"inLanguage\":\"nb-NO\",\"potentialAction\":[{\"@type\":\"ReadAction\",\"target\":[\"https:\/\/mekulo.com\/no\/produkt\/hurtigrotingspulver-50-ml\/\"]}]},{\"@type\":\"ImageObject\",\"inLanguage\":\"nb-NO\",\"@id\":\"https:\/\/mekulo.com\/no\/produkt\/hurtigrotingspulver-50-ml\/#primaryimage\",\"url\":\"https:\/\/mekulo.com\/no\/wp-content\/uploads\/sites\/10\/2026\/02\/jmnxv74-1.webp\",\"contentUrl\":\"https:\/\/mekulo.com\/no\/wp-content\/uploads\/sites\/10\/2026\/02\/jmnxv74-1.webp\",\"width\":713,\"height\":713},{\"@type\":\"BreadcrumbList\",\"@id\":\"https:\/\/mekulo.com\/no\/produkt\/hurtigrotingspulver-50-ml\/#breadcrumb\",\"itemListElement\":[{\"@type\":\"ListItem\",\"position\":1,\"name\":\"Home\",\"item\":\"https:\/\/mekulo.com\/no\/\"},{\"@type\":\"ListItem\",\"position\":2,\"name\":\"Butikk\",\"item\":\"https:\/\/mekulo.com\/no\/butikk\/\"},{\"@type\":\"ListItem\",\"position\":3,\"name\":\"Hurtigrotingspulver (50 ml)\"}]},{\"@type\":\"WebSite\",\"@id\":\"https:\/\/mekulo.com\/no\/#website\",\"url\":\"https:\/\/mekulo.com\/no\/\",\"name\":\"Mekulo NO\",\"description\":\"\",\"publisher\":{\"@id\":\"https:\/\/mekulo.com\/no\/#organization\"},\"potentialAction\":[{\"@type\":\"SearchAction\",\"target\":{\"@type\":\"EntryPoint\",\"urlTemplate\":\"https:\/\/mekulo.com\/no\/?s={search_term_string}\"},\"query-input\":{\"@type\":\"PropertyValueSpecification\",\"valueRequired\":true,\"valueName\":\"search_term_string\"}}],\"inLanguage\":\"nb-NO\"},{\"@type\":\"Organization\",\"@id\":\"https:\/\/mekulo.com\/no\/#organization\",\"name\":\"Mekulo\",\"url\":\"https:\/\/mekulo.com\/no\/\",\"logo\":{\"@type\":\"ImageObject\",\"inLanguage\":\"nb-NO\",\"@id\":\"https:\/\/mekulo.com\/no\/#\/schema\/logo\/image\/\",\"url\":\"https:\/\/mekulo.com\/no\/wp-content\/uploads\/sites\/10\/2025\/12\/favicon_mekulo.png\",\"contentUrl\":\"https:\/\/mekulo.com\/no\/wp-content\/uploads\/sites\/10\/2025\/12\/favicon_mekulo.png\",\"width\":50,\"height\":50,\"caption\":\"Mekulo\"},\"image\":{\"@id\":\"https:\/\/mekulo.com\/no\/#\/schema\/logo\/image\/\"}}]}<\/script>\n<!-- \/ Yoast SEO plugin. -->","yoast_head_json":{"title":"Hurtigrotingspulver (50 ml) - Mekulo NO","robots":{"index":"index","follow":"follow","max-snippet":"max-snippet:-1","max-image-preview":"max-image-preview:large","max-video-preview":"max-video-preview:-1"},"canonical":"https:\/\/mekulo.com\/no\/produkt\/hurtigrotingspulver-50-ml\/","og_locale":"nb_NO","og_type":"article","og_title":"Hurtigrotingspulver (50 ml) - Mekulo NO","og_description":"\ud83c\udf3fDette kraftige hurtigrotingspulveret er designet for \u00e5 fremskynde rotutviklingen og st\u00f8tte sunn plantevekst fra starten. \ud83c\udf31Det hjelper fr\u00f8planter og stiklinger med \u00e5 etablere seg raskere, noe som gj\u00f8r planteformering enkel og p\u00e5litelig. \ud83e\udeb4Ved regelmessig bruk blir plantene sterkere, gr\u00f8nnere og mer spenstige. En enkel l\u00f8sning for \u00e5 dyrke sunnere planter, sterkere r\u00f8tter og en vakrere hage med mindre innsats.","og_url":"https:\/\/mekulo.com\/no\/produkt\/hurtigrotingspulver-50-ml\/","og_site_name":"Mekulo NO","og_image":[{"width":713,"height":713,"url":"https:\/\/mekulo.com\/no\/wp-content\/uploads\/sites\/10\/2026\/02\/jmnxv74-1.webp","type":"image\/webp"}],"twitter_card":"summary_large_image","twitter_misc":{"Ansl. lesetid":"2 minutter"},"schema":{"@context":"https:\/\/schema.org","@graph":[{"@type":"WebPage","@id":"https:\/\/mekulo.com\/no\/produkt\/hurtigrotingspulver-50-ml\/","url":"https:\/\/mekulo.com\/no\/produkt\/hurtigrotingspulver-50-ml\/","name":"Hurtigrotingspulver (50 ml) - Mekulo NO","isPartOf":{"@id":"https:\/\/mekulo.com\/no\/#website"},"primaryImageOfPage":{"@id":"https:\/\/mekulo.com\/no\/produkt\/hurtigrotingspulver-50-ml\/#primaryimage"},"image":{"@id":"https:\/\/mekulo.com\/no\/produkt\/hurtigrotingspulver-50-ml\/#primaryimage"},"thumbnailUrl":"https:\/\/mekulo.com\/no\/wp-content\/uploads\/sites\/10\/2026\/02\/jmnxv74-1.webp","datePublished":"2026-02-10T19:32:23+00:00","breadcrumb":{"@id":"https:\/\/mekulo.com\/no\/produkt\/hurtigrotingspulver-50-ml\/#breadcrumb"},"inLanguage":"nb-NO","potentialAction":[{"@type":"ReadAction","target":["https:\/\/mekulo.com\/no\/produkt\/hurtigrotingspulver-50-ml\/"]}]},{"@type":"ImageObject","inLanguage":"nb-NO","@id":"https:\/\/mekulo.com\/no\/produkt\/hurtigrotingspulver-50-ml\/#primaryimage","url":"https:\/\/mekulo.com\/no\/wp-content\/uploads\/sites\/10\/2026\/02\/jmnxv74-1.webp","contentUrl":"https:\/\/mekulo.com\/no\/wp-content\/uploads\/sites\/10\/2026\/02\/jmnxv74-1.webp","width":713,"height":713},{"@type":"BreadcrumbList","@id":"https:\/\/mekulo.com\/no\/produkt\/hurtigrotingspulver-50-ml\/#breadcrumb","itemListElement":[{"@type":"ListItem","position":1,"name":"Home","item":"https:\/\/mekulo.com\/no\/"},{"@type":"ListItem","position":2,"name":"Butikk","item":"https:\/\/mekulo.com\/no\/butikk\/"},{"@type":"ListItem","position":3,"name":"Hurtigrotingspulver (50 ml)"}]},{"@type":"WebSite","@id":"https:\/\/mekulo.com\/no\/#website","url":"https:\/\/mekulo.com\/no\/","name":"Mekulo NO","description":"","publisher":{"@id":"https:\/\/mekulo.com\/no\/#organization"},"potentialAction":[{"@type":"SearchAction","target":{"@type":"EntryPoint","urlTemplate":"https:\/\/mekulo.com\/no\/?s={search_term_string}"},"query-input":{"@type":"PropertyValueSpecification","valueRequired":true,"valueName":"search_term_string"}}],"inLanguage":"nb-NO"},{"@type":"Organization","@id":"https:\/\/mekulo.com\/no\/#organization","name":"Mekulo","url":"https:\/\/mekulo.com\/no\/","logo":{"@type":"ImageObject","inLanguage":"nb-NO","@id":"https:\/\/mekulo.com\/no\/#\/schema\/logo\/image\/","url":"https:\/\/mekulo.com\/no\/wp-content\/uploads\/sites\/10\/2025\/12\/favicon_mekulo.png","contentUrl":"https:\/\/mekulo.com\/no\/wp-content\/uploads\/sites\/10\/2025\/12\/favicon_mekulo.png","width":50,"height":50,"caption":"Mekulo"},"image":{"@id":"https:\/\/mekulo.com\/no\/#\/schema\/logo\/image\/"}}]}},"_links":{"self":[{"href":"https:\/\/mekulo.com\/no\/wp-json\/wp\/v2\/product\/22742","targetHints":{"allow":["GET"]}}],"collection":[{"href":"https:\/\/mekulo.com\/no\/wp-json\/wp\/v2\/product"}],"about":[{"href":"https:\/\/mekulo.com\/no\/wp-json\/wp\/v2\/types\/product"}],"replies":[{"embeddable":true,"href":"https:\/\/mekulo.com\/no\/wp-json\/wp\/v2\/comments?post=22742"}],"wp:featuredmedia":[{"embeddable":true,"href":"https:\/\/mekulo.com\/no\/wp-json\/wp\/v2\/media\/22738"}],"wp:attachment":[{"href":"https:\/\/mekulo.com\/no\/wp-json\/wp\/v2\/media?parent=22742"}],"wp:term":[{"taxonomy":"product_brand","embeddable":true,"href":"https:\/\/mekulo.com\/no\/wp-json\/wp\/v2\/product_brand?post=22742"},{"taxonomy":"product_cat","embeddable":true,"href":"https:\/\/mekulo.com\/no\/wp-json\/wp\/v2\/product_cat?post=22742"},{"taxonomy":"product_tag","embeddable":true,"href":"https:\/\/mekulo.com\/no\/wp-json\/wp\/v2\/product_tag?post=22742"}],"curies":[{"name":"wp","href":"https:\/\/api.w.org\/{rel}","templated":true}]}}