{"id":22729,"date":"2026-02-10T21:30:47","date_gmt":"2026-02-10T19:30:47","guid":{"rendered":"https:\/\/mekulo.com\/no\/produkt\/2-i-1-elektrisk-lofjerner\/"},"modified":"2026-03-02T12:22:17","modified_gmt":"2026-03-02T10:22:17","slug":"2-i-1-elektrisk-lofjerner","status":"publish","type":"product","link":"https:\/\/mekulo.com\/no\/produkt\/2-i-1-elektrisk-lofjerner\/","title":{"rendered":"2 i 1 elektrisk lofjerner"},"content":{"rendered":"<p style=\"text-align: center\" data-start=\"33\" data-end=\"103\"><strong data-start=\"33\" data-end=\"103\">Gj\u00f8r kl\u00e6rne dine rene, glatte og som nye p\u00e5 f\u00e5 minutter. \ud83e\udde5<\/strong><\/p>\n<p data-start=\"33\" data-end=\"103\"><img fetchpriority=\"high\" decoding=\"async\" class=\"size-full wp-image-24428 aligncenter\" src=\"https:\/\/mekulo.com\/template\/wp-content\/uploads\/sites\/6\/2026\/02\/S282c33b3feea478191641c1ff90797daW.jpg\" alt=\"\" width=\"800\" height=\"800\" \/><\/p>\n<h2 style=\"text-align: center\" data-start=\"432\" data-end=\"449\"><strong>Main Fordeler \u2728<\/strong><\/h2>\n<p data-start=\"450\" data-end=\"777\">\u2728 2-i-1-rengj\u00f8ringssystem &#8211; Elektrisk barbermaskin pluss lo-b\u00f8rste.<\/p>\n<p data-start=\"450\" data-end=\"777\">\ud83d\udd0b LED-batteridisplay &#8211; Viser effektniv\u00e5 fra 0-100.<\/p>\n<p data-start=\"450\" data-end=\"777\">\u26a1 H\u00f8yeffektivt 6-bladssystem &#8211; Fjerner lo raskere og jevnere.<\/p>\n<p data-start=\"450\" data-end=\"777\">\ud83e\uddf5 Stoffsikker design &#8211; Beskytter kl\u00e6rne mot kutt eller skader.<\/p>\n<p data-start=\"450\" data-end=\"777\">\ud83d\udc5c B\u00e6rbar og oppladbar &#8211; Perfekt for hjemmet eller p\u00e5 reise.<\/p>\n<p data-start=\"450\" data-end=\"777\"><img decoding=\"async\" class=\"size-full wp-image-24423 aligncenter\" src=\"https:\/\/mekulo.com\/template\/wp-content\/uploads\/sites\/6\/2026\/02\/Sbe95e742606a4379b7fd6a33c3b01e46q.jpg_960x960q75.jpg_.jpg\" alt=\"\" width=\"800\" height=\"800\" \/><\/p>\n<h2 style=\"text-align: center\" data-start=\"784\" data-end=\"798\"><strong>Hvordan Du Bruker Den \ud83d\udccc<\/strong><\/h2>\n<ol data-start=\"799\" data-end=\"1040\">\n<li data-start=\"799\" data-end=\"852\">\n<p data-start=\"802\" data-end=\"852\">Sl\u00e5 p\u00e5 lofjerneren med str\u00f8mknappen.<\/p>\n<\/li>\n<li data-start=\"853\" data-end=\"914\">\n<p data-start=\"856\" data-end=\"914\">f\u00f8r den forsiktig over stoffet for \u00e5 fjerne lo og fnugg.<\/p>\n<\/li>\n<li data-start=\"915\" data-end=\"984\">\n<p data-start=\"918\" data-end=\"984\">bruk den innebygde lofb\u00f8rsten til lett st\u00f8v eller etterbehandling.<\/p>\n<\/li>\n<li data-start=\"985\" data-end=\"1040\">\n<p data-start=\"988\" data-end=\"1040\">t\u00f8m lofbeholderen og lad den opp ved behov.<\/p>\n<\/li>\n<\/ol>\n<h2 style=\"text-align: center\" data-start=\"1047\" data-end=\"1066\"><strong>Produktdetaljer \ud83d\udccf<\/strong><\/h2>\n<ul data-start=\"1067\" data-end=\"1404\">\n<li data-start=\"1067\" data-end=\"1088\">\n<p data-start=\"1069\" data-end=\"1088\">Materiale: Plast<\/p>\n<\/li>\n<li data-start=\"1106\" data-end=\"1140\">\n<p data-start=\"1108\" data-end=\"1140\">Blad: 6-bladet rustbeskyttet blad<\/p>\n<\/li>\n<li data-start=\"1106\" data-end=\"1140\">\n<p data-start=\"1108\" data-end=\"1140\">Batteri: 400 mAh<\/p>\n<\/li>\n<li data-start=\"1106\" data-end=\"1140\">\n<p data-start=\"1108\" data-end=\"1140\">Mesh-deksel: Avtakbart mikrobue-design i rustfritt st\u00e5l<\/p>\n<\/li>\n<li data-start=\"1201\" data-end=\"1255\">\n<p data-start=\"1203\" data-end=\"1255\">Sikkerhetsfunksjon: Automatisk stopp n\u00e5r nettingdekselet er l\u00f8st<\/p>\n<\/li>\n<li data-start=\"1256\" data-end=\"1290\">\n<p data-start=\"1258\" data-end=\"1290\">Display: LED-batteriindikator<\/p>\n<\/li>\n<li data-start=\"1291\" data-end=\"1321\">\n<p data-start=\"1293\" data-end=\"1321\">Lading: USB-oppladbart<\/p>\n<\/li>\n<li data-start=\"1322\" data-end=\"1404\">\n<p data-start=\"1324\" data-end=\"1404\">Egnet for: Kl\u00e6r, gensere, tepper, sofaer, tepper, senget\u00f8y, plysjleker<\/p>\n<\/li>\n<li data-start=\"1322\" data-end=\"1404\">St\u00f8rrelse: 210 x 75 mm<\/li>\n<\/ul>\n<h2 style=\"text-align: center\" data-start=\"1411\" data-end=\"1431\"><strong>Pakken Inkluderer \ud83d\udce6<\/strong><\/h2>\n<ul data-start=\"1432\" data-end=\"1514\">\n<li data-start=\"1432\" data-end=\"1461\">\n<p data-start=\"1434\" data-end=\"1461\">1x elektrisk lofjerner<\/p>\n<\/li>\n<li data-start=\"1462\" data-end=\"1488\">\n<p data-start=\"1464\" data-end=\"1488\">1x USB-ladekabel<\/p>\n<\/li>\n<li data-start=\"1489\" data-end=\"1514\">\n<p data-start=\"1491\" data-end=\"1514\">1x erstatningsblad.<\/p>\n<\/li>\n<\/ul>\n","protected":false},"excerpt":{"rendered":"<p>\ud83d\udc55Denne 2 i 1 elektriske lofjerneren fjerner enkelt lo, fnugg og stoffpiller fra alle typer materialer.<br \/>\n\u2728Den kombinerer kraftig barbering med en innebygd b\u00f8rste for \u00e5 holde kl\u00e6rne pene og friske hjemme eller p\u00e5 farten.<br \/>\n\ud83d\udd0bDen smarte LED-skjermen lar deg tydelig se batteriniv\u00e5et til enhver tid, slik at du aldri blir overrumplet. En enkel og effektiv m\u00e5te \u00e5 holde t\u00f8yet friskt hver dag.<\/p>\n","protected":false},"featured_media":22725,"comment_status":"open","ping_status":"closed","template":"","meta":{"site-sidebar-layout":"default","site-content-layout":"","ast-site-content-layout":"default","site-content-style":"default","site-sidebar-style":"default","ast-global-header-display":"","ast-banner-title-visibility":"","ast-main-header-display":"","ast-hfb-above-header-display":"","ast-hfb-below-header-display":"","ast-hfb-mobile-header-display":"","site-post-title":"","ast-breadcrumbs-content":"","ast-featured-img":"","footer-sml-layout":"","theme-transparent-header-meta":"default","adv-header-id-meta":"","stick-header-meta":"","header-above-stick-meta":"","header-main-stick-meta":"","header-below-stick-meta":"","astra-migrate-meta-layouts":"set","ast-page-background-enabled":"default","ast-page-background-meta":{"desktop":{"background-color":"var(--ast-global-color-5)","background-image":"","background-repeat":"repeat","background-position":"center center","background-size":"auto","background-attachment":"scroll","background-type":"","background-media":"","overlay-type":"","overlay-color":"","overlay-opacity":"","overlay-gradient":""},"tablet":{"background-color":"","background-image":"","background-repeat":"repeat","background-position":"center center","background-size":"auto","background-attachment":"scroll","background-type":"","background-media":"","overlay-type":"","overlay-color":"","overlay-opacity":"","overlay-gradient":""},"mobile":{"background-color":"","background-image":"","background-repeat":"repeat","background-position":"center center","background-size":"auto","background-attachment":"scroll","background-type":"","background-media":"","overlay-type":"","overlay-color":"","overlay-opacity":"","overlay-gradient":""}},"ast-content-background-meta":{"desktop":{"background-color":"var(--ast-global-color-4)","background-image":"","background-repeat":"repeat","background-position":"center center","background-size":"auto","background-attachment":"scroll","background-type":"","background-media":"","overlay-type":"","overlay-color":"","overlay-opacity":"","overlay-gradient":""},"tablet":{"background-color":"var(--ast-global-color-4)","background-image":"","background-repeat":"repeat","background-position":"center center","background-size":"auto","background-attachment":"scroll","background-type":"","background-media":"","overlay-type":"","overlay-color":"","overlay-opacity":"","overlay-gradient":""},"mobile":{"background-color":"var(--ast-global-color-4)","background-image":"","background-repeat":"repeat","background-position":"center center","background-size":"auto","background-attachment":"scroll","background-type":"","background-media":"","overlay-type":"","overlay-color":"","overlay-opacity":"","overlay-gradient":""}}},"product_brand":[],"product_cat":[173,168],"product_tag":[],"class_list":{"0":"post-22729","1":"product","2":"type-product","3":"status-publish","4":"has-post-thumbnail","6":"product_cat-elektronikk","7":"product_cat-husholdningsartikler","8":"pa_58704_gdy55uz1-gra","9":"pa_58704_gdy55uz1-hvit","10":"desktop-align-left","11":"tablet-align-left","12":"mobile-align-left","14":"first","15":"instock","16":"shipping-taxable","17":"purchasable","18":"product-type-variable"},"yoast_head":"<!-- This site is optimized with the Yoast SEO plugin v26.6 - https:\/\/yoast.com\/wordpress\/plugins\/seo\/ -->\n<title>2 i 1 elektrisk lofjerner - Mekulo NO<\/title>\n<meta name=\"robots\" content=\"index, follow, max-snippet:-1, max-image-preview:large, max-video-preview:-1\" \/>\n<link rel=\"canonical\" href=\"https:\/\/mekulo.com\/no\/produkt\/2-i-1-elektrisk-lofjerner\/\" \/>\n<meta property=\"og:locale\" content=\"nb_NO\" \/>\n<meta property=\"og:type\" content=\"article\" \/>\n<meta property=\"og:title\" content=\"2 i 1 elektrisk lofjerner - Mekulo NO\" \/>\n<meta property=\"og:description\" content=\"\ud83d\udc55Denne 2 i 1 elektriske lofjerneren fjerner enkelt lo, fnugg og stoffpiller fra alle typer materialer. \u2728Den kombinerer kraftig barbering med en innebygd b\u00f8rste for \u00e5 holde kl\u00e6rne pene og friske hjemme eller p\u00e5 farten. \ud83d\udd0bDen smarte LED-skjermen lar deg tydelig se batteriniv\u00e5et til enhver tid, slik at du aldri blir overrumplet. En enkel og effektiv m\u00e5te \u00e5 holde t\u00f8yet friskt hver dag.\" \/>\n<meta property=\"og:url\" content=\"https:\/\/mekulo.com\/no\/produkt\/2-i-1-elektrisk-lofjerner\/\" \/>\n<meta property=\"og:site_name\" content=\"Mekulo NO\" \/>\n<meta property=\"article:modified_time\" content=\"2026-03-02T10:22:17+00:00\" \/>\n<meta property=\"og:image\" content=\"https:\/\/mekulo.com\/no\/wp-content\/uploads\/sites\/10\/2026\/02\/ryp0jsu-1.jpg\" \/>\n\t<meta property=\"og:image:width\" content=\"800\" \/>\n\t<meta property=\"og:image:height\" content=\"800\" \/>\n\t<meta property=\"og:image:type\" content=\"image\/jpeg\" \/>\n<meta name=\"twitter:card\" content=\"summary_large_image\" \/>\n<meta name=\"twitter:label1\" content=\"Ansl. lesetid\" \/>\n\t<meta name=\"twitter:data1\" content=\"2 minutter\" \/>\n<script type=\"application\/ld+json\" class=\"yoast-schema-graph\">{\"@context\":\"https:\/\/schema.org\",\"@graph\":[{\"@type\":\"WebPage\",\"@id\":\"https:\/\/mekulo.com\/no\/produkt\/2-i-1-elektrisk-lofjerner\/\",\"url\":\"https:\/\/mekulo.com\/no\/produkt\/2-i-1-elektrisk-lofjerner\/\",\"name\":\"2 i 1 elektrisk lofjerner - Mekulo NO\",\"isPartOf\":{\"@id\":\"https:\/\/mekulo.com\/no\/#website\"},\"primaryImageOfPage\":{\"@id\":\"https:\/\/mekulo.com\/no\/produkt\/2-i-1-elektrisk-lofjerner\/#primaryimage\"},\"image\":{\"@id\":\"https:\/\/mekulo.com\/no\/produkt\/2-i-1-elektrisk-lofjerner\/#primaryimage\"},\"thumbnailUrl\":\"https:\/\/mekulo.com\/no\/wp-content\/uploads\/sites\/10\/2026\/02\/ryp0jsu-1.jpg\",\"datePublished\":\"2026-02-10T19:30:47+00:00\",\"dateModified\":\"2026-03-02T10:22:17+00:00\",\"breadcrumb\":{\"@id\":\"https:\/\/mekulo.com\/no\/produkt\/2-i-1-elektrisk-lofjerner\/#breadcrumb\"},\"inLanguage\":\"nb-NO\",\"potentialAction\":[{\"@type\":\"ReadAction\",\"target\":[\"https:\/\/mekulo.com\/no\/produkt\/2-i-1-elektrisk-lofjerner\/\"]}]},{\"@type\":\"ImageObject\",\"inLanguage\":\"nb-NO\",\"@id\":\"https:\/\/mekulo.com\/no\/produkt\/2-i-1-elektrisk-lofjerner\/#primaryimage\",\"url\":\"https:\/\/mekulo.com\/no\/wp-content\/uploads\/sites\/10\/2026\/02\/ryp0jsu-1.jpg\",\"contentUrl\":\"https:\/\/mekulo.com\/no\/wp-content\/uploads\/sites\/10\/2026\/02\/ryp0jsu-1.jpg\",\"width\":800,\"height\":800},{\"@type\":\"BreadcrumbList\",\"@id\":\"https:\/\/mekulo.com\/no\/produkt\/2-i-1-elektrisk-lofjerner\/#breadcrumb\",\"itemListElement\":[{\"@type\":\"ListItem\",\"position\":1,\"name\":\"Home\",\"item\":\"https:\/\/mekulo.com\/no\/\"},{\"@type\":\"ListItem\",\"position\":2,\"name\":\"Butikk\",\"item\":\"https:\/\/mekulo.com\/no\/butikk\/\"},{\"@type\":\"ListItem\",\"position\":3,\"name\":\"2 i 1 elektrisk lofjerner\"}]},{\"@type\":\"WebSite\",\"@id\":\"https:\/\/mekulo.com\/no\/#website\",\"url\":\"https:\/\/mekulo.com\/no\/\",\"name\":\"Mekulo NO\",\"description\":\"\",\"publisher\":{\"@id\":\"https:\/\/mekulo.com\/no\/#organization\"},\"potentialAction\":[{\"@type\":\"SearchAction\",\"target\":{\"@type\":\"EntryPoint\",\"urlTemplate\":\"https:\/\/mekulo.com\/no\/?s={search_term_string}\"},\"query-input\":{\"@type\":\"PropertyValueSpecification\",\"valueRequired\":true,\"valueName\":\"search_term_string\"}}],\"inLanguage\":\"nb-NO\"},{\"@type\":\"Organization\",\"@id\":\"https:\/\/mekulo.com\/no\/#organization\",\"name\":\"Mekulo\",\"url\":\"https:\/\/mekulo.com\/no\/\",\"logo\":{\"@type\":\"ImageObject\",\"inLanguage\":\"nb-NO\",\"@id\":\"https:\/\/mekulo.com\/no\/#\/schema\/logo\/image\/\",\"url\":\"https:\/\/mekulo.com\/no\/wp-content\/uploads\/sites\/10\/2025\/12\/favicon_mekulo.png\",\"contentUrl\":\"https:\/\/mekulo.com\/no\/wp-content\/uploads\/sites\/10\/2025\/12\/favicon_mekulo.png\",\"width\":50,\"height\":50,\"caption\":\"Mekulo\"},\"image\":{\"@id\":\"https:\/\/mekulo.com\/no\/#\/schema\/logo\/image\/\"}}]}<\/script>\n<!-- \/ Yoast SEO plugin. -->","yoast_head_json":{"title":"2 i 1 elektrisk lofjerner - Mekulo NO","robots":{"index":"index","follow":"follow","max-snippet":"max-snippet:-1","max-image-preview":"max-image-preview:large","max-video-preview":"max-video-preview:-1"},"canonical":"https:\/\/mekulo.com\/no\/produkt\/2-i-1-elektrisk-lofjerner\/","og_locale":"nb_NO","og_type":"article","og_title":"2 i 1 elektrisk lofjerner - Mekulo NO","og_description":"\ud83d\udc55Denne 2 i 1 elektriske lofjerneren fjerner enkelt lo, fnugg og stoffpiller fra alle typer materialer. \u2728Den kombinerer kraftig barbering med en innebygd b\u00f8rste for \u00e5 holde kl\u00e6rne pene og friske hjemme eller p\u00e5 farten. \ud83d\udd0bDen smarte LED-skjermen lar deg tydelig se batteriniv\u00e5et til enhver tid, slik at du aldri blir overrumplet. En enkel og effektiv m\u00e5te \u00e5 holde t\u00f8yet friskt hver dag.","og_url":"https:\/\/mekulo.com\/no\/produkt\/2-i-1-elektrisk-lofjerner\/","og_site_name":"Mekulo NO","article_modified_time":"2026-03-02T10:22:17+00:00","og_image":[{"width":800,"height":800,"url":"https:\/\/mekulo.com\/no\/wp-content\/uploads\/sites\/10\/2026\/02\/ryp0jsu-1.jpg","type":"image\/jpeg"}],"twitter_card":"summary_large_image","twitter_misc":{"Ansl. lesetid":"2 minutter"},"schema":{"@context":"https:\/\/schema.org","@graph":[{"@type":"WebPage","@id":"https:\/\/mekulo.com\/no\/produkt\/2-i-1-elektrisk-lofjerner\/","url":"https:\/\/mekulo.com\/no\/produkt\/2-i-1-elektrisk-lofjerner\/","name":"2 i 1 elektrisk lofjerner - Mekulo NO","isPartOf":{"@id":"https:\/\/mekulo.com\/no\/#website"},"primaryImageOfPage":{"@id":"https:\/\/mekulo.com\/no\/produkt\/2-i-1-elektrisk-lofjerner\/#primaryimage"},"image":{"@id":"https:\/\/mekulo.com\/no\/produkt\/2-i-1-elektrisk-lofjerner\/#primaryimage"},"thumbnailUrl":"https:\/\/mekulo.com\/no\/wp-content\/uploads\/sites\/10\/2026\/02\/ryp0jsu-1.jpg","datePublished":"2026-02-10T19:30:47+00:00","dateModified":"2026-03-02T10:22:17+00:00","breadcrumb":{"@id":"https:\/\/mekulo.com\/no\/produkt\/2-i-1-elektrisk-lofjerner\/#breadcrumb"},"inLanguage":"nb-NO","potentialAction":[{"@type":"ReadAction","target":["https:\/\/mekulo.com\/no\/produkt\/2-i-1-elektrisk-lofjerner\/"]}]},{"@type":"ImageObject","inLanguage":"nb-NO","@id":"https:\/\/mekulo.com\/no\/produkt\/2-i-1-elektrisk-lofjerner\/#primaryimage","url":"https:\/\/mekulo.com\/no\/wp-content\/uploads\/sites\/10\/2026\/02\/ryp0jsu-1.jpg","contentUrl":"https:\/\/mekulo.com\/no\/wp-content\/uploads\/sites\/10\/2026\/02\/ryp0jsu-1.jpg","width":800,"height":800},{"@type":"BreadcrumbList","@id":"https:\/\/mekulo.com\/no\/produkt\/2-i-1-elektrisk-lofjerner\/#breadcrumb","itemListElement":[{"@type":"ListItem","position":1,"name":"Home","item":"https:\/\/mekulo.com\/no\/"},{"@type":"ListItem","position":2,"name":"Butikk","item":"https:\/\/mekulo.com\/no\/butikk\/"},{"@type":"ListItem","position":3,"name":"2 i 1 elektrisk lofjerner"}]},{"@type":"WebSite","@id":"https:\/\/mekulo.com\/no\/#website","url":"https:\/\/mekulo.com\/no\/","name":"Mekulo NO","description":"","publisher":{"@id":"https:\/\/mekulo.com\/no\/#organization"},"potentialAction":[{"@type":"SearchAction","target":{"@type":"EntryPoint","urlTemplate":"https:\/\/mekulo.com\/no\/?s={search_term_string}"},"query-input":{"@type":"PropertyValueSpecification","valueRequired":true,"valueName":"search_term_string"}}],"inLanguage":"nb-NO"},{"@type":"Organization","@id":"https:\/\/mekulo.com\/no\/#organization","name":"Mekulo","url":"https:\/\/mekulo.com\/no\/","logo":{"@type":"ImageObject","inLanguage":"nb-NO","@id":"https:\/\/mekulo.com\/no\/#\/schema\/logo\/image\/","url":"https:\/\/mekulo.com\/no\/wp-content\/uploads\/sites\/10\/2025\/12\/favicon_mekulo.png","contentUrl":"https:\/\/mekulo.com\/no\/wp-content\/uploads\/sites\/10\/2025\/12\/favicon_mekulo.png","width":50,"height":50,"caption":"Mekulo"},"image":{"@id":"https:\/\/mekulo.com\/no\/#\/schema\/logo\/image\/"}}]}},"_links":{"self":[{"href":"https:\/\/mekulo.com\/no\/wp-json\/wp\/v2\/product\/22729","targetHints":{"allow":["GET"]}}],"collection":[{"href":"https:\/\/mekulo.com\/no\/wp-json\/wp\/v2\/product"}],"about":[{"href":"https:\/\/mekulo.com\/no\/wp-json\/wp\/v2\/types\/product"}],"replies":[{"embeddable":true,"href":"https:\/\/mekulo.com\/no\/wp-json\/wp\/v2\/comments?post=22729"}],"wp:featuredmedia":[{"embeddable":true,"href":"https:\/\/mekulo.com\/no\/wp-json\/wp\/v2\/media\/22725"}],"wp:attachment":[{"href":"https:\/\/mekulo.com\/no\/wp-json\/wp\/v2\/media?parent=22729"}],"wp:term":[{"taxonomy":"product_brand","embeddable":true,"href":"https:\/\/mekulo.com\/no\/wp-json\/wp\/v2\/product_brand?post=22729"},{"taxonomy":"product_cat","embeddable":true,"href":"https:\/\/mekulo.com\/no\/wp-json\/wp\/v2\/product_cat?post=22729"},{"taxonomy":"product_tag","embeddable":true,"href":"https:\/\/mekulo.com\/no\/wp-json\/wp\/v2\/product_tag?post=22729"}],"curies":[{"name":"wp","href":"https:\/\/api.w.org\/{rel}","templated":true}]}}