{"id":22674,"date":"2026-02-10T16:37:17","date_gmt":"2026-02-10T14:37:17","guid":{"rendered":"https:\/\/mekulo.com\/no\/produkt\/midjetreningsvest\/"},"modified":"2026-02-10T16:43:21","modified_gmt":"2026-02-10T14:43:21","slug":"midjetreningsvest","status":"publish","type":"product","link":"https:\/\/mekulo.com\/no\/produkt\/midjetreningsvest\/","title":{"rendered":"Midjetreningsvest"},"content":{"rendered":"<p style=\"text-align: center\" data-start=\"24\" data-end=\"108\"><strong data-start=\"24\" data-end=\"108\">Slank midjen din \u00f8yeblikkelig og skap en jevn, selvsikker form under ethvert antrekk. \ud83e\uddd4\u200d\u2642\ufe0f<\/strong><\/p>\n<p data-start=\"24\" data-end=\"108\"><img fetchpriority=\"high\" decoding=\"async\" class=\"size-full wp-image-24505 aligncenter\" src=\"https:\/\/mekulo.com\/template\/wp-content\/uploads\/sites\/6\/2026\/02\/spp_20250520191438_5dd9a76d604b4c27aee089c40de0e19f_cdb4e5ce-ca08-4268-9975-167e2c92c660.webp\" alt=\"\" width=\"600\" height=\"600\" \/><\/p>\n<h2 style=\"text-align: center\" data-start=\"342\" data-end=\"359\"><strong>Hovedfordeler \ud83d\udd25<\/strong><\/h2>\n<p data-start=\"360\" data-end=\"708\">\ud83d\udd25 \u00d8yeblikkelig slankende effekt &#8211; Flater magen og glatter brystet.<\/p>\n<p data-start=\"360\" data-end=\"708\">\ud83d\udcaa Dobbeltlags kompresjon &#8211; M\u00e5lretter fett, kj\u00e6rlighetsh\u00e5ndtak og l\u00f8s hud.<\/p>\n<p data-start=\"360\" data-end=\"708\">\ud83e\uddcd Holdningsst\u00f8tte &#8211; Hjelper deg med \u00e5 holde ryggen rett og st\u00f8ttet.<\/p>\n<p data-start=\"360\" data-end=\"708\">\ud83d\udc55 Usynlig under kl\u00e6rne &#8211; Flate s\u00f8mmer for et naturlig utseende.<\/p>\n<p data-start=\"360\" data-end=\"708\">\ud83d\udca8 Pustende og behagelig &#8211; Holder deg kj\u00f8lig hele dagen.<\/p>\n<h2 data-start=\"360\" data-end=\"708\"><\/h2>\n<h2 style=\"text-align: center\" data-start=\"360\" data-end=\"708\"><strong>St\u00f8rrelsestabell<\/strong><\/h2>\n<table>\n<thead>\n<tr>\n<th>St\u00f8rrelse<\/th>\n<th>Maist (cm)<\/th>\n<th>Flat midje (cm)<\/th>\n<th>Flat byste (cm)<\/th>\n<th>Lengde (cm)<\/th>\n<\/tr>\n<\/thead>\n<tbody>\n<tr>\n<td>S<\/td>\n<td>80\u201385<\/td>\n<td>39<\/td>\n<td>43<\/td>\n<td>59<\/td>\n<\/tr>\n<tr>\n<td>M<\/td>\n<td>85\u201393<\/td>\n<td>42<\/td>\n<td>46<\/td>\n<td>60<\/td>\n<\/tr>\n<tr>\n<td>L<\/td>\n<td>93\u2013100<\/td>\n<td>45<\/td>\n<td>48<\/td>\n<td>61<\/td>\n<\/tr>\n<tr>\n<td>XL<\/td>\n<td>100\u2013105<\/td>\n<td>47<\/td>\n<td>50<\/td>\n<td>61<\/td>\n<\/tr>\n<tr>\n<td>XXL<\/td>\n<td>105\u2013110<\/td>\n<td>50<\/td>\n<td>53<\/td>\n<td>62<\/td>\n<\/tr>\n<tr>\n<td>3XL<\/td>\n<td>110\u2013115<\/td>\n<td>52<\/td>\n<td>55<\/td>\n<td>64<\/td>\n<\/tr>\n<\/tbody>\n<\/table>\n<h2 style=\"text-align: center\" data-start=\"715\" data-end=\"729\"><strong>Bruksanvisning \ud83d\udccc<\/strong><\/h2>\n<ol data-start=\"730\" data-end=\"943\">\n<li data-start=\"730\" data-end=\"767\">\n<p data-start=\"733\" data-end=\"767\">Ta p\u00e5 deg vesten som en tank top.<\/p>\n<\/li>\n<li data-start=\"768\" data-end=\"835\">\n<p data-start=\"771\" data-end=\"835\">Juster krokl\u00e5sene for \u00f8nsket kompresjonsniv\u00e5, bruk den under kl\u00e6rne eller under trening.<\/p>\n<\/li>\n<li data-start=\"836\" data-end=\"882\">\n<p data-start=\"839\" data-end=\"882\">Bruk den daglig for \u00e5 f\u00e5 best mulig formende og holdningsst\u00f8ttende resultater.<\/p>\n<\/li>\n<\/ol>\n<h2 style=\"text-align: center\" data-start=\"950\" data-end=\"969\"><strong>Produktdetaljer \ud83d\udccf<\/strong><\/h2>\n<ul data-start=\"970\" data-end=\"1171\">\n<li data-start=\"970\" data-end=\"1008\">\n<p data-start=\"972\" data-end=\"1008\">Materiale: 80 % polyester, 20 % nylon<\/p>\n<\/li>\n<li data-start=\"1009\" data-end=\"1045\">\n<p data-start=\"1011\" data-end=\"1045\">Design: Dobbeltlags kompresjon<\/p>\n<\/li>\n<li data-start=\"1046\" data-end=\"1077\">\n<p data-start=\"1048\" data-end=\"1077\">Lukking: 3 justerbare kroker<\/p>\n<\/li>\n<li data-start=\"1078\" data-end=\"1124\">\n<p data-start=\"1080\" data-end=\"1124\">Passform: T\u00f8yelig, lett og pustende<\/p>\n<\/li>\n<li data-start=\"1125\" data-end=\"1171\">\n<p data-start=\"1127\" data-end=\"1171\">Bruk: Daglig bruk, trenings\u00f8kter, holdningsst\u00f8tte<\/p>\n<\/li>\n<li data-start=\"1125\" data-end=\"1171\">St\u00f8rrelser: S (80-85 cm), M (85-93 cm), L (93-100 cm), XL (100-105 cm), XXL (105-110 cm), 3XL (110-115 cm)<\/li>\n<\/ul>\n<h2 style=\"text-align: center\" data-start=\"1178\" data-end=\"1198\"><strong>Pakken Inneholder \ud83d\udce6<\/strong><\/h2>\n<ul data-start=\"1199\" data-end=\"1225\">\n<li data-start=\"1199\" data-end=\"1225\">\n<p data-start=\"1201\" data-end=\"1225\">1x midjetreningsvest.<\/p>\n<\/li>\n<\/ul>\n","protected":false},"excerpt":{"rendered":"<p><span style=\"font-size: 16px;font-style: normal;font-weight: 400\">\ud83d\udcaa<\/span>Denne midjetrenervesten er designet for \u00e5 komprimere magen og brystet, slik at du ser slankere ut i det \u00f8yeblikket du tar den p\u00e5.<br \/>\n\ud83c\udfcb\ufe0f\u200d\u2642\ufe0fIt st\u00f8tter ogs\u00e5 holdning og komfort, noe som gj\u00f8r den ideell for daglig bruk, trening eller bruk under kl\u00e6r.<br \/>\n\ud83e\uddcdEn enkel og effektiv m\u00e5te \u00e5 se slankere ut, st\u00e5 h\u00f8yere og f\u00f8le deg mer selvsikker hver dag.<\/p>\n","protected":false},"featured_media":22670,"comment_status":"open","ping_status":"closed","template":"","meta":{"site-sidebar-layout":"default","site-content-layout":"","ast-site-content-layout":"default","site-content-style":"default","site-sidebar-style":"default","ast-global-header-display":"","ast-banner-title-visibility":"","ast-main-header-display":"","ast-hfb-above-header-display":"","ast-hfb-below-header-display":"","ast-hfb-mobile-header-display":"","site-post-title":"","ast-breadcrumbs-content":"","ast-featured-img":"","footer-sml-layout":"","theme-transparent-header-meta":"default","adv-header-id-meta":"","stick-header-meta":"","header-above-stick-meta":"","header-main-stick-meta":"","header-below-stick-meta":"","astra-migrate-meta-layouts":"set","ast-page-background-enabled":"default","ast-page-background-meta":{"desktop":{"background-color":"var(--ast-global-color-5)","background-image":"","background-repeat":"repeat","background-position":"center center","background-size":"auto","background-attachment":"scroll","background-type":"","background-media":"","overlay-type":"","overlay-color":"","overlay-opacity":"","overlay-gradient":""},"tablet":{"background-color":"","background-image":"","background-repeat":"repeat","background-position":"center center","background-size":"auto","background-attachment":"scroll","background-type":"","background-media":"","overlay-type":"","overlay-color":"","overlay-opacity":"","overlay-gradient":""},"mobile":{"background-color":"","background-image":"","background-repeat":"repeat","background-position":"center center","background-size":"auto","background-attachment":"scroll","background-type":"","background-media":"","overlay-type":"","overlay-color":"","overlay-opacity":"","overlay-gradient":""}},"ast-content-background-meta":{"desktop":{"background-color":"var(--ast-global-color-4)","background-image":"","background-repeat":"repeat","background-position":"center center","background-size":"auto","background-attachment":"scroll","background-type":"","background-media":"","overlay-type":"","overlay-color":"","overlay-opacity":"","overlay-gradient":""},"tablet":{"background-color":"var(--ast-global-color-4)","background-image":"","background-repeat":"repeat","background-position":"center center","background-size":"auto","background-attachment":"scroll","background-type":"","background-media":"","overlay-type":"","overlay-color":"","overlay-opacity":"","overlay-gradient":""},"mobile":{"background-color":"var(--ast-global-color-4)","background-image":"","background-repeat":"repeat","background-position":"center center","background-size":"auto","background-attachment":"scroll","background-type":"","background-media":"","overlay-type":"","overlay-color":"","overlay-opacity":"","overlay-gradient":""}}},"product_brand":[],"product_cat":[165,170],"product_tag":[],"class_list":{"0":"post-22674","1":"product","2":"type-product","3":"status-publish","4":"has-post-thumbnail","6":"product_cat-fottoy-tilbehor","7":"product_cat-sportsutstyr","8":"pa_58819_u0glsbnc-3xl","9":"pa_58819_u0glsbnc-l","10":"pa_58819_u0glsbnc-m","11":"pa_58819_u0glsbnc-s","12":"pa_58819_u0glsbnc-xl","13":"pa_58819_u0glsbnc-xxl","14":"desktop-align-left","15":"tablet-align-left","16":"mobile-align-left","18":"first","19":"instock","20":"shipping-taxable","21":"purchasable","22":"product-type-variable"},"yoast_head":"<!-- This site is optimized with the Yoast SEO plugin v26.6 - https:\/\/yoast.com\/wordpress\/plugins\/seo\/ -->\n<title>Midjetreningsvest - Mekulo NO<\/title>\n<meta name=\"robots\" content=\"index, follow, max-snippet:-1, max-image-preview:large, max-video-preview:-1\" \/>\n<link rel=\"canonical\" href=\"https:\/\/mekulo.com\/no\/produkt\/midjetreningsvest\/\" \/>\n<meta property=\"og:locale\" content=\"nb_NO\" \/>\n<meta property=\"og:type\" content=\"article\" \/>\n<meta property=\"og:title\" content=\"Midjetreningsvest - Mekulo NO\" \/>\n<meta property=\"og:description\" content=\"\ud83d\udcaaDenne midjetrenervesten er designet for \u00e5 komprimere magen og brystet, slik at du ser slankere ut i det \u00f8yeblikket du tar den p\u00e5. \ud83c\udfcb\ufe0f\u200d\u2642\ufe0fIt st\u00f8tter ogs\u00e5 holdning og komfort, noe som gj\u00f8r den ideell for daglig bruk, trening eller bruk under kl\u00e6r. \ud83e\uddcdEn enkel og effektiv m\u00e5te \u00e5 se slankere ut, st\u00e5 h\u00f8yere og f\u00f8le deg mer selvsikker hver dag.\" \/>\n<meta property=\"og:url\" content=\"https:\/\/mekulo.com\/no\/produkt\/midjetreningsvest\/\" \/>\n<meta property=\"og:site_name\" content=\"Mekulo NO\" \/>\n<meta property=\"article:modified_time\" content=\"2026-02-10T14:43:21+00:00\" \/>\n<meta property=\"og:image\" content=\"https:\/\/mekulo.com\/no\/wp-content\/uploads\/sites\/10\/2026\/02\/u7ab8ut-1.jpg\" \/>\n\t<meta property=\"og:image:width\" content=\"713\" \/>\n\t<meta property=\"og:image:height\" content=\"713\" \/>\n\t<meta property=\"og:image:type\" content=\"image\/jpeg\" \/>\n<meta name=\"twitter:card\" content=\"summary_large_image\" \/>\n<meta name=\"twitter:label1\" content=\"Ansl. lesetid\" \/>\n\t<meta name=\"twitter:data1\" content=\"2 minutter\" \/>\n<script type=\"application\/ld+json\" class=\"yoast-schema-graph\">{\"@context\":\"https:\/\/schema.org\",\"@graph\":[{\"@type\":\"WebPage\",\"@id\":\"https:\/\/mekulo.com\/no\/produkt\/midjetreningsvest\/\",\"url\":\"https:\/\/mekulo.com\/no\/produkt\/midjetreningsvest\/\",\"name\":\"Midjetreningsvest - Mekulo NO\",\"isPartOf\":{\"@id\":\"https:\/\/mekulo.com\/no\/#website\"},\"primaryImageOfPage\":{\"@id\":\"https:\/\/mekulo.com\/no\/produkt\/midjetreningsvest\/#primaryimage\"},\"image\":{\"@id\":\"https:\/\/mekulo.com\/no\/produkt\/midjetreningsvest\/#primaryimage\"},\"thumbnailUrl\":\"https:\/\/mekulo.com\/no\/wp-content\/uploads\/sites\/10\/2026\/02\/u7ab8ut-1.jpg\",\"datePublished\":\"2026-02-10T14:37:17+00:00\",\"dateModified\":\"2026-02-10T14:43:21+00:00\",\"breadcrumb\":{\"@id\":\"https:\/\/mekulo.com\/no\/produkt\/midjetreningsvest\/#breadcrumb\"},\"inLanguage\":\"nb-NO\",\"potentialAction\":[{\"@type\":\"ReadAction\",\"target\":[\"https:\/\/mekulo.com\/no\/produkt\/midjetreningsvest\/\"]}]},{\"@type\":\"ImageObject\",\"inLanguage\":\"nb-NO\",\"@id\":\"https:\/\/mekulo.com\/no\/produkt\/midjetreningsvest\/#primaryimage\",\"url\":\"https:\/\/mekulo.com\/no\/wp-content\/uploads\/sites\/10\/2026\/02\/u7ab8ut-1.jpg\",\"contentUrl\":\"https:\/\/mekulo.com\/no\/wp-content\/uploads\/sites\/10\/2026\/02\/u7ab8ut-1.jpg\",\"width\":713,\"height\":713},{\"@type\":\"BreadcrumbList\",\"@id\":\"https:\/\/mekulo.com\/no\/produkt\/midjetreningsvest\/#breadcrumb\",\"itemListElement\":[{\"@type\":\"ListItem\",\"position\":1,\"name\":\"Home\",\"item\":\"https:\/\/mekulo.com\/no\/\"},{\"@type\":\"ListItem\",\"position\":2,\"name\":\"Butikk\",\"item\":\"https:\/\/mekulo.com\/no\/butikk\/\"},{\"@type\":\"ListItem\",\"position\":3,\"name\":\"Midjetreningsvest\"}]},{\"@type\":\"WebSite\",\"@id\":\"https:\/\/mekulo.com\/no\/#website\",\"url\":\"https:\/\/mekulo.com\/no\/\",\"name\":\"Mekulo NO\",\"description\":\"\",\"publisher\":{\"@id\":\"https:\/\/mekulo.com\/no\/#organization\"},\"potentialAction\":[{\"@type\":\"SearchAction\",\"target\":{\"@type\":\"EntryPoint\",\"urlTemplate\":\"https:\/\/mekulo.com\/no\/?s={search_term_string}\"},\"query-input\":{\"@type\":\"PropertyValueSpecification\",\"valueRequired\":true,\"valueName\":\"search_term_string\"}}],\"inLanguage\":\"nb-NO\"},{\"@type\":\"Organization\",\"@id\":\"https:\/\/mekulo.com\/no\/#organization\",\"name\":\"Mekulo\",\"url\":\"https:\/\/mekulo.com\/no\/\",\"logo\":{\"@type\":\"ImageObject\",\"inLanguage\":\"nb-NO\",\"@id\":\"https:\/\/mekulo.com\/no\/#\/schema\/logo\/image\/\",\"url\":\"https:\/\/mekulo.com\/no\/wp-content\/uploads\/sites\/10\/2025\/12\/favicon_mekulo.png\",\"contentUrl\":\"https:\/\/mekulo.com\/no\/wp-content\/uploads\/sites\/10\/2025\/12\/favicon_mekulo.png\",\"width\":50,\"height\":50,\"caption\":\"Mekulo\"},\"image\":{\"@id\":\"https:\/\/mekulo.com\/no\/#\/schema\/logo\/image\/\"}}]}<\/script>\n<!-- \/ Yoast SEO plugin. -->","yoast_head_json":{"title":"Midjetreningsvest - Mekulo NO","robots":{"index":"index","follow":"follow","max-snippet":"max-snippet:-1","max-image-preview":"max-image-preview:large","max-video-preview":"max-video-preview:-1"},"canonical":"https:\/\/mekulo.com\/no\/produkt\/midjetreningsvest\/","og_locale":"nb_NO","og_type":"article","og_title":"Midjetreningsvest - Mekulo NO","og_description":"\ud83d\udcaaDenne midjetrenervesten er designet for \u00e5 komprimere magen og brystet, slik at du ser slankere ut i det \u00f8yeblikket du tar den p\u00e5. \ud83c\udfcb\ufe0f\u200d\u2642\ufe0fIt st\u00f8tter ogs\u00e5 holdning og komfort, noe som gj\u00f8r den ideell for daglig bruk, trening eller bruk under kl\u00e6r. \ud83e\uddcdEn enkel og effektiv m\u00e5te \u00e5 se slankere ut, st\u00e5 h\u00f8yere og f\u00f8le deg mer selvsikker hver dag.","og_url":"https:\/\/mekulo.com\/no\/produkt\/midjetreningsvest\/","og_site_name":"Mekulo NO","article_modified_time":"2026-02-10T14:43:21+00:00","og_image":[{"width":713,"height":713,"url":"https:\/\/mekulo.com\/no\/wp-content\/uploads\/sites\/10\/2026\/02\/u7ab8ut-1.jpg","type":"image\/jpeg"}],"twitter_card":"summary_large_image","twitter_misc":{"Ansl. lesetid":"2 minutter"},"schema":{"@context":"https:\/\/schema.org","@graph":[{"@type":"WebPage","@id":"https:\/\/mekulo.com\/no\/produkt\/midjetreningsvest\/","url":"https:\/\/mekulo.com\/no\/produkt\/midjetreningsvest\/","name":"Midjetreningsvest - Mekulo NO","isPartOf":{"@id":"https:\/\/mekulo.com\/no\/#website"},"primaryImageOfPage":{"@id":"https:\/\/mekulo.com\/no\/produkt\/midjetreningsvest\/#primaryimage"},"image":{"@id":"https:\/\/mekulo.com\/no\/produkt\/midjetreningsvest\/#primaryimage"},"thumbnailUrl":"https:\/\/mekulo.com\/no\/wp-content\/uploads\/sites\/10\/2026\/02\/u7ab8ut-1.jpg","datePublished":"2026-02-10T14:37:17+00:00","dateModified":"2026-02-10T14:43:21+00:00","breadcrumb":{"@id":"https:\/\/mekulo.com\/no\/produkt\/midjetreningsvest\/#breadcrumb"},"inLanguage":"nb-NO","potentialAction":[{"@type":"ReadAction","target":["https:\/\/mekulo.com\/no\/produkt\/midjetreningsvest\/"]}]},{"@type":"ImageObject","inLanguage":"nb-NO","@id":"https:\/\/mekulo.com\/no\/produkt\/midjetreningsvest\/#primaryimage","url":"https:\/\/mekulo.com\/no\/wp-content\/uploads\/sites\/10\/2026\/02\/u7ab8ut-1.jpg","contentUrl":"https:\/\/mekulo.com\/no\/wp-content\/uploads\/sites\/10\/2026\/02\/u7ab8ut-1.jpg","width":713,"height":713},{"@type":"BreadcrumbList","@id":"https:\/\/mekulo.com\/no\/produkt\/midjetreningsvest\/#breadcrumb","itemListElement":[{"@type":"ListItem","position":1,"name":"Home","item":"https:\/\/mekulo.com\/no\/"},{"@type":"ListItem","position":2,"name":"Butikk","item":"https:\/\/mekulo.com\/no\/butikk\/"},{"@type":"ListItem","position":3,"name":"Midjetreningsvest"}]},{"@type":"WebSite","@id":"https:\/\/mekulo.com\/no\/#website","url":"https:\/\/mekulo.com\/no\/","name":"Mekulo NO","description":"","publisher":{"@id":"https:\/\/mekulo.com\/no\/#organization"},"potentialAction":[{"@type":"SearchAction","target":{"@type":"EntryPoint","urlTemplate":"https:\/\/mekulo.com\/no\/?s={search_term_string}"},"query-input":{"@type":"PropertyValueSpecification","valueRequired":true,"valueName":"search_term_string"}}],"inLanguage":"nb-NO"},{"@type":"Organization","@id":"https:\/\/mekulo.com\/no\/#organization","name":"Mekulo","url":"https:\/\/mekulo.com\/no\/","logo":{"@type":"ImageObject","inLanguage":"nb-NO","@id":"https:\/\/mekulo.com\/no\/#\/schema\/logo\/image\/","url":"https:\/\/mekulo.com\/no\/wp-content\/uploads\/sites\/10\/2025\/12\/favicon_mekulo.png","contentUrl":"https:\/\/mekulo.com\/no\/wp-content\/uploads\/sites\/10\/2025\/12\/favicon_mekulo.png","width":50,"height":50,"caption":"Mekulo"},"image":{"@id":"https:\/\/mekulo.com\/no\/#\/schema\/logo\/image\/"}}]}},"_links":{"self":[{"href":"https:\/\/mekulo.com\/no\/wp-json\/wp\/v2\/product\/22674","targetHints":{"allow":["GET"]}}],"collection":[{"href":"https:\/\/mekulo.com\/no\/wp-json\/wp\/v2\/product"}],"about":[{"href":"https:\/\/mekulo.com\/no\/wp-json\/wp\/v2\/types\/product"}],"replies":[{"embeddable":true,"href":"https:\/\/mekulo.com\/no\/wp-json\/wp\/v2\/comments?post=22674"}],"wp:featuredmedia":[{"embeddable":true,"href":"https:\/\/mekulo.com\/no\/wp-json\/wp\/v2\/media\/22670"}],"wp:attachment":[{"href":"https:\/\/mekulo.com\/no\/wp-json\/wp\/v2\/media?parent=22674"}],"wp:term":[{"taxonomy":"product_brand","embeddable":true,"href":"https:\/\/mekulo.com\/no\/wp-json\/wp\/v2\/product_brand?post=22674"},{"taxonomy":"product_cat","embeddable":true,"href":"https:\/\/mekulo.com\/no\/wp-json\/wp\/v2\/product_cat?post=22674"},{"taxonomy":"product_tag","embeddable":true,"href":"https:\/\/mekulo.com\/no\/wp-json\/wp\/v2\/product_tag?post=22674"}],"curies":[{"name":"wp","href":"https:\/\/api.w.org\/{rel}","templated":true}]}}