{"id":22653,"date":"2026-02-10T16:35:23","date_gmt":"2026-02-10T14:35:23","guid":{"rendered":"https:\/\/mekulo.com\/no\/produkt\/gjenbrukbare-selvklebende-oyevipper-2-par\/"},"modified":"2026-03-02T12:22:31","modified_gmt":"2026-03-02T10:22:31","slug":"gjenbrukbare-selvklebende-oyevipper-2-par","status":"publish","type":"product","link":"https:\/\/mekulo.com\/no\/produkt\/gjenbrukbare-selvklebende-oyevipper-2-par\/","title":{"rendered":"Gjenbrukbare selvklebende \u00f8yevipper (2 par)"},"content":{"rendered":"<p style=\"text-align: center\" data-start=\"38\" data-end=\"111\"><strong data-start=\"38\" data-end=\"111\">F\u00e5 vakre, naturlige vipper p\u00e5 sekunder uten behov for lim. \ud83d\udc41\ufe0f<\/strong><\/p>\n<p data-start=\"38\" data-end=\"111\"><img fetchpriority=\"high\" decoding=\"async\" class=\" wp-image-24487 aligncenter\" src=\"https:\/\/mekulo.com\/template\/wp-content\/uploads\/sites\/6\/2026\/02\/80d35320ccdf4bf08f7cda44219de580.webp\" alt=\"\" width=\"550\" height=\"550\" \/><\/p>\n<h2 style=\"text-align: center\" data-start=\"344\" data-end=\"361\"><strong>Hovedfordeler \u23f1\ufe0f<\/strong><\/h2>\n<p data-start=\"362\" data-end=\"707\">\u2728 Ingen behov for lim eller eyeliner &#8211; Selvklebende design for \u00f8yeblikkelig p\u00e5f\u00f8ring.<\/p>\n<p data-start=\"362\" data-end=\"707\">\u23f1\ufe0f P\u00e5f\u00f8res p\u00e5 sekunder &#8211; Perfekt for travle morgener eller raske oppfriskninger.<\/p>\n<p data-start=\"362\" data-end=\"707\">\ud83d\udd01 Gjenbrukbare og vaskbare &#8211; Hygienisk og langvarig bruk.<\/p>\n<p data-start=\"362\" data-end=\"707\">\ud83c\udf3f Naturlig utseende &#8211; Myk kr\u00f8lling som smelter sammen med de ekte vippene dine.<\/p>\n<p data-start=\"362\" data-end=\"707\">\ud83d\udc96 Hudvennlig materiale &#8211; Ingen rester, ingen irritasjon.<\/p>\n<p data-start=\"362\" data-end=\"707\"><img decoding=\"async\" class=\" wp-image-24482 aligncenter\" src=\"https:\/\/mekulo.com\/template\/wp-content\/uploads\/sites\/6\/2026\/02\/Reusable-Self-Adhesive-Eyelashes_08_480x480.jpg\" alt=\"\" width=\"550\" height=\"550\" \/><\/p>\n<h2 style=\"text-align: center\" data-start=\"714\" data-end=\"728\"><strong>Hvordan Du Bruker \ud83d\udccc<\/strong><\/h2>\n<ol data-start=\"729\" data-end=\"966\">\n<li data-start=\"729\" data-end=\"775\">\n<p data-start=\"732\" data-end=\"775\">Forsikre deg om at \u00f8yelokkene er rene og t\u00f8rre.<\/p>\n<\/li>\n<li data-start=\"776\" data-end=\"823\">\n<p data-start=\"779\" data-end=\"823\">fjern \u00f8yenvippene forsiktig fra brettet.<\/p>\n<\/li>\n<li data-start=\"824\" data-end=\"875\">\n<p data-start=\"827\" data-end=\"875\">plasser vippene langs din naturlige vippekant.<\/p>\n<\/li>\n<li data-start=\"876\" data-end=\"919\">\n<p data-start=\"879\" data-end=\"919\">trykk lett for \u00e5 feste dem p\u00e5 plass.<\/p>\n<\/li>\n<li data-start=\"920\" data-end=\"966\">\n<p data-start=\"923\" data-end=\"966\">fjern etter bruk og rengj\u00f8r til neste gang.<\/p>\n<\/li>\n<\/ol>\n<h2 style=\"text-align: center\" data-start=\"973\" data-end=\"992\"><strong>Produktdetaljer \ud83d\udccf<\/strong><\/h2>\n<ul data-start=\"993\" data-end=\"1105\">\n<li data-start=\"993\" data-end=\"1022\">\n<p data-start=\"995\" data-end=\"1022\">Materiale: 3D mink, svart linjestilk<\/p>\n<\/li>\n<li data-start=\"1056\" data-end=\"1071\">\n<p data-start=\"1058\" data-end=\"1071\">Vekt: 38 g<\/p>\n<\/li>\n<li data-start=\"1056\" data-end=\"1071\">\n<p data-start=\"1058\" data-end=\"1071\">\u00d8yenvippelengde: ca. 1 cm til 1,5 cm<\/p>\n<\/li>\n<li data-start=\"1072\" data-end=\"1105\">\n<p data-start=\"1074\" data-end=\"1105\">Type: Selvklebende, gjenbrukbar<\/p>\n<\/li>\n<li data-start=\"1072\" data-end=\"1105\">\n<p data-start=\"1074\" data-end=\"1105\">Vanntett, svettetett og vindtett<\/p>\n<\/li>\n<li data-start=\"1072\" data-end=\"1105\">Kan ikke slippe i 24 timer, kan gjenbrukes 5-7 ganger uten deformasjon<\/li>\n<\/ul>\n<h2 style=\"text-align: center\" data-start=\"1112\" data-end=\"1132\"><strong>Pakken Inkluderer \ud83d\udce6<\/strong><\/h2>\n<ul data-start=\"1133\" data-end=\"1173\">\n<li data-start=\"1133\" data-end=\"1173\">\n<p data-start=\"1135\" data-end=\"1173\">2x par gjenbrukbare selvklebende \u00f8yevipper.<\/p>\n<\/li>\n<\/ul>\n","protected":false},"excerpt":{"rendered":"<p>\u2728Disse gjenbrukbare selvklebende \u00f8yevippene er raske \u00e5 p\u00e5f\u00f8re og enkle \u00e5 fjerne, noe som gj\u00f8r sminkerutinen din raskere og mer stressfri.<br \/>\n\ud83d\udc41\ufe0fThey blander seg s\u00f8ml\u00f8st med dine naturlige vipper og holder seg komfortable hele dagen uten irritasjon.<br \/>\n\ud83d\udc57En enkel, elegant vippel\u00f8sning for uanstrengt skj\u00f8nnhet hver dag.<\/p>\n","protected":false},"featured_media":22649,"comment_status":"open","ping_status":"closed","template":"","meta":{"site-sidebar-layout":"default","site-content-layout":"","ast-site-content-layout":"default","site-content-style":"default","site-sidebar-style":"default","ast-global-header-display":"","ast-banner-title-visibility":"","ast-main-header-display":"","ast-hfb-above-header-display":"","ast-hfb-below-header-display":"","ast-hfb-mobile-header-display":"","site-post-title":"","ast-breadcrumbs-content":"","ast-featured-img":"","footer-sml-layout":"","theme-transparent-header-meta":"default","adv-header-id-meta":"","stick-header-meta":"","header-above-stick-meta":"","header-main-stick-meta":"","header-below-stick-meta":"","astra-migrate-meta-layouts":"set","ast-page-background-enabled":"default","ast-page-background-meta":{"desktop":{"background-color":"var(--ast-global-color-5)","background-image":"","background-repeat":"repeat","background-position":"center center","background-size":"auto","background-attachment":"scroll","background-type":"","background-media":"","overlay-type":"","overlay-color":"","overlay-opacity":"","overlay-gradient":""},"tablet":{"background-color":"","background-image":"","background-repeat":"repeat","background-position":"center center","background-size":"auto","background-attachment":"scroll","background-type":"","background-media":"","overlay-type":"","overlay-color":"","overlay-opacity":"","overlay-gradient":""},"mobile":{"background-color":"","background-image":"","background-repeat":"repeat","background-position":"center center","background-size":"auto","background-attachment":"scroll","background-type":"","background-media":"","overlay-type":"","overlay-color":"","overlay-opacity":"","overlay-gradient":""}},"ast-content-background-meta":{"desktop":{"background-color":"var(--ast-global-color-4)","background-image":"","background-repeat":"repeat","background-position":"center center","background-size":"auto","background-attachment":"scroll","background-type":"","background-media":"","overlay-type":"","overlay-color":"","overlay-opacity":"","overlay-gradient":""},"tablet":{"background-color":"var(--ast-global-color-4)","background-image":"","background-repeat":"repeat","background-position":"center center","background-size":"auto","background-attachment":"scroll","background-type":"","background-media":"","overlay-type":"","overlay-color":"","overlay-opacity":"","overlay-gradient":""},"mobile":{"background-color":"var(--ast-global-color-4)","background-image":"","background-repeat":"repeat","background-position":"center center","background-size":"auto","background-attachment":"scroll","background-type":"","background-media":"","overlay-type":"","overlay-color":"","overlay-opacity":"","overlay-gradient":""}}},"product_brand":[],"product_cat":[162],"product_tag":[],"class_list":{"0":"post-22653","1":"product","2":"type-product","3":"status-publish","4":"has-post-thumbnail","6":"product_cat-skjonnhets-og-hygieneprodukter","7":"pa_58818_2x4r0sk6-a","8":"pa_58818_2x4r0sk6-b","9":"pa_58818_2x4r0sk6-c","10":"pa_58818_2x4r0sk6-d","11":"pa_58818_2x4r0sk6-e","12":"pa_58818_2x4r0sk6-f","13":"desktop-align-left","14":"tablet-align-left","15":"mobile-align-left","17":"first","18":"instock","19":"shipping-taxable","20":"purchasable","21":"product-type-variable"},"yoast_head":"<!-- This site is optimized with the Yoast SEO plugin v26.6 - https:\/\/yoast.com\/wordpress\/plugins\/seo\/ -->\n<title>Gjenbrukbare selvklebende \u00f8yevipper (2 par) - Mekulo NO<\/title>\n<meta name=\"robots\" content=\"index, follow, max-snippet:-1, max-image-preview:large, max-video-preview:-1\" \/>\n<link rel=\"canonical\" href=\"https:\/\/mekulo.com\/no\/produkt\/gjenbrukbare-selvklebende-oyevipper-2-par\/\" \/>\n<meta property=\"og:locale\" content=\"nb_NO\" \/>\n<meta property=\"og:type\" content=\"article\" \/>\n<meta property=\"og:title\" content=\"Gjenbrukbare selvklebende \u00f8yevipper (2 par) - Mekulo NO\" \/>\n<meta property=\"og:description\" content=\"\u2728Disse gjenbrukbare selvklebende \u00f8yevippene er raske \u00e5 p\u00e5f\u00f8re og enkle \u00e5 fjerne, noe som gj\u00f8r sminkerutinen din raskere og mer stressfri. \ud83d\udc41\ufe0fThey blander seg s\u00f8ml\u00f8st med dine naturlige vipper og holder seg komfortable hele dagen uten irritasjon. \ud83d\udc57En enkel, elegant vippel\u00f8sning for uanstrengt skj\u00f8nnhet hver dag.\" \/>\n<meta property=\"og:url\" content=\"https:\/\/mekulo.com\/no\/produkt\/gjenbrukbare-selvklebende-oyevipper-2-par\/\" \/>\n<meta property=\"og:site_name\" content=\"Mekulo NO\" \/>\n<meta property=\"article:modified_time\" content=\"2026-03-02T10:22:31+00:00\" \/>\n<meta property=\"og:image\" content=\"https:\/\/mekulo.com\/no\/wp-content\/uploads\/sites\/10\/2026\/02\/93tmice-1.jpg\" \/>\n\t<meta property=\"og:image:width\" content=\"800\" \/>\n\t<meta property=\"og:image:height\" content=\"800\" \/>\n\t<meta property=\"og:image:type\" content=\"image\/jpeg\" \/>\n<meta name=\"twitter:card\" content=\"summary_large_image\" \/>\n<meta name=\"twitter:label1\" content=\"Ansl. lesetid\" \/>\n\t<meta name=\"twitter:data1\" content=\"2 minutter\" \/>\n<script type=\"application\/ld+json\" class=\"yoast-schema-graph\">{\"@context\":\"https:\/\/schema.org\",\"@graph\":[{\"@type\":\"WebPage\",\"@id\":\"https:\/\/mekulo.com\/no\/produkt\/gjenbrukbare-selvklebende-oyevipper-2-par\/\",\"url\":\"https:\/\/mekulo.com\/no\/produkt\/gjenbrukbare-selvklebende-oyevipper-2-par\/\",\"name\":\"Gjenbrukbare selvklebende \u00f8yevipper (2 par) - Mekulo NO\",\"isPartOf\":{\"@id\":\"https:\/\/mekulo.com\/no\/#website\"},\"primaryImageOfPage\":{\"@id\":\"https:\/\/mekulo.com\/no\/produkt\/gjenbrukbare-selvklebende-oyevipper-2-par\/#primaryimage\"},\"image\":{\"@id\":\"https:\/\/mekulo.com\/no\/produkt\/gjenbrukbare-selvklebende-oyevipper-2-par\/#primaryimage\"},\"thumbnailUrl\":\"https:\/\/mekulo.com\/no\/wp-content\/uploads\/sites\/10\/2026\/02\/93tmice-1.jpg\",\"datePublished\":\"2026-02-10T14:35:23+00:00\",\"dateModified\":\"2026-03-02T10:22:31+00:00\",\"breadcrumb\":{\"@id\":\"https:\/\/mekulo.com\/no\/produkt\/gjenbrukbare-selvklebende-oyevipper-2-par\/#breadcrumb\"},\"inLanguage\":\"nb-NO\",\"potentialAction\":[{\"@type\":\"ReadAction\",\"target\":[\"https:\/\/mekulo.com\/no\/produkt\/gjenbrukbare-selvklebende-oyevipper-2-par\/\"]}]},{\"@type\":\"ImageObject\",\"inLanguage\":\"nb-NO\",\"@id\":\"https:\/\/mekulo.com\/no\/produkt\/gjenbrukbare-selvklebende-oyevipper-2-par\/#primaryimage\",\"url\":\"https:\/\/mekulo.com\/no\/wp-content\/uploads\/sites\/10\/2026\/02\/93tmice-1.jpg\",\"contentUrl\":\"https:\/\/mekulo.com\/no\/wp-content\/uploads\/sites\/10\/2026\/02\/93tmice-1.jpg\",\"width\":800,\"height\":800},{\"@type\":\"BreadcrumbList\",\"@id\":\"https:\/\/mekulo.com\/no\/produkt\/gjenbrukbare-selvklebende-oyevipper-2-par\/#breadcrumb\",\"itemListElement\":[{\"@type\":\"ListItem\",\"position\":1,\"name\":\"Home\",\"item\":\"https:\/\/mekulo.com\/no\/\"},{\"@type\":\"ListItem\",\"position\":2,\"name\":\"Butikk\",\"item\":\"https:\/\/mekulo.com\/no\/butikk\/\"},{\"@type\":\"ListItem\",\"position\":3,\"name\":\"Gjenbrukbare selvklebende \u00f8yevipper (2 par)\"}]},{\"@type\":\"WebSite\",\"@id\":\"https:\/\/mekulo.com\/no\/#website\",\"url\":\"https:\/\/mekulo.com\/no\/\",\"name\":\"Mekulo NO\",\"description\":\"\",\"publisher\":{\"@id\":\"https:\/\/mekulo.com\/no\/#organization\"},\"potentialAction\":[{\"@type\":\"SearchAction\",\"target\":{\"@type\":\"EntryPoint\",\"urlTemplate\":\"https:\/\/mekulo.com\/no\/?s={search_term_string}\"},\"query-input\":{\"@type\":\"PropertyValueSpecification\",\"valueRequired\":true,\"valueName\":\"search_term_string\"}}],\"inLanguage\":\"nb-NO\"},{\"@type\":\"Organization\",\"@id\":\"https:\/\/mekulo.com\/no\/#organization\",\"name\":\"Mekulo\",\"url\":\"https:\/\/mekulo.com\/no\/\",\"logo\":{\"@type\":\"ImageObject\",\"inLanguage\":\"nb-NO\",\"@id\":\"https:\/\/mekulo.com\/no\/#\/schema\/logo\/image\/\",\"url\":\"https:\/\/mekulo.com\/no\/wp-content\/uploads\/sites\/10\/2025\/12\/favicon_mekulo.png\",\"contentUrl\":\"https:\/\/mekulo.com\/no\/wp-content\/uploads\/sites\/10\/2025\/12\/favicon_mekulo.png\",\"width\":50,\"height\":50,\"caption\":\"Mekulo\"},\"image\":{\"@id\":\"https:\/\/mekulo.com\/no\/#\/schema\/logo\/image\/\"}}]}<\/script>\n<!-- \/ Yoast SEO plugin. -->","yoast_head_json":{"title":"Gjenbrukbare selvklebende \u00f8yevipper (2 par) - Mekulo NO","robots":{"index":"index","follow":"follow","max-snippet":"max-snippet:-1","max-image-preview":"max-image-preview:large","max-video-preview":"max-video-preview:-1"},"canonical":"https:\/\/mekulo.com\/no\/produkt\/gjenbrukbare-selvklebende-oyevipper-2-par\/","og_locale":"nb_NO","og_type":"article","og_title":"Gjenbrukbare selvklebende \u00f8yevipper (2 par) - Mekulo NO","og_description":"\u2728Disse gjenbrukbare selvklebende \u00f8yevippene er raske \u00e5 p\u00e5f\u00f8re og enkle \u00e5 fjerne, noe som gj\u00f8r sminkerutinen din raskere og mer stressfri. \ud83d\udc41\ufe0fThey blander seg s\u00f8ml\u00f8st med dine naturlige vipper og holder seg komfortable hele dagen uten irritasjon. \ud83d\udc57En enkel, elegant vippel\u00f8sning for uanstrengt skj\u00f8nnhet hver dag.","og_url":"https:\/\/mekulo.com\/no\/produkt\/gjenbrukbare-selvklebende-oyevipper-2-par\/","og_site_name":"Mekulo NO","article_modified_time":"2026-03-02T10:22:31+00:00","og_image":[{"width":800,"height":800,"url":"https:\/\/mekulo.com\/no\/wp-content\/uploads\/sites\/10\/2026\/02\/93tmice-1.jpg","type":"image\/jpeg"}],"twitter_card":"summary_large_image","twitter_misc":{"Ansl. lesetid":"2 minutter"},"schema":{"@context":"https:\/\/schema.org","@graph":[{"@type":"WebPage","@id":"https:\/\/mekulo.com\/no\/produkt\/gjenbrukbare-selvklebende-oyevipper-2-par\/","url":"https:\/\/mekulo.com\/no\/produkt\/gjenbrukbare-selvklebende-oyevipper-2-par\/","name":"Gjenbrukbare selvklebende \u00f8yevipper (2 par) - Mekulo NO","isPartOf":{"@id":"https:\/\/mekulo.com\/no\/#website"},"primaryImageOfPage":{"@id":"https:\/\/mekulo.com\/no\/produkt\/gjenbrukbare-selvklebende-oyevipper-2-par\/#primaryimage"},"image":{"@id":"https:\/\/mekulo.com\/no\/produkt\/gjenbrukbare-selvklebende-oyevipper-2-par\/#primaryimage"},"thumbnailUrl":"https:\/\/mekulo.com\/no\/wp-content\/uploads\/sites\/10\/2026\/02\/93tmice-1.jpg","datePublished":"2026-02-10T14:35:23+00:00","dateModified":"2026-03-02T10:22:31+00:00","breadcrumb":{"@id":"https:\/\/mekulo.com\/no\/produkt\/gjenbrukbare-selvklebende-oyevipper-2-par\/#breadcrumb"},"inLanguage":"nb-NO","potentialAction":[{"@type":"ReadAction","target":["https:\/\/mekulo.com\/no\/produkt\/gjenbrukbare-selvklebende-oyevipper-2-par\/"]}]},{"@type":"ImageObject","inLanguage":"nb-NO","@id":"https:\/\/mekulo.com\/no\/produkt\/gjenbrukbare-selvklebende-oyevipper-2-par\/#primaryimage","url":"https:\/\/mekulo.com\/no\/wp-content\/uploads\/sites\/10\/2026\/02\/93tmice-1.jpg","contentUrl":"https:\/\/mekulo.com\/no\/wp-content\/uploads\/sites\/10\/2026\/02\/93tmice-1.jpg","width":800,"height":800},{"@type":"BreadcrumbList","@id":"https:\/\/mekulo.com\/no\/produkt\/gjenbrukbare-selvklebende-oyevipper-2-par\/#breadcrumb","itemListElement":[{"@type":"ListItem","position":1,"name":"Home","item":"https:\/\/mekulo.com\/no\/"},{"@type":"ListItem","position":2,"name":"Butikk","item":"https:\/\/mekulo.com\/no\/butikk\/"},{"@type":"ListItem","position":3,"name":"Gjenbrukbare selvklebende \u00f8yevipper (2 par)"}]},{"@type":"WebSite","@id":"https:\/\/mekulo.com\/no\/#website","url":"https:\/\/mekulo.com\/no\/","name":"Mekulo NO","description":"","publisher":{"@id":"https:\/\/mekulo.com\/no\/#organization"},"potentialAction":[{"@type":"SearchAction","target":{"@type":"EntryPoint","urlTemplate":"https:\/\/mekulo.com\/no\/?s={search_term_string}"},"query-input":{"@type":"PropertyValueSpecification","valueRequired":true,"valueName":"search_term_string"}}],"inLanguage":"nb-NO"},{"@type":"Organization","@id":"https:\/\/mekulo.com\/no\/#organization","name":"Mekulo","url":"https:\/\/mekulo.com\/no\/","logo":{"@type":"ImageObject","inLanguage":"nb-NO","@id":"https:\/\/mekulo.com\/no\/#\/schema\/logo\/image\/","url":"https:\/\/mekulo.com\/no\/wp-content\/uploads\/sites\/10\/2025\/12\/favicon_mekulo.png","contentUrl":"https:\/\/mekulo.com\/no\/wp-content\/uploads\/sites\/10\/2025\/12\/favicon_mekulo.png","width":50,"height":50,"caption":"Mekulo"},"image":{"@id":"https:\/\/mekulo.com\/no\/#\/schema\/logo\/image\/"}}]}},"_links":{"self":[{"href":"https:\/\/mekulo.com\/no\/wp-json\/wp\/v2\/product\/22653","targetHints":{"allow":["GET"]}}],"collection":[{"href":"https:\/\/mekulo.com\/no\/wp-json\/wp\/v2\/product"}],"about":[{"href":"https:\/\/mekulo.com\/no\/wp-json\/wp\/v2\/types\/product"}],"replies":[{"embeddable":true,"href":"https:\/\/mekulo.com\/no\/wp-json\/wp\/v2\/comments?post=22653"}],"wp:featuredmedia":[{"embeddable":true,"href":"https:\/\/mekulo.com\/no\/wp-json\/wp\/v2\/media\/22649"}],"wp:attachment":[{"href":"https:\/\/mekulo.com\/no\/wp-json\/wp\/v2\/media?parent=22653"}],"wp:term":[{"taxonomy":"product_brand","embeddable":true,"href":"https:\/\/mekulo.com\/no\/wp-json\/wp\/v2\/product_brand?post=22653"},{"taxonomy":"product_cat","embeddable":true,"href":"https:\/\/mekulo.com\/no\/wp-json\/wp\/v2\/product_cat?post=22653"},{"taxonomy":"product_tag","embeddable":true,"href":"https:\/\/mekulo.com\/no\/wp-json\/wp\/v2\/product_tag?post=22653"}],"curies":[{"name":"wp","href":"https:\/\/api.w.org\/{rel}","templated":true}]}}