{"id":22595,"date":"2026-02-10T16:17:36","date_gmt":"2026-02-10T14:17:36","guid":{"rendered":"https:\/\/mekulo.com\/no\/produkt\/sett-med-finmasket-sil\/"},"modified":"2026-03-02T12:22:44","modified_gmt":"2026-03-02T10:22:44","slug":"sett-med-finmasket-sil","status":"publish","type":"product","link":"https:\/\/mekulo.com\/no\/produkt\/sett-med-finmasket-sil\/","title":{"rendered":"Sett med finmasket sil"},"content":{"rendered":"<p style=\"text-align: center\" data-start=\"24\" data-end=\"96\"><strong data-start=\"24\" data-end=\"96\">Tilbered, Vask, Makuler Og T\u00f8m Mat Raskere Med Ett Smart Kj\u00f8kkensett. \ud83d\udc69\u200d\ud83c\udf73<\/strong><\/p>\n<p data-start=\"24\" data-end=\"96\"><img fetchpriority=\"high\" decoding=\"async\" class=\"size-full wp-image-24411 aligncenter\" src=\"https:\/\/mekulo.com\/template\/wp-content\/uploads\/sites\/6\/2026\/02\/d95a79dc-69d5-4771-b256-1bb2a0138f6b.jpg\" alt=\"\" width=\"590\" height=\"590\" \/><\/p>\n<h2 style=\"text-align: center\" data-start=\"378\" data-end=\"395\">Hovedfordeler \ud83e\udd55<\/h2>\n<p data-start=\"396\" data-end=\"733\">\ud83e\udd55 Multifunksjonell design &#8211; Makulering, vasking og avl\u00f8p i ett sett.<\/p>\n<p data-start=\"396\" data-end=\"733\">\ud83d\udd2a Flere makuleringsalternativer &#8211; Fine og grove kutt med letthet.<\/p>\n<p data-start=\"396\" data-end=\"733\">\ud83d\udca7 Rask vannavl\u00f8p &#8211; Hul base drenerer vann raskt.<\/p>\n<p data-start=\"396\" data-end=\"733\">\ud83e\udd63 Slitesterkt rustfritt st\u00e5l &#8211; Sterkt, rustbestandig og trygt.<\/p>\n<p data-start=\"396\" data-end=\"733\">\ud83e\uddfc Enkel \u00e5 rengj\u00f8re og oppbevare &#8211; Glatt overflate og stabelbare sk\u00e5ler<img decoding=\"async\" class=\"size-full wp-image-24415 aligncenter\" src=\"https:\/\/mekulo.com\/template\/wp-content\/uploads\/sites\/6\/2026\/02\/S474ed4f105284f01abaa49307bfd2709u.jpg_960x960q75.jpg_.avif\" alt=\"\" width=\"800\" height=\"800\" \/><\/p>\n<h2 style=\"text-align: center\" data-start=\"740\" data-end=\"754\">Slik Bruker Du Den \ud83d\udccc<\/h2>\n<ol data-start=\"755\" data-end=\"1014\">\n<li data-start=\"755\" data-end=\"831\">\n<p data-start=\"758\" data-end=\"831\">Plasser gr\u00f8nnsaker eller frukt i rivesk\u00e5len og rasper etter behov.<\/p>\n<\/li>\n<li data-start=\"832\" data-end=\"892\">\n<p data-start=\"835\" data-end=\"892\">bruk dreneringssk\u00e5len til \u00e5 skylle og fjerne overfl\u00f8dig vann.<\/p>\n<\/li>\n<li data-start=\"893\" data-end=\"953\">\n<p data-start=\"896\" data-end=\"953\">vask ris, r\u00e5varer eller andre matvarer i vaskesk\u00e5len.<\/p>\n<\/li>\n<li data-start=\"954\" data-end=\"1014\">\n<p data-start=\"957\" data-end=\"1014\">stable sk\u00e5lene sammen etter bruk for kompakt oppbevaring.<\/p>\n<\/li>\n<\/ol>\n<h2 style=\"text-align: center\" data-start=\"1021\" data-end=\"1040\">Produktdetaljer \ud83d\udccf<\/h2>\n<ul data-start=\"1041\" data-end=\"1302\">\n<li data-start=\"1041\" data-end=\"1070\">\n<p data-start=\"1043\" data-end=\"1070\">Materiale: Rustfritt st\u00e5l<\/p>\n<\/li>\n<li data-start=\"1071\" data-end=\"1128\">\n<p data-start=\"1073\" data-end=\"1128\">Sett type: Kvernesk\u00e5l, avl\u00f8psk\u00e5l, vaskesk\u00e5l<\/p>\n<\/li>\n<li data-start=\"1129\" data-end=\"1177\">\n<p data-start=\"1131\" data-end=\"1177\">Kvernemuligheter: 4 forskjellige skj\u00e6rehull<\/p>\n<\/li>\n<li data-start=\"1178\" data-end=\"1221\">\n<p data-start=\"1180\" data-end=\"1221\">Finish: Speilpolert, glatt overflate<\/p>\n<\/li>\n<li data-start=\"1222\" data-end=\"1265\">\n<p data-start=\"1224\" data-end=\"1265\">Design: Avrundede kanter for sikker h\u00e5ndtering<\/p>\n<\/li>\n<li data-start=\"1266\" data-end=\"1302\">\n<p data-start=\"1268\" data-end=\"1302\">Oppbevaring: Stabelbar for \u00e5 spare plass<\/p>\n<\/li>\n<li data-start=\"1266\" data-end=\"1302\">Diameter: 26 cm<\/li>\n<\/ul>\n<h2 style=\"text-align: center\" data-start=\"1309\" data-end=\"1329\">Pakken Inneholder \ud83d\udce6<\/h2>\n<ul data-start=\"1330\" data-end=\"1395\">\n<li data-start=\"1330\" data-end=\"1352\">\n<p data-start=\"1332\" data-end=\"1352\">1, 2, 3 x finmasket sil-sett (rivesk\u00e5l, dreneringssk\u00e5l, vaskesk\u00e5l).<\/p>\n<\/li>\n<\/ul>\n","protected":false},"excerpt":{"rendered":"<p>\ud83e\udd57Dette finmaskede silsettet kombinerer riving, vasking og drenering i \u00e9n praktisk l\u00f8sning.<br \/>\n\ud83c\udf7d\ufe0fMade av slitesterkt rustfritt st\u00e5l, og hjelper deg med \u00e5 tilberede gr\u00f8nnsaker og frukt raskt, samtidig som du holder kj\u00f8kkenet rent og organisert.<br \/>\n\ud83c\udfe0Perfekt for daglig matlaging og tilberedning av m\u00e5ltider. Et allsidig kj\u00f8kkenredskap som sparer tid, plass og krefter hver dag.<\/p>\n","protected":false},"featured_media":22591,"comment_status":"open","ping_status":"closed","template":"","meta":{"site-sidebar-layout":"default","site-content-layout":"","ast-site-content-layout":"default","site-content-style":"default","site-sidebar-style":"default","ast-global-header-display":"","ast-banner-title-visibility":"","ast-main-header-display":"","ast-hfb-above-header-display":"","ast-hfb-below-header-display":"","ast-hfb-mobile-header-display":"","site-post-title":"","ast-breadcrumbs-content":"","ast-featured-img":"","footer-sml-layout":"","theme-transparent-header-meta":"default","adv-header-id-meta":"","stick-header-meta":"","header-above-stick-meta":"","header-main-stick-meta":"","header-below-stick-meta":"","astra-migrate-meta-layouts":"set","ast-page-background-enabled":"default","ast-page-background-meta":{"desktop":{"background-color":"var(--ast-global-color-5)","background-image":"","background-repeat":"repeat","background-position":"center center","background-size":"auto","background-attachment":"scroll","background-type":"","background-media":"","overlay-type":"","overlay-color":"","overlay-opacity":"","overlay-gradient":""},"tablet":{"background-color":"","background-image":"","background-repeat":"repeat","background-position":"center center","background-size":"auto","background-attachment":"scroll","background-type":"","background-media":"","overlay-type":"","overlay-color":"","overlay-opacity":"","overlay-gradient":""},"mobile":{"background-color":"","background-image":"","background-repeat":"repeat","background-position":"center center","background-size":"auto","background-attachment":"scroll","background-type":"","background-media":"","overlay-type":"","overlay-color":"","overlay-opacity":"","overlay-gradient":""}},"ast-content-background-meta":{"desktop":{"background-color":"var(--ast-global-color-4)","background-image":"","background-repeat":"repeat","background-position":"center center","background-size":"auto","background-attachment":"scroll","background-type":"","background-media":"","overlay-type":"","overlay-color":"","overlay-opacity":"","overlay-gradient":""},"tablet":{"background-color":"var(--ast-global-color-4)","background-image":"","background-repeat":"repeat","background-position":"center center","background-size":"auto","background-attachment":"scroll","background-type":"","background-media":"","overlay-type":"","overlay-color":"","overlay-opacity":"","overlay-gradient":""},"mobile":{"background-color":"var(--ast-global-color-4)","background-image":"","background-repeat":"repeat","background-position":"center center","background-size":"auto","background-attachment":"scroll","background-type":"","background-media":"","overlay-type":"","overlay-color":"","overlay-opacity":"","overlay-gradient":""}}},"product_brand":[],"product_cat":[168],"product_tag":[],"class_list":{"0":"post-22595","1":"product","2":"type-product","3":"status-publish","4":"has-post-thumbnail","6":"product_cat-husholdningsartikler","7":"pa_58679_02rv6sof-1-sett","8":"pa_58679_02rv6sof-2-sett","9":"pa_58679_02rv6sof-3-sett","10":"desktop-align-left","11":"tablet-align-left","12":"mobile-align-left","14":"first","15":"instock","16":"shipping-taxable","17":"purchasable","18":"product-type-variable"},"yoast_head":"<!-- This site is optimized with the Yoast SEO plugin v26.6 - https:\/\/yoast.com\/wordpress\/plugins\/seo\/ -->\n<title>Sett med finmasket sil - Mekulo NO<\/title>\n<meta name=\"robots\" content=\"index, follow, max-snippet:-1, max-image-preview:large, max-video-preview:-1\" \/>\n<link rel=\"canonical\" href=\"https:\/\/mekulo.com\/no\/produkt\/sett-med-finmasket-sil\/\" \/>\n<meta property=\"og:locale\" content=\"nb_NO\" \/>\n<meta property=\"og:type\" content=\"article\" \/>\n<meta property=\"og:title\" content=\"Sett med finmasket sil - Mekulo NO\" \/>\n<meta property=\"og:description\" content=\"\ud83e\udd57Dette finmaskede silsettet kombinerer riving, vasking og drenering i \u00e9n praktisk l\u00f8sning. \ud83c\udf7d\ufe0fMade av slitesterkt rustfritt st\u00e5l, og hjelper deg med \u00e5 tilberede gr\u00f8nnsaker og frukt raskt, samtidig som du holder kj\u00f8kkenet rent og organisert. \ud83c\udfe0Perfekt for daglig matlaging og tilberedning av m\u00e5ltider. Et allsidig kj\u00f8kkenredskap som sparer tid, plass og krefter hver dag.\" \/>\n<meta property=\"og:url\" content=\"https:\/\/mekulo.com\/no\/produkt\/sett-med-finmasket-sil\/\" \/>\n<meta property=\"og:site_name\" content=\"Mekulo NO\" \/>\n<meta property=\"article:modified_time\" content=\"2026-03-02T10:22:44+00:00\" \/>\n<meta property=\"og:image\" content=\"https:\/\/mekulo.com\/no\/wp-content\/uploads\/sites\/10\/2026\/02\/rmxi1ad-1.jpg\" \/>\n\t<meta property=\"og:image:width\" content=\"800\" \/>\n\t<meta property=\"og:image:height\" content=\"800\" \/>\n\t<meta property=\"og:image:type\" content=\"image\/jpeg\" \/>\n<meta name=\"twitter:card\" content=\"summary_large_image\" \/>\n<meta name=\"twitter:label1\" content=\"Ansl. lesetid\" \/>\n\t<meta name=\"twitter:data1\" content=\"2 minutter\" \/>\n<script type=\"application\/ld+json\" class=\"yoast-schema-graph\">{\"@context\":\"https:\/\/schema.org\",\"@graph\":[{\"@type\":\"WebPage\",\"@id\":\"https:\/\/mekulo.com\/no\/produkt\/sett-med-finmasket-sil\/\",\"url\":\"https:\/\/mekulo.com\/no\/produkt\/sett-med-finmasket-sil\/\",\"name\":\"Sett med finmasket sil - Mekulo NO\",\"isPartOf\":{\"@id\":\"https:\/\/mekulo.com\/no\/#website\"},\"primaryImageOfPage\":{\"@id\":\"https:\/\/mekulo.com\/no\/produkt\/sett-med-finmasket-sil\/#primaryimage\"},\"image\":{\"@id\":\"https:\/\/mekulo.com\/no\/produkt\/sett-med-finmasket-sil\/#primaryimage\"},\"thumbnailUrl\":\"https:\/\/mekulo.com\/no\/wp-content\/uploads\/sites\/10\/2026\/02\/rmxi1ad-1.jpg\",\"datePublished\":\"2026-02-10T14:17:36+00:00\",\"dateModified\":\"2026-03-02T10:22:44+00:00\",\"breadcrumb\":{\"@id\":\"https:\/\/mekulo.com\/no\/produkt\/sett-med-finmasket-sil\/#breadcrumb\"},\"inLanguage\":\"nb-NO\",\"potentialAction\":[{\"@type\":\"ReadAction\",\"target\":[\"https:\/\/mekulo.com\/no\/produkt\/sett-med-finmasket-sil\/\"]}]},{\"@type\":\"ImageObject\",\"inLanguage\":\"nb-NO\",\"@id\":\"https:\/\/mekulo.com\/no\/produkt\/sett-med-finmasket-sil\/#primaryimage\",\"url\":\"https:\/\/mekulo.com\/no\/wp-content\/uploads\/sites\/10\/2026\/02\/rmxi1ad-1.jpg\",\"contentUrl\":\"https:\/\/mekulo.com\/no\/wp-content\/uploads\/sites\/10\/2026\/02\/rmxi1ad-1.jpg\",\"width\":800,\"height\":800},{\"@type\":\"BreadcrumbList\",\"@id\":\"https:\/\/mekulo.com\/no\/produkt\/sett-med-finmasket-sil\/#breadcrumb\",\"itemListElement\":[{\"@type\":\"ListItem\",\"position\":1,\"name\":\"Home\",\"item\":\"https:\/\/mekulo.com\/no\/\"},{\"@type\":\"ListItem\",\"position\":2,\"name\":\"Butikk\",\"item\":\"https:\/\/mekulo.com\/no\/butikk\/\"},{\"@type\":\"ListItem\",\"position\":3,\"name\":\"Sett med finmasket sil\"}]},{\"@type\":\"WebSite\",\"@id\":\"https:\/\/mekulo.com\/no\/#website\",\"url\":\"https:\/\/mekulo.com\/no\/\",\"name\":\"Mekulo NO\",\"description\":\"\",\"publisher\":{\"@id\":\"https:\/\/mekulo.com\/no\/#organization\"},\"potentialAction\":[{\"@type\":\"SearchAction\",\"target\":{\"@type\":\"EntryPoint\",\"urlTemplate\":\"https:\/\/mekulo.com\/no\/?s={search_term_string}\"},\"query-input\":{\"@type\":\"PropertyValueSpecification\",\"valueRequired\":true,\"valueName\":\"search_term_string\"}}],\"inLanguage\":\"nb-NO\"},{\"@type\":\"Organization\",\"@id\":\"https:\/\/mekulo.com\/no\/#organization\",\"name\":\"Mekulo\",\"url\":\"https:\/\/mekulo.com\/no\/\",\"logo\":{\"@type\":\"ImageObject\",\"inLanguage\":\"nb-NO\",\"@id\":\"https:\/\/mekulo.com\/no\/#\/schema\/logo\/image\/\",\"url\":\"https:\/\/mekulo.com\/no\/wp-content\/uploads\/sites\/10\/2025\/12\/favicon_mekulo.png\",\"contentUrl\":\"https:\/\/mekulo.com\/no\/wp-content\/uploads\/sites\/10\/2025\/12\/favicon_mekulo.png\",\"width\":50,\"height\":50,\"caption\":\"Mekulo\"},\"image\":{\"@id\":\"https:\/\/mekulo.com\/no\/#\/schema\/logo\/image\/\"}}]}<\/script>\n<!-- \/ Yoast SEO plugin. -->","yoast_head_json":{"title":"Sett med finmasket sil - Mekulo NO","robots":{"index":"index","follow":"follow","max-snippet":"max-snippet:-1","max-image-preview":"max-image-preview:large","max-video-preview":"max-video-preview:-1"},"canonical":"https:\/\/mekulo.com\/no\/produkt\/sett-med-finmasket-sil\/","og_locale":"nb_NO","og_type":"article","og_title":"Sett med finmasket sil - Mekulo NO","og_description":"\ud83e\udd57Dette finmaskede silsettet kombinerer riving, vasking og drenering i \u00e9n praktisk l\u00f8sning. \ud83c\udf7d\ufe0fMade av slitesterkt rustfritt st\u00e5l, og hjelper deg med \u00e5 tilberede gr\u00f8nnsaker og frukt raskt, samtidig som du holder kj\u00f8kkenet rent og organisert. \ud83c\udfe0Perfekt for daglig matlaging og tilberedning av m\u00e5ltider. Et allsidig kj\u00f8kkenredskap som sparer tid, plass og krefter hver dag.","og_url":"https:\/\/mekulo.com\/no\/produkt\/sett-med-finmasket-sil\/","og_site_name":"Mekulo NO","article_modified_time":"2026-03-02T10:22:44+00:00","og_image":[{"width":800,"height":800,"url":"https:\/\/mekulo.com\/no\/wp-content\/uploads\/sites\/10\/2026\/02\/rmxi1ad-1.jpg","type":"image\/jpeg"}],"twitter_card":"summary_large_image","twitter_misc":{"Ansl. lesetid":"2 minutter"},"schema":{"@context":"https:\/\/schema.org","@graph":[{"@type":"WebPage","@id":"https:\/\/mekulo.com\/no\/produkt\/sett-med-finmasket-sil\/","url":"https:\/\/mekulo.com\/no\/produkt\/sett-med-finmasket-sil\/","name":"Sett med finmasket sil - Mekulo NO","isPartOf":{"@id":"https:\/\/mekulo.com\/no\/#website"},"primaryImageOfPage":{"@id":"https:\/\/mekulo.com\/no\/produkt\/sett-med-finmasket-sil\/#primaryimage"},"image":{"@id":"https:\/\/mekulo.com\/no\/produkt\/sett-med-finmasket-sil\/#primaryimage"},"thumbnailUrl":"https:\/\/mekulo.com\/no\/wp-content\/uploads\/sites\/10\/2026\/02\/rmxi1ad-1.jpg","datePublished":"2026-02-10T14:17:36+00:00","dateModified":"2026-03-02T10:22:44+00:00","breadcrumb":{"@id":"https:\/\/mekulo.com\/no\/produkt\/sett-med-finmasket-sil\/#breadcrumb"},"inLanguage":"nb-NO","potentialAction":[{"@type":"ReadAction","target":["https:\/\/mekulo.com\/no\/produkt\/sett-med-finmasket-sil\/"]}]},{"@type":"ImageObject","inLanguage":"nb-NO","@id":"https:\/\/mekulo.com\/no\/produkt\/sett-med-finmasket-sil\/#primaryimage","url":"https:\/\/mekulo.com\/no\/wp-content\/uploads\/sites\/10\/2026\/02\/rmxi1ad-1.jpg","contentUrl":"https:\/\/mekulo.com\/no\/wp-content\/uploads\/sites\/10\/2026\/02\/rmxi1ad-1.jpg","width":800,"height":800},{"@type":"BreadcrumbList","@id":"https:\/\/mekulo.com\/no\/produkt\/sett-med-finmasket-sil\/#breadcrumb","itemListElement":[{"@type":"ListItem","position":1,"name":"Home","item":"https:\/\/mekulo.com\/no\/"},{"@type":"ListItem","position":2,"name":"Butikk","item":"https:\/\/mekulo.com\/no\/butikk\/"},{"@type":"ListItem","position":3,"name":"Sett med finmasket sil"}]},{"@type":"WebSite","@id":"https:\/\/mekulo.com\/no\/#website","url":"https:\/\/mekulo.com\/no\/","name":"Mekulo NO","description":"","publisher":{"@id":"https:\/\/mekulo.com\/no\/#organization"},"potentialAction":[{"@type":"SearchAction","target":{"@type":"EntryPoint","urlTemplate":"https:\/\/mekulo.com\/no\/?s={search_term_string}"},"query-input":{"@type":"PropertyValueSpecification","valueRequired":true,"valueName":"search_term_string"}}],"inLanguage":"nb-NO"},{"@type":"Organization","@id":"https:\/\/mekulo.com\/no\/#organization","name":"Mekulo","url":"https:\/\/mekulo.com\/no\/","logo":{"@type":"ImageObject","inLanguage":"nb-NO","@id":"https:\/\/mekulo.com\/no\/#\/schema\/logo\/image\/","url":"https:\/\/mekulo.com\/no\/wp-content\/uploads\/sites\/10\/2025\/12\/favicon_mekulo.png","contentUrl":"https:\/\/mekulo.com\/no\/wp-content\/uploads\/sites\/10\/2025\/12\/favicon_mekulo.png","width":50,"height":50,"caption":"Mekulo"},"image":{"@id":"https:\/\/mekulo.com\/no\/#\/schema\/logo\/image\/"}}]}},"_links":{"self":[{"href":"https:\/\/mekulo.com\/no\/wp-json\/wp\/v2\/product\/22595","targetHints":{"allow":["GET"]}}],"collection":[{"href":"https:\/\/mekulo.com\/no\/wp-json\/wp\/v2\/product"}],"about":[{"href":"https:\/\/mekulo.com\/no\/wp-json\/wp\/v2\/types\/product"}],"replies":[{"embeddable":true,"href":"https:\/\/mekulo.com\/no\/wp-json\/wp\/v2\/comments?post=22595"}],"wp:featuredmedia":[{"embeddable":true,"href":"https:\/\/mekulo.com\/no\/wp-json\/wp\/v2\/media\/22591"}],"wp:attachment":[{"href":"https:\/\/mekulo.com\/no\/wp-json\/wp\/v2\/media?parent=22595"}],"wp:term":[{"taxonomy":"product_brand","embeddable":true,"href":"https:\/\/mekulo.com\/no\/wp-json\/wp\/v2\/product_brand?post=22595"},{"taxonomy":"product_cat","embeddable":true,"href":"https:\/\/mekulo.com\/no\/wp-json\/wp\/v2\/product_cat?post=22595"},{"taxonomy":"product_tag","embeddable":true,"href":"https:\/\/mekulo.com\/no\/wp-json\/wp\/v2\/product_tag?post=22595"}],"curies":[{"name":"wp","href":"https:\/\/api.w.org\/{rel}","templated":true}]}}