{"id":22509,"date":"2026-02-09T19:17:05","date_gmt":"2026-02-09T17:17:05","guid":{"rendered":"https:\/\/mekulo.com\/no\/produkt\/rotvekstboks-2-stk\/"},"modified":"2026-03-02T12:22:56","modified_gmt":"2026-03-02T10:22:56","slug":"rotvekstboks-2-stk","status":"publish","type":"product","link":"https:\/\/mekulo.com\/no\/produkt\/rotvekstboks-2-stk\/","title":{"rendered":"Rotvekstboks (2 stk)"},"content":{"rendered":"<p style=\"text-align: center\" data-start=\"0\" data-end=\"90\"><strong data-start=\"0\" data-end=\"90\">F\u00e5 nye planter til \u00e5 vokse raskere ved \u00e5 hjelpe greiner med \u00e5 utvikle sterke r\u00f8tter direkte p\u00e5 planten. \ud83e\udeb4<\/strong><\/p>\n<p data-start=\"0\" data-end=\"90\"><img decoding=\"async\" class=\"size-full wp-image-23801 aligncenter\" src=\"https:\/\/mekulo.com\/template\/wp-content\/uploads\/sites\/6\/2026\/02\/fb79755aebd75407b9c247bb6f48ab4a9d5f02483027f29ad9b285e9c59dddf9-800.avif\" alt=\"\" \/><\/p>\n<h2 style=\"text-align: center\" data-start=\"380\" data-end=\"397\">Hovedfordeler \ud83c\udf31<\/h2>\n<p data-start=\"400\" data-end=\"457\">\ud83c\udf31 Raskere rotvekst &#8211; hjelper grener \u00e5 rote raskt.<\/p>\n<p data-start=\"460\" data-end=\"514\">\ud83d\udd12 Sikker l\u00e5sedesign &#8211; holder seg godt p\u00e5 plass.<\/p>\n<p data-start=\"517\" data-end=\"575\">\ud83d\udc40 Observasjonsvindu &#8211; overv\u00e5ker rotens fremgang enkelt.<\/p>\n<p data-start=\"578\" data-end=\"633\">\ud83d\udca7 Enkel vanningsport &#8211; tilsett vann uten \u00e5 \u00e5pne.<\/p>\n<p data-start=\"636\" data-end=\"698\">\u267b\ufe0f Gjenbrukbar og milj\u00f8vennlig &#8211; bedre enn plastinnpakning.<\/p>\n<p data-start=\"636\" data-end=\"698\"><img decoding=\"async\" class=\"size-full wp-image-23799 aligncenter\" src=\"https:\/\/mekulo.com\/template\/wp-content\/uploads\/sites\/6\/2026\/02\/f8ed02a3d84147a09470e005a96befc081c5f23a72dae00bb7a191832bd46918-800.avif\" alt=\"\" \/><\/p>\n<h2 style=\"text-align: center\" data-start=\"700\" data-end=\"714\">Slik bruker du \ud83d\udccc<\/h2>\n<ol data-start=\"715\" data-end=\"981\">\n<li data-start=\"715\" data-end=\"781\">\n<p data-start=\"718\" data-end=\"781\">\u00c5pne rotboksen og plasser den rundt den valgte grenen.<\/p>\n<\/li>\n<li data-start=\"782\" data-end=\"833\">\n<p data-start=\"785\" data-end=\"833\">Juster bunnen slik at den passer til grenens tykkelse.<\/p>\n<\/li>\n<li data-start=\"834\" data-end=\"878\">\n<p data-start=\"837\" data-end=\"878\">Fyll med fuktig jord eller rotmedium.<\/p>\n<\/li>\n<li data-start=\"879\" data-end=\"924\">\n<p data-start=\"882\" data-end=\"924\">Lukk og l\u00e5s boksen ved hjelp av spennen.<\/p>\n<\/li>\n<li data-start=\"925\" data-end=\"981\">\n<p data-start=\"928\" data-end=\"981\">Vann gjennom innl\u00f8pet og vent p\u00e5 at r\u00f8ttene dannes.<\/p>\n<\/li>\n<\/ol>\n<h2 style=\"text-align: center\" data-start=\"983\" data-end=\"1002\">Produktdetaljer \ud83d\udccf<\/h2>\n<ul data-start=\"1003\" data-end=\"1242\">\n<li data-start=\"1031\" data-end=\"1055\">\n<p data-start=\"1033\" data-end=\"1055\">Materiale: PP-plast<\/p>\n<\/li>\n<li data-start=\"1088\" data-end=\"1181\">\n<p data-start=\"1090\" data-end=\"1108\">Tilgjengelige st\u00f8rrelser: S (<span style=\"font-size: 16px\">5 cm), M (<\/span><span style=\"font-size: 16px\">8 cm), L (<\/span><span style=\"font-size: 16px\">12 cm)\u00a0<\/span><\/p>\n<\/li>\n<li data-start=\"1182\" data-end=\"1242\">\n<p data-start=\"1184\" data-end=\"1242\">Funksjoner: Justerbar base, observasjonsport, vanninntak<\/p>\n<\/li>\n<\/ul>\n<h2 style=\"text-align: center\" data-start=\"1244\" data-end=\"1264\">Pakken inkluderer \ud83d\udce6<\/h2>\n<ul data-start=\"1265\" data-end=\"1289\" data-is-last-node=\"\" data-is-only-node=\"\">\n<li data-start=\"1265\" data-end=\"1289\" data-is-last-node=\"\">\n<p data-start=\"1267\" data-end=\"1289\" data-is-last-node=\"\">2x rotvekstkasser.<\/p>\n<\/li>\n<\/ul>\n","protected":false},"excerpt":{"rendered":"<p>\ud83c\udf31Med denne rotvekstboksen kan du enkelt formere planter uten \u00e5 kutte grener f\u00f8rst.<br \/>\n\ud83d\udc69\u200d\ud83c\udf3eIt skaper det perfekte milj\u00f8et for rask rotvekst, noe som hjelper deg med \u00e5 formere planter p\u00e5 kortere tid.<br \/>\n\ud83c\udfe1Denne metoden er enkel, ren og gir h\u00f8yere suksessrate enn tradisjonell formering.<\/p>\n","protected":false},"featured_media":22505,"comment_status":"open","ping_status":"closed","template":"","meta":{"site-sidebar-layout":"default","site-content-layout":"","ast-site-content-layout":"default","site-content-style":"default","site-sidebar-style":"default","ast-global-header-display":"","ast-banner-title-visibility":"","ast-main-header-display":"","ast-hfb-above-header-display":"","ast-hfb-below-header-display":"","ast-hfb-mobile-header-display":"","site-post-title":"","ast-breadcrumbs-content":"","ast-featured-img":"","footer-sml-layout":"","theme-transparent-header-meta":"default","adv-header-id-meta":"","stick-header-meta":"","header-above-stick-meta":"","header-main-stick-meta":"","header-below-stick-meta":"","astra-migrate-meta-layouts":"set","ast-page-background-enabled":"default","ast-page-background-meta":{"desktop":{"background-color":"var(--ast-global-color-5)","background-image":"","background-repeat":"repeat","background-position":"center center","background-size":"auto","background-attachment":"scroll","background-type":"","background-media":"","overlay-type":"","overlay-color":"","overlay-opacity":"","overlay-gradient":""},"tablet":{"background-color":"","background-image":"","background-repeat":"repeat","background-position":"center center","background-size":"auto","background-attachment":"scroll","background-type":"","background-media":"","overlay-type":"","overlay-color":"","overlay-opacity":"","overlay-gradient":""},"mobile":{"background-color":"","background-image":"","background-repeat":"repeat","background-position":"center center","background-size":"auto","background-attachment":"scroll","background-type":"","background-media":"","overlay-type":"","overlay-color":"","overlay-opacity":"","overlay-gradient":""}},"ast-content-background-meta":{"desktop":{"background-color":"var(--ast-global-color-4)","background-image":"","background-repeat":"repeat","background-position":"center center","background-size":"auto","background-attachment":"scroll","background-type":"","background-media":"","overlay-type":"","overlay-color":"","overlay-opacity":"","overlay-gradient":""},"tablet":{"background-color":"var(--ast-global-color-4)","background-image":"","background-repeat":"repeat","background-position":"center center","background-size":"auto","background-attachment":"scroll","background-type":"","background-media":"","overlay-type":"","overlay-color":"","overlay-opacity":"","overlay-gradient":""},"mobile":{"background-color":"var(--ast-global-color-4)","background-image":"","background-repeat":"repeat","background-position":"center center","background-size":"auto","background-attachment":"scroll","background-type":"","background-media":"","overlay-type":"","overlay-color":"","overlay-opacity":"","overlay-gradient":""}}},"product_brand":[],"product_cat":[168],"product_tag":[],"class_list":{"0":"post-22509","1":"product","2":"type-product","3":"status-publish","4":"has-post-thumbnail","6":"product_cat-husholdningsartikler","7":"pa_55701_3cctxz5q-l","8":"pa_55701_3cctxz5q-m","9":"pa_55701_3cctxz5q-s","10":"pa_55701_hlefbx8m-gjennomsiktig","11":"pa_55701_hlefbx8m-svart","12":"desktop-align-left","13":"tablet-align-left","14":"mobile-align-left","16":"first","17":"instock","18":"shipping-taxable","19":"purchasable","20":"product-type-variable","21":"has-default-attributes"},"yoast_head":"<!-- This site is optimized with the Yoast SEO plugin v26.6 - https:\/\/yoast.com\/wordpress\/plugins\/seo\/ -->\n<title>Rotvekstboks (2 stk) - Mekulo NO<\/title>\n<meta name=\"robots\" content=\"index, follow, max-snippet:-1, max-image-preview:large, max-video-preview:-1\" \/>\n<link rel=\"canonical\" href=\"https:\/\/mekulo.com\/no\/produkt\/rotvekstboks-2-stk\/\" \/>\n<meta property=\"og:locale\" content=\"nb_NO\" \/>\n<meta property=\"og:type\" content=\"article\" \/>\n<meta property=\"og:title\" content=\"Rotvekstboks (2 stk) - Mekulo NO\" \/>\n<meta property=\"og:description\" content=\"\ud83c\udf31Med denne rotvekstboksen kan du enkelt formere planter uten \u00e5 kutte grener f\u00f8rst. \ud83d\udc69\u200d\ud83c\udf3eIt skaper det perfekte milj\u00f8et for rask rotvekst, noe som hjelper deg med \u00e5 formere planter p\u00e5 kortere tid. \ud83c\udfe1Denne metoden er enkel, ren og gir h\u00f8yere suksessrate enn tradisjonell formering.\" \/>\n<meta property=\"og:url\" content=\"https:\/\/mekulo.com\/no\/produkt\/rotvekstboks-2-stk\/\" \/>\n<meta property=\"og:site_name\" content=\"Mekulo NO\" \/>\n<meta property=\"article:modified_time\" content=\"2026-03-02T10:22:56+00:00\" \/>\n<meta property=\"og:image\" content=\"https:\/\/mekulo.com\/no\/wp-content\/uploads\/sites\/10\/2026\/02\/4b70fh8-1.jpg\" \/>\n\t<meta property=\"og:image:width\" content=\"1080\" \/>\n\t<meta property=\"og:image:height\" content=\"1080\" \/>\n\t<meta property=\"og:image:type\" content=\"image\/jpeg\" \/>\n<meta name=\"twitter:card\" content=\"summary_large_image\" \/>\n<meta name=\"twitter:label1\" content=\"Ansl. lesetid\" \/>\n\t<meta name=\"twitter:data1\" content=\"2 minutter\" \/>\n<script type=\"application\/ld+json\" class=\"yoast-schema-graph\">{\"@context\":\"https:\/\/schema.org\",\"@graph\":[{\"@type\":\"WebPage\",\"@id\":\"https:\/\/mekulo.com\/no\/produkt\/rotvekstboks-2-stk\/\",\"url\":\"https:\/\/mekulo.com\/no\/produkt\/rotvekstboks-2-stk\/\",\"name\":\"Rotvekstboks (2 stk) - Mekulo NO\",\"isPartOf\":{\"@id\":\"https:\/\/mekulo.com\/no\/#website\"},\"primaryImageOfPage\":{\"@id\":\"https:\/\/mekulo.com\/no\/produkt\/rotvekstboks-2-stk\/#primaryimage\"},\"image\":{\"@id\":\"https:\/\/mekulo.com\/no\/produkt\/rotvekstboks-2-stk\/#primaryimage\"},\"thumbnailUrl\":\"https:\/\/mekulo.com\/no\/wp-content\/uploads\/sites\/10\/2026\/02\/4b70fh8-1.jpg\",\"datePublished\":\"2026-02-09T17:17:05+00:00\",\"dateModified\":\"2026-03-02T10:22:56+00:00\",\"breadcrumb\":{\"@id\":\"https:\/\/mekulo.com\/no\/produkt\/rotvekstboks-2-stk\/#breadcrumb\"},\"inLanguage\":\"nb-NO\",\"potentialAction\":[{\"@type\":\"ReadAction\",\"target\":[\"https:\/\/mekulo.com\/no\/produkt\/rotvekstboks-2-stk\/\"]}]},{\"@type\":\"ImageObject\",\"inLanguage\":\"nb-NO\",\"@id\":\"https:\/\/mekulo.com\/no\/produkt\/rotvekstboks-2-stk\/#primaryimage\",\"url\":\"https:\/\/mekulo.com\/no\/wp-content\/uploads\/sites\/10\/2026\/02\/4b70fh8-1.jpg\",\"contentUrl\":\"https:\/\/mekulo.com\/no\/wp-content\/uploads\/sites\/10\/2026\/02\/4b70fh8-1.jpg\",\"width\":1080,\"height\":1080},{\"@type\":\"BreadcrumbList\",\"@id\":\"https:\/\/mekulo.com\/no\/produkt\/rotvekstboks-2-stk\/#breadcrumb\",\"itemListElement\":[{\"@type\":\"ListItem\",\"position\":1,\"name\":\"Home\",\"item\":\"https:\/\/mekulo.com\/no\/\"},{\"@type\":\"ListItem\",\"position\":2,\"name\":\"Butikk\",\"item\":\"https:\/\/mekulo.com\/no\/butikk\/\"},{\"@type\":\"ListItem\",\"position\":3,\"name\":\"Rotvekstboks (2 stk)\"}]},{\"@type\":\"WebSite\",\"@id\":\"https:\/\/mekulo.com\/no\/#website\",\"url\":\"https:\/\/mekulo.com\/no\/\",\"name\":\"Mekulo NO\",\"description\":\"\",\"publisher\":{\"@id\":\"https:\/\/mekulo.com\/no\/#organization\"},\"potentialAction\":[{\"@type\":\"SearchAction\",\"target\":{\"@type\":\"EntryPoint\",\"urlTemplate\":\"https:\/\/mekulo.com\/no\/?s={search_term_string}\"},\"query-input\":{\"@type\":\"PropertyValueSpecification\",\"valueRequired\":true,\"valueName\":\"search_term_string\"}}],\"inLanguage\":\"nb-NO\"},{\"@type\":\"Organization\",\"@id\":\"https:\/\/mekulo.com\/no\/#organization\",\"name\":\"Mekulo\",\"url\":\"https:\/\/mekulo.com\/no\/\",\"logo\":{\"@type\":\"ImageObject\",\"inLanguage\":\"nb-NO\",\"@id\":\"https:\/\/mekulo.com\/no\/#\/schema\/logo\/image\/\",\"url\":\"https:\/\/mekulo.com\/no\/wp-content\/uploads\/sites\/10\/2025\/12\/favicon_mekulo.png\",\"contentUrl\":\"https:\/\/mekulo.com\/no\/wp-content\/uploads\/sites\/10\/2025\/12\/favicon_mekulo.png\",\"width\":50,\"height\":50,\"caption\":\"Mekulo\"},\"image\":{\"@id\":\"https:\/\/mekulo.com\/no\/#\/schema\/logo\/image\/\"}}]}<\/script>\n<!-- \/ Yoast SEO plugin. -->","yoast_head_json":{"title":"Rotvekstboks (2 stk) - Mekulo NO","robots":{"index":"index","follow":"follow","max-snippet":"max-snippet:-1","max-image-preview":"max-image-preview:large","max-video-preview":"max-video-preview:-1"},"canonical":"https:\/\/mekulo.com\/no\/produkt\/rotvekstboks-2-stk\/","og_locale":"nb_NO","og_type":"article","og_title":"Rotvekstboks (2 stk) - Mekulo NO","og_description":"\ud83c\udf31Med denne rotvekstboksen kan du enkelt formere planter uten \u00e5 kutte grener f\u00f8rst. \ud83d\udc69\u200d\ud83c\udf3eIt skaper det perfekte milj\u00f8et for rask rotvekst, noe som hjelper deg med \u00e5 formere planter p\u00e5 kortere tid. \ud83c\udfe1Denne metoden er enkel, ren og gir h\u00f8yere suksessrate enn tradisjonell formering.","og_url":"https:\/\/mekulo.com\/no\/produkt\/rotvekstboks-2-stk\/","og_site_name":"Mekulo NO","article_modified_time":"2026-03-02T10:22:56+00:00","og_image":[{"width":1080,"height":1080,"url":"https:\/\/mekulo.com\/no\/wp-content\/uploads\/sites\/10\/2026\/02\/4b70fh8-1.jpg","type":"image\/jpeg"}],"twitter_card":"summary_large_image","twitter_misc":{"Ansl. lesetid":"2 minutter"},"schema":{"@context":"https:\/\/schema.org","@graph":[{"@type":"WebPage","@id":"https:\/\/mekulo.com\/no\/produkt\/rotvekstboks-2-stk\/","url":"https:\/\/mekulo.com\/no\/produkt\/rotvekstboks-2-stk\/","name":"Rotvekstboks (2 stk) - Mekulo NO","isPartOf":{"@id":"https:\/\/mekulo.com\/no\/#website"},"primaryImageOfPage":{"@id":"https:\/\/mekulo.com\/no\/produkt\/rotvekstboks-2-stk\/#primaryimage"},"image":{"@id":"https:\/\/mekulo.com\/no\/produkt\/rotvekstboks-2-stk\/#primaryimage"},"thumbnailUrl":"https:\/\/mekulo.com\/no\/wp-content\/uploads\/sites\/10\/2026\/02\/4b70fh8-1.jpg","datePublished":"2026-02-09T17:17:05+00:00","dateModified":"2026-03-02T10:22:56+00:00","breadcrumb":{"@id":"https:\/\/mekulo.com\/no\/produkt\/rotvekstboks-2-stk\/#breadcrumb"},"inLanguage":"nb-NO","potentialAction":[{"@type":"ReadAction","target":["https:\/\/mekulo.com\/no\/produkt\/rotvekstboks-2-stk\/"]}]},{"@type":"ImageObject","inLanguage":"nb-NO","@id":"https:\/\/mekulo.com\/no\/produkt\/rotvekstboks-2-stk\/#primaryimage","url":"https:\/\/mekulo.com\/no\/wp-content\/uploads\/sites\/10\/2026\/02\/4b70fh8-1.jpg","contentUrl":"https:\/\/mekulo.com\/no\/wp-content\/uploads\/sites\/10\/2026\/02\/4b70fh8-1.jpg","width":1080,"height":1080},{"@type":"BreadcrumbList","@id":"https:\/\/mekulo.com\/no\/produkt\/rotvekstboks-2-stk\/#breadcrumb","itemListElement":[{"@type":"ListItem","position":1,"name":"Home","item":"https:\/\/mekulo.com\/no\/"},{"@type":"ListItem","position":2,"name":"Butikk","item":"https:\/\/mekulo.com\/no\/butikk\/"},{"@type":"ListItem","position":3,"name":"Rotvekstboks (2 stk)"}]},{"@type":"WebSite","@id":"https:\/\/mekulo.com\/no\/#website","url":"https:\/\/mekulo.com\/no\/","name":"Mekulo NO","description":"","publisher":{"@id":"https:\/\/mekulo.com\/no\/#organization"},"potentialAction":[{"@type":"SearchAction","target":{"@type":"EntryPoint","urlTemplate":"https:\/\/mekulo.com\/no\/?s={search_term_string}"},"query-input":{"@type":"PropertyValueSpecification","valueRequired":true,"valueName":"search_term_string"}}],"inLanguage":"nb-NO"},{"@type":"Organization","@id":"https:\/\/mekulo.com\/no\/#organization","name":"Mekulo","url":"https:\/\/mekulo.com\/no\/","logo":{"@type":"ImageObject","inLanguage":"nb-NO","@id":"https:\/\/mekulo.com\/no\/#\/schema\/logo\/image\/","url":"https:\/\/mekulo.com\/no\/wp-content\/uploads\/sites\/10\/2025\/12\/favicon_mekulo.png","contentUrl":"https:\/\/mekulo.com\/no\/wp-content\/uploads\/sites\/10\/2025\/12\/favicon_mekulo.png","width":50,"height":50,"caption":"Mekulo"},"image":{"@id":"https:\/\/mekulo.com\/no\/#\/schema\/logo\/image\/"}}]}},"_links":{"self":[{"href":"https:\/\/mekulo.com\/no\/wp-json\/wp\/v2\/product\/22509","targetHints":{"allow":["GET"]}}],"collection":[{"href":"https:\/\/mekulo.com\/no\/wp-json\/wp\/v2\/product"}],"about":[{"href":"https:\/\/mekulo.com\/no\/wp-json\/wp\/v2\/types\/product"}],"replies":[{"embeddable":true,"href":"https:\/\/mekulo.com\/no\/wp-json\/wp\/v2\/comments?post=22509"}],"wp:featuredmedia":[{"embeddable":true,"href":"https:\/\/mekulo.com\/no\/wp-json\/wp\/v2\/media\/22505"}],"wp:attachment":[{"href":"https:\/\/mekulo.com\/no\/wp-json\/wp\/v2\/media?parent=22509"}],"wp:term":[{"taxonomy":"product_brand","embeddable":true,"href":"https:\/\/mekulo.com\/no\/wp-json\/wp\/v2\/product_brand?post=22509"},{"taxonomy":"product_cat","embeddable":true,"href":"https:\/\/mekulo.com\/no\/wp-json\/wp\/v2\/product_cat?post=22509"},{"taxonomy":"product_tag","embeddable":true,"href":"https:\/\/mekulo.com\/no\/wp-json\/wp\/v2\/product_tag?post=22509"}],"curies":[{"name":"wp","href":"https:\/\/api.w.org\/{rel}","templated":true}]}}