{"id":22494,"date":"2026-02-09T18:11:51","date_gmt":"2026-02-09T16:11:51","guid":{"rendered":"https:\/\/mekulo.com\/no\/produkt\/baerbar-juicekrusblender\/"},"modified":"2026-02-09T18:11:51","modified_gmt":"2026-02-09T16:11:51","slug":"baerbar-juicekrusblender","status":"publish","type":"product","link":"https:\/\/mekulo.com\/no\/produkt\/baerbar-juicekrusblender\/","title":{"rendered":"B\u00e6rbar juicekrusblender"},"content":{"rendered":"<p style=\"text-align: center\" data-start=\"32\" data-end=\"95\"><strong data-start=\"32\" data-end=\"95\">Bland fersk juice hvor som helst, n\u00e5r som helst med en enkel knapp. \ud83c\udf4a<\/strong><\/p>\n<p data-start=\"32\" data-end=\"95\"><img fetchpriority=\"high\" decoding=\"async\" class=\"size-full wp-image-24405 aligncenter\" src=\"https:\/\/mekulo.com\/template\/wp-content\/uploads\/sites\/6\/2026\/02\/3-3.jpg\" alt=\"\" width=\"1080\" height=\"1080\" \/><\/p>\n<h2 style=\"text-align: center\" data-start=\"378\" data-end=\"395\"><strong>Main Fordeler \ud83e\udd64<\/strong><\/h2>\n<p data-start=\"396\" data-end=\"714\">\ud83e\udd64 B\u00e6rbar og lett &#8211; Enkel \u00e5 b\u00e6re i en veske eller ryggsekk.<\/p>\n<p data-start=\"396\" data-end=\"714\">\ud83c\udf53 Stor kapasitet &#8211; Lag nok juice i en blanding.<\/p>\n<p data-start=\"396\" data-end=\"714\">\ud83d\udd2a 10 kraftige kniver &#8211; Jevn blanding og bedre frigj\u00f8ring av n\u00e6ringsstoffer.<\/p>\n<p data-start=\"396\" data-end=\"714\">\ud83d\udd0b Tr\u00e5dl\u00f8s lading &#8211; Ingen kabler n\u00f8dvendig under bruk.<\/p>\n<p data-start=\"396\" data-end=\"714\">\u26a1 En-knapps betjening &#8211; Enkel og trygg for alle aldre.<\/p>\n<p data-start=\"396\" data-end=\"714\"><img decoding=\"async\" class=\"size-full wp-image-24408 aligncenter\" src=\"https:\/\/mekulo.com\/template\/wp-content\/uploads\/sites\/6\/2026\/02\/S5e282d4a088544eb8aca05a7d06d0556y.webp\" alt=\"\" width=\"1601\" height=\"1601\" \/><\/p>\n<h2 style=\"text-align: center\" data-start=\"721\" data-end=\"735\"><strong>Hvordan Du Bruker \ud83d\udccc<\/strong><\/h2>\n<ol data-start=\"736\" data-end=\"934\">\n<li data-start=\"736\" data-end=\"783\">\n<p data-start=\"739\" data-end=\"783\">Legg oppsk\u00e5ret frukt eller gr\u00f8nnsaker i koppen.<\/p>\n<\/li>\n<li data-start=\"784\" data-end=\"836\">\n<p data-start=\"787\" data-end=\"836\">lukk lokket tett og snu koppen oppreist.<\/p>\n<\/li>\n<li data-start=\"837\" data-end=\"883\">\n<p data-start=\"840\" data-end=\"883\">trykk p\u00e5 av\/p\u00e5-knappen for \u00e5 begynne \u00e5 blande.<\/p>\n<\/li>\n<li data-start=\"884\" data-end=\"934\">\n<p data-start=\"887\" data-end=\"934\">nyt den ferske juicen direkte fra koppen.<\/p>\n<\/li>\n<\/ol>\n<h2 style=\"text-align: center\" data-start=\"941\" data-end=\"960\"><strong>Produktdetaljer \ud83d\udccf<\/strong><\/h2>\n<ul data-start=\"961\" data-end=\"1236\">\n<li data-start=\"1002\" data-end=\"1019\">\n<p data-start=\"1004\" data-end=\"1019\">Materiale: ABS<\/p>\n<\/li>\n<li data-start=\"1020\" data-end=\"1065\">\n<p data-start=\"1022\" data-end=\"1065\">Batteri: 2600mAh innebygd litiumbatteri<\/p>\n<\/li>\n<li data-start=\"1066\" data-end=\"1080\">\n<p data-start=\"1068\" data-end=\"1080\">Effekt: 40W<\/p>\n<\/li>\n<li data-start=\"1081\" data-end=\"1118\">\n<p data-start=\"1083\" data-end=\"1118\">Blad: 10 kniver i rustfritt st\u00e5l<\/p>\n<\/li>\n<li data-start=\"1119\" data-end=\"1172\">\n<p data-start=\"1121\" data-end=\"1172\">Kapasitet: 800 ml drikke lokk \/ 500 ml blandelokk<\/p>\n<\/li>\n<li data-start=\"1173\" data-end=\"1201\">\n<p data-start=\"1175\" data-end=\"1201\">Ladetid: 3-4 timer<\/p>\n<\/li>\n<li data-start=\"1202\" data-end=\"1236\">\n<p data-start=\"1204\" data-end=\"1236\">Bruk per lading: 15-20 blandinger<\/p>\n<\/li>\n<li data-start=\"1202\" data-end=\"1236\">St\u00f8rrelse: 155 x 110 mm<\/li>\n<\/ul>\n<h2 style=\"text-align: center\" data-start=\"1243\" data-end=\"1263\"><strong>Pakken Inkluderer \ud83d\udce6<\/strong><\/h2>\n<ul data-start=\"1264\" data-end=\"1316\">\n<li data-start=\"1264\" data-end=\"1281\">\n<p data-start=\"1266\" data-end=\"1281\">1x juicekopp<\/p>\n<\/li>\n<li data-start=\"1282\" data-end=\"1304\">\n<p data-start=\"1284\" data-end=\"1304\">1x USB-ladekabel<\/p>\n<\/li>\n<li data-start=\"1305\" data-end=\"1316\">\n<p data-start=\"1307\" data-end=\"1316\">1x lokk.<\/p>\n<\/li>\n<\/ul>\n","protected":false},"excerpt":{"rendered":"<p><span style=\"font-size: 16px\">\ud83e\udd64<\/span>Med denne b\u00e6rbare juicekrusblenderen kan du raskt forvandle frukt og gr\u00f8nnsaker til glatte drikker uansett hvor du er.<br \/>\n<span style=\"font-size: 16px\">\ud83c\udf4f<\/span>Den tr\u00e5dl\u00f8se designen, den kraftige motoren og de skarpe knivene gj\u00f8r juicing raskt og enkelt.<br \/>\n\ud83c\udfebPerfekt for travle morgener, reiser, jobb, skole eller treningsrutiner. <span style=\"font-size: 16px\">En enkel og praktisk m\u00e5te \u00e5 nyte fersk, sunn juice uansett hvor livet tar deg.<\/span><\/p>\n","protected":false},"featured_media":22490,"comment_status":"open","ping_status":"closed","template":"","meta":{"site-sidebar-layout":"default","site-content-layout":"","ast-site-content-layout":"default","site-content-style":"default","site-sidebar-style":"default","ast-global-header-display":"","ast-banner-title-visibility":"","ast-main-header-display":"","ast-hfb-above-header-display":"","ast-hfb-below-header-display":"","ast-hfb-mobile-header-display":"","site-post-title":"","ast-breadcrumbs-content":"","ast-featured-img":"","footer-sml-layout":"","theme-transparent-header-meta":"default","adv-header-id-meta":"","stick-header-meta":"","header-above-stick-meta":"","header-main-stick-meta":"","header-below-stick-meta":"","astra-migrate-meta-layouts":"set","ast-page-background-enabled":"default","ast-page-background-meta":{"desktop":{"background-color":"var(--ast-global-color-5)","background-image":"","background-repeat":"repeat","background-position":"center center","background-size":"auto","background-attachment":"scroll","background-type":"","background-media":"","overlay-type":"","overlay-color":"","overlay-opacity":"","overlay-gradient":""},"tablet":{"background-color":"","background-image":"","background-repeat":"repeat","background-position":"center center","background-size":"auto","background-attachment":"scroll","background-type":"","background-media":"","overlay-type":"","overlay-color":"","overlay-opacity":"","overlay-gradient":""},"mobile":{"background-color":"","background-image":"","background-repeat":"repeat","background-position":"center center","background-size":"auto","background-attachment":"scroll","background-type":"","background-media":"","overlay-type":"","overlay-color":"","overlay-opacity":"","overlay-gradient":""}},"ast-content-background-meta":{"desktop":{"background-color":"var(--ast-global-color-4)","background-image":"","background-repeat":"repeat","background-position":"center center","background-size":"auto","background-attachment":"scroll","background-type":"","background-media":"","overlay-type":"","overlay-color":"","overlay-opacity":"","overlay-gradient":""},"tablet":{"background-color":"var(--ast-global-color-4)","background-image":"","background-repeat":"repeat","background-position":"center center","background-size":"auto","background-attachment":"scroll","background-type":"","background-media":"","overlay-type":"","overlay-color":"","overlay-opacity":"","overlay-gradient":""},"mobile":{"background-color":"var(--ast-global-color-4)","background-image":"","background-repeat":"repeat","background-position":"center center","background-size":"auto","background-attachment":"scroll","background-type":"","background-media":"","overlay-type":"","overlay-color":"","overlay-opacity":"","overlay-gradient":""}}},"product_brand":[],"product_cat":[15],"product_tag":[],"class_list":{"0":"post-22494","1":"product","2":"type-product","3":"status-publish","4":"has-post-thumbnail","6":"product_cat-uncategorized","7":"desktop-align-left","8":"tablet-align-left","9":"mobile-align-left","11":"first","12":"instock","13":"shipping-taxable","14":"purchasable","15":"product-type-simple"},"yoast_head":"<!-- This site is optimized with the Yoast SEO plugin v26.6 - https:\/\/yoast.com\/wordpress\/plugins\/seo\/ -->\n<title>B\u00e6rbar juicekrusblender - Mekulo NO<\/title>\n<meta name=\"robots\" content=\"index, follow, max-snippet:-1, max-image-preview:large, max-video-preview:-1\" \/>\n<link rel=\"canonical\" href=\"https:\/\/mekulo.com\/no\/produkt\/baerbar-juicekrusblender\/\" \/>\n<meta property=\"og:locale\" content=\"nb_NO\" \/>\n<meta property=\"og:type\" content=\"article\" \/>\n<meta property=\"og:title\" content=\"B\u00e6rbar juicekrusblender - Mekulo NO\" \/>\n<meta property=\"og:description\" content=\"\ud83e\udd64Med denne b\u00e6rbare juicekrusblenderen kan du raskt forvandle frukt og gr\u00f8nnsaker til glatte drikker uansett hvor du er. \ud83c\udf4fDen tr\u00e5dl\u00f8se designen, den kraftige motoren og de skarpe knivene gj\u00f8r juicing raskt og enkelt. \ud83c\udfebPerfekt for travle morgener, reiser, jobb, skole eller treningsrutiner. En enkel og praktisk m\u00e5te \u00e5 nyte fersk, sunn juice uansett hvor livet tar deg.\" \/>\n<meta property=\"og:url\" content=\"https:\/\/mekulo.com\/no\/produkt\/baerbar-juicekrusblender\/\" \/>\n<meta property=\"og:site_name\" content=\"Mekulo NO\" \/>\n<meta property=\"og:image\" content=\"https:\/\/mekulo.com\/no\/wp-content\/uploads\/sites\/10\/2026\/02\/70409bt-1.jpg\" \/>\n\t<meta property=\"og:image:width\" content=\"1080\" \/>\n\t<meta property=\"og:image:height\" content=\"1080\" \/>\n\t<meta property=\"og:image:type\" content=\"image\/jpeg\" \/>\n<meta name=\"twitter:card\" content=\"summary_large_image\" \/>\n<meta name=\"twitter:label1\" content=\"Ansl. lesetid\" \/>\n\t<meta name=\"twitter:data1\" content=\"2 minutter\" \/>\n<script type=\"application\/ld+json\" class=\"yoast-schema-graph\">{\"@context\":\"https:\/\/schema.org\",\"@graph\":[{\"@type\":\"WebPage\",\"@id\":\"https:\/\/mekulo.com\/no\/produkt\/baerbar-juicekrusblender\/\",\"url\":\"https:\/\/mekulo.com\/no\/produkt\/baerbar-juicekrusblender\/\",\"name\":\"B\u00e6rbar juicekrusblender - Mekulo NO\",\"isPartOf\":{\"@id\":\"https:\/\/mekulo.com\/no\/#website\"},\"primaryImageOfPage\":{\"@id\":\"https:\/\/mekulo.com\/no\/produkt\/baerbar-juicekrusblender\/#primaryimage\"},\"image\":{\"@id\":\"https:\/\/mekulo.com\/no\/produkt\/baerbar-juicekrusblender\/#primaryimage\"},\"thumbnailUrl\":\"https:\/\/mekulo.com\/no\/wp-content\/uploads\/sites\/10\/2026\/02\/70409bt-1.jpg\",\"datePublished\":\"2026-02-09T16:11:51+00:00\",\"breadcrumb\":{\"@id\":\"https:\/\/mekulo.com\/no\/produkt\/baerbar-juicekrusblender\/#breadcrumb\"},\"inLanguage\":\"nb-NO\",\"potentialAction\":[{\"@type\":\"ReadAction\",\"target\":[\"https:\/\/mekulo.com\/no\/produkt\/baerbar-juicekrusblender\/\"]}]},{\"@type\":\"ImageObject\",\"inLanguage\":\"nb-NO\",\"@id\":\"https:\/\/mekulo.com\/no\/produkt\/baerbar-juicekrusblender\/#primaryimage\",\"url\":\"https:\/\/mekulo.com\/no\/wp-content\/uploads\/sites\/10\/2026\/02\/70409bt-1.jpg\",\"contentUrl\":\"https:\/\/mekulo.com\/no\/wp-content\/uploads\/sites\/10\/2026\/02\/70409bt-1.jpg\",\"width\":1080,\"height\":1080},{\"@type\":\"BreadcrumbList\",\"@id\":\"https:\/\/mekulo.com\/no\/produkt\/baerbar-juicekrusblender\/#breadcrumb\",\"itemListElement\":[{\"@type\":\"ListItem\",\"position\":1,\"name\":\"Home\",\"item\":\"https:\/\/mekulo.com\/no\/\"},{\"@type\":\"ListItem\",\"position\":2,\"name\":\"Butikk\",\"item\":\"https:\/\/mekulo.com\/no\/butikk\/\"},{\"@type\":\"ListItem\",\"position\":3,\"name\":\"B\u00e6rbar juicekrusblender\"}]},{\"@type\":\"WebSite\",\"@id\":\"https:\/\/mekulo.com\/no\/#website\",\"url\":\"https:\/\/mekulo.com\/no\/\",\"name\":\"Mekulo NO\",\"description\":\"\",\"publisher\":{\"@id\":\"https:\/\/mekulo.com\/no\/#organization\"},\"potentialAction\":[{\"@type\":\"SearchAction\",\"target\":{\"@type\":\"EntryPoint\",\"urlTemplate\":\"https:\/\/mekulo.com\/no\/?s={search_term_string}\"},\"query-input\":{\"@type\":\"PropertyValueSpecification\",\"valueRequired\":true,\"valueName\":\"search_term_string\"}}],\"inLanguage\":\"nb-NO\"},{\"@type\":\"Organization\",\"@id\":\"https:\/\/mekulo.com\/no\/#organization\",\"name\":\"Mekulo\",\"url\":\"https:\/\/mekulo.com\/no\/\",\"logo\":{\"@type\":\"ImageObject\",\"inLanguage\":\"nb-NO\",\"@id\":\"https:\/\/mekulo.com\/no\/#\/schema\/logo\/image\/\",\"url\":\"https:\/\/mekulo.com\/no\/wp-content\/uploads\/sites\/10\/2025\/12\/favicon_mekulo.png\",\"contentUrl\":\"https:\/\/mekulo.com\/no\/wp-content\/uploads\/sites\/10\/2025\/12\/favicon_mekulo.png\",\"width\":50,\"height\":50,\"caption\":\"Mekulo\"},\"image\":{\"@id\":\"https:\/\/mekulo.com\/no\/#\/schema\/logo\/image\/\"}}]}<\/script>\n<!-- \/ Yoast SEO plugin. -->","yoast_head_json":{"title":"B\u00e6rbar juicekrusblender - Mekulo NO","robots":{"index":"index","follow":"follow","max-snippet":"max-snippet:-1","max-image-preview":"max-image-preview:large","max-video-preview":"max-video-preview:-1"},"canonical":"https:\/\/mekulo.com\/no\/produkt\/baerbar-juicekrusblender\/","og_locale":"nb_NO","og_type":"article","og_title":"B\u00e6rbar juicekrusblender - Mekulo NO","og_description":"\ud83e\udd64Med denne b\u00e6rbare juicekrusblenderen kan du raskt forvandle frukt og gr\u00f8nnsaker til glatte drikker uansett hvor du er. \ud83c\udf4fDen tr\u00e5dl\u00f8se designen, den kraftige motoren og de skarpe knivene gj\u00f8r juicing raskt og enkelt. \ud83c\udfebPerfekt for travle morgener, reiser, jobb, skole eller treningsrutiner. En enkel og praktisk m\u00e5te \u00e5 nyte fersk, sunn juice uansett hvor livet tar deg.","og_url":"https:\/\/mekulo.com\/no\/produkt\/baerbar-juicekrusblender\/","og_site_name":"Mekulo NO","og_image":[{"width":1080,"height":1080,"url":"https:\/\/mekulo.com\/no\/wp-content\/uploads\/sites\/10\/2026\/02\/70409bt-1.jpg","type":"image\/jpeg"}],"twitter_card":"summary_large_image","twitter_misc":{"Ansl. lesetid":"2 minutter"},"schema":{"@context":"https:\/\/schema.org","@graph":[{"@type":"WebPage","@id":"https:\/\/mekulo.com\/no\/produkt\/baerbar-juicekrusblender\/","url":"https:\/\/mekulo.com\/no\/produkt\/baerbar-juicekrusblender\/","name":"B\u00e6rbar juicekrusblender - Mekulo NO","isPartOf":{"@id":"https:\/\/mekulo.com\/no\/#website"},"primaryImageOfPage":{"@id":"https:\/\/mekulo.com\/no\/produkt\/baerbar-juicekrusblender\/#primaryimage"},"image":{"@id":"https:\/\/mekulo.com\/no\/produkt\/baerbar-juicekrusblender\/#primaryimage"},"thumbnailUrl":"https:\/\/mekulo.com\/no\/wp-content\/uploads\/sites\/10\/2026\/02\/70409bt-1.jpg","datePublished":"2026-02-09T16:11:51+00:00","breadcrumb":{"@id":"https:\/\/mekulo.com\/no\/produkt\/baerbar-juicekrusblender\/#breadcrumb"},"inLanguage":"nb-NO","potentialAction":[{"@type":"ReadAction","target":["https:\/\/mekulo.com\/no\/produkt\/baerbar-juicekrusblender\/"]}]},{"@type":"ImageObject","inLanguage":"nb-NO","@id":"https:\/\/mekulo.com\/no\/produkt\/baerbar-juicekrusblender\/#primaryimage","url":"https:\/\/mekulo.com\/no\/wp-content\/uploads\/sites\/10\/2026\/02\/70409bt-1.jpg","contentUrl":"https:\/\/mekulo.com\/no\/wp-content\/uploads\/sites\/10\/2026\/02\/70409bt-1.jpg","width":1080,"height":1080},{"@type":"BreadcrumbList","@id":"https:\/\/mekulo.com\/no\/produkt\/baerbar-juicekrusblender\/#breadcrumb","itemListElement":[{"@type":"ListItem","position":1,"name":"Home","item":"https:\/\/mekulo.com\/no\/"},{"@type":"ListItem","position":2,"name":"Butikk","item":"https:\/\/mekulo.com\/no\/butikk\/"},{"@type":"ListItem","position":3,"name":"B\u00e6rbar juicekrusblender"}]},{"@type":"WebSite","@id":"https:\/\/mekulo.com\/no\/#website","url":"https:\/\/mekulo.com\/no\/","name":"Mekulo NO","description":"","publisher":{"@id":"https:\/\/mekulo.com\/no\/#organization"},"potentialAction":[{"@type":"SearchAction","target":{"@type":"EntryPoint","urlTemplate":"https:\/\/mekulo.com\/no\/?s={search_term_string}"},"query-input":{"@type":"PropertyValueSpecification","valueRequired":true,"valueName":"search_term_string"}}],"inLanguage":"nb-NO"},{"@type":"Organization","@id":"https:\/\/mekulo.com\/no\/#organization","name":"Mekulo","url":"https:\/\/mekulo.com\/no\/","logo":{"@type":"ImageObject","inLanguage":"nb-NO","@id":"https:\/\/mekulo.com\/no\/#\/schema\/logo\/image\/","url":"https:\/\/mekulo.com\/no\/wp-content\/uploads\/sites\/10\/2025\/12\/favicon_mekulo.png","contentUrl":"https:\/\/mekulo.com\/no\/wp-content\/uploads\/sites\/10\/2025\/12\/favicon_mekulo.png","width":50,"height":50,"caption":"Mekulo"},"image":{"@id":"https:\/\/mekulo.com\/no\/#\/schema\/logo\/image\/"}}]}},"_links":{"self":[{"href":"https:\/\/mekulo.com\/no\/wp-json\/wp\/v2\/product\/22494","targetHints":{"allow":["GET"]}}],"collection":[{"href":"https:\/\/mekulo.com\/no\/wp-json\/wp\/v2\/product"}],"about":[{"href":"https:\/\/mekulo.com\/no\/wp-json\/wp\/v2\/types\/product"}],"replies":[{"embeddable":true,"href":"https:\/\/mekulo.com\/no\/wp-json\/wp\/v2\/comments?post=22494"}],"wp:featuredmedia":[{"embeddable":true,"href":"https:\/\/mekulo.com\/no\/wp-json\/wp\/v2\/media\/22490"}],"wp:attachment":[{"href":"https:\/\/mekulo.com\/no\/wp-json\/wp\/v2\/media?parent=22494"}],"wp:term":[{"taxonomy":"product_brand","embeddable":true,"href":"https:\/\/mekulo.com\/no\/wp-json\/wp\/v2\/product_brand?post=22494"},{"taxonomy":"product_cat","embeddable":true,"href":"https:\/\/mekulo.com\/no\/wp-json\/wp\/v2\/product_cat?post=22494"},{"taxonomy":"product_tag","embeddable":true,"href":"https:\/\/mekulo.com\/no\/wp-json\/wp\/v2\/product_tag?post=22494"}],"curies":[{"name":"wp","href":"https:\/\/api.w.org\/{rel}","templated":true}]}}