{"id":22462,"date":"2026-02-09T17:23:37","date_gmt":"2026-02-09T15:23:37","guid":{"rendered":"https:\/\/mekulo.com\/no\/produkt\/vaerhane\/"},"modified":"2026-02-09T17:24:21","modified_gmt":"2026-02-09T15:24:21","slug":"vaerhane","status":"publish","type":"product","link":"https:\/\/mekulo.com\/no\/produkt\/vaerhane\/","title":{"rendered":"V\u00e6rhane"},"content":{"rendered":"<p style=\"text-align: center\" data-start=\"18\" data-end=\"99\"><strong data-start=\"18\" data-end=\"99\">F\u00e5 et raskt overblikk over vindretningen samtidig som du gir stil til uterommet ditt. \ud83c\udfe1<\/strong><\/p>\n<p data-start=\"18\" data-end=\"99\"><img fetchpriority=\"high\" decoding=\"async\" class=\"size-full wp-image-24379 aligncenter\" src=\"https:\/\/mekulo.com\/template\/wp-content\/uploads\/sites\/6\/2026\/02\/0c875642-e8b0-4dbf-a7a6-fc5388165dfb.webp\" alt=\"\" width=\"1000\" height=\"1000\" \/><\/p>\n<h2 style=\"text-align: center\" data-start=\"360\" data-end=\"377\"><strong>Hovedfordeler \ud83c\udfe1<\/strong><\/h2>\n<p data-start=\"378\" data-end=\"838\">\ud83c\udf2c\ufe0f Jevn vindretningsvisning &#8211; Roterer enkelt med en presisjonsdreining.<\/p>\n<p data-start=\"378\" data-end=\"838\">\ud83d\udda4 Stilig design &#8211; Satin svart finish med rene, elegante linjer.<\/p>\n<p data-start=\"378\" data-end=\"838\">\ud83d\udee1\ufe0f Rustbestandig rustfritt st\u00e5l &#8211; Bygget for langvarig utend\u00f8rs bruk.<\/p>\n<p data-start=\"378\" data-end=\"838\">\ud83c\udfe1 Bred applikasjon &#8211; Perfekt for tak, hager, l\u00e5ver og lysthus.<\/p>\n<p data-start=\"378\" data-end=\"838\">\ud83c\udf81 Flott gaveide &#8211; Ideell for husoppvarming, h\u00f8ytider og spesielle arrangementer.<\/p>\n<p data-start=\"378\" data-end=\"838\">\ud83c\udf31 Milj\u00f8vennlig og trygg &#8211; Giftfrie materialer, trygge for mennesker og dyr.<\/p>\n<p data-start=\"378\" data-end=\"838\"><img decoding=\"async\" class=\" wp-image-24378 aligncenter\" src=\"https:\/\/mekulo.com\/template\/wp-content\/uploads\/sites\/6\/2026\/02\/A40yjmBrBzulf9oBwPWK.jpg\" alt=\"\" width=\"731\" height=\"731\" \/><\/p>\n<h2 style=\"text-align: center\" data-start=\"845\" data-end=\"859\"><strong>Hvordan Du Bruker \ud83d\udccc<\/strong><\/h2>\n<ol data-start=\"860\" data-end=\"1118\">\n<li data-start=\"860\" data-end=\"921\">\n<p data-start=\"863\" data-end=\"921\">Velg et h\u00f8yt og \u00e5pent sted med god vindeksponering.<\/p>\n<\/li>\n<li data-start=\"922\" data-end=\"990\">\n<p data-start=\"925\" data-end=\"990\">Fest v\u00e6rbladet godt til taket, stolpen eller strukturen.<\/p>\n<\/li>\n<li data-start=\"991\" data-end=\"1055\">\n<p data-start=\"994\" data-end=\"1055\">Juster det riktig med kardinalretningene hvis det f\u00f8lger med.<\/p>\n<\/li>\n<li data-start=\"1056\" data-end=\"1118\">\n<p data-start=\"1059\" data-end=\"1118\">La vinden rotere vingen naturlig for \u00e5 vise retning.<\/p>\n<\/li>\n<\/ol>\n<h2 style=\"text-align: center\" data-start=\"1125\" data-end=\"1144\"><strong>Produktdetaljer \ud83d\udccf<\/strong><\/h2>\n<ul data-start=\"1145\" data-end=\"1323\">\n<li data-start=\"1145\" data-end=\"1174\">\n<p data-start=\"1147\" data-end=\"1174\">Materiale: Rustfritt st\u00e5l<\/p>\n<\/li>\n<li data-start=\"1175\" data-end=\"1198\">\n<p data-start=\"1177\" data-end=\"1198\">Finish: Satin svart<\/p>\n<\/li>\n<li data-start=\"1199\" data-end=\"1251\">\n<p data-start=\"1201\" data-end=\"1251\">Design: H\u00e5ndlaget med glatte, gratfrie kanter<\/p>\n<\/li>\n<li data-start=\"1252\" data-end=\"1323\">\n<p data-start=\"1254\" data-end=\"1323\">Funksjon: Vindretningsindikator og dekorativ utend\u00f8rs skulptur<\/p>\n<\/li>\n<li data-start=\"1252\" data-end=\"1323\">St\u00f8rrelse: St\u00f8rrelsen er forskjellig for hver form<\/li>\n<\/ul>\n<h2 style=\"text-align: center\" data-start=\"1330\" data-end=\"1350\"><strong>Pakken Inkluderer \ud83d\udce6<\/strong><\/h2>\n<ul data-start=\"1351\" data-end=\"1371\">\n<li data-start=\"1351\" data-end=\"1371\">\n<p data-start=\"1353\" data-end=\"1371\">1x v\u00e6rhane.<\/p>\n<\/li>\n<\/ul>\n","protected":false},"excerpt":{"rendered":"<p>\ud83c\udf2c\ufe0fThis V\u00e6rfl\u00f8yen i rustfritt st\u00e5l roterer jevnt med vinden for \u00e5 vise vindretningen.<br \/>\n\ud83c\udfe1Den elegante designen fungerer ogs\u00e5 som en dekorativ aksent for hjemmet, hagen eller taket.<br \/>\n\ud83c\udf31En funksjonell og elegant m\u00e5te \u00e5 spore vinden p\u00e5, samtidig som den forbedrer utseendet p\u00e5 uterommet ditt.<\/p>\n","protected":false},"featured_media":22458,"comment_status":"open","ping_status":"closed","template":"","meta":{"site-sidebar-layout":"default","site-content-layout":"","ast-site-content-layout":"default","site-content-style":"default","site-sidebar-style":"default","ast-global-header-display":"","ast-banner-title-visibility":"","ast-main-header-display":"","ast-hfb-above-header-display":"","ast-hfb-below-header-display":"","ast-hfb-mobile-header-display":"","site-post-title":"","ast-breadcrumbs-content":"","ast-featured-img":"","footer-sml-layout":"","theme-transparent-header-meta":"default","adv-header-id-meta":"","stick-header-meta":"","header-above-stick-meta":"","header-main-stick-meta":"","header-below-stick-meta":"","astra-migrate-meta-layouts":"set","ast-page-background-enabled":"default","ast-page-background-meta":{"desktop":{"background-color":"var(--ast-global-color-5)","background-image":"","background-repeat":"repeat","background-position":"center center","background-size":"auto","background-attachment":"scroll","background-type":"","background-media":"","overlay-type":"","overlay-color":"","overlay-opacity":"","overlay-gradient":""},"tablet":{"background-color":"","background-image":"","background-repeat":"repeat","background-position":"center center","background-size":"auto","background-attachment":"scroll","background-type":"","background-media":"","overlay-type":"","overlay-color":"","overlay-opacity":"","overlay-gradient":""},"mobile":{"background-color":"","background-image":"","background-repeat":"repeat","background-position":"center center","background-size":"auto","background-attachment":"scroll","background-type":"","background-media":"","overlay-type":"","overlay-color":"","overlay-opacity":"","overlay-gradient":""}},"ast-content-background-meta":{"desktop":{"background-color":"var(--ast-global-color-4)","background-image":"","background-repeat":"repeat","background-position":"center center","background-size":"auto","background-attachment":"scroll","background-type":"","background-media":"","overlay-type":"","overlay-color":"","overlay-opacity":"","overlay-gradient":""},"tablet":{"background-color":"var(--ast-global-color-4)","background-image":"","background-repeat":"repeat","background-position":"center center","background-size":"auto","background-attachment":"scroll","background-type":"","background-media":"","overlay-type":"","overlay-color":"","overlay-opacity":"","overlay-gradient":""},"mobile":{"background-color":"var(--ast-global-color-4)","background-image":"","background-repeat":"repeat","background-position":"center center","background-size":"auto","background-attachment":"scroll","background-type":"","background-media":"","overlay-type":"","overlay-color":"","overlay-opacity":"","overlay-gradient":""}}},"product_brand":[],"product_cat":[168],"product_tag":[],"class_list":{"0":"post-22462","1":"product","2":"type-product","3":"status-publish","4":"has-post-thumbnail","6":"product_cat-husholdningsartikler","7":"pa_58448_88bhdnt2-a","8":"pa_58448_88bhdnt2-b","9":"pa_58448_88bhdnt2-c","10":"pa_58448_88bhdnt2-d","11":"pa_58448_88bhdnt2-e","12":"pa_58448_88bhdnt2-f","13":"pa_58448_88bhdnt2-g","14":"pa_58448_88bhdnt2-h","15":"pa_58448_88bhdnt2-i","16":"pa_58448_88bhdnt2-j","17":"pa_58448_88bhdnt2-k","18":"desktop-align-left","19":"tablet-align-left","20":"mobile-align-left","22":"first","23":"instock","24":"shipping-taxable","25":"purchasable","26":"product-type-variable"},"yoast_head":"<!-- This site is optimized with the Yoast SEO plugin v26.6 - https:\/\/yoast.com\/wordpress\/plugins\/seo\/ -->\n<title>V\u00e6rhane - Mekulo NO<\/title>\n<meta name=\"robots\" content=\"index, follow, max-snippet:-1, max-image-preview:large, max-video-preview:-1\" \/>\n<link rel=\"canonical\" href=\"https:\/\/mekulo.com\/no\/produkt\/vaerhane\/\" \/>\n<meta property=\"og:locale\" content=\"nb_NO\" \/>\n<meta property=\"og:type\" content=\"article\" \/>\n<meta property=\"og:title\" content=\"V\u00e6rhane - Mekulo NO\" \/>\n<meta property=\"og:description\" content=\"\ud83c\udf2c\ufe0fThis V\u00e6rfl\u00f8yen i rustfritt st\u00e5l roterer jevnt med vinden for \u00e5 vise vindretningen. \ud83c\udfe1Den elegante designen fungerer ogs\u00e5 som en dekorativ aksent for hjemmet, hagen eller taket. \ud83c\udf31En funksjonell og elegant m\u00e5te \u00e5 spore vinden p\u00e5, samtidig som den forbedrer utseendet p\u00e5 uterommet ditt.\" \/>\n<meta property=\"og:url\" content=\"https:\/\/mekulo.com\/no\/produkt\/vaerhane\/\" \/>\n<meta property=\"og:site_name\" content=\"Mekulo NO\" \/>\n<meta property=\"article:modified_time\" content=\"2026-02-09T15:24:21+00:00\" \/>\n<meta property=\"og:image\" content=\"https:\/\/mekulo.com\/no\/wp-content\/uploads\/sites\/10\/2026\/02\/dqizmyu-1.webp\" \/>\n\t<meta property=\"og:image:width\" content=\"1000\" \/>\n\t<meta property=\"og:image:height\" content=\"1000\" \/>\n\t<meta property=\"og:image:type\" content=\"image\/webp\" \/>\n<meta name=\"twitter:card\" content=\"summary_large_image\" \/>\n<meta name=\"twitter:label1\" content=\"Ansl. lesetid\" \/>\n\t<meta name=\"twitter:data1\" content=\"2 minutter\" \/>\n<script type=\"application\/ld+json\" class=\"yoast-schema-graph\">{\"@context\":\"https:\/\/schema.org\",\"@graph\":[{\"@type\":\"WebPage\",\"@id\":\"https:\/\/mekulo.com\/no\/produkt\/vaerhane\/\",\"url\":\"https:\/\/mekulo.com\/no\/produkt\/vaerhane\/\",\"name\":\"V\u00e6rhane - Mekulo NO\",\"isPartOf\":{\"@id\":\"https:\/\/mekulo.com\/no\/#website\"},\"primaryImageOfPage\":{\"@id\":\"https:\/\/mekulo.com\/no\/produkt\/vaerhane\/#primaryimage\"},\"image\":{\"@id\":\"https:\/\/mekulo.com\/no\/produkt\/vaerhane\/#primaryimage\"},\"thumbnailUrl\":\"https:\/\/mekulo.com\/no\/wp-content\/uploads\/sites\/10\/2026\/02\/dqizmyu-1.webp\",\"datePublished\":\"2026-02-09T15:23:37+00:00\",\"dateModified\":\"2026-02-09T15:24:21+00:00\",\"breadcrumb\":{\"@id\":\"https:\/\/mekulo.com\/no\/produkt\/vaerhane\/#breadcrumb\"},\"inLanguage\":\"nb-NO\",\"potentialAction\":[{\"@type\":\"ReadAction\",\"target\":[\"https:\/\/mekulo.com\/no\/produkt\/vaerhane\/\"]}]},{\"@type\":\"ImageObject\",\"inLanguage\":\"nb-NO\",\"@id\":\"https:\/\/mekulo.com\/no\/produkt\/vaerhane\/#primaryimage\",\"url\":\"https:\/\/mekulo.com\/no\/wp-content\/uploads\/sites\/10\/2026\/02\/dqizmyu-1.webp\",\"contentUrl\":\"https:\/\/mekulo.com\/no\/wp-content\/uploads\/sites\/10\/2026\/02\/dqizmyu-1.webp\",\"width\":1000,\"height\":1000},{\"@type\":\"BreadcrumbList\",\"@id\":\"https:\/\/mekulo.com\/no\/produkt\/vaerhane\/#breadcrumb\",\"itemListElement\":[{\"@type\":\"ListItem\",\"position\":1,\"name\":\"Home\",\"item\":\"https:\/\/mekulo.com\/no\/\"},{\"@type\":\"ListItem\",\"position\":2,\"name\":\"Butikk\",\"item\":\"https:\/\/mekulo.com\/no\/butikk\/\"},{\"@type\":\"ListItem\",\"position\":3,\"name\":\"V\u00e6rhane\"}]},{\"@type\":\"WebSite\",\"@id\":\"https:\/\/mekulo.com\/no\/#website\",\"url\":\"https:\/\/mekulo.com\/no\/\",\"name\":\"Mekulo NO\",\"description\":\"\",\"publisher\":{\"@id\":\"https:\/\/mekulo.com\/no\/#organization\"},\"potentialAction\":[{\"@type\":\"SearchAction\",\"target\":{\"@type\":\"EntryPoint\",\"urlTemplate\":\"https:\/\/mekulo.com\/no\/?s={search_term_string}\"},\"query-input\":{\"@type\":\"PropertyValueSpecification\",\"valueRequired\":true,\"valueName\":\"search_term_string\"}}],\"inLanguage\":\"nb-NO\"},{\"@type\":\"Organization\",\"@id\":\"https:\/\/mekulo.com\/no\/#organization\",\"name\":\"Mekulo\",\"url\":\"https:\/\/mekulo.com\/no\/\",\"logo\":{\"@type\":\"ImageObject\",\"inLanguage\":\"nb-NO\",\"@id\":\"https:\/\/mekulo.com\/no\/#\/schema\/logo\/image\/\",\"url\":\"https:\/\/mekulo.com\/no\/wp-content\/uploads\/sites\/10\/2025\/12\/favicon_mekulo.png\",\"contentUrl\":\"https:\/\/mekulo.com\/no\/wp-content\/uploads\/sites\/10\/2025\/12\/favicon_mekulo.png\",\"width\":50,\"height\":50,\"caption\":\"Mekulo\"},\"image\":{\"@id\":\"https:\/\/mekulo.com\/no\/#\/schema\/logo\/image\/\"}}]}<\/script>\n<!-- \/ Yoast SEO plugin. -->","yoast_head_json":{"title":"V\u00e6rhane - Mekulo NO","robots":{"index":"index","follow":"follow","max-snippet":"max-snippet:-1","max-image-preview":"max-image-preview:large","max-video-preview":"max-video-preview:-1"},"canonical":"https:\/\/mekulo.com\/no\/produkt\/vaerhane\/","og_locale":"nb_NO","og_type":"article","og_title":"V\u00e6rhane - Mekulo NO","og_description":"\ud83c\udf2c\ufe0fThis V\u00e6rfl\u00f8yen i rustfritt st\u00e5l roterer jevnt med vinden for \u00e5 vise vindretningen. \ud83c\udfe1Den elegante designen fungerer ogs\u00e5 som en dekorativ aksent for hjemmet, hagen eller taket. \ud83c\udf31En funksjonell og elegant m\u00e5te \u00e5 spore vinden p\u00e5, samtidig som den forbedrer utseendet p\u00e5 uterommet ditt.","og_url":"https:\/\/mekulo.com\/no\/produkt\/vaerhane\/","og_site_name":"Mekulo NO","article_modified_time":"2026-02-09T15:24:21+00:00","og_image":[{"width":1000,"height":1000,"url":"https:\/\/mekulo.com\/no\/wp-content\/uploads\/sites\/10\/2026\/02\/dqizmyu-1.webp","type":"image\/webp"}],"twitter_card":"summary_large_image","twitter_misc":{"Ansl. lesetid":"2 minutter"},"schema":{"@context":"https:\/\/schema.org","@graph":[{"@type":"WebPage","@id":"https:\/\/mekulo.com\/no\/produkt\/vaerhane\/","url":"https:\/\/mekulo.com\/no\/produkt\/vaerhane\/","name":"V\u00e6rhane - Mekulo NO","isPartOf":{"@id":"https:\/\/mekulo.com\/no\/#website"},"primaryImageOfPage":{"@id":"https:\/\/mekulo.com\/no\/produkt\/vaerhane\/#primaryimage"},"image":{"@id":"https:\/\/mekulo.com\/no\/produkt\/vaerhane\/#primaryimage"},"thumbnailUrl":"https:\/\/mekulo.com\/no\/wp-content\/uploads\/sites\/10\/2026\/02\/dqizmyu-1.webp","datePublished":"2026-02-09T15:23:37+00:00","dateModified":"2026-02-09T15:24:21+00:00","breadcrumb":{"@id":"https:\/\/mekulo.com\/no\/produkt\/vaerhane\/#breadcrumb"},"inLanguage":"nb-NO","potentialAction":[{"@type":"ReadAction","target":["https:\/\/mekulo.com\/no\/produkt\/vaerhane\/"]}]},{"@type":"ImageObject","inLanguage":"nb-NO","@id":"https:\/\/mekulo.com\/no\/produkt\/vaerhane\/#primaryimage","url":"https:\/\/mekulo.com\/no\/wp-content\/uploads\/sites\/10\/2026\/02\/dqizmyu-1.webp","contentUrl":"https:\/\/mekulo.com\/no\/wp-content\/uploads\/sites\/10\/2026\/02\/dqizmyu-1.webp","width":1000,"height":1000},{"@type":"BreadcrumbList","@id":"https:\/\/mekulo.com\/no\/produkt\/vaerhane\/#breadcrumb","itemListElement":[{"@type":"ListItem","position":1,"name":"Home","item":"https:\/\/mekulo.com\/no\/"},{"@type":"ListItem","position":2,"name":"Butikk","item":"https:\/\/mekulo.com\/no\/butikk\/"},{"@type":"ListItem","position":3,"name":"V\u00e6rhane"}]},{"@type":"WebSite","@id":"https:\/\/mekulo.com\/no\/#website","url":"https:\/\/mekulo.com\/no\/","name":"Mekulo NO","description":"","publisher":{"@id":"https:\/\/mekulo.com\/no\/#organization"},"potentialAction":[{"@type":"SearchAction","target":{"@type":"EntryPoint","urlTemplate":"https:\/\/mekulo.com\/no\/?s={search_term_string}"},"query-input":{"@type":"PropertyValueSpecification","valueRequired":true,"valueName":"search_term_string"}}],"inLanguage":"nb-NO"},{"@type":"Organization","@id":"https:\/\/mekulo.com\/no\/#organization","name":"Mekulo","url":"https:\/\/mekulo.com\/no\/","logo":{"@type":"ImageObject","inLanguage":"nb-NO","@id":"https:\/\/mekulo.com\/no\/#\/schema\/logo\/image\/","url":"https:\/\/mekulo.com\/no\/wp-content\/uploads\/sites\/10\/2025\/12\/favicon_mekulo.png","contentUrl":"https:\/\/mekulo.com\/no\/wp-content\/uploads\/sites\/10\/2025\/12\/favicon_mekulo.png","width":50,"height":50,"caption":"Mekulo"},"image":{"@id":"https:\/\/mekulo.com\/no\/#\/schema\/logo\/image\/"}}]}},"_links":{"self":[{"href":"https:\/\/mekulo.com\/no\/wp-json\/wp\/v2\/product\/22462","targetHints":{"allow":["GET"]}}],"collection":[{"href":"https:\/\/mekulo.com\/no\/wp-json\/wp\/v2\/product"}],"about":[{"href":"https:\/\/mekulo.com\/no\/wp-json\/wp\/v2\/types\/product"}],"replies":[{"embeddable":true,"href":"https:\/\/mekulo.com\/no\/wp-json\/wp\/v2\/comments?post=22462"}],"wp:featuredmedia":[{"embeddable":true,"href":"https:\/\/mekulo.com\/no\/wp-json\/wp\/v2\/media\/22458"}],"wp:attachment":[{"href":"https:\/\/mekulo.com\/no\/wp-json\/wp\/v2\/media?parent=22462"}],"wp:term":[{"taxonomy":"product_brand","embeddable":true,"href":"https:\/\/mekulo.com\/no\/wp-json\/wp\/v2\/product_brand?post=22462"},{"taxonomy":"product_cat","embeddable":true,"href":"https:\/\/mekulo.com\/no\/wp-json\/wp\/v2\/product_cat?post=22462"},{"taxonomy":"product_tag","embeddable":true,"href":"https:\/\/mekulo.com\/no\/wp-json\/wp\/v2\/product_tag?post=22462"}],"curies":[{"name":"wp","href":"https:\/\/api.w.org\/{rel}","templated":true}]}}