{"id":22453,"date":"2026-02-09T17:21:18","date_gmt":"2026-02-09T15:21:18","guid":{"rendered":"https:\/\/mekulo.com\/no\/produkt\/gjaeringsskinne-i-aluminium-med-hoy-presisjon\/"},"modified":"2026-03-02T12:39:59","modified_gmt":"2026-03-02T10:39:59","slug":"gjaeringsskinne-i-aluminium-med-hoy-presisjon","status":"publish","type":"product","link":"https:\/\/mekulo.com\/no\/produkt\/gjaeringsskinne-i-aluminium-med-hoy-presisjon\/","title":{"rendered":"Gj\u00e6ringsskinne i aluminium med h\u00f8y presisjon"},"content":{"rendered":"<p style=\"text-align: center;\" data-start=\"36\" data-end=\"106\"><strong data-start=\"36\" data-end=\"106\">Gj\u00f8r n\u00f8yaktige vinkelkutt hver gang med jevn, p\u00e5litelig kontroll. \ud83e\udeb5<\/strong><\/p>\n<p data-start=\"36\" data-end=\"106\"><img fetchpriority=\"high\" decoding=\"async\" class=\"size-full wp-image-24370 aligncenter\" src=\"https:\/\/mekulo.com\/template\/wp-content\/uploads\/sites\/6\/2026\/02\/S8c718b04c54c4903b813df0ede850bdfE.avif\" alt=\"\" width=\"1200\" height=\"1200\" \/><\/p>\n<h2 style=\"text-align: center;\" data-start=\"442\" data-end=\"459\"><strong>Hovedfordeler \ud83d\udcd0<\/strong><\/h2>\n<p data-start=\"460\" data-end=\"904\">\ud83d\udcd0 N\u00f8yaktig vinkeljustering &#8211; Gravert skala fra 0\u00b0 til 60\u00b0 til venstre og h\u00f8yre.<\/p>\n<p data-start=\"460\" data-end=\"904\">\ud83d\udd12 Sikkert l\u00e5sesystem &#8211; Holder vinklene fast under kutting.<\/p>\n<p data-start=\"460\" data-end=\"904\">\ud83e\udeb5 Stabil styreskinne i aluminium &#8211; Reduserer bevegelser for renere kutt.<\/p>\n<p data-start=\"460\" data-end=\"904\">\u2699\ufe0f Universell kompatibilitet &#8211; Passer til de fleste standard bordsag- og fresespor.<\/p>\n<p data-start=\"460\" data-end=\"904\">\ud83d\udee0\ufe0f Slitesterk anodisert aluminium &#8211; Rustbestandig og langvarig.<\/p>\n<p data-start=\"460\" data-end=\"904\">\ud83d\udc4c Enkel betjening &#8211; Jevne justeringer med ergonomisk betjeningsknott.<\/p>\n<p data-start=\"460\" data-end=\"904\"><img decoding=\"async\" class=\"size-full wp-image-24366 aligncenter\" src=\"https:\/\/mekulo.com\/template\/wp-content\/uploads\/sites\/6\/2026\/02\/spp_20250222143358_2453f231adb10b6914bb70b930eb8468.webp\" alt=\"\" width=\"800\" height=\"800\" \/><\/p>\n<h2 style=\"text-align: center;\" data-start=\"911\" data-end=\"925\"><strong>Hvordan Du Bruker \ud83d\udccc<\/strong><\/h2>\n<ol data-start=\"926\" data-end=\"1158\">\n<li data-start=\"926\" data-end=\"990\">\n<p data-start=\"929\" data-end=\"990\">Sett gj\u00e6ringsm\u00e5leren inn i bordsagen eller fresens T-spor.<\/p>\n<\/li>\n<li data-start=\"991\" data-end=\"1043\">\n<p data-start=\"994\" data-end=\"1043\">Still inn \u00f8nsket vinkel ved hjelp av den inngraverte skalaen.<\/p>\n<\/li>\n<li data-start=\"1044\" data-end=\"1098\">\n<p data-start=\"1047\" data-end=\"1098\">L\u00e5s vinkelen sikkert med justeringsknappen.<\/p>\n<\/li>\n<li data-start=\"1099\" data-end=\"1158\">\n<p data-start=\"1102\" data-end=\"1158\">F\u00f8r materialet langs gjerdet og begynn \u00e5 skj\u00e6re.<\/p>\n<\/li>\n<\/ol>\n<h2 style=\"text-align: center;\" data-start=\"1165\" data-end=\"1184\"><strong>Produktdetaljer \ud83d\udccf<\/strong><\/h2>\n<ul data-start=\"1185\" data-end=\"1374\">\n<li data-start=\"1185\" data-end=\"1216\">\n<p data-start=\"1187\" data-end=\"1216\">Materiale: Anodisert aluminium<\/p>\n<\/li>\n<li data-start=\"1217\" data-end=\"1257\">\n<p data-start=\"1219\" data-end=\"1257\">Vinkelomr\u00e5de: 0\u00b0\u201360\u00b0 (venstre og h\u00f8yre)<\/p>\n<\/li>\n<li data-start=\"1258\" data-end=\"1296\">\n<p data-start=\"1260\" data-end=\"1296\">Lengden p\u00e5 gjerdet: 450 mm<\/p>\n<\/li>\n<li data-start=\"1297\" data-end=\"1346\">\n<p data-start=\"1299\" data-end=\"1346\">Meter\u00e5pning: 19 mm x 9,5 mm<\/p>\n<\/li>\n<li data-start=\"1347\" data-end=\"1374\">\n<p data-start=\"1349\" data-end=\"1374\">Monteringsskruest\u00f8rrelse: M6<\/p>\n<\/li>\n<\/ul>\n<h2 style=\"text-align: center;\" data-start=\"1381\" data-end=\"1401\"><strong>Pakken Inkluderer \ud83d\udce6<\/strong><\/h2>\n<ul>\n<li data-start=\"53\" data-end=\"133\">1x vinkelstyringsverkt\u00f8y<\/li>\n<li data-start=\"53\" data-end=\"133\">1x lang styrestang\/skinne<\/li>\n<li data-start=\"53\" data-end=\"133\">2x sekskantn\u00f8kler<\/li>\n<li data-start=\"53\" data-end=\"133\">4x runde monteringsavstandsstykker\/skiver<\/li>\n<li data-start=\"53\" data-end=\"133\">4x monteringsskruer\/bolter.<\/li>\n<\/ul>\n","protected":false},"excerpt":{"rendered":"<p>\ud83d\udcd0Denne presise gj\u00e6ringsm\u00e5leren i aluminium hjelper deg med \u00e5 oppn\u00e5 rene og n\u00f8yaktige kutt for trebearbeiding og snekkerprosjekter.<br \/>\n\ud83e\udeb5Den har en tydelig gravert vinkelskala og en stabil styreskinne i aluminium for bedre kontroll og n\u00f8yaktighet.<br \/>\n\ud83c\udfe0Perfekt for b\u00e5de nybegynnere og profesjonelle som trenger konsistente, repeterbare resultater i verkstedet.<\/p>\n","protected":false},"featured_media":22449,"comment_status":"open","ping_status":"closed","template":"","meta":{"site-sidebar-layout":"default","site-content-layout":"","ast-site-content-layout":"default","site-content-style":"default","site-sidebar-style":"default","ast-global-header-display":"","ast-banner-title-visibility":"","ast-main-header-display":"","ast-hfb-above-header-display":"","ast-hfb-below-header-display":"","ast-hfb-mobile-header-display":"","site-post-title":"","ast-breadcrumbs-content":"","ast-featured-img":"","footer-sml-layout":"","theme-transparent-header-meta":"default","adv-header-id-meta":"","stick-header-meta":"","header-above-stick-meta":"","header-main-stick-meta":"","header-below-stick-meta":"","astra-migrate-meta-layouts":"set","ast-page-background-enabled":"default","ast-page-background-meta":{"desktop":{"background-color":"var(--ast-global-color-5)","background-image":"","background-repeat":"repeat","background-position":"center center","background-size":"auto","background-attachment":"scroll","background-type":"","background-media":"","overlay-type":"","overlay-color":"","overlay-opacity":"","overlay-gradient":""},"tablet":{"background-color":"","background-image":"","background-repeat":"repeat","background-position":"center center","background-size":"auto","background-attachment":"scroll","background-type":"","background-media":"","overlay-type":"","overlay-color":"","overlay-opacity":"","overlay-gradient":""},"mobile":{"background-color":"","background-image":"","background-repeat":"repeat","background-position":"center center","background-size":"auto","background-attachment":"scroll","background-type":"","background-media":"","overlay-type":"","overlay-color":"","overlay-opacity":"","overlay-gradient":""}},"ast-content-background-meta":{"desktop":{"background-color":"var(--ast-global-color-4)","background-image":"","background-repeat":"repeat","background-position":"center center","background-size":"auto","background-attachment":"scroll","background-type":"","background-media":"","overlay-type":"","overlay-color":"","overlay-opacity":"","overlay-gradient":""},"tablet":{"background-color":"var(--ast-global-color-4)","background-image":"","background-repeat":"repeat","background-position":"center center","background-size":"auto","background-attachment":"scroll","background-type":"","background-media":"","overlay-type":"","overlay-color":"","overlay-opacity":"","overlay-gradient":""},"mobile":{"background-color":"var(--ast-global-color-4)","background-image":"","background-repeat":"repeat","background-position":"center center","background-size":"auto","background-attachment":"scroll","background-type":"","background-media":"","overlay-type":"","overlay-color":"","overlay-opacity":"","overlay-gradient":""}}},"product_brand":[],"product_cat":[171],"product_tag":[],"class_list":{"0":"post-22453","1":"product","2":"type-product","3":"status-publish","4":"has-post-thumbnail","6":"product_cat-verktoy","7":"desktop-align-left","8":"tablet-align-left","9":"mobile-align-left","11":"first","12":"instock","13":"shipping-taxable","14":"purchasable","15":"product-type-simple"},"yoast_head":"<!-- This site is optimized with the Yoast SEO plugin v26.6 - https:\/\/yoast.com\/wordpress\/plugins\/seo\/ -->\n<title>Gj\u00e6ringsskinne i aluminium med h\u00f8y presisjon - Mekulo NO<\/title>\n<meta name=\"robots\" content=\"index, follow, max-snippet:-1, max-image-preview:large, max-video-preview:-1\" \/>\n<link rel=\"canonical\" href=\"https:\/\/mekulo.com\/no\/produkt\/gjaeringsskinne-i-aluminium-med-hoy-presisjon\/\" \/>\n<meta property=\"og:locale\" content=\"nb_NO\" \/>\n<meta property=\"og:type\" content=\"article\" \/>\n<meta property=\"og:title\" content=\"Gj\u00e6ringsskinne i aluminium med h\u00f8y presisjon - Mekulo NO\" \/>\n<meta property=\"og:description\" content=\"\ud83d\udcd0Denne presise gj\u00e6ringsm\u00e5leren i aluminium hjelper deg med \u00e5 oppn\u00e5 rene og n\u00f8yaktige kutt for trebearbeiding og snekkerprosjekter. \ud83e\udeb5Den har en tydelig gravert vinkelskala og en stabil styreskinne i aluminium for bedre kontroll og n\u00f8yaktighet. \ud83c\udfe0Perfekt for b\u00e5de nybegynnere og profesjonelle som trenger konsistente, repeterbare resultater i verkstedet.\" \/>\n<meta property=\"og:url\" content=\"https:\/\/mekulo.com\/no\/produkt\/gjaeringsskinne-i-aluminium-med-hoy-presisjon\/\" \/>\n<meta property=\"og:site_name\" content=\"Mekulo NO\" \/>\n<meta property=\"article:modified_time\" content=\"2026-03-02T10:39:59+00:00\" \/>\n<meta property=\"og:image\" content=\"https:\/\/mekulo.com\/no\/wp-content\/uploads\/sites\/10\/2026\/02\/9lgg6gg-1.jpg\" \/>\n\t<meta property=\"og:image:width\" content=\"1200\" \/>\n\t<meta property=\"og:image:height\" content=\"1200\" \/>\n\t<meta property=\"og:image:type\" content=\"image\/jpeg\" \/>\n<meta name=\"twitter:card\" content=\"summary_large_image\" \/>\n<meta name=\"twitter:label1\" content=\"Ansl. lesetid\" \/>\n\t<meta name=\"twitter:data1\" content=\"2 minutter\" \/>\n<script type=\"application\/ld+json\" class=\"yoast-schema-graph\">{\"@context\":\"https:\/\/schema.org\",\"@graph\":[{\"@type\":\"WebPage\",\"@id\":\"https:\/\/mekulo.com\/no\/produkt\/gjaeringsskinne-i-aluminium-med-hoy-presisjon\/\",\"url\":\"https:\/\/mekulo.com\/no\/produkt\/gjaeringsskinne-i-aluminium-med-hoy-presisjon\/\",\"name\":\"Gj\u00e6ringsskinne i aluminium med h\u00f8y presisjon - Mekulo NO\",\"isPartOf\":{\"@id\":\"https:\/\/mekulo.com\/no\/#website\"},\"primaryImageOfPage\":{\"@id\":\"https:\/\/mekulo.com\/no\/produkt\/gjaeringsskinne-i-aluminium-med-hoy-presisjon\/#primaryimage\"},\"image\":{\"@id\":\"https:\/\/mekulo.com\/no\/produkt\/gjaeringsskinne-i-aluminium-med-hoy-presisjon\/#primaryimage\"},\"thumbnailUrl\":\"https:\/\/mekulo.com\/no\/wp-content\/uploads\/sites\/10\/2026\/02\/9lgg6gg-1.jpg\",\"datePublished\":\"2026-02-09T15:21:18+00:00\",\"dateModified\":\"2026-03-02T10:39:59+00:00\",\"breadcrumb\":{\"@id\":\"https:\/\/mekulo.com\/no\/produkt\/gjaeringsskinne-i-aluminium-med-hoy-presisjon\/#breadcrumb\"},\"inLanguage\":\"nb-NO\",\"potentialAction\":[{\"@type\":\"ReadAction\",\"target\":[\"https:\/\/mekulo.com\/no\/produkt\/gjaeringsskinne-i-aluminium-med-hoy-presisjon\/\"]}]},{\"@type\":\"ImageObject\",\"inLanguage\":\"nb-NO\",\"@id\":\"https:\/\/mekulo.com\/no\/produkt\/gjaeringsskinne-i-aluminium-med-hoy-presisjon\/#primaryimage\",\"url\":\"https:\/\/mekulo.com\/no\/wp-content\/uploads\/sites\/10\/2026\/02\/9lgg6gg-1.jpg\",\"contentUrl\":\"https:\/\/mekulo.com\/no\/wp-content\/uploads\/sites\/10\/2026\/02\/9lgg6gg-1.jpg\",\"width\":1200,\"height\":1200},{\"@type\":\"BreadcrumbList\",\"@id\":\"https:\/\/mekulo.com\/no\/produkt\/gjaeringsskinne-i-aluminium-med-hoy-presisjon\/#breadcrumb\",\"itemListElement\":[{\"@type\":\"ListItem\",\"position\":1,\"name\":\"Home\",\"item\":\"https:\/\/mekulo.com\/no\/\"},{\"@type\":\"ListItem\",\"position\":2,\"name\":\"Butikk\",\"item\":\"https:\/\/mekulo.com\/no\/butikk\/\"},{\"@type\":\"ListItem\",\"position\":3,\"name\":\"Gj\u00e6ringsskinne i aluminium med h\u00f8y presisjon\"}]},{\"@type\":\"WebSite\",\"@id\":\"https:\/\/mekulo.com\/no\/#website\",\"url\":\"https:\/\/mekulo.com\/no\/\",\"name\":\"Mekulo NO\",\"description\":\"\",\"publisher\":{\"@id\":\"https:\/\/mekulo.com\/no\/#organization\"},\"potentialAction\":[{\"@type\":\"SearchAction\",\"target\":{\"@type\":\"EntryPoint\",\"urlTemplate\":\"https:\/\/mekulo.com\/no\/?s={search_term_string}\"},\"query-input\":{\"@type\":\"PropertyValueSpecification\",\"valueRequired\":true,\"valueName\":\"search_term_string\"}}],\"inLanguage\":\"nb-NO\"},{\"@type\":\"Organization\",\"@id\":\"https:\/\/mekulo.com\/no\/#organization\",\"name\":\"Mekulo\",\"url\":\"https:\/\/mekulo.com\/no\/\",\"logo\":{\"@type\":\"ImageObject\",\"inLanguage\":\"nb-NO\",\"@id\":\"https:\/\/mekulo.com\/no\/#\/schema\/logo\/image\/\",\"url\":\"https:\/\/mekulo.com\/no\/wp-content\/uploads\/sites\/10\/2025\/12\/favicon_mekulo.png\",\"contentUrl\":\"https:\/\/mekulo.com\/no\/wp-content\/uploads\/sites\/10\/2025\/12\/favicon_mekulo.png\",\"width\":50,\"height\":50,\"caption\":\"Mekulo\"},\"image\":{\"@id\":\"https:\/\/mekulo.com\/no\/#\/schema\/logo\/image\/\"}}]}<\/script>\n<!-- \/ Yoast SEO plugin. -->","yoast_head_json":{"title":"Gj\u00e6ringsskinne i aluminium med h\u00f8y presisjon - Mekulo NO","robots":{"index":"index","follow":"follow","max-snippet":"max-snippet:-1","max-image-preview":"max-image-preview:large","max-video-preview":"max-video-preview:-1"},"canonical":"https:\/\/mekulo.com\/no\/produkt\/gjaeringsskinne-i-aluminium-med-hoy-presisjon\/","og_locale":"nb_NO","og_type":"article","og_title":"Gj\u00e6ringsskinne i aluminium med h\u00f8y presisjon - Mekulo NO","og_description":"\ud83d\udcd0Denne presise gj\u00e6ringsm\u00e5leren i aluminium hjelper deg med \u00e5 oppn\u00e5 rene og n\u00f8yaktige kutt for trebearbeiding og snekkerprosjekter. \ud83e\udeb5Den har en tydelig gravert vinkelskala og en stabil styreskinne i aluminium for bedre kontroll og n\u00f8yaktighet. \ud83c\udfe0Perfekt for b\u00e5de nybegynnere og profesjonelle som trenger konsistente, repeterbare resultater i verkstedet.","og_url":"https:\/\/mekulo.com\/no\/produkt\/gjaeringsskinne-i-aluminium-med-hoy-presisjon\/","og_site_name":"Mekulo NO","article_modified_time":"2026-03-02T10:39:59+00:00","og_image":[{"width":1200,"height":1200,"url":"https:\/\/mekulo.com\/no\/wp-content\/uploads\/sites\/10\/2026\/02\/9lgg6gg-1.jpg","type":"image\/jpeg"}],"twitter_card":"summary_large_image","twitter_misc":{"Ansl. lesetid":"2 minutter"},"schema":{"@context":"https:\/\/schema.org","@graph":[{"@type":"WebPage","@id":"https:\/\/mekulo.com\/no\/produkt\/gjaeringsskinne-i-aluminium-med-hoy-presisjon\/","url":"https:\/\/mekulo.com\/no\/produkt\/gjaeringsskinne-i-aluminium-med-hoy-presisjon\/","name":"Gj\u00e6ringsskinne i aluminium med h\u00f8y presisjon - Mekulo NO","isPartOf":{"@id":"https:\/\/mekulo.com\/no\/#website"},"primaryImageOfPage":{"@id":"https:\/\/mekulo.com\/no\/produkt\/gjaeringsskinne-i-aluminium-med-hoy-presisjon\/#primaryimage"},"image":{"@id":"https:\/\/mekulo.com\/no\/produkt\/gjaeringsskinne-i-aluminium-med-hoy-presisjon\/#primaryimage"},"thumbnailUrl":"https:\/\/mekulo.com\/no\/wp-content\/uploads\/sites\/10\/2026\/02\/9lgg6gg-1.jpg","datePublished":"2026-02-09T15:21:18+00:00","dateModified":"2026-03-02T10:39:59+00:00","breadcrumb":{"@id":"https:\/\/mekulo.com\/no\/produkt\/gjaeringsskinne-i-aluminium-med-hoy-presisjon\/#breadcrumb"},"inLanguage":"nb-NO","potentialAction":[{"@type":"ReadAction","target":["https:\/\/mekulo.com\/no\/produkt\/gjaeringsskinne-i-aluminium-med-hoy-presisjon\/"]}]},{"@type":"ImageObject","inLanguage":"nb-NO","@id":"https:\/\/mekulo.com\/no\/produkt\/gjaeringsskinne-i-aluminium-med-hoy-presisjon\/#primaryimage","url":"https:\/\/mekulo.com\/no\/wp-content\/uploads\/sites\/10\/2026\/02\/9lgg6gg-1.jpg","contentUrl":"https:\/\/mekulo.com\/no\/wp-content\/uploads\/sites\/10\/2026\/02\/9lgg6gg-1.jpg","width":1200,"height":1200},{"@type":"BreadcrumbList","@id":"https:\/\/mekulo.com\/no\/produkt\/gjaeringsskinne-i-aluminium-med-hoy-presisjon\/#breadcrumb","itemListElement":[{"@type":"ListItem","position":1,"name":"Home","item":"https:\/\/mekulo.com\/no\/"},{"@type":"ListItem","position":2,"name":"Butikk","item":"https:\/\/mekulo.com\/no\/butikk\/"},{"@type":"ListItem","position":3,"name":"Gj\u00e6ringsskinne i aluminium med h\u00f8y presisjon"}]},{"@type":"WebSite","@id":"https:\/\/mekulo.com\/no\/#website","url":"https:\/\/mekulo.com\/no\/","name":"Mekulo NO","description":"","publisher":{"@id":"https:\/\/mekulo.com\/no\/#organization"},"potentialAction":[{"@type":"SearchAction","target":{"@type":"EntryPoint","urlTemplate":"https:\/\/mekulo.com\/no\/?s={search_term_string}"},"query-input":{"@type":"PropertyValueSpecification","valueRequired":true,"valueName":"search_term_string"}}],"inLanguage":"nb-NO"},{"@type":"Organization","@id":"https:\/\/mekulo.com\/no\/#organization","name":"Mekulo","url":"https:\/\/mekulo.com\/no\/","logo":{"@type":"ImageObject","inLanguage":"nb-NO","@id":"https:\/\/mekulo.com\/no\/#\/schema\/logo\/image\/","url":"https:\/\/mekulo.com\/no\/wp-content\/uploads\/sites\/10\/2025\/12\/favicon_mekulo.png","contentUrl":"https:\/\/mekulo.com\/no\/wp-content\/uploads\/sites\/10\/2025\/12\/favicon_mekulo.png","width":50,"height":50,"caption":"Mekulo"},"image":{"@id":"https:\/\/mekulo.com\/no\/#\/schema\/logo\/image\/"}}]}},"_links":{"self":[{"href":"https:\/\/mekulo.com\/no\/wp-json\/wp\/v2\/product\/22453","targetHints":{"allow":["GET"]}}],"collection":[{"href":"https:\/\/mekulo.com\/no\/wp-json\/wp\/v2\/product"}],"about":[{"href":"https:\/\/mekulo.com\/no\/wp-json\/wp\/v2\/types\/product"}],"replies":[{"embeddable":true,"href":"https:\/\/mekulo.com\/no\/wp-json\/wp\/v2\/comments?post=22453"}],"wp:featuredmedia":[{"embeddable":true,"href":"https:\/\/mekulo.com\/no\/wp-json\/wp\/v2\/media\/22449"}],"wp:attachment":[{"href":"https:\/\/mekulo.com\/no\/wp-json\/wp\/v2\/media?parent=22453"}],"wp:term":[{"taxonomy":"product_brand","embeddable":true,"href":"https:\/\/mekulo.com\/no\/wp-json\/wp\/v2\/product_brand?post=22453"},{"taxonomy":"product_cat","embeddable":true,"href":"https:\/\/mekulo.com\/no\/wp-json\/wp\/v2\/product_cat?post=22453"},{"taxonomy":"product_tag","embeddable":true,"href":"https:\/\/mekulo.com\/no\/wp-json\/wp\/v2\/product_tag?post=22453"}],"curies":[{"name":"wp","href":"https:\/\/api.w.org\/{rel}","templated":true}]}}