{"id":22435,"date":"2026-02-09T17:20:11","date_gmt":"2026-02-09T15:20:11","guid":{"rendered":"https:\/\/mekulo.com\/no\/produkt\/digital-beroringskran\/"},"modified":"2026-02-09T17:20:23","modified_gmt":"2026-02-09T15:20:23","slug":"digital-beroringskran","status":"publish","type":"product","link":"https:\/\/mekulo.com\/no\/produkt\/digital-beroringskran\/","title":{"rendered":"Digital ber\u00f8ringskran"},"content":{"rendered":"<p style=\"text-align: center\" data-start=\"26\" data-end=\"99\"><strong data-start=\"26\" data-end=\"99\">Se vanntemperaturen umiddelbart og kontroller vannstr\u00f8mmen enkelt. \ud83d\udd04<\/strong><\/p>\n<p data-start=\"26\" data-end=\"99\"><img fetchpriority=\"high\" decoding=\"async\" class=\"size-full wp-image-24354 aligncenter\" src=\"https:\/\/mekulo.com\/template\/wp-content\/uploads\/sites\/6\/2026\/02\/3fcf999a-bd9a-41da-900d-6a58ebd758d4.webp\" alt=\"\" width=\"1000\" height=\"1000\" \/><\/p>\n<h2 style=\"text-align: center\" data-start=\"446\" data-end=\"463\"><strong>Main Fordeler \ud83d\udca7<\/strong><\/h2>\n<p data-start=\"464\" data-end=\"876\">\ud83d\udca7 Digital temperaturvisning &#8211; Viser vanntemperatur i sanntid.<\/p>\n<p data-start=\"464\" data-end=\"876\">\ud83d\udd04 360\u00b0 rotasjon &#8211; Beveg kranen fritt i alle retninger.<\/p>\n<p data-start=\"464\" data-end=\"876\">\ud83c\udfaf Justerbar utl\u00f8psposisjon &#8211; Skyll ansiktet, munnen eller vasken enkelt.<\/p>\n<p data-start=\"464\" data-end=\"876\">\ud83e\uddfc Horisontale svingarmer &#8211; Rengj\u00f8r benkeplater uten begrensninger.<\/p>\n<p data-start=\"464\" data-end=\"876\">\ud83d\udebf Flere spraymoduser &#8211; Velg den str\u00f8mmen som passer til oppgaven din.<\/p>\n<p data-start=\"464\" data-end=\"876\">\ud83d\udee0\ufe0f Slitesterkt messinghus &#8211; Sterk, stabil og langvarig.<\/p>\n<p data-start=\"464\" data-end=\"876\"><img decoding=\"async\" class=\"size-full wp-image-24358 aligncenter\" src=\"https:\/\/mekulo.com\/template\/wp-content\/uploads\/sites\/6\/2026\/02\/S490722e5f8f54278b6a9c959b4e14d30c.jpg\" alt=\"\" width=\"1001\" height=\"1001\" \/><\/p>\n<h2 style=\"text-align: center\" data-start=\"883\" data-end=\"897\"><strong>Hvordan Du Bruker \ud83d\udccc<\/strong><\/h2>\n<ol data-start=\"898\" data-end=\"1140\">\n<li data-start=\"898\" data-end=\"954\">\n<p data-start=\"901\" data-end=\"954\">Installer kranen p\u00e5 en standard vasktilkobling.<\/p>\n<\/li>\n<li data-start=\"955\" data-end=\"1020\">\n<p data-start=\"958\" data-end=\"1020\">Sl\u00e5 p\u00e5 vannet og sjekk den digitale temperaturvisningen.<\/p>\n<\/li>\n<li data-start=\"1021\" data-end=\"1082\">\n<p data-start=\"1024\" data-end=\"1082\">Roter og juster kranhodet til \u00f8nsket vinkel.<\/p>\n<\/li>\n<li data-start=\"1083\" data-end=\"1140\">\n<p data-start=\"1086\" data-end=\"1140\">Velg spraymodus og begynn \u00e5 rengj\u00f8re eller skylle.<\/p>\n<\/li>\n<\/ol>\n<h2 style=\"text-align: center\" data-start=\"1147\" data-end=\"1166\"><strong>Produktdetaljer \ud83d\udccf<\/strong><\/h2>\n<ul data-start=\"1167\" data-end=\"1321\">\n<li data-start=\"1167\" data-end=\"1191\">\n<p data-start=\"1169\" data-end=\"1191\">Materiale: Messing kropp<\/p>\n<\/li>\n<li data-start=\"1192\" data-end=\"1224\">\n<p data-start=\"1194\" data-end=\"1224\">Total h\u00f8yde: Ca. 360 mm<\/p>\n<\/li>\n<li data-start=\"1225\" data-end=\"1250\">\n<p data-start=\"1227\" data-end=\"1250\">Rotasjon: 360 grader<\/p>\n<\/li>\n<li data-start=\"1251\" data-end=\"1289\">\n<p data-start=\"1253\" data-end=\"1289\">Vannmodi: Multifunksjonell spray<\/p>\n<\/li>\n<li data-start=\"1251\" data-end=\"1289\">St\u00f8rrelse: 360 x 200 x 205 mm<\/li>\n<\/ul>\n<h2 style=\"text-align: center\" data-start=\"1328\" data-end=\"1348\"><strong>Pakken Inkluderer \ud83d\udce6<\/strong><\/h2>\n<ul data-start=\"1349\" data-end=\"1377\">\n<li data-start=\"1349\" data-end=\"1377\">\n<p data-start=\"1351\" data-end=\"1377\">1x digital ber\u00f8ringskran.<\/p>\n<\/li>\n<\/ul>\n","protected":false},"excerpt":{"rendered":"<p>\ud83d\udca6Denne digitale ber\u00f8ringskranen har en innebygd temperaturvisning, slik at du alltid vet om vannet er varmt eller kaldt p\u00e5 et \u00f8yeblikk.<br \/>\n\ud83d\udd04Den fullt justerbare og roterende designen gj\u00f8r vasking, skylling og rengj\u00f8ring mer behagelig og effektiv.<br \/>\n\ud83c\udfe0Perfekt for kj\u00f8kken og bad, den forbedrer sikkerheten samtidig som den gir et moderne preg til rommet ditt.<\/p>\n","protected":false},"featured_media":22431,"comment_status":"open","ping_status":"closed","template":"","meta":{"site-sidebar-layout":"default","site-content-layout":"","ast-site-content-layout":"default","site-content-style":"default","site-sidebar-style":"default","ast-global-header-display":"","ast-banner-title-visibility":"","ast-main-header-display":"","ast-hfb-above-header-display":"","ast-hfb-below-header-display":"","ast-hfb-mobile-header-display":"","site-post-title":"","ast-breadcrumbs-content":"","ast-featured-img":"","footer-sml-layout":"","theme-transparent-header-meta":"default","adv-header-id-meta":"","stick-header-meta":"","header-above-stick-meta":"","header-main-stick-meta":"","header-below-stick-meta":"","astra-migrate-meta-layouts":"set","ast-page-background-enabled":"default","ast-page-background-meta":{"desktop":{"background-color":"var(--ast-global-color-5)","background-image":"","background-repeat":"repeat","background-position":"center center","background-size":"auto","background-attachment":"scroll","background-type":"","background-media":"","overlay-type":"","overlay-color":"","overlay-opacity":"","overlay-gradient":""},"tablet":{"background-color":"","background-image":"","background-repeat":"repeat","background-position":"center center","background-size":"auto","background-attachment":"scroll","background-type":"","background-media":"","overlay-type":"","overlay-color":"","overlay-opacity":"","overlay-gradient":""},"mobile":{"background-color":"","background-image":"","background-repeat":"repeat","background-position":"center center","background-size":"auto","background-attachment":"scroll","background-type":"","background-media":"","overlay-type":"","overlay-color":"","overlay-opacity":"","overlay-gradient":""}},"ast-content-background-meta":{"desktop":{"background-color":"var(--ast-global-color-4)","background-image":"","background-repeat":"repeat","background-position":"center center","background-size":"auto","background-attachment":"scroll","background-type":"","background-media":"","overlay-type":"","overlay-color":"","overlay-opacity":"","overlay-gradient":""},"tablet":{"background-color":"var(--ast-global-color-4)","background-image":"","background-repeat":"repeat","background-position":"center center","background-size":"auto","background-attachment":"scroll","background-type":"","background-media":"","overlay-type":"","overlay-color":"","overlay-opacity":"","overlay-gradient":""},"mobile":{"background-color":"var(--ast-global-color-4)","background-image":"","background-repeat":"repeat","background-position":"center center","background-size":"auto","background-attachment":"scroll","background-type":"","background-media":"","overlay-type":"","overlay-color":"","overlay-opacity":"","overlay-gradient":""}}},"product_brand":[],"product_cat":[168],"product_tag":[],"class_list":{"0":"post-22435","1":"product","2":"type-product","3":"status-publish","4":"has-post-thumbnail","6":"product_cat-husholdningsartikler","7":"pa_57600_4zvjabar-gra","8":"pa_57600_4zvjabar-solv","9":"pa_57600_4zvjabar-svart","10":"desktop-align-left","11":"tablet-align-left","12":"mobile-align-left","14":"first","15":"instock","16":"shipping-taxable","17":"purchasable","18":"product-type-variable"},"yoast_head":"<!-- This site is optimized with the Yoast SEO plugin v26.6 - https:\/\/yoast.com\/wordpress\/plugins\/seo\/ -->\n<title>Digital ber\u00f8ringskran - Mekulo NO<\/title>\n<meta name=\"robots\" content=\"index, follow, max-snippet:-1, max-image-preview:large, max-video-preview:-1\" \/>\n<link rel=\"canonical\" href=\"https:\/\/mekulo.com\/no\/produkt\/digital-beroringskran\/\" \/>\n<meta property=\"og:locale\" content=\"nb_NO\" \/>\n<meta property=\"og:type\" content=\"article\" \/>\n<meta property=\"og:title\" content=\"Digital ber\u00f8ringskran - Mekulo NO\" \/>\n<meta property=\"og:description\" content=\"\ud83d\udca6Denne digitale ber\u00f8ringskranen har en innebygd temperaturvisning, slik at du alltid vet om vannet er varmt eller kaldt p\u00e5 et \u00f8yeblikk. \ud83d\udd04Den fullt justerbare og roterende designen gj\u00f8r vasking, skylling og rengj\u00f8ring mer behagelig og effektiv. \ud83c\udfe0Perfekt for kj\u00f8kken og bad, den forbedrer sikkerheten samtidig som den gir et moderne preg til rommet ditt.\" \/>\n<meta property=\"og:url\" content=\"https:\/\/mekulo.com\/no\/produkt\/digital-beroringskran\/\" \/>\n<meta property=\"og:site_name\" content=\"Mekulo NO\" \/>\n<meta property=\"article:modified_time\" content=\"2026-02-09T15:20:23+00:00\" \/>\n<meta property=\"og:image\" content=\"https:\/\/mekulo.com\/no\/wp-content\/uploads\/sites\/10\/2026\/02\/9qcfr1x-1.webp\" \/>\n\t<meta property=\"og:image:width\" content=\"1600\" \/>\n\t<meta property=\"og:image:height\" content=\"1600\" \/>\n\t<meta property=\"og:image:type\" content=\"image\/webp\" \/>\n<meta name=\"twitter:card\" content=\"summary_large_image\" \/>\n<meta name=\"twitter:label1\" content=\"Ansl. lesetid\" \/>\n\t<meta name=\"twitter:data1\" content=\"2 minutter\" \/>\n<script type=\"application\/ld+json\" class=\"yoast-schema-graph\">{\"@context\":\"https:\/\/schema.org\",\"@graph\":[{\"@type\":\"WebPage\",\"@id\":\"https:\/\/mekulo.com\/no\/produkt\/digital-beroringskran\/\",\"url\":\"https:\/\/mekulo.com\/no\/produkt\/digital-beroringskran\/\",\"name\":\"Digital ber\u00f8ringskran - Mekulo NO\",\"isPartOf\":{\"@id\":\"https:\/\/mekulo.com\/no\/#website\"},\"primaryImageOfPage\":{\"@id\":\"https:\/\/mekulo.com\/no\/produkt\/digital-beroringskran\/#primaryimage\"},\"image\":{\"@id\":\"https:\/\/mekulo.com\/no\/produkt\/digital-beroringskran\/#primaryimage\"},\"thumbnailUrl\":\"https:\/\/mekulo.com\/no\/wp-content\/uploads\/sites\/10\/2026\/02\/9qcfr1x-1.webp\",\"datePublished\":\"2026-02-09T15:20:11+00:00\",\"dateModified\":\"2026-02-09T15:20:23+00:00\",\"breadcrumb\":{\"@id\":\"https:\/\/mekulo.com\/no\/produkt\/digital-beroringskran\/#breadcrumb\"},\"inLanguage\":\"nb-NO\",\"potentialAction\":[{\"@type\":\"ReadAction\",\"target\":[\"https:\/\/mekulo.com\/no\/produkt\/digital-beroringskran\/\"]}]},{\"@type\":\"ImageObject\",\"inLanguage\":\"nb-NO\",\"@id\":\"https:\/\/mekulo.com\/no\/produkt\/digital-beroringskran\/#primaryimage\",\"url\":\"https:\/\/mekulo.com\/no\/wp-content\/uploads\/sites\/10\/2026\/02\/9qcfr1x-1.webp\",\"contentUrl\":\"https:\/\/mekulo.com\/no\/wp-content\/uploads\/sites\/10\/2026\/02\/9qcfr1x-1.webp\",\"width\":1600,\"height\":1600},{\"@type\":\"BreadcrumbList\",\"@id\":\"https:\/\/mekulo.com\/no\/produkt\/digital-beroringskran\/#breadcrumb\",\"itemListElement\":[{\"@type\":\"ListItem\",\"position\":1,\"name\":\"Home\",\"item\":\"https:\/\/mekulo.com\/no\/\"},{\"@type\":\"ListItem\",\"position\":2,\"name\":\"Butikk\",\"item\":\"https:\/\/mekulo.com\/no\/butikk\/\"},{\"@type\":\"ListItem\",\"position\":3,\"name\":\"Digital ber\u00f8ringskran\"}]},{\"@type\":\"WebSite\",\"@id\":\"https:\/\/mekulo.com\/no\/#website\",\"url\":\"https:\/\/mekulo.com\/no\/\",\"name\":\"Mekulo NO\",\"description\":\"\",\"publisher\":{\"@id\":\"https:\/\/mekulo.com\/no\/#organization\"},\"potentialAction\":[{\"@type\":\"SearchAction\",\"target\":{\"@type\":\"EntryPoint\",\"urlTemplate\":\"https:\/\/mekulo.com\/no\/?s={search_term_string}\"},\"query-input\":{\"@type\":\"PropertyValueSpecification\",\"valueRequired\":true,\"valueName\":\"search_term_string\"}}],\"inLanguage\":\"nb-NO\"},{\"@type\":\"Organization\",\"@id\":\"https:\/\/mekulo.com\/no\/#organization\",\"name\":\"Mekulo\",\"url\":\"https:\/\/mekulo.com\/no\/\",\"logo\":{\"@type\":\"ImageObject\",\"inLanguage\":\"nb-NO\",\"@id\":\"https:\/\/mekulo.com\/no\/#\/schema\/logo\/image\/\",\"url\":\"https:\/\/mekulo.com\/no\/wp-content\/uploads\/sites\/10\/2025\/12\/favicon_mekulo.png\",\"contentUrl\":\"https:\/\/mekulo.com\/no\/wp-content\/uploads\/sites\/10\/2025\/12\/favicon_mekulo.png\",\"width\":50,\"height\":50,\"caption\":\"Mekulo\"},\"image\":{\"@id\":\"https:\/\/mekulo.com\/no\/#\/schema\/logo\/image\/\"}}]}<\/script>\n<!-- \/ Yoast SEO plugin. -->","yoast_head_json":{"title":"Digital ber\u00f8ringskran - Mekulo NO","robots":{"index":"index","follow":"follow","max-snippet":"max-snippet:-1","max-image-preview":"max-image-preview:large","max-video-preview":"max-video-preview:-1"},"canonical":"https:\/\/mekulo.com\/no\/produkt\/digital-beroringskran\/","og_locale":"nb_NO","og_type":"article","og_title":"Digital ber\u00f8ringskran - Mekulo NO","og_description":"\ud83d\udca6Denne digitale ber\u00f8ringskranen har en innebygd temperaturvisning, slik at du alltid vet om vannet er varmt eller kaldt p\u00e5 et \u00f8yeblikk. \ud83d\udd04Den fullt justerbare og roterende designen gj\u00f8r vasking, skylling og rengj\u00f8ring mer behagelig og effektiv. \ud83c\udfe0Perfekt for kj\u00f8kken og bad, den forbedrer sikkerheten samtidig som den gir et moderne preg til rommet ditt.","og_url":"https:\/\/mekulo.com\/no\/produkt\/digital-beroringskran\/","og_site_name":"Mekulo NO","article_modified_time":"2026-02-09T15:20:23+00:00","og_image":[{"width":1600,"height":1600,"url":"https:\/\/mekulo.com\/no\/wp-content\/uploads\/sites\/10\/2026\/02\/9qcfr1x-1.webp","type":"image\/webp"}],"twitter_card":"summary_large_image","twitter_misc":{"Ansl. lesetid":"2 minutter"},"schema":{"@context":"https:\/\/schema.org","@graph":[{"@type":"WebPage","@id":"https:\/\/mekulo.com\/no\/produkt\/digital-beroringskran\/","url":"https:\/\/mekulo.com\/no\/produkt\/digital-beroringskran\/","name":"Digital ber\u00f8ringskran - Mekulo NO","isPartOf":{"@id":"https:\/\/mekulo.com\/no\/#website"},"primaryImageOfPage":{"@id":"https:\/\/mekulo.com\/no\/produkt\/digital-beroringskran\/#primaryimage"},"image":{"@id":"https:\/\/mekulo.com\/no\/produkt\/digital-beroringskran\/#primaryimage"},"thumbnailUrl":"https:\/\/mekulo.com\/no\/wp-content\/uploads\/sites\/10\/2026\/02\/9qcfr1x-1.webp","datePublished":"2026-02-09T15:20:11+00:00","dateModified":"2026-02-09T15:20:23+00:00","breadcrumb":{"@id":"https:\/\/mekulo.com\/no\/produkt\/digital-beroringskran\/#breadcrumb"},"inLanguage":"nb-NO","potentialAction":[{"@type":"ReadAction","target":["https:\/\/mekulo.com\/no\/produkt\/digital-beroringskran\/"]}]},{"@type":"ImageObject","inLanguage":"nb-NO","@id":"https:\/\/mekulo.com\/no\/produkt\/digital-beroringskran\/#primaryimage","url":"https:\/\/mekulo.com\/no\/wp-content\/uploads\/sites\/10\/2026\/02\/9qcfr1x-1.webp","contentUrl":"https:\/\/mekulo.com\/no\/wp-content\/uploads\/sites\/10\/2026\/02\/9qcfr1x-1.webp","width":1600,"height":1600},{"@type":"BreadcrumbList","@id":"https:\/\/mekulo.com\/no\/produkt\/digital-beroringskran\/#breadcrumb","itemListElement":[{"@type":"ListItem","position":1,"name":"Home","item":"https:\/\/mekulo.com\/no\/"},{"@type":"ListItem","position":2,"name":"Butikk","item":"https:\/\/mekulo.com\/no\/butikk\/"},{"@type":"ListItem","position":3,"name":"Digital ber\u00f8ringskran"}]},{"@type":"WebSite","@id":"https:\/\/mekulo.com\/no\/#website","url":"https:\/\/mekulo.com\/no\/","name":"Mekulo NO","description":"","publisher":{"@id":"https:\/\/mekulo.com\/no\/#organization"},"potentialAction":[{"@type":"SearchAction","target":{"@type":"EntryPoint","urlTemplate":"https:\/\/mekulo.com\/no\/?s={search_term_string}"},"query-input":{"@type":"PropertyValueSpecification","valueRequired":true,"valueName":"search_term_string"}}],"inLanguage":"nb-NO"},{"@type":"Organization","@id":"https:\/\/mekulo.com\/no\/#organization","name":"Mekulo","url":"https:\/\/mekulo.com\/no\/","logo":{"@type":"ImageObject","inLanguage":"nb-NO","@id":"https:\/\/mekulo.com\/no\/#\/schema\/logo\/image\/","url":"https:\/\/mekulo.com\/no\/wp-content\/uploads\/sites\/10\/2025\/12\/favicon_mekulo.png","contentUrl":"https:\/\/mekulo.com\/no\/wp-content\/uploads\/sites\/10\/2025\/12\/favicon_mekulo.png","width":50,"height":50,"caption":"Mekulo"},"image":{"@id":"https:\/\/mekulo.com\/no\/#\/schema\/logo\/image\/"}}]}},"_links":{"self":[{"href":"https:\/\/mekulo.com\/no\/wp-json\/wp\/v2\/product\/22435","targetHints":{"allow":["GET"]}}],"collection":[{"href":"https:\/\/mekulo.com\/no\/wp-json\/wp\/v2\/product"}],"about":[{"href":"https:\/\/mekulo.com\/no\/wp-json\/wp\/v2\/types\/product"}],"replies":[{"embeddable":true,"href":"https:\/\/mekulo.com\/no\/wp-json\/wp\/v2\/comments?post=22435"}],"wp:featuredmedia":[{"embeddable":true,"href":"https:\/\/mekulo.com\/no\/wp-json\/wp\/v2\/media\/22431"}],"wp:attachment":[{"href":"https:\/\/mekulo.com\/no\/wp-json\/wp\/v2\/media?parent=22435"}],"wp:term":[{"taxonomy":"product_brand","embeddable":true,"href":"https:\/\/mekulo.com\/no\/wp-json\/wp\/v2\/product_brand?post=22435"},{"taxonomy":"product_cat","embeddable":true,"href":"https:\/\/mekulo.com\/no\/wp-json\/wp\/v2\/product_cat?post=22435"},{"taxonomy":"product_tag","embeddable":true,"href":"https:\/\/mekulo.com\/no\/wp-json\/wp\/v2\/product_tag?post=22435"}],"curies":[{"name":"wp","href":"https:\/\/api.w.org\/{rel}","templated":true}]}}