{"id":22422,"date":"2026-02-09T17:18:50","date_gmt":"2026-02-09T15:18:50","guid":{"rendered":"https:\/\/mekulo.com\/no\/produkt\/handholdt-skumsproyte\/"},"modified":"2026-03-02T12:23:33","modified_gmt":"2026-03-02T10:23:33","slug":"handholdt-skumsproyte","status":"publish","type":"product","link":"https:\/\/mekulo.com\/no\/produkt\/handholdt-skumsproyte\/","title":{"rendered":"H\u00e5ndholdt skumspr\u00f8yte"},"content":{"rendered":"<p style=\"text-align: center\" data-start=\"27\" data-end=\"105\"><strong data-start=\"27\" data-end=\"105\">Skaper Enkelt Tykt, Kraftig Skum For Raskere Og Mer Effektiv Rengj\u00f8ring. \ud83e\udee7<\/strong><\/p>\n<p data-start=\"27\" data-end=\"105\"><img fetchpriority=\"high\" decoding=\"async\" class=\"size-full wp-image-24342 aligncenter\" src=\"https:\/\/mekulo.com\/template\/wp-content\/uploads\/sites\/6\/2026\/02\/FOAMBLISS19704__b62251af.jpg\" alt=\"\" width=\"600\" height=\"600\" \/><\/p>\n<h2 style=\"text-align: center\" data-start=\"475\" data-end=\"492\">Hovedfordeler \ud83e\uddfc<\/h2>\n<p data-start=\"493\" data-end=\"935\">\ud83e\uddfc Tykt skum &#8211; Klistrer seg til overflater for dyp og effektiv rengj\u00f8ring.<\/p>\n<p data-start=\"493\" data-end=\"935\">\ud83d\udebf 2-i-1-munnstykke &#8211; Bytt enkelt mellom skum- og spraymodus.<\/p>\n<p data-start=\"493\" data-end=\"935\">\ud83d\udc4c Enkel trykkbetjening &#8211; Pump og spray uten anstrengelse.<\/p>\n<p data-start=\"493\" data-end=\"935\">\ud83d\udca7 Stor kapasitet p\u00e5 2 liter &#8211; Rengj\u00f8r eller vann lenger uten \u00e5 fylle p\u00e5.<\/p>\n<p data-start=\"493\" data-end=\"935\">\ud83c\udf3f Flerbruksbruk &#8211; Ideell til bilvask, vanning av planter og rengj\u00f8ring av hjemmet.<\/p>\n<p data-start=\"493\" data-end=\"935\">\ud83d\udee0\ufe0f Slitesterkt materiale &#8211; Laget av PP av h\u00f8y kvalitet for langvarig bruk.<\/p>\n<p data-start=\"493\" data-end=\"935\"><img decoding=\"async\" class=\"size-full wp-image-24346 aligncenter\" src=\"https:\/\/mekulo.com\/template\/wp-content\/uploads\/sites\/6\/2026\/02\/FOAMBLISS12635__a898d370.jpg\" alt=\"\" width=\"600\" height=\"600\" \/><\/p>\n<h2 style=\"text-align: center\" data-start=\"942\" data-end=\"956\">Hvordan Du Bruker \ud83d\udccc<\/h2>\n<ol data-start=\"957\" data-end=\"1204\">\n<li data-start=\"957\" data-end=\"1033\">\n<p data-start=\"960\" data-end=\"1033\">\u00c5pne flasken og fyll den med vann og rengj\u00f8ringsl\u00f8sning om n\u00f8dvendig.<\/p>\n<\/li>\n<li data-start=\"1034\" data-end=\"1099\">\n<p data-start=\"1037\" data-end=\"1099\">Lukk lokket tett og pump h\u00e5ndtaket for \u00e5 bygge opp trykk.<\/p>\n<\/li>\n<li data-start=\"1100\" data-end=\"1148\">\n<p data-start=\"1103\" data-end=\"1148\">Velg skum- eller spraymodus ved hjelp av dysen.<\/p>\n<\/li>\n<li data-start=\"1149\" data-end=\"1204\">\n<p data-start=\"1152\" data-end=\"1204\">Trykk p\u00e5 avtrekkeren og p\u00e5f\u00f8r jevnt p\u00e5 overflaten.<\/p>\n<\/li>\n<\/ol>\n<h2 style=\"text-align: center\" data-start=\"1211\" data-end=\"1230\">Produktdetaljer \ud83d\udccf<\/h2>\n<ul data-start=\"1231\" data-end=\"1412\">\n<li data-start=\"1231\" data-end=\"1260\">\n<p data-start=\"1233\" data-end=\"1260\">Materiale: PP \/ PE-plast<\/p>\n<\/li>\n<li data-start=\"1261\" data-end=\"1277\">\n<p data-start=\"1263\" data-end=\"1277\">Kapasitet: 2 L<\/p>\n<\/li>\n<li data-start=\"1278\" data-end=\"1300\">\n<p data-start=\"1280\" data-end=\"1300\">St\u00f8rrelse: 33 x 12,5 cm<\/p>\n<\/li>\n<li data-start=\"1301\" data-end=\"1318\">\n<p data-start=\"1303\" data-end=\"1318\">Vekt: 400 g<\/p>\n<\/li>\n<li data-start=\"1319\" data-end=\"1351\">\n<p data-start=\"1321\" data-end=\"1351\">Betjening: Trykkdrevet<\/p>\n<\/li>\n<li data-start=\"1352\" data-end=\"1412\">\n<p data-start=\"1354\" data-end=\"1412\">Funksjoner: Bilvask, vanning av planter, generell rengj\u00f8ring<\/p>\n<\/li>\n<\/ul>\n<h2 style=\"text-align: center\" data-start=\"1419\" data-end=\"1439\">Pakken Inkluderer \ud83d\udce6<\/h2>\n<ul data-start=\"1440\" data-end=\"1469\">\n<li data-start=\"1440\" data-end=\"1469\">\n<p data-start=\"1442\" data-end=\"1469\">1x h\u00e5ndholdt skumspr\u00f8yte.<\/p>\n<\/li>\n<\/ul>\n","protected":false},"excerpt":{"rendered":"<p>\ud83e\uddfcDenne h\u00e5ndholdte skumspr\u00f8yten leverer fyldig, tett skum som fester seg til overflater, noe som gj\u00f8r rengj\u00f8ringen raskere og mer effektiv.<br \/>\n\ud83e\udee7Den er trykkdrevet og enkel \u00e5 bruke, og krever verken str\u00f8m eller slanger, noe som gj\u00f8r den perfekt for oppgaver i hjemmet og utend\u00f8rs.<br \/>\n\ud83d\udca7Med sin store kapasitet og justerbare dyse sparer den tid samtidig som den gir deg full kontroll over hver eneste spray.<\/p>\n","protected":false},"featured_media":22418,"comment_status":"open","ping_status":"closed","template":"","meta":{"site-sidebar-layout":"default","site-content-layout":"","ast-site-content-layout":"default","site-content-style":"default","site-sidebar-style":"default","ast-global-header-display":"","ast-banner-title-visibility":"","ast-main-header-display":"","ast-hfb-above-header-display":"","ast-hfb-below-header-display":"","ast-hfb-mobile-header-display":"","site-post-title":"","ast-breadcrumbs-content":"","ast-featured-img":"","footer-sml-layout":"","theme-transparent-header-meta":"default","adv-header-id-meta":"","stick-header-meta":"","header-above-stick-meta":"","header-main-stick-meta":"","header-below-stick-meta":"","astra-migrate-meta-layouts":"set","ast-page-background-enabled":"default","ast-page-background-meta":{"desktop":{"background-color":"var(--ast-global-color-5)","background-image":"","background-repeat":"repeat","background-position":"center center","background-size":"auto","background-attachment":"scroll","background-type":"","background-media":"","overlay-type":"","overlay-color":"","overlay-opacity":"","overlay-gradient":""},"tablet":{"background-color":"","background-image":"","background-repeat":"repeat","background-position":"center center","background-size":"auto","background-attachment":"scroll","background-type":"","background-media":"","overlay-type":"","overlay-color":"","overlay-opacity":"","overlay-gradient":""},"mobile":{"background-color":"","background-image":"","background-repeat":"repeat","background-position":"center center","background-size":"auto","background-attachment":"scroll","background-type":"","background-media":"","overlay-type":"","overlay-color":"","overlay-opacity":"","overlay-gradient":""}},"ast-content-background-meta":{"desktop":{"background-color":"var(--ast-global-color-4)","background-image":"","background-repeat":"repeat","background-position":"center center","background-size":"auto","background-attachment":"scroll","background-type":"","background-media":"","overlay-type":"","overlay-color":"","overlay-opacity":"","overlay-gradient":""},"tablet":{"background-color":"var(--ast-global-color-4)","background-image":"","background-repeat":"repeat","background-position":"center center","background-size":"auto","background-attachment":"scroll","background-type":"","background-media":"","overlay-type":"","overlay-color":"","overlay-opacity":"","overlay-gradient":""},"mobile":{"background-color":"var(--ast-global-color-4)","background-image":"","background-repeat":"repeat","background-position":"center center","background-size":"auto","background-attachment":"scroll","background-type":"","background-media":"","overlay-type":"","overlay-color":"","overlay-opacity":"","overlay-gradient":""}}},"product_brand":[],"product_cat":[161,168],"product_tag":[],"class_list":{"0":"post-22422","1":"product","2":"type-product","3":"status-publish","4":"has-post-thumbnail","6":"product_cat-bilprodukter","7":"product_cat-husholdningsartikler","8":"pa_57277_0dhqyib6-hvit","9":"pa_57277_0dhqyib6-svart","10":"desktop-align-left","11":"tablet-align-left","12":"mobile-align-left","14":"first","15":"instock","16":"shipping-taxable","17":"purchasable","18":"product-type-variable"},"yoast_head":"<!-- This site is optimized with the Yoast SEO plugin v26.6 - https:\/\/yoast.com\/wordpress\/plugins\/seo\/ -->\n<title>H\u00e5ndholdt skumspr\u00f8yte - Mekulo NO<\/title>\n<meta name=\"robots\" content=\"index, follow, max-snippet:-1, max-image-preview:large, max-video-preview:-1\" \/>\n<link rel=\"canonical\" href=\"https:\/\/mekulo.com\/no\/produkt\/handholdt-skumsproyte\/\" \/>\n<meta property=\"og:locale\" content=\"nb_NO\" \/>\n<meta property=\"og:type\" content=\"article\" \/>\n<meta property=\"og:title\" content=\"H\u00e5ndholdt skumspr\u00f8yte - Mekulo NO\" \/>\n<meta property=\"og:description\" content=\"\ud83e\uddfcDenne h\u00e5ndholdte skumspr\u00f8yten leverer fyldig, tett skum som fester seg til overflater, noe som gj\u00f8r rengj\u00f8ringen raskere og mer effektiv. \ud83e\udee7Den er trykkdrevet og enkel \u00e5 bruke, og krever verken str\u00f8m eller slanger, noe som gj\u00f8r den perfekt for oppgaver i hjemmet og utend\u00f8rs. \ud83d\udca7Med sin store kapasitet og justerbare dyse sparer den tid samtidig som den gir deg full kontroll over hver eneste spray.\" \/>\n<meta property=\"og:url\" content=\"https:\/\/mekulo.com\/no\/produkt\/handholdt-skumsproyte\/\" \/>\n<meta property=\"og:site_name\" content=\"Mekulo NO\" \/>\n<meta property=\"article:modified_time\" content=\"2026-03-02T10:23:33+00:00\" \/>\n<meta property=\"og:image\" content=\"https:\/\/mekulo.com\/no\/wp-content\/uploads\/sites\/10\/2026\/02\/9wxnqef-1.jpg\" \/>\n\t<meta property=\"og:image:width\" content=\"600\" \/>\n\t<meta property=\"og:image:height\" content=\"600\" \/>\n\t<meta property=\"og:image:type\" content=\"image\/jpeg\" \/>\n<meta name=\"twitter:card\" content=\"summary_large_image\" \/>\n<meta name=\"twitter:label1\" content=\"Ansl. lesetid\" \/>\n\t<meta name=\"twitter:data1\" content=\"2 minutter\" \/>\n<script type=\"application\/ld+json\" class=\"yoast-schema-graph\">{\"@context\":\"https:\/\/schema.org\",\"@graph\":[{\"@type\":\"WebPage\",\"@id\":\"https:\/\/mekulo.com\/no\/produkt\/handholdt-skumsproyte\/\",\"url\":\"https:\/\/mekulo.com\/no\/produkt\/handholdt-skumsproyte\/\",\"name\":\"H\u00e5ndholdt skumspr\u00f8yte - Mekulo NO\",\"isPartOf\":{\"@id\":\"https:\/\/mekulo.com\/no\/#website\"},\"primaryImageOfPage\":{\"@id\":\"https:\/\/mekulo.com\/no\/produkt\/handholdt-skumsproyte\/#primaryimage\"},\"image\":{\"@id\":\"https:\/\/mekulo.com\/no\/produkt\/handholdt-skumsproyte\/#primaryimage\"},\"thumbnailUrl\":\"https:\/\/mekulo.com\/no\/wp-content\/uploads\/sites\/10\/2026\/02\/9wxnqef-1.jpg\",\"datePublished\":\"2026-02-09T15:18:50+00:00\",\"dateModified\":\"2026-03-02T10:23:33+00:00\",\"breadcrumb\":{\"@id\":\"https:\/\/mekulo.com\/no\/produkt\/handholdt-skumsproyte\/#breadcrumb\"},\"inLanguage\":\"nb-NO\",\"potentialAction\":[{\"@type\":\"ReadAction\",\"target\":[\"https:\/\/mekulo.com\/no\/produkt\/handholdt-skumsproyte\/\"]}]},{\"@type\":\"ImageObject\",\"inLanguage\":\"nb-NO\",\"@id\":\"https:\/\/mekulo.com\/no\/produkt\/handholdt-skumsproyte\/#primaryimage\",\"url\":\"https:\/\/mekulo.com\/no\/wp-content\/uploads\/sites\/10\/2026\/02\/9wxnqef-1.jpg\",\"contentUrl\":\"https:\/\/mekulo.com\/no\/wp-content\/uploads\/sites\/10\/2026\/02\/9wxnqef-1.jpg\",\"width\":600,\"height\":600},{\"@type\":\"BreadcrumbList\",\"@id\":\"https:\/\/mekulo.com\/no\/produkt\/handholdt-skumsproyte\/#breadcrumb\",\"itemListElement\":[{\"@type\":\"ListItem\",\"position\":1,\"name\":\"Home\",\"item\":\"https:\/\/mekulo.com\/no\/\"},{\"@type\":\"ListItem\",\"position\":2,\"name\":\"Butikk\",\"item\":\"https:\/\/mekulo.com\/no\/butikk\/\"},{\"@type\":\"ListItem\",\"position\":3,\"name\":\"H\u00e5ndholdt skumspr\u00f8yte\"}]},{\"@type\":\"WebSite\",\"@id\":\"https:\/\/mekulo.com\/no\/#website\",\"url\":\"https:\/\/mekulo.com\/no\/\",\"name\":\"Mekulo NO\",\"description\":\"\",\"publisher\":{\"@id\":\"https:\/\/mekulo.com\/no\/#organization\"},\"potentialAction\":[{\"@type\":\"SearchAction\",\"target\":{\"@type\":\"EntryPoint\",\"urlTemplate\":\"https:\/\/mekulo.com\/no\/?s={search_term_string}\"},\"query-input\":{\"@type\":\"PropertyValueSpecification\",\"valueRequired\":true,\"valueName\":\"search_term_string\"}}],\"inLanguage\":\"nb-NO\"},{\"@type\":\"Organization\",\"@id\":\"https:\/\/mekulo.com\/no\/#organization\",\"name\":\"Mekulo\",\"url\":\"https:\/\/mekulo.com\/no\/\",\"logo\":{\"@type\":\"ImageObject\",\"inLanguage\":\"nb-NO\",\"@id\":\"https:\/\/mekulo.com\/no\/#\/schema\/logo\/image\/\",\"url\":\"https:\/\/mekulo.com\/no\/wp-content\/uploads\/sites\/10\/2025\/12\/favicon_mekulo.png\",\"contentUrl\":\"https:\/\/mekulo.com\/no\/wp-content\/uploads\/sites\/10\/2025\/12\/favicon_mekulo.png\",\"width\":50,\"height\":50,\"caption\":\"Mekulo\"},\"image\":{\"@id\":\"https:\/\/mekulo.com\/no\/#\/schema\/logo\/image\/\"}}]}<\/script>\n<!-- \/ Yoast SEO plugin. -->","yoast_head_json":{"title":"H\u00e5ndholdt skumspr\u00f8yte - Mekulo NO","robots":{"index":"index","follow":"follow","max-snippet":"max-snippet:-1","max-image-preview":"max-image-preview:large","max-video-preview":"max-video-preview:-1"},"canonical":"https:\/\/mekulo.com\/no\/produkt\/handholdt-skumsproyte\/","og_locale":"nb_NO","og_type":"article","og_title":"H\u00e5ndholdt skumspr\u00f8yte - Mekulo NO","og_description":"\ud83e\uddfcDenne h\u00e5ndholdte skumspr\u00f8yten leverer fyldig, tett skum som fester seg til overflater, noe som gj\u00f8r rengj\u00f8ringen raskere og mer effektiv. \ud83e\udee7Den er trykkdrevet og enkel \u00e5 bruke, og krever verken str\u00f8m eller slanger, noe som gj\u00f8r den perfekt for oppgaver i hjemmet og utend\u00f8rs. \ud83d\udca7Med sin store kapasitet og justerbare dyse sparer den tid samtidig som den gir deg full kontroll over hver eneste spray.","og_url":"https:\/\/mekulo.com\/no\/produkt\/handholdt-skumsproyte\/","og_site_name":"Mekulo NO","article_modified_time":"2026-03-02T10:23:33+00:00","og_image":[{"width":600,"height":600,"url":"https:\/\/mekulo.com\/no\/wp-content\/uploads\/sites\/10\/2026\/02\/9wxnqef-1.jpg","type":"image\/jpeg"}],"twitter_card":"summary_large_image","twitter_misc":{"Ansl. lesetid":"2 minutter"},"schema":{"@context":"https:\/\/schema.org","@graph":[{"@type":"WebPage","@id":"https:\/\/mekulo.com\/no\/produkt\/handholdt-skumsproyte\/","url":"https:\/\/mekulo.com\/no\/produkt\/handholdt-skumsproyte\/","name":"H\u00e5ndholdt skumspr\u00f8yte - Mekulo NO","isPartOf":{"@id":"https:\/\/mekulo.com\/no\/#website"},"primaryImageOfPage":{"@id":"https:\/\/mekulo.com\/no\/produkt\/handholdt-skumsproyte\/#primaryimage"},"image":{"@id":"https:\/\/mekulo.com\/no\/produkt\/handholdt-skumsproyte\/#primaryimage"},"thumbnailUrl":"https:\/\/mekulo.com\/no\/wp-content\/uploads\/sites\/10\/2026\/02\/9wxnqef-1.jpg","datePublished":"2026-02-09T15:18:50+00:00","dateModified":"2026-03-02T10:23:33+00:00","breadcrumb":{"@id":"https:\/\/mekulo.com\/no\/produkt\/handholdt-skumsproyte\/#breadcrumb"},"inLanguage":"nb-NO","potentialAction":[{"@type":"ReadAction","target":["https:\/\/mekulo.com\/no\/produkt\/handholdt-skumsproyte\/"]}]},{"@type":"ImageObject","inLanguage":"nb-NO","@id":"https:\/\/mekulo.com\/no\/produkt\/handholdt-skumsproyte\/#primaryimage","url":"https:\/\/mekulo.com\/no\/wp-content\/uploads\/sites\/10\/2026\/02\/9wxnqef-1.jpg","contentUrl":"https:\/\/mekulo.com\/no\/wp-content\/uploads\/sites\/10\/2026\/02\/9wxnqef-1.jpg","width":600,"height":600},{"@type":"BreadcrumbList","@id":"https:\/\/mekulo.com\/no\/produkt\/handholdt-skumsproyte\/#breadcrumb","itemListElement":[{"@type":"ListItem","position":1,"name":"Home","item":"https:\/\/mekulo.com\/no\/"},{"@type":"ListItem","position":2,"name":"Butikk","item":"https:\/\/mekulo.com\/no\/butikk\/"},{"@type":"ListItem","position":3,"name":"H\u00e5ndholdt skumspr\u00f8yte"}]},{"@type":"WebSite","@id":"https:\/\/mekulo.com\/no\/#website","url":"https:\/\/mekulo.com\/no\/","name":"Mekulo NO","description":"","publisher":{"@id":"https:\/\/mekulo.com\/no\/#organization"},"potentialAction":[{"@type":"SearchAction","target":{"@type":"EntryPoint","urlTemplate":"https:\/\/mekulo.com\/no\/?s={search_term_string}"},"query-input":{"@type":"PropertyValueSpecification","valueRequired":true,"valueName":"search_term_string"}}],"inLanguage":"nb-NO"},{"@type":"Organization","@id":"https:\/\/mekulo.com\/no\/#organization","name":"Mekulo","url":"https:\/\/mekulo.com\/no\/","logo":{"@type":"ImageObject","inLanguage":"nb-NO","@id":"https:\/\/mekulo.com\/no\/#\/schema\/logo\/image\/","url":"https:\/\/mekulo.com\/no\/wp-content\/uploads\/sites\/10\/2025\/12\/favicon_mekulo.png","contentUrl":"https:\/\/mekulo.com\/no\/wp-content\/uploads\/sites\/10\/2025\/12\/favicon_mekulo.png","width":50,"height":50,"caption":"Mekulo"},"image":{"@id":"https:\/\/mekulo.com\/no\/#\/schema\/logo\/image\/"}}]}},"_links":{"self":[{"href":"https:\/\/mekulo.com\/no\/wp-json\/wp\/v2\/product\/22422","targetHints":{"allow":["GET"]}}],"collection":[{"href":"https:\/\/mekulo.com\/no\/wp-json\/wp\/v2\/product"}],"about":[{"href":"https:\/\/mekulo.com\/no\/wp-json\/wp\/v2\/types\/product"}],"replies":[{"embeddable":true,"href":"https:\/\/mekulo.com\/no\/wp-json\/wp\/v2\/comments?post=22422"}],"wp:featuredmedia":[{"embeddable":true,"href":"https:\/\/mekulo.com\/no\/wp-json\/wp\/v2\/media\/22418"}],"wp:attachment":[{"href":"https:\/\/mekulo.com\/no\/wp-json\/wp\/v2\/media?parent=22422"}],"wp:term":[{"taxonomy":"product_brand","embeddable":true,"href":"https:\/\/mekulo.com\/no\/wp-json\/wp\/v2\/product_brand?post=22422"},{"taxonomy":"product_cat","embeddable":true,"href":"https:\/\/mekulo.com\/no\/wp-json\/wp\/v2\/product_cat?post=22422"},{"taxonomy":"product_tag","embeddable":true,"href":"https:\/\/mekulo.com\/no\/wp-json\/wp\/v2\/product_tag?post=22422"}],"curies":[{"name":"wp","href":"https:\/\/api.w.org\/{rel}","templated":true}]}}