{"id":22386,"date":"2026-02-09T17:15:07","date_gmt":"2026-02-09T15:15:07","guid":{"rendered":"https:\/\/mekulo.com\/no\/produkt\/vannfontene-for-kjaeledyr\/"},"modified":"2026-03-02T12:22:43","modified_gmt":"2026-03-02T10:22:43","slug":"vannfontene-for-kjaeledyr","status":"publish","type":"product","link":"https:\/\/mekulo.com\/no\/produkt\/vannfontene-for-kjaeledyr\/","title":{"rendered":"Vannfontene for kj\u00e6ledyr"},"content":{"rendered":"<p style=\"text-align: center\" data-start=\"24\" data-end=\"85\"><strong data-start=\"24\" data-end=\"85\">Hold kj\u00e6ledyret ditt hydrert med friskt, rennende vann hele dagen. \ud83d\udca7<\/strong><\/p>\n<p data-start=\"24\" data-end=\"85\"><img fetchpriority=\"high\" decoding=\"async\" class=\" wp-image-23943 aligncenter\" src=\"https:\/\/mekulo.com\/template\/wp-content\/uploads\/sites\/6\/2026\/02\/12211-ezgif.com-video-to-webp-converter.webp\" alt=\"\" width=\"500\" height=\"500\" \/><\/p>\n<h2 style=\"text-align: center\" data-start=\"445\" data-end=\"462\">Hovedfordeler <strong data-start=\"321\" data-end=\"438\">\ud83d\udc31<\/strong><\/h2>\n<p data-start=\"463\" data-end=\"881\">\ud83d\udca7 Oppmuntrer til sunn hydrering &#8211; Rennende vann tiltrekker kj\u00e6ledyr til \u00e5 drikke mer.<\/p>\n<p data-start=\"463\" data-end=\"881\">\ud83d\udd07 Ultra-stille pumpe &#8211; Ingen st\u00f8y for \u00e5 skremme kj\u00e6ledyr eller forstyrre hjemmet ditt.<\/p>\n<p data-start=\"463\" data-end=\"881\">\ud83e\uddfc Smart filtreringssystem &#8211; Filtrerer h\u00e5r, rusk og urenheter.<\/p>\n<p data-start=\"463\" data-end=\"881\">\ud83d\udc3e Sklisikker base &#8211; Holder seg stabil og forhindrer s\u00f8l.<\/p>\n<p data-start=\"463\" data-end=\"881\">\ud83d\udd0c USB-drevet &amp; energieffektiv &#8211; Enkel \u00e5 f\u00e5 str\u00f8m hvor som helst.<\/p>\n<p data-start=\"463\" data-end=\"881\">\ud83c\udfe0 Kompakt og stilig design &#8211; Passer pent inn i ethvert kj\u00e6ledyrhj\u00f8rne.<\/p>\n<p data-start=\"463\" data-end=\"881\"><img decoding=\"async\" class=\"size-full wp-image-23947 aligncenter\" src=\"https:\/\/mekulo.com\/template\/wp-content\/uploads\/sites\/6\/2026\/02\/PETSPRINGLE-3831127599360-N-5__231025.jpg\" alt=\"\" width=\"600\" height=\"600\" \/><\/p>\n<h2 style=\"text-align: center\" data-start=\"888\" data-end=\"902\">Hvordan du bruker \ud83d\udccc<\/h2>\n<ol data-start=\"903\" data-end=\"1161\">\n<li data-start=\"903\" data-end=\"950\">\n<p data-start=\"906\" data-end=\"950\">Monter fontenedelene som anvist.<\/p>\n<\/li>\n<li data-start=\"951\" data-end=\"999\">\n<p data-start=\"954\" data-end=\"999\">Sett filteret inn i det angitte sporet.<\/p>\n<\/li>\n<li data-start=\"1000\" data-end=\"1056\">\n<p data-start=\"1003\" data-end=\"1056\">Fyll bassenget med rent vann opp til makslinjen.<\/p>\n<\/li>\n<li data-start=\"1057\" data-end=\"1102\">\n<p data-start=\"1060\" data-end=\"1102\">Koble til str\u00f8mkilden og sl\u00e5 den p\u00e5.<\/p>\n<\/li>\n<li data-start=\"1103\" data-end=\"1161\">\n<p data-start=\"1106\" data-end=\"1161\">Rengj\u00f8r og skyll delene regelmessig for best mulig ytelse.<\/p>\n<\/li>\n<\/ol>\n<h2 style=\"text-align: center\" data-start=\"1168\" data-end=\"1187\">Produktdetaljer \ud83d\udccf<\/h2>\n<ul data-start=\"1188\" data-end=\"1402\">\n<li data-start=\"1188\" data-end=\"1206\">\n<p data-start=\"1190\" data-end=\"1206\">Kapasitet: 1,5L<\/p>\n<\/li>\n<li data-start=\"1207\" data-end=\"1222\">\n<p data-start=\"1209\" data-end=\"1222\">Kraft: 2,5W<\/p>\n<\/li>\n<li data-start=\"1223\" data-end=\"1244\">\n<p data-start=\"1225\" data-end=\"1244\">Spenning: 220\u2013240V<\/p>\n<\/li>\n<li data-start=\"1245\" data-end=\"1266\">\n<p data-start=\"1247\" data-end=\"1266\">Materiale: PET, PP<\/p>\n<\/li>\n<li data-start=\"1267\" data-end=\"1296\">\n<p data-start=\"1269\" data-end=\"1296\">St\u00f8rrelse: 16,5 x 11,5 x 12 cm<\/p>\n<\/li>\n<li data-start=\"1297\" data-end=\"1325\">\n<p data-start=\"1299\" data-end=\"1325\">Str\u00f8mledningens lengde: 1,3 m<\/p>\n<\/li>\n<li data-start=\"1365\" data-end=\"1402\">\n<p data-start=\"1367\" data-end=\"1402\">Legner seg for: Katter og sm\u00e5 hunder<\/p>\n<\/li>\n<li data-start=\"1365\" data-end=\"1402\">Du kan lade med hvilken som helst USB-ladekabel du har hjemme<\/li>\n<\/ul>\n<h2 style=\"text-align: center\" data-start=\"1409\" data-end=\"1429\">Pakken inkluderer \ud83d\udce6<\/h2>\n<ul data-start=\"1430\" data-end=\"1526\">\n<li data-start=\"1430\" data-end=\"1449\">\n<p data-start=\"1432\" data-end=\"1449\">1x utl\u00f8psr\u00f8r<\/p>\n<\/li>\n<li data-start=\"1450\" data-end=\"1471\">\n<p data-start=\"1452\" data-end=\"1471\">1x drikkebrett<\/p>\n<\/li>\n<li data-start=\"1472\" data-end=\"1492\">\n<p data-start=\"1474\" data-end=\"1492\">1x bunnkum<\/p>\n<\/li>\n<li data-start=\"1493\" data-end=\"1507\">\n<p data-start=\"1495\" data-end=\"1507\">1x filter<\/p>\n<\/li>\n<li data-start=\"1508\" data-end=\"1526\">\n<p data-start=\"1510\" data-end=\"1526\">1x vannpumpe<\/p>\n<\/li>\n<li data-start=\"1508\" data-end=\"1526\">1x bruksanvisning.<\/li>\n<\/ul>\n","protected":false},"excerpt":{"rendered":"<p><strong data-start=\"321\" data-end=\"438\">\ud83d\udc36<\/strong>Denne vannfontenen for kj\u00e6ledyr bruker et sk\u00e5nsomt rennende vanndesign for \u00e5 naturlig tiltrekke katter og sm\u00e5 hunder til \u00e5 drikke oftere.<br \/>\n\ud83d\udca6Den kontinuerlige sirkulasjonen holder vannet friskt og rent, mens den stille pumpen s\u00f8rger for en rolig drikkeopplevelse.<br \/>\n\ud83d\udc08Den er en ideell daglig hydreringsl\u00f8sning for travle kj\u00e6ledyrseiere som \u00f8nsker bedre helse og bekvemmelighet for kj\u00e6ledyrene sine.<\/p>\n","protected":false},"featured_media":22382,"comment_status":"open","ping_status":"closed","template":"","meta":{"site-sidebar-layout":"default","site-content-layout":"","ast-site-content-layout":"default","site-content-style":"default","site-sidebar-style":"default","ast-global-header-display":"","ast-banner-title-visibility":"","ast-main-header-display":"","ast-hfb-above-header-display":"","ast-hfb-below-header-display":"","ast-hfb-mobile-header-display":"","site-post-title":"","ast-breadcrumbs-content":"","ast-featured-img":"","footer-sml-layout":"","theme-transparent-header-meta":"default","adv-header-id-meta":"","stick-header-meta":"","header-above-stick-meta":"","header-main-stick-meta":"","header-below-stick-meta":"","astra-migrate-meta-layouts":"set","ast-page-background-enabled":"default","ast-page-background-meta":{"desktop":{"background-color":"var(--ast-global-color-5)","background-image":"","background-repeat":"repeat","background-position":"center center","background-size":"auto","background-attachment":"scroll","background-type":"","background-media":"","overlay-type":"","overlay-color":"","overlay-opacity":"","overlay-gradient":""},"tablet":{"background-color":"","background-image":"","background-repeat":"repeat","background-position":"center center","background-size":"auto","background-attachment":"scroll","background-type":"","background-media":"","overlay-type":"","overlay-color":"","overlay-opacity":"","overlay-gradient":""},"mobile":{"background-color":"","background-image":"","background-repeat":"repeat","background-position":"center center","background-size":"auto","background-attachment":"scroll","background-type":"","background-media":"","overlay-type":"","overlay-color":"","overlay-opacity":"","overlay-gradient":""}},"ast-content-background-meta":{"desktop":{"background-color":"var(--ast-global-color-4)","background-image":"","background-repeat":"repeat","background-position":"center center","background-size":"auto","background-attachment":"scroll","background-type":"","background-media":"","overlay-type":"","overlay-color":"","overlay-opacity":"","overlay-gradient":""},"tablet":{"background-color":"var(--ast-global-color-4)","background-image":"","background-repeat":"repeat","background-position":"center center","background-size":"auto","background-attachment":"scroll","background-type":"","background-media":"","overlay-type":"","overlay-color":"","overlay-opacity":"","overlay-gradient":""},"mobile":{"background-color":"var(--ast-global-color-4)","background-image":"","background-repeat":"repeat","background-position":"center center","background-size":"auto","background-attachment":"scroll","background-type":"","background-media":"","overlay-type":"","overlay-color":"","overlay-opacity":"","overlay-gradient":""}}},"product_brand":[],"product_cat":[169],"product_tag":[],"class_list":{"0":"post-22386","1":"product","2":"type-product","3":"status-publish","4":"has-post-thumbnail","6":"product_cat-kjaeledyrprodukter","7":"pa_56231_t1mjk3y3-gra","8":"pa_56231_t1mjk3y3-gul","9":"pa_56231_t1mjk3y3-hvit","10":"desktop-align-left","11":"tablet-align-left","12":"mobile-align-left","14":"first","15":"instock","16":"shipping-taxable","17":"purchasable","18":"product-type-variable"},"yoast_head":"<!-- This site is optimized with the Yoast SEO plugin v26.6 - https:\/\/yoast.com\/wordpress\/plugins\/seo\/ -->\n<title>Vannfontene for kj\u00e6ledyr - Mekulo NO<\/title>\n<meta name=\"robots\" content=\"index, follow, max-snippet:-1, max-image-preview:large, max-video-preview:-1\" \/>\n<link rel=\"canonical\" href=\"https:\/\/mekulo.com\/no\/produkt\/vannfontene-for-kjaeledyr\/\" \/>\n<meta property=\"og:locale\" content=\"nb_NO\" \/>\n<meta property=\"og:type\" content=\"article\" \/>\n<meta property=\"og:title\" content=\"Vannfontene for kj\u00e6ledyr - Mekulo NO\" \/>\n<meta property=\"og:description\" content=\"\ud83d\udc36Denne vannfontenen for kj\u00e6ledyr bruker et sk\u00e5nsomt rennende vanndesign for \u00e5 naturlig tiltrekke katter og sm\u00e5 hunder til \u00e5 drikke oftere. \ud83d\udca6Den kontinuerlige sirkulasjonen holder vannet friskt og rent, mens den stille pumpen s\u00f8rger for en rolig drikkeopplevelse. \ud83d\udc08Den er en ideell daglig hydreringsl\u00f8sning for travle kj\u00e6ledyrseiere som \u00f8nsker bedre helse og bekvemmelighet for kj\u00e6ledyrene sine.\" \/>\n<meta property=\"og:url\" content=\"https:\/\/mekulo.com\/no\/produkt\/vannfontene-for-kjaeledyr\/\" \/>\n<meta property=\"og:site_name\" content=\"Mekulo NO\" \/>\n<meta property=\"article:modified_time\" content=\"2026-03-02T10:22:43+00:00\" \/>\n<meta property=\"og:image\" content=\"https:\/\/mekulo.com\/no\/wp-content\/uploads\/sites\/10\/2026\/02\/5hjrmnj-1.jpg\" \/>\n\t<meta property=\"og:image:width\" content=\"600\" \/>\n\t<meta property=\"og:image:height\" content=\"600\" \/>\n\t<meta property=\"og:image:type\" content=\"image\/jpeg\" \/>\n<meta name=\"twitter:card\" content=\"summary_large_image\" \/>\n<meta name=\"twitter:label1\" content=\"Ansl. lesetid\" \/>\n\t<meta name=\"twitter:data1\" content=\"2 minutter\" \/>\n<script type=\"application\/ld+json\" class=\"yoast-schema-graph\">{\"@context\":\"https:\/\/schema.org\",\"@graph\":[{\"@type\":\"WebPage\",\"@id\":\"https:\/\/mekulo.com\/no\/produkt\/vannfontene-for-kjaeledyr\/\",\"url\":\"https:\/\/mekulo.com\/no\/produkt\/vannfontene-for-kjaeledyr\/\",\"name\":\"Vannfontene for kj\u00e6ledyr - Mekulo NO\",\"isPartOf\":{\"@id\":\"https:\/\/mekulo.com\/no\/#website\"},\"primaryImageOfPage\":{\"@id\":\"https:\/\/mekulo.com\/no\/produkt\/vannfontene-for-kjaeledyr\/#primaryimage\"},\"image\":{\"@id\":\"https:\/\/mekulo.com\/no\/produkt\/vannfontene-for-kjaeledyr\/#primaryimage\"},\"thumbnailUrl\":\"https:\/\/mekulo.com\/no\/wp-content\/uploads\/sites\/10\/2026\/02\/5hjrmnj-1.jpg\",\"datePublished\":\"2026-02-09T15:15:07+00:00\",\"dateModified\":\"2026-03-02T10:22:43+00:00\",\"breadcrumb\":{\"@id\":\"https:\/\/mekulo.com\/no\/produkt\/vannfontene-for-kjaeledyr\/#breadcrumb\"},\"inLanguage\":\"nb-NO\",\"potentialAction\":[{\"@type\":\"ReadAction\",\"target\":[\"https:\/\/mekulo.com\/no\/produkt\/vannfontene-for-kjaeledyr\/\"]}]},{\"@type\":\"ImageObject\",\"inLanguage\":\"nb-NO\",\"@id\":\"https:\/\/mekulo.com\/no\/produkt\/vannfontene-for-kjaeledyr\/#primaryimage\",\"url\":\"https:\/\/mekulo.com\/no\/wp-content\/uploads\/sites\/10\/2026\/02\/5hjrmnj-1.jpg\",\"contentUrl\":\"https:\/\/mekulo.com\/no\/wp-content\/uploads\/sites\/10\/2026\/02\/5hjrmnj-1.jpg\",\"width\":600,\"height\":600},{\"@type\":\"BreadcrumbList\",\"@id\":\"https:\/\/mekulo.com\/no\/produkt\/vannfontene-for-kjaeledyr\/#breadcrumb\",\"itemListElement\":[{\"@type\":\"ListItem\",\"position\":1,\"name\":\"Home\",\"item\":\"https:\/\/mekulo.com\/no\/\"},{\"@type\":\"ListItem\",\"position\":2,\"name\":\"Butikk\",\"item\":\"https:\/\/mekulo.com\/no\/butikk\/\"},{\"@type\":\"ListItem\",\"position\":3,\"name\":\"Vannfontene for kj\u00e6ledyr\"}]},{\"@type\":\"WebSite\",\"@id\":\"https:\/\/mekulo.com\/no\/#website\",\"url\":\"https:\/\/mekulo.com\/no\/\",\"name\":\"Mekulo NO\",\"description\":\"\",\"publisher\":{\"@id\":\"https:\/\/mekulo.com\/no\/#organization\"},\"potentialAction\":[{\"@type\":\"SearchAction\",\"target\":{\"@type\":\"EntryPoint\",\"urlTemplate\":\"https:\/\/mekulo.com\/no\/?s={search_term_string}\"},\"query-input\":{\"@type\":\"PropertyValueSpecification\",\"valueRequired\":true,\"valueName\":\"search_term_string\"}}],\"inLanguage\":\"nb-NO\"},{\"@type\":\"Organization\",\"@id\":\"https:\/\/mekulo.com\/no\/#organization\",\"name\":\"Mekulo\",\"url\":\"https:\/\/mekulo.com\/no\/\",\"logo\":{\"@type\":\"ImageObject\",\"inLanguage\":\"nb-NO\",\"@id\":\"https:\/\/mekulo.com\/no\/#\/schema\/logo\/image\/\",\"url\":\"https:\/\/mekulo.com\/no\/wp-content\/uploads\/sites\/10\/2025\/12\/favicon_mekulo.png\",\"contentUrl\":\"https:\/\/mekulo.com\/no\/wp-content\/uploads\/sites\/10\/2025\/12\/favicon_mekulo.png\",\"width\":50,\"height\":50,\"caption\":\"Mekulo\"},\"image\":{\"@id\":\"https:\/\/mekulo.com\/no\/#\/schema\/logo\/image\/\"}}]}<\/script>\n<!-- \/ Yoast SEO plugin. -->","yoast_head_json":{"title":"Vannfontene for kj\u00e6ledyr - Mekulo NO","robots":{"index":"index","follow":"follow","max-snippet":"max-snippet:-1","max-image-preview":"max-image-preview:large","max-video-preview":"max-video-preview:-1"},"canonical":"https:\/\/mekulo.com\/no\/produkt\/vannfontene-for-kjaeledyr\/","og_locale":"nb_NO","og_type":"article","og_title":"Vannfontene for kj\u00e6ledyr - Mekulo NO","og_description":"\ud83d\udc36Denne vannfontenen for kj\u00e6ledyr bruker et sk\u00e5nsomt rennende vanndesign for \u00e5 naturlig tiltrekke katter og sm\u00e5 hunder til \u00e5 drikke oftere. \ud83d\udca6Den kontinuerlige sirkulasjonen holder vannet friskt og rent, mens den stille pumpen s\u00f8rger for en rolig drikkeopplevelse. \ud83d\udc08Den er en ideell daglig hydreringsl\u00f8sning for travle kj\u00e6ledyrseiere som \u00f8nsker bedre helse og bekvemmelighet for kj\u00e6ledyrene sine.","og_url":"https:\/\/mekulo.com\/no\/produkt\/vannfontene-for-kjaeledyr\/","og_site_name":"Mekulo NO","article_modified_time":"2026-03-02T10:22:43+00:00","og_image":[{"width":600,"height":600,"url":"https:\/\/mekulo.com\/no\/wp-content\/uploads\/sites\/10\/2026\/02\/5hjrmnj-1.jpg","type":"image\/jpeg"}],"twitter_card":"summary_large_image","twitter_misc":{"Ansl. lesetid":"2 minutter"},"schema":{"@context":"https:\/\/schema.org","@graph":[{"@type":"WebPage","@id":"https:\/\/mekulo.com\/no\/produkt\/vannfontene-for-kjaeledyr\/","url":"https:\/\/mekulo.com\/no\/produkt\/vannfontene-for-kjaeledyr\/","name":"Vannfontene for kj\u00e6ledyr - Mekulo NO","isPartOf":{"@id":"https:\/\/mekulo.com\/no\/#website"},"primaryImageOfPage":{"@id":"https:\/\/mekulo.com\/no\/produkt\/vannfontene-for-kjaeledyr\/#primaryimage"},"image":{"@id":"https:\/\/mekulo.com\/no\/produkt\/vannfontene-for-kjaeledyr\/#primaryimage"},"thumbnailUrl":"https:\/\/mekulo.com\/no\/wp-content\/uploads\/sites\/10\/2026\/02\/5hjrmnj-1.jpg","datePublished":"2026-02-09T15:15:07+00:00","dateModified":"2026-03-02T10:22:43+00:00","breadcrumb":{"@id":"https:\/\/mekulo.com\/no\/produkt\/vannfontene-for-kjaeledyr\/#breadcrumb"},"inLanguage":"nb-NO","potentialAction":[{"@type":"ReadAction","target":["https:\/\/mekulo.com\/no\/produkt\/vannfontene-for-kjaeledyr\/"]}]},{"@type":"ImageObject","inLanguage":"nb-NO","@id":"https:\/\/mekulo.com\/no\/produkt\/vannfontene-for-kjaeledyr\/#primaryimage","url":"https:\/\/mekulo.com\/no\/wp-content\/uploads\/sites\/10\/2026\/02\/5hjrmnj-1.jpg","contentUrl":"https:\/\/mekulo.com\/no\/wp-content\/uploads\/sites\/10\/2026\/02\/5hjrmnj-1.jpg","width":600,"height":600},{"@type":"BreadcrumbList","@id":"https:\/\/mekulo.com\/no\/produkt\/vannfontene-for-kjaeledyr\/#breadcrumb","itemListElement":[{"@type":"ListItem","position":1,"name":"Home","item":"https:\/\/mekulo.com\/no\/"},{"@type":"ListItem","position":2,"name":"Butikk","item":"https:\/\/mekulo.com\/no\/butikk\/"},{"@type":"ListItem","position":3,"name":"Vannfontene for kj\u00e6ledyr"}]},{"@type":"WebSite","@id":"https:\/\/mekulo.com\/no\/#website","url":"https:\/\/mekulo.com\/no\/","name":"Mekulo NO","description":"","publisher":{"@id":"https:\/\/mekulo.com\/no\/#organization"},"potentialAction":[{"@type":"SearchAction","target":{"@type":"EntryPoint","urlTemplate":"https:\/\/mekulo.com\/no\/?s={search_term_string}"},"query-input":{"@type":"PropertyValueSpecification","valueRequired":true,"valueName":"search_term_string"}}],"inLanguage":"nb-NO"},{"@type":"Organization","@id":"https:\/\/mekulo.com\/no\/#organization","name":"Mekulo","url":"https:\/\/mekulo.com\/no\/","logo":{"@type":"ImageObject","inLanguage":"nb-NO","@id":"https:\/\/mekulo.com\/no\/#\/schema\/logo\/image\/","url":"https:\/\/mekulo.com\/no\/wp-content\/uploads\/sites\/10\/2025\/12\/favicon_mekulo.png","contentUrl":"https:\/\/mekulo.com\/no\/wp-content\/uploads\/sites\/10\/2025\/12\/favicon_mekulo.png","width":50,"height":50,"caption":"Mekulo"},"image":{"@id":"https:\/\/mekulo.com\/no\/#\/schema\/logo\/image\/"}}]}},"_links":{"self":[{"href":"https:\/\/mekulo.com\/no\/wp-json\/wp\/v2\/product\/22386","targetHints":{"allow":["GET"]}}],"collection":[{"href":"https:\/\/mekulo.com\/no\/wp-json\/wp\/v2\/product"}],"about":[{"href":"https:\/\/mekulo.com\/no\/wp-json\/wp\/v2\/types\/product"}],"replies":[{"embeddable":true,"href":"https:\/\/mekulo.com\/no\/wp-json\/wp\/v2\/comments?post=22386"}],"wp:featuredmedia":[{"embeddable":true,"href":"https:\/\/mekulo.com\/no\/wp-json\/wp\/v2\/media\/22382"}],"wp:attachment":[{"href":"https:\/\/mekulo.com\/no\/wp-json\/wp\/v2\/media?parent=22386"}],"wp:term":[{"taxonomy":"product_brand","embeddable":true,"href":"https:\/\/mekulo.com\/no\/wp-json\/wp\/v2\/product_brand?post=22386"},{"taxonomy":"product_cat","embeddable":true,"href":"https:\/\/mekulo.com\/no\/wp-json\/wp\/v2\/product_cat?post=22386"},{"taxonomy":"product_tag","embeddable":true,"href":"https:\/\/mekulo.com\/no\/wp-json\/wp\/v2\/product_tag?post=22386"}],"curies":[{"name":"wp","href":"https:\/\/api.w.org\/{rel}","templated":true}]}}