{"id":22377,"date":"2026-02-09T17:13:16","date_gmt":"2026-02-09T15:13:16","guid":{"rendered":"https:\/\/mekulo.com\/no\/produkt\/sammenleggbar-oppbevaringshylle-6-lag\/"},"modified":"2026-02-09T17:13:16","modified_gmt":"2026-02-09T15:13:16","slug":"sammenleggbar-oppbevaringshylle-6-lag","status":"publish","type":"product","link":"https:\/\/mekulo.com\/no\/produkt\/sammenleggbar-oppbevaringshylle-6-lag\/","title":{"rendered":"Sammenleggbar oppbevaringshylle (6 lag)"},"content":{"rendered":"<div class=\"flex flex-col text-sm pb-25\">\n<article class=\"text-token-text-primary w-full focus:outline-none [--shadow-height:45px] has-data-writing-block:pointer-events-none has-data-writing-block:-mt-(--shadow-height) has-data-writing-block:pt-(--shadow-height) [&amp;:has([data-writing-block])&gt;*]:pointer-events-auto scroll-mt-[calc(var(--header-height)+min(200px,max(70px,20svh)))]\" dir=\"auto\" data-turn-id=\"bae8e57f-73e1-4f41-a807-e91946eddb78\" data-testid=\"conversation-turn-188\" data-scroll-anchor=\"true\" data-turn=\"assistant\">\n<div class=\"text-base my-auto mx-auto pb-10 [--thread-content-margin:--spacing(4)] @w-sm\/main:[--thread-content-margin:--spacing(6)] @w-lg\/main:[--thread-content-margin:--spacing(16)] px-(--thread-content-margin)\">\n<div class=\"[--thread-content-max-width:40rem] @w-lg\/main:[--thread-content-max-width:48rem] mx-auto max-w-(--thread-content-max-width) flex-1 group\/turn-messages focus-visible:outline-hidden relative flex w-full min-w-0 flex-col agent-turn\">\n<div class=\"flex max-w-full flex-col grow\">\n<div class=\"min-h-8 text-message relative flex w-full flex-col items-end gap-2 text-start break-words whitespace-normal [.text-message+&amp;]:mt-1\" dir=\"auto\" data-message-author-role=\"assistant\" data-message-id=\"8fd0d530-401c-40eb-8339-d2af0632975c\" data-message-model-slug=\"gpt-5-2\">\n<div class=\"flex w-full flex-col gap-1 empty:hidden first:pt-[1px]\">\n<div class=\"markdown prose dark:prose-invert w-full wrap-break-word light markdown-new-styling\">\n<p style=\"text-align: center\" data-start=\"27\" data-end=\"101\"><strong data-start=\"27\" data-end=\"101\">Organiser Skoene Og De Viktigste Tingene Dine P\u00e5 En Ryddig M\u00e5te Samtidig Som Du Sparer Verdifull Plass. \ud83d\udc5e<\/strong><\/p>\n<p data-start=\"27\" data-end=\"101\"><img fetchpriority=\"high\" decoding=\"async\" class=\"size-full wp-image-23937 aligncenter\" src=\"https:\/\/mekulo.com\/template\/wp-content\/uploads\/sites\/6\/2026\/02\/\u03a0\u03c4\u03c5\u03c3\u03c3\u03cc\u03bc\u03b5\u03bd\u03b7-\u03a1\u03b1\u03c6\u03b9\u03ad\u03c1\u03b1-\u039f\u03c1\u03b3\u03ac\u03bd\u03c9\u03c3\u03b7\u03c2-\u0391\u03c0\u03bf\u03b8\u03ae\u03ba\u03b5\u03c5\u03c3\u03b7\u03c2-6-\u0398\u03ad\u03c3\u03b5\u03c9\u03bd5-1.png\" alt=\"\" width=\"800\" height=\"800\" \/><\/p>\n<h2 style=\"text-align: center\" data-start=\"361\" data-end=\"378\">Hovedfordeler \ud83d\udc5f<\/h2>\n<p data-start=\"381\" data-end=\"456\">\ud83d\udc5f Stor Lagringskapasitet &#8211; Plass Til Joggesko, H\u00e6ler Og Daglig Fott\u00f8y.<\/p>\n<p data-start=\"459\" data-end=\"524\">\ud83e\udde9 Enkel, Verkt\u00f8yfri Oppsett &#8211; Klar Til Bruk P\u00e5 Under 60 Sekunder.<\/p>\n<p data-start=\"527\" data-end=\"591\">\ud83e\uddf1 Sterk Og Stabil &#8211; St\u00f8tter Opptil 20 Kg Uten \u00c5 Velte.<\/p>\n<p data-start=\"594\" data-end=\"672\">\ud83c\udf2c\ufe0f Pustende Design &#8211; Luftsirkulasjon Bidrar Til \u00c5 Forhindre Fuktighet Og Lukt.<\/p>\n<p data-start=\"675\" data-end=\"742\">\ud83d\udc40 Oversiktlig Frontpanel &#8211; Finn Raskt Det Du Trenger.<\/p>\n<p data-start=\"745\" data-end=\"818\">\ud83c\udfe0 Flerbruksbruk &#8211; Oppbevar Sko, Kl\u00e6r, Hatter, Sminke M.M.<\/p>\n<p data-start=\"745\" data-end=\"818\"><img decoding=\"async\" class=\"size-full wp-image-23940 aligncenter\" src=\"https:\/\/mekulo.com\/template\/wp-content\/uploads\/sites\/6\/2026\/02\/\u03a0\u03c4\u03c5\u03c3\u03c3\u03cc\u03bc\u03b5\u03bd\u03b7-\u03a1\u03b1\u03c6\u03b9\u03ad\u03c1\u03b1-\u039f\u03c1\u03b3\u03ac\u03bd\u03c9\u03c3\u03b7\u03c2-\u0391\u03c0\u03bf\u03b8\u03ae\u03ba\u03b5\u03c5\u03c3\u03b7\u03c2-6-\u0398\u03ad\u03c3\u03b5\u03c9\u03bd2.png\" alt=\"\" width=\"800\" height=\"800\" \/><\/p>\n<h2 style=\"text-align: center\" data-start=\"825\" data-end=\"839\">Hvordan Bruke \ud83d\udccc<\/h2>\n<ol data-start=\"840\" data-end=\"988\">\n<li data-start=\"840\" data-end=\"868\">\n<p data-start=\"843\" data-end=\"868\">Brett Ut Oppbevaringshyllen.<\/p>\n<\/li>\n<li data-start=\"869\" data-end=\"899\">\n<p data-start=\"872\" data-end=\"899\">Klikk Panelene P\u00e5 Plass.<\/p>\n<\/li>\n<li data-start=\"900\" data-end=\"943\">\n<p data-start=\"903\" data-end=\"943\">Stabl Enhetene Om N\u00f8dvendig For Ekstra Oppbevaring.<\/p>\n<\/li>\n<li data-start=\"944\" data-end=\"988\">\n<p data-start=\"947\" data-end=\"988\">Plasser Gjenstander Inni Og Lukk Skapet.<\/p>\n<\/li>\n<\/ol>\n<h2 style=\"text-align: center\" data-start=\"995\" data-end=\"1014\">Produktdetaljer \ud83d\udccf<\/h2>\n<ul data-start=\"1015\" data-end=\"1178\">\n<li data-start=\"1015\" data-end=\"1036\">\n<p data-start=\"1017\" data-end=\"1036\">Materiale: PS + PP<\/p>\n<\/li>\n<li data-start=\"1062\" data-end=\"1093\">\n<p data-start=\"1064\" data-end=\"1093\">Size: 34,5 X 25,5 X 19,5 Cm<\/p>\n<\/li>\n<li data-start=\"1094\" data-end=\"1123\">\n<p data-start=\"1096\" data-end=\"1123\">Lastkapasitet: Opp Til 20 Kg<\/p>\n<\/li>\n<li data-start=\"1124\" data-end=\"1178\">\n<p data-start=\"1126\" data-end=\"1178\">Design: Sammenleggbar, Stabelbar, Pustende Bakpanel<\/p>\n<\/li>\n<li data-start=\"1124\" data-end=\"1178\">Stil: 6 Lag<\/li>\n<\/ul>\n<h2 style=\"text-align: center\" data-start=\"1185\" data-end=\"1205\">Pakken Inkluderer \ud83d\udce6<\/h2>\n<ul data-start=\"1206\" data-end=\"1249\" data-is-last-node=\"\" data-is-only-node=\"\">\n<li data-start=\"1206\" data-end=\"1249\" data-is-last-node=\"\">\n<p data-start=\"1208\" data-end=\"1249\" data-is-last-node=\"\">1x Sammenleggbar Oppbevaringshylle.<\/p>\n<\/li>\n<\/ul>\n<\/div>\n<\/div>\n<\/div>\n<\/div>\n<\/div>\n<\/div>\n<\/article>\n<\/div>\n","protected":false},"excerpt":{"rendered":"<p>\ud83d\udc60Denne sammenleggbare oppbevaringshyllen gir deg en ren og praktisk m\u00e5te \u00e5 oppbevare sko, kl\u00e6r og dagligdagse ting p\u00e5 uten rot.<br \/>\n\ud83c\udfe0Den har en solid, stabelbar design med klare paneler slik at du enkelt kan se hva som er inni, noe som gj\u00f8r organiseringen enkel og rask.<br \/>\n\ud83e\udde9Perfekt for soverom, skap eller inngangspartier, og holder alt ryddig samtidig som du maksimerer den tilgjengelige plassen.<\/p>\n","protected":false},"featured_media":22373,"comment_status":"open","ping_status":"closed","template":"","meta":{"site-sidebar-layout":"default","site-content-layout":"","ast-site-content-layout":"default","site-content-style":"default","site-sidebar-style":"default","ast-global-header-display":"","ast-banner-title-visibility":"","ast-main-header-display":"","ast-hfb-above-header-display":"","ast-hfb-below-header-display":"","ast-hfb-mobile-header-display":"","site-post-title":"","ast-breadcrumbs-content":"","ast-featured-img":"","footer-sml-layout":"","theme-transparent-header-meta":"default","adv-header-id-meta":"","stick-header-meta":"","header-above-stick-meta":"","header-main-stick-meta":"","header-below-stick-meta":"","astra-migrate-meta-layouts":"set","ast-page-background-enabled":"default","ast-page-background-meta":{"desktop":{"background-color":"var(--ast-global-color-5)","background-image":"","background-repeat":"repeat","background-position":"center center","background-size":"auto","background-attachment":"scroll","background-type":"","background-media":"","overlay-type":"","overlay-color":"","overlay-opacity":"","overlay-gradient":""},"tablet":{"background-color":"","background-image":"","background-repeat":"repeat","background-position":"center center","background-size":"auto","background-attachment":"scroll","background-type":"","background-media":"","overlay-type":"","overlay-color":"","overlay-opacity":"","overlay-gradient":""},"mobile":{"background-color":"","background-image":"","background-repeat":"repeat","background-position":"center center","background-size":"auto","background-attachment":"scroll","background-type":"","background-media":"","overlay-type":"","overlay-color":"","overlay-opacity":"","overlay-gradient":""}},"ast-content-background-meta":{"desktop":{"background-color":"var(--ast-global-color-4)","background-image":"","background-repeat":"repeat","background-position":"center center","background-size":"auto","background-attachment":"scroll","background-type":"","background-media":"","overlay-type":"","overlay-color":"","overlay-opacity":"","overlay-gradient":""},"tablet":{"background-color":"var(--ast-global-color-4)","background-image":"","background-repeat":"repeat","background-position":"center center","background-size":"auto","background-attachment":"scroll","background-type":"","background-media":"","overlay-type":"","overlay-color":"","overlay-opacity":"","overlay-gradient":""},"mobile":{"background-color":"var(--ast-global-color-4)","background-image":"","background-repeat":"repeat","background-position":"center center","background-size":"auto","background-attachment":"scroll","background-type":"","background-media":"","overlay-type":"","overlay-color":"","overlay-opacity":"","overlay-gradient":""}}},"product_brand":[],"product_cat":[168],"product_tag":[],"class_list":{"0":"post-22377","1":"product","2":"type-product","3":"status-publish","4":"has-post-thumbnail","6":"product_cat-husholdningsartikler","7":"desktop-align-left","8":"tablet-align-left","9":"mobile-align-left","11":"first","12":"instock","13":"shipping-taxable","14":"purchasable","15":"product-type-simple"},"yoast_head":"<!-- This site is optimized with the Yoast SEO plugin v26.6 - https:\/\/yoast.com\/wordpress\/plugins\/seo\/ -->\n<title>Sammenleggbar oppbevaringshylle (6 lag) - Mekulo NO<\/title>\n<meta name=\"robots\" content=\"index, follow, max-snippet:-1, max-image-preview:large, max-video-preview:-1\" \/>\n<link rel=\"canonical\" href=\"https:\/\/mekulo.com\/no\/produkt\/sammenleggbar-oppbevaringshylle-6-lag\/\" \/>\n<meta property=\"og:locale\" content=\"nb_NO\" \/>\n<meta property=\"og:type\" content=\"article\" \/>\n<meta property=\"og:title\" content=\"Sammenleggbar oppbevaringshylle (6 lag) - Mekulo NO\" \/>\n<meta property=\"og:description\" content=\"\ud83d\udc60Denne sammenleggbare oppbevaringshyllen gir deg en ren og praktisk m\u00e5te \u00e5 oppbevare sko, kl\u00e6r og dagligdagse ting p\u00e5 uten rot. \ud83c\udfe0Den har en solid, stabelbar design med klare paneler slik at du enkelt kan se hva som er inni, noe som gj\u00f8r organiseringen enkel og rask. \ud83e\udde9Perfekt for soverom, skap eller inngangspartier, og holder alt ryddig samtidig som du maksimerer den tilgjengelige plassen.\" \/>\n<meta property=\"og:url\" content=\"https:\/\/mekulo.com\/no\/produkt\/sammenleggbar-oppbevaringshylle-6-lag\/\" \/>\n<meta property=\"og:site_name\" content=\"Mekulo NO\" \/>\n<meta property=\"og:image\" content=\"https:\/\/mekulo.com\/no\/wp-content\/uploads\/sites\/10\/2026\/02\/tlyhtio-1.png\" \/>\n\t<meta property=\"og:image:width\" content=\"800\" \/>\n\t<meta property=\"og:image:height\" content=\"800\" \/>\n\t<meta property=\"og:image:type\" content=\"image\/png\" \/>\n<meta name=\"twitter:card\" content=\"summary_large_image\" \/>\n<meta name=\"twitter:label1\" content=\"Ansl. lesetid\" \/>\n\t<meta name=\"twitter:data1\" content=\"2 minutter\" \/>\n<script type=\"application\/ld+json\" class=\"yoast-schema-graph\">{\"@context\":\"https:\/\/schema.org\",\"@graph\":[{\"@type\":\"WebPage\",\"@id\":\"https:\/\/mekulo.com\/no\/produkt\/sammenleggbar-oppbevaringshylle-6-lag\/\",\"url\":\"https:\/\/mekulo.com\/no\/produkt\/sammenleggbar-oppbevaringshylle-6-lag\/\",\"name\":\"Sammenleggbar oppbevaringshylle (6 lag) - Mekulo NO\",\"isPartOf\":{\"@id\":\"https:\/\/mekulo.com\/no\/#website\"},\"primaryImageOfPage\":{\"@id\":\"https:\/\/mekulo.com\/no\/produkt\/sammenleggbar-oppbevaringshylle-6-lag\/#primaryimage\"},\"image\":{\"@id\":\"https:\/\/mekulo.com\/no\/produkt\/sammenleggbar-oppbevaringshylle-6-lag\/#primaryimage\"},\"thumbnailUrl\":\"https:\/\/mekulo.com\/no\/wp-content\/uploads\/sites\/10\/2026\/02\/tlyhtio-1.png\",\"datePublished\":\"2026-02-09T15:13:16+00:00\",\"breadcrumb\":{\"@id\":\"https:\/\/mekulo.com\/no\/produkt\/sammenleggbar-oppbevaringshylle-6-lag\/#breadcrumb\"},\"inLanguage\":\"nb-NO\",\"potentialAction\":[{\"@type\":\"ReadAction\",\"target\":[\"https:\/\/mekulo.com\/no\/produkt\/sammenleggbar-oppbevaringshylle-6-lag\/\"]}]},{\"@type\":\"ImageObject\",\"inLanguage\":\"nb-NO\",\"@id\":\"https:\/\/mekulo.com\/no\/produkt\/sammenleggbar-oppbevaringshylle-6-lag\/#primaryimage\",\"url\":\"https:\/\/mekulo.com\/no\/wp-content\/uploads\/sites\/10\/2026\/02\/tlyhtio-1.png\",\"contentUrl\":\"https:\/\/mekulo.com\/no\/wp-content\/uploads\/sites\/10\/2026\/02\/tlyhtio-1.png\",\"width\":800,\"height\":800},{\"@type\":\"BreadcrumbList\",\"@id\":\"https:\/\/mekulo.com\/no\/produkt\/sammenleggbar-oppbevaringshylle-6-lag\/#breadcrumb\",\"itemListElement\":[{\"@type\":\"ListItem\",\"position\":1,\"name\":\"Home\",\"item\":\"https:\/\/mekulo.com\/no\/\"},{\"@type\":\"ListItem\",\"position\":2,\"name\":\"Butikk\",\"item\":\"https:\/\/mekulo.com\/no\/butikk\/\"},{\"@type\":\"ListItem\",\"position\":3,\"name\":\"Sammenleggbar oppbevaringshylle (6 lag)\"}]},{\"@type\":\"WebSite\",\"@id\":\"https:\/\/mekulo.com\/no\/#website\",\"url\":\"https:\/\/mekulo.com\/no\/\",\"name\":\"Mekulo NO\",\"description\":\"\",\"publisher\":{\"@id\":\"https:\/\/mekulo.com\/no\/#organization\"},\"potentialAction\":[{\"@type\":\"SearchAction\",\"target\":{\"@type\":\"EntryPoint\",\"urlTemplate\":\"https:\/\/mekulo.com\/no\/?s={search_term_string}\"},\"query-input\":{\"@type\":\"PropertyValueSpecification\",\"valueRequired\":true,\"valueName\":\"search_term_string\"}}],\"inLanguage\":\"nb-NO\"},{\"@type\":\"Organization\",\"@id\":\"https:\/\/mekulo.com\/no\/#organization\",\"name\":\"Mekulo\",\"url\":\"https:\/\/mekulo.com\/no\/\",\"logo\":{\"@type\":\"ImageObject\",\"inLanguage\":\"nb-NO\",\"@id\":\"https:\/\/mekulo.com\/no\/#\/schema\/logo\/image\/\",\"url\":\"https:\/\/mekulo.com\/no\/wp-content\/uploads\/sites\/10\/2025\/12\/favicon_mekulo.png\",\"contentUrl\":\"https:\/\/mekulo.com\/no\/wp-content\/uploads\/sites\/10\/2025\/12\/favicon_mekulo.png\",\"width\":50,\"height\":50,\"caption\":\"Mekulo\"},\"image\":{\"@id\":\"https:\/\/mekulo.com\/no\/#\/schema\/logo\/image\/\"}}]}<\/script>\n<!-- \/ Yoast SEO plugin. -->","yoast_head_json":{"title":"Sammenleggbar oppbevaringshylle (6 lag) - Mekulo NO","robots":{"index":"index","follow":"follow","max-snippet":"max-snippet:-1","max-image-preview":"max-image-preview:large","max-video-preview":"max-video-preview:-1"},"canonical":"https:\/\/mekulo.com\/no\/produkt\/sammenleggbar-oppbevaringshylle-6-lag\/","og_locale":"nb_NO","og_type":"article","og_title":"Sammenleggbar oppbevaringshylle (6 lag) - Mekulo NO","og_description":"\ud83d\udc60Denne sammenleggbare oppbevaringshyllen gir deg en ren og praktisk m\u00e5te \u00e5 oppbevare sko, kl\u00e6r og dagligdagse ting p\u00e5 uten rot. \ud83c\udfe0Den har en solid, stabelbar design med klare paneler slik at du enkelt kan se hva som er inni, noe som gj\u00f8r organiseringen enkel og rask. \ud83e\udde9Perfekt for soverom, skap eller inngangspartier, og holder alt ryddig samtidig som du maksimerer den tilgjengelige plassen.","og_url":"https:\/\/mekulo.com\/no\/produkt\/sammenleggbar-oppbevaringshylle-6-lag\/","og_site_name":"Mekulo NO","og_image":[{"width":800,"height":800,"url":"https:\/\/mekulo.com\/no\/wp-content\/uploads\/sites\/10\/2026\/02\/tlyhtio-1.png","type":"image\/png"}],"twitter_card":"summary_large_image","twitter_misc":{"Ansl. lesetid":"2 minutter"},"schema":{"@context":"https:\/\/schema.org","@graph":[{"@type":"WebPage","@id":"https:\/\/mekulo.com\/no\/produkt\/sammenleggbar-oppbevaringshylle-6-lag\/","url":"https:\/\/mekulo.com\/no\/produkt\/sammenleggbar-oppbevaringshylle-6-lag\/","name":"Sammenleggbar oppbevaringshylle (6 lag) - Mekulo NO","isPartOf":{"@id":"https:\/\/mekulo.com\/no\/#website"},"primaryImageOfPage":{"@id":"https:\/\/mekulo.com\/no\/produkt\/sammenleggbar-oppbevaringshylle-6-lag\/#primaryimage"},"image":{"@id":"https:\/\/mekulo.com\/no\/produkt\/sammenleggbar-oppbevaringshylle-6-lag\/#primaryimage"},"thumbnailUrl":"https:\/\/mekulo.com\/no\/wp-content\/uploads\/sites\/10\/2026\/02\/tlyhtio-1.png","datePublished":"2026-02-09T15:13:16+00:00","breadcrumb":{"@id":"https:\/\/mekulo.com\/no\/produkt\/sammenleggbar-oppbevaringshylle-6-lag\/#breadcrumb"},"inLanguage":"nb-NO","potentialAction":[{"@type":"ReadAction","target":["https:\/\/mekulo.com\/no\/produkt\/sammenleggbar-oppbevaringshylle-6-lag\/"]}]},{"@type":"ImageObject","inLanguage":"nb-NO","@id":"https:\/\/mekulo.com\/no\/produkt\/sammenleggbar-oppbevaringshylle-6-lag\/#primaryimage","url":"https:\/\/mekulo.com\/no\/wp-content\/uploads\/sites\/10\/2026\/02\/tlyhtio-1.png","contentUrl":"https:\/\/mekulo.com\/no\/wp-content\/uploads\/sites\/10\/2026\/02\/tlyhtio-1.png","width":800,"height":800},{"@type":"BreadcrumbList","@id":"https:\/\/mekulo.com\/no\/produkt\/sammenleggbar-oppbevaringshylle-6-lag\/#breadcrumb","itemListElement":[{"@type":"ListItem","position":1,"name":"Home","item":"https:\/\/mekulo.com\/no\/"},{"@type":"ListItem","position":2,"name":"Butikk","item":"https:\/\/mekulo.com\/no\/butikk\/"},{"@type":"ListItem","position":3,"name":"Sammenleggbar oppbevaringshylle (6 lag)"}]},{"@type":"WebSite","@id":"https:\/\/mekulo.com\/no\/#website","url":"https:\/\/mekulo.com\/no\/","name":"Mekulo NO","description":"","publisher":{"@id":"https:\/\/mekulo.com\/no\/#organization"},"potentialAction":[{"@type":"SearchAction","target":{"@type":"EntryPoint","urlTemplate":"https:\/\/mekulo.com\/no\/?s={search_term_string}"},"query-input":{"@type":"PropertyValueSpecification","valueRequired":true,"valueName":"search_term_string"}}],"inLanguage":"nb-NO"},{"@type":"Organization","@id":"https:\/\/mekulo.com\/no\/#organization","name":"Mekulo","url":"https:\/\/mekulo.com\/no\/","logo":{"@type":"ImageObject","inLanguage":"nb-NO","@id":"https:\/\/mekulo.com\/no\/#\/schema\/logo\/image\/","url":"https:\/\/mekulo.com\/no\/wp-content\/uploads\/sites\/10\/2025\/12\/favicon_mekulo.png","contentUrl":"https:\/\/mekulo.com\/no\/wp-content\/uploads\/sites\/10\/2025\/12\/favicon_mekulo.png","width":50,"height":50,"caption":"Mekulo"},"image":{"@id":"https:\/\/mekulo.com\/no\/#\/schema\/logo\/image\/"}}]}},"_links":{"self":[{"href":"https:\/\/mekulo.com\/no\/wp-json\/wp\/v2\/product\/22377","targetHints":{"allow":["GET"]}}],"collection":[{"href":"https:\/\/mekulo.com\/no\/wp-json\/wp\/v2\/product"}],"about":[{"href":"https:\/\/mekulo.com\/no\/wp-json\/wp\/v2\/types\/product"}],"replies":[{"embeddable":true,"href":"https:\/\/mekulo.com\/no\/wp-json\/wp\/v2\/comments?post=22377"}],"wp:featuredmedia":[{"embeddable":true,"href":"https:\/\/mekulo.com\/no\/wp-json\/wp\/v2\/media\/22373"}],"wp:attachment":[{"href":"https:\/\/mekulo.com\/no\/wp-json\/wp\/v2\/media?parent=22377"}],"wp:term":[{"taxonomy":"product_brand","embeddable":true,"href":"https:\/\/mekulo.com\/no\/wp-json\/wp\/v2\/product_brand?post=22377"},{"taxonomy":"product_cat","embeddable":true,"href":"https:\/\/mekulo.com\/no\/wp-json\/wp\/v2\/product_cat?post=22377"},{"taxonomy":"product_tag","embeddable":true,"href":"https:\/\/mekulo.com\/no\/wp-json\/wp\/v2\/product_tag?post=22377"}],"curies":[{"name":"wp","href":"https:\/\/api.w.org\/{rel}","templated":true}]}}