{"id":22364,"date":"2026-02-09T17:11:28","date_gmt":"2026-02-09T15:11:28","guid":{"rendered":"https:\/\/mekulo.com\/no\/produkt\/led-fiskestanglys-med-alarm-8-stk\/"},"modified":"2026-03-02T12:22:31","modified_gmt":"2026-03-02T10:22:31","slug":"led-fiskestanglys-med-alarm-8-stk","status":"publish","type":"product","link":"https:\/\/mekulo.com\/no\/produkt\/led-fiskestanglys-med-alarm-8-stk\/","title":{"rendered":"LED-fiskestanglys med alarm (8 stk)"},"content":{"rendered":"<p style=\"text-align: center\" data-start=\"0\" data-end=\"40\"><strong data-start=\"0\" data-end=\"40\">G\u00e5 aldri glipp av et bitt, selv i m\u00f8rket. \ud83d\udc1f<\/strong><\/p>\n<p data-start=\"0\" data-end=\"40\"><img fetchpriority=\"high\" decoding=\"async\" class=\" wp-image-23925 aligncenter\" src=\"https:\/\/mekulo.com\/template\/wp-content\/uploads\/sites\/6\/2026\/02\/spp_20240619154400_165f1af1743080f2a93fb162f3110aab.webp\" alt=\"\" width=\"540\" height=\"540\" \/><\/p>\n<h2 style=\"text-align: center\" data-start=\"294\" data-end=\"311\"><strong>Main Fordeler \ud83c\udfa3<\/strong><\/h2>\n<p data-start=\"314\" data-end=\"371\">\ud83c\udfa3 Bittdeteksjonsalarm &#8211; varsler deg n\u00e5r fisken biter.<\/p>\n<p data-start=\"374\" data-end=\"438\">\ud83d\udca1 Sterkt LED-lys &#8211; lett \u00e5 se om natten eller i svakt lys.<\/p>\n<p data-start=\"441\" data-end=\"497\">\ud83d\udca7 Helt vanntett &#8211; trygt \u00e5 bruke i regn eller vann.<\/p>\n<p data-start=\"500\" data-end=\"552\">\ud83d\udedf Flytende design &#8211; lett \u00e5 f\u00e5 \u00f8ye p\u00e5 og hente opp.<\/p>\n<p data-start=\"555\" data-end=\"615\">\ud83d\udd0b Batteridrevet &#8211; langvarig og energieffektiv.<\/p>\n<p data-start=\"555\" data-end=\"615\"><img decoding=\"async\" class=\" wp-image-23926 aligncenter\" src=\"https:\/\/mekulo.com\/template\/wp-content\/uploads\/sites\/6\/2026\/02\/spp_20240619154417_d8b16925cb2e0ac5df9efcc80fcf4d88.webp\" alt=\"\" width=\"540\" height=\"540\" \/><\/p>\n<h2 style=\"text-align: center\" data-start=\"617\" data-end=\"631\"><strong>Hvordan Du Bruker \ud83d\udccc<\/strong><\/h2>\n<ol data-start=\"632\" data-end=\"846\">\n<li data-start=\"632\" data-end=\"680\">\n<p data-start=\"635\" data-end=\"680\">Sett inn det n\u00f8dvendige batteriet (ikke inkludert).<\/p>\n<\/li>\n<li data-start=\"681\" data-end=\"727\">\n<p data-start=\"684\" data-end=\"727\">fest lyset til fiskestangtuppen.<\/p>\n<\/li>\n<li data-start=\"728\" data-end=\"757\">\n<p data-start=\"731\" data-end=\"757\">kast ut sn\u00f8ret som vanlig.<\/p>\n<\/li>\n<li data-start=\"758\" data-end=\"813\">\n<p data-start=\"761\" data-end=\"813\">se etter LED-bevegelser eller alarm n\u00e5r en fisk biter.<\/p>\n<\/li>\n<li data-start=\"814\" data-end=\"846\">\n<p data-start=\"817\" data-end=\"846\">fjern og oppbevar etter bruk.<\/p>\n<\/li>\n<\/ol>\n<h2 style=\"text-align: center\" data-start=\"848\" data-end=\"867\"><strong>Produktdetaljer \ud83d\udccf<\/strong><\/h2>\n<ul data-start=\"868\" data-end=\"1028\">\n<li data-start=\"868\" data-end=\"885\">\n<p data-start=\"870\" data-end=\"885\">Materiale: ABS<\/p>\n<\/li>\n<li data-start=\"886\" data-end=\"913\">\n<p data-start=\"888\" data-end=\"913\">Power: Batteridrevet (CR425)<\/p>\n<\/li>\n<li data-start=\"914\" data-end=\"949\">\n<p data-start=\"916\" data-end=\"949\">Design: Vanntett og flytende<\/p>\n<\/li>\n<li data-start=\"950\" data-end=\"989\">\n<p data-start=\"952\" data-end=\"989\">Funksjon: LED-lys med bitealarm<\/p>\n<\/li>\n<li data-start=\"1010\" data-end=\"1028\">\n<p data-start=\"1012\" data-end=\"1028\">Lengde: 6,4 cm<\/p>\n<\/li>\n<\/ul>\n<h2 style=\"text-align: center\" data-start=\"1030\" data-end=\"1050\"><strong>Pakken Inkluderer \ud83d\udce6<\/strong><\/h2>\n<ul data-start=\"1051\" data-end=\"1112\" data-is-last-node=\"\" data-is-only-node=\"\">\n<li data-start=\"1051\" data-end=\"1112\" data-is-last-node=\"\">\n<p data-start=\"1053\" data-end=\"1112\" data-is-last-node=\"\">8x LED-fiskestanglys med alarm (batteri ikke inkludert).<\/p>\n<\/li>\n<\/ul>\n","protected":false},"excerpt":{"rendered":"<p>\ud83c\udfa3Denne LED-stanglampen med alarm hjelper deg med \u00e5 se stangbevegelser tydelig og oppdage napp \u00f8yeblikkelig, dag eller natt.<br \/>\n\ud83d\udca6Den kombinerer sterk LED-belysning med en flytende, vanntett design, noe som gj\u00f8r fisket enklere, tryggere og mer effektivt under alle forhold.<br \/>\n\ud83d\udc1fPerfekt for nattfiske, elvefiske eller vann med d\u00e5rlig sikt, og gir deg selvtillit og bedre kontroll p\u00e5 hvert kast.<\/p>\n","protected":false},"featured_media":22360,"comment_status":"open","ping_status":"closed","template":"","meta":{"site-sidebar-layout":"default","site-content-layout":"","ast-site-content-layout":"default","site-content-style":"default","site-sidebar-style":"default","ast-global-header-display":"","ast-banner-title-visibility":"","ast-main-header-display":"","ast-hfb-above-header-display":"","ast-hfb-below-header-display":"","ast-hfb-mobile-header-display":"","site-post-title":"","ast-breadcrumbs-content":"","ast-featured-img":"","footer-sml-layout":"","theme-transparent-header-meta":"default","adv-header-id-meta":"","stick-header-meta":"","header-above-stick-meta":"","header-main-stick-meta":"","header-below-stick-meta":"","astra-migrate-meta-layouts":"set","ast-page-background-enabled":"default","ast-page-background-meta":{"desktop":{"background-color":"var(--ast-global-color-5)","background-image":"","background-repeat":"repeat","background-position":"center center","background-size":"auto","background-attachment":"scroll","background-type":"","background-media":"","overlay-type":"","overlay-color":"","overlay-opacity":"","overlay-gradient":""},"tablet":{"background-color":"","background-image":"","background-repeat":"repeat","background-position":"center center","background-size":"auto","background-attachment":"scroll","background-type":"","background-media":"","overlay-type":"","overlay-color":"","overlay-opacity":"","overlay-gradient":""},"mobile":{"background-color":"","background-image":"","background-repeat":"repeat","background-position":"center center","background-size":"auto","background-attachment":"scroll","background-type":"","background-media":"","overlay-type":"","overlay-color":"","overlay-opacity":"","overlay-gradient":""}},"ast-content-background-meta":{"desktop":{"background-color":"var(--ast-global-color-4)","background-image":"","background-repeat":"repeat","background-position":"center center","background-size":"auto","background-attachment":"scroll","background-type":"","background-media":"","overlay-type":"","overlay-color":"","overlay-opacity":"","overlay-gradient":""},"tablet":{"background-color":"var(--ast-global-color-4)","background-image":"","background-repeat":"repeat","background-position":"center center","background-size":"auto","background-attachment":"scroll","background-type":"","background-media":"","overlay-type":"","overlay-color":"","overlay-opacity":"","overlay-gradient":""},"mobile":{"background-color":"var(--ast-global-color-4)","background-image":"","background-repeat":"repeat","background-position":"center center","background-size":"auto","background-attachment":"scroll","background-type":"","background-media":"","overlay-type":"","overlay-color":"","overlay-opacity":"","overlay-gradient":""}}},"product_brand":[],"product_cat":[167],"product_tag":[],"class_list":{"0":"post-22364","1":"product","2":"type-product","3":"status-publish","4":"has-post-thumbnail","6":"product_cat-fotturer-camping-og-fritidsartikler","7":"pa_55839_g85na75g-gronn","8":"pa_55839_g85na75g-rod","9":"desktop-align-left","10":"tablet-align-left","11":"mobile-align-left","13":"first","14":"instock","15":"shipping-taxable","16":"purchasable","17":"product-type-variable"},"yoast_head":"<!-- This site is optimized with the Yoast SEO plugin v26.6 - https:\/\/yoast.com\/wordpress\/plugins\/seo\/ -->\n<title>LED-fiskestanglys med alarm (8 stk) - Mekulo NO<\/title>\n<meta name=\"robots\" content=\"index, follow, max-snippet:-1, max-image-preview:large, max-video-preview:-1\" \/>\n<link rel=\"canonical\" href=\"https:\/\/mekulo.com\/no\/produkt\/led-fiskestanglys-med-alarm-8-stk\/\" \/>\n<meta property=\"og:locale\" content=\"nb_NO\" \/>\n<meta property=\"og:type\" content=\"article\" \/>\n<meta property=\"og:title\" content=\"LED-fiskestanglys med alarm (8 stk) - Mekulo NO\" \/>\n<meta property=\"og:description\" content=\"\ud83c\udfa3Denne LED-stanglampen med alarm hjelper deg med \u00e5 se stangbevegelser tydelig og oppdage napp \u00f8yeblikkelig, dag eller natt. \ud83d\udca6Den kombinerer sterk LED-belysning med en flytende, vanntett design, noe som gj\u00f8r fisket enklere, tryggere og mer effektivt under alle forhold. \ud83d\udc1fPerfekt for nattfiske, elvefiske eller vann med d\u00e5rlig sikt, og gir deg selvtillit og bedre kontroll p\u00e5 hvert kast.\" \/>\n<meta property=\"og:url\" content=\"https:\/\/mekulo.com\/no\/produkt\/led-fiskestanglys-med-alarm-8-stk\/\" \/>\n<meta property=\"og:site_name\" content=\"Mekulo NO\" \/>\n<meta property=\"article:modified_time\" content=\"2026-03-02T10:22:31+00:00\" \/>\n<meta property=\"og:image\" content=\"https:\/\/mekulo.com\/no\/wp-content\/uploads\/sites\/10\/2026\/02\/6ww7tv0-1.jpg\" \/>\n\t<meta property=\"og:image:width\" content=\"800\" \/>\n\t<meta property=\"og:image:height\" content=\"800\" \/>\n\t<meta property=\"og:image:type\" content=\"image\/jpeg\" \/>\n<meta name=\"twitter:card\" content=\"summary_large_image\" \/>\n<meta name=\"twitter:label1\" content=\"Ansl. lesetid\" \/>\n\t<meta name=\"twitter:data1\" content=\"2 minutter\" \/>\n<script type=\"application\/ld+json\" class=\"yoast-schema-graph\">{\"@context\":\"https:\/\/schema.org\",\"@graph\":[{\"@type\":\"WebPage\",\"@id\":\"https:\/\/mekulo.com\/no\/produkt\/led-fiskestanglys-med-alarm-8-stk\/\",\"url\":\"https:\/\/mekulo.com\/no\/produkt\/led-fiskestanglys-med-alarm-8-stk\/\",\"name\":\"LED-fiskestanglys med alarm (8 stk) - Mekulo NO\",\"isPartOf\":{\"@id\":\"https:\/\/mekulo.com\/no\/#website\"},\"primaryImageOfPage\":{\"@id\":\"https:\/\/mekulo.com\/no\/produkt\/led-fiskestanglys-med-alarm-8-stk\/#primaryimage\"},\"image\":{\"@id\":\"https:\/\/mekulo.com\/no\/produkt\/led-fiskestanglys-med-alarm-8-stk\/#primaryimage\"},\"thumbnailUrl\":\"https:\/\/mekulo.com\/no\/wp-content\/uploads\/sites\/10\/2026\/02\/6ww7tv0-1.jpg\",\"datePublished\":\"2026-02-09T15:11:28+00:00\",\"dateModified\":\"2026-03-02T10:22:31+00:00\",\"breadcrumb\":{\"@id\":\"https:\/\/mekulo.com\/no\/produkt\/led-fiskestanglys-med-alarm-8-stk\/#breadcrumb\"},\"inLanguage\":\"nb-NO\",\"potentialAction\":[{\"@type\":\"ReadAction\",\"target\":[\"https:\/\/mekulo.com\/no\/produkt\/led-fiskestanglys-med-alarm-8-stk\/\"]}]},{\"@type\":\"ImageObject\",\"inLanguage\":\"nb-NO\",\"@id\":\"https:\/\/mekulo.com\/no\/produkt\/led-fiskestanglys-med-alarm-8-stk\/#primaryimage\",\"url\":\"https:\/\/mekulo.com\/no\/wp-content\/uploads\/sites\/10\/2026\/02\/6ww7tv0-1.jpg\",\"contentUrl\":\"https:\/\/mekulo.com\/no\/wp-content\/uploads\/sites\/10\/2026\/02\/6ww7tv0-1.jpg\",\"width\":800,\"height\":800},{\"@type\":\"BreadcrumbList\",\"@id\":\"https:\/\/mekulo.com\/no\/produkt\/led-fiskestanglys-med-alarm-8-stk\/#breadcrumb\",\"itemListElement\":[{\"@type\":\"ListItem\",\"position\":1,\"name\":\"Home\",\"item\":\"https:\/\/mekulo.com\/no\/\"},{\"@type\":\"ListItem\",\"position\":2,\"name\":\"Butikk\",\"item\":\"https:\/\/mekulo.com\/no\/butikk\/\"},{\"@type\":\"ListItem\",\"position\":3,\"name\":\"LED-fiskestanglys med alarm (8 stk)\"}]},{\"@type\":\"WebSite\",\"@id\":\"https:\/\/mekulo.com\/no\/#website\",\"url\":\"https:\/\/mekulo.com\/no\/\",\"name\":\"Mekulo NO\",\"description\":\"\",\"publisher\":{\"@id\":\"https:\/\/mekulo.com\/no\/#organization\"},\"potentialAction\":[{\"@type\":\"SearchAction\",\"target\":{\"@type\":\"EntryPoint\",\"urlTemplate\":\"https:\/\/mekulo.com\/no\/?s={search_term_string}\"},\"query-input\":{\"@type\":\"PropertyValueSpecification\",\"valueRequired\":true,\"valueName\":\"search_term_string\"}}],\"inLanguage\":\"nb-NO\"},{\"@type\":\"Organization\",\"@id\":\"https:\/\/mekulo.com\/no\/#organization\",\"name\":\"Mekulo\",\"url\":\"https:\/\/mekulo.com\/no\/\",\"logo\":{\"@type\":\"ImageObject\",\"inLanguage\":\"nb-NO\",\"@id\":\"https:\/\/mekulo.com\/no\/#\/schema\/logo\/image\/\",\"url\":\"https:\/\/mekulo.com\/no\/wp-content\/uploads\/sites\/10\/2025\/12\/favicon_mekulo.png\",\"contentUrl\":\"https:\/\/mekulo.com\/no\/wp-content\/uploads\/sites\/10\/2025\/12\/favicon_mekulo.png\",\"width\":50,\"height\":50,\"caption\":\"Mekulo\"},\"image\":{\"@id\":\"https:\/\/mekulo.com\/no\/#\/schema\/logo\/image\/\"}}]}<\/script>\n<!-- \/ Yoast SEO plugin. -->","yoast_head_json":{"title":"LED-fiskestanglys med alarm (8 stk) - Mekulo NO","robots":{"index":"index","follow":"follow","max-snippet":"max-snippet:-1","max-image-preview":"max-image-preview:large","max-video-preview":"max-video-preview:-1"},"canonical":"https:\/\/mekulo.com\/no\/produkt\/led-fiskestanglys-med-alarm-8-stk\/","og_locale":"nb_NO","og_type":"article","og_title":"LED-fiskestanglys med alarm (8 stk) - Mekulo NO","og_description":"\ud83c\udfa3Denne LED-stanglampen med alarm hjelper deg med \u00e5 se stangbevegelser tydelig og oppdage napp \u00f8yeblikkelig, dag eller natt. \ud83d\udca6Den kombinerer sterk LED-belysning med en flytende, vanntett design, noe som gj\u00f8r fisket enklere, tryggere og mer effektivt under alle forhold. \ud83d\udc1fPerfekt for nattfiske, elvefiske eller vann med d\u00e5rlig sikt, og gir deg selvtillit og bedre kontroll p\u00e5 hvert kast.","og_url":"https:\/\/mekulo.com\/no\/produkt\/led-fiskestanglys-med-alarm-8-stk\/","og_site_name":"Mekulo NO","article_modified_time":"2026-03-02T10:22:31+00:00","og_image":[{"width":800,"height":800,"url":"https:\/\/mekulo.com\/no\/wp-content\/uploads\/sites\/10\/2026\/02\/6ww7tv0-1.jpg","type":"image\/jpeg"}],"twitter_card":"summary_large_image","twitter_misc":{"Ansl. lesetid":"2 minutter"},"schema":{"@context":"https:\/\/schema.org","@graph":[{"@type":"WebPage","@id":"https:\/\/mekulo.com\/no\/produkt\/led-fiskestanglys-med-alarm-8-stk\/","url":"https:\/\/mekulo.com\/no\/produkt\/led-fiskestanglys-med-alarm-8-stk\/","name":"LED-fiskestanglys med alarm (8 stk) - Mekulo NO","isPartOf":{"@id":"https:\/\/mekulo.com\/no\/#website"},"primaryImageOfPage":{"@id":"https:\/\/mekulo.com\/no\/produkt\/led-fiskestanglys-med-alarm-8-stk\/#primaryimage"},"image":{"@id":"https:\/\/mekulo.com\/no\/produkt\/led-fiskestanglys-med-alarm-8-stk\/#primaryimage"},"thumbnailUrl":"https:\/\/mekulo.com\/no\/wp-content\/uploads\/sites\/10\/2026\/02\/6ww7tv0-1.jpg","datePublished":"2026-02-09T15:11:28+00:00","dateModified":"2026-03-02T10:22:31+00:00","breadcrumb":{"@id":"https:\/\/mekulo.com\/no\/produkt\/led-fiskestanglys-med-alarm-8-stk\/#breadcrumb"},"inLanguage":"nb-NO","potentialAction":[{"@type":"ReadAction","target":["https:\/\/mekulo.com\/no\/produkt\/led-fiskestanglys-med-alarm-8-stk\/"]}]},{"@type":"ImageObject","inLanguage":"nb-NO","@id":"https:\/\/mekulo.com\/no\/produkt\/led-fiskestanglys-med-alarm-8-stk\/#primaryimage","url":"https:\/\/mekulo.com\/no\/wp-content\/uploads\/sites\/10\/2026\/02\/6ww7tv0-1.jpg","contentUrl":"https:\/\/mekulo.com\/no\/wp-content\/uploads\/sites\/10\/2026\/02\/6ww7tv0-1.jpg","width":800,"height":800},{"@type":"BreadcrumbList","@id":"https:\/\/mekulo.com\/no\/produkt\/led-fiskestanglys-med-alarm-8-stk\/#breadcrumb","itemListElement":[{"@type":"ListItem","position":1,"name":"Home","item":"https:\/\/mekulo.com\/no\/"},{"@type":"ListItem","position":2,"name":"Butikk","item":"https:\/\/mekulo.com\/no\/butikk\/"},{"@type":"ListItem","position":3,"name":"LED-fiskestanglys med alarm (8 stk)"}]},{"@type":"WebSite","@id":"https:\/\/mekulo.com\/no\/#website","url":"https:\/\/mekulo.com\/no\/","name":"Mekulo NO","description":"","publisher":{"@id":"https:\/\/mekulo.com\/no\/#organization"},"potentialAction":[{"@type":"SearchAction","target":{"@type":"EntryPoint","urlTemplate":"https:\/\/mekulo.com\/no\/?s={search_term_string}"},"query-input":{"@type":"PropertyValueSpecification","valueRequired":true,"valueName":"search_term_string"}}],"inLanguage":"nb-NO"},{"@type":"Organization","@id":"https:\/\/mekulo.com\/no\/#organization","name":"Mekulo","url":"https:\/\/mekulo.com\/no\/","logo":{"@type":"ImageObject","inLanguage":"nb-NO","@id":"https:\/\/mekulo.com\/no\/#\/schema\/logo\/image\/","url":"https:\/\/mekulo.com\/no\/wp-content\/uploads\/sites\/10\/2025\/12\/favicon_mekulo.png","contentUrl":"https:\/\/mekulo.com\/no\/wp-content\/uploads\/sites\/10\/2025\/12\/favicon_mekulo.png","width":50,"height":50,"caption":"Mekulo"},"image":{"@id":"https:\/\/mekulo.com\/no\/#\/schema\/logo\/image\/"}}]}},"_links":{"self":[{"href":"https:\/\/mekulo.com\/no\/wp-json\/wp\/v2\/product\/22364","targetHints":{"allow":["GET"]}}],"collection":[{"href":"https:\/\/mekulo.com\/no\/wp-json\/wp\/v2\/product"}],"about":[{"href":"https:\/\/mekulo.com\/no\/wp-json\/wp\/v2\/types\/product"}],"replies":[{"embeddable":true,"href":"https:\/\/mekulo.com\/no\/wp-json\/wp\/v2\/comments?post=22364"}],"wp:featuredmedia":[{"embeddable":true,"href":"https:\/\/mekulo.com\/no\/wp-json\/wp\/v2\/media\/22360"}],"wp:attachment":[{"href":"https:\/\/mekulo.com\/no\/wp-json\/wp\/v2\/media?parent=22364"}],"wp:term":[{"taxonomy":"product_brand","embeddable":true,"href":"https:\/\/mekulo.com\/no\/wp-json\/wp\/v2\/product_brand?post=22364"},{"taxonomy":"product_cat","embeddable":true,"href":"https:\/\/mekulo.com\/no\/wp-json\/wp\/v2\/product_cat?post=22364"},{"taxonomy":"product_tag","embeddable":true,"href":"https:\/\/mekulo.com\/no\/wp-json\/wp\/v2\/product_tag?post=22364"}],"curies":[{"name":"wp","href":"https:\/\/api.w.org\/{rel}","templated":true}]}}