{"id":22344,"date":"2026-02-09T17:08:52","date_gmt":"2026-02-09T15:08:52","guid":{"rendered":"https:\/\/mekulo.com\/no\/produkt\/loftestrimler-for-oyelokk-10-pakker\/"},"modified":"2026-02-09T17:09:11","modified_gmt":"2026-02-09T15:09:11","slug":"loftestrimler-for-oyelokk-10-pakker","status":"publish","type":"product","link":"https:\/\/mekulo.com\/no\/produkt\/loftestrimler-for-oyelokk-10-pakker\/","title":{"rendered":"L\u00f8ftestrimler for \u00f8yelokk (10 pakker)"},"content":{"rendered":"<p style=\"text-align: center\" data-start=\"0\" data-end=\"66\"><strong data-start=\"0\" data-end=\"66\">L\u00f8ft \u00d8yelokkene \u00d8yeblikkelig For St\u00f8rre Og Lysere \u00d8yne. \ud83d\udc40<\/strong><\/p>\n<p data-start=\"0\" data-end=\"66\"><img fetchpriority=\"high\" decoding=\"async\" class=\"size-full wp-image-23910 aligncenter\" src=\"https:\/\/mekulo.com\/template\/wp-content\/uploads\/sites\/6\/2026\/02\/5-6.jpeg\" alt=\"\" width=\"1001\" height=\"1001\" \/><\/p>\n<h2 style=\"text-align: center\" data-start=\"378\" data-end=\"395\">Hovedfordeler \ud83d\udc41\ufe0f<\/h2>\n<p data-start=\"398\" data-end=\"464\">\ud83d\udc40 \u00d8yeblikkelig \u00f8yel\u00f8ft &#8211; f\u00e5r sm\u00e5 eller hengende \u00f8yne til \u00e5 se st\u00f8rre ut.<\/p>\n<p data-start=\"467\" data-end=\"536\">\u2728 Usynlig finish &#8211; blander seg naturlig med huden og sminken din.<\/p>\n<p data-start=\"539\" data-end=\"601\">\ud83d\udca7 Vanntett og svettebestandig &#8211; holder seg p\u00e5 plass hele dagen.<\/p>\n<p data-start=\"604\" data-end=\"666\">\ud83c\udf2c\ufe0f Pustende og lett &#8211; behagelig \u00e5 ha p\u00e5 lenge.<\/p>\n<p data-start=\"669\" data-end=\"737\">\ud83c\udfa8 Flere st\u00f8rrelser tilgjengelig &#8211; skaper naturlige eller dramatiske looks.<\/p>\n<p data-start=\"669\" data-end=\"737\"><img decoding=\"async\" class=\"size-full wp-image-23911 aligncenter\" src=\"https:\/\/mekulo.com\/template\/wp-content\/uploads\/sites\/6\/2026\/02\/6-6.jpeg\" alt=\"\" width=\"1001\" height=\"1001\" \/><\/p>\n<h2 style=\"text-align: center\" data-start=\"739\" data-end=\"753\">Hvordan Du Bruker \ud83d\udccc<\/h2>\n<ol data-start=\"754\" data-end=\"970\">\n<li data-start=\"754\" data-end=\"800\">\n<p data-start=\"757\" data-end=\"800\">Forsikre deg om at \u00f8yelokkene dine er rene og t\u00f8rre.<\/p>\n<\/li>\n<li data-start=\"801\" data-end=\"846\">\n<p data-start=\"804\" data-end=\"846\">Bruk plastklemmen til \u00e5 plukke opp en stripe.<\/p>\n<\/li>\n<li data-start=\"847\" data-end=\"889\">\n<p data-start=\"850\" data-end=\"889\">Plasser den forsiktig p\u00e5 \u00f8yelokkfolden.<\/p>\n<\/li>\n<li data-start=\"890\" data-end=\"931\">\n<p data-start=\"893\" data-end=\"931\">Trykk lett for \u00e5 feste den p\u00e5 plass.<\/p>\n<\/li>\n<li data-start=\"932\" data-end=\"970\">\n<p data-start=\"935\" data-end=\"970\">P\u00e5f\u00f8r sminke som vanlig hvis \u00f8nskelig.<\/p>\n<\/li>\n<\/ol>\n<h2 style=\"text-align: center\" data-start=\"972\" data-end=\"991\">Produktdetaljer \ud83d\udccf<\/h2>\n<ul data-start=\"992\" data-end=\"1162\">\n<li data-start=\"992\" data-end=\"1012\">\n<p data-start=\"994\" data-end=\"1012\">Farge: Hudfarge<\/p>\n<\/li>\n<li data-start=\"1013\" data-end=\"1048\">\n<p data-start=\"1015\" data-end=\"1048\">Effekt: Usynlig og sporl\u00f8s<\/p>\n<\/li>\n<li data-start=\"1049\" data-end=\"1091\">\n<p data-start=\"1051\" data-end=\"1091\">Hudtype: Passer for alle hudtyper<\/p>\n<\/li>\n<li data-start=\"1092\" data-end=\"1132\">\n<p data-start=\"1094\" data-end=\"1132\">Materiale: Pustende, allergivennlig<\/p>\n<\/li>\n<li data-start=\"1133\" data-end=\"1162\">\n<p data-start=\"1135\" data-end=\"1162\">B\u00e6retid: Opptil 24 timer<\/p>\n<\/li>\n<li data-start=\"1133\" data-end=\"1162\">Kvantitet per stil: A (240 stk), B (360 stk), C (360 stk), D (240 stk), E (200 stk)<\/li>\n<\/ul>\n<h2 style=\"text-align: center\" data-start=\"1164\" data-end=\"1184\">Pakken Inneholder \ud83d\udce6<\/h2>\n<ul data-start=\"1185\" data-end=\"1258\" data-is-last-node=\"\" data-is-only-node=\"\">\n<li data-start=\"1185\" data-end=\"1227\">\n<p data-start=\"1187\" data-end=\"1227\">10x pakker med \u00f8yelokkl\u00f8ftende strips.<\/p>\n<\/li>\n<\/ul>\n","protected":false},"excerpt":{"rendered":"<p>\ud83d\udc41\ufe0fThese \u00f8yelokkl\u00f8ftstrips skaper et naturlig dobbelt \u00f8yelokk og \u00e5pner \u00f8ynene dine p\u00e5 f\u00e5 sekunder.<br \/>\n\ud83c\udf2c\ufe0fThey er tynne, pustende og usynlige p\u00e5 huden, noe som gj\u00f8r dem perfekte for daglig bruk eller spesielle anledninger.<br \/>\n\ud83e\ude9eN\u00e5r de er p\u00e5f\u00f8rt, holder de seg komfortable og sikre hele dagen uten \u00e5 p\u00e5virke sminken din.<\/p>\n","protected":false},"featured_media":22340,"comment_status":"open","ping_status":"closed","template":"","meta":{"site-sidebar-layout":"default","site-content-layout":"","ast-site-content-layout":"default","site-content-style":"default","site-sidebar-style":"default","ast-global-header-display":"","ast-banner-title-visibility":"","ast-main-header-display":"","ast-hfb-above-header-display":"","ast-hfb-below-header-display":"","ast-hfb-mobile-header-display":"","site-post-title":"","ast-breadcrumbs-content":"","ast-featured-img":"","footer-sml-layout":"","theme-transparent-header-meta":"default","adv-header-id-meta":"","stick-header-meta":"","header-above-stick-meta":"","header-main-stick-meta":"","header-below-stick-meta":"","astra-migrate-meta-layouts":"set","ast-page-background-enabled":"default","ast-page-background-meta":{"desktop":{"background-color":"var(--ast-global-color-5)","background-image":"","background-repeat":"repeat","background-position":"center center","background-size":"auto","background-attachment":"scroll","background-type":"","background-media":"","overlay-type":"","overlay-color":"","overlay-opacity":"","overlay-gradient":""},"tablet":{"background-color":"","background-image":"","background-repeat":"repeat","background-position":"center center","background-size":"auto","background-attachment":"scroll","background-type":"","background-media":"","overlay-type":"","overlay-color":"","overlay-opacity":"","overlay-gradient":""},"mobile":{"background-color":"","background-image":"","background-repeat":"repeat","background-position":"center center","background-size":"auto","background-attachment":"scroll","background-type":"","background-media":"","overlay-type":"","overlay-color":"","overlay-opacity":"","overlay-gradient":""}},"ast-content-background-meta":{"desktop":{"background-color":"var(--ast-global-color-4)","background-image":"","background-repeat":"repeat","background-position":"center center","background-size":"auto","background-attachment":"scroll","background-type":"","background-media":"","overlay-type":"","overlay-color":"","overlay-opacity":"","overlay-gradient":""},"tablet":{"background-color":"var(--ast-global-color-4)","background-image":"","background-repeat":"repeat","background-position":"center center","background-size":"auto","background-attachment":"scroll","background-type":"","background-media":"","overlay-type":"","overlay-color":"","overlay-opacity":"","overlay-gradient":""},"mobile":{"background-color":"var(--ast-global-color-4)","background-image":"","background-repeat":"repeat","background-position":"center center","background-size":"auto","background-attachment":"scroll","background-type":"","background-media":"","overlay-type":"","overlay-color":"","overlay-opacity":"","overlay-gradient":""}}},"product_brand":[],"product_cat":[162],"product_tag":[],"class_list":{"0":"post-22344","1":"product","2":"type-product","3":"status-publish","4":"has-post-thumbnail","6":"product_cat-skjonnhets-og-hygieneprodukter","7":"pa_55780_3s4v5yu4-a","8":"pa_55780_3s4v5yu4-b","9":"pa_55780_3s4v5yu4-c","10":"pa_55780_3s4v5yu4-d","11":"pa_55780_3s4v5yu4-e","12":"desktop-align-left","13":"tablet-align-left","14":"mobile-align-left","16":"first","17":"instock","18":"shipping-taxable","19":"purchasable","20":"product-type-variable"},"yoast_head":"<!-- This site is optimized with the Yoast SEO plugin v26.6 - https:\/\/yoast.com\/wordpress\/plugins\/seo\/ -->\n<title>L\u00f8ftestrimler for \u00f8yelokk (10 pakker) - Mekulo NO<\/title>\n<meta name=\"robots\" content=\"index, follow, max-snippet:-1, max-image-preview:large, max-video-preview:-1\" \/>\n<link rel=\"canonical\" href=\"https:\/\/mekulo.com\/no\/produkt\/loftestrimler-for-oyelokk-10-pakker\/\" \/>\n<meta property=\"og:locale\" content=\"nb_NO\" \/>\n<meta property=\"og:type\" content=\"article\" \/>\n<meta property=\"og:title\" content=\"L\u00f8ftestrimler for \u00f8yelokk (10 pakker) - Mekulo NO\" \/>\n<meta property=\"og:description\" content=\"\ud83d\udc41\ufe0fThese \u00f8yelokkl\u00f8ftstrips skaper et naturlig dobbelt \u00f8yelokk og \u00e5pner \u00f8ynene dine p\u00e5 f\u00e5 sekunder. \ud83c\udf2c\ufe0fThey er tynne, pustende og usynlige p\u00e5 huden, noe som gj\u00f8r dem perfekte for daglig bruk eller spesielle anledninger. \ud83e\ude9eN\u00e5r de er p\u00e5f\u00f8rt, holder de seg komfortable og sikre hele dagen uten \u00e5 p\u00e5virke sminken din.\" \/>\n<meta property=\"og:url\" content=\"https:\/\/mekulo.com\/no\/produkt\/loftestrimler-for-oyelokk-10-pakker\/\" \/>\n<meta property=\"og:site_name\" content=\"Mekulo NO\" \/>\n<meta property=\"article:modified_time\" content=\"2026-02-09T15:09:11+00:00\" \/>\n<meta property=\"og:image\" content=\"https:\/\/mekulo.com\/no\/wp-content\/uploads\/sites\/10\/2026\/02\/jqx8ich-1.jpeg\" \/>\n\t<meta property=\"og:image:width\" content=\"1001\" \/>\n\t<meta property=\"og:image:height\" content=\"1001\" \/>\n\t<meta property=\"og:image:type\" content=\"image\/jpeg\" \/>\n<meta name=\"twitter:card\" content=\"summary_large_image\" \/>\n<meta name=\"twitter:label1\" content=\"Ansl. lesetid\" \/>\n\t<meta name=\"twitter:data1\" content=\"2 minutter\" \/>\n<script type=\"application\/ld+json\" class=\"yoast-schema-graph\">{\"@context\":\"https:\/\/schema.org\",\"@graph\":[{\"@type\":\"WebPage\",\"@id\":\"https:\/\/mekulo.com\/no\/produkt\/loftestrimler-for-oyelokk-10-pakker\/\",\"url\":\"https:\/\/mekulo.com\/no\/produkt\/loftestrimler-for-oyelokk-10-pakker\/\",\"name\":\"L\u00f8ftestrimler for \u00f8yelokk (10 pakker) - Mekulo NO\",\"isPartOf\":{\"@id\":\"https:\/\/mekulo.com\/no\/#website\"},\"primaryImageOfPage\":{\"@id\":\"https:\/\/mekulo.com\/no\/produkt\/loftestrimler-for-oyelokk-10-pakker\/#primaryimage\"},\"image\":{\"@id\":\"https:\/\/mekulo.com\/no\/produkt\/loftestrimler-for-oyelokk-10-pakker\/#primaryimage\"},\"thumbnailUrl\":\"https:\/\/mekulo.com\/no\/wp-content\/uploads\/sites\/10\/2026\/02\/jqx8ich-1.jpeg\",\"datePublished\":\"2026-02-09T15:08:52+00:00\",\"dateModified\":\"2026-02-09T15:09:11+00:00\",\"breadcrumb\":{\"@id\":\"https:\/\/mekulo.com\/no\/produkt\/loftestrimler-for-oyelokk-10-pakker\/#breadcrumb\"},\"inLanguage\":\"nb-NO\",\"potentialAction\":[{\"@type\":\"ReadAction\",\"target\":[\"https:\/\/mekulo.com\/no\/produkt\/loftestrimler-for-oyelokk-10-pakker\/\"]}]},{\"@type\":\"ImageObject\",\"inLanguage\":\"nb-NO\",\"@id\":\"https:\/\/mekulo.com\/no\/produkt\/loftestrimler-for-oyelokk-10-pakker\/#primaryimage\",\"url\":\"https:\/\/mekulo.com\/no\/wp-content\/uploads\/sites\/10\/2026\/02\/jqx8ich-1.jpeg\",\"contentUrl\":\"https:\/\/mekulo.com\/no\/wp-content\/uploads\/sites\/10\/2026\/02\/jqx8ich-1.jpeg\",\"width\":1001,\"height\":1001},{\"@type\":\"BreadcrumbList\",\"@id\":\"https:\/\/mekulo.com\/no\/produkt\/loftestrimler-for-oyelokk-10-pakker\/#breadcrumb\",\"itemListElement\":[{\"@type\":\"ListItem\",\"position\":1,\"name\":\"Home\",\"item\":\"https:\/\/mekulo.com\/no\/\"},{\"@type\":\"ListItem\",\"position\":2,\"name\":\"Butikk\",\"item\":\"https:\/\/mekulo.com\/no\/butikk\/\"},{\"@type\":\"ListItem\",\"position\":3,\"name\":\"L\u00f8ftestrimler for \u00f8yelokk (10 pakker)\"}]},{\"@type\":\"WebSite\",\"@id\":\"https:\/\/mekulo.com\/no\/#website\",\"url\":\"https:\/\/mekulo.com\/no\/\",\"name\":\"Mekulo NO\",\"description\":\"\",\"publisher\":{\"@id\":\"https:\/\/mekulo.com\/no\/#organization\"},\"potentialAction\":[{\"@type\":\"SearchAction\",\"target\":{\"@type\":\"EntryPoint\",\"urlTemplate\":\"https:\/\/mekulo.com\/no\/?s={search_term_string}\"},\"query-input\":{\"@type\":\"PropertyValueSpecification\",\"valueRequired\":true,\"valueName\":\"search_term_string\"}}],\"inLanguage\":\"nb-NO\"},{\"@type\":\"Organization\",\"@id\":\"https:\/\/mekulo.com\/no\/#organization\",\"name\":\"Mekulo\",\"url\":\"https:\/\/mekulo.com\/no\/\",\"logo\":{\"@type\":\"ImageObject\",\"inLanguage\":\"nb-NO\",\"@id\":\"https:\/\/mekulo.com\/no\/#\/schema\/logo\/image\/\",\"url\":\"https:\/\/mekulo.com\/no\/wp-content\/uploads\/sites\/10\/2025\/12\/favicon_mekulo.png\",\"contentUrl\":\"https:\/\/mekulo.com\/no\/wp-content\/uploads\/sites\/10\/2025\/12\/favicon_mekulo.png\",\"width\":50,\"height\":50,\"caption\":\"Mekulo\"},\"image\":{\"@id\":\"https:\/\/mekulo.com\/no\/#\/schema\/logo\/image\/\"}}]}<\/script>\n<!-- \/ Yoast SEO plugin. -->","yoast_head_json":{"title":"L\u00f8ftestrimler for \u00f8yelokk (10 pakker) - Mekulo NO","robots":{"index":"index","follow":"follow","max-snippet":"max-snippet:-1","max-image-preview":"max-image-preview:large","max-video-preview":"max-video-preview:-1"},"canonical":"https:\/\/mekulo.com\/no\/produkt\/loftestrimler-for-oyelokk-10-pakker\/","og_locale":"nb_NO","og_type":"article","og_title":"L\u00f8ftestrimler for \u00f8yelokk (10 pakker) - Mekulo NO","og_description":"\ud83d\udc41\ufe0fThese \u00f8yelokkl\u00f8ftstrips skaper et naturlig dobbelt \u00f8yelokk og \u00e5pner \u00f8ynene dine p\u00e5 f\u00e5 sekunder. \ud83c\udf2c\ufe0fThey er tynne, pustende og usynlige p\u00e5 huden, noe som gj\u00f8r dem perfekte for daglig bruk eller spesielle anledninger. \ud83e\ude9eN\u00e5r de er p\u00e5f\u00f8rt, holder de seg komfortable og sikre hele dagen uten \u00e5 p\u00e5virke sminken din.","og_url":"https:\/\/mekulo.com\/no\/produkt\/loftestrimler-for-oyelokk-10-pakker\/","og_site_name":"Mekulo NO","article_modified_time":"2026-02-09T15:09:11+00:00","og_image":[{"width":1001,"height":1001,"url":"https:\/\/mekulo.com\/no\/wp-content\/uploads\/sites\/10\/2026\/02\/jqx8ich-1.jpeg","type":"image\/jpeg"}],"twitter_card":"summary_large_image","twitter_misc":{"Ansl. lesetid":"2 minutter"},"schema":{"@context":"https:\/\/schema.org","@graph":[{"@type":"WebPage","@id":"https:\/\/mekulo.com\/no\/produkt\/loftestrimler-for-oyelokk-10-pakker\/","url":"https:\/\/mekulo.com\/no\/produkt\/loftestrimler-for-oyelokk-10-pakker\/","name":"L\u00f8ftestrimler for \u00f8yelokk (10 pakker) - Mekulo NO","isPartOf":{"@id":"https:\/\/mekulo.com\/no\/#website"},"primaryImageOfPage":{"@id":"https:\/\/mekulo.com\/no\/produkt\/loftestrimler-for-oyelokk-10-pakker\/#primaryimage"},"image":{"@id":"https:\/\/mekulo.com\/no\/produkt\/loftestrimler-for-oyelokk-10-pakker\/#primaryimage"},"thumbnailUrl":"https:\/\/mekulo.com\/no\/wp-content\/uploads\/sites\/10\/2026\/02\/jqx8ich-1.jpeg","datePublished":"2026-02-09T15:08:52+00:00","dateModified":"2026-02-09T15:09:11+00:00","breadcrumb":{"@id":"https:\/\/mekulo.com\/no\/produkt\/loftestrimler-for-oyelokk-10-pakker\/#breadcrumb"},"inLanguage":"nb-NO","potentialAction":[{"@type":"ReadAction","target":["https:\/\/mekulo.com\/no\/produkt\/loftestrimler-for-oyelokk-10-pakker\/"]}]},{"@type":"ImageObject","inLanguage":"nb-NO","@id":"https:\/\/mekulo.com\/no\/produkt\/loftestrimler-for-oyelokk-10-pakker\/#primaryimage","url":"https:\/\/mekulo.com\/no\/wp-content\/uploads\/sites\/10\/2026\/02\/jqx8ich-1.jpeg","contentUrl":"https:\/\/mekulo.com\/no\/wp-content\/uploads\/sites\/10\/2026\/02\/jqx8ich-1.jpeg","width":1001,"height":1001},{"@type":"BreadcrumbList","@id":"https:\/\/mekulo.com\/no\/produkt\/loftestrimler-for-oyelokk-10-pakker\/#breadcrumb","itemListElement":[{"@type":"ListItem","position":1,"name":"Home","item":"https:\/\/mekulo.com\/no\/"},{"@type":"ListItem","position":2,"name":"Butikk","item":"https:\/\/mekulo.com\/no\/butikk\/"},{"@type":"ListItem","position":3,"name":"L\u00f8ftestrimler for \u00f8yelokk (10 pakker)"}]},{"@type":"WebSite","@id":"https:\/\/mekulo.com\/no\/#website","url":"https:\/\/mekulo.com\/no\/","name":"Mekulo NO","description":"","publisher":{"@id":"https:\/\/mekulo.com\/no\/#organization"},"potentialAction":[{"@type":"SearchAction","target":{"@type":"EntryPoint","urlTemplate":"https:\/\/mekulo.com\/no\/?s={search_term_string}"},"query-input":{"@type":"PropertyValueSpecification","valueRequired":true,"valueName":"search_term_string"}}],"inLanguage":"nb-NO"},{"@type":"Organization","@id":"https:\/\/mekulo.com\/no\/#organization","name":"Mekulo","url":"https:\/\/mekulo.com\/no\/","logo":{"@type":"ImageObject","inLanguage":"nb-NO","@id":"https:\/\/mekulo.com\/no\/#\/schema\/logo\/image\/","url":"https:\/\/mekulo.com\/no\/wp-content\/uploads\/sites\/10\/2025\/12\/favicon_mekulo.png","contentUrl":"https:\/\/mekulo.com\/no\/wp-content\/uploads\/sites\/10\/2025\/12\/favicon_mekulo.png","width":50,"height":50,"caption":"Mekulo"},"image":{"@id":"https:\/\/mekulo.com\/no\/#\/schema\/logo\/image\/"}}]}},"_links":{"self":[{"href":"https:\/\/mekulo.com\/no\/wp-json\/wp\/v2\/product\/22344","targetHints":{"allow":["GET"]}}],"collection":[{"href":"https:\/\/mekulo.com\/no\/wp-json\/wp\/v2\/product"}],"about":[{"href":"https:\/\/mekulo.com\/no\/wp-json\/wp\/v2\/types\/product"}],"replies":[{"embeddable":true,"href":"https:\/\/mekulo.com\/no\/wp-json\/wp\/v2\/comments?post=22344"}],"wp:featuredmedia":[{"embeddable":true,"href":"https:\/\/mekulo.com\/no\/wp-json\/wp\/v2\/media\/22340"}],"wp:attachment":[{"href":"https:\/\/mekulo.com\/no\/wp-json\/wp\/v2\/media?parent=22344"}],"wp:term":[{"taxonomy":"product_brand","embeddable":true,"href":"https:\/\/mekulo.com\/no\/wp-json\/wp\/v2\/product_brand?post=22344"},{"taxonomy":"product_cat","embeddable":true,"href":"https:\/\/mekulo.com\/no\/wp-json\/wp\/v2\/product_cat?post=22344"},{"taxonomy":"product_tag","embeddable":true,"href":"https:\/\/mekulo.com\/no\/wp-json\/wp\/v2\/product_tag?post=22344"}],"curies":[{"name":"wp","href":"https:\/\/api.w.org\/{rel}","templated":true}]}}