{"id":22311,"date":"2026-02-09T17:07:00","date_gmt":"2026-02-09T15:07:00","guid":{"rendered":"https:\/\/mekulo.com\/no\/produkt\/magisk-tommelys\/"},"modified":"2026-03-02T12:24:01","modified_gmt":"2026-03-02T10:24:01","slug":"magisk-tommelys","status":"publish","type":"product","link":"https:\/\/mekulo.com\/no\/produkt\/magisk-tommelys\/","title":{"rendered":"Magisk tommelys"},"content":{"rendered":"<div class=\"flex flex-col text-sm pb-25\">\n<article class=\"text-token-text-primary w-full focus:outline-none [--shadow-height:45px] has-data-writing-block:pointer-events-none has-data-writing-block:-mt-(--shadow-height) has-data-writing-block:pt-(--shadow-height) [&amp;:has([data-writing-block])&gt;*]:pointer-events-auto scroll-mt-[calc(var(--header-height)+min(200px,max(70px,20svh)))]\" dir=\"auto\" data-turn-id=\"ebc2913f-8c4a-4ab4-9b82-27099249c457\" data-testid=\"conversation-turn-180\" data-scroll-anchor=\"true\" data-turn=\"assistant\">\n<div class=\"text-base my-auto mx-auto pb-10 [--thread-content-margin:--spacing(4)] @w-sm\/main:[--thread-content-margin:--spacing(6)] @w-lg\/main:[--thread-content-margin:--spacing(16)] px-(--thread-content-margin)\">\n<div class=\"[--thread-content-max-width:40rem] @w-lg\/main:[--thread-content-max-width:48rem] mx-auto max-w-(--thread-content-max-width) flex-1 group\/turn-messages focus-visible:outline-hidden relative flex w-full min-w-0 flex-col agent-turn\">\n<div class=\"flex max-w-full flex-col grow\">\n<div class=\"min-h-8 text-message relative flex w-full flex-col items-end gap-2 text-start break-words whitespace-normal [.text-message+&amp;]:mt-1\" dir=\"auto\" data-message-author-role=\"assistant\" data-message-id=\"5ef9b5fa-df7d-497e-9175-0912c4527c92\" data-message-model-slug=\"gpt-5-2\">\n<div class=\"flex w-full flex-col gap-1 empty:hidden first:pt-[1px]\">\n<div class=\"markdown prose dark:prose-invert w-full wrap-break-word light markdown-new-styling\">\n<p style=\"text-align: center\" data-start=\"0\" data-end=\"64\"><strong data-start=\"0\" data-end=\"64\">Skap Fantastisk Lysmagi \u00d8yeblikkelig Med Bare Fingrene. \ud83e\udd1f<\/strong><\/p>\n<p data-start=\"0\" data-end=\"64\"><img fetchpriority=\"high\" decoding=\"async\" class=\"size-full wp-image-23879 aligncenter\" src=\"https:\/\/mekulo.com\/template\/wp-content\/uploads\/sites\/6\/2026\/02\/Sd20efa2488fd416691b8c00594ae691eC.jpg_960x960q75.jpg_.avif\" alt=\"\" width=\"960\" height=\"960\" \/><\/p>\n<h2 style=\"text-align: center\" data-start=\"356\" data-end=\"373\">Hovedfordeler \ud83d\udd90\ufe0f<\/h2>\n<p data-start=\"376\" data-end=\"435\">\u2728 Ekte magisk effekt &#8211; kontroller lyset med fingrene.<\/p>\n<p data-start=\"438\" data-end=\"506\">\ud83c\udfad Perfekt for forestillinger &#8211; flott for scene- og partytriks.<\/p>\n<p data-start=\"509\" data-end=\"574\">\ud83d\udc4d Enkel \u00e5 ha p\u00e5 seg &#8211; lett og behagelig p\u00e5 tommelen.<\/p>\n<p data-start=\"577\" data-end=\"637\">\ud83d\udd0b Klar til bruk &#8211; batterier inkludert og forh\u00e5ndsinstallert.<\/p>\n<p data-start=\"640\" data-end=\"690\">\ud83c\udf81 Flott gaveid\u00e9 &#8211; morsom for b\u00e5de barn og voksne.<\/p>\n<p data-start=\"640\" data-end=\"690\"><img decoding=\"async\" class=\"size-full wp-image-23875 aligncenter\" src=\"https:\/\/mekulo.com\/template\/wp-content\/uploads\/sites\/6\/2026\/02\/f52832bd37fbc529e59a9ee6636574826f1dc4cb-800.avif\" alt=\"\" \/><\/p>\n<h2 style=\"text-align: center\" data-start=\"692\" data-end=\"706\">Hvordan Du Bruker Den \ud83d\udccc<\/h2>\n<ol data-start=\"707\" data-end=\"922\">\n<li data-start=\"707\" data-end=\"748\">\n<p data-start=\"710\" data-end=\"748\">Plasser tommelyset p\u00e5 tommelen.<\/p>\n<\/li>\n<li data-start=\"749\" data-end=\"785\">\n<p data-start=\"752\" data-end=\"785\">Gjem det naturlig i h\u00e5nden.<\/p>\n<\/li>\n<li data-start=\"786\" data-end=\"826\">\n<p data-start=\"789\" data-end=\"826\">Trykk lett for \u00e5 sl\u00e5 p\u00e5 lyset.<\/p>\n<\/li>\n<li data-start=\"827\" data-end=\"872\">\n<p data-start=\"830\" data-end=\"872\">Beveg hendene for \u00e5 skape magiske effekter.<\/p>\n<\/li>\n<li data-start=\"873\" data-end=\"922\">\n<p data-start=\"876\" data-end=\"922\">Sl\u00e5 den av og gjem den igjen n\u00e5r du er ferdig.<\/p>\n<\/li>\n<\/ol>\n<h2 style=\"text-align: center\" data-start=\"924\" data-end=\"943\">Produktdetaljer \ud83d\udccf<\/h2>\n<ul data-start=\"944\" data-end=\"1103\">\n<li data-start=\"944\" data-end=\"965\">\n<p data-start=\"946\" data-end=\"965\">Materiale: Plast<\/p>\n<\/li>\n<li data-start=\"966\" data-end=\"981\">\n<p data-start=\"968\" data-end=\"981\">Vekt: 16g<\/p>\n<\/li>\n<li data-start=\"1033\" data-end=\"1060\">\n<p data-start=\"1035\" data-end=\"1060\">Energi: Innebygd batteri<\/p>\n<\/li>\n<li data-start=\"1061\" data-end=\"1103\">\n<p data-start=\"1063\" data-end=\"1103\">Brukstid: Opptil 1 \u00e5r ved normal bruk<\/p>\n<\/li>\n<li data-start=\"1061\" data-end=\"1103\">St\u00f8rrelse: 4 x 3 x 2 cm<\/li>\n<\/ul>\n<h2 style=\"text-align: center\" data-start=\"1105\" data-end=\"1125\">Pakken Inkluderer \ud83d\udce6<\/h2>\n<ul data-start=\"1126\" data-end=\"1150\" data-is-last-node=\"\" data-is-only-node=\"\">\n<li data-start=\"1126\" data-end=\"1150\" data-is-last-node=\"\">\n<p data-start=\"1128\" data-end=\"1150\" data-is-last-node=\"\">1, 2, 3x par magiske tommelys (2, 4, 6 stk).<\/p>\n<\/li>\n<\/ul>\n<\/div>\n<\/div>\n<\/div>\n<\/div>\n<\/div>\n<\/div>\n<\/article>\n<\/div>\n","protected":false},"excerpt":{"rendered":"<p>\ud83d\udd34Med dette magiske tommellyset kan du f\u00e5 en gl\u00f8dende lyskule til \u00e5 dukke opp, bevege seg og forsvinne som ekte magi.<br \/>\n\ud83d\udd90\ufe0fIt er lett \u00e5 ha p\u00e5 seg, enkel \u00e5 bruke og perfekt for magiske triks, sceneopptredener eller morsomme fest\u00f8yeblikk.<br \/>\n\ud83d\udd0bBatteriene er allerede installert, s\u00e5 du kan begynne \u00e5 opptre med en gang.<\/p>\n","protected":false},"featured_media":22307,"comment_status":"open","ping_status":"closed","template":"","meta":{"site-sidebar-layout":"default","site-content-layout":"","ast-site-content-layout":"default","site-content-style":"default","site-sidebar-style":"default","ast-global-header-display":"","ast-banner-title-visibility":"","ast-main-header-display":"","ast-hfb-above-header-display":"","ast-hfb-below-header-display":"","ast-hfb-mobile-header-display":"","site-post-title":"","ast-breadcrumbs-content":"","ast-featured-img":"","footer-sml-layout":"","theme-transparent-header-meta":"default","adv-header-id-meta":"","stick-header-meta":"","header-above-stick-meta":"","header-main-stick-meta":"","header-below-stick-meta":"","astra-migrate-meta-layouts":"set","ast-page-background-enabled":"default","ast-page-background-meta":{"desktop":{"background-color":"var(--ast-global-color-5)","background-image":"","background-repeat":"repeat","background-position":"center center","background-size":"auto","background-attachment":"scroll","background-type":"","background-media":"","overlay-type":"","overlay-color":"","overlay-opacity":"","overlay-gradient":""},"tablet":{"background-color":"","background-image":"","background-repeat":"repeat","background-position":"center center","background-size":"auto","background-attachment":"scroll","background-type":"","background-media":"","overlay-type":"","overlay-color":"","overlay-opacity":"","overlay-gradient":""},"mobile":{"background-color":"","background-image":"","background-repeat":"repeat","background-position":"center center","background-size":"auto","background-attachment":"scroll","background-type":"","background-media":"","overlay-type":"","overlay-color":"","overlay-opacity":"","overlay-gradient":""}},"ast-content-background-meta":{"desktop":{"background-color":"var(--ast-global-color-4)","background-image":"","background-repeat":"repeat","background-position":"center center","background-size":"auto","background-attachment":"scroll","background-type":"","background-media":"","overlay-type":"","overlay-color":"","overlay-opacity":"","overlay-gradient":""},"tablet":{"background-color":"var(--ast-global-color-4)","background-image":"","background-repeat":"repeat","background-position":"center center","background-size":"auto","background-attachment":"scroll","background-type":"","background-media":"","overlay-type":"","overlay-color":"","overlay-opacity":"","overlay-gradient":""},"mobile":{"background-color":"var(--ast-global-color-4)","background-image":"","background-repeat":"repeat","background-position":"center center","background-size":"auto","background-attachment":"scroll","background-type":"","background-media":"","overlay-type":"","overlay-color":"","overlay-opacity":"","overlay-gradient":""}}},"product_brand":[],"product_cat":[172],"product_tag":[],"class_list":{"0":"post-22311","1":"product","2":"type-product","3":"status-publish","4":"has-post-thumbnail","6":"product_cat-leker-barne-og-babyprodukter","7":"pa_55759_4mo4fw5d-bla","8":"pa_55759_4mo4fw5d-gronn","9":"pa_55759_4mo4fw5d-gul","10":"pa_55759_4mo4fw5d-rod","11":"pa_55759_sgcqeexo-1-par","12":"pa_55759_sgcqeexo-2-par","13":"pa_55759_sgcqeexo-3-par","14":"desktop-align-left","15":"tablet-align-left","16":"mobile-align-left","18":"first","19":"instock","20":"shipping-taxable","21":"purchasable","22":"product-type-variable","23":"has-default-attributes"},"yoast_head":"<!-- This site is optimized with the Yoast SEO plugin v26.6 - https:\/\/yoast.com\/wordpress\/plugins\/seo\/ -->\n<title>Magisk tommelys - Mekulo NO<\/title>\n<meta name=\"robots\" content=\"index, follow, max-snippet:-1, max-image-preview:large, max-video-preview:-1\" \/>\n<link rel=\"canonical\" href=\"https:\/\/mekulo.com\/no\/produkt\/magisk-tommelys\/\" \/>\n<meta property=\"og:locale\" content=\"nb_NO\" \/>\n<meta property=\"og:type\" content=\"article\" \/>\n<meta property=\"og:title\" content=\"Magisk tommelys - Mekulo NO\" \/>\n<meta property=\"og:description\" content=\"\ud83d\udd34Med dette magiske tommellyset kan du f\u00e5 en gl\u00f8dende lyskule til \u00e5 dukke opp, bevege seg og forsvinne som ekte magi. \ud83d\udd90\ufe0fIt er lett \u00e5 ha p\u00e5 seg, enkel \u00e5 bruke og perfekt for magiske triks, sceneopptredener eller morsomme fest\u00f8yeblikk. \ud83d\udd0bBatteriene er allerede installert, s\u00e5 du kan begynne \u00e5 opptre med en gang.\" \/>\n<meta property=\"og:url\" content=\"https:\/\/mekulo.com\/no\/produkt\/magisk-tommelys\/\" \/>\n<meta property=\"og:site_name\" content=\"Mekulo NO\" \/>\n<meta property=\"article:modified_time\" content=\"2026-03-02T10:24:01+00:00\" \/>\n<meta property=\"og:image\" content=\"https:\/\/mekulo.com\/no\/wp-content\/uploads\/sites\/10\/2026\/02\/my7jq8g-1.jpg\" \/>\n\t<meta property=\"og:image:width\" content=\"800\" \/>\n\t<meta property=\"og:image:height\" content=\"800\" \/>\n\t<meta property=\"og:image:type\" content=\"image\/jpeg\" \/>\n<meta name=\"twitter:card\" content=\"summary_large_image\" \/>\n<meta name=\"twitter:label1\" content=\"Ansl. lesetid\" \/>\n\t<meta name=\"twitter:data1\" content=\"2 minutter\" \/>\n<script type=\"application\/ld+json\" class=\"yoast-schema-graph\">{\"@context\":\"https:\/\/schema.org\",\"@graph\":[{\"@type\":\"WebPage\",\"@id\":\"https:\/\/mekulo.com\/no\/produkt\/magisk-tommelys\/\",\"url\":\"https:\/\/mekulo.com\/no\/produkt\/magisk-tommelys\/\",\"name\":\"Magisk tommelys - Mekulo NO\",\"isPartOf\":{\"@id\":\"https:\/\/mekulo.com\/no\/#website\"},\"primaryImageOfPage\":{\"@id\":\"https:\/\/mekulo.com\/no\/produkt\/magisk-tommelys\/#primaryimage\"},\"image\":{\"@id\":\"https:\/\/mekulo.com\/no\/produkt\/magisk-tommelys\/#primaryimage\"},\"thumbnailUrl\":\"https:\/\/mekulo.com\/no\/wp-content\/uploads\/sites\/10\/2026\/02\/my7jq8g-1.jpg\",\"datePublished\":\"2026-02-09T15:07:00+00:00\",\"dateModified\":\"2026-03-02T10:24:01+00:00\",\"breadcrumb\":{\"@id\":\"https:\/\/mekulo.com\/no\/produkt\/magisk-tommelys\/#breadcrumb\"},\"inLanguage\":\"nb-NO\",\"potentialAction\":[{\"@type\":\"ReadAction\",\"target\":[\"https:\/\/mekulo.com\/no\/produkt\/magisk-tommelys\/\"]}]},{\"@type\":\"ImageObject\",\"inLanguage\":\"nb-NO\",\"@id\":\"https:\/\/mekulo.com\/no\/produkt\/magisk-tommelys\/#primaryimage\",\"url\":\"https:\/\/mekulo.com\/no\/wp-content\/uploads\/sites\/10\/2026\/02\/my7jq8g-1.jpg\",\"contentUrl\":\"https:\/\/mekulo.com\/no\/wp-content\/uploads\/sites\/10\/2026\/02\/my7jq8g-1.jpg\",\"width\":800,\"height\":800},{\"@type\":\"BreadcrumbList\",\"@id\":\"https:\/\/mekulo.com\/no\/produkt\/magisk-tommelys\/#breadcrumb\",\"itemListElement\":[{\"@type\":\"ListItem\",\"position\":1,\"name\":\"Home\",\"item\":\"https:\/\/mekulo.com\/no\/\"},{\"@type\":\"ListItem\",\"position\":2,\"name\":\"Butikk\",\"item\":\"https:\/\/mekulo.com\/no\/butikk\/\"},{\"@type\":\"ListItem\",\"position\":3,\"name\":\"Magisk tommelys\"}]},{\"@type\":\"WebSite\",\"@id\":\"https:\/\/mekulo.com\/no\/#website\",\"url\":\"https:\/\/mekulo.com\/no\/\",\"name\":\"Mekulo NO\",\"description\":\"\",\"publisher\":{\"@id\":\"https:\/\/mekulo.com\/no\/#organization\"},\"potentialAction\":[{\"@type\":\"SearchAction\",\"target\":{\"@type\":\"EntryPoint\",\"urlTemplate\":\"https:\/\/mekulo.com\/no\/?s={search_term_string}\"},\"query-input\":{\"@type\":\"PropertyValueSpecification\",\"valueRequired\":true,\"valueName\":\"search_term_string\"}}],\"inLanguage\":\"nb-NO\"},{\"@type\":\"Organization\",\"@id\":\"https:\/\/mekulo.com\/no\/#organization\",\"name\":\"Mekulo\",\"url\":\"https:\/\/mekulo.com\/no\/\",\"logo\":{\"@type\":\"ImageObject\",\"inLanguage\":\"nb-NO\",\"@id\":\"https:\/\/mekulo.com\/no\/#\/schema\/logo\/image\/\",\"url\":\"https:\/\/mekulo.com\/no\/wp-content\/uploads\/sites\/10\/2025\/12\/favicon_mekulo.png\",\"contentUrl\":\"https:\/\/mekulo.com\/no\/wp-content\/uploads\/sites\/10\/2025\/12\/favicon_mekulo.png\",\"width\":50,\"height\":50,\"caption\":\"Mekulo\"},\"image\":{\"@id\":\"https:\/\/mekulo.com\/no\/#\/schema\/logo\/image\/\"}}]}<\/script>\n<!-- \/ Yoast SEO plugin. -->","yoast_head_json":{"title":"Magisk tommelys - Mekulo NO","robots":{"index":"index","follow":"follow","max-snippet":"max-snippet:-1","max-image-preview":"max-image-preview:large","max-video-preview":"max-video-preview:-1"},"canonical":"https:\/\/mekulo.com\/no\/produkt\/magisk-tommelys\/","og_locale":"nb_NO","og_type":"article","og_title":"Magisk tommelys - Mekulo NO","og_description":"\ud83d\udd34Med dette magiske tommellyset kan du f\u00e5 en gl\u00f8dende lyskule til \u00e5 dukke opp, bevege seg og forsvinne som ekte magi. \ud83d\udd90\ufe0fIt er lett \u00e5 ha p\u00e5 seg, enkel \u00e5 bruke og perfekt for magiske triks, sceneopptredener eller morsomme fest\u00f8yeblikk. \ud83d\udd0bBatteriene er allerede installert, s\u00e5 du kan begynne \u00e5 opptre med en gang.","og_url":"https:\/\/mekulo.com\/no\/produkt\/magisk-tommelys\/","og_site_name":"Mekulo NO","article_modified_time":"2026-03-02T10:24:01+00:00","og_image":[{"width":800,"height":800,"url":"https:\/\/mekulo.com\/no\/wp-content\/uploads\/sites\/10\/2026\/02\/my7jq8g-1.jpg","type":"image\/jpeg"}],"twitter_card":"summary_large_image","twitter_misc":{"Ansl. lesetid":"2 minutter"},"schema":{"@context":"https:\/\/schema.org","@graph":[{"@type":"WebPage","@id":"https:\/\/mekulo.com\/no\/produkt\/magisk-tommelys\/","url":"https:\/\/mekulo.com\/no\/produkt\/magisk-tommelys\/","name":"Magisk tommelys - Mekulo NO","isPartOf":{"@id":"https:\/\/mekulo.com\/no\/#website"},"primaryImageOfPage":{"@id":"https:\/\/mekulo.com\/no\/produkt\/magisk-tommelys\/#primaryimage"},"image":{"@id":"https:\/\/mekulo.com\/no\/produkt\/magisk-tommelys\/#primaryimage"},"thumbnailUrl":"https:\/\/mekulo.com\/no\/wp-content\/uploads\/sites\/10\/2026\/02\/my7jq8g-1.jpg","datePublished":"2026-02-09T15:07:00+00:00","dateModified":"2026-03-02T10:24:01+00:00","breadcrumb":{"@id":"https:\/\/mekulo.com\/no\/produkt\/magisk-tommelys\/#breadcrumb"},"inLanguage":"nb-NO","potentialAction":[{"@type":"ReadAction","target":["https:\/\/mekulo.com\/no\/produkt\/magisk-tommelys\/"]}]},{"@type":"ImageObject","inLanguage":"nb-NO","@id":"https:\/\/mekulo.com\/no\/produkt\/magisk-tommelys\/#primaryimage","url":"https:\/\/mekulo.com\/no\/wp-content\/uploads\/sites\/10\/2026\/02\/my7jq8g-1.jpg","contentUrl":"https:\/\/mekulo.com\/no\/wp-content\/uploads\/sites\/10\/2026\/02\/my7jq8g-1.jpg","width":800,"height":800},{"@type":"BreadcrumbList","@id":"https:\/\/mekulo.com\/no\/produkt\/magisk-tommelys\/#breadcrumb","itemListElement":[{"@type":"ListItem","position":1,"name":"Home","item":"https:\/\/mekulo.com\/no\/"},{"@type":"ListItem","position":2,"name":"Butikk","item":"https:\/\/mekulo.com\/no\/butikk\/"},{"@type":"ListItem","position":3,"name":"Magisk tommelys"}]},{"@type":"WebSite","@id":"https:\/\/mekulo.com\/no\/#website","url":"https:\/\/mekulo.com\/no\/","name":"Mekulo NO","description":"","publisher":{"@id":"https:\/\/mekulo.com\/no\/#organization"},"potentialAction":[{"@type":"SearchAction","target":{"@type":"EntryPoint","urlTemplate":"https:\/\/mekulo.com\/no\/?s={search_term_string}"},"query-input":{"@type":"PropertyValueSpecification","valueRequired":true,"valueName":"search_term_string"}}],"inLanguage":"nb-NO"},{"@type":"Organization","@id":"https:\/\/mekulo.com\/no\/#organization","name":"Mekulo","url":"https:\/\/mekulo.com\/no\/","logo":{"@type":"ImageObject","inLanguage":"nb-NO","@id":"https:\/\/mekulo.com\/no\/#\/schema\/logo\/image\/","url":"https:\/\/mekulo.com\/no\/wp-content\/uploads\/sites\/10\/2025\/12\/favicon_mekulo.png","contentUrl":"https:\/\/mekulo.com\/no\/wp-content\/uploads\/sites\/10\/2025\/12\/favicon_mekulo.png","width":50,"height":50,"caption":"Mekulo"},"image":{"@id":"https:\/\/mekulo.com\/no\/#\/schema\/logo\/image\/"}}]}},"_links":{"self":[{"href":"https:\/\/mekulo.com\/no\/wp-json\/wp\/v2\/product\/22311","targetHints":{"allow":["GET"]}}],"collection":[{"href":"https:\/\/mekulo.com\/no\/wp-json\/wp\/v2\/product"}],"about":[{"href":"https:\/\/mekulo.com\/no\/wp-json\/wp\/v2\/types\/product"}],"replies":[{"embeddable":true,"href":"https:\/\/mekulo.com\/no\/wp-json\/wp\/v2\/comments?post=22311"}],"wp:featuredmedia":[{"embeddable":true,"href":"https:\/\/mekulo.com\/no\/wp-json\/wp\/v2\/media\/22307"}],"wp:attachment":[{"href":"https:\/\/mekulo.com\/no\/wp-json\/wp\/v2\/media?parent=22311"}],"wp:term":[{"taxonomy":"product_brand","embeddable":true,"href":"https:\/\/mekulo.com\/no\/wp-json\/wp\/v2\/product_brand?post=22311"},{"taxonomy":"product_cat","embeddable":true,"href":"https:\/\/mekulo.com\/no\/wp-json\/wp\/v2\/product_cat?post=22311"},{"taxonomy":"product_tag","embeddable":true,"href":"https:\/\/mekulo.com\/no\/wp-json\/wp\/v2\/product_tag?post=22311"}],"curies":[{"name":"wp","href":"https:\/\/api.w.org\/{rel}","templated":true}]}}