{"id":22294,"date":"2026-02-09T17:04:54","date_gmt":"2026-02-09T15:04:54","guid":{"rendered":"https:\/\/mekulo.com\/no\/produkt\/profesjonell-hjornepensel\/"},"modified":"2026-03-02T12:22:06","modified_gmt":"2026-03-02T10:22:06","slug":"profesjonell-hjornepensel","status":"publish","type":"product","link":"https:\/\/mekulo.com\/no\/produkt\/profesjonell-hjornepensel\/","title":{"rendered":"Profesjonell hj\u00f8rnepensel"},"content":{"rendered":"<p style=\"text-align: center\" data-start=\"0\" data-end=\"61\"><strong data-start=\"0\" data-end=\"61\">Mal Rene, Skarpe Kanter Raskt Uten Bruk Av Maskeringstape.\ud83e\uddf1<\/strong><\/p>\n<p data-start=\"0\" data-end=\"61\"><img fetchpriority=\"high\" decoding=\"async\" class=\"size-full wp-image-23868 aligncenter\" src=\"https:\/\/mekulo.com\/template\/wp-content\/uploads\/sites\/6\/2026\/02\/9aae8c65ce3b1d25f4084a76e6e32c33a82afbf038f502112649e7b6be3869ba-800.jpg\" alt=\"\" width=\"1078\" height=\"1080\" \/><\/p>\n<h2 style=\"text-align: center\" data-start=\"368\" data-end=\"385\">Hovedfordeler \ud83d\udd8c\ufe0f<\/h2>\n<p data-start=\"388\" data-end=\"448\">\ud83c\udfa8 Perfekte kanter hver gang &#8211; rene linjer uten hull.<\/p>\n<p data-start=\"451\" data-end=\"510\">\u23f1\ufe0f 10-20 ganger raskere enn tape &#8211; gj\u00f8r jobben mye raskere ferdig.<\/p>\n<p data-start=\"513\" data-end=\"568\">\ud83d\udeab Ingen maskeringstape n\u00f8dvendig &#8211; mindre forberedelser og opprydding.<\/p>\n<p data-start=\"571\" data-end=\"628\">\ud83e\uddfc Ingen malingsbl\u00f8dning &#8211; holder lister og hj\u00f8rner rene.<\/p>\n<p data-start=\"631\" data-end=\"703\">\ud83d\udc77 Nybegynnervennlig &#8211; profesjonelle resultater med lite erfaring.<\/p>\n<p data-start=\"631\" data-end=\"703\"><img decoding=\"async\" class=\"size-full wp-image-23866 aligncenter\" src=\"https:\/\/mekulo.com\/template\/wp-content\/uploads\/sites\/6\/2026\/02\/2-2.jpg\" alt=\"\" width=\"1080\" height=\"1080\" \/><\/p>\n<h2 style=\"text-align: center\" data-start=\"705\" data-end=\"719\">Bruksanvisning \ud83d\udccc<\/h2>\n<ol data-start=\"720\" data-end=\"954\">\n<li data-start=\"720\" data-end=\"758\">\n<p data-start=\"723\" data-end=\"758\">Dyp penselen lett i malingen.<\/p>\n<\/li>\n<li data-start=\"759\" data-end=\"802\">\n<p data-start=\"762\" data-end=\"802\">Fjern overfl\u00f8dig maling fra busten.<\/p>\n<\/li>\n<li data-start=\"803\" data-end=\"859\">\n<p data-start=\"806\" data-end=\"859\">Plasser f\u00f8ringskanten mot hj\u00f8rnet eller listverket.<\/p>\n<\/li>\n<li data-start=\"860\" data-end=\"905\">\n<p data-start=\"863\" data-end=\"905\">F\u00f8r penselen jevnt langs kanten.<\/p>\n<\/li>\n<li data-start=\"906\" data-end=\"954\">\n<p data-start=\"909\" data-end=\"954\">Gjenta etter behov for rene, rette linjer.<\/p>\n<\/li>\n<\/ol>\n<h2 style=\"text-align: center\" data-start=\"956\" data-end=\"975\">Produktdetaljer \ud83d\udccf<\/h2>\n<ul data-start=\"976\" data-end=\"1164\">\n<li data-start=\"1020\" data-end=\"1071\">\n<p data-start=\"1022\" data-end=\"1071\">Anvendelse: Vegger, tak, lister, dekorlister<\/p>\n<\/li>\n<li data-start=\"1072\" data-end=\"1106\">\n<p data-start=\"1074\" data-end=\"1106\">Anvendelsesomr\u00e5de: Innvendig maling<\/p>\n<\/li>\n<li data-start=\"1107\" data-end=\"1164\">\n<p data-start=\"1109\" data-end=\"1164\">Ferdighetsniv\u00e5: Passer for nybegynnere og profesjonelle<\/p>\n<\/li>\n<li data-start=\"1107\" data-end=\"1164\">St\u00f8rrelser: Pensel: 20 x 5 cm, Dryppbeskyttelse: 5,5 x 4,5 cm<\/li>\n<\/ul>\n<h2 style=\"text-align: center\" data-start=\"1166\" data-end=\"1186\">Pakken Inneholder \ud83d\udce6<\/h2>\n<ul data-start=\"1187\" data-end=\"1224\" data-is-last-node=\"\" data-is-only-node=\"\">\n<li data-start=\"1187\" data-end=\"1224\" data-is-last-node=\"\">\n<p data-start=\"1189\" data-end=\"1224\" data-is-last-node=\"\">1, 2x sett med profesjonell hj\u00f8rnepensel og 1x vanlig liten pensel.<\/p>\n<\/li>\n<\/ul>\n","protected":false},"excerpt":{"rendered":"<p>\ud83c\udfa8Med denne profesjonelle hj\u00f8rnepenselen kan du enkelt male perfekte kanter rundt vegger, tak og listverk.<br \/>\n\ud83e\uddf1Den fjerner behovet for \u00e5 teipe og skj\u00e6re for h\u00e5nd, noe som sparer tid og krefter p\u00e5 hver jobb.<br \/>\n\ud83d\udd8c\ufe0fEven nybegynnere kan oppn\u00e5 rette, profesjonelle linjer uten at malingen bl\u00f8r ut p\u00e5 listene.<\/p>\n","protected":false},"featured_media":22290,"comment_status":"open","ping_status":"closed","template":"","meta":{"site-sidebar-layout":"default","site-content-layout":"","ast-site-content-layout":"default","site-content-style":"default","site-sidebar-style":"default","ast-global-header-display":"","ast-banner-title-visibility":"","ast-main-header-display":"","ast-hfb-above-header-display":"","ast-hfb-below-header-display":"","ast-hfb-mobile-header-display":"","site-post-title":"","ast-breadcrumbs-content":"","ast-featured-img":"","footer-sml-layout":"","theme-transparent-header-meta":"default","adv-header-id-meta":"","stick-header-meta":"","header-above-stick-meta":"","header-main-stick-meta":"","header-below-stick-meta":"","astra-migrate-meta-layouts":"set","ast-page-background-enabled":"default","ast-page-background-meta":{"desktop":{"background-color":"var(--ast-global-color-5)","background-image":"","background-repeat":"repeat","background-position":"center center","background-size":"auto","background-attachment":"scroll","background-type":"","background-media":"","overlay-type":"","overlay-color":"","overlay-opacity":"","overlay-gradient":""},"tablet":{"background-color":"","background-image":"","background-repeat":"repeat","background-position":"center center","background-size":"auto","background-attachment":"scroll","background-type":"","background-media":"","overlay-type":"","overlay-color":"","overlay-opacity":"","overlay-gradient":""},"mobile":{"background-color":"","background-image":"","background-repeat":"repeat","background-position":"center center","background-size":"auto","background-attachment":"scroll","background-type":"","background-media":"","overlay-type":"","overlay-color":"","overlay-opacity":"","overlay-gradient":""}},"ast-content-background-meta":{"desktop":{"background-color":"var(--ast-global-color-4)","background-image":"","background-repeat":"repeat","background-position":"center center","background-size":"auto","background-attachment":"scroll","background-type":"","background-media":"","overlay-type":"","overlay-color":"","overlay-opacity":"","overlay-gradient":""},"tablet":{"background-color":"var(--ast-global-color-4)","background-image":"","background-repeat":"repeat","background-position":"center center","background-size":"auto","background-attachment":"scroll","background-type":"","background-media":"","overlay-type":"","overlay-color":"","overlay-opacity":"","overlay-gradient":""},"mobile":{"background-color":"var(--ast-global-color-4)","background-image":"","background-repeat":"repeat","background-position":"center center","background-size":"auto","background-attachment":"scroll","background-type":"","background-media":"","overlay-type":"","overlay-color":"","overlay-opacity":"","overlay-gradient":""}}},"product_brand":[],"product_cat":[171],"product_tag":[],"class_list":{"0":"post-22294","1":"product","2":"type-product","3":"status-publish","4":"has-post-thumbnail","6":"product_cat-verktoy","7":"pa_55730_p8zkvkuq-1-sett","8":"pa_55730_p8zkvkuq-2-sett","9":"desktop-align-left","10":"tablet-align-left","11":"mobile-align-left","13":"first","14":"instock","15":"shipping-taxable","16":"purchasable","17":"product-type-variable"},"yoast_head":"<!-- This site is optimized with the Yoast SEO plugin v26.6 - https:\/\/yoast.com\/wordpress\/plugins\/seo\/ -->\n<title>Profesjonell hj\u00f8rnepensel - Mekulo NO<\/title>\n<meta name=\"robots\" content=\"index, follow, max-snippet:-1, max-image-preview:large, max-video-preview:-1\" \/>\n<link rel=\"canonical\" href=\"https:\/\/mekulo.com\/no\/produkt\/profesjonell-hjornepensel\/\" \/>\n<meta property=\"og:locale\" content=\"nb_NO\" \/>\n<meta property=\"og:type\" content=\"article\" \/>\n<meta property=\"og:title\" content=\"Profesjonell hj\u00f8rnepensel - Mekulo NO\" \/>\n<meta property=\"og:description\" content=\"\ud83c\udfa8Med denne profesjonelle hj\u00f8rnepenselen kan du enkelt male perfekte kanter rundt vegger, tak og listverk. \ud83e\uddf1Den fjerner behovet for \u00e5 teipe og skj\u00e6re for h\u00e5nd, noe som sparer tid og krefter p\u00e5 hver jobb. \ud83d\udd8c\ufe0fEven nybegynnere kan oppn\u00e5 rette, profesjonelle linjer uten at malingen bl\u00f8r ut p\u00e5 listene.\" \/>\n<meta property=\"og:url\" content=\"https:\/\/mekulo.com\/no\/produkt\/profesjonell-hjornepensel\/\" \/>\n<meta property=\"og:site_name\" content=\"Mekulo NO\" \/>\n<meta property=\"article:modified_time\" content=\"2026-03-02T10:22:06+00:00\" \/>\n<meta property=\"og:image\" content=\"https:\/\/mekulo.com\/no\/wp-content\/uploads\/sites\/10\/2026\/02\/anzg7v9-1.jpeg\" \/>\n\t<meta property=\"og:image:width\" content=\"800\" \/>\n\t<meta property=\"og:image:height\" content=\"800\" \/>\n\t<meta property=\"og:image:type\" content=\"image\/jpeg\" \/>\n<meta name=\"twitter:card\" content=\"summary_large_image\" \/>\n<meta name=\"twitter:label1\" content=\"Ansl. lesetid\" \/>\n\t<meta name=\"twitter:data1\" content=\"2 minutter\" \/>\n<script type=\"application\/ld+json\" class=\"yoast-schema-graph\">{\"@context\":\"https:\/\/schema.org\",\"@graph\":[{\"@type\":\"WebPage\",\"@id\":\"https:\/\/mekulo.com\/no\/produkt\/profesjonell-hjornepensel\/\",\"url\":\"https:\/\/mekulo.com\/no\/produkt\/profesjonell-hjornepensel\/\",\"name\":\"Profesjonell hj\u00f8rnepensel - Mekulo NO\",\"isPartOf\":{\"@id\":\"https:\/\/mekulo.com\/no\/#website\"},\"primaryImageOfPage\":{\"@id\":\"https:\/\/mekulo.com\/no\/produkt\/profesjonell-hjornepensel\/#primaryimage\"},\"image\":{\"@id\":\"https:\/\/mekulo.com\/no\/produkt\/profesjonell-hjornepensel\/#primaryimage\"},\"thumbnailUrl\":\"https:\/\/mekulo.com\/no\/wp-content\/uploads\/sites\/10\/2026\/02\/anzg7v9-1.jpeg\",\"datePublished\":\"2026-02-09T15:04:54+00:00\",\"dateModified\":\"2026-03-02T10:22:06+00:00\",\"breadcrumb\":{\"@id\":\"https:\/\/mekulo.com\/no\/produkt\/profesjonell-hjornepensel\/#breadcrumb\"},\"inLanguage\":\"nb-NO\",\"potentialAction\":[{\"@type\":\"ReadAction\",\"target\":[\"https:\/\/mekulo.com\/no\/produkt\/profesjonell-hjornepensel\/\"]}]},{\"@type\":\"ImageObject\",\"inLanguage\":\"nb-NO\",\"@id\":\"https:\/\/mekulo.com\/no\/produkt\/profesjonell-hjornepensel\/#primaryimage\",\"url\":\"https:\/\/mekulo.com\/no\/wp-content\/uploads\/sites\/10\/2026\/02\/anzg7v9-1.jpeg\",\"contentUrl\":\"https:\/\/mekulo.com\/no\/wp-content\/uploads\/sites\/10\/2026\/02\/anzg7v9-1.jpeg\",\"width\":800,\"height\":800},{\"@type\":\"BreadcrumbList\",\"@id\":\"https:\/\/mekulo.com\/no\/produkt\/profesjonell-hjornepensel\/#breadcrumb\",\"itemListElement\":[{\"@type\":\"ListItem\",\"position\":1,\"name\":\"Home\",\"item\":\"https:\/\/mekulo.com\/no\/\"},{\"@type\":\"ListItem\",\"position\":2,\"name\":\"Butikk\",\"item\":\"https:\/\/mekulo.com\/no\/butikk\/\"},{\"@type\":\"ListItem\",\"position\":3,\"name\":\"Profesjonell hj\u00f8rnepensel\"}]},{\"@type\":\"WebSite\",\"@id\":\"https:\/\/mekulo.com\/no\/#website\",\"url\":\"https:\/\/mekulo.com\/no\/\",\"name\":\"Mekulo NO\",\"description\":\"\",\"publisher\":{\"@id\":\"https:\/\/mekulo.com\/no\/#organization\"},\"potentialAction\":[{\"@type\":\"SearchAction\",\"target\":{\"@type\":\"EntryPoint\",\"urlTemplate\":\"https:\/\/mekulo.com\/no\/?s={search_term_string}\"},\"query-input\":{\"@type\":\"PropertyValueSpecification\",\"valueRequired\":true,\"valueName\":\"search_term_string\"}}],\"inLanguage\":\"nb-NO\"},{\"@type\":\"Organization\",\"@id\":\"https:\/\/mekulo.com\/no\/#organization\",\"name\":\"Mekulo\",\"url\":\"https:\/\/mekulo.com\/no\/\",\"logo\":{\"@type\":\"ImageObject\",\"inLanguage\":\"nb-NO\",\"@id\":\"https:\/\/mekulo.com\/no\/#\/schema\/logo\/image\/\",\"url\":\"https:\/\/mekulo.com\/no\/wp-content\/uploads\/sites\/10\/2025\/12\/favicon_mekulo.png\",\"contentUrl\":\"https:\/\/mekulo.com\/no\/wp-content\/uploads\/sites\/10\/2025\/12\/favicon_mekulo.png\",\"width\":50,\"height\":50,\"caption\":\"Mekulo\"},\"image\":{\"@id\":\"https:\/\/mekulo.com\/no\/#\/schema\/logo\/image\/\"}}]}<\/script>\n<!-- \/ Yoast SEO plugin. -->","yoast_head_json":{"title":"Profesjonell hj\u00f8rnepensel - Mekulo NO","robots":{"index":"index","follow":"follow","max-snippet":"max-snippet:-1","max-image-preview":"max-image-preview:large","max-video-preview":"max-video-preview:-1"},"canonical":"https:\/\/mekulo.com\/no\/produkt\/profesjonell-hjornepensel\/","og_locale":"nb_NO","og_type":"article","og_title":"Profesjonell hj\u00f8rnepensel - Mekulo NO","og_description":"\ud83c\udfa8Med denne profesjonelle hj\u00f8rnepenselen kan du enkelt male perfekte kanter rundt vegger, tak og listverk. \ud83e\uddf1Den fjerner behovet for \u00e5 teipe og skj\u00e6re for h\u00e5nd, noe som sparer tid og krefter p\u00e5 hver jobb. \ud83d\udd8c\ufe0fEven nybegynnere kan oppn\u00e5 rette, profesjonelle linjer uten at malingen bl\u00f8r ut p\u00e5 listene.","og_url":"https:\/\/mekulo.com\/no\/produkt\/profesjonell-hjornepensel\/","og_site_name":"Mekulo NO","article_modified_time":"2026-03-02T10:22:06+00:00","og_image":[{"width":800,"height":800,"url":"https:\/\/mekulo.com\/no\/wp-content\/uploads\/sites\/10\/2026\/02\/anzg7v9-1.jpeg","type":"image\/jpeg"}],"twitter_card":"summary_large_image","twitter_misc":{"Ansl. lesetid":"2 minutter"},"schema":{"@context":"https:\/\/schema.org","@graph":[{"@type":"WebPage","@id":"https:\/\/mekulo.com\/no\/produkt\/profesjonell-hjornepensel\/","url":"https:\/\/mekulo.com\/no\/produkt\/profesjonell-hjornepensel\/","name":"Profesjonell hj\u00f8rnepensel - Mekulo NO","isPartOf":{"@id":"https:\/\/mekulo.com\/no\/#website"},"primaryImageOfPage":{"@id":"https:\/\/mekulo.com\/no\/produkt\/profesjonell-hjornepensel\/#primaryimage"},"image":{"@id":"https:\/\/mekulo.com\/no\/produkt\/profesjonell-hjornepensel\/#primaryimage"},"thumbnailUrl":"https:\/\/mekulo.com\/no\/wp-content\/uploads\/sites\/10\/2026\/02\/anzg7v9-1.jpeg","datePublished":"2026-02-09T15:04:54+00:00","dateModified":"2026-03-02T10:22:06+00:00","breadcrumb":{"@id":"https:\/\/mekulo.com\/no\/produkt\/profesjonell-hjornepensel\/#breadcrumb"},"inLanguage":"nb-NO","potentialAction":[{"@type":"ReadAction","target":["https:\/\/mekulo.com\/no\/produkt\/profesjonell-hjornepensel\/"]}]},{"@type":"ImageObject","inLanguage":"nb-NO","@id":"https:\/\/mekulo.com\/no\/produkt\/profesjonell-hjornepensel\/#primaryimage","url":"https:\/\/mekulo.com\/no\/wp-content\/uploads\/sites\/10\/2026\/02\/anzg7v9-1.jpeg","contentUrl":"https:\/\/mekulo.com\/no\/wp-content\/uploads\/sites\/10\/2026\/02\/anzg7v9-1.jpeg","width":800,"height":800},{"@type":"BreadcrumbList","@id":"https:\/\/mekulo.com\/no\/produkt\/profesjonell-hjornepensel\/#breadcrumb","itemListElement":[{"@type":"ListItem","position":1,"name":"Home","item":"https:\/\/mekulo.com\/no\/"},{"@type":"ListItem","position":2,"name":"Butikk","item":"https:\/\/mekulo.com\/no\/butikk\/"},{"@type":"ListItem","position":3,"name":"Profesjonell hj\u00f8rnepensel"}]},{"@type":"WebSite","@id":"https:\/\/mekulo.com\/no\/#website","url":"https:\/\/mekulo.com\/no\/","name":"Mekulo NO","description":"","publisher":{"@id":"https:\/\/mekulo.com\/no\/#organization"},"potentialAction":[{"@type":"SearchAction","target":{"@type":"EntryPoint","urlTemplate":"https:\/\/mekulo.com\/no\/?s={search_term_string}"},"query-input":{"@type":"PropertyValueSpecification","valueRequired":true,"valueName":"search_term_string"}}],"inLanguage":"nb-NO"},{"@type":"Organization","@id":"https:\/\/mekulo.com\/no\/#organization","name":"Mekulo","url":"https:\/\/mekulo.com\/no\/","logo":{"@type":"ImageObject","inLanguage":"nb-NO","@id":"https:\/\/mekulo.com\/no\/#\/schema\/logo\/image\/","url":"https:\/\/mekulo.com\/no\/wp-content\/uploads\/sites\/10\/2025\/12\/favicon_mekulo.png","contentUrl":"https:\/\/mekulo.com\/no\/wp-content\/uploads\/sites\/10\/2025\/12\/favicon_mekulo.png","width":50,"height":50,"caption":"Mekulo"},"image":{"@id":"https:\/\/mekulo.com\/no\/#\/schema\/logo\/image\/"}}]}},"_links":{"self":[{"href":"https:\/\/mekulo.com\/no\/wp-json\/wp\/v2\/product\/22294","targetHints":{"allow":["GET"]}}],"collection":[{"href":"https:\/\/mekulo.com\/no\/wp-json\/wp\/v2\/product"}],"about":[{"href":"https:\/\/mekulo.com\/no\/wp-json\/wp\/v2\/types\/product"}],"replies":[{"embeddable":true,"href":"https:\/\/mekulo.com\/no\/wp-json\/wp\/v2\/comments?post=22294"}],"wp:featuredmedia":[{"embeddable":true,"href":"https:\/\/mekulo.com\/no\/wp-json\/wp\/v2\/media\/22290"}],"wp:attachment":[{"href":"https:\/\/mekulo.com\/no\/wp-json\/wp\/v2\/media?parent=22294"}],"wp:term":[{"taxonomy":"product_brand","embeddable":true,"href":"https:\/\/mekulo.com\/no\/wp-json\/wp\/v2\/product_brand?post=22294"},{"taxonomy":"product_cat","embeddable":true,"href":"https:\/\/mekulo.com\/no\/wp-json\/wp\/v2\/product_cat?post=22294"},{"taxonomy":"product_tag","embeddable":true,"href":"https:\/\/mekulo.com\/no\/wp-json\/wp\/v2\/product_tag?post=22294"}],"curies":[{"name":"wp","href":"https:\/\/api.w.org\/{rel}","templated":true}]}}