{"id":22285,"date":"2026-02-09T17:03:34","date_gmt":"2026-02-09T15:03:34","guid":{"rendered":"https:\/\/mekulo.com\/no\/produkt\/universal-drillmate-klemmestativ\/"},"modified":"2026-03-02T12:36:49","modified_gmt":"2026-03-02T10:36:49","slug":"universal-drillmate-klemmestativ","status":"publish","type":"product","link":"https:\/\/mekulo.com\/no\/produkt\/universal-drillmate-klemmestativ\/","title":{"rendered":"Universal drillmate klemmestativ"},"content":{"rendered":"<p style=\"text-align: center;\" data-start=\"0\" data-end=\"71\"><strong data-start=\"0\" data-end=\"71\">F\u00e5 stabil, presis kontroll for boring og sliping i alle vinkler. \u2699\ufe0f<\/strong><\/p>\n<p data-start=\"0\" data-end=\"71\"><img decoding=\"async\" class=\"size-full wp-image-23858 aligncenter\" src=\"https:\/\/mekulo.com\/template\/wp-content\/uploads\/sites\/6\/2026\/02\/e0254298264ad894f17bb1ce5f086b66bc918e5f-800.avif\" alt=\"\" \/><\/p>\n<h2 style=\"text-align: center;\" data-start=\"454\" data-end=\"471\"><strong>Hovedfordelene \ud83d\udd04<\/strong><\/h2>\n<p data-start=\"474\" data-end=\"530\">\ud83d\udd04 360\u00b0 rotasjon &#8211; arbeid komfortabelt fra alle vinkler.<\/p>\n<p data-start=\"533\" data-end=\"596\">\ud83e\uddf2 Stabil bordmontering &#8211; reduserer vibrasjoner og glidning.<\/p>\n<p data-start=\"599\" data-end=\"667\">\ud83c\udfaf H\u00f8yere presisjon &#8211; bedre kontroll ved boring og sliping.<\/p>\n<p data-start=\"670\" data-end=\"749\">\ud83d\udee0\ufe0f Kompatibel med flere verkt\u00f8y &#8211; fungerer med boremaskiner, slipemaskiner og Dremel-verkt\u00f8y.<\/p>\n<p data-start=\"752\" data-end=\"813\">\u2696\ufe0f Lett, men sterk &#8211; enkel \u00e5 flytte, bygget for \u00e5 vare.<\/p>\n<p data-start=\"752\" data-end=\"813\"><img fetchpriority=\"high\" decoding=\"async\" class=\"size-full wp-image-23856 aligncenter\" src=\"https:\/\/mekulo.com\/template\/wp-content\/uploads\/sites\/6\/2026\/02\/igiikkokgkikifiqgmljkirqioknnirnqiqhBHyo-1.jpg\" alt=\"\" width=\"1080\" height=\"1080\" \/><\/p>\n<h2 style=\"text-align: center;\" data-start=\"815\" data-end=\"829\"><strong>Hvordan Bruke \ud83d\udccc<\/strong><\/h2>\n<ol data-start=\"830\" data-end=\"1104\">\n<li data-start=\"830\" data-end=\"898\">\n<p data-start=\"833\" data-end=\"898\">Fikser stativet sikkert til et arbeidsbord ved hjelp av skruestangen.<\/p>\n<\/li>\n<li data-start=\"899\" data-end=\"957\">\n<p data-start=\"902\" data-end=\"957\">Monter den elektriske boren eller slipemaskinen i holderen.<\/p>\n<\/li>\n<li data-start=\"958\" data-end=\"1009\">\n<p data-start=\"961\" data-end=\"1009\">Juster vinkelen ved hjelp av den 360\u00b0 roterende basen.<\/p>\n<\/li>\n<li data-start=\"1010\" data-end=\"1049\">\n<p data-start=\"1013\" data-end=\"1049\">L\u00e5s den i posisjon for stabilitet.<\/p>\n<\/li>\n<li data-start=\"1050\" data-end=\"1104\">\n<p data-start=\"1053\" data-end=\"1104\">Start verkt\u00f8yet og arbeid med forbedret presisjon.<\/p>\n<\/li>\n<\/ol>\n<h2 style=\"text-align: center;\" data-start=\"1106\" data-end=\"1125\"><strong>Produktdetaljer \ud83d\udccf<\/strong><\/h2>\n<ul data-start=\"1126\" data-end=\"1340\">\n<li data-start=\"1126\" data-end=\"1154\">\n<p data-start=\"1128\" data-end=\"1154\">Materiale: Aluminiumslegering<\/p>\n<\/li>\n<li data-start=\"1155\" data-end=\"1180\">\n<p data-start=\"1157\" data-end=\"1180\">Rotasjon: 360 grader<\/p>\n<\/li>\n<li data-start=\"1181\" data-end=\"1206\">\n<p data-start=\"1183\" data-end=\"1206\">Vekt: Ca. 500 g<\/p>\n<\/li>\n<li data-start=\"1207\" data-end=\"1266\">\n<p data-start=\"1209\" data-end=\"1266\">Bruk: Boring, sliping, polering, holding av sm\u00e5 deler<\/p>\n<\/li>\n<li data-start=\"1267\" data-end=\"1340\">\n<p data-start=\"1269\" data-end=\"1340\">Egnede for: Hjemmeverksteder, h\u00e5ndverk, smykker, elektronikk, metallarbeid<\/p>\n<\/li>\n<li data-start=\"1267\" data-end=\"1340\">St\u00f8rrelse: 295 x 111 x 63 mm<\/li>\n<\/ul>\n<h2 style=\"text-align: center;\" data-start=\"1342\" data-end=\"1362\"><strong>Pakken Inkluderer \ud83d\udce6<\/strong><\/h2>\n<ul data-start=\"1363\" data-end=\"1424\" data-is-last-node=\"\" data-is-only-node=\"\">\n<li data-start=\"1363\" data-end=\"1424\" data-is-last-node=\"\">\n<p data-start=\"1365\" data-end=\"1424\" data-is-last-node=\"\">1x universal drillmate klemmestativ.<\/p>\n<\/li>\n<\/ul>\n","protected":false},"excerpt":{"rendered":"<p>\ud83d\udee0\ufe0fThis Universal drillmate klemmestativ holder den elektriske drillen eller sliperen sikkert p\u00e5 plass, slik at du f\u00e5r bedre n\u00f8yaktighet og h\u00e5ndfri kontroll mens du arbeider.<br \/>\n\ud83e\udeb5Den kan roteres 360 grader og l\u00e5ses fast til bordet, noe som gj\u00f8r den ideell for detaljerte oppgaver p\u00e5 tre, metall og sm\u00e5 deler.<br \/>\n\ud83c\udfe0Perfekt for hjemmeverksteder og sm\u00e5 fabrikker, den forbedrer presisjonen samtidig som den holder arbeidet trygt og st\u00f8dig.<\/p>\n","protected":false},"featured_media":22281,"comment_status":"open","ping_status":"closed","template":"","meta":{"site-sidebar-layout":"default","site-content-layout":"","ast-site-content-layout":"default","site-content-style":"default","site-sidebar-style":"default","ast-global-header-display":"","ast-banner-title-visibility":"","ast-main-header-display":"","ast-hfb-above-header-display":"","ast-hfb-below-header-display":"","ast-hfb-mobile-header-display":"","site-post-title":"","ast-breadcrumbs-content":"","ast-featured-img":"","footer-sml-layout":"","theme-transparent-header-meta":"default","adv-header-id-meta":"","stick-header-meta":"","header-above-stick-meta":"","header-main-stick-meta":"","header-below-stick-meta":"","astra-migrate-meta-layouts":"set","ast-page-background-enabled":"default","ast-page-background-meta":{"desktop":{"background-color":"var(--ast-global-color-5)","background-image":"","background-repeat":"repeat","background-position":"center center","background-size":"auto","background-attachment":"scroll","background-type":"","background-media":"","overlay-type":"","overlay-color":"","overlay-opacity":"","overlay-gradient":""},"tablet":{"background-color":"","background-image":"","background-repeat":"repeat","background-position":"center center","background-size":"auto","background-attachment":"scroll","background-type":"","background-media":"","overlay-type":"","overlay-color":"","overlay-opacity":"","overlay-gradient":""},"mobile":{"background-color":"","background-image":"","background-repeat":"repeat","background-position":"center center","background-size":"auto","background-attachment":"scroll","background-type":"","background-media":"","overlay-type":"","overlay-color":"","overlay-opacity":"","overlay-gradient":""}},"ast-content-background-meta":{"desktop":{"background-color":"var(--ast-global-color-4)","background-image":"","background-repeat":"repeat","background-position":"center center","background-size":"auto","background-attachment":"scroll","background-type":"","background-media":"","overlay-type":"","overlay-color":"","overlay-opacity":"","overlay-gradient":""},"tablet":{"background-color":"var(--ast-global-color-4)","background-image":"","background-repeat":"repeat","background-position":"center center","background-size":"auto","background-attachment":"scroll","background-type":"","background-media":"","overlay-type":"","overlay-color":"","overlay-opacity":"","overlay-gradient":""},"mobile":{"background-color":"var(--ast-global-color-4)","background-image":"","background-repeat":"repeat","background-position":"center center","background-size":"auto","background-attachment":"scroll","background-type":"","background-media":"","overlay-type":"","overlay-color":"","overlay-opacity":"","overlay-gradient":""}}},"product_brand":[],"product_cat":[15],"product_tag":[],"class_list":{"0":"post-22285","1":"product","2":"type-product","3":"status-publish","4":"has-post-thumbnail","6":"product_cat-uncategorized","7":"desktop-align-left","8":"tablet-align-left","9":"mobile-align-left","11":"first","12":"instock","13":"shipping-taxable","14":"purchasable","15":"product-type-simple"},"yoast_head":"<!-- This site is optimized with the Yoast SEO plugin v26.6 - https:\/\/yoast.com\/wordpress\/plugins\/seo\/ -->\n<title>Universal drillmate klemmestativ - Mekulo NO<\/title>\n<meta name=\"robots\" content=\"index, follow, max-snippet:-1, max-image-preview:large, max-video-preview:-1\" \/>\n<link rel=\"canonical\" href=\"https:\/\/mekulo.com\/no\/produkt\/universal-drillmate-klemmestativ\/\" \/>\n<meta property=\"og:locale\" content=\"nb_NO\" \/>\n<meta property=\"og:type\" content=\"article\" \/>\n<meta property=\"og:title\" content=\"Universal drillmate klemmestativ - Mekulo NO\" \/>\n<meta property=\"og:description\" content=\"\ud83d\udee0\ufe0fThis Universal drillmate klemmestativ holder den elektriske drillen eller sliperen sikkert p\u00e5 plass, slik at du f\u00e5r bedre n\u00f8yaktighet og h\u00e5ndfri kontroll mens du arbeider. \ud83e\udeb5Den kan roteres 360 grader og l\u00e5ses fast til bordet, noe som gj\u00f8r den ideell for detaljerte oppgaver p\u00e5 tre, metall og sm\u00e5 deler. \ud83c\udfe0Perfekt for hjemmeverksteder og sm\u00e5 fabrikker, den forbedrer presisjonen samtidig som den holder arbeidet trygt og st\u00f8dig.\" \/>\n<meta property=\"og:url\" content=\"https:\/\/mekulo.com\/no\/produkt\/universal-drillmate-klemmestativ\/\" \/>\n<meta property=\"og:site_name\" content=\"Mekulo NO\" \/>\n<meta property=\"article:modified_time\" content=\"2026-03-02T10:36:49+00:00\" \/>\n<meta property=\"og:image\" content=\"https:\/\/mekulo.com\/no\/wp-content\/uploads\/sites\/10\/2026\/02\/6xvfx1x-1.jpg\" \/>\n\t<meta property=\"og:image:width\" content=\"960\" \/>\n\t<meta property=\"og:image:height\" content=\"960\" \/>\n\t<meta property=\"og:image:type\" content=\"image\/jpeg\" \/>\n<meta name=\"twitter:card\" content=\"summary_large_image\" \/>\n<meta name=\"twitter:label1\" content=\"Ansl. lesetid\" \/>\n\t<meta name=\"twitter:data1\" content=\"2 minutter\" \/>\n<script type=\"application\/ld+json\" class=\"yoast-schema-graph\">{\"@context\":\"https:\/\/schema.org\",\"@graph\":[{\"@type\":\"WebPage\",\"@id\":\"https:\/\/mekulo.com\/no\/produkt\/universal-drillmate-klemmestativ\/\",\"url\":\"https:\/\/mekulo.com\/no\/produkt\/universal-drillmate-klemmestativ\/\",\"name\":\"Universal drillmate klemmestativ - Mekulo NO\",\"isPartOf\":{\"@id\":\"https:\/\/mekulo.com\/no\/#website\"},\"primaryImageOfPage\":{\"@id\":\"https:\/\/mekulo.com\/no\/produkt\/universal-drillmate-klemmestativ\/#primaryimage\"},\"image\":{\"@id\":\"https:\/\/mekulo.com\/no\/produkt\/universal-drillmate-klemmestativ\/#primaryimage\"},\"thumbnailUrl\":\"https:\/\/mekulo.com\/no\/wp-content\/uploads\/sites\/10\/2026\/02\/6xvfx1x-1.jpg\",\"datePublished\":\"2026-02-09T15:03:34+00:00\",\"dateModified\":\"2026-03-02T10:36:49+00:00\",\"breadcrumb\":{\"@id\":\"https:\/\/mekulo.com\/no\/produkt\/universal-drillmate-klemmestativ\/#breadcrumb\"},\"inLanguage\":\"nb-NO\",\"potentialAction\":[{\"@type\":\"ReadAction\",\"target\":[\"https:\/\/mekulo.com\/no\/produkt\/universal-drillmate-klemmestativ\/\"]}]},{\"@type\":\"ImageObject\",\"inLanguage\":\"nb-NO\",\"@id\":\"https:\/\/mekulo.com\/no\/produkt\/universal-drillmate-klemmestativ\/#primaryimage\",\"url\":\"https:\/\/mekulo.com\/no\/wp-content\/uploads\/sites\/10\/2026\/02\/6xvfx1x-1.jpg\",\"contentUrl\":\"https:\/\/mekulo.com\/no\/wp-content\/uploads\/sites\/10\/2026\/02\/6xvfx1x-1.jpg\",\"width\":960,\"height\":960},{\"@type\":\"BreadcrumbList\",\"@id\":\"https:\/\/mekulo.com\/no\/produkt\/universal-drillmate-klemmestativ\/#breadcrumb\",\"itemListElement\":[{\"@type\":\"ListItem\",\"position\":1,\"name\":\"Home\",\"item\":\"https:\/\/mekulo.com\/no\/\"},{\"@type\":\"ListItem\",\"position\":2,\"name\":\"Butikk\",\"item\":\"https:\/\/mekulo.com\/no\/butikk\/\"},{\"@type\":\"ListItem\",\"position\":3,\"name\":\"Universal drillmate klemmestativ\"}]},{\"@type\":\"WebSite\",\"@id\":\"https:\/\/mekulo.com\/no\/#website\",\"url\":\"https:\/\/mekulo.com\/no\/\",\"name\":\"Mekulo NO\",\"description\":\"\",\"publisher\":{\"@id\":\"https:\/\/mekulo.com\/no\/#organization\"},\"potentialAction\":[{\"@type\":\"SearchAction\",\"target\":{\"@type\":\"EntryPoint\",\"urlTemplate\":\"https:\/\/mekulo.com\/no\/?s={search_term_string}\"},\"query-input\":{\"@type\":\"PropertyValueSpecification\",\"valueRequired\":true,\"valueName\":\"search_term_string\"}}],\"inLanguage\":\"nb-NO\"},{\"@type\":\"Organization\",\"@id\":\"https:\/\/mekulo.com\/no\/#organization\",\"name\":\"Mekulo\",\"url\":\"https:\/\/mekulo.com\/no\/\",\"logo\":{\"@type\":\"ImageObject\",\"inLanguage\":\"nb-NO\",\"@id\":\"https:\/\/mekulo.com\/no\/#\/schema\/logo\/image\/\",\"url\":\"https:\/\/mekulo.com\/no\/wp-content\/uploads\/sites\/10\/2025\/12\/favicon_mekulo.png\",\"contentUrl\":\"https:\/\/mekulo.com\/no\/wp-content\/uploads\/sites\/10\/2025\/12\/favicon_mekulo.png\",\"width\":50,\"height\":50,\"caption\":\"Mekulo\"},\"image\":{\"@id\":\"https:\/\/mekulo.com\/no\/#\/schema\/logo\/image\/\"}}]}<\/script>\n<!-- \/ Yoast SEO plugin. -->","yoast_head_json":{"title":"Universal drillmate klemmestativ - Mekulo NO","robots":{"index":"index","follow":"follow","max-snippet":"max-snippet:-1","max-image-preview":"max-image-preview:large","max-video-preview":"max-video-preview:-1"},"canonical":"https:\/\/mekulo.com\/no\/produkt\/universal-drillmate-klemmestativ\/","og_locale":"nb_NO","og_type":"article","og_title":"Universal drillmate klemmestativ - Mekulo NO","og_description":"\ud83d\udee0\ufe0fThis Universal drillmate klemmestativ holder den elektriske drillen eller sliperen sikkert p\u00e5 plass, slik at du f\u00e5r bedre n\u00f8yaktighet og h\u00e5ndfri kontroll mens du arbeider. \ud83e\udeb5Den kan roteres 360 grader og l\u00e5ses fast til bordet, noe som gj\u00f8r den ideell for detaljerte oppgaver p\u00e5 tre, metall og sm\u00e5 deler. \ud83c\udfe0Perfekt for hjemmeverksteder og sm\u00e5 fabrikker, den forbedrer presisjonen samtidig som den holder arbeidet trygt og st\u00f8dig.","og_url":"https:\/\/mekulo.com\/no\/produkt\/universal-drillmate-klemmestativ\/","og_site_name":"Mekulo NO","article_modified_time":"2026-03-02T10:36:49+00:00","og_image":[{"width":960,"height":960,"url":"https:\/\/mekulo.com\/no\/wp-content\/uploads\/sites\/10\/2026\/02\/6xvfx1x-1.jpg","type":"image\/jpeg"}],"twitter_card":"summary_large_image","twitter_misc":{"Ansl. lesetid":"2 minutter"},"schema":{"@context":"https:\/\/schema.org","@graph":[{"@type":"WebPage","@id":"https:\/\/mekulo.com\/no\/produkt\/universal-drillmate-klemmestativ\/","url":"https:\/\/mekulo.com\/no\/produkt\/universal-drillmate-klemmestativ\/","name":"Universal drillmate klemmestativ - Mekulo NO","isPartOf":{"@id":"https:\/\/mekulo.com\/no\/#website"},"primaryImageOfPage":{"@id":"https:\/\/mekulo.com\/no\/produkt\/universal-drillmate-klemmestativ\/#primaryimage"},"image":{"@id":"https:\/\/mekulo.com\/no\/produkt\/universal-drillmate-klemmestativ\/#primaryimage"},"thumbnailUrl":"https:\/\/mekulo.com\/no\/wp-content\/uploads\/sites\/10\/2026\/02\/6xvfx1x-1.jpg","datePublished":"2026-02-09T15:03:34+00:00","dateModified":"2026-03-02T10:36:49+00:00","breadcrumb":{"@id":"https:\/\/mekulo.com\/no\/produkt\/universal-drillmate-klemmestativ\/#breadcrumb"},"inLanguage":"nb-NO","potentialAction":[{"@type":"ReadAction","target":["https:\/\/mekulo.com\/no\/produkt\/universal-drillmate-klemmestativ\/"]}]},{"@type":"ImageObject","inLanguage":"nb-NO","@id":"https:\/\/mekulo.com\/no\/produkt\/universal-drillmate-klemmestativ\/#primaryimage","url":"https:\/\/mekulo.com\/no\/wp-content\/uploads\/sites\/10\/2026\/02\/6xvfx1x-1.jpg","contentUrl":"https:\/\/mekulo.com\/no\/wp-content\/uploads\/sites\/10\/2026\/02\/6xvfx1x-1.jpg","width":960,"height":960},{"@type":"BreadcrumbList","@id":"https:\/\/mekulo.com\/no\/produkt\/universal-drillmate-klemmestativ\/#breadcrumb","itemListElement":[{"@type":"ListItem","position":1,"name":"Home","item":"https:\/\/mekulo.com\/no\/"},{"@type":"ListItem","position":2,"name":"Butikk","item":"https:\/\/mekulo.com\/no\/butikk\/"},{"@type":"ListItem","position":3,"name":"Universal drillmate klemmestativ"}]},{"@type":"WebSite","@id":"https:\/\/mekulo.com\/no\/#website","url":"https:\/\/mekulo.com\/no\/","name":"Mekulo NO","description":"","publisher":{"@id":"https:\/\/mekulo.com\/no\/#organization"},"potentialAction":[{"@type":"SearchAction","target":{"@type":"EntryPoint","urlTemplate":"https:\/\/mekulo.com\/no\/?s={search_term_string}"},"query-input":{"@type":"PropertyValueSpecification","valueRequired":true,"valueName":"search_term_string"}}],"inLanguage":"nb-NO"},{"@type":"Organization","@id":"https:\/\/mekulo.com\/no\/#organization","name":"Mekulo","url":"https:\/\/mekulo.com\/no\/","logo":{"@type":"ImageObject","inLanguage":"nb-NO","@id":"https:\/\/mekulo.com\/no\/#\/schema\/logo\/image\/","url":"https:\/\/mekulo.com\/no\/wp-content\/uploads\/sites\/10\/2025\/12\/favicon_mekulo.png","contentUrl":"https:\/\/mekulo.com\/no\/wp-content\/uploads\/sites\/10\/2025\/12\/favicon_mekulo.png","width":50,"height":50,"caption":"Mekulo"},"image":{"@id":"https:\/\/mekulo.com\/no\/#\/schema\/logo\/image\/"}}]}},"_links":{"self":[{"href":"https:\/\/mekulo.com\/no\/wp-json\/wp\/v2\/product\/22285","targetHints":{"allow":["GET"]}}],"collection":[{"href":"https:\/\/mekulo.com\/no\/wp-json\/wp\/v2\/product"}],"about":[{"href":"https:\/\/mekulo.com\/no\/wp-json\/wp\/v2\/types\/product"}],"replies":[{"embeddable":true,"href":"https:\/\/mekulo.com\/no\/wp-json\/wp\/v2\/comments?post=22285"}],"wp:featuredmedia":[{"embeddable":true,"href":"https:\/\/mekulo.com\/no\/wp-json\/wp\/v2\/media\/22281"}],"wp:attachment":[{"href":"https:\/\/mekulo.com\/no\/wp-json\/wp\/v2\/media?parent=22285"}],"wp:term":[{"taxonomy":"product_brand","embeddable":true,"href":"https:\/\/mekulo.com\/no\/wp-json\/wp\/v2\/product_brand?post=22285"},{"taxonomy":"product_cat","embeddable":true,"href":"https:\/\/mekulo.com\/no\/wp-json\/wp\/v2\/product_cat?post=22285"},{"taxonomy":"product_tag","embeddable":true,"href":"https:\/\/mekulo.com\/no\/wp-json\/wp\/v2\/product_tag?post=22285"}],"curies":[{"name":"wp","href":"https:\/\/api.w.org\/{rel}","templated":true}]}}